{"id":7423,"date":"2025-03-26T04:00:13","date_gmt":"2025-03-26T04:00:13","guid":{"rendered":"https:\/\/fmp-components.com\/?post_type=product&#038;p=7423"},"modified":"2025-03-26T08:37:09","modified_gmt":"2025-03-26T08:37:09","slug":"double-spur-gear","status":"publish","type":"product","link":"https:\/\/fmp-components.com\/hu\/product\/double-spur-gear\/","title":{"rendered":"Dupla spur fogasker\u00e9k"},"content":{"rendered":"<h2>Dupla homlokkerekes fogaskerekek: Az FMP Company \u00e1ltal Olaszorsz\u00e1g \u00e9s azon t\u00fal is tervezett kiv\u00e1l\u00f3s\u00e1g<\/h2>\n<p class=\"break-words\">Mint a vezet\u0151 olaszorsz\u00e1gi sz\u00e9khely\u0171 dupla homlokfogaskerekek gy\u00e1rt\u00f3ja, az FMP Company b\u00fcszke arra, hogy kiv\u00e1l\u00f3 min\u0151s\u00e9g\u0171 fogasker\u00e9k-megold\u00e1sokat sz\u00e1ll\u00edt az ipar\u00e1gak sz\u00e1m\u00e1ra vil\u00e1gszerte, bele\u00e9rtve az olyan kulcsfontoss\u00e1g\u00fa olasz piacokat is, mint Mil\u00e1n\u00f3, Velence, Firenze \u00e9s Bologna. A dupla homlokfogaskerekek sz\u00e9les v\u00e1laszt\u00e9k\u00e1ra specializ\u00e1l\u00f3dtunk \u2013 bele\u00e9rtve a m\u0171anyag dupla fogaskerekeket is. <a href=\"https:\/\/fmp-components.com\/hu\/spur-gear-2\/\">Homlokfogaskerekek<\/a>\u2013 A prec\u00edzi\u00f3s m\u00e9rn\u00f6ki munk\u00e1t testreszab\u00e1si lehet\u0151s\u00e9gekkel \u00f6tv\u00f6zz\u00fck, hogy megfelelj\u00fcnk az \u00d6n egyedi ig\u00e9nyeinek.<\/p>\n<p><img loading=\"lazy\" decoding=\"async\" class=\"size-full wp-image-7434 aligncenter\" src=\"https:\/\/fmp-components.com\/wp-content\/uploads\/2025\/03\/double-spur-gear.webp\" alt=\"kett\u0151s homlokkerekes fogasker\u00e9k\" width=\"1024\" height=\"862\" title=\"\" srcset=\"https:\/\/fmp-components.com\/wp-content\/uploads\/2025\/03\/double-spur-gear.webp 1024w, https:\/\/fmp-components.com\/wp-content\/uploads\/2025\/03\/double-spur-gear-980x825.webp 980w, https:\/\/fmp-components.com\/wp-content\/uploads\/2025\/03\/double-spur-gear-480x404.webp 480w\" sizes=\"(min-width: 0px) and (max-width: 480px) 480px, (min-width: 481px) and (max-width: 980px) 980px, (min-width: 981px) 1024px, 100vw\" \/><\/p>\n<h2>Mik azok a dupla homlokkerekes fogaskerekek?<\/h2>\n<p class=\"break-words\">A dupla homlokfogaskerekek, amelyeket gyakran egyenes fogaz\u00e1s\u00fa fogaskerekeknek is neveznek, a legegyszer\u0171bb \u00e9s legsz\u00e9lesebb k\u00f6rben elismert fogasker\u00e9kt\u00edpusok. K\u00e9t p\u00e1rhuzamos tengely k\u00f6z\u00f6tti mozg\u00e1s \u00e9s er\u0151\u00e1tvitelre tervezt\u00e9k \u0151ket, egyenes fogakkal rendelkeznek, amelyek z\u00f6kken\u0151mentesen kapcsol\u00f3dnak egym\u00e1shoz. Amikor k\u00e9t dupla homlokfogasker\u00e9k \u00f6sszekapcsol\u00f3dik, a t\u00f6bb fog\u00fa fogaskereket \u201efogasker\u00e9knek\u201d, m\u00edg a kevesebb fog\u00faat \u201efogasker\u00e9knek\u201d nevezik.<\/p>\n<p class=\"break-words\">B\u00e1r egyszer\u0171 kialak\u00edt\u00e1suk megk\u00f6nny\u00edti a vizualiz\u00e1ci\u00f3t \u00e9s a megval\u00f3s\u00edt\u00e1st, a kett\u0151s homlokfogaskerekeknek van egy jelent\u0151s h\u00e1tr\u00e1nyuk: a fogak \u00fctk\u00f6z\u00e9se miatt zajt kelthetnek a kapcsol\u00f3d\u00e1sok sor\u00e1n. Ennek ellen\u00e9re hat\u00e9konys\u00e1guk \u00e9s sokoldal\u00fas\u00e1guk miatt alapvet\u0151 fontoss\u00e1g\u00faak a mechanikus rendszerekben sz\u00e1mos ipar\u00e1gban.<\/p>\n<p class=\"break-words\">Az FMP Company-n\u00e1l a nemzetk\u00f6zi szabv\u00e1nyoknak megfelel\u0151en gy\u00e1rtunk kett\u0151s homlokfogaskerekeket, ahol a \u201emodul\u201d a k\u00f6z\u00f6s m\u00e9retegys\u00e9g (az ISO ir\u00e1nyelvek szerint), a tipikus nyom\u00e1ssz\u00f6g pedig 20 fok. Fogaskerekeink gyakran evolvens fogprofillal rendelkeznek, amelyet sz\u00e9les k\u00f6rben haszn\u00e1lnak a kereskedelmi g\u00e9pekben az optim\u00e1lis teljes\u00edtm\u00e9ny \u00e9rdek\u00e9ben.<\/p>\n<div>\n<h3>A dupla homlokkerekes fogaskerekek f\u0151bb funkci\u00f3i<\/h3>\n<p class=\"break-words\">A kett\u0151s homlokkerekes fogaskerekek szerves r\u00e9sz\u00e9t k\u00e9pezik a mechanikus rendszereknek, \u00e9s sz\u00e1mos kritikus funkci\u00f3t l\u00e1tnak el:<\/p>\n<ul class=\"marker:text-secondary\">\n<li class=\"break-words\"><strong>Sebess\u00e9g\u00e1ll\u00edt\u00e1s:<\/strong> Lehet\u0151v\u00e9 teszik a sebess\u00e9g cs\u00f6kkent\u00e9s\u00e9t \u00e9s a nyomat\u00e9k n\u00f6vel\u00e9s\u00e9t, vagy ford\u00edtva, a sebess\u00e9g n\u00f6vel\u00e9s\u00e9t bizonyos alkalmaz\u00e1sokhoz.<\/li>\n<li class=\"break-words\"><strong>Er\u0151er\u0151s\u00edt\u00e9s:<\/strong> Egy kis, gyorsan forg\u00f3 motor a sebess\u00e9gv\u00e1lt\u00f3val p\u00e1ros\u00edtva jelent\u0151s nyomat\u00e9kot tud leadni, \u00edgy a dupla homlokkerekes fogaskerekek ide\u00e1lisak motoros berendez\u00e9sekhez.<\/li>\n<li class=\"break-words\"><strong>Ir\u00e1nyv\u00e1lt\u00e1s:<\/strong> Amikor k\u00e9t fogasker\u00e9k \u00f6sszekapcsol\u00f3dik, a m\u00e1sodik az ellenkez\u0151 ir\u00e1nyba forog. Speci\u00e1lis kialak\u00edt\u00e1sok, mint p\u00e9ld\u00e1ul a differenci\u00e1lm\u0171vekben l\u00e9v\u0151 k\u00fapkerekek, sz\u00f6geken (pl. 90 fok) kereszt\u00fcl is \u00e1tir\u00e1ny\u00edthatj\u00e1k a teljes\u00edtm\u00e9nyt.<\/li>\n<\/ul>\n<p class=\"break-words\">Ezek a k\u00e9pess\u00e9gek teszik a dupla homlokkerekes fogaskerekeket n\u00e9lk\u00fcl\u00f6zhetetlenn\u00e9 sz\u00e1mos alkalmaz\u00e1sban, az ipari g\u00e9pekt\u0151l a fogyaszt\u00f3i eszk\u00f6z\u00f6kig.<\/p>\n<div>\n<h3>A dupla homlokfogaskerekek sokoldal\u00fa alkalmaz\u00e1sai<\/h3>\n<p class=\"break-words\">Az FMP dupla homlokkerekes fogaskerekei sz\u00e1mos ipar\u00e1gban megtal\u00e1lhat\u00f3k, bele\u00e9rtve a k\u00f6vetkez\u0151ket:<\/p>\n<ul class=\"marker:text-secondary\">\n<li class=\"break-words\">Mez\u0151gazdas\u00e1gi g\u00e9pek<\/li>\n<li class=\"break-words\">M\u00e9rn\u00f6ki \u00e9s \u00e9p\u00edt\u0151ipari berendez\u00e9sek<\/li>\n<li class=\"break-words\">Gy\u00e1rautomatiz\u00e1l\u00e1s \u00e9s ipari robotok<\/li>\n<li class=\"break-words\">Csomagol\u00f3 \u00e9s \u00e9lelmiszer-feldolgoz\u00f3 g\u00e9pek<\/li>\n<li class=\"break-words\">Aut\u00f3gy\u00e1rt\u00e1s \u00e9s szersz\u00e1mg\u00e9pipar<\/li>\n<li class=\"break-words\">Anyagmozgat\u00f3 \u00e9s nyomdag\u00e9pek<\/li>\n<li class=\"break-words\">Orvosi, kozmetikai \u00e9s fa-\/\u00fcvegfeldolgoz\u00f3 berendez\u00e9sek<\/li>\n<li class=\"break-words\">K\u0151olaj-, cukor-, h\u0151energia-termel\u00e9s \u00e9s egyebek<\/li>\n<\/ul>\n<p class=\"break-words\">Firenze k\u00e9zm\u0171ves m\u0171helyeit\u0151l Mil\u00e1n\u00f3 ipari k\u00f6zpontjaiig felszerel\u00e9seink k\u00f6vetkezetes, nagy teljes\u00edtm\u00e9ny\u0171 eredm\u00e9nyeket biztos\u00edtanak.<\/p>\n<h3>Term\u00e9kspecifik\u00e1ci\u00f3k<\/h3>\n<p class=\"break-words\">Dupla homlokkerekes fogaskerekeink k\u00fcl\u00f6nf\u00e9le anyagokban \u00e9s konfigur\u00e1ci\u00f3kban kaphat\u00f3k:<\/p>\n<ul class=\"marker:text-secondary\">\n<li class=\"break-words\"><strong>Anyagok:<\/strong> C45 (1045), A3 (alacsony sz\u00e9ntartalm\u00fa ac\u00e9l), 40Cr, 20CrMnTi, 42CrMo, \u00f6nt\u00f6ttvas, g\u00f6mbgrafitos \u00f6nt\u00f6ttvas, r\u00e9z, rozsdamentes ac\u00e9l \u00e9s m\u0171anyagok.<\/li>\n<li class=\"break-words\"><strong>H\u0151kezel\u00e9s:<\/strong> Nagyfrekvenci\u00e1s edz\u00e9s, karboniz\u00e1l\u00e1s, s\u00f6r\u00e9tez\u00e9s, edz\u00e9s \u00e9s megereszt\u00e9s, nitrid\u00e1l\u00e1s.<\/li>\n<li class=\"break-words\"><strong>Fel\u00fcletkezel\u00e9s:<\/strong> Feketet\u00e9s, horganyz\u00e1s, kr\u00f3moz\u00e1s, cinkbevonat, homokf\u00fav\u00e1s, porfest\u00e9s \u00e9s egyebek.<\/li>\n<li class=\"break-words\"><strong>Teljes\u00edtm\u00e9ny:<\/strong> Nagy pontoss\u00e1g, kop\u00e1s\u00e1ll\u00f3s\u00e1g, szil\u00e1rds\u00e1g, alacsony zajszint \u00e9s sima m\u0171k\u00f6d\u00e9s.<\/li>\n<li class=\"break-words\"><strong>Szabv\u00e1nyok:<\/strong> ANSI, DIN, JIS \u00e9s nem szabv\u00e1nyos opci\u00f3k.<\/li>\n<\/ul>\n<\/div>\n<div>\n<h2>Az FMP v\u00e1llalat gy\u00e1rt\u00e1si szak\u00e9rtelme<\/h2>\n<p class=\"break-words\">Az FMP Company-n\u00e1l a legmodernebb technik\u00e1kat alkalmazzuk, hogy az \u00d6n ig\u00e9nyeire szabott dupla homlokfogaskerekeket gy\u00e1rtsunk. Els\u0151dleges m\u00f3dszer\u00fcnk a fogasker\u00e9k-megmunk\u00e1l\u00e1s, olyan fejlett szersz\u00e1mok haszn\u00e1lat\u00e1val, mint a fogasker\u00e9k-mar\u00f3 g\u00e9pek \u00e9s a CNC megmunk\u00e1l\u00f3 g\u00e9pek. Azokn\u00e1l az alkalmaz\u00e1sokn\u00e1l, ahol a rendk\u00edv\u00fcli pontoss\u00e1g vagy kem\u00e9nys\u00e9g nem kritikus fontoss\u00e1g\u00fa, folyamatunk a k\u00f6vetkez\u0151ket foglalja mag\u00e1ban:<\/p>\n<ol class=\"marker:text-secondary\">\n<li class=\"break-words\">Kerek r\u00fadanyag v\u00e1g\u00e1sa<\/li>\n<li class=\"break-words\">Esztergag\u00e9pek eszterg\u00e1l\u00e1sa<\/li>\n<li class=\"break-words\">Fogaz\u00e1s lefejt\u0151 mar\u00e1ssal<\/li>\n<li class=\"break-words\">Sorj\u00e1tlan\u00edt\u00e1s a sima fel\u00fclet \u00e9rdek\u00e9ben<\/li>\n<li class=\"break-words\">Sz\u00fcks\u00e9g szerint be\u00e1ll\u00edt\u00f3csavar-furatok vagy kulcshornyok hozz\u00e1ad\u00e1sa<\/li>\n<\/ol>\n<p class=\"break-words\">Megmunk\u00e1l\u00e1si k\u00e9pess\u00e9geink a forg\u00e1csol\u00e1son t\u00fal kiterjednek CNC megmunk\u00e1l\u00e1sra, bord\u00e1s megmunk\u00e1l\u00e1sra, menethengerl\u00e9sre, k\u00f6z\u00e9ppont n\u00e9lk\u00fcli k\u00f6sz\u00f6r\u00fcl\u00e9sre, furatkieszterg\u00e1l\u00e1sra, mar\u00e1sra, eszterg\u00e1l\u00e1sra, \u00fcregel\u0151fejt\u00e9sre, menetf\u00far\u00e1sra \u00e9s huzalszikraforg\u00e1csol\u00e1sra is.<\/p>\n<p class=\"break-words\">A tart\u00f3ss\u00e1g n\u00f6vel\u00e9se \u00e9rdek\u00e9ben kett\u0151s homlokkerekeink integr\u00e1lt edz\u00e9sen \u00e9s megereszt\u00e9sen esnek \u00e1t, ami nagy szil\u00e1rds\u00e1got \u00e9s deform\u00e1ci\u00f3\u00e1ll\u00f3s\u00e1got biztos\u00edt neh\u00e9z terhel\u00e9sek alatt. Ezenk\u00edv\u00fcl a nagyfrekvenci\u00e1s edz\u00e9s n\u00f6veli a fogak kem\u00e9nys\u00e9g\u00e9t \u00e9s kop\u00e1s\u00e1ll\u00f3s\u00e1g\u00e1t, \u00edgy hossz\u00fa t\u00e1v\u00fa teljes\u00edtm\u00e9nyt ny\u00fajt.<\/p>\n<div>\n<h2>Testreszab\u00e1s: Az \u00d6n ig\u00e9nyeire szabott dupla homlokkerekes fogaskerekek<\/h2>\n<p class=\"break-words\">Az FMP v\u00e1llalat kiemelked\u0151 a tervez\u00e9sben \u00e9s a gy\u00e1rt\u00e1sban <strong>egyedi dupla homlokkerekek<\/strong>, bele\u00e9rtve <strong>m\u0171anyag dupla spur fogaskerekek<\/strong>, az \u00d6n specifik\u00e1ci\u00f3inak megfelel\u0151en. Ak\u00e1r egy adott modulra, nyom\u00e1ssz\u00f6gre, fogsz\u00e1mra vagy anyagra van sz\u00fcks\u00e9ge, m\u00e9rn\u00f6keink felk\u00e9sz\u00fcltek a sz\u00e1ll\u00edt\u00e1sra.<\/p>\n<p class=\"break-words\">Ha nem tal\u00e1lja a pontosan megfelel\u0151 modellt a term\u00e9klist\u00e1nkban, ne agg\u00f3djon \u2013 katal\u00f3gusunk folyamatosan b\u0151v\u00fcl, \u00e9s el\u0151fordulhat, hogy egyes term\u00e9kek m\u00e9g nem szerepelnek a list\u00e1n. Egyszer\u0171en \u00edrjon nek\u00fcnk e-mailt a k\u00f6vetkez\u0151 c\u00edmre: <a href=\"mailto:info@fmpcomponents.it\">info@fmpcomponents.it<\/a>\u00a0az \u00d6n ig\u00e9nyeivel, \u00e9s csapatunk hat\u00e1rid\u0151re v\u00e1laszol <strong>24 \u00f3ra<\/strong> szem\u00e9lyre szabott megold\u00e1ssal. Mil\u00e1n\u00f3t\u00f3l Bologn\u00e1ig elk\u00f6telezettek vagyunk az olasz v\u00e1llalkoz\u00e1sok ig\u00e9nyeinek prec\u00edz \u00e9s gyors kiel\u00e9g\u00edt\u00e9se ir\u00e1nt.<\/p>\n<div>\n<h2>Nagy teherb\u00edr\u00e1s\u00fa, dupla homlokfogaskerekek neh\u00e9z alkalmaz\u00e1sokhoz<\/h2>\n<p class=\"break-words\">Az FMP Company robusztus megold\u00e1sokat ig\u00e9nyl\u0151 ipar\u00e1gak sz\u00e1m\u00e1ra nagy teherb\u00edr\u00e1s\u00fa, dupla homlokkerekes fogaskerekeket gy\u00e1rt, amelyeket a neh\u00e9z k\u00f6r\u00fclm\u00e9nyek elvisel\u00e9s\u00e9re terveztek. Ezeket a fogaskerekeket g\u00e9pi forg\u00e1csol\u00e1ssal, l\u00e1ngv\u00e1g\u00e1ssal vagy l\u00e9zerv\u00e1g\u00e1ssal (v\u00e9konyabb anyagokhoz) k\u00e9sz\u00edtik, egyens\u00falyt teremtve a k\u00f6lts\u00e9ghat\u00e9konys\u00e1g \u00e9s a precizit\u00e1s k\u00f6z\u00f6tt. Gyakori alkalmaz\u00e1sok:<\/p>\n<ul class=\"marker:text-secondary\">\n<li class=\"break-words\">B\u00e1ny\u00e1szat \u00e9s k\u0151fejt\u00e9s<\/li>\n<li class=\"break-words\">\u00c9p\u00edt\u00e9s<\/li>\n<li class=\"break-words\">Tengeri \u00e9s tengeri m\u0171veletek<\/li>\n<li class=\"break-words\">Hullad\u00e9k- \u00e9s \u00fajrahasznos\u00edt\u00f3 rendszerek<\/li>\n<li class=\"break-words\">V\u00edztiszt\u00edt\u00f3 l\u00e9tes\u00edtm\u00e9nyek<\/li>\n<\/ul>\n<p class=\"break-words\">Nagy teherb\u00edr\u00e1s\u00fa fogaskerekeink probl\u00e9mamentes telep\u00edt\u00e9st \u00e9s kiv\u00e9teles hossz\u00fa \u00e9lettartamot biztos\u00edtanak, \u00edgy megb\u00edzhat\u00f3 v\u00e1laszt\u00e1st jelentenek az olaszorsz\u00e1gi v\u00e1llalkoz\u00e1sok sz\u00e1m\u00e1ra.<\/p>\n<\/div>\n<\/div>\n<\/div>\n<\/div>","protected":false},"excerpt":{"rendered":"<p>Double Spur Gears: Engineered Excellence by FMP Company for Italy and Beyond As a leading Double Spur Gear manufacturer based in Italy, FMP Company is proud to deliver high-quality gear solutions to industries worldwide, including key Italian markets such as Milan, Venice, Florence, and Bologna. Specializing in a wide range of Double Spur Gears\u2014including plastic [&hellip;]<\/p>","protected":false},"featured_media":7433,"comment_status":"open","ping_status":"closed","template":"","meta":{"_et_pb_use_builder":"","_et_pb_old_content":"","_et_gb_content_width":""},"product_brand":[],"product_cat":[109],"product_tag":[],"class_list":{"0":"post-7423","1":"product","2":"type-product","3":"status-publish","4":"has-post-thumbnail","6":"product_cat-spur-gear","8":"first","9":"instock","10":"shipping-taxable","11":"product-type-simple"},"_links":{"self":[{"href":"https:\/\/fmp-components.com\/hu\/wp-json\/wp\/v2\/product\/7423","targetHints":{"allow":["GET"]}}],"collection":[{"href":"https:\/\/fmp-components.com\/hu\/wp-json\/wp\/v2\/product"}],"about":[{"href":"https:\/\/fmp-components.com\/hu\/wp-json\/wp\/v2\/types\/product"}],"replies":[{"embeddable":true,"href":"https:\/\/fmp-components.com\/hu\/wp-json\/wp\/v2\/comments?post=7423"}],"wp:featuredmedia":[{"embeddable":true,"href":"https:\/\/fmp-components.com\/hu\/wp-json\/wp\/v2\/media\/7433"}],"wp:attachment":[{"href":"https:\/\/fmp-components.com\/hu\/wp-json\/wp\/v2\/media?parent=7423"}],"wp:term":[{"taxonomy":"product_brand","embeddable":true,"href":"https:\/\/fmp-components.com\/hu\/wp-json\/wp\/v2\/product_brand?post=7423"},{"taxonomy":"product_cat","embeddable":true,"href":"https:\/\/fmp-components.com\/hu\/wp-json\/wp\/v2\/product_cat?post=7423"},{"taxonomy":"product_tag","embeddable":true,"href":"https:\/\/fmp-components.com\/hu\/wp-json\/wp\/v2\/product_tag?post=7423"}],"curies":[{"name":"munkaf\u00fczet","href":"https:\/\/api.w.org\/{rel}","templated":true}]}}