{"id":7404,"date":"2025-03-25T07:23:21","date_gmt":"2025-03-25T07:23:21","guid":{"rendered":"https:\/\/fmp-components.com\/?post_type=product&#038;p=7404"},"modified":"2025-03-26T08:39:36","modified_gmt":"2025-03-26T08:39:36","slug":"medical-stainless-spur-gear","status":"publish","type":"product","link":"https:\/\/fmp-components.com\/hu\/product\/medical-stainless-spur-gear\/","title":{"rendered":"Orvosi rozsdamentes ac\u00e9l hajt\u00f3m\u0171"},"content":{"rendered":"<div>\n<h3>Rozsdamentes ac\u00e9l homlokfogaskerekek orvosi alkalmaz\u00e1sokban<\/h3>\n<p class=\"break-words\">A prec\u00edzi\u00f3s m\u00e9rn\u00f6ki munk\u00e1k ter\u00e9n a rozsdamentes ac\u00e9l homlokfogaskerekek l\u00e9tfontoss\u00e1g\u00fa alkatr\u00e9szk\u00e9nt t\u0171nnek ki a k\u00fcl\u00f6nb\u00f6z\u0151 ipar\u00e1gakban, k\u00fcl\u00f6n\u00f6sen az orvosi szektorban. Az FMP-n\u00e9l kiv\u00e1l\u00f3 min\u0151s\u00e9g\u0171 rozsdamentes ac\u00e9l homlokfogaskerekek gy\u00e1rt\u00e1s\u00e1ra specializ\u00e1l\u00f3dtunk, amelyeket az orvosi berendez\u00e9sek szigor\u00fa k\u00f6vetelm\u00e9nyeinek megfelel\u0151en szabtunk testre. Ak\u00e1r Mil\u00e1n\u00f3ban, Velenc\u00e9ben, Firenz\u00e9ben, Bologn\u00e1ban vagy Olaszorsz\u00e1g b\u00e1rmely m\u00e1s r\u00e9sz\u00e9n tart\u00f3zkodik, szak\u00e9rtelm\u00fcnk biztos\u00edtja, hogy tart\u00f3s \u00e9s megb\u00edzhat\u00f3 term\u00e9kekre legyen sz\u00fcks\u00e9ge. <a href=\"https:\/\/fmp-components.com\/hu\/spur-gear-2\/\">homlokkerekek<\/a> kiv\u00e1l\u00f3s\u00e1ggal fogadj\u00e1k.<\/p>\n<table style=\"border-collapse: collapse; width: 98.7077%; height: 14px;\" border=\"0\" width=\"162\" cellspacing=\"0\" cellpadding=\"0\">\n<tbody>\n<tr style=\"height: 14.40pt;\">\n<td style=\"height: 14px; width: 49.8728%;\" align=\"right\" width=\"81\" height=\"24\"><img loading=\"lazy\" decoding=\"async\" class=\"size-full wp-image-7414 aligncenter\" src=\"https:\/\/fmp-components.com\/wp-content\/uploads\/2025\/03\/Stainless-steel-Spur-Gear-1.webp\" alt=\"Rozsdamentes ac\u00e9l homlokfogasker\u00e9k\" width=\"250\" height=\"250\" title=\"\" srcset=\"https:\/\/fmp-components.com\/wp-content\/uploads\/2025\/03\/Stainless-steel-Spur-Gear-1.webp 250w, https:\/\/fmp-components.com\/wp-content\/uploads\/2025\/03\/Stainless-steel-Spur-Gear-1-150x150.webp 150w, https:\/\/fmp-components.com\/wp-content\/uploads\/2025\/03\/Stainless-steel-Spur-Gear-1-12x12.webp 12w, https:\/\/fmp-components.com\/wp-content\/uploads\/2025\/03\/Stainless-steel-Spur-Gear-1-100x100.webp 100w\" sizes=\"(max-width: 250px) 100vw, 250px\" \/><\/td>\n<td style=\"width: 49.8728%; height: 14px;\" align=\"right\" width=\"81\"><img loading=\"lazy\" decoding=\"async\" class=\"size-full wp-image-7413 aligncenter\" src=\"https:\/\/fmp-components.com\/wp-content\/uploads\/2025\/03\/Stainless-steel-Spur-Gear-2.webp\" alt=\"Rozsdamentes ac\u00e9l homlokfogasker\u00e9k\" width=\"300\" height=\"300\" title=\"\" srcset=\"https:\/\/fmp-components.com\/wp-content\/uploads\/2025\/03\/Stainless-steel-Spur-Gear-2.webp 300w, https:\/\/fmp-components.com\/wp-content\/uploads\/2025\/03\/Stainless-steel-Spur-Gear-2-150x150.webp 150w, https:\/\/fmp-components.com\/wp-content\/uploads\/2025\/03\/Stainless-steel-Spur-Gear-2-12x12.webp 12w, https:\/\/fmp-components.com\/wp-content\/uploads\/2025\/03\/Stainless-steel-Spur-Gear-2-100x100.webp 100w\" sizes=\"(max-width: 300px) 100vw, 300px\" \/><\/td>\n<\/tr>\n<\/tbody>\n<\/table>\n<h2>Mik azok a rozsdamentes ac\u00e9l spur fogaskerekek?<\/h2>\n<p class=\"break-words\">A homlokkerekes fogaskerekek a legegyszer\u0171bb \u00e9s legk\u00f6lts\u00e9ghat\u00e9konyabb prec\u00edzi\u00f3s fogasker\u00e9k-t\u00edpusok, amelyek egyenes, a fogasker\u00e9k forg\u00e1stengely\u00e9vel p\u00e1rhuzamosan elhelyezked\u0151 fogakkal rendelkeznek. Ezek a fogaskerekek hat\u00e9konyan viszik \u00e1t a mozg\u00e1st \u00e9s az er\u0151t a p\u00e1rhuzamos, ellent\u00e9tes ir\u00e1nyban forg\u00f3 tengelyek k\u00f6z\u00f6tt. A rozsdamentes ac\u00e9l korr\u00f3zi\u00f3\u00e1ll\u00f3s\u00e1g\u00e1val \u00e9s tart\u00f3ss\u00e1g\u00e1val ide\u00e1lis v\u00e1laszt\u00e1ss\u00e1 teszi ezeket a fogaskerekeket a higi\u00e9ni\u00e1t \u00e9s a hossz\u00fa \u00e9lettartamot ig\u00e9nyl\u0151 alkalmaz\u00e1sokhoz \u2013 ezek kulcsfontoss\u00e1g\u00fa tulajdons\u00e1gok az orvostudom\u00e1nyban.<\/p>\n<p class=\"break-words\">Az FMP-n\u00e9l olyan homlokfogaskerekeket k\u00edn\u00e1lunk, amelyek megfelelnek, s\u0151t meghaladj\u00e1k az AGMA (American Gear Manufacturers Association) min\u0151s\u00e9gi szabv\u00e1nyait. Rozsdamentes ac\u00e9l homlokfogaskerekeink testreszabhat\u00f3 opci\u00f3kkal rendelkeznek, bele\u00e9rtve a 14,5\u00b0 vagy 20\u00b0 nyom\u00e1ssz\u00f6get, a k\u00fcl\u00f6nb\u00f6z\u0151 furatm\u00e9reteket \u00e9s a 4 DP-t\u0151l 96 DP-ig terjed\u0151 menetemelked\u00e9si \u00e1tm\u00e9r\u0151ket.<\/p>\n<\/div>\n<h2>Specifik\u00e1ci\u00f3<\/h2>\n<p>M\u00e9ret: \u03a63mm - \u03a6120mm<br \/>\nModul: M0.25<br \/>\nAnyagt\u00edpus: Rozsdamentes ac\u00e9l, az \u00fcgyf\u00e9l ig\u00e9nyei szerint<\/p>\n<div class=\"table-responsive\">\n<table class=\"table\" style=\"width: 101.186%; height: 344px;\" border=\"1\">\n<tbody>\n<tr>\n<td colspan=\"2\">Orvosi rozsdamentes fogasker\u00e9k<\/td>\n<\/tr>\n<tr>\n<td>Dimenzi\u00f3<\/td>\n<td>\u03a65mm<\/td>\n<\/tr>\n<tr>\n<td>Modul<\/td>\n<td>M0,15, M0,2, M0,25-M0,8, M0,8<br \/>\nM1.0<\/td>\n<\/tr>\n<tr>\n<td>Anyagt\u00edpus<\/td>\n<td>Rozsdamentes ac\u00e9l<\/td>\n<\/tr>\n<tr>\n<td>H\u00e1l\u00f3min\u0151s\u00e9g<\/td>\n<td>ISO 6, JGMA 1, JIS 6, AGMA 13, DIN 6, Din5, AGMA12<\/td>\n<\/tr>\n<tr>\n<td>Alkalmaz\u00e1s<\/td>\n<td>Aut\u00f3ipar, Katonas\u00e1g, Rep\u00fcl\u0151g\u00e9p, G\u00e9p\u00e9szet,<\/td>\n<\/tr>\n<tr>\n<td>Testreszabott<\/td>\n<td>ODM\/OEM<\/td>\n<\/tr>\n<tr>\n<td>Minta<\/td>\n<td>Minta el\u00e9rhet\u0151<\/td>\n<\/tr>\n<tr>\n<td>Csomagol\u00e1si m\u00f3dok<\/td>\n<td>V\u00e1kuumcsomagolt, m\u0171anyag t\u00e1lc\u00e1val<\/td>\n<\/tr>\n<tr>\n<td>Sz\u00e1ll\u00edt\u00e1si m\u00f3dok<\/td>\n<td>DHL UPS<\/td>\n<\/tr>\n<tr>\n<td>Bizony\u00edtv\u00e1ny<\/td>\n<td>ISO 9001:2008\/TS16949<\/td>\n<\/tr>\n<\/tbody>\n<\/table>\n<div>\n<h3>Rozsdamentes ac\u00e9l spur fogaskerekek alkalmaz\u00e1sa orvosi berendez\u00e9sekben<\/h3>\n<p class=\"break-words\">Az orvostechnikai iparban a pontoss\u00e1g, a megb\u00edzhat\u00f3s\u00e1g \u00e9s a tisztas\u00e1g nem k\u00e9pezheti vita t\u00e1rgy\u00e1t. A rozsdamentes ac\u00e9l homlokfogaskerekek kritikus szerepet j\u00e1tszanak az olyan eszk\u00f6z\u00f6kben, mint:<\/p>\n<ul class=\"marker:text-secondary\">\n<li class=\"break-words\"><strong>Centrifug\u00e1k<\/strong>A mil\u00e1n\u00f3i \u00e9s bolognai laborat\u00f3riumokban folyad\u00e9kok sz\u00e9tv\u00e1laszt\u00e1s\u00e1ra haszn\u00e1lt g\u00e9pek homlokkerekes fogaskerekekre t\u00e1maszkodnak az \u00e1lland\u00f3 forg\u00e1si teljes\u00edtm\u00e9ny \u00e9rdek\u00e9ben.<\/li>\n<li class=\"break-words\"><strong>Orvosi pump\u00e1k<\/strong>Az inf\u00fazi\u00f3s pump\u00e1kt\u00f3l a dial\u00edzisg\u00e9pekig a rozsdamentes ac\u00e9l homlokkerekek biztos\u00edtj\u00e1k a sima \u00e9s pontos folyad\u00e9kadagol\u00e1st, ami elengedhetetlen a velencei \u00e9s firenzei k\u00f3rh\u00e1zakban.<\/li>\n<li class=\"break-words\"><strong>Seb\u00e9szeti eszk\u00f6z\u00f6k<\/strong>A prec\u00edzi\u00f3s eszk\u00f6z\u00f6k, mint p\u00e9ld\u00e1ul a robotseb\u00e9szeti rendszerek, a hib\u00e1tlan teljes\u00edtm\u00e9ny \u00e9rdek\u00e9ben a rozsdamentes ac\u00e9l fogaskerekek tart\u00f3ss\u00e1g\u00e1ra \u00e9s korr\u00f3zi\u00f3\u00e1ll\u00f3s\u00e1g\u00e1ra t\u00e1maszkodnak.<\/li>\n<li class=\"break-words\"><strong>Emel\u0151k \u00e9s emel\u0151eszk\u00f6z\u00f6k<\/strong>Rehabilit\u00e1ci\u00f3s berendez\u00e9sekben vagy m\u0171t\u0151asztalokban a homlokkerekes fogaskerekek biztos\u00edtj\u00e1k a biztons\u00e1gos betegmozgat\u00e1shoz sz\u00fcks\u00e9ges mechanikai el\u0151nyt.<\/li>\n<\/ul>\n<p class=\"break-words\">A rozsdamentes ac\u00e9l inherens tulajdons\u00e1gai \u2013 a rozsda\u00e1ll\u00f3s\u00e1g, a steriliz\u00e1l\u00e1s k\u00f6nny\u0171s\u00e9ge \u00e9s a szil\u00e1rds\u00e1g \u2013 teszik ezt az anyagot a v\u00e1lasztott anyagg\u00e1 ezekhez az alkalmaz\u00e1sokhoz, biztos\u00edtva a szigor\u00fa orvosi szabv\u00e1nyok betart\u00e1s\u00e1t.<\/p>\n<div>\n<h4>FMP: Megb\u00edzhat\u00f3 partnere rozsdamentes ac\u00e9l homlokfogaskerekek beszerz\u00e9s\u00e9ben Olaszorsz\u00e1gban<\/h4>\n<p class=\"break-words\">Az FMP-n\u00e9l b\u00fcszk\u00e9k vagyunk arra, hogy a rozsdamentes ac\u00e9l homlokfogaskerekek vezet\u0151 gy\u00e1rt\u00f3ja vagyunk, \u00e9s OEM-eket, forgalmaz\u00f3kat \u00e9s prec\u00edzi\u00f3s g\u00e9pipari piacokat szolg\u00e1lunk ki. Sok\u00e9ves tapasztalatunkra t\u00e1maszkodva homlokfogaskerekek sz\u00e9les v\u00e1laszt\u00e9k\u00e1t gy\u00e1rtjuk k\u00fcl\u00f6nf\u00e9le anyagokb\u00f3l, bele\u00e9rtve az ac\u00e9lt, rozsdamentes ac\u00e9lt, alum\u00edniumot \u00e9s s\u00e1rgarezet. K\u00edn\u00e1latunk a k\u00f6vetkez\u0151ket tartalmazza:<\/p>\n<ul class=\"marker:text-secondary\">\n<li class=\"break-words\"><strong>K\u00e9szleten l\u00e9v\u0151 homlokfogaskerekek<\/strong>Kaphat\u00f3 agyakkal, 0,437 h\u00fcvelykt\u0151l kezd\u0151d\u0151 furatm\u00e9retekkel \u00e9s testreszabhat\u00f3 oszt\u00f3\u00e1tm\u00e9r\u0151kkel.<\/li>\n<li class=\"break-words\"><strong>Egyedi homlokfogaskerekek<\/strong>Az \u00d6n egyedi ig\u00e9nyeihez igaz\u00edtva, legyen sz\u00f3 ak\u00e1r egyedi fogsz\u00e1mr\u00f3l, nyom\u00e1ssz\u00f6gr\u0151l vagy anyagr\u00f3l.<\/li>\n<\/ul>\n<p class=\"break-words\">Meg\u00e9rtj\u00fck, hogy minden projekt egyedi. Ez\u00e9rt k\u00edn\u00e1lunk egyedi fogasker\u00e9k-gy\u00e1rt\u00e1st \u00fcgyfeleinknek eg\u00e9sz Olaszorsz\u00e1gban, Mil\u00e1n\u00f3 ny\u00fczsg\u0151 ipari k\u00f6zpontjait\u00f3l Velence innovat\u00edv technol\u00f3giai k\u00f6zpontjaiig. Ak\u00e1r homlokkerekekre, k\u00fapkerekekre, ferde fogaskerekekre vagy ak\u00e1r nyersfogasker\u00e9k-gy\u00e1rtm\u00e1nyokra van sz\u00fcks\u00e9ge, m\u00e9rn\u00f6keink felk\u00e9sz\u00fcltek arra, hogy prec\u00edzi\u00f3s megold\u00e1sokat sz\u00e1ll\u00edtsanak.<\/p>\n<h4>Nem tal\u00e1lja a modellj\u00e9t? L\u00e9pjen kapcsolatba vel\u00fcnk!<\/h4>\n<p class=\"break-words\">Ha a term\u00e9klist\u00e1nkat b\u00f6ng\u00e9szi, \u00e9s nem tal\u00e1lja pontosan azt a rozsdamentes ac\u00e9l homlokfogaskereket, amire sz\u00fcks\u00e9ge van, ne agg\u00f3djon \u2013 val\u00f3sz\u00edn\u0171leg m\u00e9g nem volt lehet\u0151s\u00e9g\u00fcnk felt\u00f6lteni. K\u00e9szlet\u00fcnk hatalmas, \u00e9s k\u00e9pess\u00e9geink messze t\u00falmutatnak a list\u00e1nkon. Egyszer\u0171en k\u00fcldj\u00f6n nek\u00fcnk egy e-mailt az ig\u00e9nyeivel, \u00e9s csapatunk n\u00e9h\u00e1ny napon bel\u00fcl v\u00e1laszol. <strong>24 \u00f3ra<\/strong>.<\/p>\n<p class=\"break-words\">\n<\/div>\n<\/div>\n<\/div>","protected":false},"excerpt":{"rendered":"<p>Rozsdamentes ac\u00e9l homlokfogaskerekek orvosi alkalmaz\u00e1sokban A prec\u00edzi\u00f3s m\u00e9rn\u00f6ki munk\u00e1ban a rozsdamentes ac\u00e9l homlokfogaskerekek l\u00e9tfontoss\u00e1g\u00fa alkatr\u00e9szk\u00e9nt t\u0171nnek ki a k\u00fcl\u00f6nb\u00f6z\u0151 ipar\u00e1gakban, k\u00fcl\u00f6n\u00f6sen az orvosi szektorban. Az FMP-n\u00e9l kiv\u00e1l\u00f3 min\u0151s\u00e9g\u0171 rozsdamentes ac\u00e9l homlokfogaskerekek gy\u00e1rt\u00e1s\u00e1ra specializ\u00e1l\u00f3dtunk, amelyeket az orvosi berendez\u00e9sek szigor\u00fa k\u00f6vetelm\u00e9nyeinek megfelel\u0151en szabtunk testre. Ak\u00e1r Mil\u00e1n\u00f3ban, [\u2026]<\/p>","protected":false},"featured_media":7412,"comment_status":"open","ping_status":"closed","template":"","meta":{"_et_pb_use_builder":"","_et_pb_old_content":"","_et_gb_content_width":""},"product_brand":[],"product_cat":[109],"product_tag":[],"class_list":{"0":"post-7404","1":"product","2":"type-product","3":"status-publish","4":"has-post-thumbnail","6":"product_cat-spur-gear","8":"first","9":"instock","10":"shipping-taxable","11":"product-type-simple"},"_links":{"self":[{"href":"https:\/\/fmp-components.com\/hu\/wp-json\/wp\/v2\/product\/7404","targetHints":{"allow":["GET"]}}],"collection":[{"href":"https:\/\/fmp-components.com\/hu\/wp-json\/wp\/v2\/product"}],"about":[{"href":"https:\/\/fmp-components.com\/hu\/wp-json\/wp\/v2\/types\/product"}],"replies":[{"embeddable":true,"href":"https:\/\/fmp-components.com\/hu\/wp-json\/wp\/v2\/comments?post=7404"}],"wp:featuredmedia":[{"embeddable":true,"href":"https:\/\/fmp-components.com\/hu\/wp-json\/wp\/v2\/media\/7412"}],"wp:attachment":[{"href":"https:\/\/fmp-components.com\/hu\/wp-json\/wp\/v2\/media?parent=7404"}],"wp:term":[{"taxonomy":"product_brand","embeddable":true,"href":"https:\/\/fmp-components.com\/hu\/wp-json\/wp\/v2\/product_brand?post=7404"},{"taxonomy":"product_cat","embeddable":true,"href":"https:\/\/fmp-components.com\/hu\/wp-json\/wp\/v2\/product_cat?post=7404"},{"taxonomy":"product_tag","embeddable":true,"href":"https:\/\/fmp-components.com\/hu\/wp-json\/wp\/v2\/product_tag?post=7404"}],"curies":[{"name":"munkaf\u00fczet","href":"https:\/\/api.w.org\/{rel}","templated":true}]}}