{"id":7390,"date":"2025-03-25T02:48:22","date_gmt":"2025-03-25T02:48:22","guid":{"rendered":"https:\/\/fmp-components.com\/?post_type=product&#038;p=7390"},"modified":"2025-03-26T08:40:29","modified_gmt":"2025-03-26T08:40:29","slug":"tractor-spur-gears","status":"publish","type":"product","link":"https:\/\/fmp-components.com\/hu\/product\/tractor-spur-gears\/","title":{"rendered":"Traktor homlokkerekek"},"content":{"rendered":"<div>\n<h3>A homlokkerekes fogaskerekek szerepe a traktorokban<\/h3>\n<p class=\"break-words\">Ami az Olaszorsz\u00e1g mez\u0151gazdas\u00e1gi ter\u00fcleteit \u2013 mint p\u00e9ld\u00e1ul a Mil\u00e1n\u00f3 melletti term\u00e9keny f\u00f6ldeket, Firenze k\u00f6r\u00fcli Toszk\u00e1na lank\u00e1s dombjait vagy Bologna term\u00e9keny s\u00edks\u00e1gait \u2013 hajt\u00f3 robusztus g\u00e9peket illeti, a traktorok n\u00e9lk\u00fcl\u00f6zhetetlenek. Ezen g\u00e9pek k\u00f6z\u00e9ppontj\u00e1ban egy kritikus fontoss\u00e1g\u00fa alkatr\u00e9sz \u00e1ll: a <a href=\"https:\/\/fmp-components.com\/hu\/spur-gear-2\/\">homlokker\u00e9k<\/a>A kiv\u00e1l\u00f3 min\u0151s\u00e9g\u0171 homlokfogaskerekek vezet\u0151 gy\u00e1rt\u00f3jak\u00e9nt az FMP Company b\u00fcszk\u00e9n t\u00e1mogatja az ipar\u00e1gakat Olaszorsz\u00e1g-szerte, Velenc\u00e9t\u0151l Firenz\u00e9ig, prec\u00edzi\u00f3s m\u00e9rn\u00f6ki megold\u00e1sokkal, amelyeket a traktoralkalmaz\u00e1sokra \u00e9s azon t\u00fal is testreszabtak.<\/p>\n<table style=\"border-collapse: collapse; width: 97.3608%; height: 31px;\" border=\"0\" width=\"243\" cellspacing=\"0\" cellpadding=\"0\">\n<tbody>\n<tr style=\"height: 14.40pt;\">\n<td style=\"height: 14.40pt; width: 48.60pt;\" align=\"right\" width=\"81\" height=\"24\">\u00a0<img loading=\"lazy\" decoding=\"async\" class=\"size-full wp-image-7393 aligncenter\" src=\"https:\/\/fmp-components.com\/wp-content\/uploads\/2025\/03\/spur-gear-in-tractor-2.webp\" alt=\"homlokkerekes-fogasker\u00e9k a traktorban\" width=\"800\" height=\"800\" title=\"\" srcset=\"https:\/\/fmp-components.com\/wp-content\/uploads\/2025\/03\/spur-gear-in-tractor-2.webp 800w, https:\/\/fmp-components.com\/wp-content\/uploads\/2025\/03\/spur-gear-in-tractor-2-480x480.webp 480w\" sizes=\"(min-width: 0px) and (max-width: 480px) 480px, (min-width: 481px) 800px, 100vw\" \/><\/td>\n<td style=\"width: 48.60pt;\" align=\"right\" width=\"81\"><img loading=\"lazy\" decoding=\"async\" class=\"size-full wp-image-7394 aligncenter\" src=\"https:\/\/fmp-components.com\/wp-content\/uploads\/2025\/03\/spur-gear-in-tractor-3.webp\" alt=\"homlokkerekes-fogasker\u00e9k a traktorban\" width=\"800\" height=\"800\" title=\"\" srcset=\"https:\/\/fmp-components.com\/wp-content\/uploads\/2025\/03\/spur-gear-in-tractor-3.webp 800w, https:\/\/fmp-components.com\/wp-content\/uploads\/2025\/03\/spur-gear-in-tractor-3-480x480.webp 480w\" sizes=\"(min-width: 0px) and (max-width: 480px) 480px, (min-width: 481px) 800px, 100vw\" \/><\/td>\n<td style=\"width: 48.60pt;\" align=\"right\" width=\"81\"><img loading=\"lazy\" decoding=\"async\" class=\"size-full wp-image-7392 aligncenter\" src=\"https:\/\/fmp-components.com\/wp-content\/uploads\/2025\/03\/spur-gear-in-tractor-1.webp\" alt=\"homlokkerekes-fogasker\u00e9k a traktorban\" width=\"800\" height=\"800\" title=\"\" srcset=\"https:\/\/fmp-components.com\/wp-content\/uploads\/2025\/03\/spur-gear-in-tractor-1.webp 800w, https:\/\/fmp-components.com\/wp-content\/uploads\/2025\/03\/spur-gear-in-tractor-1-480x480.webp 480w\" sizes=\"(min-width: 0px) and (max-width: 480px) 480px, (min-width: 481px) 800px, 100vw\" \/><\/td>\n<\/tr>\n<\/tbody>\n<\/table>\n<\/div>\n<h3>Specifik\u00e1ci\u00f3k<\/h3>\n<table style=\"width: 103.5%; height: 281px;\" border=\"1\">\n<tbody>\n<tr>\n<td style=\"width: 33.1311%;\"><strong>Term\u00e9k neve<\/strong><\/td>\n<td style=\"width: 66.1408%;\">Traktor homlokkerekes fogasker\u00e9k 17 fogasker\u00e9kkel<\/td>\n<\/tr>\n<tr>\n<td style=\"width: 33.1311%;\"><strong>Alkalmaz\u00e1s\u00a0<\/strong><\/td>\n<td style=\"width: 66.1408%;\">Traktor<\/td>\n<\/tr>\n<tr>\n<td style=\"width: 33.1311%;\"><strong>Anyagok<\/strong><\/td>\n<td style=\"width: 66.1408%;\">Ac\u00e9l<\/td>\n<\/tr>\n<tr>\n<td style=\"width: 33.1311%;\"><strong>M\u00e9ret<\/strong><\/td>\n<td style=\"width: 66.1408%;\">5cm * 9cm * 9cm<\/td>\n<\/tr>\n<tr>\n<td style=\"width: 33.1311%;\"><strong>S\u00faly<\/strong><\/td>\n<td style=\"width: 66.1408%;\">0,87 kg<\/td>\n<\/tr>\n<tr>\n<td style=\"width: 33.1311%;\"><strong>OEM\u00a0<\/strong><\/td>\n<td style=\"width: 66.1408%;\">50-1701212A<\/td>\n<\/tr>\n<tr>\n<td style=\"width: 33.1311%;\"><strong>MIN\u0150S\u00c9GI K\u00d6TELEZETTS\u00c9G<\/strong><\/td>\n<td style=\"width: 66.1408%;\">30<\/td>\n<\/tr>\n<tr>\n<td style=\"width: 33.1311%;\"><strong>\u00c1tm\u00e9r\u0151<\/strong><\/td>\n<td style=\"width: 66.1408%;\">9 cm<\/td>\n<\/tr>\n<tr>\n<td style=\"width: 33.1311%;\"><strong>Min\u0151s\u00e9g<\/strong><\/td>\n<td style=\"width: 66.1408%;\">100% tesztelt<\/td>\n<\/tr>\n<tr>\n<td style=\"width: 33.1311%;\"><strong>Csomagol\u00e1s<\/strong><\/td>\n<td style=\"width: 66.1408%;\">Kartondoboz<\/td>\n<\/tr>\n<\/tbody>\n<\/table>\n<div>\n<h2>Homlokkerekek traktorg\u00e9pekben<\/h2>\n<p class=\"break-words\">A traktorokban a homlokkerekes fogaskerekek kulcsszerepet j\u00e1tszanak az er\u0151\u00e1tviteli rendszerben, biztos\u00edtva a motor \u00e9s a kerekek k\u00f6z\u00f6tti z\u00f6kken\u0151mentes er\u0151\u00e1tvitelt. P\u00e9ld\u00e1ul a homlokkerekes fogaskerekeink, ak\u00e1rcsak a koh\u00e1szati \u200b\u200balkatr\u00e9szekben \u00e9s traktorg\u00e9pek porkever\u00e9si alkalmaz\u00e1saiban haszn\u00e1ltak, prec\u00edzen (ISO6 pontoss\u00e1ggal) k\u00e9sz\u00fclnek, hogy megbirk\u00f3zzanak a mez\u0151gazdas\u00e1gi munka neh\u00e9z k\u00f6r\u00fclm\u00e9nyeivel. \u00cdgy j\u00e1rulnak hozz\u00e1:<\/p>\n<ul class=\"marker:text-secondary\">\n<li class=\"break-words\"><strong>Er\u0151\u00e1tvitel<\/strong>A homlokkerekes fogaskerekek hat\u00e9konyan tov\u00e1bb\u00edtj\u00e1k a forg\u00e1si energi\u00e1t a p\u00e1rhuzamos tengelyek k\u00f6z\u00f6tt, meghajtva a traktor kerekeit \u00e9s a munkag\u00e9peket.<\/li>\n<li class=\"break-words\"><strong>Tart\u00f3ss\u00e1g<\/strong>Robusztus anyagokb\u00f3l, p\u00e9ld\u00e1ul 16MnCrn5-b\u0151l k\u00e9sz\u00fclnek, \u00e9s 58-62 HRC kem\u00e9nys\u00e9g\u0171re karboniz\u00e1l\u00e1ssal h\u0151kezelik \u0151ket, \u00edgy fogaskerekeink ellen\u00e1llnak a neh\u00e9z feladatok kop\u00e1s\u00e1nak \u00e9s elhaszn\u00e1l\u00f3d\u00e1s\u00e1nak.<\/li>\n<li class=\"break-words\"><strong>Pontoss\u00e1g<\/strong>4,6-os modullal \u00e9s 20\u00b0-os nyom\u00e1ssz\u00f6ggel, homlokkerekeink profil- \u00e9s menetm\u00f3dos\u00edt\u00e1sokkal rendelkeznek (K-diagramra optimaliz\u00e1lva) a minim\u00e1lis zajszint \u00e9s a maxim\u00e1lis hat\u00e9konys\u00e1g \u00e9rdek\u00e9ben.<\/li>\n<\/ul>\n<p class=\"break-words\">A firenzei sz\u0151l\u0151\u00fcltetv\u00e9nyekt\u0151l Mil\u00e1n\u00f3 ipari k\u00f6zpontjaiig az olasz gazd\u00e1k \u00e9s gy\u00e1rt\u00f3k megb\u00edzhat\u00f3 homlokkerekes fogaskerekekkel felszerelt traktorokra t\u00e1maszkodnak a termel\u00e9kenys\u00e9g fenntart\u00e1sa \u00e9rdek\u00e9ben. Ak\u00e1r Bologna k\u00f6zel\u00e9ben sz\u00e1ntanak f\u00f6ldeket, ak\u00e1r Velenc\u00e9ben sz\u00e1ll\u00edtanak \u00e1rukat, ezek a fogaskerekek biztos\u00edtj\u00e1k az \u00e1lland\u00f3 teljes\u00edtm\u00e9nyt.<\/p>\n<div>\n<h4>Mi\u00e9rt v\u00e1lassza az FMP c\u00e9get homlokkerekes fogaskerekek beszerz\u00e9s\u00e9hez?<\/h4>\n<p class=\"break-words\">Az FMP-n\u00e9l sz\u00e9les v\u00e1laszt\u00e9kban gy\u00e1rtunk homlokkerekeket, amelyeket k\u00fcl\u00f6nf\u00e9le ipar\u00e1gak, k\u00f6zt\u00fck a mez\u0151gazdas\u00e1g sz\u00e1m\u00e1ra szabtunk testre. Term\u00e9kk\u00edn\u00e1latunkban megtal\u00e1lhat\u00f3k a standard kivitelek, valamint a teljesen testreszabhat\u00f3 opci\u00f3k is, hogy megfeleljenek az \u00d6n egyedi ig\u00e9nyeinek. Sok \u00e9ves tapasztalatunkra t\u00e1maszkodva Olaszorsz\u00e1g-szerte szolg\u00e1ljuk ki \u00fcgyfeleinket, biztos\u00edtva, hogy a mil\u00e1n\u00f3i, velencei, firenzei, bolognai \u00e9s m\u00e1s v\u00e1rosok v\u00e1llalkoz\u00e1sai is hozz\u00e1f\u00e9rhessenek a legjobb min\u0151s\u00e9g\u0171 alkatr\u00e9szekhez.<\/p>\n<ul class=\"marker:text-secondary\">\n<li class=\"break-words\"><strong>Fajta<\/strong>Homlokkerekeket gy\u00e1rtunk traktorokhoz, koh\u00e1szati \u200b\u200bberendez\u00e9sekhez \u00e9s egyebekhez, mindezt prec\u00edz \u00e9s gondos kidolgoz\u00e1ssal.<\/li>\n<li class=\"break-words\"><strong>Testreszab\u00e1s<\/strong>Egyedi sebess\u00e9gv\u00e1lt\u00f3ra van sz\u00fcks\u00e9ge traktor\u00e1hoz? Egyedi megrendel\u00e9seket is elfogadunk, hogy pontosan megfeleljenek az \u00d6n ig\u00e9nyeinek.<\/li>\n<li class=\"break-words\"><strong>T\u00e1mogat\u00e1s<\/strong>Ha nem tal\u00e1lja a k\u00edv\u00e1nt modellt a term\u00e9klist\u00e1nkban, ne agg\u00f3djon! Lehet, hogy m\u00e9g nincs felt\u00f6ltve. Egyszer\u0171en k\u00fcldj\u00f6n nek\u00fcnk e-mailt az ig\u00e9nyeivel, \u00e9s m\u00e9rn\u00f6keink 24 \u00f3r\u00e1n bel\u00fcl v\u00e1laszolnak a megold\u00e1ssal.<\/li>\n<\/ul>\n<p class=\"break-words\">Olaszorsz\u00e1g mez\u0151gazdas\u00e1gi \u00e1gazata az innov\u00e1ci\u00f3ra \u00e9s a megb\u00edzhat\u00f3s\u00e1gra \u00e9p\u00fcl, \u00e9s az FMP b\u00fcszke arra, hogy hozz\u00e1j\u00e1rulhat ehhez az \u00f6r\u00f6ks\u00e9ghez. Az FMP-n\u00e9l elk\u00f6telezettek vagyunk a sikereid el\u0151mozd\u00edt\u00e1sa ir\u00e1nt \u2013 fokozatr\u00f3l fokozatra.<\/p>\n<\/div>\n<\/div>","protected":false},"excerpt":{"rendered":"<p>The Role of Spur Gears in Tractors When it comes to the robust machinery powering Italy\u2019s agricultural heartlands\u2014such as the fertile fields near Milan, the rolling hills of Tuscany around Florence, or the productive plains of Bologna\u2014tractors are indispensable. At the core of these machines lies a critical component: the spur gear. As a leading [&hellip;]<\/p>","protected":false},"featured_media":7393,"comment_status":"open","ping_status":"closed","template":"","meta":{"_et_pb_use_builder":"","_et_pb_old_content":"","_et_gb_content_width":""},"product_brand":[],"product_cat":[109],"product_tag":[],"class_list":{"0":"post-7390","1":"product","2":"type-product","3":"status-publish","4":"has-post-thumbnail","6":"product_cat-spur-gear","8":"first","9":"instock","10":"shipping-taxable","11":"product-type-simple"},"_links":{"self":[{"href":"https:\/\/fmp-components.com\/hu\/wp-json\/wp\/v2\/product\/7390","targetHints":{"allow":["GET"]}}],"collection":[{"href":"https:\/\/fmp-components.com\/hu\/wp-json\/wp\/v2\/product"}],"about":[{"href":"https:\/\/fmp-components.com\/hu\/wp-json\/wp\/v2\/types\/product"}],"replies":[{"embeddable":true,"href":"https:\/\/fmp-components.com\/hu\/wp-json\/wp\/v2\/comments?post=7390"}],"wp:featuredmedia":[{"embeddable":true,"href":"https:\/\/fmp-components.com\/hu\/wp-json\/wp\/v2\/media\/7393"}],"wp:attachment":[{"href":"https:\/\/fmp-components.com\/hu\/wp-json\/wp\/v2\/media?parent=7390"}],"wp:term":[{"taxonomy":"product_brand","embeddable":true,"href":"https:\/\/fmp-components.com\/hu\/wp-json\/wp\/v2\/product_brand?post=7390"},{"taxonomy":"product_cat","embeddable":true,"href":"https:\/\/fmp-components.com\/hu\/wp-json\/wp\/v2\/product_cat?post=7390"},{"taxonomy":"product_tag","embeddable":true,"href":"https:\/\/fmp-components.com\/hu\/wp-json\/wp\/v2\/product_tag?post=7390"}],"curies":[{"name":"munkaf\u00fczet","href":"https:\/\/api.w.org\/{rel}","templated":true}]}}