{"id":7384,"date":"2025-03-24T06:59:56","date_gmt":"2025-03-24T06:59:56","guid":{"rendered":"https:\/\/fmp-components.com\/?post_type=product&#038;p=7384"},"modified":"2025-03-26T08:41:37","modified_gmt":"2025-03-26T08:41:37","slug":"ground-helical-gears","status":"publish","type":"product","link":"https:\/\/fmp-components.com\/hu\/product\/ground-helical-gears\/","title":{"rendered":"K\u00f6sz\u00f6r\u00fclt ferde fogaskerekek"},"content":{"rendered":"<div>\n<p class=\"break-words\">Amikor a pontoss\u00e1g, a tart\u00f3ss\u00e1g \u00e9s a sima m\u0171k\u00f6d\u00e9s a legfontosabb, a k\u00f6sz\u00f6r\u00fclt ferde fogazat\u00fa fogaskerekek kiv\u00e9teles v\u00e1laszt\u00e1st jelentenek az er\u0151\u00e1tviteli rendszerekhez. Ezek a fogaskerekek, amelyeket ferde fogazatuk \u00e9s apr\u00f3l\u00e9kosan k\u00f6sz\u00f6r\u00fclt fel\u00fclet\u00fck jellemez, kiv\u00e1l\u00f3 teljes\u00edtm\u00e9nyt ny\u00fajtanak nagy terhel\u00e9s\u0171 \u00e9s nagy sebess\u00e9g\u0171 alkalmaz\u00e1sokban. Az FMP Company-n\u00e1l b\u00fcszk\u00e9k vagyunk arra, hogy sz\u00e9les v\u00e1laszt\u00e9kban gy\u00e1rtunk k\u00f6sz\u00f6r\u00fclt fogaskerekeket. <a href=\"https:\/\/fmp-components.com\/hu\/helical-gears\/\">ferde fogaskerekek<\/a>, amely vil\u00e1gszerte szolg\u00e1lja ki az ipar\u00e1gakat mind standard, mind egyedi megold\u00e1sokkal. Ebben a cikkben megvizsg\u00e1ljuk a felhaszn\u00e1lt anyagokat, az el\u00e9rhet\u0151 modelleket, \u00e9s azt, hogy az FMP hogyan sz\u00e1ll\u00edt kiv\u00e1l\u00f3 min\u0151s\u00e9g\u0171, az \u00d6n ig\u00e9nyeire szabott fogaskerekeket.<\/p>\n<h2>Mik azok a k\u00f6sz\u00f6r\u00fclt ferde fogaskerekek?<\/h2>\n<p class=\"break-words\">A k\u00f6sz\u00f6r\u00fclt ferde fogaskerekek olyan ferde fogaskerekek, amelyekn\u00e9l a fogfel\u00fcleteket h\u0151kezel\u00e9s ut\u00e1n prec\u00edzi\u00f3san k\u00f6sz\u00f6r\u00fclik a kiv\u00e9teles pontoss\u00e1g \u00e9s simas\u00e1g el\u00e9r\u00e9se \u00e9rdek\u00e9ben. A ferde kialak\u00edt\u00e1s \u2013 amelyben a fogak a fogasker\u00e9k tengely\u00e9hez k\u00e9pest sz\u00f6gben v\u00e1gottak \u2013 fokozatos kapcsol\u00f3d\u00e1st biztos\u00edt, cs\u00f6kkentve a zajt \u00e9s a rezg\u00e9st a homlokfogaskerekekhez k\u00e9pest. A k\u00f6sz\u00f6r\u00fcl\u00e9si folyamat jav\u00edtja a fel\u00fcletmin\u0151s\u00e9get \u00e9s a m\u00e9retpontoss\u00e1got, \u00edgy ezek a fogaskerekek ide\u00e1lisak olyan alkalmaz\u00e1sokhoz, amelyek minim\u00e1lis holtj\u00e1t\u00e9kot \u00e9s maxim\u00e1lis hat\u00e9konys\u00e1got ig\u00e9nyelnek, p\u00e9ld\u00e1ul sebess\u00e9gv\u00e1lt\u00f3khoz, aut\u00f3ipari rendszerekhez \u00e9s ipari g\u00e9pekhez.<\/p>\n<\/div>\n<h2>Specifik\u00e1ci\u00f3<\/h2>\n<table style=\"width: 100%;\" border=\"1\" width=\"100%\" cellspacing=\"0\" cellpadding=\"0\">\n<thead><\/thead>\n<tbody>\n<tr>\n<td>Furat t\u00edpusa<\/td>\n<td>F\u00f6ld<\/td>\n<\/tr>\n<tr>\n<td>Keresztir\u00e1ny\u00fa modul<\/td>\n<td>1<\/td>\n<\/tr>\n<tr>\n<td>Fogak sz\u00e1ma<\/td>\n<td>100<\/td>\n<\/tr>\n<tr>\n<td>A Helix ir\u00e1nya<\/td>\n<td>Bal k\u00e9z<\/td>\n<\/tr>\n<tr>\n<td>Alak<\/td>\n<td>S1<\/td>\n<\/tr>\n<tr>\n<td>Furat (A)<\/td>\n<td>15,0 (mm)<\/td>\n<\/tr>\n<tr>\n<td>Agy \u00e1tm\u00e9r\u0151je (B)<\/td>\n<td>50,0 (mm)<\/td>\n<\/tr>\n<tr>\n<td>Oszt\u00e1s\u00e1tm\u00e9r\u0151 (C)<\/td>\n<td>100,00 (mm)<\/td>\n<\/tr>\n<tr>\n<td>K\u00fcls\u0151 \u00e1tm\u00e9r\u0151 (D)<\/td>\n<td>102,00 (mm)<\/td>\n<\/tr>\n<tr>\n<td>Sz\u00e9less\u00e9g (E)<\/td>\n<td>8,0 (mm)<\/td>\n<\/tr>\n<tr>\n<td>Agy sz\u00e9less\u00e9ge (F)<\/td>\n<td>10,0 (mm)<\/td>\n<\/tr>\n<tr>\n<td>Teljes hossz (G)<\/td>\n<td>18,00 (mm)<\/td>\n<\/tr>\n<tr>\n<td>H\u00e9lix sz\u00f6g<\/td>\n<td>21\u00b030\u2032<\/td>\n<\/tr>\n<tr>\n<td>Nyom\u00e1ssz\u00f6g<\/td>\n<td>20\u00b0<\/td>\n<\/tr>\n<\/tbody>\n<\/table>\n<div>\n<h3>K\u00f6sz\u00f6r\u00fclt ferde fogaskerekekben haszn\u00e1lt anyagok<\/h3>\n<p class=\"break-words\">Az anyagv\u00e1laszt\u00e1s kritikus fontoss\u00e1g\u00fa a k\u00f6sz\u00f6r\u00fclt ferde fogaskerekek teljes\u00edtm\u00e9nye szempontj\u00e1b\u00f3l. Az FMP-n\u00e9l kiv\u00e1l\u00f3 min\u0151s\u00e9g\u0171 anyagokat v\u00e1lasztunk a szil\u00e1rds\u00e1g, a kop\u00e1s\u00e1ll\u00f3s\u00e1g \u00e9s a hossz\u00fa \u00e9lettartam biztos\u00edt\u00e1sa \u00e9rdek\u00e9ben. Az al\u00e1bbi t\u00e1bl\u00e1zat r\u00e9szletezi a gyakori anyagokat \u00e9s azok tulajdons\u00e1gait:<\/p>\n<div class=\"overflow-x-auto my-2\">\n<table style=\"width: 100%;\" border=\"1\" width=\"100%\" cellspacing=\"0\" cellpadding=\"0\">\n<thead class=\"border-b border-primary\/20\">\n<tr class=\"border-primary\/10\">\n<th class=\"break-words\"><strong>Anyag<\/strong><\/th>\n<th class=\"break-words\"><strong>Tulajdons\u00e1gok<\/strong><\/th>\n<th class=\"break-words\"><strong>Gyakori alkalmaz\u00e1sok<\/strong><\/th>\n<\/tr>\n<\/thead>\n<tbody>\n<tr class=\"border-primary\/10\">\n<td class=\"break-words\"><strong>Sz\u00e9nac\u00e9l (pl. C45)<\/strong><\/td>\n<td class=\"break-words\">Nagy szil\u00e1rds\u00e1g\u00fa, k\u00f6lts\u00e9ghat\u00e9kony, j\u00f3 megmunk\u00e1lhat\u00f3s\u00e1g<\/td>\n<td class=\"break-words\">\u00c1ltal\u00e1nos g\u00e9pek, aut\u00f3ipari sebess\u00e9gv\u00e1lt\u00f3k<\/td>\n<\/tr>\n<tr class=\"border-primary\/10\">\n<td class=\"break-words\"><strong>\u00d6tv\u00f6z\u00f6tt ac\u00e9l (pl. 4140)<\/strong><\/td>\n<td class=\"break-words\">Fokozott sz\u00edv\u00f3ss\u00e1g, kop\u00e1s\u00e1ll\u00f3s\u00e1g<\/td>\n<td class=\"break-words\">Nagy teherb\u00edr\u00e1s\u00fa hajt\u00f3m\u0171vek, ipari hajt\u00e1sok<\/td>\n<\/tr>\n<tr class=\"border-primary\/10\">\n<td class=\"break-words\"><strong>Rozsdamentes ac\u00e9l<\/strong><\/td>\n<td class=\"break-words\">Korr\u00f3zi\u00f3\u00e1ll\u00f3s\u00e1g, tart\u00f3ss\u00e1g<\/td>\n<td class=\"break-words\">\u00c9lelmiszer-feldolgoz\u00e1s, tengeri alkalmaz\u00e1sok<\/td>\n<\/tr>\n<tr class=\"border-primary\/10\">\n<td class=\"break-words\"><strong>Edzett ac\u00e9l<\/strong><\/td>\n<td class=\"break-words\">Kem\u00e9ny fel\u00fclet, er\u0151s mag<\/td>\n<td class=\"break-words\">Nagy terhel\u00e9s\u0171, nagy pontoss\u00e1g\u00fa rendszerek<\/td>\n<\/tr>\n<tr class=\"border-primary\/10\">\n<td class=\"break-words\"><strong>Szersz\u00e1mac\u00e9l<\/strong><\/td>\n<td class=\"break-words\">Extr\u00e9m kem\u00e9nys\u00e9g, h\u0151\u00e1ll\u00f3s\u00e1g<\/td>\n<td class=\"break-words\">Speci\u00e1lis nagysebess\u00e9g\u0171 g\u00e9pek<\/td>\n<\/tr>\n<\/tbody>\n<\/table>\n<\/div>\n<p class=\"break-words\">Ezek az anyagok lehet\u0151v\u00e9 teszik sz\u00e1munkra, hogy olyan fogaskerekeket gy\u00e1rtsunk, amelyek ellen\u00e1llnak a neh\u00e9z k\u00f6rnyezeti felt\u00e9teleknek, az ipari \u00fczemekt\u0151l a prec\u00edzi\u00f3s m\u00e9rn\u00f6ki m\u0171helyekig.<\/p>\n<h3>K\u00f6sz\u00f6r\u00fclt ferde fogaskerekek el\u00e9rhet\u0151 modelljei<\/h3>\n<p class=\"break-words\">Az FMP Company sz\u00e1mos k\u00f6sz\u00f6r\u00fclt ferde fogasker\u00e9k-modellt k\u00edn\u00e1l, hogy megfeleljen a k\u00fcl\u00f6nf\u00e9le specifik\u00e1ci\u00f3knak. Az al\u00e1bbi t\u00e1bl\u00e1zat kiemel n\u00e9h\u00e1ny standard k\u00edn\u00e1latunkat, b\u00e1r a pontos ig\u00e9nyeknek megfelel\u0151en testre szabhatjuk azokat:<\/p>\n<div class=\"overflow-x-auto my-2\">\n<table style=\"width: 100%;\" border=\"1\" width=\"100%\" cellspacing=\"0\" cellpadding=\"0\">\n<thead class=\"border-b border-primary\/20\">\n<tr class=\"border-primary\/10\">\n<th class=\"break-words\"><strong>Modell<\/strong><\/th>\n<th class=\"break-words\"><strong>Modul<\/strong><\/th>\n<th class=\"break-words\"><strong>Fogak sz\u00e1ma<\/strong><\/th>\n<th class=\"break-words\"><strong>Nyom\u00e1ssz\u00f6g<\/strong><\/th>\n<th class=\"break-words\"><strong>H\u00e9lix sz\u00f6g<\/strong><\/th>\n<th class=\"break-words\"><strong>Anyagbe\u00e1ll\u00edt\u00e1sok<\/strong><\/th>\n<\/tr>\n<\/thead>\n<tbody>\n<tr class=\"border-primary\/10\">\n<td class=\"break-words\">\u00dcHG-101<\/td>\n<td class=\"break-words\">1.0<\/td>\n<td class=\"break-words\">20<\/td>\n<td class=\"break-words\">20\u00b0<\/td>\n<td class=\"break-words\">15\u00b0<\/td>\n<td class=\"break-words\">Sz\u00e9nac\u00e9l, \u00f6tv\u00f6z\u00f6tt ac\u00e9l<\/td>\n<\/tr>\n<tr class=\"border-primary\/10\">\n<td class=\"break-words\">\u00dcHG-152<\/td>\n<td class=\"break-words\">1.5<\/td>\n<td class=\"break-words\">30<\/td>\n<td class=\"break-words\">20\u00b0<\/td>\n<td class=\"break-words\">20\u00b0<\/td>\n<td class=\"break-words\">Rozsdamentes ac\u00e9l, szersz\u00e1mac\u00e9l<\/td>\n<\/tr>\n<tr class=\"border-primary\/10\">\n<td class=\"break-words\">\u00dcHG-203<\/td>\n<td class=\"break-words\">2.0<\/td>\n<td class=\"break-words\">25<\/td>\n<td class=\"break-words\">20\u00b0<\/td>\n<td class=\"break-words\">15\u00b0<\/td>\n<td class=\"break-words\">Edzett ac\u00e9l<\/td>\n<\/tr>\n<tr class=\"border-primary\/10\">\n<td class=\"break-words\">\u00dcHG-305<\/td>\n<td class=\"break-words\">3.0<\/td>\n<td class=\"break-words\">40<\/td>\n<td class=\"break-words\">20\u00b0<\/td>\n<td class=\"break-words\">25\u00b0<\/td>\n<td class=\"break-words\">\u00d6tv\u00f6z\u00f6tt ac\u00e9l, rozsdamentes ac\u00e9l<\/td>\n<\/tr>\n<tr class=\"border-primary\/10\">\n<td class=\"break-words\">\u00dcHG-egyedi<\/td>\n<td class=\"break-words\">Szok\u00e1s<\/td>\n<td class=\"break-words\">Szok\u00e1s<\/td>\n<td class=\"break-words\">Szok\u00e1s<\/td>\n<td class=\"break-words\">Szok\u00e1s<\/td>\n<td class=\"break-words\">B\u00e1rmilyen<\/td>\n<\/tr>\n<\/tbody>\n<\/table>\n<\/div>\n<p class=\"break-words\">Ezeket a modelleket a prec\u00edzi\u00f3 \u00e9s a megb\u00edzhat\u00f3s\u00e1g jegy\u00e9ben tervezt\u00e9k, biztos\u00edtva az optim\u00e1lis teljes\u00edtm\u00e9nyt a kis berendez\u00e9sekt\u0151l a nagy ipari rendszerekig terjed\u0151 alkalmaz\u00e1sokban.<\/p>\n<div>\n<h4>FMP Company: A k\u00f6sz\u00f6r\u00fclt ferde fogaskerekek forr\u00e1sa<\/h4>\n<p class=\"break-words\">Az FMP-n\u00e9l a legmagasabb min\u0151s\u00e9gi \u00e9s teljes\u00edtm\u00e9nyi szabv\u00e1nyoknak megfelel\u0151, k\u00f6sz\u00f6r\u00fclt ferde fogaskerekek gy\u00e1rt\u00e1s\u00e1ra specializ\u00e1l\u00f3dtunk. Ak\u00e1r standard modellre, ak\u00e1r egyedi megold\u00e1sra van sz\u00fcks\u00e9ge, mi seg\u00edt\u00fcnk. K\u00edn\u00e1latunk a k\u00f6vetkez\u0151ket tartalmazza:<\/p>\n<ul class=\"marker:text-secondary\">\n<li class=\"break-words\"><strong>Sz\u00e9les v\u00e1laszt\u00e9k<\/strong>A k\u00f6nny\u0171 fogaskerekekt\u0151l a nagy teherb\u00edr\u00e1s\u00fa opci\u00f3kig minden ipar\u00e1g sz\u00e1m\u00e1ra k\u00edn\u00e1lunk term\u00e9keket.<\/li>\n<li class=\"break-words\"><strong>Testreszab\u00e1s<\/strong>Csapatunk az \u00d6n egyedi ig\u00e9nyeire szabott, k\u00f6sz\u00f6r\u00fclt ferde fogaskerekeket tervez \u00e9s gy\u00e1rt, biztos\u00edtva az alkalmaz\u00e1s\u00e1hoz val\u00f3 t\u00f6k\u00e9letes illeszked\u00e9st.<\/li>\n<li class=\"break-words\"><strong>Prec\u00edzi\u00f3s csiszol\u00e1s<\/strong>Minden fogaskereket pontos t\u0171r\u00e9shat\u00e1rok szerint k\u00f6sz\u00f6r\u00fcl\u00fcnk, ami alacsony zajszintet, magas hat\u00e1sfokot \u00e9s hosszabb \u00e9lettartamot biztos\u00edt.<\/li>\n<\/ul>\n<p class=\"break-words\">Ha nem tal\u00e1lja a pontosan megfelel\u0151 modellt a list\u00e1nkban, ne agg\u00f3djon \u2013 term\u00e9kkatal\u00f3gusunk folyamatosan b\u0151v\u00fcl. Lehets\u00e9ges, hogy m\u00e9g nem friss\u00edtett\u00fck a leg\u00fajabb modelljeinkkel. Egyszer\u0171en k\u00fcldj\u00f6n nek\u00fcnk egy e-mailt az ig\u00e9nyeivel, \u00e9s szak\u00e9rt\u0151 m\u00e9rn\u00f6keink n\u00e9h\u00e1ny napon bel\u00fcl v\u00e1laszolnak. <strong>24 \u00f3ra<\/strong> egy az \u00d6n projektj\u00e9re szabott megold\u00e1ssal. Elk\u00f6telezettek vagyunk az \u00d6n ig\u00e9nyeinek kiel\u00e9g\u00edt\u00e9se ir\u00e1nt, f\u00fcggetlen\u00fcl annak \u00f6sszetetts\u00e9g\u00e9t\u0151l.<\/p>\n<h4>F\u00f6ldi ferde fogaskerekek alkalmaz\u00e1sai<\/h4>\n<p class=\"break-words\">A k\u00f6sz\u00f6r\u00fclt ferde fogaskerekek sokoldal\u00fas\u00e1guk \u00e9s pontoss\u00e1guk miatt nagyra becs\u00fcltek, \u00edgy sz\u00e1mos ipar\u00e1gban n\u00e9lk\u00fcl\u00f6zhetetlenek:<\/p>\n<ul class=\"marker:text-secondary\">\n<li class=\"break-words\"><strong>Aut\u00f3ipar<\/strong>: \u00c1tviteli rendszerekben haszn\u00e1lj\u00e1k a sima, csendes m\u0171k\u00f6d\u00e9s \u00e9rdek\u00e9ben.<\/li>\n<li class=\"break-words\"><strong>Ipari g\u00e9pek<\/strong>Hajt\u00f3m\u0171vek \u00e9s hajt\u00e1sok energiaell\u00e1t\u00e1sa gy\u00e1rt\u00f3\u00fczemekben.<\/li>\n<li class=\"break-words\"><strong>Rep\u00fcl\u0151g\u00e9pipar<\/strong>Prec\u00edzi\u00f3s alkatr\u00e9szek nagy teljes\u00edtm\u00e9ny\u0171 berendez\u00e9sekhez.<\/li>\n<li class=\"break-words\"><strong>Tengeri<\/strong>Tart\u00f3s fogaskerekek meghajt\u00e1shoz \u00e9s seg\u00e9drendszerekhez.<\/li>\n<\/ul>\n<p class=\"break-words\">A nagy terhel\u00e9sek kezel\u00e9s\u00e9nek \u00e9s a pontoss\u00e1g fenntart\u00e1s\u00e1nak k\u00e9pess\u00e9ge ig\u00e9nyes k\u00f6r\u00fclm\u00e9nyek k\u00f6z\u00f6tt is el\u0151ny\u00f6s v\u00e1laszt\u00e1ss\u00e1 teszi \u0151ket a m\u00e9rn\u00f6k\u00f6k \u00e9s a gy\u00e1rt\u00f3k sz\u00e1m\u00e1ra.<\/p>\n<h4>Mi\u00e9rt v\u00e1lassza az FMP-t?<\/h4>\n<p class=\"break-words\">Az FMP Company a min\u0151s\u00e9g \u00e9s az \u00fcgyf\u00e9l-el\u00e9gedetts\u00e9g ir\u00e1nti elk\u00f6telezetts\u00e9g\u00fcnknek k\u00f6sz\u00f6nhet\u0151en a k\u00f6sz\u00f6r\u00fclt ferde fogaskerekek megb\u00edzhat\u00f3 gy\u00e1rt\u00f3jak\u00e9nt t\u0171nik ki. Fejlett k\u00f6sz\u00f6r\u00fcl\u00e9si technik\u00e1kat \u00e9s szigor\u00fa min\u0151s\u00e9gellen\u0151rz\u00e9st alkalmazunk annak \u00e9rdek\u00e9ben, hogy minden fogasker\u00e9k megfeleljen az elv\u00e1r\u00e1sainak. Gyors reag\u00e1l\u00e1si id\u0151nk \u2013 a m\u00e9rn\u00f6k\u00f6k 24 \u00f3r\u00e1n bel\u00fcl v\u00e1laszolnak \u2013 \u00e9s az egyedi ig\u00e9nyekre szab\u00e1s k\u00e9pess\u00e9ge tesz minket megb\u00edzhat\u00f3 partnerr\u00e9 a v\u00e1llalkoz\u00e1sok sz\u00e1m\u00e1ra vil\u00e1gszerte.<\/p>\n<p><img loading=\"lazy\" decoding=\"async\" class=\"size-full wp-image-7387 aligncenter\" src=\"https:\/\/fmp-components.com\/wp-content\/uploads\/2025\/03\/Ground-Helical-Gears-Product-2.webp\" alt=\"F\u00f6ldi ferde fogaskerekek\" width=\"1200\" height=\"300\" title=\"\" srcset=\"https:\/\/fmp-components.com\/wp-content\/uploads\/2025\/03\/Ground-Helical-Gears-Product-2.webp 1200w, https:\/\/fmp-components.com\/wp-content\/uploads\/2025\/03\/Ground-Helical-Gears-Product-2-980x245.webp 980w, https:\/\/fmp-components.com\/wp-content\/uploads\/2025\/03\/Ground-Helical-Gears-Product-2-480x120.webp 480w\" sizes=\"(min-width: 0px) and (max-width: 480px) 480px, (min-width: 481px) and (max-width: 980px) 980px, (min-width: 981px) 1200px, 100vw\" \/><\/p>\n<\/div>\n<\/div>","protected":false},"excerpt":{"rendered":"<p>When precision, durability, and smooth operation are paramount, Ground Helical Gears emerge as an exceptional choice for power transmission systems. These gears, characterized by their angled teeth and meticulously ground surfaces, offer superior performance in high-load and high-speed applications. At FMP Company, we are proud to manufacture a wide variety of ground helical gears, serving [&hellip;]<\/p>","protected":false},"featured_media":7386,"comment_status":"open","ping_status":"closed","template":"","meta":{"_et_pb_use_builder":"","_et_pb_old_content":"","_et_gb_content_width":""},"product_brand":[],"product_cat":[108],"product_tag":[],"class_list":{"0":"post-7384","1":"product","2":"type-product","3":"status-publish","4":"has-post-thumbnail","6":"product_cat-helical-gear","8":"first","9":"instock","10":"shipping-taxable","11":"product-type-simple"},"_links":{"self":[{"href":"https:\/\/fmp-components.com\/hu\/wp-json\/wp\/v2\/product\/7384","targetHints":{"allow":["GET"]}}],"collection":[{"href":"https:\/\/fmp-components.com\/hu\/wp-json\/wp\/v2\/product"}],"about":[{"href":"https:\/\/fmp-components.com\/hu\/wp-json\/wp\/v2\/types\/product"}],"replies":[{"embeddable":true,"href":"https:\/\/fmp-components.com\/hu\/wp-json\/wp\/v2\/comments?post=7384"}],"wp:featuredmedia":[{"embeddable":true,"href":"https:\/\/fmp-components.com\/hu\/wp-json\/wp\/v2\/media\/7386"}],"wp:attachment":[{"href":"https:\/\/fmp-components.com\/hu\/wp-json\/wp\/v2\/media?parent=7384"}],"wp:term":[{"taxonomy":"product_brand","embeddable":true,"href":"https:\/\/fmp-components.com\/hu\/wp-json\/wp\/v2\/product_brand?post=7384"},{"taxonomy":"product_cat","embeddable":true,"href":"https:\/\/fmp-components.com\/hu\/wp-json\/wp\/v2\/product_cat?post=7384"},{"taxonomy":"product_tag","embeddable":true,"href":"https:\/\/fmp-components.com\/hu\/wp-json\/wp\/v2\/product_tag?post=7384"}],"curies":[{"name":"munkaf\u00fczet","href":"https:\/\/api.w.org\/{rel}","templated":true}]}}