{"id":7380,"date":"2025-03-24T06:05:22","date_gmt":"2025-03-24T06:05:22","guid":{"rendered":"https:\/\/fmp-components.com\/?post_type=product&#038;p=7380"},"modified":"2025-03-26T08:41:57","modified_gmt":"2025-03-26T08:41:57","slug":"plastic-helical-gear","status":"publish","type":"product","link":"https:\/\/fmp-components.com\/hu\/product\/plastic-helical-gear\/","title":{"rendered":"M\u0171anyag spir\u00e1lis fogasker\u00e9k"},"content":{"rendered":"<div>\n<h2>M\u0171anyag ferde fogaskerekek<\/h2>\n<p class=\"break-words\">A hat\u00e9kony er\u0151\u00e1tvitel \u00e9s a sima m\u0171k\u00f6d\u00e9s szempontj\u00e1b\u00f3l a m\u0171anyag ferde fogaskerekek vil\u00e1gszerte az ipar\u00e1gak els\u0151 sz\u00e1m\u00fa v\u00e1laszt\u00e1s\u00e1t jelentik. Sz\u00f6gletes fogazatukr\u00f3l \u00e9s csendes m\u0171k\u00f6d\u00e9s\u00fckr\u0151l ismertek, ezek a fogaskerekek egyre n\u00e9pszer\u0171bbek az aut\u00f3ipari rendszerekt\u0151l az ipari g\u00e9pekig terjed\u0151 alkalmaz\u00e1sokban. Az FMP Company-n\u00e1l a m\u0171anyagok sz\u00e9les v\u00e1laszt\u00e9k\u00e1nak gy\u00e1rt\u00e1s\u00e1ra specializ\u00e1l\u00f3dtunk. <a href=\"https:\/\/fmp-components.com\/hu\/helical-gears\/\">ferde fogaskerekek<\/a>, amely standard modelleket \u00e9s egyedi megold\u00e1sokat is k\u00edn\u00e1l, hogy kiel\u00e9g\u00edtse az olaszorsz\u00e1gi v\u00e1llalkoz\u00e1sok sokf\u00e9le ig\u00e9ny\u00e9t \u2013 Mil\u00e1n\u00f3 gy\u00e1rt\u00f3k\u00f6zpontjait\u00f3l Velence tenger\u00e9szeti ipar\u00e1ig.<\/p>\n<h3>Mi\u00e9rt m\u0171anyag ferde fogaskerekek?<\/h3>\n<p class=\"break-words\">A m\u0171anyag ferde fogaskerekek \u00f6tv\u00f6zik a ferde fogaskerekek kialak\u00edt\u00e1s\u00e1nak el\u0151nyeit \u2013 p\u00e9ld\u00e1ul a fokozatos fogak \u00f6sszekapcsol\u00f3d\u00e1s\u00e1t a cs\u00f6kkentett zajszint \u00e9s a nagyobb teherb\u00edr\u00e1s \u00e9rdek\u00e9ben \u2013 a m\u0171anyagok el\u0151nyeivel, bele\u00e9rtve a korr\u00f3zi\u00f3\u00e1ll\u00f3s\u00e1got, a k\u00f6nny\u0171 szerkezetet \u00e9s a k\u00f6lts\u00e9ghat\u00e9konys\u00e1got. F\u00e9m t\u00e1rsaikkal ellent\u00e9tben a m\u0171anyag ferde fogaskerekek ide\u00e1lisak olyan alkalmaz\u00e1sokhoz, ahol a s\u00falycs\u00f6kkent\u00e9s \u00e9s a csendesebb m\u0171k\u00f6d\u00e9s priorit\u00e1s, \u00edgy alapvet\u0151 fontoss\u00e1g\u00faak az olyan v\u00e1rosokban vir\u00e1gz\u00f3 \u00e1gazatokban, mint Bologna \u00e9s Firenze.<\/p>\n<\/div>\n<p><img loading=\"lazy\" decoding=\"async\" class=\"alignnone size-full wp-image-7382\" src=\"https:\/\/fmp-components.com\/wp-content\/uploads\/2025\/03\/plastic-helical-gear-2.webp\" alt=\"m\u0171anyag-ferde fogasker\u00e9k\" width=\"900\" height=\"300\" title=\"\" srcset=\"https:\/\/fmp-components.com\/wp-content\/uploads\/2025\/03\/plastic-helical-gear-2.webp 900w, https:\/\/fmp-components.com\/wp-content\/uploads\/2025\/03\/plastic-helical-gear-2-480x160.webp 480w\" sizes=\"(min-width: 0px) and (max-width: 480px) 480px, (min-width: 481px) 900px, 100vw\" \/><\/p>\n<p>\u3001<\/p>\n<div>\n<h4>M\u0171anyag ferde fogaskerekekben haszn\u00e1lt anyagok<\/h4>\n<p class=\"break-words\">A m\u0171anyag ferde fogasker\u00e9k teljes\u00edtm\u00e9nye nagym\u00e9rt\u00e9kben f\u00fcgg az anyag\u00e1t\u00f3l, amelyb\u0151l k\u00e9sz\u00fclt. Az FMP-n\u00e9l kiv\u00e1l\u00f3 min\u0151s\u00e9g\u0171, speci\u00e1lis alkalmaz\u00e1sokhoz igaz\u00edtott polimereket haszn\u00e1lunk. Az al\u00e1bbi t\u00e1bl\u00e1zat a gyakori anyagokat \u00e9s azok tulajdons\u00e1gait ismerteti:<\/p>\n<div class=\"overflow-x-auto my-2\">\n<table style=\"width: 100%;\" border=\"1\" width=\"100%\" cellspacing=\"0\" cellpadding=\"0\">\n<thead class=\"border-b border-primary\/20\">\n<tr class=\"border-primary\/10\">\n<th class=\"break-words\"><strong>Anyag<\/strong><\/th>\n<th class=\"break-words\"><strong>Tulajdons\u00e1gok<\/strong><\/th>\n<th class=\"break-words\"><strong>Gyakori alkalmaz\u00e1sok<\/strong><\/th>\n<\/tr>\n<\/thead>\n<tbody>\n<tr class=\"border-primary\/10\">\n<td class=\"break-words\"><strong>Nejlon (PA)<\/strong><\/td>\n<td class=\"break-words\">Nagy szil\u00e1rds\u00e1g, kop\u00e1s\u00e1ll\u00f3s\u00e1g, alacsony s\u00farl\u00f3d\u00e1s<\/td>\n<td class=\"break-words\">Ipari g\u00e9pek, aut\u00f3alkatr\u00e9szek<\/td>\n<\/tr>\n<tr class=\"border-primary\/10\">\n<td class=\"break-words\"><strong>POM (acet\u00e1l)<\/strong><\/td>\n<td class=\"break-words\">Kiv\u00e1l\u00f3 m\u00e9retstabilit\u00e1s, alacsony nedvess\u00e9gfelv\u00e9tel<\/td>\n<td class=\"break-words\">Prec\u00edzi\u00f3s fogaskerekek, szivatty\u00fak, sz\u00e1ll\u00edt\u00f3szalagok<\/td>\n<\/tr>\n<tr class=\"border-primary\/10\">\n<td class=\"break-words\"><strong>KANDIK\u00c1L<\/strong><\/td>\n<td class=\"break-words\">Magas h\u0151m\u00e9rs\u00e9klet-\u00e1ll\u00f3s\u00e1g, vegyi ellen\u00e1ll\u00e1s<\/td>\n<td class=\"break-words\">Rep\u00fcl\u0151g\u00e9pipar, orvostechnikai eszk\u00f6z\u00f6k<\/td>\n<\/tr>\n<tr class=\"border-primary\/10\">\n<td class=\"break-words\"><strong>Polikarbon\u00e1t (PC)<\/strong><\/td>\n<td class=\"break-words\">\u00dct\u00e9s\u00e1ll\u00f3s\u00e1g, \u00e1tl\u00e1tsz\u00f3s\u00e1g<\/td>\n<td class=\"break-words\">Sz\u00f3rakoztat\u00f3 elektronika, k\u00f6nny\u0171szerkezetes fogaskerekek<\/td>\n<\/tr>\n<tr class=\"border-primary\/10\">\n<td class=\"break-words\"><strong>PP (polipropil\u00e9n)<\/strong><\/td>\n<td class=\"break-words\">K\u00f6nny\u0171, vegyszer\u00e1ll\u00f3<\/td>\n<td class=\"break-words\">Folyad\u00e9krendszerek, alacsony terhel\u00e9s\u0171 alkalmaz\u00e1sok<\/td>\n<\/tr>\n<\/tbody>\n<\/table>\n<\/div>\n<p class=\"break-words\">Ezek az anyagok lehet\u0151v\u00e9 teszik sz\u00e1munkra, hogy olyan fogaskerekeket gy\u00e1rtsunk, amelyek megfelelnek a mil\u00e1n\u00f3i ipar\u00e1gak speci\u00e1lis ig\u00e9nyeinek, ahol a prec\u00edzi\u00f3s m\u00e9rn\u00f6ki munka uralkodik, vagy a velencei ipar\u00e1gak\u00e9, ahol a korr\u00f3zi\u00f3\u00e1ll\u00f3 alkatr\u00e9szek elengedhetetlenek a tengeri k\u00f6rnyezetben.<\/p>\n<h4>M\u0171anyag ferde fogaskerekek el\u00e9rhet\u0151 modelljei<\/h4>\n<p class=\"break-words\">Az FMP Company k\u00fcl\u00f6nf\u00e9le m\u0171anyag ferde fogasker\u00e9k modelleket k\u00edn\u00e1l, hogy megfeleljen a k\u00fcl\u00f6nb\u00f6z\u0151 specifik\u00e1ci\u00f3knak. Az al\u00e1bbi t\u00e1bl\u00e1zat bemutat n\u00e9h\u00e1ny standard modell\u00fcnket, b\u00e1r a k\u00e9pess\u00e9geink messze t\u00falmutatnak ezen a list\u00e1n:<\/p>\n<div class=\"overflow-x-auto my-2\">\n<table style=\"width: 100%;\" border=\"1\" width=\"100%\" cellspacing=\"0\" cellpadding=\"0\">\n<thead class=\"border-b border-primary\/20\">\n<tr class=\"border-primary\/10\">\n<th class=\"break-words\"><strong>Modell<\/strong><\/th>\n<th class=\"break-words\"><strong>Modul<\/strong><\/th>\n<th class=\"break-words\"><strong>Fogak sz\u00e1ma<\/strong><\/th>\n<th class=\"break-words\"><strong>Nyom\u00e1ssz\u00f6g<\/strong><\/th>\n<th class=\"break-words\"><strong>H\u00e9lix sz\u00f6g<\/strong><\/th>\n<th class=\"break-words\"><strong>Anyagbe\u00e1ll\u00edt\u00e1sok<\/strong><\/th>\n<\/tr>\n<\/thead>\n<tbody>\n<tr class=\"border-primary\/10\">\n<td class=\"break-words\">PHG-101<\/td>\n<td class=\"break-words\">1.0<\/td>\n<td class=\"break-words\">20<\/td>\n<td class=\"break-words\">20\u00b0<\/td>\n<td class=\"break-words\">15\u00b0<\/td>\n<td class=\"break-words\">Nejlon, POM<\/td>\n<\/tr>\n<tr class=\"border-primary\/10\">\n<td class=\"break-words\">PHG-152<\/td>\n<td class=\"break-words\">1.5<\/td>\n<td class=\"break-words\">30<\/td>\n<td class=\"break-words\">20\u00b0<\/td>\n<td class=\"break-words\">20\u00b0<\/td>\n<td class=\"break-words\">POM, PEEK<\/td>\n<\/tr>\n<tr class=\"border-primary\/10\">\n<td class=\"break-words\">PHG-203<\/td>\n<td class=\"break-words\">2.0<\/td>\n<td class=\"break-words\">25<\/td>\n<td class=\"break-words\">20\u00b0<\/td>\n<td class=\"break-words\">15\u00b0<\/td>\n<td class=\"break-words\">Nejlon, Polikarbon\u00e1t<\/td>\n<\/tr>\n<tr class=\"border-primary\/10\">\n<td class=\"break-words\">PHG-305<\/td>\n<td class=\"break-words\">3.0<\/td>\n<td class=\"break-words\">40<\/td>\n<td class=\"break-words\">20\u00b0<\/td>\n<td class=\"break-words\">25\u00b0<\/td>\n<td class=\"break-words\">PEEK, PP<\/td>\n<\/tr>\n<tr class=\"border-primary\/10\">\n<td class=\"break-words\">PHG-Egyedi<\/td>\n<td class=\"break-words\">Szok\u00e1s<\/td>\n<td class=\"break-words\">Szok\u00e1s<\/td>\n<td class=\"break-words\">Szok\u00e1s<\/td>\n<td class=\"break-words\">Szok\u00e1s<\/td>\n<td class=\"break-words\">B\u00e1rmilyen<\/td>\n<\/tr>\n<\/tbody>\n<\/table>\n<\/div>\n<p class=\"break-words\">Ezeket a modelleket \u00fagy tervezt\u00e9k, hogy sz\u00e1mos alkalmaz\u00e1shoz megfeleljenek, a firenzei k\u00e9zm\u0171ves m\u0171helyekben haszn\u00e1lt kism\u00e9ret\u0171 berendez\u00e9sekt\u0151l a bolognai ipari \u00f6vezetekben tal\u00e1lhat\u00f3 nagy teljes\u00edtm\u00e9ny\u0171 rendszerekig. Minden egyes fogaskereket az optim\u00e1lis teljes\u00edtm\u00e9nyre terveztek, biztos\u00edtva a sima er\u0151\u00e1tvitelt \u00e9s a tart\u00f3ss\u00e1got.<\/p>\n<div>\n<h3>FMP Company: Az \u00d6n partnere m\u0171anyag ferde fogaskerekek ter\u00e9n Olaszorsz\u00e1gban<\/h3>\n<p class=\"break-words\">Az FMP-n\u00e9l b\u00fcszk\u00e9k vagyunk arra, hogy Olaszorsz\u00e1g vezet\u0151 m\u0171anyag ferde fogaskerekek gy\u00e1rt\u00f3i k\u00f6z\u00e9 tartozunk. Ak\u00e1r Mil\u00e1n\u00f3ban, Velenc\u00e9ben, Firenz\u00e9ben vagy Bologn\u00e1ban tal\u00e1lhat\u00f3, a k\u00f6vetkez\u0151ket k\u00edn\u00e1ljuk:<\/p>\n<ul class=\"marker:text-secondary\">\n<li class=\"break-words\"><strong>V\u00e1ltozatos term\u00e9kk\u00edn\u00e1lat<\/strong>A standard modellekt\u0151l a speci\u00e1lis kivitelekig minden felszerel\u00e9si ig\u00e9nyt kiel\u00e9g\u00edt\u00fcnk.<\/li>\n<li class=\"break-words\"><strong>Testreszab\u00e1si szolg\u00e1ltat\u00e1sok<\/strong>Egyedi fogasker\u00e9kre van sz\u00fcks\u00e9ge egy adott projekthez? Csapatunk egyedi m\u0171anyag ferde fogaskerekeket tervez \u00e9s gy\u00e1rt, az \u00d6n pontos ig\u00e9nyei szerint.<\/li>\n<li class=\"break-words\"><strong>Helyi szak\u00e9rtelem<\/strong>\u00c9rtj\u00fck Olaszorsz\u00e1g ipari k\u00f6rnyezet\u00e9t, \u00edgy megold\u00e1saink \u00f6sszhangban vannak a helyi piacok ig\u00e9nyeivel.<\/li>\n<\/ul>\n<h3>Nem tal\u00e1lja a modellj\u00e9t?<\/h3>\n<p class=\"break-words\">Ha a sz\u00fcks\u00e9ges modell nem szerepel a fenti list\u00e1n, ne agg\u00f3djon \u2013 term\u00e9kkatal\u00f3gusunk folyamatosan friss\u00fcl. Lehets\u00e9ges, hogy m\u00e9g nem t\u00f6lt\u00f6tt\u00fck fel a leg\u00fajabbakat. Egyszer\u0171en k\u00fcldj\u00f6n nek\u00fcnk e-mailt az ig\u00e9nyeivel, \u00e9s k\u00e9pzett m\u00e9rn\u00f6keink 24 \u00f3r\u00e1n bel\u00fcl v\u00e1laszolnak a megold\u00e1ssal.<\/p>\n<\/div>\n<\/div>","protected":false},"excerpt":{"rendered":"<p>Plastic Helical Gears When it comes to efficient power transmission and smooth operation, Plastic Helical Gears are a top choice for industries worldwide. Known for their angled teeth and quiet performance, these gears are increasingly popular in applications ranging from automotive systems to industrial machinery. At FMP Company, we specialize in manufacturing a wide range [&hellip;]<\/p>","protected":false},"featured_media":7381,"comment_status":"open","ping_status":"closed","template":"","meta":{"_et_pb_use_builder":"","_et_pb_old_content":"","_et_gb_content_width":""},"product_brand":[],"product_cat":[108],"product_tag":[],"class_list":{"0":"post-7380","1":"product","2":"type-product","3":"status-publish","4":"has-post-thumbnail","6":"product_cat-helical-gear","8":"first","9":"instock","10":"shipping-taxable","11":"product-type-simple"},"_links":{"self":[{"href":"https:\/\/fmp-components.com\/hu\/wp-json\/wp\/v2\/product\/7380","targetHints":{"allow":["GET"]}}],"collection":[{"href":"https:\/\/fmp-components.com\/hu\/wp-json\/wp\/v2\/product"}],"about":[{"href":"https:\/\/fmp-components.com\/hu\/wp-json\/wp\/v2\/types\/product"}],"replies":[{"embeddable":true,"href":"https:\/\/fmp-components.com\/hu\/wp-json\/wp\/v2\/comments?post=7380"}],"wp:featuredmedia":[{"embeddable":true,"href":"https:\/\/fmp-components.com\/hu\/wp-json\/wp\/v2\/media\/7381"}],"wp:attachment":[{"href":"https:\/\/fmp-components.com\/hu\/wp-json\/wp\/v2\/media?parent=7380"}],"wp:term":[{"taxonomy":"product_brand","embeddable":true,"href":"https:\/\/fmp-components.com\/hu\/wp-json\/wp\/v2\/product_brand?post=7380"},{"taxonomy":"product_cat","embeddable":true,"href":"https:\/\/fmp-components.com\/hu\/wp-json\/wp\/v2\/product_cat?post=7380"},{"taxonomy":"product_tag","embeddable":true,"href":"https:\/\/fmp-components.com\/hu\/wp-json\/wp\/v2\/product_tag?post=7380"}],"curies":[{"name":"munkaf\u00fczet","href":"https:\/\/api.w.org\/{rel}","templated":true}]}}