{"id":7377,"date":"2025-03-24T05:33:09","date_gmt":"2025-03-24T05:33:09","guid":{"rendered":"https:\/\/fmp-components.com\/?post_type=product&#038;p=7377"},"modified":"2025-03-26T08:42:16","modified_gmt":"2025-03-26T08:42:16","slug":"parallel-axis-helical-gears","status":"publish","type":"product","link":"https:\/\/fmp-components.com\/hu\/product\/parallel-axis-helical-gears\/","title":{"rendered":"P\u00e1rhuzamos tengely\u0171 ferde fogaskerekek"},"content":{"rendered":"<div>\n<p class=\"break-words\">A prec\u00edzi\u00f3s m\u00e9rn\u00f6ki munka \u00e9s az er\u0151\u00e1tvitel ter\u00e9n a p\u00e1rhuzamos tengely\u0171 ferde fogaskerekek megb\u00edzhat\u00f3 \u00e9s hat\u00e9kony megold\u00e1sk\u00e9nt t\u0171nnek ki. Az FMP Company-n\u00e1l b\u00fcszk\u00e9k vagyunk arra, hogy a p\u00e1rhuzamos tengely\u0171 ferde fogaskerekek k\u00fcl\u00f6nf\u00e9le t\u00edpusainak vezet\u0151 gy\u00e1rt\u00f3ja vagyunk, \u00e9s eg\u00e9sz Olaszorsz\u00e1gban kiszolg\u00e1ljuk az ipar\u00e1gakat \u2013 Mil\u00e1n\u00f3 \u00e9s Bologna ipari k\u00f6zpontjait\u00f3l kezdve Velence \u00e9s Firenze t\u00f6rt\u00e9nelmi v\u00e1rosaiig.<\/p>\n<h2>Mik azok a p\u00e1rhuzamos tengely\u0171 ferde fogaskerekek?<\/h2>\n<p class=\"break-words\">A p\u00e1rhuzamos tengely\u0171 fogaskerekek olyan fogaskerekek, amelyeket k\u00e9t p\u00e1rhuzamos tengely k\u00f6z\u00f6tti mozg\u00e1s \u00e9s er\u0151 \u00e1tvitel\u00e9re terveztek. Ezek k\u00f6z\u00e9 tartoznak a <a href=\"https:\/\/fmp-components.com\/hu\/helical-gears\/\">ferde fogaskerekek<\/a> egyedi fogkialak\u00edt\u00e1sukr\u00f3l ismertek, amelyek a fogasker\u00e9k tengely\u00e9hez k\u00e9pest sz\u00f6gben, spir\u00e1lis mint\u00e1zatban vannak v\u00e1gva. Ez ellent\u00e9tben \u00e1ll a homlokfogaskerekekkel, amelyek egyenes, a tengellyel p\u00e1rhuzamos fogakkal rendelkeznek. A spir\u00e1lis kialak\u00edt\u00e1s sim\u00e1bb, csendesebb m\u0171k\u00f6d\u00e9st \u00e9s nagyobb teherb\u00edr\u00e1st tesz lehet\u0151v\u00e9, \u00edgy sz\u00e9les k\u00f6r\u0171 alkalmaz\u00e1sokhoz ide\u00e1lisak.<\/p>\n<p class=\"break-words\">Az FMP-n\u00e9l p\u00e1rhuzamos ferde fogaskerekek gy\u00e1rt\u00e1s\u00e1ra specializ\u00e1l\u00f3dtunk, amelyeket kiz\u00e1r\u00f3lag p\u00e1rhuzamos tengelyelrendez\u00e9sekhez haszn\u00e1lunk. Ezek a fogaskerekek prec\u00edz m\u00e9rn\u00f6ki munk\u00e1t ig\u00e9nyelnek: k\u00e9t illeszked\u0151 fogasker\u00e9knek azonos modulussal \u00e9s nyom\u00e1ssz\u00f6ggel kell rendelkeznie, de ellent\u00e9tes spir\u00e1lir\u00e1nyban (pl. egy jobbos ferde fogasker\u00e9k p\u00e1rosul egy balos ferde fogasker\u00e9kkel). Ez biztos\u00edtja a z\u00f6kken\u0151mentes kapcsol\u00f3d\u00e1st \u00e9s a hat\u00e9kony er\u0151\u00e1tvitelt, a g\u00f6rd\u00fcl\u0151 \u00e9rintkez\u00e9si fel\u00fcletnek k\u00f6sz\u00f6nhet\u0151en a hat\u00e1sfok 98,0% \u00e9s 99,5% k\u00f6z\u00f6tt mozog.<\/p>\n<\/div>\n<h2>P\u00e1rhuzamos tengely\u0171 ferde fogaskerekek specifik\u00e1ci\u00f3ja<\/h2>\n<table border=\"1\" width=\"100%\" cellspacing=\"0\" cellpadding=\"0\">\n<tbody>\n<tr class=\"firstRow\">\n<td width=\"132\" height=\"33\">Modellsz\u00e1m<\/td>\n<td width=\"325\" height=\"33\">M1, M1.5, M2, M2.5, M3, M4, M5, M8, M12 \u00e9s stb.<\/td>\n<\/tr>\n<tr>\n<td width=\"132\" height=\"32\">Anyag<\/td>\n<td width=\"325\" height=\"32\">S\u00e1rgar\u00e9z, C45 ac\u00e9l, rozsdamentes ac\u00e9l, r\u00e9z, POM, alum\u00ednium, \u00f6tv\u00f6zet \u00e9s \u00edgy tov\u00e1bb<\/td>\n<\/tr>\n<tr>\n<td width=\"132\" height=\"31\">Fel\u00fcletkezel\u00e9s<\/td>\n<td width=\"325\" height=\"31\">Cinkbevonat, Nikkelbevonat, Passziv\u00e1l\u00e1s, Oxid\u00e1ci\u00f3, Elox\u00e1l\u00e1s,<br \/>\nGeomet, Dacromet, Fekete-oxid, Foszfatiz\u00e1l\u00e1s, Porbevonatol\u00e1s \u00e9s Elektrofor\u00e9zis<\/td>\n<\/tr>\n<tr>\n<td width=\"132\" height=\"31\">Standard<\/td>\n<td width=\"325\" height=\"31\">ISO, DIN, ANSI, JIS, BS \u00e9s nem szabv\u00e1nyos.<\/td>\n<\/tr>\n<tr>\n<td width=\"132\" height=\"31\">Pontoss\u00e1g<\/td>\n<td width=\"325\" height=\"31\">DIN6, DIN7, DIN8, DIN9.<\/td>\n<\/tr>\n<tr>\n<td width=\"132\" height=\"31\">Fog\u00e1szati \u200b\u200bkezel\u00e9s<\/td>\n<td width=\"325\" height=\"31\">Edzett, mart vagy k\u00f6sz\u00f6r\u00fclt<\/td>\n<\/tr>\n<tr>\n<td width=\"132\" height=\"31\">Tolerancia<\/td>\n<td width=\"325\" height=\"31\">0,001 mm-0,01 mm-0,1 mm<\/td>\n<\/tr>\n<tr>\n<td width=\"132\" height=\"31\">Befejez\u00e9s<\/td>\n<td width=\"325\" height=\"31\">s\u00f6r\u00e9tez\u00e9s\/homokf\u00fav\u00e1s, h\u0151kezel\u00e9s, l\u00e1gy\u00edt\u00e1s, megereszt\u00e9s, pol\u00edroz\u00e1s, elox\u00e1l\u00e1s, horganyzott<\/td>\n<\/tr>\n<tr>\n<td width=\"132\" height=\"30\">Csomagol\u00e1s<\/td>\n<td width=\"325\" height=\"30\">M\u0171anyag zacsk\u00f3 + dobozok vagy fa csomagol\u00e1s<\/td>\n<\/tr>\n<tr>\n<td width=\"132\" height=\"28\">Fizet\u00e9si felt\u00e9telek<\/td>\n<td width=\"325\" height=\"28\">T\/T, L\/C<\/td>\n<\/tr>\n<tr>\n<td width=\"132\" height=\"30\">Gy\u00e1rt\u00e1si \u00e1tfut\u00e1si id\u0151<\/td>\n<td width=\"325\" height=\"30\">20 munkanap a minta eset\u00e9ben, 25 nap a t\u00f6meges mennyis\u00e9g eset\u00e9ben<\/td>\n<\/tr>\n<tr>\n<td width=\"132\" height=\"43\">Mint\u00e1k<\/td>\n<td width=\"325\" height=\"43\">Minta\u00e1r $2-t\u0151l $100-ig.<br \/>\nminta expressz k\u00e9r\u00e9s, amelyet az \u00fcgyfelek fizetnek<\/td>\n<\/tr>\n<tr>\n<td width=\"132\" height=\"167\">Alkalmaz\u00e1s<\/td>\n<td width=\"325\" height=\"167\">1. Automatikus vez\u00e9rl\u0151g\u00e9p<br \/>\n2. F\u00e9lvezet\u0151ipar<br \/>\n3. \u00c1ltal\u00e1nos ipari g\u00e9pek<br \/>\n4. Orvosi berendez\u00e9sek<br \/>\n5. Napenergia-berendez\u00e9sek<br \/>\n6. Szersz\u00e1mg\u00e9p<br \/>\n7. Parkol\u00f3rendszer<br \/>\n8. Nagysebess\u00e9g\u0171 vas\u00fati \u00e9s l\u00e9gi k\u00f6zleked\u00e9si eszk\u00f6z\u00f6k stb.<\/td>\n<\/tr>\n<\/tbody>\n<\/table>\n<div>\n<h4>Mi\u00e9rt v\u00e1lasszon p\u00e1rhuzamos tengely\u0171 ferde fogaskerekeket?<\/h4>\n<p class=\"break-words\">A p\u00e1rhuzamos ferde fogaskerekek sz\u00e1mos el\u0151nnyel rendelkeznek m\u00e1s fogasker\u00e9k-t\u00edpusokkal, p\u00e9ld\u00e1ul a homlokkerekekkel vagy a keresztezett ferde fogaskerekekkel szemben:<\/p>\n<ol class=\"marker:text-secondary\">\n<li class=\"break-words\"><strong>Nagy teljes\u00edtm\u00e9ny\u00e1tviteli kapacit\u00e1s<\/strong>A sz\u00e9lesebb fog\u00e9rintkez\u00e9si fel\u00fclet\u00fcknek k\u00f6sz\u00f6nhet\u0151en a p\u00e1rhuzamos ferde fogaskerekek nagyobb terhel\u00e9st b\u00edrnak el az azonos m\u00e9ret\u0171 homlokkerekes fogaskerekekhez k\u00e9pest. Alkalmasak kisg\u00e9pekt\u0151l a nagy teherb\u00edr\u00e1s\u00fa ipari rendszerekig terjed\u0151 alkalmaz\u00e1sokhoz.<\/li>\n<li class=\"break-words\"><strong>Sima \u00e9s csendes m\u0171k\u00f6d\u00e9s<\/strong>A ferde fogak fokozatos bekapcsol\u00f3d\u00e1sa cs\u00f6kkenti a zajt \u00e9s a rezg\u00e9st, \u00edgy el\u0151nyben r\u00e9szes\u00edtik \u0151ket a nagy sebess\u00e9g\u0171 alkalmaz\u00e1sokhoz olyan v\u00e1rosokban, mint Mil\u00e1n\u00f3, ahol a prec\u00edzi\u00f3s gy\u00e1rt\u00e1s vir\u00e1gzik.<\/li>\n<li class=\"break-words\"><strong>Sokoldal\u00fas\u00e1g<\/strong>Ezeket a fogaskerekeket k\u00fcl\u00f6nf\u00e9le ipar\u00e1gakban haszn\u00e1lj\u00e1k, bele\u00e9rtve az aut\u00f3iparban, a haj\u00f3z\u00e1sban \u00e9s az ipari sebess\u00e9gv\u00e1lt\u00f3kban \u2013 ezek az \u00e1gazatok kiemelked\u0151ek olyan r\u00e9gi\u00f3kban, mint Bologna \u00e9s Firenze.<\/li>\n<\/ol>\n<p class=\"break-words\">A ferde fogaz\u00e1s\u00fa fogaskerekek azonban a tengely ment\u00e9n tol\u00f3er\u0151t hoznak l\u00e9tre a ferde fogazatuk miatt, ami axi\u00e1lis csap\u00e1gyak haszn\u00e1lat\u00e1t teszi sz\u00fcks\u00e9gess\u00e9. Az FMP-n\u00e9l m\u00e9rn\u00f6keink olyan megold\u00e1sokat terveznek, amelyek ezt figyelembe veszik, biztos\u00edtva az optim\u00e1lis teljes\u00edtm\u00e9nyt \u00e9s tart\u00f3ss\u00e1got.<\/p>\n<h4>FMP Company: Megb\u00edzhat\u00f3 partnere p\u00e1rhuzamos tengely\u0171 ferde fogaskerekek ter\u00e9n Olaszorsz\u00e1gban<\/h4>\n<p class=\"break-words\">Az FMP Company t\u00f6bb \u00e9ves tapasztalat\u00e1ra \u00e9p\u00edtve sz\u00e9les v\u00e1laszt\u00e9kban gy\u00e1rt p\u00e1rhuzamos tengely\u0171 ferde fogaskerekeket, hogy kiel\u00e9g\u00edtse \u00fcgyfelei ig\u00e9nyeit Olaszorsz\u00e1g-szerte \u00e9s azon t\u00fal. Ak\u00e1r Velenc\u00e9ben keres fogaskerekeket tengeri alkalmaz\u00e1sokhoz, ak\u00e1r Mil\u00e1n\u00f3ban keres alkatr\u00e9szeket korszer\u0171 g\u00e9pekhez, mi seg\u00edt\u00fcnk. Term\u00e9kk\u00edn\u00e1latunk a k\u00f6vetkez\u0151ket tartalmazza:<\/p>\n<ul class=\"marker:text-secondary\">\n<li class=\"break-words\"><strong>Standard p\u00e1rhuzamos ferde fogaskerekek<\/strong>K\u00fcl\u00f6nb\u00f6z\u0151 m\u00e9retekben \u00e9s specifik\u00e1ci\u00f3kban kaphat\u00f3 az azonnali haszn\u00e1latra.<\/li>\n<li class=\"break-words\"><strong>Egyedi ferde fogaskerekek<\/strong>Az \u00d6n egyedi ig\u00e9nyeire szabva, biztos\u00edtva a t\u00f6k\u00e9letes illeszked\u00e9st az alkalmaz\u00e1s\u00e1hoz.<\/li>\n<li class=\"break-words\"><strong>Szivatty\u00fa fogaskerekek<\/strong>Speci\u00e1lis t\u00edpus\u00fa p\u00e1rhuzamos tengely\u0171 fogasker\u00e9k, amelyet \u00fczemanyag-rendszerekben \u00e9s m\u00e1s szivatty\u00faalkalmaz\u00e1sokban folyad\u00e9kok mozgat\u00e1s\u00e1ra haszn\u00e1lnak.<\/li>\n<\/ul>\n<p class=\"break-words\">Ha nem tal\u00e1lja pontosan a keresett modellt a term\u00e9klist\u00e1nkban, ne agg\u00f3djon \u2013 folyamatosan b\u0151v\u00edtj\u00fck k\u00edn\u00e1latunkat. Lehets\u00e9ges, hogy m\u00e9g nem volt lehet\u0151s\u00e9g\u00fcnk friss\u00edteni katal\u00f3gusunkat a leg\u00fajabb diz\u00e1jnokkal. Egyszer\u0171en k\u00fcldj\u00f6n nek\u00fcnk egy e-mailt az ig\u00e9nyeivel, \u00e9s szak\u00e9rt\u0151 m\u00e9rn\u00f6keink 24 \u00f3r\u00e1n bel\u00fcl v\u00e1laszolnak az \u00d6n ig\u00e9nyeire szabott megold\u00e1ssal.<\/p>\n<h3>P\u00e1rhuzamos tengely\u0171 ferde fogaskerekek alkalmaz\u00e1sai<\/h3>\n<p class=\"break-words\">A p\u00e1rhuzamos ferde fogaskerekek hihetetlen\u00fcl sokoldal\u00faak, \u00edgy sz\u00e1mos olaszorsz\u00e1gi ipar\u00e1gban alapvet\u0151 fontoss\u00e1g\u00faak:<\/p>\n<ul class=\"marker:text-secondary\">\n<li class=\"break-words\"><strong>Aut\u00f3ipar<\/strong>Mil\u00e1n\u00f3ban gy\u00e1rtott j\u00e1rm\u0171vek sebess\u00e9gv\u00e1lt\u00f3iban haszn\u00e1lj\u00e1k a sima er\u0151\u00e1tvitelhez.<\/li>\n<li class=\"break-words\"><strong>Tengeri meghajt\u00f3k<\/strong>N\u00e9lk\u00fcl\u00f6zhetetlen a meghajt\u00e1si rendszerek sz\u00e1m\u00e1ra Velenc\u00e9ben, a tenger\u00e9szeti \u00f6r\u00f6ks\u00e9g\u00e9r\u0151l h\u00edres v\u00e1rosban.<\/li>\n<li class=\"break-words\"><strong>Ipari g\u00e9pek<\/strong>Bologna, egy kulcsfontoss\u00e1g\u00fa ipari k\u00f6zpont gy\u00e1rainak berendez\u00e9seinek energiaell\u00e1t\u00e1sa.<\/li>\n<li class=\"break-words\"><strong>Olajmalmok<\/strong>Nagy teherb\u00edr\u00e1s\u00fa alkalmaz\u00e1sok t\u00e1mogat\u00e1sa Firenze k\u00f6zel\u00e9ben, vid\u00e9ki ter\u00fcleteken.<\/li>\n<\/ul>\n<p class=\"break-words\">Az alacsony \u00e9s nagy sebess\u00e9g\u0171 m\u0171veletekre val\u00f3 k\u00e9pess\u00e9g\u00fck, a nagy teljes\u00edtm\u00e9ny\u00e1tviteli kapacit\u00e1ssal kombin\u00e1lva, n\u00e9lk\u00fcl\u00f6zhetetlenn\u00e9 teszi \u0151ket.<\/p>\n<\/div>","protected":false},"excerpt":{"rendered":"<p>When it comes to precision engineering and power transmission, Parallel Axis Helical Gears stand out as a reliable and efficient solution. At FMP Company, we take pride in being a leading manufacturer of various types of parallel axis helical gears, catering to industries across Italy\u2014from the industrial hubs of Milan and Bologna to the historic [&hellip;]<\/p>","protected":false},"featured_media":7379,"comment_status":"open","ping_status":"closed","template":"","meta":{"_et_pb_use_builder":"","_et_pb_old_content":"","_et_gb_content_width":""},"product_brand":[],"product_cat":[108],"product_tag":[],"class_list":{"0":"post-7377","1":"product","2":"type-product","3":"status-publish","4":"has-post-thumbnail","6":"product_cat-helical-gear","8":"first","9":"instock","10":"shipping-taxable","11":"product-type-simple"},"_links":{"self":[{"href":"https:\/\/fmp-components.com\/hu\/wp-json\/wp\/v2\/product\/7377","targetHints":{"allow":["GET"]}}],"collection":[{"href":"https:\/\/fmp-components.com\/hu\/wp-json\/wp\/v2\/product"}],"about":[{"href":"https:\/\/fmp-components.com\/hu\/wp-json\/wp\/v2\/types\/product"}],"replies":[{"embeddable":true,"href":"https:\/\/fmp-components.com\/hu\/wp-json\/wp\/v2\/comments?post=7377"}],"wp:featuredmedia":[{"embeddable":true,"href":"https:\/\/fmp-components.com\/hu\/wp-json\/wp\/v2\/media\/7379"}],"wp:attachment":[{"href":"https:\/\/fmp-components.com\/hu\/wp-json\/wp\/v2\/media?parent=7377"}],"wp:term":[{"taxonomy":"product_brand","embeddable":true,"href":"https:\/\/fmp-components.com\/hu\/wp-json\/wp\/v2\/product_brand?post=7377"},{"taxonomy":"product_cat","embeddable":true,"href":"https:\/\/fmp-components.com\/hu\/wp-json\/wp\/v2\/product_cat?post=7377"},{"taxonomy":"product_tag","embeddable":true,"href":"https:\/\/fmp-components.com\/hu\/wp-json\/wp\/v2\/product_tag?post=7377"}],"curies":[{"name":"munkaf\u00fczet","href":"https:\/\/api.w.org\/{rel}","templated":true}]}}