{"id":7372,"date":"2025-03-24T03:00:29","date_gmt":"2025-03-24T03:00:29","guid":{"rendered":"https:\/\/fmp-components.com\/?post_type=product&#038;p=7372"},"modified":"2025-04-08T02:34:44","modified_gmt":"2025-04-08T02:34:44","slug":"crossed-helical-gear-screw-gear","status":"publish","type":"product","link":"https:\/\/fmp-components.com\/hu\/product\/crossed-helical-gear-screw-gear\/","title":{"rendered":"Keresztezett ferde fogasker\u00e9k (csavaros fogasker\u00e9k)"},"content":{"rendered":"<div>\n<h2 dir=\"auto\">Csavaros fogaskerekek (keresztezett ferde fogaskerekek)<\/h2>\n<p class=\"break-words\" dir=\"auto\">A csavaros fogaskerekek, amelyeket n\u00e9ha keresztezett ferde fogaskerekeknek is neveznek, speci\u00e1lis fogaskerekek, amelyek seg\u00edtenek mozgatni a dolgokat k\u00e9t tengely (p\u00e9ld\u00e1ul forg\u00f3 rudak) k\u00f6z\u00f6tt, amelyek nem \u00e9rintkeznek egym\u00e1ssal \u00e9s nincsenek egyenes vonalban. Az egyenes tengelyekhez tartoz\u00f3 hagyom\u00e1nyos ferde fogaskerekek azonos csavarod\u00e1si sz\u00f6ggel rendelkeznek, de ellent\u00e9tes ir\u00e1nyban csavarodnak. Csavaros fogaskerekek eset\u00e9n a csavarod\u00e1si sz\u00f6gek b\u00e1rmilyenek lehetnek, \u00e9s a tengelyek k\u00f6z\u00f6tti sz\u00f6g \u00e1ltal\u00e1ban a k\u00e9t csavarod\u00e1si sz\u00f6g \u00f6sszege. Egy gyakori sz\u00f6g 90 fok, mint egy sarok, de m\u00e1s sz\u00f6gek is m\u0171k\u00f6dhetnek. Ezek a fogaskerekek csak apr\u00f3 pontokon \u00e9rintik egym\u00e1st, nem nagy vonalakban, \u00edgy nem olyan er\u0151sek vagy hat\u00e9konyak, mint m\u00e1s fogaskerekek, \u00e9s nem tudnak szuperneh\u00e9z dolgokat sz\u00e1ll\u00edtani.<\/p>\n<h3 dir=\"auto\">Milyenek \u00e9s hogyan m\u0171k\u00f6dnek<\/h3>\n<ul class=\"marker:text-secondary\" dir=\"auto\">\n<li class=\"break-words\"><strong>N\u00e9zze<\/strong>A csavaros fogaskerekek fogai spir\u00e1lszer\u0171en csavarodnak egy kerek t\u00e1rcs\u00e1n. A fogak jobbra vagy balra d\u0151lhetnek.<\/li>\n<li class=\"break-words\"><strong>Mozg\u00e1s<\/strong>Amikor forognak, nem csak gurulnak, mint m\u00e1s fogaskerekek \u2013 \u00fagy csavarodnak, mint egy csavar, amikor a f\u00e1ba f\u00far\u00f3dik. Emiatt kis pontokon cs\u00fasznak egym\u00e1snak, ahelyett, hogy sim\u00e1n g\u00f6rd\u00fcln\u00e9nek.<\/li>\n<li class=\"break-words\"><strong>Sebess\u00e9g<\/strong>A forg\u00e1si sebess\u00e9g\u00fck att\u00f3l f\u00fcgg, hogy a hajt\u00f3 fogasker\u00e9k (amelyik elind\u00edtja) h\u00e1ny foggal rendelkezik a hajtott fogasker\u00e9khez (amelyik ut\u00e1na k\u00f6vetkezik) k\u00e9pest. Ez csak az egyik fogasker\u00e9k fogainak sz\u00e1ma osztva a m\u00e1sik fogainak sz\u00e1m\u00e1val \u2013 nincsenek tr\u00fckk\u00f6s szab\u00e1lyok, mint n\u00e9h\u00e1ny m\u00e1s fogasker\u00e9kn\u00e9l!<\/li>\n<\/ul>\n<h3 dir=\"auto\">Anyagok \u00e9s p\u00e1ros\u00edt\u00e1s<\/h3>\n<ul class=\"marker:text-secondary\" dir=\"auto\">\n<li class=\"break-words\"><strong>Amib\u0151l k\u00e9sz\u00fcltek<\/strong>Ha mindk\u00e9t fogasker\u00e9k ugyanabb\u00f3l az anyagb\u00f3l k\u00e9sz\u00fclt, t\u00fals\u00e1gosan kid\u00f6rzs\u00f6l\u0151dhetnek \u00e9s megkarcol\u00f3dhatnak. Ez\u00e9rt jobb, ha k\u00fcl\u00f6nb\u00f6z\u0151 anyagokat haszn\u00e1lsz, p\u00e9ld\u00e1ul ac\u00e9lt m\u0171anyaggal vagy rozsdamentes ac\u00e9lt bronzzal.<\/li>\n<li class=\"break-words\"><strong>V\u00e1laszt\u00e1sok<\/strong>Kaphat\u00f3k ac\u00e9lb\u00f3l (er\u0151s), rozsdamentes ac\u00e9lb\u00f3l (nem rozsd\u00e1sodik, \u00e9lelmiszeripari g\u00e9pekhez alkalmas), alum\u00ednium-bronzb\u00f3l (kop\u00e1s\u00e1ll\u00f3) vagy m\u0171anyagb\u00f3l (k\u00f6nny\u0171 \u00e9s nem ig\u00e9nyel olajoz\u00e1st).<\/li>\n<\/ul>\n<h3 dir=\"auto\">Hogyan m\u0171k\u00f6dnek \u00e9s hol haszn\u00e1lj\u00e1k \u0151ket<\/h3>\n<ul class=\"marker:text-secondary\" dir=\"auto\">\n<li class=\"break-words\"><strong>Er\u0151 \u00e9s sebess\u00e9g<\/strong>Nem a legjobbak neh\u00e9z t\u00e1rgyak cipel\u00e9s\u00e9ben vagy a sok cs\u00faszk\u00e1l\u00e1s miatti gyors forg\u00e1sban. K\u00f6zepes neh\u00e9zs\u00e9g\u0171 munk\u00e1khoz a legmegfelel\u0151bbek.<\/li>\n<li class=\"break-words\"><strong>\u00c1ll\u00e1sok<\/strong>Olyan g\u00e9pekben tal\u00e1lhatod meg \u0151ket, amelyek dolgokat gy\u00e1rtanak, mozgatnak dolgokat, p\u00e9ld\u00e1ul sz\u00e1ll\u00edt\u00f3szalagokat, vagy szivatty\u00fakat m\u0171k\u00f6dtetnek \u2013 olyan dolgokban, amelyekhez nincs sz\u00fcks\u00e9g\u00fck rengeteg energi\u00e1ra.<\/li>\n<li class=\"break-words\"><strong>Olaj<\/strong>Mivel nagyon cs\u00fasznak, speci\u00e1lis olajra van sz\u00fcks\u00e9g\u00fck (p\u00e9ld\u00e1ul hipoid hajt\u00f3m\u0171olajra), hogy megakad\u00e1lyozz\u00e1k a t\u00fal gyors kop\u00e1st.<\/li>\n<\/ul>\n<h3 dir=\"auto\">J\u00f3 \u00e9s kev\u00e9sb\u00e9 j\u00f3 r\u00e9szek<\/h3>\n<ul class=\"marker:text-secondary\" dir=\"auto\">\n<li class=\"break-words\"><strong>J\u00f3 dolgok<\/strong>Fut\u00e1s k\u00f6zben csendesek, \u00e9s oldalir\u00e1nyban is mozgathat\u00f3k an\u00e9lk\u00fcl, hogy ez felbor\u00edtan\u00e1 a m\u0171k\u00f6d\u00e9s\u00fcket. Nagyszer\u0171ek keresztez\u0151, de nem \u00f6ssze\u00e9r\u0151 tengelyekhez.<\/li>\n<li class=\"break-words\"><strong>Nem t\u00fal j\u00f3 dolgok<\/strong>A cs\u00fasz\u00e1s miatt kev\u00e9sb\u00e9 hat\u00e9konyak, \u00e9s nem b\u00edrj\u00e1k a nagy terheket, mivel csak apr\u00f3 pontokon \u00e9rintkeznek. Emellett sokat nyom\u00f3dnak oldalra, ez\u00e9rt er\u0151s t\u00e1maszt\u00e9kokra van sz\u00fcks\u00e9g\u00fck.<\/li>\n<\/ul>\n<h3 dir=\"auto\">T\u00edpusok \u00e9s r\u00e9szletek<\/h3>\n<ul class=\"marker:text-secondary\" dir=\"auto\">\n<li class=\"break-words\"><strong>Fajt\u00e1k<\/strong>1-t\u0151l 4-ig terjed\u0151 modulm\u00e9retekben kaphat\u00f3k, 10-t\u0151l 30 foggal. Sz\u00fcks\u00e9g eset\u00e9n lyukakat adhatsz hozz\u00e1, vagy kicsit megv\u00e1ltoztathatod \u0151ket.<\/li>\n<li class=\"break-words\"><strong>Csavar\u00e1si sz\u00f6gek<\/strong>Gyakran 45 fokos csavarral rendelkeznek, \u00e9s k\u00fcl\u00f6nb\u00f6z\u0151 m\u00f3don p\u00e1ros\u00edthatod \u0151ket \u2013 mindkett\u0151t ugyan\u00fagy vagy ellent\u00e9tesen csavarodva \u2013 att\u00f3l f\u00fcgg\u0151en, hogyan vannak be\u00e1ll\u00edtva a tengelyek.<\/li>\n<\/ul>\n<p class=\"break-words\" dir=\"auto\">R\u00f6viden, a csavaros fogaskerekek nagyszer\u0171ek a dolgok csendes \u00e9s k\u00f6nny\u0171 mozgat\u00e1s\u00e1hoz keresztezett tengelyek k\u00f6z\u00f6tt, de nem ezek a leger\u0151sebb vagy leggyorsabb fogaskerekek, mert cs\u00fasznak ahelyett, hogy guruln\u00e1nak, \u00e9s csak kis pontokon \u00e9rintik egym\u00e1st.<\/p>\n<\/div>\n<h2>Keresztezett ferde fogaskerekek (csavarkerekek): Prec\u00edzi\u00f3s m\u00e9rn\u00f6ki munka az FMP Company-t\u00f3l<\/h2>\n<p>A keresztezett ferde fogaskerekek, k\u00f6zismert nev\u00e9n a csavaros fogaskerekek, a hiperboloid fogaskerekek speci\u00e1lis t\u00edpusai, amelyeket kifejezetten a ferde tengelyek \u2013 olyan tengelyek, amelyek metsz\u00e9s n\u00e9lk\u00fcl keresztezik egym\u00e1st \u2013 illeszt\u00e9s\u00e9re terveztek. A hagyom\u00e1nyos... <a href=\"https:\/\/fmp-components.com\/hu\/helical-gears\/\">ferde fogaskerekek<\/a> A p\u00e1rhuzamos tengelyekkel rendelkez\u0151 csavaros fogaskerekek lehet\u0151v\u00e9 teszik a mozg\u00e1s\u00e1tvitelt nem p\u00e1rhuzamos, nem metsz\u0151 tengelyek k\u00f6z\u00f6tt, gyakran 90\u00b0-os sz\u00f6gben, b\u00e1r m\u00e1s konfigur\u00e1ci\u00f3k is lehets\u00e9gesek. Ez alapvet\u0151 alkot\u00f3elem\u00e9v\u00e9 teszi \u0151ket a sokoldal\u00fa tengelybe\u00e1ll\u00edt\u00e1st ig\u00e9nyl\u0151 mechanikus rendszereknek. Olaszorsz\u00e1gban, ahol az ipari innov\u00e1ci\u00f3 vir\u00e1gzik olyan v\u00e1rosokban, mint Mil\u00e1n\u00f3, Velence, Firenze \u00e9s Bologna, a kiv\u00e1l\u00f3 min\u0151s\u00e9g\u0171 csavaros fogaskerekek ir\u00e1nti kereslet folyamatosan n\u00f6vekszik, \u00e9s az FMP Company b\u00fcszke arra, hogy szak\u00e9rt\u0151k \u00e1ltal kidolgozott megold\u00e1sokkal el\u00e9g\u00edti ki ezt az ig\u00e9nyt.<\/p>\n<p><img loading=\"lazy\" decoding=\"async\" class=\"wp-image-7376 aligncenter\" src=\"https:\/\/fmp-components.com\/wp-content\/uploads\/2025\/03\/screw-gear-crossed-helical-gear-product-9.webp\" alt=\"csavaros-keresztezett-ferde-fogasker\u00e9k\" width=\"958\" height=\"239\" title=\"\" srcset=\"https:\/\/fmp-components.com\/wp-content\/uploads\/2025\/03\/screw-gear-crossed-helical-gear-product-9.webp 958w, https:\/\/fmp-components.com\/wp-content\/uploads\/2025\/03\/screw-gear-crossed-helical-gear-product-9-480x120.webp 480w\" sizes=\"(min-width: 0px) and (max-width: 480px) 480px, (min-width: 481px) 958px, 100vw\" \/><\/p>\n<p>A csavaros fogaskerekek jellegzetes csavar\u00f3 mozg\u00e1ssal m\u0171k\u00f6dnek, nem pedig tiszt\u00e1n g\u00f6rd\u00fcl\u0151 mozg\u00e1ssal, ami az elt\u00e9r\u0151 spir\u00e1lsz\u00f6geiknek k\u00f6sz\u00f6nhet\u0151 (b\u00e1r a spir\u00e1l ir\u00e1nya azonos). Az oldalak cs\u00fasz\u00f3 mozg\u00e1sa, b\u00e1r speci\u00e1lis ken\u00e9st ig\u00e9nyel, p\u00e9ld\u00e1ul hipoid hajt\u00f3m\u0171olajat a kop\u00e1s minimaliz\u00e1l\u00e1sa \u00e9rdek\u00e9ben, egyedi el\u0151ny\u00f6ket k\u00edn\u00e1l, mint p\u00e9ld\u00e1ul az alacsony zajszint\u0171 m\u0171k\u00f6d\u00e9s \u00e9s az axi\u00e1lis rugalmass\u00e1g. A p\u00e1rhuzamos ferde fogaskerekekkel ellent\u00e9tben, amelyek pontszer\u0171 \u00e9rintkez\u00e9sb\u0151l vonalszer\u0171 \u00e9rintkez\u00e9sbe mennek, a keresztezett ferde fogaskerekek megtartj\u00e1k a pontszer\u0171 \u00e9rintkez\u00e9st, \u00edgy ide\u00e1lisak m\u00e9rs\u00e9kelt nyomat\u00e9k\u00fa \u00e9s sebess\u00e9g\u0171 alkalmaz\u00e1sokhoz, p\u00e9ld\u00e1ul szersz\u00e1mg\u00e9pek hajt\u00e1saihoz. A csigakerekes fogaskerekekhez k\u00e9pest, amelyek nagyobb nyomat\u00e9kot biztos\u00edtanak vonalszer\u0171 \u00e9rintkez\u00e9sen kereszt\u00fcl, a csavaros fogaskerekek csendesebb teljes\u00edtm\u00e9nyt ny\u00fajtanak \u2013 t\u00f6k\u00e9letesek a prec\u00edzi\u00f3s ipar\u00e1gak sz\u00e1m\u00e1ra olyan ny\u00fczsg\u0151 k\u00f6zpontokban, mint Mil\u00e1n\u00f3 \u00e9s Firenze.<\/p>\n<h2>A keresztezett spir\u00e1lis fogasker\u00e9k specifik\u00e1ci\u00f3ja<\/h2>\n<table class=\"table\" border=\"1\" width=\"100%\" cellspacing=\"0\" cellpadding=\"0\">\n<tbody>\n<tr class=\"firstRow\">\n<td>Modellsz\u00e1m<\/td>\n<td>M1, M1.5, M2, M2.5, M3, M4, M5, M8, M12 \u00e9s stb.<\/td>\n<\/tr>\n<tr>\n<td>Anyag<\/td>\n<td>S\u00e1rgar\u00e9z, C45 ac\u00e9l, rozsdamentes ac\u00e9l, r\u00e9z, POM, alum\u00ednium, \u00f6tv\u00f6zet \u00e9s \u00edgy tov\u00e1bb<\/td>\n<\/tr>\n<tr>\n<td>Fel\u00fcletkezel\u00e9s<\/td>\n<td>Cinkbevonat, nikkelbevonat, passziv\u00e1l\u00e1s, oxid\u00e1ci\u00f3, elox\u00e1l\u00e1s, geomet, dakromet, fekete-oxid, foszfatiz\u00e1l\u00e1s, porbevonat \u00e9s elektrofor\u00e9zis.<\/td>\n<\/tr>\n<tr>\n<td>Standard<\/td>\n<td>ISO, DIN, ANSI, JIS, BS \u00e9s nem szabv\u00e1nyos.<\/td>\n<\/tr>\n<tr>\n<td>Pontoss\u00e1g<\/td>\n<td>DIN6, DIN7, DIN8, DIN9.<\/td>\n<\/tr>\n<tr>\n<td>Fog\u00e1szati \u200b\u200bkezel\u00e9s<\/td>\n<td>Edzett, mart vagy k\u00f6sz\u00f6r\u00fclt<\/td>\n<\/tr>\n<tr>\n<td>Tolerancia<\/td>\n<td>0,001 mm-0,01 mm-0,1 mm<\/td>\n<\/tr>\n<tr>\n<td>Befejez\u00e9s<\/td>\n<td>s\u00f6r\u00e9tez\u00e9s\/homokf\u00fav\u00e1s, h\u0151kezel\u00e9s, l\u00e1gy\u00edt\u00e1s, megereszt\u00e9s, pol\u00edroz\u00e1s, elox\u00e1l\u00e1s, horganyzott<\/td>\n<\/tr>\n<tr>\n<td>Csomagol\u00e1s<\/td>\n<td>M\u0171anyag zacsk\u00f3 + dobozok vagy fa csomagol\u00e1s<\/td>\n<\/tr>\n<tr>\n<td>Fizet\u00e9si felt\u00e9telek<\/td>\n<td>T\/T, L\/C<\/td>\n<\/tr>\n<tr>\n<td>Gy\u00e1rt\u00e1si \u00e1tfut\u00e1si id\u0151<\/td>\n<td>20 munkanap a mint\u00e1ra, 25 nap a t\u00f6megre<\/td>\n<\/tr>\n<tr>\n<td>Mint\u00e1k<\/td>\n<td>Minta\u00e1r $2-t\u0151l $100-ig. A minta expressz k\u00e9r\u00e9s\u00e9t az \u00fcgyfelek fizetik.<\/td>\n<\/tr>\n<tr>\n<td>Alkalmaz\u00e1s<\/td>\n<td>1. Automatikus vez\u00e9rl\u0151g\u00e9p 2. F\u00e9lvezet\u0151ipar 3. \u00c1ltal\u00e1nos ipari g\u00e9pek 4. Orvosi berendez\u00e9sek 5. Napenergia-berendez\u00e9sek 6. Szersz\u00e1mg\u00e9pek 7. Parkol\u00f3rendszer 8. Nagysebess\u00e9g\u0171 vas\u00fati \u00e9s l\u00e9gi k\u00f6zleked\u00e9si berendez\u00e9sek stb.<\/td>\n<\/tr>\n<\/tbody>\n<\/table>\n<h2 class=\"break-words\">Csavaros fogaskerekek t\u00edpusai (keresztezett ferde fogaskerekek)<\/h2>\n<div>\n<table style=\"width: 100%;\" border=\"1\" width=\"100%\" cellspacing=\"0\" cellpadding=\"0\">\n<thead class=\"border-b border-primary\/20\">\n<tr class=\"border-primary\/10\">\n<th class=\"break-words\"><strong>Kateg\u00f3ria<\/strong><\/th>\n<th class=\"break-words\"><strong>Anyag\u00f6sszet\u00e9tel<\/strong><\/th>\n<th class=\"break-words\"><strong>Modultartom\u00e1ny<\/strong><\/th>\n<th class=\"break-words\"><strong>H\u00e9lix sz\u00f6g<\/strong><\/th>\n<th class=\"break-words\"><strong>Fogak sz\u00e1ma<\/strong><\/th>\n<th class=\"break-words\"><strong>Szil\u00e1rds\u00e1g (szak\u00edt\u00f3szil\u00e1rds\u00e1g)<\/strong><\/th>\n<th class=\"break-words\"><strong>Korr\u00f3zi\u00f3\u00e1ll\u00f3s\u00e1g<\/strong><\/th>\n<th class=\"break-words\"><strong>Tipikus alkalmaz\u00e1sok<\/strong><\/th>\n<\/tr>\n<\/thead>\n<tbody>\n<tr class=\"border-primary\/10\">\n<td class=\"break-words\"><strong>Ac\u00e9l csavaros fogaskerekek<\/strong><\/td>\n<td class=\"break-words\">Sz\u00e9nac\u00e9l vagy \u00f6tv\u00f6z\u00f6tt ac\u00e9l (pl. AISI 1045, 4140)<\/td>\n<td class=\"break-words\">1-t\u0151l 4-ig<\/td>\n<td class=\"break-words\">45\u00b0 tipikus<\/td>\n<td class=\"break-words\">10-t\u0151l 50+-ig<\/td>\n<td class=\"break-words\">500\u20131000 MPa<\/td>\n<td class=\"break-words\">Alacsonyt\u00f3l k\u00f6zepesig<\/td>\n<td class=\"break-words\">Ipari g\u00e9pek, aut\u00f3ipari rendszerek<\/td>\n<\/tr>\n<tr class=\"border-primary\/10\">\n<td class=\"break-words\"><strong>Rozsdamentes ac\u00e9l csavaros fogaskerekek<\/strong><\/td>\n<td class=\"break-words\">Rozsdamentes ac\u00e9l (pl. SUS303, SUS304)<\/td>\n<td class=\"break-words\">1-t\u0151l 4-ig<\/td>\n<td class=\"break-words\">45\u00b0 tipikus<\/td>\n<td class=\"break-words\">10-t\u0151l 50+-ig<\/td>\n<td class=\"break-words\">500\u2013700 MPa<\/td>\n<td class=\"break-words\">Magas<\/td>\n<td class=\"break-words\">\u00c9lelmiszeripari g\u00e9pek, haj\u00f3z\u00e1si berendez\u00e9sek<\/td>\n<\/tr>\n<tr class=\"border-primary\/10\">\n<td class=\"break-words\"><strong>Alum\u00ednium bronz csavaros fogaskerekek<\/strong><\/td>\n<td class=\"break-words\">Alum\u00edniumbronz (pl. CuAl10Fe5Ni5)<\/td>\n<td class=\"break-words\">1-t\u0151l 4-ig<\/td>\n<td class=\"break-words\">45\u00b0 tipikus<\/td>\n<td class=\"break-words\">10-t\u0151l 50+-ig<\/td>\n<td class=\"break-words\">600\u2013800 MPa<\/td>\n<td class=\"break-words\">Nagyon magas<\/td>\n<td class=\"break-words\">Csigahajt\u00e1sok, korroz\u00edv k\u00f6rnyezetek<\/td>\n<\/tr>\n<tr class=\"border-primary\/10\">\n<td class=\"break-words\"><strong>M\u0171anyag csavaros fogaskerekek<\/strong><\/td>\n<td class=\"break-words\">Nejlon, acet\u00e1l vagy MC nejlon<\/td>\n<td class=\"break-words\">1-t\u0151l 3-ig<\/td>\n<td class=\"break-words\">45\u00b0 tipikus<\/td>\n<td class=\"break-words\">10-t\u0151l 40+-ig<\/td>\n<td class=\"break-words\">50\u2013100 MPa<\/td>\n<td class=\"break-words\">Magas<\/td>\n<td class=\"break-words\">K\u00f6nny\u0171 ig\u00e9nybev\u00e9tel\u0171 rendszerek, zaj\u00e9rz\u00e9keny felhaszn\u00e1l\u00e1sok<\/td>\n<\/tr>\n<tr class=\"border-primary\/10\">\n<td class=\"break-words\"><strong>F\u00e9m csavaros fogaskerekek<\/strong><\/td>\n<td class=\"break-words\">\u00c1ltal\u00e1nos f\u00e9mek (pl. s\u00e1rgar\u00e9z, \u00f6nt\u00f6ttvas)<\/td>\n<td class=\"break-words\">1-t\u0151l 4-ig<\/td>\n<td class=\"break-words\">45\u00b0 tipikus<\/td>\n<td class=\"break-words\">10-t\u0151l 50+-ig<\/td>\n<td class=\"break-words\">300\u2013800 MPa<\/td>\n<td class=\"break-words\">V\u00e1ltoz\u00f3 (alacsonyt\u00f3l magasig)<\/td>\n<td class=\"break-words\">\u00c1ltal\u00e1nos er\u0151\u00e1tvitel, g\u00e9pek<\/td>\n<\/tr>\n<\/tbody>\n<\/table>\n<div>\n<h3 class=\"\" dir=\"auto\">Megjegyz\u00e9sek a specifik\u00e1ci\u00f3khoz:<\/h3>\n<ol class=\"marker:text-secondary\" dir=\"auto\">\n<li class=\"break-words\"><strong>Modultartom\u00e1ny<\/strong>A modul (a fogasker\u00e9k fogm\u00e9ret\u00e9nek m\u00e9rt\u00e9ke) jellemz\u0151en 1 \u00e9s 4 k\u00f6z\u00f6tt mozog a legt\u00f6bb csavaros fogasker\u00e9k eset\u00e9ben, b\u00e1r az alkalmaz\u00e1st\u00f3l f\u00fcgg\u0151en kisebb vagy nagyobb modulok is rendelkez\u00e9sre \u00e1llhatnak.<\/li>\n<li class=\"break-words\"><strong>H\u00e9lix sz\u00f6g<\/strong>A csavaros fogaskerekek \u00e1ltal\u00e1ban 45\u00b0-os spir\u00e1lsz\u00f6get haszn\u00e1lnak a nem metsz\u0151, nem p\u00e1rhuzamos tengelymozg\u00e1s-\u00e1tvitel lehet\u0151v\u00e9 t\u00e9tel\u00e9hez, b\u00e1r ez kiss\u00e9 v\u00e1ltozhat.<\/li>\n<li class=\"break-words\"><strong>Fogak sz\u00e1ma<\/strong>A fogak sz\u00e1ma a fogasker\u00e9k m\u00e9ret\u00e9t\u0151l \u00e9s az alkalmaz\u00e1st\u00f3l f\u00fcgg, jellemz\u0151en 10-t\u0151l 50-ig terjed.<\/li>\n<li class=\"break-words\"><strong>Szil\u00e1rds\u00e1g (szak\u00edt\u00f3szil\u00e1rds\u00e1g)<\/strong>A szak\u00edt\u00f3szil\u00e1rds\u00e1g anyagonk\u00e9nt v\u00e1ltozik; az ac\u00e9l \u00e9s az alum\u00ednium-bronz nagy szil\u00e1rds\u00e1g\u00fa, m\u00edg a m\u0171anyag alacsonyabb szil\u00e1rds\u00e1g\u00fa, de k\u00f6nny\u0171.<\/li>\n<li class=\"break-words\"><strong>Korr\u00f3zi\u00f3\u00e1ll\u00f3s\u00e1g<\/strong>A rozsdamentes ac\u00e9l \u00e9s az alum\u00edniumbronz kiv\u00e1l\u00f3an teljes\u00edt korroz\u00edv k\u00f6rnyezetben, m\u00edg a sz\u00e9nac\u00e9l hasonl\u00f3 teljes\u00edtm\u00e9ny el\u00e9r\u00e9s\u00e9hez bevonatokat vagy kezel\u00e9seket ig\u00e9nyel.<\/li>\n<li class=\"break-words\"><strong>Alkalmaz\u00e1sok<\/strong>Minden anyag az adott ig\u00e9nyeknek felel meg \u2013 az ac\u00e9l a tart\u00f3ss\u00e1g\u00e9rt, a rozsdamentes ac\u00e9l a higi\u00e9ni\u00e1\u00e9rt, az alum\u00edniumbronz a kop\u00e1s\u00e1ll\u00f3s\u00e1g\u00e9rt, a m\u0171anyag az alacsony zajszint\u00e9rt\/s\u00faly\u00e9rt, m\u00edg az egy\u00e9b f\u00e9mek a sokoldal\u00fas\u00e1g\u00e9rt.<\/li>\n<\/ol>\n<p class=\"break-words\" dir=\"auto\">Ez a t\u00e1bl\u00e1zat a ferde fogaskerekek specifik\u00e1ci\u00f3it tartalmazza kateg\u00f3ri\u00e1k szerint. A pontos r\u00e9szletek\u00e9rt k\u00e9rj\u00fck, <a href=\"mailto:info@fmpcomponents.it\">email<\/a> minket.<\/p>\n<\/div>\n<\/div>\n<div>\n<h2>Mi\u00e9rt v\u00e1lassza az FMP-t?<\/h2>\n<p class=\"break-words\">Megb\u00edzhat\u00f3 gy\u00e1rt\u00f3k\u00e9nt az FMP Company keresztezett ferde fogaskerekek (csavarkerekek) sz\u00e9les v\u00e1laszt\u00e9k\u00e1t gy\u00e1rtja, hogy megfeleljen a k\u00fcl\u00f6nf\u00e9le ipari alkalmaz\u00e1soknak. Ak\u00e1r Mil\u00e1n\u00f3ban tart\u00f3zkodik, \u00e9s standard modelleket keres, ak\u00e1r Velenc\u00e9ben van, \u00e9s egyedi tervez\u00e9sre van sz\u00fcks\u00e9ge, testreszab\u00e1si lehet\u0151s\u00e9geket k\u00edn\u00e1lunk, hogy g\u00e9pei a lehet\u0151 legjobb teljes\u00edtm\u00e9nyt ny\u00fajts\u00e1k. Fogaskerekeinket prec\u00edzen tervezz\u00fck, a tart\u00f3ss\u00e1g \u00e9s a hat\u00e9konys\u00e1g legmagasabb szabv\u00e1nyainak megfelel\u0151en. Ha b\u00f6ng\u00e9szi term\u00e9klist\u00e1nkat \u2013 ak\u00e1r Firenz\u00e9b\u0151l, Bologn\u00e1b\u00f3l vagy azon t\u00falr\u00f3l sz\u00e1rmazik \u2013, \u00e9s nem tal\u00e1lja pontosan az \u00d6nnek megfelel\u0151 modellt, biztos lehet benne, hogy val\u00f3sz\u00edn\u0171leg csak a katal\u00f3gusunkban val\u00f3 deb\u00fct\u00e1l\u00e1s\u00e1ra v\u00e1r. Egyszer\u0171en k\u00fcldj\u00f6n nek\u00fcnk e-mailt ig\u00e9nyeivel, \u00e9s k\u00e9pzett m\u00e9rn\u00f6keink 24 \u00f3r\u00e1n bel\u00fcl v\u00e1laszolnak egy szem\u00e9lyre szabott megold\u00e1ssal.<\/p>\n<p class=\"break-words\">Az FMP v\u00e1llalat elk\u00f6telezett az olasz ipari k\u00f6rnyezet t\u00e1mogat\u00e1sa ir\u00e1nt kiv\u00e1l\u00f3 csavaros fogasker\u00e9k-technol\u00f3gi\u00e1val. Mil\u00e1n\u00f3 divatos gy\u00e1rait\u00f3l Firenze t\u00f6rt\u00e9nelmi k\u00e9zm\u0171vess\u00e9g\u00e9ig, Velence tenger\u00e9szeti innov\u00e1ci\u00f3j\u00e1t\u00f3l Bologna mechanikai szak\u00e9rtelm\u00e9ig, itt vagyunk, hogy megb\u00edzhat\u00f3, egyedi tervez\u00e9s\u0171 keresztezett ferde fogaskerekekkel l\u00e1ssuk el m\u0171k\u00f6d\u00e9s\u00e9t. L\u00e9pjen kapcsolatba vel\u00fcnk m\u00e9g ma, hogy megismerje k\u00edn\u00e1latunkat, vagy \u00e9rdekl\u0151dj\u00f6n egy adott modellr\u0151l - csapatunk k\u00e9szen \u00e1ll, hogy azonnal seg\u00edtsen \u00d6nnek, biztos\u00edtva, hogy projektjei a meg\u00e9rdemelt min\u0151s\u00e9ggel \u00e9s pontoss\u00e1ggal haladjanak a tervek szerint.<\/p>\n<p><img loading=\"lazy\" decoding=\"async\" class=\"wp-image-7374 aligncenter\" src=\"https:\/\/fmp-components.com\/wp-content\/uploads\/2025\/03\/screw-gear-crossed-helical-gear-product-7.webp\" alt=\"csavaros-keresztezett-ferde-fogasker\u00e9k\" width=\"932\" height=\"621\" title=\"\" srcset=\"https:\/\/fmp-components.com\/wp-content\/uploads\/2025\/03\/screw-gear-crossed-helical-gear-product-7.webp 932w, https:\/\/fmp-components.com\/wp-content\/uploads\/2025\/03\/screw-gear-crossed-helical-gear-product-7-480x320.webp 480w\" sizes=\"(min-width: 0px) and (max-width: 480px) 480px, (min-width: 481px) 932px, 100vw\" \/><\/p>\n<\/div>","protected":false},"excerpt":{"rendered":"<p>Screw Gears (Crossed Helical Gears) Screw gears, sometimes called crossed helical gears, are special gears that help move things between two shafts (like sticks that spin) that don\u2019t touch and aren\u2019t lined up straight. Regular helical gears for straight shafts have the same twist angle but twist in opposite ways. For screw gears, the twist [&hellip;]<\/p>","protected":false},"featured_media":7375,"comment_status":"open","ping_status":"closed","template":"","meta":{"_et_pb_use_builder":"","_et_pb_old_content":"","_et_gb_content_width":""},"product_brand":[],"product_cat":[108],"product_tag":[],"class_list":{"0":"post-7372","1":"product","2":"type-product","3":"status-publish","4":"has-post-thumbnail","6":"product_cat-helical-gear","8":"first","9":"instock","10":"shipping-taxable","11":"product-type-simple"},"_links":{"self":[{"href":"https:\/\/fmp-components.com\/hu\/wp-json\/wp\/v2\/product\/7372","targetHints":{"allow":["GET"]}}],"collection":[{"href":"https:\/\/fmp-components.com\/hu\/wp-json\/wp\/v2\/product"}],"about":[{"href":"https:\/\/fmp-components.com\/hu\/wp-json\/wp\/v2\/types\/product"}],"replies":[{"embeddable":true,"href":"https:\/\/fmp-components.com\/hu\/wp-json\/wp\/v2\/comments?post=7372"}],"wp:featuredmedia":[{"embeddable":true,"href":"https:\/\/fmp-components.com\/hu\/wp-json\/wp\/v2\/media\/7375"}],"wp:attachment":[{"href":"https:\/\/fmp-components.com\/hu\/wp-json\/wp\/v2\/media?parent=7372"}],"wp:term":[{"taxonomy":"product_brand","embeddable":true,"href":"https:\/\/fmp-components.com\/hu\/wp-json\/wp\/v2\/product_brand?post=7372"},{"taxonomy":"product_cat","embeddable":true,"href":"https:\/\/fmp-components.com\/hu\/wp-json\/wp\/v2\/product_cat?post=7372"},{"taxonomy":"product_tag","embeddable":true,"href":"https:\/\/fmp-components.com\/hu\/wp-json\/wp\/v2\/product_tag?post=7372"}],"curies":[{"name":"munkaf\u00fczet","href":"https:\/\/api.w.org\/{rel}","templated":true}]}}