{"id":7369,"date":"2025-03-24T02:45:01","date_gmt":"2025-03-24T02:45:01","guid":{"rendered":"https:\/\/fmp-components.com\/?post_type=product&#038;p=7369"},"modified":"2025-03-26T08:42:56","modified_gmt":"2025-03-26T08:42:56","slug":"mining-machinery-carburized-helical-gear","status":"publish","type":"product","link":"https:\/\/fmp-components.com\/hu\/product\/mining-machinery-carburized-helical-gear\/","title":{"rendered":"B\u00e1ny\u00e1szati \u200b\u200bg\u00e9pek Karbur\u00e1lt spir\u00e1lis fogasker\u00e9k"},"content":{"rendered":"<div class=\"sliderTable mt10 mb10 sliderTable-index0 change-to-org\">\n<div class=\"inner\">\n<div>\n<p class=\"break-words\">Az ipar\u00e1g vezet\u0151 gy\u00e1rt\u00f3jak\u00e9nt az FMP Company a b\u00e1ny\u00e1szati \u200b\u200bg\u00e9pek sz\u00e9les v\u00e1laszt\u00e9k\u00e1nak gy\u00e1rt\u00e1s\u00e1ra specializ\u00e1l\u00f3dott, karboniz\u00e1lt term\u00e9kek gy\u00e1rt\u00e1s\u00e1ra. <a href=\"https:\/\/fmp-components.com\/hu\/helical-gears\/\">Csavarkerekek<\/a> \u00dagy tervezt\u00fck, hogy megfeleljen a b\u00e1ny\u00e1szati \u200b\u200bm\u0171veletek ig\u00e9nyes ig\u00e9nyeinek. Hajt\u00f3m\u0171veinket prec\u00edzen, fejlett cement\u00e1l\u00e1si technik\u00e1kkal gy\u00e1rtjuk, hogy kiv\u00e9teles tart\u00f3ss\u00e1got, szil\u00e1rds\u00e1got \u00e9s teljes\u00edtm\u00e9nyt biztos\u00edtsunk extr\u00e9m k\u00f6r\u00fclm\u00e9nyek k\u00f6z\u00f6tt. Ak\u00e1r standard modellekre, ak\u00e1r egyedi megold\u00e1sokra van sz\u00fcks\u00e9ge, az FMP testreszabott opci\u00f3kat k\u00edn\u00e1l, amelyek az \u00d6n egyedi ig\u00e9nyeihez igazodnak, biztos\u00edtva a b\u00e1ny\u00e1szati \u200b\u200bg\u00e9pek optim\u00e1lis hat\u00e9konys\u00e1g\u00e1t \u00e9s megb\u00edzhat\u00f3s\u00e1g\u00e1t.<\/p>\n<p class=\"break-words\">Az FMP-n\u00e9l b\u00fcszk\u00e9k vagyunk sz\u00e9les term\u00e9kk\u00edn\u00e1latunkra, de ha nem tal\u00e1lja a pontosan azt a b\u00e1ny\u00e1szati \u200b\u200bg\u00e9pekhez val\u00f3, karboniz\u00e1lt ferde fogasker\u00e9k modellt, amire sz\u00fcks\u00e9ge van a katal\u00f3gusunkban, ne agg\u00f3djon \u2013 ez egyszer\u0171en azt jelenti, hogy m\u00e9g nem volt lehet\u0151s\u00e9g\u00fcnk list\u00e1zni. Javasoljuk, hogy e-mailben vegye fel vel\u00fcnk a kapcsolatot a keresett modell r\u00e9szleteivel. Elk\u00f6telezett m\u00e9rn\u00f6kcsapatunk 24 \u00f3r\u00e1n bel\u00fcl v\u00e1laszol, szak\u00e9rt\u0151i \u00fatmutat\u00e1st \u00e9s megold\u00e1sokat ny\u00fajtva az \u00d6n ig\u00e9nyeinek kiel\u00e9g\u00edt\u00e9s\u00e9re, biztos\u00edtva, hogy a t\u00f6k\u00e9letes fogaskereket kapja az alkalmaz\u00e1s\u00e1hoz.<\/p>\n<p><img loading=\"lazy\" decoding=\"async\" class=\"wp-image-7378 aligncenter\" src=\"https:\/\/fmp-components.com\/wp-content\/uploads\/2025\/03\/Mining-Machinery-Carburized-Helical-Gear-1.webp\" alt=\"B\u00e1ny\u00e1szati \u200b\u200bg\u00e9pek Karbur\u00e1lt spir\u00e1lis fogasker\u00e9k\" width=\"899\" height=\"600\" title=\"\" srcset=\"https:\/\/fmp-components.com\/wp-content\/uploads\/2025\/03\/Mining-Machinery-Carburized-Helical-Gear-1.webp 899w, https:\/\/fmp-components.com\/wp-content\/uploads\/2025\/03\/Mining-Machinery-Carburized-Helical-Gear-1-480x320.webp 480w\" sizes=\"(min-width: 0px) and (max-width: 480px) 480px, (min-width: 481px) 899px, 100vw\" \/><\/p>\n<\/div>\n<h2>Specifik\u00e1ci\u00f3<\/h2>\n<table border=\"1\" width=\"100%\">\n<tbody>\n<tr class=\"firstRow\">\n<th colspan=\"2\" valign=\"top\">Felszerel\u00e9s alapadatai<\/th>\n<\/tr>\n<tr>\n<td valign=\"center\">Fogasker\u00e9k fog alakja<\/td>\n<td valign=\"center\">bonyolult<\/td>\n<\/tr>\n<tr>\n<td valign=\"center\">Fogasker\u00e9k anyaga<\/td>\n<td valign=\"center\">18CrNiMo6<\/td>\n<\/tr>\n<tr>\n<td valign=\"center\">Fogasker\u00e9k-folyamat<\/td>\n<td valign=\"center\">kov\u00e1csol\u00e1s, cement\u00e1l\u00e1s, s\u00edk- \u00e9s bels\u0151 k\u00f6sz\u00f6r\u00fcl\u00e9s, fogcsiszol\u00e1s, vonalv\u00e1g\u00e1s<\/td>\n<\/tr>\n<tr>\n<td valign=\"center\">Nyom\u00e1ssz\u00f6g<\/td>\n<td valign=\"center\">20\u00b0<\/td>\n<\/tr>\n<tr>\n<td valign=\"center\">Min\u0151s\u00e9gi szint<\/td>\n<td valign=\"center\">DIN 3962 6. oszt\u00e1ly<\/td>\n<\/tr>\n<tr>\n<td valign=\"center\">Sebess\u00e9gv\u00e1lt\u00f3 t\u00edpusa<\/td>\n<td valign=\"center\">M=9, Z=33, a=20\u00b0, \u03b2=8\u00b0, x=0,2, jobbkezes<\/td>\n<\/tr>\n<\/tbody>\n<\/table>\n<\/div>\n<\/div>\n<h3>A fogasker\u00e9k\/bord\u00e1s tengely k\u00e9pess\u00e9gei<\/h3>\n<div class=\"sliderTable mt10 mb10 sliderTable-index1 change-to-org\">\n<div class=\"inner\">\n<table border=\"1\" width=\"100%\">\n<tbody>\n<tr class=\"firstRow\">\n<th colspan=\"4\" valign=\"top\">Bels\u0151 fogaskerekek \u00e9s bels\u0151 bord\u00e1k<\/th>\n<\/tr>\n<tr>\n<td valign=\"top\"><\/td>\n<td valign=\"top\">MAR\u00c1S<\/td>\n<td valign=\"top\">FORM\u00c1L\u00c1S<\/td>\n<td valign=\"top\">FOGCSISZOL\u00c1S<\/td>\n<\/tr>\n<tr>\n<td valign=\"top\">Maxim\u00e1lis OD<\/td>\n<td valign=\"top\">2500 mm<\/td>\n<td valign=\"top\">2500 mm<\/td>\n<td valign=\"top\">2500 mm<\/td>\n<\/tr>\n<tr>\n<td valign=\"top\">Minim\u00e1lis azonos\u00edt\u00f3<\/td>\n<td valign=\"top\">650 mm<\/td>\n<td valign=\"top\">50 mm<\/td>\n<td valign=\"top\">100 mm<\/td>\n<\/tr>\n<tr>\n<td valign=\"top\">Maxim\u00e1lis arcsz\u00e9less\u00e9g<\/td>\n<td valign=\"top\">500 mm<\/td>\n<td valign=\"top\">500 mm<\/td>\n<td valign=\"top\">500 mm<\/td>\n<\/tr>\n<tr>\n<td valign=\"top\">Maxim\u00e1lis \u00e1tm\u00e9r\u0151j\u0171 oszt\u00e1s<\/td>\n<td valign=\"top\">DP 1<\/td>\n<td valign=\"top\">DP 1<\/td>\n<td valign=\"top\">DP 0.5<\/td>\n<\/tr>\n<tr>\n<td valign=\"top\">Maxim\u00e1lis modul<\/td>\n<td valign=\"top\">26 mm<\/td>\n<td valign=\"top\">26 mm<\/td>\n<td valign=\"top\">45 mm<\/td>\n<\/tr>\n<tr>\n<td valign=\"top\">AGMA szint\/ DIN szint<\/td>\n<td valign=\"top\">DIN 8. oszt\u00e1ly<\/td>\n<td valign=\"top\">DIN 8. oszt\u00e1ly<\/td>\n<td valign=\"top\">DIN 4. oszt\u00e1ly<\/td>\n<\/tr>\n<tr>\n<td valign=\"top\">Fogfel\u00fclet-kidolgoz\u00e1s<\/td>\n<td valign=\"top\">Ra 3.2<\/td>\n<td valign=\"top\">Ra 3.2<\/td>\n<td valign=\"top\">Ra 0,6<\/td>\n<\/tr>\n<tr>\n<td valign=\"top\">Maxim\u00e1lis spir\u00e1lsz\u00f6g<\/td>\n<td valign=\"top\">\u00b122,5\u00b0<\/td>\n<td valign=\"top\">\u00b122,5\u00b0<\/td>\n<td valign=\"top\">\u00b145\u00b0<\/td>\n<\/tr>\n<tr>\n<th colspan=\"4\" valign=\"top\">K\u00fcls\u0151 fogaskerekek \u00e9s k\u00fcls\u0151 bord\u00e1k<\/th>\n<\/tr>\n<tr>\n<td valign=\"top\"><\/td>\n<td valign=\"top\">LEH\u00c1NYF\u00daR\u00c1S<\/td>\n<td valign=\"top\">MAR\u00c1S<\/td>\n<td valign=\"top\">FOGCSISZOL\u00c1S<\/td>\n<\/tr>\n<tr>\n<td valign=\"top\">Maxim\u00e1lis OD<\/td>\n<td valign=\"top\">1250 mm<\/td>\n<td valign=\"top\">2500 mm<\/td>\n<td valign=\"top\">2500 mm<\/td>\n<\/tr>\n<tr>\n<td valign=\"top\">Minim\u00e1lis OD<\/td>\n<td valign=\"top\">20 mm<\/td>\n<td valign=\"top\">200 mm<\/td>\n<td valign=\"top\">20 mm<\/td>\n<\/tr>\n<tr>\n<td valign=\"top\">Maxim\u00e1lis arcsz\u00e9less\u00e9g<\/td>\n<td valign=\"top\">500 mm<\/td>\n<td valign=\"top\">500 mm<\/td>\n<td valign=\"top\">1480 mm<\/td>\n<\/tr>\n<tr>\n<td valign=\"top\">Maxim\u00e1lis \u00e1tm\u00e9r\u0151j\u0171 oszt\u00e1s<\/td>\n<td valign=\"top\">DP 1<\/td>\n<td valign=\"top\">DP 1<\/td>\n<td valign=\"top\">DP 0.5<\/td>\n<\/tr>\n<tr>\n<td valign=\"top\">Maxim\u00e1lis modul<\/td>\n<td valign=\"top\">26 mm<\/td>\n<td valign=\"top\">26 mm<\/td>\n<td valign=\"top\">45 mm<\/td>\n<\/tr>\n<tr>\n<td valign=\"top\">AGMA szint\/ DIN szint<\/td>\n<td valign=\"top\">DIN 8. oszt\u00e1ly<\/td>\n<td valign=\"top\">DIN 8. oszt\u00e1ly<\/td>\n<td valign=\"top\">DIN 4. oszt\u00e1ly<\/td>\n<\/tr>\n<tr>\n<td valign=\"top\">Fogfel\u00fclet-kidolgoz\u00e1s<\/td>\n<td valign=\"top\">Ra 3.2<\/td>\n<td valign=\"top\">Ra 3.2<\/td>\n<td valign=\"top\">Ra 0,6<\/td>\n<\/tr>\n<tr>\n<td valign=\"top\">Maxim\u00e1lis spir\u00e1lsz\u00f6g<\/td>\n<td valign=\"top\">\u00b145\u00b0<\/td>\n<td valign=\"top\">\u00b145\u00b0<\/td>\n<td valign=\"top\">\u00b145\u00b0<\/td>\n<\/tr>\n<\/tbody>\n<\/table>\n<\/div>\n<\/div>","protected":false},"excerpt":{"rendered":"<ul class=\"pro-info-list fix\">\n<li class=\"prod-specifics-brand\"><label>Fogasker\u00e9k fogazata:\u00a0<\/label>bonyolult<\/li>\n<li class=\"prod-specifics-brand\"><label>Fogasker\u00e9k anyaga:<\/label>18CrNiMo6<\/li>\n<li class=\"prod-specifics-brand\"><label>Nyom\u00e1ssz\u00f6g:<\/label>20\u00b0<\/li>\n<li class=\"prod-specifics-brand\"><label>Min\u0151s\u00e9gi szint:\u00a0<\/label>DIN 3962 6. oszt\u00e1ly<\/li>\n<\/ul>","protected":false},"featured_media":4595,"comment_status":"open","ping_status":"closed","template":"","meta":{"_et_pb_use_builder":"","_et_pb_old_content":"","_et_gb_content_width":""},"product_brand":[],"product_cat":[108],"product_tag":[],"class_list":{"0":"post-7369","1":"product","2":"type-product","3":"status-publish","4":"has-post-thumbnail","6":"product_cat-helical-gear","8":"first","9":"instock","10":"shipping-taxable","11":"product-type-simple"},"_links":{"self":[{"href":"https:\/\/fmp-components.com\/hu\/wp-json\/wp\/v2\/product\/7369","targetHints":{"allow":["GET"]}}],"collection":[{"href":"https:\/\/fmp-components.com\/hu\/wp-json\/wp\/v2\/product"}],"about":[{"href":"https:\/\/fmp-components.com\/hu\/wp-json\/wp\/v2\/types\/product"}],"replies":[{"embeddable":true,"href":"https:\/\/fmp-components.com\/hu\/wp-json\/wp\/v2\/comments?post=7369"}],"wp:featuredmedia":[{"embeddable":true,"href":"https:\/\/fmp-components.com\/hu\/wp-json\/wp\/v2\/media\/4595"}],"wp:attachment":[{"href":"https:\/\/fmp-components.com\/hu\/wp-json\/wp\/v2\/media?parent=7369"}],"wp:term":[{"taxonomy":"product_brand","embeddable":true,"href":"https:\/\/fmp-components.com\/hu\/wp-json\/wp\/v2\/product_brand?post=7369"},{"taxonomy":"product_cat","embeddable":true,"href":"https:\/\/fmp-components.com\/hu\/wp-json\/wp\/v2\/product_cat?post=7369"},{"taxonomy":"product_tag","embeddable":true,"href":"https:\/\/fmp-components.com\/hu\/wp-json\/wp\/v2\/product_tag?post=7369"}],"curies":[{"name":"munkaf\u00fczet","href":"https:\/\/api.w.org\/{rel}","templated":true}]}}