{"id":7367,"date":"2025-03-24T02:34:28","date_gmt":"2025-03-24T02:34:28","guid":{"rendered":"https:\/\/fmp-components.com\/?post_type=product&#038;p=7367"},"modified":"2025-03-26T08:43:11","modified_gmt":"2025-03-26T08:43:11","slug":"metallurgy-machinery-soft-tooth-flank-helical-gear","status":"publish","type":"product","link":"https:\/\/fmp-components.com\/hu\/product\/metallurgy-machinery-soft-tooth-flank-helical-gear\/","title":{"rendered":"Koh\u00e1szati \u200b\u200bg\u00e9pek l\u00e1gy fog\u00fa sz\u00e1rny\u00fa spir\u00e1lis fogasker\u00e9k"},"content":{"rendered":"<div class=\"sliderTable mt10 mb10 sliderTable-index0 change-to-org\">\n<div class=\"inner\">\n<p>Az ipar\u00e1g vezet\u0151 gy\u00e1rt\u00f3jak\u00e9nt az FMP Company koh\u00e1szati \u200b\u200bg\u00e9pek l\u00e1gyfogazat\u00fa, ferde fogaz\u00e1s\u00fa fogaskerekeinek sz\u00e9les v\u00e1laszt\u00e9k\u00e1ra specializ\u00e1l\u00f3dott, amelyeket a k\u00fcl\u00f6nf\u00e9le ipari ig\u00e9nyek kiel\u00e9g\u00edt\u00e9s\u00e9re terveztek. Term\u00e9keinket prec\u00edzen tervezz\u00fck, biztos\u00edtva az optim\u00e1lis teljes\u00edtm\u00e9nyt, tart\u00f3ss\u00e1got \u00e9s hat\u00e9konys\u00e1got olyan alkalmaz\u00e1sokban, mint a neh\u00e9zg\u00e9pek, b\u00e1ny\u00e1szati \u200b\u200bberendez\u00e9sek \u00e9s koh\u00e1szati \u200b\u200bfeldolgoz\u00f3 rendszerek. Ak\u00e1r szabv\u00e1nyos specifik\u00e1ci\u00f3kra, ak\u00e1r egyedi, a tev\u00e9kenys\u00e9g\u00e9hez igaz\u00edtott tervekre van sz\u00fcks\u00e9ge, az FMP testreszab\u00e1si szolg\u00e1ltat\u00e1sokat k\u00edn\u00e1l, hogy olyan fogaskerekeket sz\u00e1ll\u00edtson, amelyek t\u00f6k\u00e9letesen illeszkednek az \u00d6n ig\u00e9nyeihez, n\u00f6velve a termel\u00e9kenys\u00e9get \u00e9s cs\u00f6kkentve az \u00e1ll\u00e1sid\u0151t.<\/p>\n<p>Ha nem tal\u00e1lja a koh\u00e1szati \u200b\u200bg\u00e9pek puha fog\u00fa oldal\u00e1nak konkr\u00e9t modellj\u00e9t <a href=\"https:\/\/fmp-components.com\/hu\/helical-gears\/\">Spir\u00e1lis fogasker\u00e9k<\/a> Ha a term\u00e9klist\u00e1nkon keres valamit, ne agg\u00f3djon \u2013 lehet, hogy m\u00e9g nem volt lehet\u0151s\u00e9g\u00fcnk friss\u00edteni. Az FMP-n\u00e9l elk\u00f6telezettek vagyunk az \u00d6n ig\u00e9nyeinek kiel\u00e9g\u00edt\u00e9se ir\u00e1nt, ez\u00e9rt k\u00e9rj\u00fck, \u00edrjon nek\u00fcnk e-mailt a sz\u00fcks\u00e9ges modell r\u00e9szleteivel kapcsolatban. Elk\u00f6telezett m\u00e9rn\u00f6kcsapatunk 24 \u00f3r\u00e1n bel\u00fcl v\u00e1laszol, szak\u00e9rt\u0151i \u00fatmutat\u00e1st \u00e9s megold\u00e1sokat ny\u00fajtva, hogy biztosan a projektj\u00e9hez sz\u00fcks\u00e9ges pontosan azt a term\u00e9ket kapja meg. L\u00e9pjen kapcsolatba vel\u00fcnk m\u00e9g ma, hogy megtudja, hogyan t\u00e1mogathatja v\u00e1llalkoz\u00e1s\u00e1t az FMP a kiv\u00e1l\u00f3 min\u0151s\u00e9g\u0171 ferde fogaskerekekkel!<\/p>\n<h2>Specifik\u00e1ci\u00f3<\/h2>\n<table border=\"1\" width=\"100%\">\n<tbody>\n<tr class=\"firstRow\">\n<th colspan=\"2\" valign=\"top\">Felszerel\u00e9s alapadatai<\/th>\n<\/tr>\n<tr>\n<td valign=\"center\">Fogasker\u00e9k fog alakja<\/td>\n<td valign=\"center\">bonyolult<\/td>\n<\/tr>\n<tr>\n<td valign=\"center\">Fogasker\u00e9k anyaga<\/td>\n<td valign=\"center\">45<\/td>\n<\/tr>\n<tr>\n<td valign=\"center\">Fogasker\u00e9k-folyamat<\/td>\n<td valign=\"center\">kov\u00e1csol\u00e1s, eszterg\u00e1l\u00e1s, lefejt\u0151 mar\u00e1s, k\u00fcls\u0151 k\u00f6sz\u00f6r\u00fcl\u00e9s, reteszhorony mar\u00e1s, fogcsiszol\u00e1s<\/td>\n<\/tr>\n<tr>\n<td valign=\"center\">Nyom\u00e1ssz\u00f6g<\/td>\n<td valign=\"center\">20\u00b0<\/td>\n<\/tr>\n<tr>\n<td valign=\"center\">Min\u0151s\u00e9gi szint<\/td>\n<td valign=\"center\">DIN 3962 6. oszt\u00e1ly<\/td>\n<\/tr>\n<tr>\n<td valign=\"center\">Sebess\u00e9gv\u00e1lt\u00f3 t\u00edpusa<\/td>\n<td valign=\"center\">Mn=3, Z=128, \u03b2=11,5\u00b0, \u03b1=20\u00b0, balkezes<\/td>\n<\/tr>\n<\/tbody>\n<\/table>\n<\/div>\n<\/div>\n<p><strong>A fogasker\u00e9k\/bord\u00e1s tengely k\u00e9pess\u00e9gei<\/strong><\/p>\n<div class=\"sliderTable mt10 mb10 sliderTable-index1 change-to-org\">\n<div class=\"inner\">\n<table border=\"1\" width=\"100%\">\n<tbody>\n<tr class=\"firstRow\">\n<th colspan=\"4\" valign=\"top\">Bels\u0151 fogaskerekek \u00e9s bels\u0151 bord\u00e1k<\/th>\n<\/tr>\n<tr>\n<td valign=\"top\"><\/td>\n<td valign=\"top\">MAR\u00c1S<\/td>\n<td valign=\"top\">FORM\u00c1L\u00c1S<\/td>\n<td valign=\"top\">FOGCSISZOL\u00c1S<\/td>\n<\/tr>\n<tr>\n<td valign=\"top\">Maxim\u00e1lis OD<\/td>\n<td valign=\"top\">2500 mm<\/td>\n<td valign=\"top\">2500 mm<\/td>\n<td valign=\"top\">2500 mm<\/td>\n<\/tr>\n<tr>\n<td valign=\"top\">Minim\u00e1lis azonos\u00edt\u00f3<\/td>\n<td valign=\"top\">650 mm<\/td>\n<td valign=\"top\">50 mm<\/td>\n<td valign=\"top\">100 mm<\/td>\n<\/tr>\n<tr>\n<td valign=\"top\">Maxim\u00e1lis arcsz\u00e9less\u00e9g<\/td>\n<td valign=\"top\">500 mm<\/td>\n<td valign=\"top\">500 mm<\/td>\n<td valign=\"top\">500 mm<\/td>\n<\/tr>\n<tr>\n<td valign=\"top\">Maxim\u00e1lis \u00e1tm\u00e9r\u0151j\u0171 oszt\u00e1s<\/td>\n<td valign=\"top\">DP 1<\/td>\n<td valign=\"top\">DP 1<\/td>\n<td valign=\"top\">DP 0.5<\/td>\n<\/tr>\n<tr>\n<td valign=\"top\">Maxim\u00e1lis modul<\/td>\n<td valign=\"top\">26 mm<\/td>\n<td valign=\"top\">26 mm<\/td>\n<td valign=\"top\">45 mm<\/td>\n<\/tr>\n<tr>\n<td valign=\"top\">AGMA szint\/ DIN szint<\/td>\n<td valign=\"top\">DIN 8. oszt\u00e1ly<\/td>\n<td valign=\"top\">DIN 8. oszt\u00e1ly<\/td>\n<td valign=\"top\">DIN 4. oszt\u00e1ly<\/td>\n<\/tr>\n<tr>\n<td valign=\"top\">Fogfel\u00fclet-kidolgoz\u00e1s<\/td>\n<td valign=\"top\">Ra 3.2<\/td>\n<td valign=\"top\">Ra 3.2<\/td>\n<td valign=\"top\">Ra 0,6<\/td>\n<\/tr>\n<tr>\n<td valign=\"top\">Maxim\u00e1lis spir\u00e1lsz\u00f6g<\/td>\n<td valign=\"top\">\u00b122,5\u00b0<\/td>\n<td valign=\"top\">\u00b122,5\u00b0<\/td>\n<td valign=\"top\">\u00b145\u00b0<\/td>\n<\/tr>\n<tr>\n<th colspan=\"4\" valign=\"top\">K\u00fcls\u0151 fogaskerekek \u00e9s k\u00fcls\u0151 bord\u00e1k<\/th>\n<\/tr>\n<tr>\n<td valign=\"top\"><\/td>\n<td valign=\"top\">LEH\u00c1NYF\u00daR\u00c1S<\/td>\n<td valign=\"top\">MAR\u00c1S<\/td>\n<td valign=\"top\">FOGCSISZOL\u00c1S<\/td>\n<\/tr>\n<tr>\n<td valign=\"top\">Maxim\u00e1lis OD<\/td>\n<td valign=\"top\">1250 mm<\/td>\n<td valign=\"top\">2500 mm<\/td>\n<td valign=\"top\">2500 mm<\/td>\n<\/tr>\n<tr>\n<td valign=\"top\">Minim\u00e1lis OD<\/td>\n<td valign=\"top\">20 mm<\/td>\n<td valign=\"top\">200 mm<\/td>\n<td valign=\"top\">20 mm<\/td>\n<\/tr>\n<tr>\n<td valign=\"top\">Maxim\u00e1lis arcsz\u00e9less\u00e9g<\/td>\n<td valign=\"top\">500 mm<\/td>\n<td valign=\"top\">500 mm<\/td>\n<td valign=\"top\">1480 mm<\/td>\n<\/tr>\n<tr>\n<td valign=\"top\">Maxim\u00e1lis \u00e1tm\u00e9r\u0151j\u0171 oszt\u00e1s<\/td>\n<td valign=\"top\">DP 1<\/td>\n<td valign=\"top\">DP 1<\/td>\n<td valign=\"top\">DP 0.5<\/td>\n<\/tr>\n<tr>\n<td valign=\"top\">Maxim\u00e1lis modul<\/td>\n<td valign=\"top\">26 mm<\/td>\n<td valign=\"top\">26 mm<\/td>\n<td valign=\"top\">45 mm<\/td>\n<\/tr>\n<tr>\n<td valign=\"top\">AGMA szint\/ DIN szint<\/td>\n<td valign=\"top\">DIN 8. oszt\u00e1ly<\/td>\n<td valign=\"top\">DIN 8. oszt\u00e1ly<\/td>\n<td valign=\"top\">DIN 4. oszt\u00e1ly<\/td>\n<\/tr>\n<tr>\n<td valign=\"top\">Fogfel\u00fclet-kidolgoz\u00e1s<\/td>\n<td valign=\"top\">Ra 3.2<\/td>\n<td valign=\"top\">Ra 3.2<\/td>\n<td valign=\"top\">Ra 0,6<\/td>\n<\/tr>\n<tr>\n<td valign=\"top\">Maxim\u00e1lis spir\u00e1lsz\u00f6g<\/td>\n<td valign=\"top\">\u00b145\u00b0<\/td>\n<td valign=\"top\">\u00b145\u00b0<\/td>\n<td valign=\"top\">\u00b145\u00b0<\/td>\n<\/tr>\n<\/tbody>\n<\/table>\n<\/div>\n<\/div>","protected":false},"excerpt":{"rendered":"<ul class=\"pro-info-list fix\">\n<li class=\"prod-specifics-brand\"><label>Fogasker\u00e9k fogazata:\u00a0<\/label>bonyolult<\/li>\n<li class=\"prod-specifics-brand\"><label>Fogasker\u00e9k anyaga:<\/label>45<\/li>\n<li class=\"prod-specifics-brand\"><label>Nyom\u00e1ssz\u00f6g:<\/label>20\u00b0<\/li>\n<li class=\"prod-specifics-brand\"><label>Min\u0151s\u00e9gi szint:\u00a0<\/label>DIN 3962 6. oszt\u00e1ly<\/li>\n<\/ul>","protected":false},"featured_media":4594,"comment_status":"open","ping_status":"closed","template":"","meta":{"_et_pb_use_builder":"","_et_pb_old_content":"","_et_gb_content_width":""},"product_brand":[],"product_cat":[108],"product_tag":[],"class_list":{"0":"post-7367","1":"product","2":"type-product","3":"status-publish","4":"has-post-thumbnail","6":"product_cat-helical-gear","8":"first","9":"instock","10":"shipping-taxable","11":"product-type-simple"},"_links":{"self":[{"href":"https:\/\/fmp-components.com\/hu\/wp-json\/wp\/v2\/product\/7367","targetHints":{"allow":["GET"]}}],"collection":[{"href":"https:\/\/fmp-components.com\/hu\/wp-json\/wp\/v2\/product"}],"about":[{"href":"https:\/\/fmp-components.com\/hu\/wp-json\/wp\/v2\/types\/product"}],"replies":[{"embeddable":true,"href":"https:\/\/fmp-components.com\/hu\/wp-json\/wp\/v2\/comments?post=7367"}],"wp:featuredmedia":[{"embeddable":true,"href":"https:\/\/fmp-components.com\/hu\/wp-json\/wp\/v2\/media\/4594"}],"wp:attachment":[{"href":"https:\/\/fmp-components.com\/hu\/wp-json\/wp\/v2\/media?parent=7367"}],"wp:term":[{"taxonomy":"product_brand","embeddable":true,"href":"https:\/\/fmp-components.com\/hu\/wp-json\/wp\/v2\/product_brand?post=7367"},{"taxonomy":"product_cat","embeddable":true,"href":"https:\/\/fmp-components.com\/hu\/wp-json\/wp\/v2\/product_cat?post=7367"},{"taxonomy":"product_tag","embeddable":true,"href":"https:\/\/fmp-components.com\/hu\/wp-json\/wp\/v2\/product_tag?post=7367"}],"curies":[{"name":"munkaf\u00fczet","href":"https:\/\/api.w.org\/{rel}","templated":true}]}}