{"id":7366,"date":"2025-03-24T02:32:27","date_gmt":"2025-03-24T02:32:27","guid":{"rendered":"https:\/\/fmp-components.com\/?post_type=product&#038;p=7366"},"modified":"2025-03-26T08:43:42","modified_gmt":"2025-03-26T08:43:42","slug":"beverage-packing-machinery-helical-gear","status":"publish","type":"product","link":"https:\/\/fmp-components.com\/hu\/product\/beverage-packing-machinery-helical-gear\/","title":{"rendered":"Italcsomagol\u00f3 g\u00e9pek spir\u00e1lis fogaskerekei"},"content":{"rendered":"<div class=\"sliderTable mt10 mb10 sliderTable-index0 change-to-org\">\n<div class=\"inner\">\n<div>\n<h2>A spir\u00e1lis fogaskerekek szerepe az italcsomagol\u00f3 g\u00e9pekben<\/h2>\n<p class=\"break-words\">A ferde fogaskerekek l\u00e9tfontoss\u00e1g\u00fa szerepet j\u00e1tszanak az italcsomagol\u00f3 g\u00e9pekben, el\u0151seg\u00edtve a hat\u00e9konys\u00e1got \u00e9s a pontoss\u00e1got a nagy sebess\u00e9g\u0171 gy\u00e1rt\u00f3sorokon. A hagyom\u00e1nyos... <a href=\"https:\/\/fmp-components.com\/hu\/spur-gear-2\/\">homlokkerekek<\/a>, <a href=\"https:\/\/fmp-components.com\/hu\/helical-gears\/\">ferde fogaskerekek<\/a> ferde fogazattal rendelkeznek, amely sim\u00e1bb, csendesebb m\u0171k\u00f6d\u00e9st \u00e9s nagyobb teherb\u00edr\u00e1st biztos\u00edt. Ez kiv\u00e1l\u00f3 v\u00e1laszt\u00e1ss\u00e1 teszi \u0151ket az italcsomagol\u00e1s ig\u00e9nyes k\u00f6rnyezet\u00e9ben, ahol az \u00e1lland\u00f3 teljes\u00edtm\u00e9ny \u00e9s a cs\u00f6kkentett \u00e1ll\u00e1sid\u0151 elengedhetetlen. A rezg\u00e9s \u00e9s a kop\u00e1s minimaliz\u00e1l\u00e1s\u00e1val a ferde fogaskerekek n\u00f6velik a g\u00e9pek tart\u00f3ss\u00e1g\u00e1t, \u00edgy n\u00e9lk\u00fcl\u00f6zhetetlenek a palackoz\u00f3\u00fczemekben \u00e9s a csomagol\u00f3\u00fczemekben.<\/p>\n<\/div>\n<h2>Specifik\u00e1ci\u00f3<\/h2>\n<table border=\"1\" width=\"100%\">\n<tbody>\n<tr class=\"firstRow\">\n<th colspan=\"2\" valign=\"top\">Felszerel\u00e9s alapadatai<\/th>\n<\/tr>\n<tr>\n<td valign=\"center\">Fogasker\u00e9k fog alakja<\/td>\n<td valign=\"center\">bonyolult<\/td>\n<\/tr>\n<tr>\n<td valign=\"center\">Fogasker\u00e9k anyaga<\/td>\n<td valign=\"center\">20CrNiMoA<\/td>\n<\/tr>\n<tr>\n<td valign=\"center\">Fogasker\u00e9k-folyamat<\/td>\n<td valign=\"center\">kov\u00e1csol\u00e1s, karboniz\u00e1l\u00e1s, vonalv\u00e1g\u00e1s, fogcsiszol\u00e1s<\/td>\n<\/tr>\n<tr>\n<td valign=\"center\">Nyom\u00e1ssz\u00f6g<\/td>\n<td valign=\"center\">15\u00b0<\/td>\n<\/tr>\n<tr>\n<td valign=\"center\">Min\u0151s\u00e9gi szint<\/td>\n<td valign=\"center\">AGMA 8. oszt\u00e1ly<\/td>\n<\/tr>\n<tr>\n<td valign=\"center\">Sebess\u00e9gv\u00e1lt\u00f3 t\u00edpusa<\/td>\n<td valign=\"center\">Mn=3,35, Z=9, a=15\u00b0, \u03b2=45\u00b0, balkezes<\/td>\n<\/tr>\n<\/tbody>\n<\/table>\n<\/div>\n<\/div>\n<p><strong>A fogasker\u00e9k\/bord\u00e1s tengely k\u00e9pess\u00e9gei<\/strong><\/p>\n<div class=\"sliderTable mt10 mb10 sliderTable-index1 change-to-org\">\n<div class=\"inner\">\n<table border=\"1\" width=\"100%\">\n<tbody>\n<tr class=\"firstRow\">\n<th colspan=\"4\" valign=\"top\">Bels\u0151 fogaskerekek \u00e9s bels\u0151 bord\u00e1k<\/th>\n<\/tr>\n<tr>\n<td valign=\"top\"><\/td>\n<td valign=\"top\">MAR\u00c1S<\/td>\n<td valign=\"top\">FORM\u00c1L\u00c1S<\/td>\n<td valign=\"top\">FOGCSISZOL\u00c1S<\/td>\n<\/tr>\n<tr>\n<td valign=\"top\">Maxim\u00e1lis OD<\/td>\n<td valign=\"top\">2500 mm<\/td>\n<td valign=\"top\">2500 mm<\/td>\n<td valign=\"top\">2500 mm<\/td>\n<\/tr>\n<tr>\n<td valign=\"top\">Minim\u00e1lis azonos\u00edt\u00f3<\/td>\n<td valign=\"top\">650 mm<\/td>\n<td valign=\"top\">50 mm<\/td>\n<td valign=\"top\">100 mm<\/td>\n<\/tr>\n<tr>\n<td valign=\"top\">Maxim\u00e1lis arcsz\u00e9less\u00e9g<\/td>\n<td valign=\"top\">500 mm<\/td>\n<td valign=\"top\">500 mm<\/td>\n<td valign=\"top\">500 mm<\/td>\n<\/tr>\n<tr>\n<td valign=\"top\">Maxim\u00e1lis \u00e1tm\u00e9r\u0151j\u0171 oszt\u00e1s<\/td>\n<td valign=\"top\">DP 1<\/td>\n<td valign=\"top\">DP 1<\/td>\n<td valign=\"top\">DP 0.5<\/td>\n<\/tr>\n<tr>\n<td valign=\"top\">Maxim\u00e1lis modul<\/td>\n<td valign=\"top\">26 mm<\/td>\n<td valign=\"top\">26 mm<\/td>\n<td valign=\"top\">45 mm<\/td>\n<\/tr>\n<tr>\n<td valign=\"top\">AGMA szint\/ DIN szint<\/td>\n<td valign=\"top\">DIN 8. oszt\u00e1ly<\/td>\n<td valign=\"top\">DIN 8. oszt\u00e1ly<\/td>\n<td valign=\"top\">DIN 4. oszt\u00e1ly<\/td>\n<\/tr>\n<tr>\n<td valign=\"top\">Fogfel\u00fclet-kidolgoz\u00e1s<\/td>\n<td valign=\"top\">Ra 3.2<\/td>\n<td valign=\"top\">Ra 3.2<\/td>\n<td valign=\"top\">Ra 0,6<\/td>\n<\/tr>\n<tr>\n<td valign=\"top\">Maxim\u00e1lis spir\u00e1lsz\u00f6g<\/td>\n<td valign=\"top\">\u00b122,5\u00b0<\/td>\n<td valign=\"top\">\u00b122,5\u00b0<\/td>\n<td valign=\"top\">\u00b145\u00b0<\/td>\n<\/tr>\n<tr>\n<td valign=\"top\"><\/td>\n<td valign=\"top\"><\/td>\n<td valign=\"top\"><\/td>\n<td valign=\"top\"><\/td>\n<\/tr>\n<tr>\n<th colspan=\"4\" valign=\"top\">K\u00fcls\u0151 fogaskerekek \u00e9s k\u00fcls\u0151 bord\u00e1k<\/th>\n<\/tr>\n<tr>\n<td valign=\"top\"><\/td>\n<td valign=\"top\">LEH\u00c1NYF\u00daR\u00c1S<\/td>\n<td valign=\"top\">MAR\u00c1S<\/td>\n<td valign=\"top\">FOGCSISZOL\u00c1S<\/td>\n<\/tr>\n<tr>\n<td valign=\"top\">Maxim\u00e1lis OD<\/td>\n<td valign=\"top\">1250 mm<\/td>\n<td valign=\"top\">2500 mm<\/td>\n<td valign=\"top\">2500 mm<\/td>\n<\/tr>\n<tr>\n<td valign=\"top\">Minim\u00e1lis OD<\/td>\n<td valign=\"top\">20 mm<\/td>\n<td valign=\"top\">200 mm<\/td>\n<td valign=\"top\">20 mm<\/td>\n<\/tr>\n<tr>\n<td valign=\"top\">Maxim\u00e1lis arcsz\u00e9less\u00e9g<\/td>\n<td valign=\"top\">500 mm<\/td>\n<td valign=\"top\">500 mm<\/td>\n<td valign=\"top\">1480 mm<\/td>\n<\/tr>\n<tr>\n<td valign=\"top\">Maxim\u00e1lis \u00e1tm\u00e9r\u0151j\u0171 oszt\u00e1s<\/td>\n<td valign=\"top\">DP 1<\/td>\n<td valign=\"top\">DP 1<\/td>\n<td valign=\"top\">DP 0.5<\/td>\n<\/tr>\n<tr>\n<td valign=\"top\">Maxim\u00e1lis modul<\/td>\n<td valign=\"top\">26 mm<\/td>\n<td valign=\"top\">26 mm<\/td>\n<td valign=\"top\">45 mm<\/td>\n<\/tr>\n<tr>\n<td valign=\"top\">AGMA szint\/ DIN szint<\/td>\n<td valign=\"top\">DIN 8. oszt\u00e1ly<\/td>\n<td valign=\"top\">DIN 8. oszt\u00e1ly<\/td>\n<td valign=\"top\">DIN 4. oszt\u00e1ly<\/td>\n<\/tr>\n<tr>\n<td valign=\"top\">Fogfel\u00fclet-kidolgoz\u00e1s<\/td>\n<td valign=\"top\">Ra 3.2<\/td>\n<td valign=\"top\">Ra 3.2<\/td>\n<td valign=\"top\">Ra 0,6<\/td>\n<\/tr>\n<tr>\n<td valign=\"top\">Maxim\u00e1lis spir\u00e1lsz\u00f6g<\/td>\n<td valign=\"top\">\u00b145\u00b0<\/td>\n<td valign=\"top\">\u00b145\u00b0<\/td>\n<td valign=\"top\">\u00b145\u00b0<\/td>\n<\/tr>\n<\/tbody>\n<\/table>\n<div>\n<h3>FMP Company: Megb\u00edzhat\u00f3 partner a ferde fogaskerekek ter\u00e9n<\/h3>\n<p class=\"break-words\">Az FMP Company-n\u00e1l italcsomagol\u00f3 g\u00e9pekhez szabott, v\u00e1ltozatos ferde fogaskerekek gy\u00e1rt\u00e1s\u00e1ra specializ\u00e1l\u00f3dtunk. Ak\u00e1r standard opci\u00f3kra, ak\u00e1r egyedi tervez\u00e9s\u0171 megold\u00e1sokra van sz\u00fcks\u00e9ge, fogaskerekeinket prec\u00edzen \u00e9s tart\u00f3san k\u00e9sz\u00edtj\u00fck el, hogy megfeleljenek a nagy volumen\u0171 gy\u00e1rt\u00e1s egyedi ig\u00e9nyeinek. Ha nem tal\u00e1lja a keresett fogasker\u00e9k-modellt a term\u00e9klist\u00e1nkban, ne agg\u00f3djon \u2013 ez egyszer\u0171en azt jelenti, hogy m\u00e9g nem t\u00f6lt\u00f6tt\u00fck fel. K\u00e9rj\u00fck, \u00edrjon nek\u00fcnk e-mailt ig\u00e9nyeivel, \u00e9s szak\u00e9rt\u0151 m\u00e9rn\u00f6keink 24 \u00f3r\u00e1n bel\u00fcl felveszik \u00d6nnel a kapcsolatot a t\u00f6k\u00e9letes fogasker\u00e9k-megold\u00e1ssal az \u00d6n ig\u00e9nyeinek megfelel\u0151en.<\/p>\n<\/div>\n<\/div>\n<\/div>","protected":false},"excerpt":{"rendered":"<ul class=\"pro-info-list fix\">\n<li class=\"prod-specifics-brand\"><label>Fogasker\u00e9k fogazata:\u00a0<\/label>bonyolult<\/li>\n<li class=\"prod-specifics-brand\"><label>Fogasker\u00e9k anyaga:<\/label>20CrNiMoA<\/li>\n<li class=\"prod-specifics-brand\"><label>Nyom\u00e1ssz\u00f6g:<\/label>15\u00b0<\/li>\n<li class=\"prod-specifics-brand\"><label>Min\u0151s\u00e9gi szint:\u00a0<\/label>AGMA 8. oszt\u00e1ly<\/li>\n<\/ul>","protected":false},"featured_media":4582,"comment_status":"open","ping_status":"closed","template":"","meta":{"_et_pb_use_builder":"","_et_pb_old_content":"","_et_gb_content_width":""},"product_brand":[],"product_cat":[108],"product_tag":[],"class_list":{"0":"post-7366","1":"product","2":"type-product","3":"status-publish","4":"has-post-thumbnail","6":"product_cat-helical-gear","8":"first","9":"instock","10":"shipping-taxable","11":"product-type-simple"},"_links":{"self":[{"href":"https:\/\/fmp-components.com\/hu\/wp-json\/wp\/v2\/product\/7366","targetHints":{"allow":["GET"]}}],"collection":[{"href":"https:\/\/fmp-components.com\/hu\/wp-json\/wp\/v2\/product"}],"about":[{"href":"https:\/\/fmp-components.com\/hu\/wp-json\/wp\/v2\/types\/product"}],"replies":[{"embeddable":true,"href":"https:\/\/fmp-components.com\/hu\/wp-json\/wp\/v2\/comments?post=7366"}],"wp:featuredmedia":[{"embeddable":true,"href":"https:\/\/fmp-components.com\/hu\/wp-json\/wp\/v2\/media\/4582"}],"wp:attachment":[{"href":"https:\/\/fmp-components.com\/hu\/wp-json\/wp\/v2\/media?parent=7366"}],"wp:term":[{"taxonomy":"product_brand","embeddable":true,"href":"https:\/\/fmp-components.com\/hu\/wp-json\/wp\/v2\/product_brand?post=7366"},{"taxonomy":"product_cat","embeddable":true,"href":"https:\/\/fmp-components.com\/hu\/wp-json\/wp\/v2\/product_cat?post=7366"},{"taxonomy":"product_tag","embeddable":true,"href":"https:\/\/fmp-components.com\/hu\/wp-json\/wp\/v2\/product_tag?post=7366"}],"curies":[{"name":"munkaf\u00fczet","href":"https:\/\/api.w.org\/{rel}","templated":true}]}}