{"id":7364,"date":"2025-03-24T02:21:03","date_gmt":"2025-03-24T02:21:03","guid":{"rendered":"https:\/\/fmp-components.com\/?post_type=product&#038;p=7364"},"modified":"2025-03-26T08:43:59","modified_gmt":"2025-03-26T08:43:59","slug":"high-speed-train-locomotive-hard-tooth-flank-helical-gear","status":"publish","type":"product","link":"https:\/\/fmp-components.com\/hu\/product\/high-speed-train-locomotive-hard-tooth-flank-helical-gear\/","title":{"rendered":"Nagysebess\u00e9g\u0171 vonat mozdony kem\u00e9ny fog\u00fa oldals\u00f3 spir\u00e1lis fogasker\u00e9k"},"content":{"rendered":"<div class=\"sliderTable mt10 mb10 sliderTable-index0 change-to-org\">\n<div class=\"inner\">\n<h2>A kem\u00e9ny fog\u00fa oldals\u00f3 ferde fogaskerekek szerepe a nagysebess\u00e9g\u0171 vonatmozdonyokban<\/h2>\n<div>A nagysebess\u00e9g\u0171 mozdonyokhoz olyan fogaskerekekre van sz\u00fcks\u00e9g, amelyek sz\u00e9ls\u0151s\u00e9ges \u00fczemi k\u00f6r\u00fclm\u00e9nyeket is elviselnek, mik\u00f6zben sima \u00e9s hat\u00e9kony teljes\u00edtm\u00e9nyt ny\u00fajtanak. <a href=\"https:\/\/fmp-components.com\/hu\/helical-gears\/\">ferde fogaskerekek<\/a> optim\u00e1lis megold\u00e1st jelentenek ezekre az alkalmaz\u00e1sokra, kiv\u00e9teles szil\u00e1rds\u00e1guknak, pontoss\u00e1guknak, valamint a nagy terhel\u00e9sek \u00e9s sebess\u00e9gek kezel\u00e9s\u00e9nek k\u00e9pess\u00e9g\u00fcknek k\u00f6sz\u00f6nhet\u0151en. Ezeket a fogaskerekeket kifejezetten a zaj \u00e9s a rezg\u00e9s minimaliz\u00e1l\u00e1s\u00e1ra tervezt\u00e9k, n\u00f6velve az utasok k\u00e9nyelm\u00e9t, mik\u00f6zben biztos\u00edtj\u00e1k a nagysebess\u00e9g\u0171 vas\u00fati rendszerek megb\u00edzhat\u00f3s\u00e1g\u00e1t. Robusztus kialak\u00edt\u00e1suk cs\u00f6kkenti a gyakori karbantart\u00e1s sz\u00fcks\u00e9gess\u00e9g\u00e9t is, \u00edgy kritikus fontoss\u00e1g\u00fa alkot\u00f3elemei a modern mozdonyok hossz\u00fa \u00e9lettartam\u00e1nak \u00e9s megb\u00edzhat\u00f3s\u00e1g\u00e1nak.<\/div>\n<h2>Specifik\u00e1ci\u00f3<\/h2>\n<table border=\"1\" width=\"100%\">\n<tbody>\n<tr class=\"firstRow\">\n<th colspan=\"2\" valign=\"top\">Felszerel\u00e9s alapadatai<\/th>\n<\/tr>\n<tr>\n<td valign=\"center\">Fogasker\u00e9k fog alakja<\/td>\n<td valign=\"center\">bonyolult<\/td>\n<\/tr>\n<tr>\n<td valign=\"center\">Fogasker\u00e9k anyaga<\/td>\n<td valign=\"center\">17CrNiMo6<\/td>\n<\/tr>\n<tr>\n<td valign=\"center\">Fogasker\u00e9k-folyamat<\/td>\n<td valign=\"center\">kov\u00e1csol\u00e1s, eszterg\u00e1l\u00e1s, lefejt\u0151 mar\u00e1s, cement\u00e1l\u00e1s, k\u00fcls\u0151 k\u00f6sz\u00f6r\u00fcl\u00e9s, fogcsiszol\u00e1s<\/td>\n<\/tr>\n<tr>\n<td valign=\"center\">Nyom\u00e1ssz\u00f6g<\/td>\n<td valign=\"center\">20\u00b0<\/td>\n<\/tr>\n<tr>\n<td valign=\"center\">Min\u0151s\u00e9gi szint<\/td>\n<td valign=\"center\">DIN 3962 6. oszt\u00e1ly<\/td>\n<\/tr>\n<tr>\n<td valign=\"center\">Sebess\u00e9gv\u00e1lt\u00f3 t\u00edpusa<\/td>\n<td valign=\"center\">Mn=4, Z=132, \u03b2=18\u00b0<\/td>\n<\/tr>\n<\/tbody>\n<\/table>\n<\/div>\n<\/div>\n<p><strong>FOGASKER\u00c9K\/BORD\u00c1S TEHET\u0150S\u00c9GEK<\/strong><\/p>\n<div class=\"sliderTable mt10 mb10 sliderTable-index1 change-to-org\">\n<div class=\"inner\">\n<table border=\"1\" width=\"100%\">\n<tbody>\n<tr class=\"firstRow\">\n<th colspan=\"4\" valign=\"top\">BELS\u0150 FOGASKER\u00c9KEK \u00c9S BELS\u0150 BORDOKBAN<\/th>\n<\/tr>\n<tr>\n<td valign=\"top\"><\/td>\n<td valign=\"top\">MAR\u00c1S<\/td>\n<td valign=\"top\">FORM\u00c1L\u00c1S<\/td>\n<td valign=\"top\">FOGCSISZOL\u00c1S<\/td>\n<\/tr>\n<tr>\n<td valign=\"top\">Maxim\u00e1lis OD<\/td>\n<td valign=\"top\">2500 mm<\/td>\n<td valign=\"top\">2500 mm<\/td>\n<td valign=\"top\">2500 mm<\/td>\n<\/tr>\n<tr>\n<td valign=\"top\">Minim\u00e1lis azonos\u00edt\u00f3<\/td>\n<td valign=\"top\">650 mm<\/td>\n<td valign=\"top\">50 mm<\/td>\n<td valign=\"top\">100 mm<\/td>\n<\/tr>\n<tr>\n<td valign=\"top\">Maxim\u00e1lis arcsz\u00e9less\u00e9g<\/td>\n<td valign=\"top\">500 mm<\/td>\n<td valign=\"top\">500 mm<\/td>\n<td valign=\"top\">500 mm<\/td>\n<\/tr>\n<tr>\n<td valign=\"top\">Maxim\u00e1lis \u00e1tm\u00e9r\u0151j\u0171 oszt\u00e1s<\/td>\n<td valign=\"top\">DP 1<\/td>\n<td valign=\"top\">DP 1<\/td>\n<td valign=\"top\">DP 0.5<\/td>\n<\/tr>\n<tr>\n<td valign=\"top\">Maxim\u00e1lis modul<\/td>\n<td valign=\"top\">26 mm<\/td>\n<td valign=\"top\">26 mm<\/td>\n<td valign=\"top\">45 mm<\/td>\n<\/tr>\n<tr>\n<td valign=\"top\">AGMA szint\/ DIN szint<\/td>\n<td valign=\"top\">DIN 8. oszt\u00e1ly<\/td>\n<td valign=\"top\">DIN 8. oszt\u00e1ly<\/td>\n<td valign=\"top\">DIN 4. oszt\u00e1ly<\/td>\n<\/tr>\n<tr>\n<td valign=\"top\">Fogfel\u00fclet-kidolgoz\u00e1s<\/td>\n<td valign=\"top\">Ra 3.2<\/td>\n<td valign=\"top\">Ra 3.2<\/td>\n<td valign=\"top\">Ra 0,6<\/td>\n<\/tr>\n<tr>\n<td valign=\"top\">Maxim\u00e1lis spir\u00e1lsz\u00f6g<\/td>\n<td valign=\"top\">\u00b122,5\u00b0<\/td>\n<td valign=\"top\">\u00b122,5\u00b0<\/td>\n<td valign=\"top\">\u00b145\u00b0<\/td>\n<\/tr>\n<tr>\n<th colspan=\"4\" valign=\"top\">K\u00dcLS\u0150 FOGASKER\u00c9KEK \u00c9S K\u00dcLS\u0150 BORDONYOK<\/th>\n<\/tr>\n<tr>\n<td valign=\"top\"><\/td>\n<td valign=\"top\">LEH\u00c1NYF\u00daR\u00c1S<\/td>\n<td valign=\"top\">MAR\u00c1S<\/td>\n<td valign=\"top\">FOGCSISZOL\u00c1S<\/td>\n<\/tr>\n<tr>\n<td valign=\"top\">Maxim\u00e1lis OD<\/td>\n<td valign=\"top\">1250 mm<\/td>\n<td valign=\"top\">2500 mm<\/td>\n<td valign=\"top\">2500 mm<\/td>\n<\/tr>\n<tr>\n<td valign=\"top\">Minim\u00e1lis OD<\/td>\n<td valign=\"top\">20 mm<\/td>\n<td valign=\"top\">200 mm<\/td>\n<td valign=\"top\">20 mm<\/td>\n<\/tr>\n<tr>\n<td valign=\"top\">Maxim\u00e1lis arcsz\u00e9less\u00e9g<\/td>\n<td valign=\"top\">500 mm<\/td>\n<td valign=\"top\">500 mm<\/td>\n<td valign=\"top\">1480 mm<\/td>\n<\/tr>\n<tr>\n<td valign=\"top\">Maxim\u00e1lis \u00e1tm\u00e9r\u0151j\u0171 oszt\u00e1s<\/td>\n<td valign=\"top\">DP 1<\/td>\n<td valign=\"top\">DP 1<\/td>\n<td valign=\"top\">DP 0.5<\/td>\n<\/tr>\n<tr>\n<td valign=\"top\">Maxim\u00e1lis modul<\/td>\n<td valign=\"top\">26 mm<\/td>\n<td valign=\"top\">26 mm<\/td>\n<td valign=\"top\">45 mm<\/td>\n<\/tr>\n<tr>\n<td valign=\"top\">AGMA szint\/ DIN szint<\/td>\n<td valign=\"top\">DIN 8. oszt\u00e1ly<\/td>\n<td valign=\"top\">DIN 8. oszt\u00e1ly<\/td>\n<td valign=\"top\">DIN 4. oszt\u00e1ly<\/td>\n<\/tr>\n<tr>\n<td valign=\"top\">Fogfel\u00fclet-kidolgoz\u00e1s<\/td>\n<td valign=\"top\">Ra 3.2<\/td>\n<td valign=\"top\">Ra 3.2<\/td>\n<td valign=\"top\">Ra 0,6<\/td>\n<\/tr>\n<tr>\n<td valign=\"top\">Maxim\u00e1lis spir\u00e1lsz\u00f6g<\/td>\n<td valign=\"top\">\u00b145\u00b0<\/td>\n<td valign=\"top\">\u00b145\u00b0<\/td>\n<td valign=\"top\">\u00b145\u00b0<\/td>\n<\/tr>\n<\/tbody>\n<\/table>\n<div><\/div>\n<h3>FMP Company: Az \u00d6n partnere a kiv\u00e1l\u00f3 min\u0151s\u00e9g\u0171 mozdonyfelszerel\u00e9sek ter\u00e9n<\/h3>\n<div><\/div>\n<div>Az FMP Company a nagysebess\u00e9g\u0171 mozdonyok kem\u00e9nyfogazat\u00fa, ferde fogaz\u00e1s\u00fa fogaskerekeinek vezet\u0151 gy\u00e1rt\u00f3ja, sz\u00e9les v\u00e1laszt\u00e9kban k\u00edn\u00e1lva a vas\u00fati ipar szigor\u00fa ig\u00e9nyeinek kiel\u00e9g\u00edt\u00e9s\u00e9re tervezett fogasker\u00e9k-t\u00edpusokat. Fogaskerekeink a legmagasabb szabv\u00e1nyok szerint k\u00e9sz\u00fclnek, biztos\u00edtva a cs\u00facsteljes\u00edtm\u00e9nyt \u00e9s a tart\u00f3ss\u00e1got m\u00e9g a legnagyobb kih\u00edv\u00e1st jelent\u0151 k\u00f6rnyezetben is. Egyedi specifik\u00e1ci\u00f3knak megfelel\u0151en egyedi fogasker\u00e9k-gy\u00e1rt\u00e1st is k\u00edn\u00e1lunk. Ha az \u00d6n \u00e1ltal keresett fogasker\u00e9k-modell nem szerepel a term\u00e9kkatal\u00f3gusunkban, az egyszer\u0171en azt jelenti, hogy m\u00e9g nem t\u00f6lt\u00f6tt\u00fck fel \u2013 biztos lehet benne, hogy tov\u00e1bbra is ki tudjuk el\u00e9g\u00edteni az \u00d6n ig\u00e9nyeit. K\u00e9rj\u00fck, k\u00fcldj\u00f6n nek\u00fcnk e-mailt ig\u00e9nyeivel, \u00e9s k\u00e9pzett m\u00e9rn\u00f6keink 24 \u00f3r\u00e1n bel\u00fcl v\u00e1laszolnak, hogy seg\u00edtsenek megtal\u00e1lni a mozdony\u00e1hoz ide\u00e1lis fogasker\u00e9k-megold\u00e1st.<\/div>\n<\/div>\n<\/div>","protected":false},"excerpt":{"rendered":"<ul class=\"pro-info-list fix\">\n<li class=\"prod-specifics-brand\"><label>Fogasker\u00e9k fogazata:\u00a0<\/label>bonyolult<\/li>\n<li class=\"prod-specifics-brand\"><label>Fogasker\u00e9k anyaga:<\/label>17CrNiMo6<\/li>\n<li class=\"prod-specifics-brand\"><label>Nyom\u00e1ssz\u00f6g:<\/label>20\u00b0<\/li>\n<li class=\"prod-specifics-brand\"><label>Min\u0151s\u00e9gi szint:\u00a0<\/label>DIN 3962 6. oszt\u00e1ly<\/li>\n<\/ul>","protected":false},"featured_media":4590,"comment_status":"open","ping_status":"closed","template":"","meta":{"_et_pb_use_builder":"","_et_pb_old_content":"","_et_gb_content_width":""},"product_brand":[],"product_cat":[108],"product_tag":[],"class_list":{"0":"post-7364","1":"product","2":"type-product","3":"status-publish","4":"has-post-thumbnail","6":"product_cat-helical-gear","8":"first","9":"instock","10":"shipping-taxable","11":"product-type-simple"},"_links":{"self":[{"href":"https:\/\/fmp-components.com\/hu\/wp-json\/wp\/v2\/product\/7364","targetHints":{"allow":["GET"]}}],"collection":[{"href":"https:\/\/fmp-components.com\/hu\/wp-json\/wp\/v2\/product"}],"about":[{"href":"https:\/\/fmp-components.com\/hu\/wp-json\/wp\/v2\/types\/product"}],"replies":[{"embeddable":true,"href":"https:\/\/fmp-components.com\/hu\/wp-json\/wp\/v2\/comments?post=7364"}],"wp:featuredmedia":[{"embeddable":true,"href":"https:\/\/fmp-components.com\/hu\/wp-json\/wp\/v2\/media\/4590"}],"wp:attachment":[{"href":"https:\/\/fmp-components.com\/hu\/wp-json\/wp\/v2\/media?parent=7364"}],"wp:term":[{"taxonomy":"product_brand","embeddable":true,"href":"https:\/\/fmp-components.com\/hu\/wp-json\/wp\/v2\/product_brand?post=7364"},{"taxonomy":"product_cat","embeddable":true,"href":"https:\/\/fmp-components.com\/hu\/wp-json\/wp\/v2\/product_cat?post=7364"},{"taxonomy":"product_tag","embeddable":true,"href":"https:\/\/fmp-components.com\/hu\/wp-json\/wp\/v2\/product_tag?post=7364"}],"curies":[{"name":"munkaf\u00fczet","href":"https:\/\/api.w.org\/{rel}","templated":true}]}}