{"id":7346,"date":"2025-03-23T08:27:19","date_gmt":"2025-03-23T08:27:19","guid":{"rendered":"https:\/\/fmp-components.com\/?post_type=product&#038;p=7346"},"modified":"2025-03-26T08:45:56","modified_gmt":"2025-03-26T08:45:56","slug":"heavy-machinery-double-helical-gear","status":"publish","type":"product","link":"https:\/\/fmp-components.com\/hu\/product\/heavy-machinery-double-helical-gear\/","title":{"rendered":"Neh\u00e9zg\u00e9pek dupla spir\u00e1lis fogasker\u00e9k"},"content":{"rendered":"<div>\n<h2>Neh\u00e9zg\u00e9pekhez val\u00f3 dupla ferde fogasker\u00e9k: Prec\u00edzi\u00f3 \u00e9s teljes\u00edtm\u00e9ny ipari alkalmaz\u00e1sokhoz<\/h2>\n<p class=\"break-words\">Az FMP Company-n\u00e1l b\u00fcszk\u00e9k vagyunk arra, hogy sz\u00e9les v\u00e1laszt\u00e9kban gy\u00e1rtunk ilyen kiv\u00e9teles fogaskerekeket, amelyeket az olaszorsz\u00e1gi \u2013 bele\u00e9rtve Mil\u00e1n\u00f3t, Velenc\u00e9t, Firenz\u00e9t \u00e9s Bologn\u00e1t \u2013 \u00e9s azon t\u00fali \u2013 neh\u00e9zipari v\u00e1llalatok ig\u00e9nyeinek megfelel\u0151en szabtunk testre.<\/p>\n<table style=\"border-collapse: collapse; width: 100.102%; height: 95px;\" border=\"0\" width=\"243\" cellspacing=\"0\" cellpadding=\"0\">\n<tbody>\n<tr style=\"height: 14.40pt;\">\n<td style=\"height: 14px; width: 33.262%;\" align=\"right\" width=\"81\" height=\"24\"><img loading=\"lazy\" decoding=\"async\" class=\"size-full wp-image-7353 aligncenter\" src=\"https:\/\/fmp-components.com\/wp-content\/uploads\/2025\/03\/Heavy-Machinery-Double-Helical-Gear-6.webp\" alt=\"Neh\u00e9zg\u00e9pek-Dupla-Csavarkerekes-Foghajt\u00f3m\u0171\" width=\"500\" height=\"500\" title=\"\" srcset=\"https:\/\/fmp-components.com\/wp-content\/uploads\/2025\/03\/Heavy-Machinery-Double-Helical-Gear-6.webp 500w, https:\/\/fmp-components.com\/wp-content\/uploads\/2025\/03\/Heavy-Machinery-Double-Helical-Gear-6-480x480.webp 480w\" sizes=\"(min-width: 0px) and (max-width: 480px) 480px, (min-width: 481px) 500px, 100vw\" \/><\/td>\n<td style=\"width: 33.6898%; height: 14px;\" align=\"right\" width=\"81\"><img loading=\"lazy\" decoding=\"async\" class=\"size-full wp-image-7354 aligncenter\" src=\"https:\/\/fmp-components.com\/wp-content\/uploads\/2025\/03\/Heavy-Machinery-Double-Helical-Gear-5.webp\" alt=\"Neh\u00e9zg\u00e9pek-Dupla-Csavarkerekes-Foghajt\u00f3m\u0171\" width=\"500\" height=\"500\" title=\"\" srcset=\"https:\/\/fmp-components.com\/wp-content\/uploads\/2025\/03\/Heavy-Machinery-Double-Helical-Gear-5.webp 500w, https:\/\/fmp-components.com\/wp-content\/uploads\/2025\/03\/Heavy-Machinery-Double-Helical-Gear-5-480x480.webp 480w\" sizes=\"(min-width: 0px) and (max-width: 480px) 480px, (min-width: 481px) 500px, 100vw\" \/><\/td>\n<td style=\"width: 32.8342%; height: 14px;\" align=\"right\" width=\"81\"><img loading=\"lazy\" decoding=\"async\" class=\"size-full wp-image-7355 aligncenter\" src=\"https:\/\/fmp-components.com\/wp-content\/uploads\/2025\/03\/Heavy-Machinery-Double-Helical-Gear-2.webp\" alt=\"Neh\u00e9zg\u00e9pek-Dupla-Csavarkerekes-Foghajt\u00f3m\u0171\" width=\"500\" height=\"500\" title=\"\" srcset=\"https:\/\/fmp-components.com\/wp-content\/uploads\/2025\/03\/Heavy-Machinery-Double-Helical-Gear-2.webp 500w, https:\/\/fmp-components.com\/wp-content\/uploads\/2025\/03\/Heavy-Machinery-Double-Helical-Gear-2-480x480.webp 480w\" sizes=\"(min-width: 0px) and (max-width: 480px) 480px, (min-width: 481px) 500px, 100vw\" \/><\/td>\n<\/tr>\n<\/tbody>\n<\/table>\n<h3>Mik azok a dupla ferde fogaskerekek?<\/h3>\n<p class=\"break-words\">A kett\u0151s ferde fogaskerekek, amelyeket gyakran halsz\u00e1lk\u00e1s fogaskerekeknek is neveznek, jellegzetes V-alak\u00fa kialak\u00edt\u00e1ssal k\u00e9sz\u00fclnek, amelyet k\u00e9t egym\u00e1ssal szemben l\u00e9v\u0151 ferde fogasker\u00e9k alkot. Ez az innovat\u00edv szerkezet kik\u00fcsz\u00f6b\u00f6li az axi\u00e1lis tol\u00f3er\u0151t, \u00edgy biztos\u00edtva a sima \u00e9s hat\u00e9kony m\u0171k\u00f6d\u00e9st axi\u00e1lis csap\u00e1gyak n\u00e9lk\u00fcl \u2013 ami kulcsfontoss\u00e1g\u00fa el\u0151ny a hagyom\u00e1nyos fogaskerekekkel szemben. <a href=\"https:\/\/fmp-components.com\/hu\/helical-gears\/\">ferde fogaskerekek<\/a>Az olyan ipar\u00e1gakban, amelyek nagy nyomat\u00e9kot \u00e9s tart\u00f3ss\u00e1got ig\u00e9nyelnek, mint p\u00e9ld\u00e1ul Mil\u00e1n\u00f3 ny\u00fczsg\u0151 gy\u00e1rt\u00f3szektora vagy Velence haj\u00f3\u00e9p\u00edt\u0151 k\u00f6zpontjai, a kett\u0151s ferde fogaskerekek n\u00e9lk\u00fcl\u00f6zhetetlen alkatr\u00e9szek a neh\u00e9zg\u00e9pekben.<\/p>\n<h3>A dupla ferde fogaskerekek f\u0151 el\u0151nyei<\/h3>\n<p class=\"break-words\">A kett\u0151s ferde fogaskerekek kiv\u00e1l\u00f3 teljes\u00edtm\u00e9nye \u00e1tgondolt tervez\u00e9s\u00fcknek k\u00f6sz\u00f6nhet\u0151. \u00cdme, mi\u00e9rt t\u0171nnek ki az ipari alkalmaz\u00e1sokban:<\/p>\n<ol class=\"marker:text-secondary\">\n<li class=\"break-words\"><strong>Axi\u00e1lis terhel\u00e9s kik\u00fcsz\u00f6b\u00f6l\u00e9se<\/strong><br \/>\nA szimmetrikus V-alak kioltja az axi\u00e1lis tol\u00f3er\u0151t, \u00edgy nincs sz\u00fcks\u00e9g tov\u00e1bbi axi\u00e1lis csap\u00e1gyakra. Ez leegyszer\u0171s\u00edti a sebess\u00e9gv\u00e1lt\u00f3 kialak\u00edt\u00e1s\u00e1t, cs\u00f6kkenti a karbantart\u00e1si k\u00f6lts\u00e9geket \u00e9s n\u00f6veli a megb\u00edzhat\u00f3s\u00e1got \u2013 t\u00f6k\u00e9letes megold\u00e1st k\u00edn\u00e1lva a Florence-i prec\u00edzi\u00f3s hajt\u00e1s\u00fa ipar\u00e1gak sz\u00e1m\u00e1ra.<\/li>\n<li class=\"break-words\"><strong>Nagy teherb\u00edr\u00e1s<\/strong><br \/>\nA sz\u00e9lesebb fogkapcsolatnak k\u00f6sz\u00f6nhet\u0151en ezek a fogaskerekek hat\u00e9konyabban osztj\u00e1k el a terhel\u00e9st, \u00edgy ide\u00e1lisak a bolognai b\u00e1ny\u00e1szati \u200b\u200bberendez\u00e9sek vagy az olaszorsz\u00e1gi f\u00e9mmegmunk\u00e1l\u00f3 g\u00e9pek nagy ig\u00e9nybev\u00e9tel\u00e9hez.<\/li>\n<li class=\"break-words\"><strong>Fokozott hat\u00e9konys\u00e1g<\/strong><br \/>\nA folyamatos fog\u00e9rintkez\u00e9s minimaliz\u00e1lja a rezg\u00e9st \u00e9s a zajt, sim\u00e1bb m\u0171k\u00f6d\u00e9st biztos\u00edt \u00e9s n\u00f6veli a sebess\u00e9gv\u00e1lt\u00f3 teljes\u00edtm\u00e9ny\u00e9t. Ez a hat\u00e9konys\u00e1g l\u00e9tfontoss\u00e1g\u00fa azokn\u00e1l az alkalmaz\u00e1sokn\u00e1l, ahol a pontoss\u00e1g nem k\u00e9pezheti vita t\u00e1rgy\u00e1t, p\u00e9ld\u00e1ul a velencei haj\u00f3meghajt\u00e1si rendszerekn\u00e9l.<\/li>\n<li class=\"break-words\"><strong>Tart\u00f3ss\u00e1g<\/strong><br \/>\nA kiegyens\u00falyozott kialak\u00edt\u00e1s cs\u00f6kkenti a kop\u00e1st, \u00edgy hossz\u00fa \u00e9lettartamot biztos\u00edt m\u00e9g zord k\u00f6rnyezetben is. Ez a tart\u00f3ss\u00e1g teszi a kett\u0151s ferde fogaz\u00e1s\u00fa fogaskerekeket k\u00f6lts\u00e9ghat\u00e9kony v\u00e1laszt\u00e1ss\u00e1 hossz\u00fa t\u00e1v\u00fa ipari felhaszn\u00e1l\u00e1sra, a mil\u00e1n\u00f3i er\u0151m\u0171vekt\u0151l a t\u00e1voli olajmez\u0151kig.<\/li>\n<\/ol>\n<\/div>\n<h2>Egyedi sebess\u00e9gv\u00e1lt\u00f3 alkatr\u00e9szek \u2013 Nagy teherb\u00edr\u00e1s\u00fa dupla ferde fogaskerekek<\/h2>\n<table class=\"table\" style=\"width: 101.217%; height: 208px;\" border=\"1\">\n<tbody>\n<tr>\n<td>Alkalmaz\u00e1s:<\/td>\n<td>Motor, Elektromos aut\u00f3k, Motorker\u00e9kp\u00e1r, G\u00e9pek, Tengeri, J\u00e1t\u00e9k, Mez\u0151gazdas\u00e1gi g\u00e9pek, Aut\u00f3<\/td>\n<\/tr>\n<tr>\n<td>Kem\u00e9nys\u00e9g:<\/td>\n<td>Puha fogfelsz\u00edn<\/td>\n<\/tr>\n<tr>\n<td>Sebess\u00e9gv\u00e1lt\u00f3 \u00e1ll\u00e1sa:<\/td>\n<td>K\u00fcls\u0151 fogasker\u00e9k<\/td>\n<\/tr>\n<tr>\n<td>Gy\u00e1rt\u00e1si m\u00f3dszer:<\/td>\n<td>V\u00e1g\u00f3felszerel\u00e9s<\/td>\n<\/tr>\n<tr>\n<td>Fogazott r\u00e9sz alakja:<\/td>\n<td>Dupla ferde fogasker\u00e9k<\/td>\n<\/tr>\n<tr>\n<td>Anyag:<\/td>\n<td>\u00d6nt\u00f6tt ac\u00e9l<\/td>\n<\/tr>\n<\/tbody>\n<\/table>\n<div class=\"table-responsive\">\n<table class=\"table\" style=\"width: 101.339%;\" border=\"1\">\n<tbody>\n<tr>\n<td style=\"width: 44.1558%;\">Anyag<\/td>\n<td style=\"width: 264.756%;\">Egyedi gy\u00e1rt\u00e1s\u00fa<\/td>\n<\/tr>\n<tr>\n<td style=\"width: 44.1558%;\">Fogasker\u00e9k-lef\u00far\u00e1s<\/td>\n<td style=\"width: 264.756%;\"><b>\u221a<\/b><\/td>\n<\/tr>\n<tr>\n<td style=\"width: 44.1558%;\">Fogasker\u00e9k-k\u00f6sz\u00f6r\u00fcl\u00e9s<\/td>\n<td style=\"width: 264.756%;\">Null<\/td>\n<\/tr>\n<tr>\n<td style=\"width: 44.1558%;\">Nyom\u00e1ssz\u00f6g<\/td>\n<td style=\"width: 264.756%;\">20\u00b0<\/td>\n<\/tr>\n<tr>\n<td style=\"width: 44.1558%;\">Spir\u00e1lis sz\u00f6g<\/td>\n<td style=\"width: 264.756%;\">Egyedi gy\u00e1rt\u00e1s\u00fa<\/td>\n<\/tr>\n<tr>\n<td style=\"width: 44.1558%;\">H\u0151kezel\u00e9s<\/td>\n<td style=\"width: 264.756%;\">Edz\u00e9s \u00e9s megereszt\u00e9s<\/td>\n<\/tr>\n<tr>\n<td style=\"width: 44.1558%;\">Fel\u00fcleti kem\u00e9nys\u00e9g<\/td>\n<td style=\"width: 264.756%;\">Opci\u00f3k<\/td>\n<\/tr>\n<tr>\n<td style=\"width: 44.1558%;\">Fogasker\u00e9k pontoss\u00e1gi fokozat<\/td>\n<td style=\"width: 264.756%;\">8-9-es fokozat (ISO 1328)<\/td>\n<\/tr>\n<\/tbody>\n<\/table>\n<\/div>\n<p>Neh\u00e9zg\u00e9pek kett\u0151s ferde fogaskereke<\/p>\n<div class=\"table-responsive\">\n<table class=\"table\" style=\"width: 99.7297%;\" border=\"1\">\n<tbody>\n<tr>\n<td style=\"width: 41.806%;\">AC\u00c9LMIN\u0150S\u00c9GEK \u00d6SSZEHASONL\u00cdT\u00c1SA<\/td>\n<td style=\"width: 12.3746%;\"><\/td>\n<td style=\"width: 11.8729%;\"><\/td>\n<td style=\"width: 7.19064%;\"><\/td>\n<td style=\"width: 11.3712%;\"><\/td>\n<td style=\"width: 69.7324%;\"><\/td>\n<\/tr>\n<tr>\n<td style=\"width: 41.806%;\">K\u00cdNA\/NAGY-BRITANNIA<\/td>\n<td style=\"width: 12.3746%;\">ISO<\/td>\n<td style=\"width: 11.8729%;\">GOST<\/td>\n<td style=\"width: 7.19064%;\">ASTM<\/td>\n<td style=\"width: 11.3712%;\">JIS<\/td>\n<td style=\"width: 69.7324%;\">L\u00c1RMA<\/td>\n<\/tr>\n<tr>\n<td style=\"width: 41.806%;\">45<\/td>\n<td style=\"width: 12.3746%;\">C45E4<\/td>\n<td style=\"width: 11.8729%;\">45<\/td>\n<td style=\"width: 7.19064%;\">1045<\/td>\n<td style=\"width: 11.3712%;\">S45C<\/td>\n<td style=\"width: 69.7324%;\">CK45<\/td>\n<\/tr>\n<tr>\n<td style=\"width: 41.806%;\">40Cr<\/td>\n<td style=\"width: 12.3746%;\">41Cr4<\/td>\n<td style=\"width: 11.8729%;\">40x<\/td>\n<td style=\"width: 7.19064%;\">5140<\/td>\n<td style=\"width: 11.3712%;\">SCr440<\/td>\n<td style=\"width: 69.7324%;\">41Cr4<\/td>\n<\/tr>\n<tr>\n<td style=\"width: 41.806%;\">20CrMo<\/td>\n<td style=\"width: 12.3746%;\">18CrMo4<\/td>\n<td style=\"width: 11.8729%;\">20\u0425\u041c<\/td>\n<td style=\"width: 7.19064%;\">4118<\/td>\n<td style=\"width: 11.3712%;\">SCM22<\/td>\n<td style=\"width: 69.7324%;\">25CrMo4<\/td>\n<\/tr>\n<tr>\n<td style=\"width: 41.806%;\">42CrMo<\/td>\n<td style=\"width: 12.3746%;\">42CrMo4<\/td>\n<td style=\"width: 11.8729%;\">38XM<\/td>\n<td style=\"width: 7.19064%;\">4140<\/td>\n<td style=\"width: 11.3712%;\">SCM440<\/td>\n<td style=\"width: 69.7324%;\">42CrMo4<\/td>\n<\/tr>\n<tr>\n<td style=\"width: 41.806%;\">20CrMnTi<\/td>\n<td style=\"width: 12.3746%;\"><\/td>\n<td style=\"width: 11.8729%;\">18X\u0413T<\/td>\n<td style=\"width: 7.19064%;\"><\/td>\n<td style=\"width: 11.3712%;\">SMK22<\/td>\n<td style=\"width: 69.7324%;\"><\/td>\n<\/tr>\n<tr>\n<td style=\"width: 41.806%;\">20Cr\u2082Ni\u2084<\/td>\n<td style=\"width: 12.3746%;\"><\/td>\n<td style=\"width: 11.8729%;\">20X2H4A<\/td>\n<td style=\"width: 7.19064%;\"><\/td>\n<td style=\"width: 11.3712%;\"><\/td>\n<td style=\"width: 69.7324%;\"><\/td>\n<\/tr>\n<tr>\n<td style=\"width: 41.806%;\">20CrNiMo<\/td>\n<td style=\"width: 12.3746%;\">20CrNiMo2<\/td>\n<td style=\"width: 11.8729%;\">20XHM<\/td>\n<td style=\"width: 7.19064%;\">8720<\/td>\n<td style=\"width: 11.3712%;\">SNCM220<\/td>\n<td style=\"width: 69.7324%;\">21NiCrMo2<\/td>\n<\/tr>\n<tr>\n<td style=\"width: 41.806%;\">40CrNiMoA<\/td>\n<td style=\"width: 12.3746%;\"><\/td>\n<td style=\"width: 11.8729%;\">40XH2MA\/<br \/>\n40XHMA<\/td>\n<td style=\"width: 7.19064%;\">4340<\/td>\n<td style=\"width: 11.3712%;\">SNCM439<\/td>\n<td style=\"width: 69.7324%;\">40NiCrMo6\/<br \/>\n36NiCrMo4<\/td>\n<\/tr>\n<tr>\n<td style=\"width: 41.806%;\">20CrNi2Mo<\/td>\n<td style=\"width: 12.3746%;\">20NiCrMo7<\/td>\n<td style=\"width: 11.8729%;\">20XH2MA<\/td>\n<td style=\"width: 7.19064%;\">4320<\/td>\n<td style=\"width: 11.3712%;\">SNCM420<\/td>\n<td style=\"width: 69.7324%;\"><\/td>\n<\/tr>\n<\/tbody>\n<\/table>\n<p>&nbsp;<\/p>\n<div>\n<h2>Alkalmaz\u00e1sok ipari sebess\u00e9gv\u00e1lt\u00f3kban<\/h2>\n<p class=\"break-words\">A prec\u00edzi\u00f3s, kett\u0151s ferde fogaskerekek sz\u00e1mos nagy ig\u00e9nybev\u00e9telt jelent\u0151 alkalmaz\u00e1shoz a legjobb megold\u00e1st jelentik:<\/p>\n<ul class=\"marker:text-secondary\">\n<li class=\"break-words\"><strong>Neh\u00e9zg\u00e9pek<\/strong><br \/>\nN\u00e9lk\u00fcl\u00f6zhetetlen b\u00e1ny\u00e1szati \u200b\u200bberendez\u00e9sekhez \u00e9s f\u00e9mmegmunk\u00e1l\u00f3 g\u00e9pekhez, ahol a nagy nyomat\u00e9k \u00e9s a megb\u00edzhat\u00f3s\u00e1g kritikus fontoss\u00e1g\u00fa.<\/li>\n<li class=\"break-words\"><strong>Tengeri meghajt\u00e1si rendszerek<\/strong><br \/>\nBiztos\u00edtja a haj\u00f3kon a sima \u00e9s csendes er\u0151\u00e1tvitelt \u2013 ami \u00e1ld\u00e1s Velence tenger\u00e9szeti ipar\u00e1nak.<\/li>\n<li class=\"break-words\"><strong>Olaj- \u00e9s g\u00e1zipar<\/strong><br \/>\nRobusztus nyomat\u00e9k\u00e1tvitelt biztos\u00edt f\u00far\u00f3- \u00e9s szivatty\u00farendszerekhez, t\u00e1mogatva a termel\u00e9kenys\u00e9get kih\u00edv\u00e1st jelent\u0151 k\u00f6r\u00fclm\u00e9nyek k\u00f6z\u00f6tt.<\/li>\n<li class=\"break-words\"><strong>Er\u0151m\u0171vek<\/strong><br \/>\nTurbin\u00e1kban \u00e9s gener\u00e1torokban haszn\u00e1lj\u00e1k a stabil teljes\u00edtm\u00e9ny fenntart\u00e1s\u00e1ra, cs\u00f6kkentve az \u00e1ll\u00e1sid\u0151t Mil\u00e1n\u00f3 energiaszektor\u00e1ban.<\/li>\n<\/ul>\n<div>\n<h2>FMP Company: Megb\u00edzhat\u00f3 partnere Olaszorsz\u00e1gban<\/h2>\n<p class=\"break-words\">At <strong>FMP V\u00e1llalat<\/strong>, neh\u00e9zg\u00e9pekhez val\u00f3 dupla ferde fogaskerekek sz\u00e9les v\u00e1laszt\u00e9k\u00e1nak gy\u00e1rt\u00e1s\u00e1ra specializ\u00e1l\u00f3dtunk, melyeket prec\u00edzi\u00f3san, fejlett anyagokb\u00f3l \u00e9s \u00e9lvonalbeli technol\u00f3gi\u00e1val k\u00e9sz\u00edt\u00fcnk. Ak\u00e1r Mil\u00e1n\u00f3ban, Velenc\u00e9ben, Firenz\u00e9ben vagy Bologn\u00e1ban van, fogaskerekeinket a legmagasabb min\u0151s\u00e9gi \u00e9s teljes\u00edtm\u00e9nyi szabv\u00e1nyoknak megfelel\u0151en tervezt\u00fck, \u00edgy a legig\u00e9nyesebb ipari k\u00f6rnyezetben is kiv\u00e1l\u00f3an teljes\u00edtenek.<\/p>\n<h3>Egyedi megold\u00e1sok az \u00d6n ig\u00e9nyeire szabva<\/h3>\n<p class=\"break-words\">Tudjuk, hogy minden projektnek egyedi ig\u00e9nyei vannak. Ez\u00e9rt k\u00edn\u00e1l az FMP egyedi gy\u00e1rt\u00e1si szolg\u00e1ltat\u00e1sokat kett\u0151s ferde fogaz\u00e1s\u00fa fogaskerekekhez. Ha nem tal\u00e1lja a pontosan megfelel\u0151 modellt a term\u00e9klist\u00e1nkban, ne agg\u00f3djon \u2013 ez egyszer\u0171en azt jelenti, hogy m\u00e9g nem volt lehet\u0151s\u00e9g\u00fcnk list\u00e1zni! K\u00e9rj\u00fck, k\u00fcldj\u00f6n nek\u00fcnk e-mailt a konkr\u00e9t ig\u00e9nyeivel. Elk\u00f6telezett m\u00e9rn\u00f6kcsapatunk 24 \u00f3r\u00e1n bel\u00fcl v\u00e1laszol, \u00e9s k\u00e9szen \u00e1ll arra, hogy egy\u00fcttm\u0171k\u00f6dj\u00f6n az \u00d6n ig\u00e9nyeinek megfelel\u0151 egyedi megold\u00e1s kidolgoz\u00e1s\u00e1ban, ak\u00e1r Firenze t\u00f6rt\u00e9nelmi ipari \u00f6vezet\u00e9nek sz\u00edv\u00e9ben, ak\u00e1r Bologna modern gy\u00e1rt\u00f3\u00fczemeiben tart\u00f3zkodik.<\/p>\n<h3>Helyi szak\u00e9rtelem Olaszorsz\u00e1g-szerte<\/h3>\n<p class=\"break-words\">Az FMP Company b\u00fcszke arra, hogy \u00fcgyfeleit eg\u00e9sz Olaszorsz\u00e1gban kiszolg\u00e1lhatja, \u00e9s a helyi piacok m\u00e9lyrehat\u00f3 ismeret\u00e9re t\u00e1maszkodva szem\u00e9lyre szabott megold\u00e1sokat k\u00edn\u00e1l. Mil\u00e1n\u00f3t\u00f3l, az ipari innov\u00e1ci\u00f3 k\u00f6zpontj\u00e1t\u00f3l, Velenc\u00e9ig, amely gazdag tenger\u00e9szeti \u00f6r\u00f6ks\u00e9g\u00e9r\u0151l ismert, \u00e9s Firenz\u00e9t\u0151l, amely a prec\u00edzi\u00f3s k\u00e9zm\u0171vess\u00e9gben gy\u00f6kerezik, Bologn\u00e1ig, a m\u00e9rn\u00f6ki kiv\u00e1l\u00f3s\u00e1g k\u00f6zpontj\u00e1ig \u2013 az FMP az \u00d6n helyi partnere a pr\u00e9mium min\u0151s\u00e9g\u0171, dupla ferde fogaz\u00e1s\u00fa fogaskerekek ter\u00e9n. Glob\u00e1lis gy\u00e1rt\u00e1si k\u00e9pess\u00e9geink, helyi t\u00e1mogat\u00e1ssal p\u00e1rosulva, biztos\u00edtj\u00e1k, hogy \u00d6n els\u0151 oszt\u00e1ly\u00fa szolg\u00e1ltat\u00e1st \u00e9s term\u00e9keket kapjon, b\u00e1rhol is legyen.<\/p>\n<h2>Mi\u00e9rt v\u00e1lassza az FMP c\u00e9get?<\/h2>\n<ul class=\"marker:text-secondary\">\n<li class=\"break-words\"><strong>Prec\u00edzi\u00f3s gy\u00e1rt\u00e1s<\/strong>Hajt\u00f3m\u0171veinket a teljes\u00edtm\u00e9nyre tervezt\u00fck, megfelelve az olasz ipar szigor\u00fa k\u00f6vetelm\u00e9nyeinek.<\/li>\n<li class=\"break-words\"><strong>Egyedi rugalmass\u00e1g<\/strong>Alkalmazkodunk az \u00d6n egyedi ig\u00e9nyeihez.<\/li>\n<li class=\"break-words\"><strong>Gyors v\u00e1lasz<\/strong>L\u00e9pjen kapcsolatba vel\u00fcnk m\u00e9g ma, \u00e9s m\u00e9rn\u00f6keink 24 \u00f3r\u00e1n bel\u00fcl v\u00e1laszolnak.<\/li>\n<li class=\"break-words\"><strong>Helyi jelenl\u00e9t<\/strong>P\u00e1ratlan szak\u00e9rtelemmel t\u00e1mogatjuk Mil\u00e1n\u00f3t, Velenc\u00e9t, Firenz\u00e9t, Bologn\u00e1t \u00e9s azon t\u00fali v\u00e1rosokat.<\/li>\n<\/ul>\n<p class=\"break-words\">Ha tov\u00e1bbi inform\u00e1ci\u00f3ra van sz\u00fcks\u00e9ge neh\u00e9zg\u00e9pekhez val\u00f3 dupla ferde fogaz\u00e1s\u00fa fogaskerekeinkr\u0151l, vagy ha meg szeretn\u00e9 besz\u00e9lni egyedi ig\u00e9nyeit, vegye fel a kapcsolatot az FMP Company-val. Ak\u00e1r egy sebess\u00e9gv\u00e1lt\u00f3t optimaliz\u00e1l Mil\u00e1n\u00f3ban, ak\u00e1r egy haj\u00f3t hajt Velenc\u00e9ben, ak\u00e1r egy turbin\u00e1t \u00fczemeltet Firenz\u00e9ben, csapatunk k\u00e9szen \u00e1ll, hogy a legjobb fogasker\u00e9k-megold\u00e1sokat k\u00edn\u00e1lja ipari alkalmaz\u00e1saihoz. \u00cdrjon nek\u00fcnk most, \u00e9s vigy\u00fcnk precizit\u00e1st \u00e9s er\u0151t a k\u00f6vetkez\u0151 projektj\u00e9be!<\/p>\n<\/div>\n<\/div>\n<table style=\"border-collapse: collapse; width: 100.237%; height: 33px;\" border=\"0\" width=\"243\" cellspacing=\"0\" cellpadding=\"0\">\n<tbody>\n<tr style=\"height: 14.40pt;\">\n<td style=\"height: 14.40pt; width: 48.60pt;\" align=\"right\" width=\"81\" height=\"24\"><img loading=\"lazy\" decoding=\"async\" class=\"size-full wp-image-7348 aligncenter\" src=\"https:\/\/fmp-components.com\/wp-content\/uploads\/2025\/03\/Heavy-Machinery-Double-Helical-Gear-product-3.webp\" alt=\"Neh\u00e9zg\u00e9p-kett\u0151s-ferdeh\u00e1t\u00fa-fogasker\u00e9k-term\u00e9k-3\" width=\"317\" height=\"243\" title=\"\" srcset=\"https:\/\/fmp-components.com\/wp-content\/uploads\/2025\/03\/Heavy-Machinery-Double-Helical-Gear-product-3.webp 317w, https:\/\/fmp-components.com\/wp-content\/uploads\/2025\/03\/Heavy-Machinery-Double-Helical-Gear-product-3-300x230.webp 300w, https:\/\/fmp-components.com\/wp-content\/uploads\/2025\/03\/Heavy-Machinery-Double-Helical-Gear-product-3-16x12.webp 16w\" sizes=\"(max-width: 317px) 100vw, 317px\" \/><\/td>\n<td style=\"width: 48.60pt;\" align=\"right\" width=\"81\"><img loading=\"lazy\" decoding=\"async\" class=\"size-full wp-image-7349 aligncenter\" src=\"https:\/\/fmp-components.com\/wp-content\/uploads\/2025\/03\/Heavy-Machinery-Double-Helical-Gear-product-2.webp\" alt=\"Neh\u00e9zg\u00e9pek-Dupla-Csavarkerekes-Foghajt\u00f3m\u0171\" width=\"318\" height=\"247\" title=\"\" srcset=\"https:\/\/fmp-components.com\/wp-content\/uploads\/2025\/03\/Heavy-Machinery-Double-Helical-Gear-product-2.webp 318w, https:\/\/fmp-components.com\/wp-content\/uploads\/2025\/03\/Heavy-Machinery-Double-Helical-Gear-product-2-300x233.webp 300w, https:\/\/fmp-components.com\/wp-content\/uploads\/2025\/03\/Heavy-Machinery-Double-Helical-Gear-product-2-15x12.webp 15w\" sizes=\"(max-width: 318px) 100vw, 318px\" \/><\/td>\n<td style=\"width: 48.60pt;\" align=\"right\" width=\"81\"><img loading=\"lazy\" decoding=\"async\" class=\"size-full wp-image-7350 aligncenter\" src=\"https:\/\/fmp-components.com\/wp-content\/uploads\/2025\/03\/Heavy-Machinery-Double-Helical-Gear-product-1.webp\" alt=\"Neh\u00e9zg\u00e9pek-Dupla-Csavarkerekes-Foghajt\u00f3m\u0171\" width=\"400\" height=\"293\" title=\"\" srcset=\"https:\/\/fmp-components.com\/wp-content\/uploads\/2025\/03\/Heavy-Machinery-Double-Helical-Gear-product-1.webp 400w, https:\/\/fmp-components.com\/wp-content\/uploads\/2025\/03\/Heavy-Machinery-Double-Helical-Gear-product-1-300x220.webp 300w, https:\/\/fmp-components.com\/wp-content\/uploads\/2025\/03\/Heavy-Machinery-Double-Helical-Gear-product-1-16x12.webp 16w\" sizes=\"(max-width: 400px) 100vw, 400px\" \/><\/td>\n<\/tr>\n<\/tbody>\n<\/table>\n<table style=\"border-collapse: collapse; width: 100.046%; height: 10px;\" border=\"0\" width=\"162\" cellspacing=\"0\" cellpadding=\"0\">\n<tbody>\n<tr style=\"height: 14.40pt;\">\n<td style=\"height: 10px; width: 45.8244%;\" align=\"right\" width=\"81\" height=\"24\"><img loading=\"lazy\" decoding=\"async\" class=\"wp-image-7351 aligncenter\" src=\"https:\/\/fmp-components.com\/wp-content\/uploads\/2025\/03\/Heavy-Machinery-Double-Helical-Gear-product-5.webp\" alt=\"Neh\u00e9zg\u00e9pek-Dupla-Csavarkerekes-Foghajt\u00f3m\u0171\" width=\"472\" height=\"765\" title=\"\" srcset=\"https:\/\/fmp-components.com\/wp-content\/uploads\/2025\/03\/Heavy-Machinery-Double-Helical-Gear-product-5.webp 400w, https:\/\/fmp-components.com\/wp-content\/uploads\/2025\/03\/Heavy-Machinery-Double-Helical-Gear-product-5-185x300.webp 185w, https:\/\/fmp-components.com\/wp-content\/uploads\/2025\/03\/Heavy-Machinery-Double-Helical-Gear-product-5-7x12.webp 7w\" sizes=\"(max-width: 472px) 100vw, 472px\" \/><\/td>\n<td style=\"width: 54.1756%; height: 10px;\" align=\"right\" width=\"81\"><img loading=\"lazy\" decoding=\"async\" class=\"wp-image-7352 aligncenter\" src=\"https:\/\/fmp-components.com\/wp-content\/uploads\/2025\/03\/Heavy-Machinery-Double-Helical-Gear-product-4.webp\" alt=\"Neh\u00e9zg\u00e9pek-Dupla-Csavarkerekes-Foghajt\u00f3m\u0171\" width=\"518\" height=\"715\" title=\"\" srcset=\"https:\/\/fmp-components.com\/wp-content\/uploads\/2025\/03\/Heavy-Machinery-Double-Helical-Gear-product-4.webp 400w, https:\/\/fmp-components.com\/wp-content\/uploads\/2025\/03\/Heavy-Machinery-Double-Helical-Gear-product-4-217x300.webp 217w, https:\/\/fmp-components.com\/wp-content\/uploads\/2025\/03\/Heavy-Machinery-Double-Helical-Gear-product-4-9x12.webp 9w\" sizes=\"(max-width: 518px) 100vw, 518px\" \/><\/td>\n<\/tr>\n<\/tbody>\n<\/table>\n<\/div>","protected":false},"excerpt":{"rendered":"<p>Neh\u00e9zg\u00e9pekhez val\u00f3 dupla ferde fogaskerekek: Prec\u00edzi\u00f3 \u00e9s er\u0151 ipari alkalmaz\u00e1sokhoz Az FMP Company-n\u00e1l b\u00fcszk\u00e9k vagyunk arra, hogy sz\u00e9les v\u00e1laszt\u00e9kban gy\u00e1rtunk ilyen kiv\u00e9teles fogaskerekeket, amelyeket az olaszorsz\u00e1gi \u2013 bele\u00e9rtve a kulcsfontoss\u00e1g\u00fa k\u00f6zpontokat, mint Mil\u00e1n\u00f3, Velence, Firenze \u00e9s Bologna \u2013 \u00e9s azon t\u00fali \u2013 neh\u00e9zipari v\u00e1llalatok ig\u00e9nyeinek kiel\u00e9g\u00edt\u00e9s\u00e9re szabtunk. Mik azok a dupla ferde fogaskerekek? A dupla ferde fogaskerekeket gyakran [\u2026]<\/p>","protected":false},"featured_media":4588,"comment_status":"open","ping_status":"closed","template":"","meta":{"_et_pb_use_builder":"","_et_pb_old_content":"","_et_gb_content_width":""},"product_brand":[],"product_cat":[108],"product_tag":[],"class_list":{"0":"post-7346","1":"product","2":"type-product","3":"status-publish","4":"has-post-thumbnail","6":"product_cat-helical-gear","8":"first","9":"instock","10":"shipping-taxable","11":"product-type-simple"},"_links":{"self":[{"href":"https:\/\/fmp-components.com\/hu\/wp-json\/wp\/v2\/product\/7346","targetHints":{"allow":["GET"]}}],"collection":[{"href":"https:\/\/fmp-components.com\/hu\/wp-json\/wp\/v2\/product"}],"about":[{"href":"https:\/\/fmp-components.com\/hu\/wp-json\/wp\/v2\/types\/product"}],"replies":[{"embeddable":true,"href":"https:\/\/fmp-components.com\/hu\/wp-json\/wp\/v2\/comments?post=7346"}],"wp:featuredmedia":[{"embeddable":true,"href":"https:\/\/fmp-components.com\/hu\/wp-json\/wp\/v2\/media\/4588"}],"wp:attachment":[{"href":"https:\/\/fmp-components.com\/hu\/wp-json\/wp\/v2\/media?parent=7346"}],"wp:term":[{"taxonomy":"product_brand","embeddable":true,"href":"https:\/\/fmp-components.com\/hu\/wp-json\/wp\/v2\/product_brand?post=7346"},{"taxonomy":"product_cat","embeddable":true,"href":"https:\/\/fmp-components.com\/hu\/wp-json\/wp\/v2\/product_cat?post=7346"},{"taxonomy":"product_tag","embeddable":true,"href":"https:\/\/fmp-components.com\/hu\/wp-json\/wp\/v2\/product_tag?post=7346"}],"curies":[{"name":"munkaf\u00fczet","href":"https:\/\/api.w.org\/{rel}","templated":true}]}}