{"id":7345,"date":"2025-03-23T08:22:06","date_gmt":"2025-03-23T08:22:06","guid":{"rendered":"https:\/\/fmp-components.com\/?post_type=product&#038;p=7345"},"modified":"2025-03-26T08:46:20","modified_gmt":"2025-03-26T08:46:20","slug":"carbon-steel-double-helical-gear","status":"publish","type":"product","link":"https:\/\/fmp-components.com\/hu\/product\/carbon-steel-double-helical-gear\/","title":{"rendered":"Sz\u00e9nac\u00e9l dupla spir\u00e1lis fogasker\u00e9k"},"content":{"rendered":"<h2>Term\u00e9kle\u00edr\u00e1s<\/h2>\n<div class=\"table-responsive\">\n<table class=\"table\" style=\"width: 95.4894%; height: 145px;\" border=\"1\">\n<tbody>\n<tr>\n<td>Anyag<\/td>\n<td>Rozsdamentes ac\u00e9l<\/td>\n<\/tr>\n<tr>\n<td>Vastags\u00e1g (mm)<\/td>\n<td>50-t\u0151l 150-ig<\/td>\n<\/tr>\n<tr>\n<td>Anyagmin\u0151s\u00e9g<\/td>\n<td>SS304<\/td>\n<\/tr>\n<tr>\n<td>Lefejt\u0151 mar\u00e1si kapacit\u00e1s<\/td>\n<td>5 mm - 100 mm<\/td>\n<\/tr>\n<tr>\n<td>Nyom\u00e1ssz\u00f6g<\/td>\n<td>20 fok<\/td>\n<\/tr>\n<\/tbody>\n<\/table>\n<div>\n<h2>Pr\u00e9mium sz\u00e9nac\u00e9l dupla ferde fogaskerekek az FMP-t\u0151l<\/h2>\n<p class=\"break-words\">Dupla sz\u00e9nac\u00e9l <a href=\"https:\/\/fmp-components.com\/hu\/helical-gears\/\">Csavarkerekek<\/a> nagy teljes\u00edtm\u00e9ny\u0171 alkatr\u00e9szek, amelyeket az\u00e9rt nagyra \u00e9rt\u00e9kelnek, mert k\u00e9pesek sima \u00e9s hat\u00e9kony er\u0151\u00e1tvitelt biztos\u00edtani ig\u00e9nyes ipari alkalmaz\u00e1sokban. Magas egybees\u00e9s\u00fckr\u0151l, kis axi\u00e1lis terhel\u00e9s\u00fckr\u0151l, megn\u00f6velt teherb\u00edr\u00e1sukr\u00f3l \u00e9s stabil m\u0171k\u00f6d\u00e9s\u00fckr\u0151l ismertek, ezek a fogaskerekek megb\u00edzhat\u00f3 teljes\u00edtm\u00e9nyt biztos\u00edtanak m\u00e9g nagy terhel\u00e9sek alatt is, \u00edgy ide\u00e1lisak olyan ipar\u00e1gak sz\u00e1m\u00e1ra, mint a gy\u00e1rt\u00e1s, a b\u00e1ny\u00e1szat \u00e9s az energiatermel\u00e9s. Az FMP Company-n\u00e1l sz\u00e9nac\u00e9l dupla ferde fogaskerekek sz\u00e9les v\u00e1laszt\u00e9k\u00e1nak gy\u00e1rt\u00e1s\u00e1ra specializ\u00e1l\u00f3dtunk, kihaszn\u00e1lva fejlett gy\u00e1rt\u00e1si k\u00e9pess\u00e9geinket, hogy megfelelj\u00fcnk a legmagasabb pontoss\u00e1gi \u00e9s tart\u00f3ss\u00e1gi szabv\u00e1nyoknak. Fogaskerekeinket \u00e9lvonalbeli generat\u00edv m\u00f3dszerekkel gy\u00e1rtjuk, hogy kezelj\u00fck a dupla ferde fogaskerekek megmunk\u00e1l\u00e1s\u00e1nak \u00f6sszetetts\u00e9g\u00e9t, biztos\u00edtva az \u00e1lland\u00f3 min\u0151s\u00e9get a mar\u00e1si vagy lefejt\u0151 m\u00f3dszerek \u00e1ltal nem mindig megoldhat\u00f3 kih\u00edv\u00e1sok ellen\u00e9re. T\u00f6bb mint egy \u00e9vtizedes ipar\u00e1gi tapasztalattal az FMP az \u00d6n megb\u00edzhat\u00f3 partnere a tart\u00f3s, prec\u00edzi\u00f3san megtervezett fogasker\u00e9k-megold\u00e1sok ter\u00e9n.<\/p>\n<h3>Egyedi megold\u00e1sok \u00e9s szak\u00e9rt\u0151i t\u00e1mogat\u00e1s<\/h3>\n<p class=\"break-words\">Az FMP-n\u00e9l felismerj\u00fck, hogy minden projekt egyedi specifik\u00e1ci\u00f3kat ig\u00e9nyel, ez\u00e9rt k\u00edn\u00e1lunk egyedi gy\u00e1rt\u00e1st sz\u00e9nac\u00e9l dupla ferde fogaskerekekhez. Ak\u00e1r egyedi m\u00e9retre, kialak\u00edt\u00e1sra vagy anyagra van sz\u00fcks\u00e9ge, k\u00e9pzett m\u00e9rn\u00f6keink k\u00e9szen \u00e1llnak arra, hogy szem\u00e9lyre szabott megold\u00e1sokat k\u00edn\u00e1ljanak, amelyek pontosan megfelelnek az \u00d6n ig\u00e9nyeinek. Ha nem tal\u00e1lja a keresett modellt a term\u00e9klist\u00e1nkban, ne cs\u00fcggedjen \u2013 ez egyszer\u0171en azt jelenti, hogy m\u00e9g nem volt lehet\u0151s\u00e9g\u00fcnk list\u00e1zni. Szeretettel k\u00e9rj\u00fck, hogy vegye fel vel\u00fcnk a kapcsolatot e-mailben, \u00e9s ossza meg vel\u00fcnk ig\u00e9nyeit, \u00e9s elk\u00f6telezett m\u00e9rn\u00f6kcsapatunk a megadott hat\u00e1rid\u0151n bel\u00fcl v\u00e1laszol. <strong>24 \u00f3ra<\/strong> hogy megbesz\u00e9lj\u00fck, hogyan seg\u00edthet\u00fcnk \u00d6nnek. Gazdag ipar\u00e1gi tapasztalattal \u00e9s az \u00fcgyfelek el\u00e9gedetts\u00e9ge ir\u00e1nti elk\u00f6telezetts\u00e9ggel az FMP garant\u00e1lja, hogy kiv\u00e1l\u00f3 min\u0151s\u00e9g\u0171 fogaskerekeket \u00e9s kiv\u00e9teles t\u00e1mogat\u00e1st kap versenyk\u00e9pes \u00e1ron. Vegye fel vel\u00fcnk a kapcsolatot m\u00e9g ma, ha egyedi megrendel\u00e9sre vagy nagykereskedelmi aj\u00e1nlatra van sz\u00fcks\u00e9ge!<\/p>\n<\/div>\n<\/div>","protected":false},"excerpt":{"rendered":"<p>Product Specification Material Stainless Steel Thickness (mm) 50 to 150 Material Grade SS304 Hobbing Capacity 5 mm -100 mm Pressure Angle 20 Degree Premium Carbon Steel Double Helical Gears from FMP Carbon Steel Double Helical Gears are high-performance components prized for their ability to deliver smooth, efficient power transmission in demanding industrial applications. Known for [&hellip;]<\/p>","protected":false},"featured_media":4583,"comment_status":"open","ping_status":"closed","template":"","meta":{"_et_pb_use_builder":"","_et_pb_old_content":"","_et_gb_content_width":""},"product_brand":[],"product_cat":[108],"product_tag":[],"class_list":{"0":"post-7345","1":"product","2":"type-product","3":"status-publish","4":"has-post-thumbnail","6":"product_cat-helical-gear","8":"first","9":"instock","10":"shipping-taxable","11":"product-type-simple"},"_links":{"self":[{"href":"https:\/\/fmp-components.com\/hu\/wp-json\/wp\/v2\/product\/7345","targetHints":{"allow":["GET"]}}],"collection":[{"href":"https:\/\/fmp-components.com\/hu\/wp-json\/wp\/v2\/product"}],"about":[{"href":"https:\/\/fmp-components.com\/hu\/wp-json\/wp\/v2\/types\/product"}],"replies":[{"embeddable":true,"href":"https:\/\/fmp-components.com\/hu\/wp-json\/wp\/v2\/comments?post=7345"}],"wp:featuredmedia":[{"embeddable":true,"href":"https:\/\/fmp-components.com\/hu\/wp-json\/wp\/v2\/media\/4583"}],"wp:attachment":[{"href":"https:\/\/fmp-components.com\/hu\/wp-json\/wp\/v2\/media?parent=7345"}],"wp:term":[{"taxonomy":"product_brand","embeddable":true,"href":"https:\/\/fmp-components.com\/hu\/wp-json\/wp\/v2\/product_brand?post=7345"},{"taxonomy":"product_cat","embeddable":true,"href":"https:\/\/fmp-components.com\/hu\/wp-json\/wp\/v2\/product_cat?post=7345"},{"taxonomy":"product_tag","embeddable":true,"href":"https:\/\/fmp-components.com\/hu\/wp-json\/wp\/v2\/product_tag?post=7345"}],"curies":[{"name":"munkaf\u00fczet","href":"https:\/\/api.w.org\/{rel}","templated":true}]}}