{"id":7344,"date":"2025-03-23T08:16:42","date_gmt":"2025-03-23T08:16:42","guid":{"rendered":"https:\/\/fmp-components.com\/?post_type=product&#038;p=7344"},"modified":"2025-03-26T08:46:39","modified_gmt":"2025-03-26T08:46:39","slug":"industrial-double-helical-gears","status":"publish","type":"product","link":"https:\/\/fmp-components.com\/hu\/product\/industrial-double-helical-gears\/","title":{"rendered":"Ipari dupla ferde fogaskerekek"},"content":{"rendered":"<div>\n<h2>Pr\u00e9mium ipari dupla ferde fogaskerekek az FMP-t\u0151l<\/h2>\n<p class=\"break-words\">Az ipari kett\u0151s ferde fogaskerekek l\u00e9tfontoss\u00e1g\u00fa alkatr\u00e9szek a neh\u00e9zg\u00e9pekben, amelyeket nagy nyomat\u00e9k kiv\u00e9teles simas\u00e1g \u00e9s minim\u00e1lis zajszint melletti \u00e1tviteli k\u00e9pess\u00e9g\u00fck miatt nagyra \u00e9rt\u00e9kelnek. Az egyszer\u0171bb homlokkerekekkel ellent\u00e9tben V-alak\u00fa fogazati kialak\u00edt\u00e1suk bonyolultabb\u00e1 \u00e9s k\u00f6lts\u00e9gesebb\u00e9 teszi a gy\u00e1rt\u00e1sukat, de a megt\u00e9r\u00fcl\u00e9s\u00fck p\u00e1ratlan teljes\u00edtm\u00e9nyt ny\u00fajt az ig\u00e9nyes alkalmaz\u00e1sokban. A daruk \u00e9s folyad\u00e9kszivatty\u00fak meghajt\u00e1s\u00e1t\u00f3l kezdve a katonai haj\u00f3k meghajt\u00e1si rendszereinek meghajt\u00e1s\u00e1ig ezek a fogaskerekek ott t\u0171nnek ki, ahol a csendes m\u0171k\u00f6d\u00e9s \u00e9s a cs\u00f6kkentett rezg\u00e9s kritikus fontoss\u00e1g\u00fa. Az FMP Company-n\u00e1l b\u00fcszk\u00e9k vagyunk arra, hogy az egyik vezet\u0151 kett\u0151s ferde fogasker\u00e9k-gy\u00e1rt\u00f3 vagyunk. <a href=\"https:\/\/fmp-components.com\/hu\/helical-gears\/\">ferde fogasker\u00e9k<\/a> k\u00ednai gy\u00e1rt\u00f3k, akik kiv\u00e1l\u00f3 min\u0151s\u00e9g\u0171 fogaskerekek sz\u00e9les v\u00e1laszt\u00e9k\u00e1t k\u00edn\u00e1lj\u00e1k. Fejlett gy\u00e1rt\u00e1si kapacit\u00e1sunk lehet\u0151v\u00e9 teszi sz\u00e1munkra, hogy legfeljebb 1370 mm (54 h\u00fcvelyk) k\u00fcls\u0151 \u00e1tm\u00e9r\u0151j\u0171 \u00e9s 250 mm (10 h\u00fcvelyk) teljes fel\u00fcletsz\u00e9less\u00e9g\u0171 fogaskerekeket gy\u00e1rtsunk 30 fokos spir\u00e1lsz\u00f6ggel, biztos\u00edtva a prec\u00edzi\u00f3t \u00e9s a tart\u00f3ss\u00e1got a legnehezebb kih\u00edv\u00e1sok eset\u00e9n is.<\/p>\n<h3>Egyedi megold\u00e1sok \u00e9s szak\u00e9rt\u0151i t\u00e1mogat\u00e1s<\/h3>\n<p class=\"break-words\">T\u00f6bb mint egy \u00e9vtizedes szak\u00e9rtelemmel az FMP Company kiemelkedik, mint az ipari dupla ferde fogaskerekek megb\u00edzhat\u00f3 besz\u00e1ll\u00edt\u00f3ja K\u00edn\u00e1ban, versenyk\u00e9pes \u00e1ron sz\u00e1ll\u00edtva mind szabv\u00e1nyos, mind egyedi megold\u00e1sokat. \u00dczem\u00fcnk sz\u00e9les v\u00e1laszt\u00e9kban rendelkezik oszt\u00f3mar\u00f3kkal, \u00e9s sz\u00edvesen fogad egyedi megrendel\u00e9seket, hogy megfeleljen az \u00d6n egyedi ig\u00e9nyeinek, legyen sz\u00f3 ipari, katonai vagy speci\u00e1lis alkalmaz\u00e1sokr\u00f3l. Nem tal\u00e1lja a pontosan megfelel\u0151 modellt a term\u00e9klist\u00e1nkban? Ez csak azt jelenti, hogy m\u00e9g nem volt lehet\u0151s\u00e9g\u00fcnk felt\u00f6lteni! Egyszer\u0171en k\u00fcldj\u00f6n nek\u00fcnk e-mailt az ig\u00e9nyeivel, \u00e9s elk\u00f6telezett m\u00e9rn\u00f6keink 24 \u00f3r\u00e1n bel\u00fcl v\u00e1laszolnak szem\u00e9lyre szabott t\u00e1mogat\u00e1ssal. Az FMP-n\u00e9l elk\u00f6telezettek vagyunk a kiv\u00e1l\u00f3s\u00e1g ir\u00e1nt, \u00edgy a pr\u00e9mium dupla ferde fogaskerekek \u00e9s a kiemelked\u0151 \u00fcgyf\u00e9lszolg\u00e1lat partnere vagyunk. Vegye fel vel\u00fcnk a kapcsolatot m\u00e9g ma nagykereskedelmi megkeres\u00e9sekkel vagy szem\u00e9lyre szabott fogasker\u00e9k-megold\u00e1sokkal kapcsolatban!<\/p>\n<\/div>\n<h2>Term\u00e9kle\u00edr\u00e1s<\/h2>\n<div class=\"table-responsive\">\n<table class=\"table\" style=\"width: 97.2464%; height: 208px;\" border=\"1\">\n<tbody>\n<tr style=\"height: 26px;\">\n<td style=\"height: 26px;\">Sebess\u00e9gv\u00e1lt\u00f3 t\u00edpusa<\/td>\n<td style=\"height: 26px;\">Halsz\u00e1lka<\/td>\n<\/tr>\n<tr style=\"height: 26px;\">\n<td style=\"height: 26px;\">Haszn\u00e1lat\/Alkalmaz\u00e1s<\/td>\n<td style=\"height: 26px;\">Ipari<\/td>\n<\/tr>\n<tr style=\"height: 26px;\">\n<td style=\"height: 26px;\">Fogforma<\/td>\n<td style=\"height: 26px;\">Halsz\u00e1lka<\/td>\n<\/tr>\n<tr style=\"height: 26px;\">\n<td style=\"height: 26px;\">Anyag<\/td>\n<td style=\"height: 26px;\">Testreszabott<\/td>\n<\/tr>\n<tr style=\"height: 26px;\">\n<td style=\"height: 26px;\">Alak<\/td>\n<td style=\"height: 26px;\">Kerek<\/td>\n<\/tr>\n<tr style=\"height: 26px;\">\n<td style=\"height: 26px;\">Kapacit\u00e1s<\/td>\n<td style=\"height: 26px;\">Testreszabott<\/td>\n<\/tr>\n<tr style=\"height: 26px;\">\n<td style=\"height: 26px;\">\u00c1tm\u00e9r\u0151<\/td>\n<td style=\"height: 26px;\">Testreszabott<\/td>\n<\/tr>\n<tr style=\"height: 26px;\">\n<td style=\"height: 26px;\">M\u00e9ret<\/td>\n<td style=\"height: 26px;\">Testreszabott<\/td>\n<\/tr>\n<\/tbody>\n<\/table>\n<\/div>","protected":false},"excerpt":{"rendered":"<p>Premium Industrial Double Helical Gears from FMP Industrial Double Helical Gears are vital components in heavy-duty machinery, prized for their ability to transmit high torque with exceptional smoothness and minimal noise. Unlike simpler spur gears, their V-shaped tooth design makes them more complex and costly to produce, but the payoff is unmatched performance in demanding [&hellip;]<\/p>","protected":false},"featured_media":4592,"comment_status":"open","ping_status":"closed","template":"","meta":{"_et_pb_use_builder":"","_et_pb_old_content":"","_et_gb_content_width":""},"product_brand":[],"product_cat":[108],"product_tag":[],"class_list":{"0":"post-7344","1":"product","2":"type-product","3":"status-publish","4":"has-post-thumbnail","6":"product_cat-helical-gear","8":"first","9":"instock","10":"shipping-taxable","11":"product-type-simple"},"_links":{"self":[{"href":"https:\/\/fmp-components.com\/hu\/wp-json\/wp\/v2\/product\/7344","targetHints":{"allow":["GET"]}}],"collection":[{"href":"https:\/\/fmp-components.com\/hu\/wp-json\/wp\/v2\/product"}],"about":[{"href":"https:\/\/fmp-components.com\/hu\/wp-json\/wp\/v2\/types\/product"}],"replies":[{"embeddable":true,"href":"https:\/\/fmp-components.com\/hu\/wp-json\/wp\/v2\/comments?post=7344"}],"wp:featuredmedia":[{"embeddable":true,"href":"https:\/\/fmp-components.com\/hu\/wp-json\/wp\/v2\/media\/4592"}],"wp:attachment":[{"href":"https:\/\/fmp-components.com\/hu\/wp-json\/wp\/v2\/media?parent=7344"}],"wp:term":[{"taxonomy":"product_brand","embeddable":true,"href":"https:\/\/fmp-components.com\/hu\/wp-json\/wp\/v2\/product_brand?post=7344"},{"taxonomy":"product_cat","embeddable":true,"href":"https:\/\/fmp-components.com\/hu\/wp-json\/wp\/v2\/product_cat?post=7344"},{"taxonomy":"product_tag","embeddable":true,"href":"https:\/\/fmp-components.com\/hu\/wp-json\/wp\/v2\/product_tag?post=7344"}],"curies":[{"name":"munkaf\u00fczet","href":"https:\/\/api.w.org\/{rel}","templated":true}]}}