{"id":7343,"date":"2025-03-23T08:14:08","date_gmt":"2025-03-23T08:14:08","guid":{"rendered":"https:\/\/fmp-components.com\/?post_type=product&#038;p=7343"},"modified":"2025-03-26T08:46:51","modified_gmt":"2025-03-26T08:46:51","slug":"steel-double-helical-gear","status":"publish","type":"product","link":"https:\/\/fmp-components.com\/hu\/product\/steel-double-helical-gear\/","title":{"rendered":"Ac\u00e9l dupla spir\u00e1lis fogasker\u00e9k"},"content":{"rendered":"<div>\n<h2>Pr\u00e9mium ac\u00e9l dupla ferde fogaskerekek az FMP-t\u0151l<\/h2>\n<p class=\"break-words\">Az ac\u00e9l kett\u0151s ferde fogaskerekek l\u00e9tfontoss\u00e1g\u00fa alkatr\u00e9szek a neh\u00e9zg\u00e9pekben, amelyeket nagy nyomat\u00e9k \u00e1tvitel\u00e9re val\u00f3 k\u00e9pess\u00e9g\u00fck\u00e9rt nagyra \u00e9rt\u00e9kelnek, mik\u00f6zben minimaliz\u00e1lj\u00e1k a zajt \u00e9s a rezg\u00e9st. Ezek a V-alak\u00fa fogazatukkal megk\u00fcl\u00f6nb\u00f6ztetett fogaskerekek n\u00e9lk\u00fcl\u00f6zhetetlenek olyan ipar\u00e1gakban, mint az ac\u00e9lgy\u00e1rt\u00e1s, az energiatermel\u00e9s \u00e9s a b\u00e1ny\u00e1szat, ahol a megb\u00edzhat\u00f3s\u00e1g \u00e9s a hat\u00e9konys\u00e1g kritikus fontoss\u00e1g\u00fa. Az FMP-n\u00e9l, a fogasker\u00e9k-gy\u00e1rt\u00e1s megb\u00edzhat\u00f3 vezet\u0151j\u00e9n\u00e9l, sz\u00e9les v\u00e1laszt\u00e9kban gy\u00e1rtunk ac\u00e9l kett\u0151s fogaskerekeket. <a href=\"https:\/\/fmp-components.com\/hu\/helical-gears\/\">Csavarkerekek<\/a> hogy megfeleljen ezen \u00e1gazatok v\u00e1ltozatos ig\u00e9nyeinek. A standard modellekt\u0151l a speci\u00e1lis kivitelekig minden fogaskereket apr\u00f3l\u00e9kosan kidolgoznak, kiv\u00e1l\u00f3 min\u0151s\u00e9g\u0171 ac\u00e9lb\u00f3l \u00e9s \u00e9lvonalbeli gy\u00e1rt\u00e1si technik\u00e1kkal, biztos\u00edtva a kiv\u00e9teles pontoss\u00e1got \u00e9s tart\u00f3ss\u00e1got m\u00e9g a legnagyobb kih\u00edv\u00e1st jelent\u0151 alkalmaz\u00e1sokban is.<\/p>\n<h3>Egyedi megold\u00e1sok \u00e9s szak\u00e9rt\u0151i t\u00e1mogat\u00e1s<\/h3>\n<p class=\"break-words\">Az FMP-n\u00e9l felismerj\u00fck, hogy minden projektnek egyedi ig\u00e9nyei vannak, ez\u00e9rt k\u00edn\u00e1lunk egyedi gy\u00e1rt\u00e1si szolg\u00e1ltat\u00e1sokat ac\u00e9l dupla ferde fogaskerekekhez. Ak\u00e1r adott m\u00e9retre, anyagra vagy egyedi kialak\u00edt\u00e1sra van sz\u00fcks\u00e9ge, k\u00e9pzett m\u00e9rn\u00f6keink csapata felk\u00e9sz\u00fclt arra, hogy pontosan az \u00d6n ig\u00e9nyeire szabott megold\u00e1st alkosson. Ha nem tal\u00e1lja a keresett modellt a term\u00e9klist\u00e1nkban, az egyszer\u0171en azt jelenti, hogy m\u00e9g nem volt lehet\u0151s\u00e9g\u00fcnk list\u00e1zni. K\u00e9rj\u00fck, vegye fel vel\u00fcnk a kapcsolatot e-mailben az ig\u00e9nyeivel, \u00e9s elk\u00f6telezett csapatunk 24 \u00f3r\u00e1n bel\u00fcl v\u00e1laszol, hogy megbesz\u00e9lj\u00fck, hogyan tudjuk kiel\u00e9g\u00edteni az \u00d6n ig\u00e9nyeit. Az FMP-vel szem\u00e9lyre szabott szolg\u00e1ltat\u00e1sra \u00e9s ipar\u00e1gvezet\u0151 szak\u00e9rtelemre sz\u00e1m\u00edthat a t\u00f6k\u00e9letes fogasker\u00e9k-megold\u00e1s sz\u00e1ll\u00edt\u00e1sa \u00e9rdek\u00e9ben.<\/p>\n<\/div>\n<p>Ac\u00e9l kett\u0151s ferde fogasker\u00e9k<\/p>\n<p>Anyag: SS, testreszabott<\/p>\n<p>\u00c1tm\u00e9r\u0151: 20 mm, testreszabott<\/p>\n<h2>Term\u00e9kle\u00edr\u00e1s<\/h2>\n<div class=\"table-responsive\">\n<table class=\"table\" style=\"width: 99.1008%; height: 212px;\" border=\"1\">\n<tbody>\n<tr>\n<td>Sebess\u00e9gv\u00e1lt\u00f3 t\u00edpusa<\/td>\n<td>Spir\u00e1lis fogasker\u00e9k<\/td>\n<\/tr>\n<tr>\n<td>Anyag<\/td>\n<td>SS<\/td>\n<\/tr>\n<tr>\n<td>Alak<\/td>\n<td>Kerek<\/td>\n<\/tr>\n<tr>\n<td>\u00c1tm\u00e9r\u0151<\/td>\n<td>20 mm<\/td>\n<\/tr>\n<tr>\n<td>Fel\u00fcletkezel\u00e9s<\/td>\n<td>Csiszolt<\/td>\n<\/tr>\n<tr>\n<td>Sz\u00e1rmaz\u00e1si orsz\u00e1g<\/td>\n<td>K\u00edn\u00e1ban k\u00e9sz\u00fclt<\/td>\n<\/tr>\n<\/tbody>\n<\/table>\n<p>&nbsp;<\/p>\n<p><img loading=\"lazy\" decoding=\"async\" class=\"size-full wp-image-4579 aligncenter\" src=\"https:\/\/fmp-components.com\/wp-content\/uploads\/2025\/01\/Steel-Double-Helical-Gear.webp\" alt=\"Ac\u00e9l dupla spir\u00e1lis fogasker\u00e9k\" width=\"800\" height=\"800\" title=\"\" srcset=\"https:\/\/fmp-components.com\/wp-content\/uploads\/2025\/01\/Steel-Double-Helical-Gear.webp 800w, https:\/\/fmp-components.com\/wp-content\/uploads\/2025\/01\/Steel-Double-Helical-Gear-480x480.webp 480w\" sizes=\"(min-width: 0px) and (max-width: 480px) 480px, (min-width: 481px) 800px, 100vw\" \/><\/p>\n<\/div>","protected":false},"excerpt":{"rendered":"<p>Premium Steel Double Helical Gears from FMP Steel Double Helical Gears are vital components in heavy-duty machinery, prized for their ability to transmit high torque while minimizing noise and vibration. These gears, distinguished by their V-shaped teeth, are indispensable in industries such as steel manufacturing, power generation, and mining, where reliability and efficiency are critical. [&hellip;]<\/p>","protected":false},"featured_media":4579,"comment_status":"open","ping_status":"closed","template":"","meta":{"_et_pb_use_builder":"","_et_pb_old_content":"","_et_gb_content_width":""},"product_brand":[],"product_cat":[108],"product_tag":[],"class_list":{"0":"post-7343","1":"product","2":"type-product","3":"status-publish","4":"has-post-thumbnail","6":"product_cat-helical-gear","8":"first","9":"instock","10":"shipping-taxable","11":"product-type-simple"},"_links":{"self":[{"href":"https:\/\/fmp-components.com\/hu\/wp-json\/wp\/v2\/product\/7343","targetHints":{"allow":["GET"]}}],"collection":[{"href":"https:\/\/fmp-components.com\/hu\/wp-json\/wp\/v2\/product"}],"about":[{"href":"https:\/\/fmp-components.com\/hu\/wp-json\/wp\/v2\/types\/product"}],"replies":[{"embeddable":true,"href":"https:\/\/fmp-components.com\/hu\/wp-json\/wp\/v2\/comments?post=7343"}],"wp:featuredmedia":[{"embeddable":true,"href":"https:\/\/fmp-components.com\/hu\/wp-json\/wp\/v2\/media\/4579"}],"wp:attachment":[{"href":"https:\/\/fmp-components.com\/hu\/wp-json\/wp\/v2\/media?parent=7343"}],"wp:term":[{"taxonomy":"product_brand","embeddable":true,"href":"https:\/\/fmp-components.com\/hu\/wp-json\/wp\/v2\/product_brand?post=7343"},{"taxonomy":"product_cat","embeddable":true,"href":"https:\/\/fmp-components.com\/hu\/wp-json\/wp\/v2\/product_cat?post=7343"},{"taxonomy":"product_tag","embeddable":true,"href":"https:\/\/fmp-components.com\/hu\/wp-json\/wp\/v2\/product_tag?post=7343"}],"curies":[{"name":"munkaf\u00fczet","href":"https:\/\/api.w.org\/{rel}","templated":true}]}}