{"id":7341,"date":"2025-03-23T08:09:22","date_gmt":"2025-03-23T08:09:22","guid":{"rendered":"https:\/\/fmp-components.com\/?post_type=product&#038;p=7341"},"modified":"2025-03-23T08:09:23","modified_gmt":"2025-03-23T08:09:23","slug":"automotive-double-helical-gear","status":"publish","type":"product","link":"https:\/\/fmp-components.com\/hu\/product\/automotive-double-helical-gear\/","title":{"rendered":"Aut\u00f3ipari dupla spir\u00e1lis fogasker\u00e9k"},"content":{"rendered":"<p>M\u00e9ret: \u03a615<br \/>\nModul: M0.25<br \/>\nAnyagt\u00edpus: M\u0171anyag, POM, Nejlon\u2026az \u00fcgyf\u00e9l ig\u00e9nyei szerint<\/p>\n<div class=\"table-responsive\">\n<table class=\"table\" style=\"width: 101.036%; height: 352px;\" border=\"1\">\n<tbody>\n<tr>\n<td colspan=\"2\">Aut\u00f3ipari dupla spir\u00e1lis fogasker\u00e9k<\/td>\n<\/tr>\n<tr>\n<td>Dimenzi\u00f3<\/td>\n<td>\u03a63mm - \u03a6120mm<\/td>\n<\/tr>\n<tr>\n<td>Modul<\/td>\n<td>M0,15-M2,2<\/td>\n<\/tr>\n<tr>\n<td>Anyagt\u00edpus<\/td>\n<td>POM, PA, PPA, PBT PEEK testreszabott form\u00e1ban<\/td>\n<\/tr>\n<tr>\n<td>H\u00e1l\u00f3min\u0151s\u00e9g<\/td>\n<td>GB 6, ISO 6, JGMA 1, JIS 6, AGMA 13, DIN 6, DIN5<\/td>\n<\/tr>\n<tr>\n<td>Alkalmaz\u00e1s<\/td>\n<td>Orvosi, ipari, aut\u00f3ipari, katonai, rep\u00fcl\u0151g\u00e9p-, g\u00e9p\u00e9szeti, aut\u00f3ipari<\/td>\n<\/tr>\n<tr>\n<td>Testreszabott<\/td>\n<td>ODM\/OEM<\/td>\n<\/tr>\n<tr>\n<td>Minta<\/td>\n<td>Minta el\u00e9rhet\u0151<\/td>\n<\/tr>\n<tr>\n<td>Csomagol\u00e1si m\u00f3dok<\/td>\n<td>V\u00e1kuumcsomagolt, m\u0171anyag t\u00e1lc\u00e1val<\/td>\n<\/tr>\n<tr>\n<td>Sz\u00e1ll\u00edt\u00e1si m\u00f3dok<\/td>\n<td>DHL, TNT, FedEx \u00e9s UPS<\/td>\n<\/tr>\n<tr>\n<td>Bizony\u00edtv\u00e1ny<\/td>\n<td>ISO 9001:2008\/TS16949<\/td>\n<\/tr>\n<\/tbody>\n<\/table>\n<\/div>","protected":false},"excerpt":{"rendered":"<p>Dimension:\u03a615 Module: M0.25 Material Type: Plastic, POM, Nylon\u2026as customer required Automotive Double Helical Gear Dimension \u03a63mm- \u03a6120mm Module M0.15-M2.2 Material Type POM,PA,PPA,PBT PEEK as customized Meshing Grade GB 6, ISO 6, JGMA 1, JIS 6, AGMA 13, DIN 6\uff0cDIN5 Application Medical, Industrial, Automotive, Military, Aircraft, Mechanical, Auto Customized ODM\/OEM Sample Sample available Modes of Packing [&hellip;]<\/p>","protected":false},"featured_media":4581,"comment_status":"open","ping_status":"closed","template":"","meta":{"_et_pb_use_builder":"","_et_pb_old_content":"","_et_gb_content_width":""},"product_brand":[],"product_cat":[108],"product_tag":[],"class_list":{"0":"post-7341","1":"product","2":"type-product","3":"status-publish","4":"has-post-thumbnail","6":"product_cat-helical-gear","8":"first","9":"instock","10":"shipping-taxable","11":"product-type-simple"},"_links":{"self":[{"href":"https:\/\/fmp-components.com\/hu\/wp-json\/wp\/v2\/product\/7341","targetHints":{"allow":["GET"]}}],"collection":[{"href":"https:\/\/fmp-components.com\/hu\/wp-json\/wp\/v2\/product"}],"about":[{"href":"https:\/\/fmp-components.com\/hu\/wp-json\/wp\/v2\/types\/product"}],"replies":[{"embeddable":true,"href":"https:\/\/fmp-components.com\/hu\/wp-json\/wp\/v2\/comments?post=7341"}],"wp:featuredmedia":[{"embeddable":true,"href":"https:\/\/fmp-components.com\/hu\/wp-json\/wp\/v2\/media\/4581"}],"wp:attachment":[{"href":"https:\/\/fmp-components.com\/hu\/wp-json\/wp\/v2\/media?parent=7341"}],"wp:term":[{"taxonomy":"product_brand","embeddable":true,"href":"https:\/\/fmp-components.com\/hu\/wp-json\/wp\/v2\/product_brand?post=7341"},{"taxonomy":"product_cat","embeddable":true,"href":"https:\/\/fmp-components.com\/hu\/wp-json\/wp\/v2\/product_cat?post=7341"},{"taxonomy":"product_tag","embeddable":true,"href":"https:\/\/fmp-components.com\/hu\/wp-json\/wp\/v2\/product_tag?post=7341"}],"curies":[{"name":"munkaf\u00fczet","href":"https:\/\/api.w.org\/{rel}","templated":true}]}}