{"id":7326,"date":"2025-03-23T07:03:25","date_gmt":"2025-03-23T07:03:25","guid":{"rendered":"https:\/\/fmp-components.com\/?post_type=product&#038;p=7326"},"modified":"2025-03-26T08:47:52","modified_gmt":"2025-03-26T08:47:52","slug":"aircraft-double-helical-gear","status":"publish","type":"product","link":"https:\/\/fmp-components.com\/hu\/product\/aircraft-double-helical-gear\/","title":{"rendered":"Rep\u00fcl\u0151g\u00e9p dupla spir\u00e1lis fogasker\u00e9k"},"content":{"rendered":"<p><img loading=\"lazy\" decoding=\"async\" class=\"alignnone size-full wp-image-7327\" src=\"https:\/\/fmp-components.com\/wp-content\/uploads\/2025\/03\/Aircraft-Double-Helical-Gear-1.webp\" alt=\"Rep\u00fcl\u0151g\u00e9p-dupla-ferdeh\u00e1t\u00fa-fogasker\u00e9k\" width=\"1214\" height=\"736\" title=\"\" srcset=\"https:\/\/fmp-components.com\/wp-content\/uploads\/2025\/03\/Aircraft-Double-Helical-Gear-1.webp 1214w, https:\/\/fmp-components.com\/wp-content\/uploads\/2025\/03\/Aircraft-Double-Helical-Gear-1-980x594.webp 980w, https:\/\/fmp-components.com\/wp-content\/uploads\/2025\/03\/Aircraft-Double-Helical-Gear-1-480x291.webp 480w\" sizes=\"(min-width: 0px) and (max-width: 480px) 480px, (min-width: 481px) and (max-width: 980px) 980px, (min-width: 981px) 1214px, 100vw\" \/><\/p>\n<p>M\u00e9ret: \u03a63mm - \u03a6120mm<br \/>\nModul: M0.2<br \/>\nAnyagt\u00edpus: F\u00e9m az \u00fcgyf\u00e9l ig\u00e9nyei szerint<\/p>\n<div class=\"table-responsive\">\n<table class=\"table\" style=\"width: 101.086%; height: 352px;\" border=\"1\">\n<tbody>\n<tr>\n<td colspan=\"2\">Rep\u00fcl\u0151g\u00e9p dupla spir\u00e1lis fogasker\u00e9k<\/td>\n<\/tr>\n<tr>\n<td>Dimenzi\u00f3<\/td>\n<td>\u03a68mm<\/td>\n<\/tr>\n<tr>\n<td>Modul<\/td>\n<td>M0,15-M2,0<\/td>\n<\/tr>\n<tr>\n<td>Anyagt\u00edpus<\/td>\n<td>F\u00e9m, bronz, ac\u00e9l, \u00f6tv\u00f6zet, POM, cink, alum\u00ednium, vas, rozsdamentes, s\u00e1rgar\u00e9z, r\u00e9z<\/td>\n<\/tr>\n<tr>\n<td>H\u00e1l\u00f3min\u0151s\u00e9g<\/td>\n<td>ISO6, JGMA 1, JIS 6, AGMA 13, DIN 6, Din5, AGMA12<\/td>\n<\/tr>\n<tr>\n<td>Alkalmaz\u00e1s<\/td>\n<td>Aut\u00f3ipar, Katonas\u00e1g, Rep\u00fcl\u0151g\u00e9p, G\u00e9p\u00e9szet, Ipar, Orvostudom\u00e1ny<\/td>\n<\/tr>\n<tr>\n<td>Testreszabott<\/td>\n<td>ODM\/OEM<\/td>\n<\/tr>\n<tr>\n<td>Minta<\/td>\n<td>Minta el\u00e9rhet\u0151<\/td>\n<\/tr>\n<tr>\n<td>Csomagol\u00e1si m\u00f3dok<\/td>\n<td>V\u00e1kuumcsomagolt, m\u0171anyag t\u00e1lc\u00e1val<\/td>\n<\/tr>\n<tr>\n<td>Sz\u00e1ll\u00edt\u00e1si m\u00f3dok<\/td>\n<td>DHL \u00e9s UPS<\/td>\n<\/tr>\n<tr>\n<td>Bizony\u00edtv\u00e1ny<\/td>\n<td>ISO 9001:2008\/TS16949<\/td>\n<\/tr>\n<\/tbody>\n<\/table>\n<div>Az FMP Company-n\u00e1l b\u00fcszk\u00e9n gy\u00e1rtunk rep\u00fcl\u0151g\u00e9p dupla sz\u00e1rny\u00fa sz\u00e1rnyakat. <a href=\"https:\/\/fmp-components.com\/hu\/helical-gears\/\">Csavarkerekek<\/a>, amelyet a l\u00e9gik\u00f6zleked\u00e9si ipar sokr\u00e9t\u0171 ig\u00e9nyeinek kiel\u00e9g\u00edt\u00e9s\u00e9re tervezt\u00fcnk. Ak\u00e1r standard modelleket, ak\u00e1r speci\u00e1lis megold\u00e1sokat keres, egyedi megrendel\u00e9seket is k\u00edn\u00e1lunk, az \u00d6n egyedi ig\u00e9nyeire szabva. Ha nem tal\u00e1lja a pontosan megfelel\u0151 modellt a term\u00e9klist\u00e1nkban, ne agg\u00f3djon \u2013 ez egyszer\u0171en azt jelenti, hogy m\u00e9g nem volt lehet\u0151s\u00e9g\u00fcnk felt\u00f6lteni. K\u00e9rj\u00fck, k\u00fcldj\u00f6n nek\u00fcnk e-mailt a specifik\u00e1ci\u00f3ival, \u00e9s szak\u00e9rt\u0151 m\u00e9rn\u00f6keink 24 \u00f3r\u00e1n bel\u00fcl v\u00e1laszolnak, hogy seg\u00edtsenek \u00d6nnek a megold\u00e1sban.<\/div>\n<p><img loading=\"lazy\" decoding=\"async\" class=\"wp-image-7328 aligncenter\" src=\"https:\/\/fmp-components.com\/wp-content\/uploads\/2025\/03\/Aircraft-Double-Helical-Gear-2.webp\" alt=\"Rep\u00fcl\u0151g\u00e9p-dupla-ferdeh\u00e1t\u00fa-fogasker\u00e9k\" width=\"952\" height=\"213\" title=\"\" srcset=\"https:\/\/fmp-components.com\/wp-content\/uploads\/2025\/03\/Aircraft-Double-Helical-Gear-2.webp 952w, https:\/\/fmp-components.com\/wp-content\/uploads\/2025\/03\/Aircraft-Double-Helical-Gear-2-480x108.webp 480w\" sizes=\"(min-width: 0px) and (max-width: 480px) 480px, (min-width: 481px) 952px, 100vw\" \/><\/p>\n<\/div>","protected":false},"excerpt":{"rendered":"<p>Dimension:\u03a63mm- \u03a6120mm Module: M0.2 Material Type: Metal as customer required Aircraft Double Helical Gear Dimension \u03a68mm Module M0.15-M2.0 Material Type Metal, Bronze, Steel, Alloy, POM, Zinc, Aluminum, Iron, Stainless, Brass, Copper Meshing Grade ISO6, JGMA 1, JIS 6, AGMA 13, DIN 6,Din5,AGMA12 Application Automotive, Military, Aircraft, Mechanical, industrial, Medical Customized ODM\/OEM Sample Sample available Modes [&hellip;]<\/p>","protected":false},"featured_media":4580,"comment_status":"open","ping_status":"closed","template":"","meta":{"_et_pb_use_builder":"","_et_pb_old_content":"","_et_gb_content_width":""},"product_brand":[],"product_cat":[108],"product_tag":[],"class_list":{"0":"post-7326","1":"product","2":"type-product","3":"status-publish","4":"has-post-thumbnail","6":"product_cat-helical-gear","8":"first","9":"instock","10":"shipping-taxable","11":"product-type-simple"},"_links":{"self":[{"href":"https:\/\/fmp-components.com\/hu\/wp-json\/wp\/v2\/product\/7326","targetHints":{"allow":["GET"]}}],"collection":[{"href":"https:\/\/fmp-components.com\/hu\/wp-json\/wp\/v2\/product"}],"about":[{"href":"https:\/\/fmp-components.com\/hu\/wp-json\/wp\/v2\/types\/product"}],"replies":[{"embeddable":true,"href":"https:\/\/fmp-components.com\/hu\/wp-json\/wp\/v2\/comments?post=7326"}],"wp:featuredmedia":[{"embeddable":true,"href":"https:\/\/fmp-components.com\/hu\/wp-json\/wp\/v2\/media\/4580"}],"wp:attachment":[{"href":"https:\/\/fmp-components.com\/hu\/wp-json\/wp\/v2\/media?parent=7326"}],"wp:term":[{"taxonomy":"product_brand","embeddable":true,"href":"https:\/\/fmp-components.com\/hu\/wp-json\/wp\/v2\/product_brand?post=7326"},{"taxonomy":"product_cat","embeddable":true,"href":"https:\/\/fmp-components.com\/hu\/wp-json\/wp\/v2\/product_cat?post=7326"},{"taxonomy":"product_tag","embeddable":true,"href":"https:\/\/fmp-components.com\/hu\/wp-json\/wp\/v2\/product_tag?post=7326"}],"curies":[{"name":"munkaf\u00fczet","href":"https:\/\/api.w.org\/{rel}","templated":true}]}}