{"id":7314,"date":"2025-03-23T06:03:15","date_gmt":"2025-03-23T06:03:15","guid":{"rendered":"https:\/\/fmp-components.com\/?post_type=product&#038;p=7314"},"modified":"2025-03-23T06:10:51","modified_gmt":"2025-03-23T06:10:51","slug":"helical-angle-7-internal-helical-ring-gear","status":"publish","type":"product","link":"https:\/\/fmp-components.com\/hu\/product\/helical-angle-7-internal-helical-ring-gear\/","title":{"rendered":"7-es spir\u00e1lsz\u00f6g\u0171 bels\u0151 spir\u00e1lker\u00e9k"},"content":{"rendered":"<div class=\"J_module\">\n<div class=\"detail-decorate-json-renderer-container\">\n<div class=\"magic-1\">\n<div class=\"magic-2\">\n<div class=\"magic-3\">\n<div class=\"magic-4\">\n<h3 class=\"magic-5\" data-spm-anchor-id=\"a2700.details.0.i31.212e5440VhHX7p\">Spir\u00e1lis gy\u0171r\u0171s fogasker\u00e9k specifik\u00e1ci\u00f3<\/h3>\n<\/div>\n<\/div>\n<\/div>\n<\/div>\n<\/div>\n<\/div>\n<div class=\"J_module\">\n<div class=\"ife-detail-decorate-table\">\n<table class=\"all magic-7\" style=\"width: 102.206%; height: 323px;\" border=\"1\">\n<tbody>\n<tr>\n<td colspan=\"4\" rowspan=\"1\">\n<div class=\"magic-8\">\n<div class=\"magic-5\" data-spm-anchor-id=\"a2700.siteadmin.0.i174.58853333j5JHlI\"><strong>Bels\u0151 fogaskerekek \u00e9s bels\u0151 bord\u00e1k<\/strong><\/div>\n<\/div>\n<\/td>\n<\/tr>\n<tr>\n<td colspan=\"1\" rowspan=\"1\">\n<div class=\"magic-13\"><\/div>\n<\/td>\n<td colspan=\"1\" rowspan=\"1\">\n<div class=\"magic-10\">\n<div class=\"magic-5\"><span class=\"magic-14\">Fogmar\u00e1s<\/span><\/div>\n<\/div>\n<\/td>\n<td colspan=\"1\" rowspan=\"1\">\n<div class=\"magic-11\">\n<div class=\"magic-5\"><span class=\"magic-14\">Fogak form\u00e1z\u00e1sa<\/span><\/div>\n<\/div>\n<\/td>\n<td colspan=\"1\" rowspan=\"1\">\n<div class=\"magic-15\">\n<div class=\"magic-5\"><span class=\"magic-14\">Fogcsikorgat\u00e1s<\/span><\/div>\n<\/div>\n<\/td>\n<\/tr>\n<tr>\n<td colspan=\"1\" rowspan=\"1\">\n<div class=\"magic-13\"><span class=\"magic-14\">Maxim\u00e1lis OD<\/span><\/div>\n<\/td>\n<td colspan=\"1\" rowspan=\"1\">\n<div class=\"magic-10\"><span class=\"magic-14\">2500 mm<\/span><\/div>\n<\/td>\n<td colspan=\"1\" rowspan=\"1\">\n<div class=\"magic-11\"><span class=\"magic-14\">2500 mm<\/span><\/div>\n<\/td>\n<td colspan=\"1\" rowspan=\"1\">\n<div class=\"magic-15\"><span class=\"magic-14\">2500 mm<\/span><\/div>\n<\/td>\n<\/tr>\n<tr>\n<td colspan=\"1\" rowspan=\"1\">\n<div class=\"magic-13\"><span class=\"magic-14\">Minim\u00e1lis azonos\u00edt\u00f3<\/span><\/div>\n<\/td>\n<td colspan=\"1\" rowspan=\"1\">\n<div class=\"magic-10\"><span class=\"magic-14\">650 mm<\/span><\/div>\n<\/td>\n<td colspan=\"1\" rowspan=\"1\">\n<div class=\"magic-11\"><span class=\"magic-14\">50 mm<\/span><\/div>\n<\/td>\n<td colspan=\"1\" rowspan=\"1\">\n<div class=\"magic-15\"><span class=\"magic-14\">100 mm<\/span><\/div>\n<\/td>\n<\/tr>\n<tr>\n<td colspan=\"1\" rowspan=\"1\">\n<div class=\"magic-13\"><span class=\"magic-14\">Maxim\u00e1lis arcsz\u00e9less\u00e9g<\/span><\/div>\n<\/td>\n<td colspan=\"1\" rowspan=\"1\">\n<div class=\"magic-10\"><span class=\"magic-14\">500 mm<\/span><\/div>\n<\/td>\n<td colspan=\"1\" rowspan=\"1\">\n<div class=\"magic-11\"><span class=\"magic-14\">500 mm<\/span><\/div>\n<\/td>\n<td colspan=\"1\" rowspan=\"1\">\n<div class=\"magic-15\"><span class=\"magic-14\">500 mm<\/span><\/div>\n<\/td>\n<\/tr>\n<tr>\n<td colspan=\"1\" rowspan=\"1\">\n<div class=\"magic-13\"><span class=\"magic-14\">Maxim\u00e1lis \u00e1tm\u00e9r\u0151j\u0171 oszt\u00e1s<\/span><\/div>\n<\/td>\n<td colspan=\"1\" rowspan=\"1\">\n<div class=\"magic-10\"><span class=\"magic-14\">DP1<\/span><\/div>\n<\/td>\n<td colspan=\"1\" rowspan=\"1\">\n<div class=\"magic-11\"><span class=\"magic-14\">DP1<\/span><\/div>\n<\/td>\n<td colspan=\"1\" rowspan=\"1\">\n<div class=\"magic-15\"><span class=\"magic-14\">DP0.5<\/span><\/div>\n<\/td>\n<\/tr>\n<tr>\n<td colspan=\"1\" rowspan=\"1\">\n<div class=\"magic-13\"><span class=\"magic-14\">Maxim\u00e1lis modul<\/span><\/div>\n<\/td>\n<td colspan=\"1\" rowspan=\"1\">\n<div class=\"magic-10\"><span class=\"magic-14\">26 mm<\/span><\/div>\n<\/td>\n<td colspan=\"1\" rowspan=\"1\">\n<div class=\"magic-11\"><span class=\"magic-14\">26 mm<\/span><\/div>\n<\/td>\n<td colspan=\"1\" rowspan=\"1\">\n<div class=\"magic-15\"><span class=\"magic-14\">45 mm<\/span><\/div>\n<\/td>\n<\/tr>\n<tr>\n<td colspan=\"1\" rowspan=\"1\">\n<div class=\"magic-13\"><span class=\"magic-14\">AGMA \/ DIN min\u0151s\u00e9g\u0171<\/span><\/div>\n<\/td>\n<td colspan=\"1\" rowspan=\"1\">\n<div class=\"magic-10\"><span class=\"magic-14\">DIN 8-as oszt\u00e1ly<\/span><\/div>\n<\/td>\n<td colspan=\"1\" rowspan=\"1\">\n<div class=\"magic-11\"><span class=\"magic-14\">DIN 8-as oszt\u00e1ly<\/span><\/div>\n<\/td>\n<td colspan=\"1\" rowspan=\"1\">\n<div class=\"magic-15\"><span class=\"magic-14\">DIN 4-es oszt\u00e1ly<\/span><\/div>\n<\/td>\n<\/tr>\n<tr>\n<td colspan=\"1\" rowspan=\"1\">\n<div class=\"magic-13\"><span class=\"magic-14\">Fogbefejez\u00e9s<\/span><\/div>\n<\/td>\n<td colspan=\"1\" rowspan=\"1\">\n<div class=\"magic-10\"><span class=\"magic-14\">Ra 3.2<\/span><\/div>\n<\/td>\n<td colspan=\"1\" rowspan=\"1\">\n<div class=\"magic-11\"><span class=\"magic-14\">Ra 3.2<\/span><\/div>\n<\/td>\n<td colspan=\"1\" rowspan=\"1\">\n<div class=\"magic-15\"><span class=\"magic-14\">Ra 0,6<\/span><\/div>\n<\/td>\n<\/tr>\n<tr>\n<td colspan=\"1\" rowspan=\"1\">\n<div class=\"magic-13\"><span class=\"magic-14\">Maxim\u00e1lis spir\u00e1lsz\u00f6g<\/span><\/div>\n<\/td>\n<td colspan=\"1\" rowspan=\"1\">\n<div class=\"magic-10\"><span class=\"magic-14\">\u00b122,5\u00b0<\/span><\/div>\n<\/td>\n<td colspan=\"1\" rowspan=\"1\">\n<div class=\"magic-11\"><span class=\"magic-14\">\u00b122,5\u00b0<\/span><\/div>\n<\/td>\n<td colspan=\"1\" rowspan=\"1\">\n<div class=\"magic-15\"><span class=\"magic-14\">\u00b145\u00b0<\/span><\/div>\n<\/td>\n<\/tr>\n<\/tbody>\n<\/table>\n<\/div>\n<\/div>\n<div class=\"J_module\">\n<div class=\"ife-detail-decorate-table\">\n<p>&nbsp;<\/p>\n<table class=\"all magic-7\" style=\"width: 101.883%; height: 244px;\" border=\"1\">\n<tbody>\n<tr>\n<td colspan=\"4\" rowspan=\"1\">\n<div class=\"magic-16\">\n<div class=\"magic-5\" data-spm-anchor-id=\"a2700.siteadmin.0.i170.58853333j5JHlI\"><strong>K\u00fcls\u0151 fogaskerekek \u00e9s k\u00fcls\u0151 bord\u00e1k<\/strong><\/div>\n<\/div>\n<\/td>\n<\/tr>\n<tr>\n<td colspan=\"1\" rowspan=\"1\">\n<div class=\"magic-19\"><span class=\"magic-14\">Maxim\u00e1lis OD<\/span><\/div>\n<\/td>\n<td colspan=\"1\" rowspan=\"1\">\n<div class=\"magic-17\"><span class=\"magic-14\">1250 mm<\/span><\/div>\n<\/td>\n<td colspan=\"1\" rowspan=\"1\">\n<div class=\"magic-11\"><span class=\"magic-14\">2500 mm<\/span><\/div>\n<\/td>\n<td colspan=\"1\" rowspan=\"1\">\n<div class=\"magic-11\"><span class=\"magic-14\">2500 mm<\/span><\/div>\n<\/td>\n<\/tr>\n<tr>\n<td colspan=\"1\" rowspan=\"1\">\n<div class=\"magic-19\"><span class=\"magic-14\">Minim\u00e1lis azonos\u00edt\u00f3<\/span><\/div>\n<\/td>\n<td colspan=\"1\" rowspan=\"1\">\n<div class=\"magic-17\"><span class=\"magic-14\">20 mm<\/span><\/div>\n<\/td>\n<td colspan=\"1\" rowspan=\"1\">\n<div class=\"magic-11\"><span class=\"magic-14\">200 mm<\/span><\/div>\n<\/td>\n<td colspan=\"1\" rowspan=\"1\">\n<div class=\"magic-11\"><span class=\"magic-14\">20 mm<\/span><\/div>\n<\/td>\n<\/tr>\n<tr>\n<td colspan=\"1\" rowspan=\"1\">\n<div class=\"magic-19\"><span class=\"magic-14\">Maxim\u00e1lis arcsz\u00e9less\u00e9g<\/span><\/div>\n<\/td>\n<td colspan=\"1\" rowspan=\"1\">\n<div class=\"magic-17\"><span class=\"magic-14\">500 mm<\/span><\/div>\n<\/td>\n<td colspan=\"1\" rowspan=\"1\">\n<div class=\"magic-11\"><span class=\"magic-14\">500 mm<\/span><\/div>\n<\/td>\n<td colspan=\"1\" rowspan=\"1\">\n<div class=\"magic-11\"><span class=\"magic-14\">1480 mm<\/span><\/div>\n<\/td>\n<\/tr>\n<tr>\n<td colspan=\"1\" rowspan=\"1\">\n<div class=\"magic-19\"><span class=\"magic-14\">Maxim\u00e1lis \u00e1tm\u00e9r\u0151j\u0171 oszt\u00e1s<\/span><\/div>\n<\/td>\n<td colspan=\"1\" rowspan=\"1\">\n<div class=\"magic-17\"><span class=\"magic-14\">DP 1<\/span><\/div>\n<\/td>\n<td colspan=\"1\" rowspan=\"1\">\n<div class=\"magic-11\"><span class=\"magic-14\">DP 1<\/span><\/div>\n<\/td>\n<td colspan=\"1\" rowspan=\"1\">\n<div class=\"magic-11\"><span class=\"magic-14\">DP 0.5<\/span><\/div>\n<\/td>\n<\/tr>\n<tr>\n<td colspan=\"1\" rowspan=\"1\">\n<div class=\"magic-19\"><span class=\"magic-14\">Maxim\u00e1lis modul<\/span><\/div>\n<\/td>\n<td colspan=\"1\" rowspan=\"1\">\n<div class=\"magic-17\"><span class=\"magic-14\">26 mm<\/span><\/div>\n<\/td>\n<td colspan=\"1\" rowspan=\"1\">\n<div class=\"magic-11\"><span class=\"magic-14\">26 mm<\/span><\/div>\n<\/td>\n<td colspan=\"1\" rowspan=\"1\">\n<div class=\"magic-11\"><span class=\"magic-14\">45 mm<\/span><\/div>\n<\/td>\n<\/tr>\n<tr>\n<td colspan=\"1\" rowspan=\"1\">\n<div class=\"magic-19\"><span class=\"magic-14\">AGMA \/ DIN min\u0151s\u00e9g\u0171<\/span><\/div>\n<\/td>\n<td colspan=\"1\" rowspan=\"1\">\n<div class=\"magic-17\"><span class=\"magic-14\">DIN 8-as oszt\u00e1ly<\/span><\/div>\n<\/td>\n<td colspan=\"1\" rowspan=\"1\">\n<div class=\"magic-11\"><span class=\"magic-14\">DIN 8-as oszt\u00e1ly<\/span><\/div>\n<\/td>\n<td colspan=\"1\" rowspan=\"1\">\n<div class=\"magic-11\"><span class=\"magic-14\">DIN 4-es oszt\u00e1ly<\/span><\/div>\n<\/td>\n<\/tr>\n<tr>\n<td colspan=\"1\" rowspan=\"1\">\n<div class=\"magic-19\"><span class=\"magic-14\">Fogbefejez\u00e9s<\/span><\/div>\n<\/td>\n<td colspan=\"1\" rowspan=\"1\">\n<div class=\"magic-17\"><span class=\"magic-14\">Ra 3.2<\/span><\/div>\n<\/td>\n<td colspan=\"1\" rowspan=\"1\">\n<div class=\"magic-11\"><span class=\"magic-14\">Ra 3.2<\/span><\/div>\n<\/td>\n<td colspan=\"1\" rowspan=\"1\">\n<div class=\"magic-11\"><span class=\"magic-14\">Ra 0,6<\/span><\/div>\n<\/td>\n<\/tr>\n<tr>\n<td colspan=\"1\" rowspan=\"1\">\n<div class=\"magic-19\"><span class=\"magic-14\">Maxim\u00e1lis spir\u00e1lsz\u00f6g<\/span><\/div>\n<\/td>\n<td colspan=\"1\" rowspan=\"1\">\n<div class=\"magic-17\"><span class=\"magic-14\">\u00b145\u00b0<\/span><\/div>\n<\/td>\n<td colspan=\"1\" rowspan=\"1\">\n<div class=\"magic-11\"><span class=\"magic-14\">\u00b145\u00b0<\/span><\/div>\n<\/td>\n<td colspan=\"1\" rowspan=\"1\">\n<div class=\"magic-11\"><span class=\"magic-14\">\u00b145\u00b0<\/span><\/div>\n<\/td>\n<\/tr>\n<\/tbody>\n<\/table>\n<div>\n<h2>A spir\u00e1lis gy\u0171r\u0171s fogasker\u00e9k jellemz\u0151i<\/h2>\n<p class=\"break-words\">A ferde fogasker\u00e9k-koszor\u00fa egy speci\u00e1lis fogasker\u00e9kt\u00edpus, amelyet egyedi kialak\u00edt\u00e1s \u00e9s funkcionalit\u00e1s jellemez. Az al\u00e1bbiakban a ferde fogasker\u00e9k f\u0151bb jellemz\u0151it ismertetj\u00fck angolul:<\/p>\n<ol class=\"marker:text-secondary\">\n<li class=\"break-words\"><strong>Spir\u00e1lis fogak kialak\u00edt\u00e1sa<\/strong>Az egyenes forg\u00e1csol\u00e1s\u00fa fogaskerekekkel ellent\u00e9tben a ferde fogaskerekek fogai a fogasker\u00e9k tengely\u00e9hez k\u00e9pest sz\u00f6gben (spir\u00e1lsz\u00f6gben) vannak v\u00e1gva. Ez a ferde elrendez\u00e9s fokozatos fogak \u00f6sszekapcsol\u00f3d\u00e1st tesz lehet\u0151v\u00e9, cs\u00f6kkentve az \u00fct\u00e9seket \u00e9s a kop\u00e1st m\u0171k\u00f6d\u00e9s k\u00f6zben.<\/li>\n<li class=\"break-words\"><strong>Bels\u0151 fogasker\u00e9k-konfigur\u00e1ci\u00f3<\/strong>T\u00e1ny\u00e9rker\u00e9kk\u00e9nt egy hengeres gy\u0171r\u0171 bels\u0151 ker\u00fclet\u00e9n tal\u00e1lhat\u00f3 fogakkal rendelkezik, amelyek egy k\u00fcls\u0151 fogasker\u00e9kkel (jellemz\u0151en egy kis fogasker\u00e9kkel) val\u00f3 kapcsol\u00f3d\u00e1sra szolg\u00e1lnak. Ez a bels\u0151 fogelrendez\u00e9s k\u00fcl\u00f6nb\u00f6zteti meg a k\u00fcls\u0151 ferde fogaskerekekt\u0151l.<\/li>\n<li class=\"break-words\"><strong>Sima \u00e9s csendes m\u0171k\u00f6d\u00e9s<\/strong>A ferde fogak lehet\u0151v\u00e9 teszik, hogy t\u00f6bb fog egyszerre \u00e9rintkezzen, elosztva a terhel\u00e9st \u00e9s minimaliz\u00e1lva a zajt \u00e9s a rezg\u00e9st a homlokkerekes fogakhoz k\u00e9pest. Ez\u00e1ltal a ferde fogaskerekek ide\u00e1lisak a csendes teljes\u00edtm\u00e9nyt ig\u00e9nyl\u0151 alkalmaz\u00e1sokhoz.<\/li>\n<li class=\"break-words\"><strong>Nagy teherb\u00edr\u00e1s<\/strong>A spir\u00e1lis kialak\u00edt\u00e1s n\u00f6veli az illeszked\u0151 fogak k\u00f6z\u00f6tti \u00e9rintkez\u00e9si fel\u00fcletet, jav\u00edtva a fogasker\u00e9k nagyobb terhel\u00e9sek kezel\u00e9s\u00e9nek \u00e9s nagyobb nyomat\u00e9k \u00e1tvitel\u00e9nek k\u00e9pess\u00e9g\u00e9t, mint a hasonl\u00f3 m\u00e9ret\u0171 egyenes forg\u00e1csol\u00e1s\u00fa bels\u0151 fogaskerekek.<\/li>\n<li class=\"break-words\"><strong>Axi\u00e1lis tol\u00f3er\u0151-gener\u00e1l\u00e1s<\/strong>A ferde fogaskerekek a h\u00farsz\u00f6g miatt axi\u00e1lis er\u0151ket hoznak l\u00e9tre m\u0171k\u00f6d\u00e9s k\u00f6zben. Ehhez axi\u00e1lis csap\u00e1gyak vagy m\u00e1s mechanizmusok haszn\u00e1lata sz\u00fcks\u00e9ges a tol\u00f3er\u0151 ellens\u00falyoz\u00e1s\u00e1ra, ami kritikus szempont a tervez\u00e9s \u00e9s az alkalmaz\u00e1s sor\u00e1n.<\/li>\n<\/ol>\n<\/div>\n<\/div>\n<\/div>","protected":false},"excerpt":{"rendered":"<p>Helical Ring Gear Specification Internal gears and internal splines Teeth Milling Teeth Shaping Teeth grinding Maximum O.D. 2500mm 2500mm 2500mm Minimum I.D. 650mm 50mm 100mm Maximum Face Width 500mm 500mm 500mm Maximum Diametral Pitch DP1 DP1 DP0.5 Maximum Module 26mm 26mm 45mm AGMA Grade \/ DIN Grade DIN grade 8 DIN grade 8 DIN grade [&hellip;]<\/p>","protected":false},"featured_media":4589,"comment_status":"open","ping_status":"closed","template":"","meta":{"_et_pb_use_builder":"","_et_pb_old_content":"","_et_gb_content_width":""},"product_brand":[],"product_cat":[108],"product_tag":[],"class_list":{"0":"post-7314","1":"product","2":"type-product","3":"status-publish","4":"has-post-thumbnail","6":"product_cat-helical-gear","8":"first","9":"instock","10":"shipping-taxable","11":"product-type-simple"},"_links":{"self":[{"href":"https:\/\/fmp-components.com\/hu\/wp-json\/wp\/v2\/product\/7314","targetHints":{"allow":["GET"]}}],"collection":[{"href":"https:\/\/fmp-components.com\/hu\/wp-json\/wp\/v2\/product"}],"about":[{"href":"https:\/\/fmp-components.com\/hu\/wp-json\/wp\/v2\/types\/product"}],"replies":[{"embeddable":true,"href":"https:\/\/fmp-components.com\/hu\/wp-json\/wp\/v2\/comments?post=7314"}],"wp:featuredmedia":[{"embeddable":true,"href":"https:\/\/fmp-components.com\/hu\/wp-json\/wp\/v2\/media\/4589"}],"wp:attachment":[{"href":"https:\/\/fmp-components.com\/hu\/wp-json\/wp\/v2\/media?parent=7314"}],"wp:term":[{"taxonomy":"product_brand","embeddable":true,"href":"https:\/\/fmp-components.com\/hu\/wp-json\/wp\/v2\/product_brand?post=7314"},{"taxonomy":"product_cat","embeddable":true,"href":"https:\/\/fmp-components.com\/hu\/wp-json\/wp\/v2\/product_cat?post=7314"},{"taxonomy":"product_tag","embeddable":true,"href":"https:\/\/fmp-components.com\/hu\/wp-json\/wp\/v2\/product_tag?post=7314"}],"curies":[{"name":"munkaf\u00fczet","href":"https:\/\/api.w.org\/{rel}","templated":true}]}}