{"id":7243,"date":"2025-03-21T01:45:53","date_gmt":"2025-03-21T01:45:53","guid":{"rendered":"https:\/\/fmp-components.com\/?post_type=product&#038;p=7243"},"modified":"2025-04-05T06:52:39","modified_gmt":"2025-04-05T06:52:39","slug":"plastic-worm-gears","status":"publish","type":"product","link":"https:\/\/fmp-components.com\/hu\/product\/plastic-worm-gears\/","title":{"rendered":"M\u0171anyag csigahajt\u00f3m\u0171vek"},"content":{"rendered":"<h2>M\u0171anyag csigahajt\u00f3m\u0171vek: Tart\u00f3s, testreszabhat\u00f3 megold\u00e1sok az FMP c\u00e9gt\u0151l<\/h2>\n<p class=\"break-words\">A m\u0171anyag csigakerekek l\u00e9tfontoss\u00e1g\u00fa alkatr\u00e9szek a modern g\u00e9pekben, a tart\u00f3ss\u00e1g, a sokoldal\u00fas\u00e1g \u00e9s a hat\u00e9konys\u00e1g egyed\u00fcl\u00e1ll\u00f3 kombin\u00e1ci\u00f3j\u00e1t k\u00edn\u00e1lva. Az FMP Company-n\u00e1l kiv\u00e1l\u00f3 min\u0151s\u00e9g\u0171 m\u0171anyagok gy\u00e1rt\u00e1s\u00e1ra specializ\u00e1l\u00f3dtunk. <a href=\"https:\/\/fmp-components.com\/hu\/worm-gear-and-worm-shaft-2\/\">csigahajt\u00e1sok<\/a> \u00dagy tervezt\u00fck, hogy megfeleljen az olaszorsz\u00e1gi \u00e9s azon t\u00fali ipar\u00e1gak sokf\u00e9le ig\u00e9ny\u00e9nek. Ak\u00e1r standard modellekre, ak\u00e1r egyedi megold\u00e1sokra van sz\u00fcks\u00e9ge, szak\u00e9rtelm\u00fcnk biztos\u00edtja, hogy megb\u00edzhat\u00f3, szem\u00e9lyre szabott term\u00e9keket kapjon.<\/p>\n<p><img loading=\"lazy\" decoding=\"async\" class=\"size-full wp-image-7245 aligncenter\" src=\"https:\/\/fmp-components.com\/wp-content\/uploads\/2025\/03\/plastic-worm-gear-2.webp\" alt=\"m\u0171anyag csigahajt\u00f3m\u0171\" width=\"975\" height=\"762\" title=\"\" srcset=\"https:\/\/fmp-components.com\/wp-content\/uploads\/2025\/03\/plastic-worm-gear-2.webp 975w, https:\/\/fmp-components.com\/wp-content\/uploads\/2025\/03\/plastic-worm-gear-2-480x375.webp 480w\" sizes=\"(min-width: 0px) and (max-width: 480px) 480px, (min-width: 481px) 975px, 100vw\" \/><\/p>\n<div>\n<h3>Mi\u00e9rt v\u00e1lasszon m\u0171anyag csigahajt\u00f3m\u0171veket?<\/h3>\n<p class=\"break-words\">A m\u0171anyag csigakerekek a f\u00e9m t\u00e1rsaikkal szemben egy\u00e9rtelm\u0171 el\u0151ny\u00f6kkel rendelkeznek, \u00edgy sz\u00e1mos alkalmaz\u00e1sban el\u0151nyben r\u00e9szes\u00edtik \u0151ket:<\/p>\n<ul class=\"marker:text-secondary\">\n<li class=\"break-words\"><strong>K\u00f6nny\u0171 kialak\u00edt\u00e1s<\/strong>A f\u00e9m fogaskerekekn\u00e9l jelent\u0151sen k\u00f6nnyebb m\u0171anyag csigakerekek cs\u00f6kkentik a g\u00e9pek s\u00faly\u00e1t, ez\u00e1ltal n\u00f6velve az energiahat\u00e9konys\u00e1got.<\/li>\n<li class=\"break-words\"><strong>Rozsdamentes tart\u00f3ss\u00e1g<\/strong>Korr\u00f3zi\u00f3\u00e1ll\u00f3ak, kiv\u00e1l\u00f3an teljes\u00edtenek p\u00e1r\u00e1s vagy zord k\u00f6rnyezetben, biztos\u00edtva a hossz\u00fa t\u00e1v\u00fa teljes\u00edtm\u00e9nyt.<\/li>\n<li class=\"break-words\"><strong>Alacsony zajszint\u0171 m\u0171k\u00f6d\u00e9s<\/strong>Sima m\u0171k\u00f6d\u00e9s\u00fck minimaliz\u00e1lja a zajt, \u00edgy ide\u00e1lis a csendes teljes\u00edtm\u00e9nyt ig\u00e9nyl\u0151 alkalmaz\u00e1sokhoz, p\u00e9ld\u00e1ul orvostechnikai eszk\u00f6z\u00f6kh\u00f6z vagy sz\u00f3rakoztat\u00f3 elektronik\u00e1hoz.<\/li>\n<li class=\"break-words\"><strong>K\u00f6lts\u00e9ghat\u00e9kony termel\u00e9s<\/strong>A fr\u00f6ccs\u00f6nt\u00e9s megfizethet\u0151, nagym\u00e9ret\u0171 gy\u00e1rt\u00e1st tesz lehet\u0151v\u00e9 a min\u0151s\u00e9g fel\u00e1ldoz\u00e1sa n\u00e9lk\u00fcl.<\/li>\n<li class=\"break-words\"><strong>\u00d6nken\u0151 tulajdons\u00e1gok<\/strong>Poliacet\u00e1lb\u00f3l (POM) \u00e9s MC Nejlonb\u00f3l k\u00e9sz\u00fcltek, gyakran tov\u00e1bbi ken\u00e9s n\u00e9lk\u00fcl m\u0171k\u00f6dnek, \u00edgy cs\u00f6kkentve a karbantart\u00e1si ig\u00e9nyt.<\/li>\n<\/ul>\n<p class=\"break-words\">Olaszorsz\u00e1gban az olyan ipar\u00e1gak, mint az \u00e9lelmiszergy\u00e1rt\u00e1s, a sz\u00f3rakoztat\u00f3elektronika \u00e9s az orvostechnikai eszk\u00f6z\u00f6k gy\u00e1rt\u00e1sa, egyre ink\u00e1bb ig\u00e9nylik ezeket a tulajdons\u00e1gokat. A m\u0171anyag csigahajt\u00e1sok k\u00f6nny\u0171 \u00e9s rozsda\u00e1ll\u00f3 jellege t\u00f6k\u00e9letesen illeszkedik az olasz v\u00e1llalkoz\u00e1sok ig\u00e9nyeihez, amelyek hat\u00e9kony \u00e9s megb\u00edzhat\u00f3 megold\u00e1sokat keresnek.<\/p>\n<p><img loading=\"lazy\" decoding=\"async\" class=\"size-full wp-image-7247 aligncenter\" src=\"https:\/\/fmp-components.com\/wp-content\/uploads\/2025\/03\/plastic-worm-gear-3.webp\" alt=\"m\u0171anyag csigahajt\u00f3m\u0171\" width=\"813\" height=\"473\" title=\"\" srcset=\"https:\/\/fmp-components.com\/wp-content\/uploads\/2025\/03\/plastic-worm-gear-3.webp 813w, https:\/\/fmp-components.com\/wp-content\/uploads\/2025\/03\/plastic-worm-gear-3-480x279.webp 480w\" sizes=\"(min-width: 0px) and (max-width: 480px) 480px, (min-width: 481px) 813px, 100vw\" \/><\/p>\n<h2>Specifik\u00e1ci\u00f3<\/h2>\n<table style=\"width: 100%;\" border=\"1\" width=\"100%\" cellspacing=\"0\" cellpadding=\"0\">\n<tbody>\n<tr style=\"height: 15.15pt;\">\n<td style=\"height: 15.15pt; width: 48.00pt;\" align=\"right\" width=\"80\" height=\"25\">\u00a0\u00a0<img loading=\"lazy\" decoding=\"async\" class=\"wp-image-7796 aligncenter\" src=\"https:\/\/fmp-components.com\/wp-content\/uploads\/2025\/03\/plastic-worm-gear-manufacturer.jpg\" alt=\"m\u0171anyag-csigahajt\u00f3m\u0171-gy\u00e1rt\u00f3\" width=\"448\" height=\"356\" title=\"\" srcset=\"https:\/\/fmp-components.com\/wp-content\/uploads\/2025\/03\/plastic-worm-gear-manufacturer.jpg 195w, https:\/\/fmp-components.com\/wp-content\/uploads\/2025\/03\/plastic-worm-gear-manufacturer-15x12.jpg 15w\" sizes=\"(max-width: 448px) 100vw, 448px\" \/><\/td>\n<td style=\"width: 48.00pt;\" align=\"right\" width=\"80\"><img loading=\"lazy\" decoding=\"async\" class=\"wp-image-7795 aligncenter\" src=\"https:\/\/fmp-components.com\/wp-content\/uploads\/2025\/03\/worm-gear-manufacturer.jpg\" alt=\"m\u0171anyag-f\u00e9reghajt\u00f3m\u0171-specifik\u00e1ci\u00f3\" width=\"488\" height=\"334\" title=\"\" srcset=\"https:\/\/fmp-components.com\/wp-content\/uploads\/2025\/03\/worm-gear-manufacturer.jpg 190w, https:\/\/fmp-components.com\/wp-content\/uploads\/2025\/03\/worm-gear-manufacturer-18x12.jpg 18w\" sizes=\"(max-width: 488px) 100vw, 488px\" \/><\/td>\n<\/tr>\n<tr style=\"height: 15.15pt;\">\n<td class=\"et2\" style=\"height: 15.15pt; width: 48.00pt;\" width=\"80\" height=\"25\">T\u00edpus<\/td>\n<td class=\"et3\" style=\"width: 48.00pt;\" width=\"80\">F\u00e9reg<\/td>\n<\/tr>\n<tr style=\"height: 29.55pt;\">\n<td class=\"et2\" style=\"height: 29.55pt; width: 48.00pt;\" width=\"80\" height=\"49\">Modul<\/td>\n<td class=\"et3\" style=\"width: 48.00pt;\" width=\"80\">M0.2 \u2013 M2.0<\/td>\n<\/tr>\n<tr style=\"height: 58.35pt;\">\n<td class=\"et2\" style=\"height: 58.35pt; width: 48.00pt;\" width=\"80\" height=\"97\">Anyag<\/td>\n<td class=\"et3\" style=\"width: 48.00pt;\" width=\"80\">Poliacet\u00e1l (POM) \/ Nejlon<\/td>\n<\/tr>\n<tr style=\"height: 58.35pt;\">\n<td class=\"et2\" style=\"height: 58.35pt; width: 48.00pt;\" width=\"80\" height=\"97\">Furat<\/td>\n<td class=\"et3\" style=\"width: 48.00pt;\" width=\"80\">\u00d81,40 mm\/ \u00d81,90 mm<\/td>\n<\/tr>\n<tr style=\"height: 101.55pt;\">\n<td class=\"et2\" style=\"height: 101.55pt; width: 48.00pt;\" width=\"80\" height=\"169\">K\u00fcls\u0151 \u00e1tm\u00e9r\u0151<\/td>\n<td class=\"et3\" style=\"width: 48.00pt;\" width=\"80\">\u00d84,0 mm\/ \u00d85,0 mm\/ \u00d86,0 mm (Rugalmas)<\/td>\n<\/tr>\n<tr style=\"height: 72.75pt;\">\n<td class=\"et2\" style=\"height: 72.75pt; width: 48.00pt;\" width=\"80\" height=\"121\">Hossz<\/td>\n<td class=\"et3\" style=\"width: 48.00pt;\" width=\"80\">6,0 mm\/ 8,5 mm\/ 10,0 mm (rugalmas)<\/td>\n<\/tr>\n<\/tbody>\n<\/table>\n<div><\/div>\n<div>\n<table style=\"width: 100%;\" border=\"1\" width=\"100%\" cellspacing=\"0\" cellpadding=\"0\">\n<tbody>\n<tr style=\"height: 15.15pt;\">\n<td class=\"et2\" style=\"height: 15.15pt; width: 96.00pt;\" colspan=\"2\" width=\"160\" height=\"25\"><img loading=\"lazy\" decoding=\"async\" class=\"alignnone wp-image-7797\" src=\"https:\/\/fmp-components.com\/wp-content\/uploads\/2025\/03\/plastic-worm-gear-manufacturer-1.jpg\" alt=\"m\u0171anyag csigahajt\u00f3m\u0171\" width=\"938\" height=\"376\" title=\"\" srcset=\"https:\/\/fmp-components.com\/wp-content\/uploads\/2025\/03\/plastic-worm-gear-manufacturer-1.jpg 938w, https:\/\/fmp-components.com\/wp-content\/uploads\/2025\/03\/plastic-worm-gear-manufacturer-1-480x192.jpg 480w\" sizes=\"(min-width: 0px) and (max-width: 480px) 480px, (min-width: 481px) 938px, 100vw\" \/><\/td>\n<\/tr>\n<tr style=\"height: 55.95pt;\">\n<td class=\"et3\" style=\"height: 55.95pt; width: 48.00pt;\" width=\"80\" height=\"93\">T\u00e9tel<\/td>\n<td class=\"et4\" style=\"width: 48.00pt;\" width=\"80\">M0.4*30T fogasker\u00e9k+f\u00e9reg<\/td>\n<\/tr>\n<tr style=\"height: 28.35pt;\">\n<td class=\"et3\" style=\"height: 28.35pt; width: 48.00pt;\" width=\"80\" height=\"47\">Anyag<\/td>\n<td class=\"et4\" style=\"width: 48.00pt;\" width=\"80\">TEPCON_M90-10<\/td>\n<\/tr>\n<tr style=\"height: 14.55pt;\">\n<td class=\"et3\" style=\"height: 14.55pt; width: 48.00pt;\" width=\"80\" height=\"24\">Modul<\/td>\n<td class=\"et4\" style=\"width: 48.00pt;\" width=\"80\">M0.4<\/td>\n<\/tr>\n<tr style=\"height: 28.35pt;\">\n<td class=\"et3\" style=\"height: 28.35pt; width: 48.00pt;\" width=\"80\" height=\"47\">Fogak sz\u00e1ma<\/td>\n<td class=\"et4\" style=\"width: 48.00pt;\" width=\"80\">30 fogasker\u00e9k \/ 1 fogasker\u00e9k<\/td>\n<\/tr>\n<tr style=\"height: 28.35pt;\">\n<td class=\"et3\" style=\"height: 28.35pt; width: 48.00pt;\" width=\"80\" height=\"47\">S\u00faly<\/td>\n<td class=\"et4\" style=\"width: 48.00pt;\" width=\"80\">0,75 g \/ db<\/td>\n<\/tr>\n<tr style=\"height: 55.95pt;\">\n<td class=\"et3\" style=\"height: 55.95pt; width: 48.00pt;\" width=\"80\" height=\"93\">Alkalmaz\u00e1s<\/td>\n<td class=\"et4\" style=\"width: 48.00pt;\" width=\"80\">IP kamera, monitor stb.<\/td>\n<\/tr>\n<\/tbody>\n<\/table>\n<\/div>\n<\/div>\n<table style=\"width: 100%;\" border=\"1\" width=\"100%\" cellspacing=\"0\" cellpadding=\"0\">\n<tbody>\n<tr style=\"height: 15.15pt;\">\n<td class=\"et2\" style=\"height: 15.15pt; width: 96.00pt;\" colspan=\"2\" width=\"160\" height=\"25\"><img loading=\"lazy\" decoding=\"async\" class=\"alignnone wp-image-7798\" src=\"https:\/\/fmp-components.com\/wp-content\/uploads\/2025\/03\/plastic-worm-gear-manufacturer-2.jpg\" alt=\"m\u0171anyag csigahajt\u00f3m\u0171\" width=\"930\" height=\"371\" title=\"\" srcset=\"https:\/\/fmp-components.com\/wp-content\/uploads\/2025\/03\/plastic-worm-gear-manufacturer-2.jpg 930w, https:\/\/fmp-components.com\/wp-content\/uploads\/2025\/03\/plastic-worm-gear-manufacturer-2-480x191.jpg 480w\" sizes=\"(min-width: 0px) and (max-width: 480px) 480px, (min-width: 481px) 930px, 100vw\" \/><\/td>\n<\/tr>\n<tr style=\"height: 28.35pt;\">\n<td class=\"et3\" style=\"height: 28.35pt; width: 48.00pt;\" width=\"80\" height=\"47\">T\u00e9tel<\/td>\n<td class=\"et4\" style=\"width: 48.00pt;\" width=\"80\">M0.4 RH f\u00e9reg<\/td>\n<\/tr>\n<tr style=\"height: 28.35pt;\">\n<td class=\"et3\" style=\"height: 28.35pt; width: 48.00pt;\" width=\"80\" height=\"47\">Anyag<\/td>\n<td class=\"et4\" style=\"width: 48.00pt;\" width=\"80\">TEPCON_M90-10<\/td>\n<\/tr>\n<tr style=\"height: 14.55pt;\">\n<td class=\"et3\" style=\"height: 14.55pt; width: 48.00pt;\" width=\"80\" height=\"24\">Modul<\/td>\n<td class=\"et4\" style=\"width: 48.00pt;\" width=\"80\">M0.4<\/td>\n<\/tr>\n<tr style=\"height: 28.35pt;\">\n<td class=\"et3\" style=\"height: 28.35pt; width: 48.00pt;\" width=\"80\" height=\"47\">Fogak sz\u00e1ma<\/td>\n<td class=\"et4\" style=\"width: 48.00pt;\" width=\"80\">1 fogasker\u00e9k (jobb oldali)<\/td>\n<\/tr>\n<tr style=\"height: 28.35pt;\">\n<td class=\"et3\" style=\"height: 28.35pt; width: 48.00pt;\" width=\"80\" height=\"47\">S\u00faly<\/td>\n<td class=\"et4\" style=\"width: 48.00pt;\" width=\"80\">0,22 g \/ db<\/td>\n<\/tr>\n<tr style=\"height: 124.95pt;\">\n<td class=\"et3\" style=\"height: 124.95pt; width: 48.00pt;\" width=\"80\" height=\"208\">Alkalmaz\u00e1s<\/td>\n<td class=\"et4\" style=\"width: 48.00pt;\" width=\"80\">Az aut\u00f3 visszapillant\u00f3 t\u00fckr\u00e9nek \u00e1ll\u00edt\u00e1s\u00e1ra szolg\u00e1l\u00f3 sebess\u00e9gv\u00e1lt\u00f3ban alkalmazhat\u00f3.<\/td>\n<\/tr>\n<\/tbody>\n<\/table>\n<div><\/div>\n<div>\n<div>\n<table style=\"width: 100%;\" border=\"1\" width=\"100%\" cellspacing=\"0\" cellpadding=\"0\">\n<tbody>\n<tr style=\"height: 15.15pt;\">\n<td class=\"et2\" style=\"height: 15.15pt; width: 96.00pt;\" colspan=\"2\" width=\"160\" height=\"25\"><img loading=\"lazy\" decoding=\"async\" class=\"wp-image-7794 aligncenter\" src=\"https:\/\/fmp-components.com\/wp-content\/uploads\/2025\/03\/plastic-worm-gear-manufacturer-3.jpg\" alt=\"m\u0171anyag-csigahajt\u00f3m\u0171-gy\u00e1rt\u00f3\" width=\"960\" height=\"378\" title=\"\" srcset=\"https:\/\/fmp-components.com\/wp-content\/uploads\/2025\/03\/plastic-worm-gear-manufacturer-3.jpg 960w, https:\/\/fmp-components.com\/wp-content\/uploads\/2025\/03\/plastic-worm-gear-manufacturer-3-480x189.jpg 480w\" sizes=\"(min-width: 0px) and (max-width: 480px) 480px, (min-width: 481px) 960px, 100vw\" \/><\/td>\n<\/tr>\n<tr style=\"height: 55.95pt;\">\n<td class=\"et3\" style=\"height: 55.95pt; width: 48.00pt;\" width=\"80\" height=\"93\">T\u00e9tel<\/td>\n<td class=\"et4\" style=\"width: 48.00pt;\" width=\"80\">Fogasker\u00e9kcsavar \u00e9s csavaranya<\/td>\n<\/tr>\n<tr style=\"height: 14.55pt;\">\n<td class=\"et3\" style=\"height: 14.55pt; width: 48.00pt;\" width=\"80\" height=\"24\">Anyag<\/td>\n<td class=\"et4\" style=\"width: 48.00pt;\" width=\"80\">ODM<\/td>\n<\/tr>\n<tr style=\"height: 14.55pt;\">\n<td class=\"et3\" style=\"height: 14.55pt; width: 48.00pt;\" width=\"80\" height=\"24\">Modul<\/td>\n<td class=\"et4\" style=\"width: 48.00pt;\" width=\"80\">ODM<\/td>\n<\/tr>\n<tr style=\"height: 28.35pt;\">\n<td class=\"et3\" style=\"height: 28.35pt; width: 48.00pt;\" width=\"80\" height=\"47\">Fogak sz\u00e1ma<\/td>\n<td class=\"et4\" style=\"width: 48.00pt;\" width=\"80\">ODM<\/td>\n<\/tr>\n<tr style=\"height: 14.55pt;\">\n<td class=\"et3\" style=\"height: 14.55pt; width: 48.00pt;\" width=\"80\" height=\"24\">S\u00faly<\/td>\n<td class=\"et4\" style=\"width: 48.00pt;\" width=\"80\">ODM<\/td>\n<\/tr>\n<tr style=\"height: 97.35pt;\">\n<td class=\"et3\" style=\"height: 97.35pt; width: 48.00pt;\" width=\"80\" height=\"162\">Alkalmaz\u00e1s<\/td>\n<td class=\"et4\" style=\"width: 48.00pt;\" width=\"80\">A v\u00edzszelep \u00e1ll\u00edt\u00f3m\u0171v\u00e9ben alkalmazhat\u00f3.<\/td>\n<\/tr>\n<\/tbody>\n<\/table>\n<h2>FMP c\u00e9g m\u0171anyag csigahajt\u00f3m\u0171vei: Min\u0151s\u00e9g \u00e9s testreszab\u00e1s<\/h2>\n<p class=\"break-words\">Az FMP Company-n\u00e1l b\u00fcszk\u00e9k vagyunk arra, hogy m\u0171anyag csigahajt\u00f3m\u0171vek sz\u00e9les v\u00e1laszt\u00e9k\u00e1t k\u00edn\u00e1ljuk, amelyek sokf\u00e9le alkalmaz\u00e1shoz megfelelnek:<\/p>\n<ul class=\"marker:text-secondary\">\n<li class=\"break-words\"><strong>V\u00e1ltozatos term\u00e9kk\u00edn\u00e1lat<\/strong>Katal\u00f3gusunkban szabv\u00e1nyos m\u0171anyag csigakerekek tal\u00e1lhat\u00f3k 0,5-t\u0151l 3-ig terjed\u0151 modulsz\u00e1mmal \u00e9s 10-t\u0151l 50-ig terjed\u0151 \u00e1tt\u00e9telekkel, kiv\u00e1l\u00f3 min\u0151s\u00e9g\u0171 MC nejlonb\u00f3l vagy POM-b\u00f3l gy\u00e1rtva.<\/li>\n<li class=\"break-words\"><strong>Testreszab\u00e1si szolg\u00e1ltat\u00e1sok<\/strong>Meg\u00e9rtj\u00fck, hogy minden projektnek egyedi k\u00f6vetelm\u00e9nyei vannak. Csapatunk az \u00d6n ig\u00e9nyeihez igaz\u00edtott, egyedi m\u0171anyag csigahajt\u00e1sokat k\u00edn\u00e1l, biztos\u00edtva az optim\u00e1lis teljes\u00edtm\u00e9nyt az adott alkalmaz\u00e1shoz.<\/li>\n<li class=\"break-words\"><strong>Nem tal\u00e1lja a modellj\u00e9t?<\/strong>Ha a sz\u00fcks\u00e9ges felszerel\u00e9s nem szerepel a list\u00e1n, ne agg\u00f3djon \u2013 lehet, hogy m\u00e9g nem ker\u00fclt fel a term\u00e9klist\u00e1nkra. Egyszer\u0171en \u00edrjon nek\u00fcnk e-mailt a k\u00f6vetkez\u0151 c\u00edmre: <a href=\"mailto:info@fmpcomponents.it\">info@fmpcomponents.it<\/a>\u00a0az \u00d6n ig\u00e9nyeivel, \u00e9s m\u00e9rn\u00f6keink 24 \u00f3r\u00e1n bel\u00fcl v\u00e1laszolnak, hogy seg\u00edtsenek \u00d6nnek.<\/li>\n<\/ul>\n<p class=\"break-words\">A min\u0151s\u00e9g \u00e9s a rugalmass\u00e1g ir\u00e1nti elk\u00f6telezetts\u00e9g\u00fcnk teszi az FMP Company-t megb\u00edzhat\u00f3 partnerr\u00e9 az olasz ipar\u00e1gak sz\u00e1m\u00e1ra, amelyek tart\u00f3s m\u0171anyag fogaskerekeket keresnek.<\/p>\n<p><img loading=\"lazy\" decoding=\"async\" class=\"size-full wp-image-7248 aligncenter\" src=\"https:\/\/fmp-components.com\/wp-content\/uploads\/2025\/03\/plastic-worm-gear-4.webp\" alt=\"m\u0171anyag csigahajt\u00f3m\u0171\" width=\"760\" height=\"518\" title=\"\" srcset=\"https:\/\/fmp-components.com\/wp-content\/uploads\/2025\/03\/plastic-worm-gear-4.webp 760w, https:\/\/fmp-components.com\/wp-content\/uploads\/2025\/03\/plastic-worm-gear-4-480x327.webp 480w\" sizes=\"(min-width: 0px) and (max-width: 480px) 480px, (min-width: 481px) 760px, 100vw\" \/><\/p>\n<div>\n<h3>Anyag- \u00e9s gy\u00e1rt\u00e1si kiv\u00e1l\u00f3s\u00e1g<\/h3>\n<p class=\"break-words\">A m\u0171anyag csigahajt\u00e1sok teljes\u00edtm\u00e9nye a gy\u00e1rt\u00e1sukhoz felhaszn\u00e1lt anyagokt\u00f3l \u00e9s folyamatokt\u00f3l f\u00fcgg:<\/p>\n<ul class=\"marker:text-secondary\">\n<li class=\"break-words\"><strong>Pr\u00e9mium anyagok<\/strong>Olyan m\u0171szaki m\u0171anyagokat haszn\u00e1lunk, mint a POM (poliacet\u00e1l) \u00e9s az MC Nejlon, amelyek szil\u00e1rds\u00e1gukr\u00f3l, kop\u00e1s\u00e1ll\u00f3s\u00e1gukr\u00f3l \u00e9s ken\u00e9s n\u00e9lk\u00fcli m\u0171k\u00f6d\u00e9s\u00fckr\u0151l ismertek. H\u0151m\u00e9rs\u00e9klet-ingadoz\u00e1sokkal vagy nagy terhel\u00e9sekkel j\u00e1r\u00f3 ig\u00e9nyes alkalmaz\u00e1sokhoz f\u00e9m agyakat (pl. S45C vagy rozsdamentes ac\u00e9l) is be\u00e9p\u00edthet\u00fcnk a nagyobb stabilit\u00e1s \u00e9rdek\u00e9ben.<\/li>\n<li class=\"break-words\"><strong>Fejlett gy\u00e1rt\u00e1s<\/strong>Gy\u00e1rt\u00e1sunk a prec\u00edzi\u00f3s fr\u00f6ccs\u00f6nt\u00e9st a szak\u00e9rt\u0151i megmunk\u00e1l\u00e1ssal \u00f6tv\u00f6zi, biztos\u00edtva, hogy minden fogasker\u00e9k megfeleljen a szigor\u00fa min\u0151s\u00e9gi el\u0151\u00edr\u00e1soknak. Ez a folyamat garant\u00e1lja a tart\u00f3ss\u00e1got, a m\u00e9retpontoss\u00e1got \u00e9s a k\u00f6lts\u00e9ghat\u00e9konys\u00e1got.<\/li>\n<\/ul>\n<p class=\"break-words\">Ezek a k\u00e9pess\u00e9gek lehet\u0151v\u00e9 teszik sz\u00e1munkra, hogy olyan m\u0171anyag csigahajt\u00f3m\u0171veket gy\u00e1rtsunk, amelyek kiemelked\u0151en teljes\u00edtenek Olaszorsz\u00e1g soksz\u00edn\u0171 ipari k\u00f6rnyezet\u00e9ben, a tengerparti \u00e9lelmiszer-feldolgoz\u00f3 \u00fczemekt\u0151l a high-tech elektronikai gy\u00e1rt\u00f3kig.<\/p>\n<table style=\"border-collapse: collapse; width: 104.125%; height: 59px;\" border=\"0\" width=\"160\" cellspacing=\"0\" cellpadding=\"0\">\n<tbody>\n<tr style=\"height: 14.40pt;\">\n<td style=\"height: 14.4pt; width: 56.4815%;\" align=\"right\" width=\"80\" height=\"24\"><img loading=\"lazy\" decoding=\"async\" class=\"size-full wp-image-7799 aligncenter\" src=\"https:\/\/fmp-components.com\/wp-content\/uploads\/2025\/03\/nylon-Electronic-Power-Steering-System-Worm-Gear.webp\" alt=\"nejlon elektronikus szervokorm\u00e1ny rendszer csigahajt\u00e1s\" width=\"1920\" height=\"1440\" title=\"\" srcset=\"https:\/\/fmp-components.com\/wp-content\/uploads\/2025\/03\/nylon-Electronic-Power-Steering-System-Worm-Gear.webp 1920w, https:\/\/fmp-components.com\/wp-content\/uploads\/2025\/03\/nylon-Electronic-Power-Steering-System-Worm-Gear-1280x960.webp 1280w, https:\/\/fmp-components.com\/wp-content\/uploads\/2025\/03\/nylon-Electronic-Power-Steering-System-Worm-Gear-980x735.webp 980w, https:\/\/fmp-components.com\/wp-content\/uploads\/2025\/03\/nylon-Electronic-Power-Steering-System-Worm-Gear-480x360.webp 480w\" sizes=\"(min-width: 0px) and (max-width: 480px) 480px, (min-width: 481px) and (max-width: 980px) 980px, (min-width: 981px) and (max-width: 1280px) 1280px, (min-width: 1281px) 1920px, 100vw\" \/><\/td>\n<td style=\"width: 43.5185%;\" align=\"right\" width=\"80\"><img loading=\"lazy\" decoding=\"async\" class=\"size-full wp-image-7800 aligncenter\" src=\"https:\/\/fmp-components.com\/wp-content\/uploads\/2025\/03\/plastic-worm-gear-manufacturer-5.webp\" alt=\"m\u0171anyag-csigahajt\u00f3m\u0171-gy\u00e1rt\u00f3\" width=\"1920\" height=\"1792\" title=\"\" srcset=\"https:\/\/fmp-components.com\/wp-content\/uploads\/2025\/03\/plastic-worm-gear-manufacturer-5.webp 1920w, https:\/\/fmp-components.com\/wp-content\/uploads\/2025\/03\/plastic-worm-gear-manufacturer-5-1280x1195.webp 1280w, https:\/\/fmp-components.com\/wp-content\/uploads\/2025\/03\/plastic-worm-gear-manufacturer-5-980x915.webp 980w, https:\/\/fmp-components.com\/wp-content\/uploads\/2025\/03\/plastic-worm-gear-manufacturer-5-480x448.webp 480w\" sizes=\"(min-width: 0px) and (max-width: 480px) 480px, (min-width: 481px) and (max-width: 980px) 980px, (min-width: 981px) and (max-width: 1280px) 1280px, (min-width: 1281px) 1920px, 100vw\" \/><\/td>\n<\/tr>\n<\/tbody>\n<\/table>\n<h3>Alkalmaz\u00e1sok Olaszorsz\u00e1gban<\/h3>\n<p class=\"break-words\">Az FMP Company m\u0171anyag csigakerekei bizony\u00edtott\u00e1k \u00e9rt\u00e9k\u00fcket az olasz piacokon:<\/p>\n<ul class=\"marker:text-secondary\">\n<li class=\"break-words\"><strong>\u00c9lelmiszertermel\u00e9s<\/strong>A higi\u00e9ni\u00e1t \u00e9s nedvess\u00e9g\u00e1ll\u00f3s\u00e1got ig\u00e9nyl\u0151 g\u00e9pekben rozsda\u00e1ll\u00f3 hajt\u00f3m\u0171veink megb\u00edzhat\u00f3 m\u0171k\u00f6d\u00e9st biztos\u00edtanak szennyez\u0151d\u00e9si kock\u00e1zat n\u00e9lk\u00fcl.<\/li>\n<li class=\"break-words\"><strong>Sz\u00f3rakoztat\u00f3 elektronika<\/strong>K\u00f6nny\u0171 \u00e9s csendes teljes\u00edtm\u00e9ny\u00fck fokozza az olyan eszk\u00f6z\u00f6k, mint a nyomtat\u00f3k \u00e9s f\u00e9nyk\u00e9pez\u0151g\u00e9pek teljes\u00edtm\u00e9ny\u00e9t, kiel\u00e9g\u00edtve Olaszorsz\u00e1g innovat\u00edv technol\u00f3gia ir\u00e1nti ig\u00e9ny\u00e9t.<\/li>\n<li class=\"break-words\"><strong>Orvosi berendez\u00e9sek<\/strong>Hajt\u00f3m\u0171veink alacsony zajszintje \u00e9s tart\u00f3ss\u00e1ga t\u00e1mogatja a prec\u00edzi\u00f3s m\u0171szereket, amelyek az olasz eg\u00e9szs\u00e9g\u00fcgyi ipar egyre n\u00f6vekv\u0151 \u00e1gazat\u00e1t jelentik.<\/li>\n<\/ul>\n<\/div>\n<\/div>\n<\/div>","protected":false},"excerpt":{"rendered":"<p>Plastic Worm Gears: Durable, Customizable Solutions from FMP Company Plastic worm gears are vital components in modern machinery, offering a unique combination of durability, versatility, and efficiency. At FMP Company, we specialize in manufacturing high-quality plastic worm gears designed to meet the diverse needs of industries across Italy and beyond. Whether you require standard models [&hellip;]<\/p>","protected":false},"featured_media":7244,"comment_status":"open","ping_status":"closed","template":"","meta":{"_et_pb_use_builder":"","_et_pb_old_content":"","_et_gb_content_width":""},"product_brand":[],"product_cat":[107],"product_tag":[],"class_list":{"0":"post-7243","1":"product","2":"type-product","3":"status-publish","4":"has-post-thumbnail","6":"product_cat-worm-gear","8":"first","9":"instock","10":"shipping-taxable","11":"product-type-simple"},"_links":{"self":[{"href":"https:\/\/fmp-components.com\/hu\/wp-json\/wp\/v2\/product\/7243","targetHints":{"allow":["GET"]}}],"collection":[{"href":"https:\/\/fmp-components.com\/hu\/wp-json\/wp\/v2\/product"}],"about":[{"href":"https:\/\/fmp-components.com\/hu\/wp-json\/wp\/v2\/types\/product"}],"replies":[{"embeddable":true,"href":"https:\/\/fmp-components.com\/hu\/wp-json\/wp\/v2\/comments?post=7243"}],"wp:featuredmedia":[{"embeddable":true,"href":"https:\/\/fmp-components.com\/hu\/wp-json\/wp\/v2\/media\/7244"}],"wp:attachment":[{"href":"https:\/\/fmp-components.com\/hu\/wp-json\/wp\/v2\/media?parent=7243"}],"wp:term":[{"taxonomy":"product_brand","embeddable":true,"href":"https:\/\/fmp-components.com\/hu\/wp-json\/wp\/v2\/product_brand?post=7243"},{"taxonomy":"product_cat","embeddable":true,"href":"https:\/\/fmp-components.com\/hu\/wp-json\/wp\/v2\/product_cat?post=7243"},{"taxonomy":"product_tag","embeddable":true,"href":"https:\/\/fmp-components.com\/hu\/wp-json\/wp\/v2\/product_tag?post=7243"}],"curies":[{"name":"munkaf\u00fczet","href":"https:\/\/api.w.org\/{rel}","templated":true}]}}