{"id":7207,"date":"2025-03-20T07:32:17","date_gmt":"2025-03-20T07:32:17","guid":{"rendered":"https:\/\/fmp-components.com\/?post_type=product&#038;p=7207"},"modified":"2025-03-26T08:50:47","modified_gmt":"2025-03-26T08:50:47","slug":"worm-gear-shaft-worm-gear-drive-shaft","status":"publish","type":"product","link":"https:\/\/fmp-components.com\/hu\/product\/worm-gear-shaft-worm-gear-drive-shaft\/","title":{"rendered":"Csigahajt\u00f3 tengely (csigahajt\u00f3 tengely)"},"content":{"rendered":"<p>A csigahajt\u00f3m\u0171 tengelye kritikus mechanikus alkatr\u00e9sz, amelyet k\u00fcl\u00f6nf\u00e9le ipar\u00e1gakban haszn\u00e1lnak az er\u0151 \u00e9s a mozg\u00e1s \u00e1tvitel\u00e9re a nem p\u00e1rhuzamos tengelyek k\u00f6z\u00f6tt, nagy nyomat\u00e9kot \u00e9s sima m\u0171k\u00f6d\u00e9st biztos\u00edtva. Az FMP Company-n\u00e1l a k\u00f6vetkez\u0151k sz\u00e9les v\u00e1laszt\u00e9k\u00e1nak gy\u00e1rt\u00e1s\u00e1ra specializ\u00e1l\u00f3dtunk: <a href=\"https:\/\/fmp-components.com\/hu\/worm-gear-and-worm-shaft-2\/\">csigaker\u00e9k<\/a> tengelyeket, amelyeket a k\u00fcl\u00f6nf\u00e9le alkalmaz\u00e1si ig\u00e9nyek kiel\u00e9g\u00edt\u00e9s\u00e9re szabunk, valamint egyedi megold\u00e1sokat is k\u00edn\u00e1lunk, amelyek megfelelnek az \u00d6n konkr\u00e9t ig\u00e9nyeinek. Ha nem tal\u00e1lja a k\u00edv\u00e1nt modellt a term\u00e9klist\u00e1nkban, val\u00f3sz\u00edn\u0171leg m\u00e9g nem t\u00f6lt\u00f6tt\u00fck fel \u2013 k\u00e9rj\u00fck, \u00edrjon nek\u00fcnk e-mailt a k\u00edv\u00e1nt specifik\u00e1ci\u00f3kkal, \u00e9s m\u00e9rn\u00f6keink 24 \u00f3r\u00e1n bel\u00fcl v\u00e1laszolnak egy szem\u00e9lyre szabott megold\u00e1ssal.<\/p>\n<p><img loading=\"lazy\" decoding=\"async\" class=\"alignnone size-full wp-image-7226\" src=\"https:\/\/fmp-components.com\/wp-content\/uploads\/2025\/03\/Worm-Gear-Shaft-Manufacturers-2.webp\" alt=\"Csigahajt\u00f3m\u0171-tengelygy\u00e1rt\u00f3k\" width=\"1000\" height=\"285\" title=\"\" srcset=\"https:\/\/fmp-components.com\/wp-content\/uploads\/2025\/03\/Worm-Gear-Shaft-Manufacturers-2.webp 1000w, https:\/\/fmp-components.com\/wp-content\/uploads\/2025\/03\/Worm-Gear-Shaft-Manufacturers-2-980x279.webp 980w, https:\/\/fmp-components.com\/wp-content\/uploads\/2025\/03\/Worm-Gear-Shaft-Manufacturers-2-480x137.webp 480w\" sizes=\"(min-width: 0px) and (max-width: 480px) 480px, (min-width: 481px) and (max-width: 980px) 980px, (min-width: 981px) 1000px, 100vw\" \/><\/p>\n<table style=\"border-collapse: collapse; width: 98.0079%; height: 90px;\" border=\"0\" width=\"317\" cellspacing=\"0\" cellpadding=\"0\">\n<tbody>\n<tr style=\"height: 14.40pt;\">\n<td style=\"height: 14.4pt; width: 32.0218%;\" width=\"83\" height=\"24\"><img loading=\"lazy\" decoding=\"async\" class=\"size-full wp-image-7210 aligncenter\" src=\"https:\/\/fmp-components.com\/wp-content\/uploads\/2025\/03\/Wholesale-Worm-Gear-Shaft-Factory.webp\" alt=\"Nagykereskedelmi-Csigahajt\u00f3m\u0171-Tengely-Gy\u00e1r\" width=\"1440\" height=\"951\" title=\"\" srcset=\"https:\/\/fmp-components.com\/wp-content\/uploads\/2025\/03\/Wholesale-Worm-Gear-Shaft-Factory.webp 1440w, https:\/\/fmp-components.com\/wp-content\/uploads\/2025\/03\/Wholesale-Worm-Gear-Shaft-Factory-1280x845.webp 1280w, https:\/\/fmp-components.com\/wp-content\/uploads\/2025\/03\/Wholesale-Worm-Gear-Shaft-Factory-980x647.webp 980w, https:\/\/fmp-components.com\/wp-content\/uploads\/2025\/03\/Wholesale-Worm-Gear-Shaft-Factory-480x317.webp 480w\" sizes=\"(min-width: 0px) and (max-width: 480px) 480px, (min-width: 481px) and (max-width: 980px) 980px, (min-width: 981px) and (max-width: 1280px) 1280px, (min-width: 1281px) 1440px, 100vw\" \/><\/td>\n<td style=\"width: 33.1148%;\" align=\"right\" width=\"80\"><img loading=\"lazy\" decoding=\"async\" class=\"size-full wp-image-7216 aligncenter\" src=\"https:\/\/fmp-components.com\/wp-content\/uploads\/2025\/03\/worm-gear-shaft-1.webp\" alt=\"csigahajt\u00e1s\u00fa tengely-\" width=\"1000\" height=\"666\" title=\"\" srcset=\"https:\/\/fmp-components.com\/wp-content\/uploads\/2025\/03\/worm-gear-shaft-1.webp 1000w, https:\/\/fmp-components.com\/wp-content\/uploads\/2025\/03\/worm-gear-shaft-1-980x653.webp 980w, https:\/\/fmp-components.com\/wp-content\/uploads\/2025\/03\/worm-gear-shaft-1-480x320.webp 480w\" sizes=\"(min-width: 0px) and (max-width: 480px) 480px, (min-width: 481px) and (max-width: 980px) 980px, (min-width: 981px) 1000px, 100vw\" \/><\/td>\n<td style=\"width: 34.7541%;\" align=\"right\" width=\"154\"><img loading=\"lazy\" decoding=\"async\" class=\"size-full wp-image-7217 aligncenter\" src=\"https:\/\/fmp-components.com\/wp-content\/uploads\/2025\/03\/Worm-Gear-Shaft-Manufacturers.webp\" alt=\"Csigahajt\u00f3m\u0171-tengelygy\u00e1rt\u00f3k\" width=\"1440\" height=\"951\" title=\"\" srcset=\"https:\/\/fmp-components.com\/wp-content\/uploads\/2025\/03\/Worm-Gear-Shaft-Manufacturers.webp 1440w, https:\/\/fmp-components.com\/wp-content\/uploads\/2025\/03\/Worm-Gear-Shaft-Manufacturers-1280x845.webp 1280w, https:\/\/fmp-components.com\/wp-content\/uploads\/2025\/03\/Worm-Gear-Shaft-Manufacturers-980x647.webp 980w, https:\/\/fmp-components.com\/wp-content\/uploads\/2025\/03\/Worm-Gear-Shaft-Manufacturers-480x317.webp 480w\" sizes=\"(min-width: 0px) and (max-width: 480px) 480px, (min-width: 481px) and (max-width: 980px) 980px, (min-width: 981px) and (max-width: 1280px) 1280px, (min-width: 1281px) 1440px, 100vw\" \/><\/td>\n<\/tr>\n<tr style=\"height: 14.40pt;\">\n<td style=\"height: 14.4pt; width: 32.0218%;\" height=\"24\"><img loading=\"lazy\" decoding=\"async\" class=\"size-full wp-image-7219 aligncenter\" src=\"https:\/\/fmp-components.com\/wp-content\/uploads\/2025\/03\/Worm-Gear-Shaft-3.webp\" alt=\"Csigahajt\u00f3m\u0171-tengely\" width=\"1000\" height=\"666\" title=\"\" srcset=\"https:\/\/fmp-components.com\/wp-content\/uploads\/2025\/03\/Worm-Gear-Shaft-3.webp 1000w, https:\/\/fmp-components.com\/wp-content\/uploads\/2025\/03\/Worm-Gear-Shaft-3-980x653.webp 980w, https:\/\/fmp-components.com\/wp-content\/uploads\/2025\/03\/Worm-Gear-Shaft-3-480x320.webp 480w\" sizes=\"(min-width: 0px) and (max-width: 480px) 480px, (min-width: 481px) and (max-width: 980px) 980px, (min-width: 981px) 1000px, 100vw\" \/><\/td>\n<td style=\"width: 33.1148%;\" align=\"right\"><img loading=\"lazy\" decoding=\"async\" class=\"size-full wp-image-7218 aligncenter\" src=\"https:\/\/fmp-components.com\/wp-content\/uploads\/2025\/03\/Worm-Gear-Shaft-4.webp\" alt=\"Csigahajt\u00f3m\u0171-tengely\" width=\"1000\" height=\"666\" title=\"\" srcset=\"https:\/\/fmp-components.com\/wp-content\/uploads\/2025\/03\/Worm-Gear-Shaft-4.webp 1000w, https:\/\/fmp-components.com\/wp-content\/uploads\/2025\/03\/Worm-Gear-Shaft-4-980x653.webp 980w, https:\/\/fmp-components.com\/wp-content\/uploads\/2025\/03\/Worm-Gear-Shaft-4-480x320.webp 480w\" sizes=\"(min-width: 0px) and (max-width: 480px) 480px, (min-width: 481px) and (max-width: 980px) 980px, (min-width: 981px) 1000px, 100vw\" \/><\/td>\n<td style=\"width: 34.7541%;\" align=\"right\"><img loading=\"lazy\" decoding=\"async\" class=\"size-full wp-image-7215 aligncenter\" src=\"https:\/\/fmp-components.com\/wp-content\/uploads\/2025\/03\/worm-gear-shaft-2.webp\" alt=\"csigahajt\u00e1s\u00fa tengely\" width=\"1000\" height=\"666\" title=\"\" srcset=\"https:\/\/fmp-components.com\/wp-content\/uploads\/2025\/03\/worm-gear-shaft-2.webp 1000w, https:\/\/fmp-components.com\/wp-content\/uploads\/2025\/03\/worm-gear-shaft-2-980x653.webp 980w, https:\/\/fmp-components.com\/wp-content\/uploads\/2025\/03\/worm-gear-shaft-2-480x320.webp 480w\" sizes=\"(min-width: 0px) and (max-width: 480px) 480px, (min-width: 481px) and (max-width: 980px) 980px, (min-width: 981px) 1000px, 100vw\" \/><\/td>\n<\/tr>\n<\/tbody>\n<\/table>\n<h2>A f\u00e9reghajt\u00f3 tengely specifik\u00e1ci\u00f3i<\/h2>\n<article class=\"4ever-article\" data-clipboard-cangjie=\"[&quot;root&quot;,{&quot;copyFrom&quot;:2066762897},[&quot;p&quot;,{},[&quot;span&quot;,{&quot;data-type&quot;:&quot;text&quot;},[&quot;span&quot;,{&quot;data-type&quot;:&quot;leaf&quot;},&quot;For more models and specifications, please contact us by email and our experts will respond to you promptly!&quot;]]]]\">Tov\u00e1bbi modellek\u00e9rt \u00e9s specifik\u00e1ci\u00f3k\u00e9rt k\u00e9rj\u00fck, vegye fel vel\u00fcnk a kapcsolatot e-mailben, \u00e9s szak\u00e9rt\u0151ink hamarosan v\u00e1laszolnak \u00d6nnek!<\/article>\n<table class=\"table\" border=\"1\" width=\"100%\" cellspacing=\"0\" cellpadding=\"0\">\n<tbody>\n<tr class=\"firstRow\">\n<td valign=\"center\" width=\"132\">Modellsz\u00e1m<\/td>\n<td valign=\"center\" width=\"491\">M1, M2, M3, M4, M5, M8, M12 \u00e9s stb.<\/td>\n<\/tr>\n<tr>\n<td valign=\"center\" width=\"132\">Anyag<\/td>\n<td valign=\"center\" width=\"491\">S\u00e1rgar\u00e9z, C45 ac\u00e9l, rozsdamentes ac\u00e9l, r\u00e9z, POM, alum\u00ednium, \u00f6tv\u00f6zet \u00e9s \u00edgy tov\u00e1bb<\/td>\n<\/tr>\n<tr>\n<td valign=\"center\" width=\"132\">Fel\u00fcletkezel\u00e9s<\/td>\n<td valign=\"center\" width=\"491\">Cinkbevonat, Nikkelbevonat, Passziv\u00e1l\u00e1s, Oxid\u00e1ci\u00f3, Elox\u00e1l\u00e1s,<br \/>\nGeomet, Dacromet, Fekete-oxid, Foszfatiz\u00e1l\u00e1s, Porbevonatol\u00e1s \u00e9s Elektrofor\u00e9zis<\/td>\n<\/tr>\n<tr>\n<td valign=\"center\" width=\"132\">Standard<\/td>\n<td valign=\"center\" width=\"491\">ISO, DIN, ANSI, JIS, BS \u00e9s nem szabv\u00e1nyos.<\/td>\n<\/tr>\n<tr>\n<td valign=\"center\" width=\"132\">Pontoss\u00e1g<\/td>\n<td valign=\"center\" width=\"491\">DIN6, DIN7, DIN8, DIN9.<\/td>\n<\/tr>\n<tr>\n<td valign=\"center\" width=\"132\">Fog\u00e1szati \u200b\u200bkezel\u00e9s<\/td>\n<td valign=\"center\" width=\"491\">Edzett, mart vagy k\u00f6sz\u00f6r\u00fclt<\/td>\n<\/tr>\n<tr>\n<td valign=\"center\" width=\"132\">Tolerancia<\/td>\n<td valign=\"center\" width=\"491\">0,001 mm-0,01 mm-0,1 mm<\/td>\n<\/tr>\n<tr>\n<td valign=\"center\" width=\"132\">Befejez\u00e9s<\/td>\n<td valign=\"center\" width=\"491\">s\u00f6r\u00e9tez\u00e9s\/homokf\u00fav\u00e1s, h\u0151kezel\u00e9s, l\u00e1gy\u00edt\u00e1s, megereszt\u00e9s, pol\u00edroz\u00e1s, elox\u00e1l\u00e1s, horganyzott<\/td>\n<\/tr>\n<tr>\n<td valign=\"center\" width=\"132\">Csomagol\u00e1s<\/td>\n<td valign=\"center\" width=\"491\">M\u0171anyag zacsk\u00f3 + dobozok vagy fa csomagol\u00e1s<\/td>\n<\/tr>\n<tr>\n<td valign=\"center\" width=\"132\">Fizet\u00e9si felt\u00e9telek<\/td>\n<td valign=\"center\" width=\"491\">T\/T, L\/C<\/td>\n<\/tr>\n<tr>\n<td valign=\"center\" width=\"132\">Gy\u00e1rt\u00e1si \u00e1tfut\u00e1si id\u0151<\/td>\n<td valign=\"center\" width=\"491\">20 munkanap a mint\u00e1ra, 25 nap a t\u00f6megre<\/td>\n<\/tr>\n<tr>\n<td valign=\"center\" width=\"132\">Mint\u00e1k<\/td>\n<td valign=\"center\" width=\"491\">Minta\u00e1r $2-t\u0151l $100-ig.<br \/>\nminta expressz k\u00e9r\u00e9s, amelyet az \u00fcgyfelek fizetnek<\/td>\n<\/tr>\n<tr>\n<td valign=\"center\" width=\"132\">Alkalmaz\u00e1s<\/td>\n<td valign=\"center\" width=\"491\">1. Automatikus vez\u00e9rl\u0151g\u00e9p<br \/>\n2. F\u00e9lvezet\u0151ipar<br \/>\n3. \u00c1ltal\u00e1nos ipari g\u00e9pek<br \/>\n4. Orvosi berendez\u00e9sek<br \/>\n5. Napenergia-berendez\u00e9sek<br \/>\n6. Szersz\u00e1mg\u00e9p<br \/>\n7. Parkol\u00f3rendszer<br \/>\n8. Nagysebess\u00e9g\u0171 vas\u00fati \u00e9s l\u00e9gi k\u00f6zleked\u00e9si eszk\u00f6z\u00f6k stb.<\/td>\n<\/tr>\n<\/tbody>\n<\/table>\n<p><img loading=\"lazy\" decoding=\"async\" class=\"size-full wp-image-7220 aligncenter\" src=\"https:\/\/fmp-components.com\/wp-content\/uploads\/2025\/03\/worm-gear-shaft-1-1.webp\" alt=\"csigahajt\u00e1s\u00fa tengely\" width=\"830\" height=\"728\" title=\"\" srcset=\"https:\/\/fmp-components.com\/wp-content\/uploads\/2025\/03\/worm-gear-shaft-1-1.webp 830w, https:\/\/fmp-components.com\/wp-content\/uploads\/2025\/03\/worm-gear-shaft-1-1-480x421.webp 480w\" sizes=\"(min-width: 0px) and (max-width: 480px) 480px, (min-width: 481px) 830px, 100vw\" \/><\/p>\n<div>\n<h3>A f\u00e9reghajt\u00f3m\u0171 tengely \u00e9s a f\u00e9reghajt\u00f3m\u0171 k\u00f6z\u00f6tti kapcsolat<\/h3>\n<p class=\"break-words\">A csigahajt\u00f3m\u0171 egy speci\u00e1lis fogasker\u00e9k-rendszer, amelyet a forg\u00e1si sebess\u00e9g cs\u00f6kkent\u00e9s\u00e9re \u00e9s a nyomat\u00e9k n\u00f6vel\u00e9s\u00e9re terveztek, \u00edgy ide\u00e1lis k\u00fcl\u00f6nf\u00e9le ipari alkalmaz\u00e1sokhoz. L\u00e9nyeg\u00e9ben k\u00e9t f\u0151 alkatr\u00e9szb\u0151l \u00e1ll: a csig\u00e1b\u00f3l \u00e9s a csigaker\u00e9kb\u0151l. A csavarra hasonl\u00edt\u00f3 csiga a bemen\u0151 tengelyre van szerelve (gyakran csigatengelynek is nevezik). Ez a csiga kapcsol\u00f3dik a csigaker\u00e9khez, egy olyan fogasker\u00e9khez, amelynek fogai kifejezetten a csig\u00e1val val\u00f3 kapcsol\u00f3d\u00e1sra vannak tervezve. A csigaker\u00e9k viszont a kimen\u0151 tengelyre van szerelve, amelyet n\u00e9ha csigaker\u00e9ktengelynek is neveznek.<\/p>\n<p class=\"break-words\">A csigahajt\u00f3m\u0171 tengelye \u00e9s a csigahajt\u00f3m\u0171 k\u00f6z\u00f6tti kapcsolat egyszer\u0171, m\u00e9gis kritikus: a csigahajt\u00f3m\u0171 tengelye a csigahajt\u00f3m\u0171 kimen\u0151 tengelyek\u00e9nt szolg\u00e1l. Ez hordozza a csigahajt\u00f3m\u0171vet, amelyet a csiga hajt. Ez a k\u00f6lcs\u00f6nhat\u00e1s lehet\u0151v\u00e9 teszi a sebess\u00e9gv\u00e1lt\u00f3 sz\u00e1m\u00e1ra, hogy a nagy sebess\u00e9g\u0171, alacsony nyomat\u00e9k\u00fa bemenetet (a csigatengelyr\u0151l) alacsony sebess\u00e9g\u0171, nagy nyomat\u00e9k\u00fa kimenett\u00e9 (a csigahajt\u00f3m\u0171 tengely\u00e9n kereszt\u00fcl) alak\u00edtsa. Ez az egyed\u00fcl\u00e1ll\u00f3 konfigur\u00e1ci\u00f3 sz\u00e1mos el\u0151nnyel j\u00e1r, t\u00f6bbek k\u00f6z\u00f6tt:<\/p>\n<ul class=\"marker:text-secondary\">\n<li class=\"break-words\"><strong>Nagy nyomat\u00e9kszorz\u00f3<\/strong>Ide\u00e1lis neh\u00e9zg\u00e9pekhez.<\/li>\n<li class=\"break-words\"><strong>Kompakt kialak\u00edt\u00e1s<\/strong>: Helysz\u0171k\u00e9ben l\u00e9v\u0151 alkalmaz\u00e1sokhoz alkalmas.<\/li>\n<li class=\"break-words\"><strong>\u00d6nz\u00e1r\u00f3 k\u00e9pess\u00e9g<\/strong>Megakad\u00e1lyozza a visszacsap\u00f3d\u00e1st bizonyos kivitelekben, n\u00f6velve a biztons\u00e1got.<\/li>\n<\/ul>\n<p class=\"break-words\">\u00d6sszefoglalva, a csigahajt\u00f3m\u0171 tengelye a csigahajt\u00f3m\u0171 szerves r\u00e9sze, kulcsszerepet j\u00e1tszik a be\u00e1ll\u00edtott mozg\u00e1s \u00e9s nyomat\u00e9k \u00e1tvitel\u00e9ben a meghajtott berendez\u00e9shez.<\/p>\n<h3>C\u00e9g\u00fcnk csigahajt\u00f3m\u0171-k\u00edn\u00e1lata<\/h3>\n<p class=\"break-words\">C\u00e9g\u00fcnkn\u00e9l a k\u00fcl\u00f6nf\u00e9le ipari ig\u00e9nyeket kiel\u00e9g\u00edt\u0151, sz\u00e9les v\u00e1laszt\u00e9k\u00fa csigahajt\u00f3m\u0171vek gy\u00e1rt\u00e1s\u00e1ra specializ\u00e1l\u00f3dtunk. Ak\u00e1r \u00e1ltal\u00e1nos alkalmaz\u00e1sokhoz standard modellekre, ak\u00e1r speci\u00e1lis k\u00f6vetelm\u00e9nyekhez illeszked\u0151, egyedi megold\u00e1sokra van sz\u00fcks\u00e9ge, szak\u00e9rtelemmel \u00e9s k\u00e9pess\u00e9ggel rendelkez\u00fcnk a kiv\u00e1l\u00f3 min\u0151s\u00e9g\u0171 term\u00e9kek sz\u00e1ll\u00edt\u00e1s\u00e1hoz. Csigahajt\u00f3m\u0171veinket a k\u00f6vetkez\u0151kre \u00f6sszpontos\u00edtva tervezt\u00fck:<\/p>\n<ul class=\"marker:text-secondary\">\n<li class=\"break-words\"><strong>Tart\u00f3ss\u00e1g<\/strong>: Neh\u00e9z k\u00f6r\u00fclm\u00e9nyekre tervezve.<\/li>\n<li class=\"break-words\"><strong>Hat\u00e9konys\u00e1g<\/strong>Teljes\u00edtm\u00e9nyre \u00e9s energiatakar\u00e9koss\u00e1gra optimaliz\u00e1lva.<\/li>\n<li class=\"break-words\"><strong>Sokoldal\u00fas\u00e1g<\/strong>: Alkalmas olyan ipar\u00e1gakhoz, mint a gy\u00e1rt\u00e1s, az automatiz\u00e1l\u00e1s \u00e9s az anyagmozgat\u00e1s.<\/li>\n<\/ul>\n<p class=\"break-words\">Ha b\u00e1rmilyen csigahajt\u00f3m\u0171re van sz\u00fcks\u00e9ge \u2013 legyen sz\u00f3 sz\u00e1ll\u00edt\u00f3szalagokr\u00f3l, emel\u0151kr\u0151l vagy egy\u00e9b g\u00e9pekr\u0151l \u2013, k\u00e9rj\u00fck, vegye fel vel\u00fcnk a kapcsolatot. Csapatunk k\u00e9szen \u00e1ll arra, hogy szak\u00e9rt\u0151i tan\u00e1csokkal, r\u00e9szletes inform\u00e1ci\u00f3kkal \u00e9s szem\u00e9lyre szabott t\u00e1mogat\u00e1ssal seg\u00edtse \u00d6nt, hogy megtal\u00e1lja az \u00d6n alkalmaz\u00e1s\u00e1hoz t\u00f6k\u00e9letes megold\u00e1st. Forduljon hozz\u00e1nk bizalommal m\u00e9g ma, hogy megbesz\u00e9lhess\u00fck, hogyan seg\u00edthet\u00fcnk \u00d6nnek!<\/p>\n<table style=\"width: 100%;\" border=\"0\" width=\"100%\" cellspacing=\"0\" cellpadding=\"0\">\n<tbody>\n<tr style=\"height: 14.40pt;\">\n<td style=\"height: 14.40pt; width: 49.80pt;\" width=\"83\" height=\"24\"><img loading=\"lazy\" decoding=\"async\" class=\"size-full wp-image-7223 aligncenter\" src=\"https:\/\/fmp-components.com\/wp-content\/uploads\/2025\/03\/The-relationship-between-worm-gear-shaft-and-worm-gearbox.webp\" alt=\"A csigahajt\u00f3m\u0171 tengely \u00e9s a csigahajt\u00f3m\u0171 k\u00f6z\u00f6tti kapcsolat2\" width=\"1000\" height=\"667\" title=\"\" srcset=\"https:\/\/fmp-components.com\/wp-content\/uploads\/2025\/03\/The-relationship-between-worm-gear-shaft-and-worm-gearbox.webp 1000w, https:\/\/fmp-components.com\/wp-content\/uploads\/2025\/03\/The-relationship-between-worm-gear-shaft-and-worm-gearbox-980x654.webp 980w, https:\/\/fmp-components.com\/wp-content\/uploads\/2025\/03\/The-relationship-between-worm-gear-shaft-and-worm-gearbox-480x320.webp 480w\" sizes=\"(min-width: 0px) and (max-width: 480px) 480px, (min-width: 481px) and (max-width: 980px) 980px, (min-width: 981px) 1000px, 100vw\" \/><\/td>\n<td style=\"width: 48.00pt;\" align=\"right\" width=\"80\"><img loading=\"lazy\" decoding=\"async\" class=\"wp-image-7224 alignnone\" src=\"https:\/\/fmp-components.com\/wp-content\/uploads\/2025\/03\/Worm-Gear-Shaft-Applications-2.webp\" alt=\"Csigahajt\u00f3m\u0171-tengely-alkalmaz\u00e1sok-2\" width=\"476\" height=\"318\" title=\"\"><\/td>\n<\/tr>\n<tr style=\"height: 14.40pt;\">\n<td style=\"height: 14.40pt;\" height=\"24\"><img loading=\"lazy\" decoding=\"async\" class=\"size-full wp-image-7225 aligncenter\" src=\"https:\/\/fmp-components.com\/wp-content\/uploads\/2025\/03\/The-relationship-between-worm-gear-shaft-and-worm-gearbox3.webp\" alt=\"A csigahajt\u00f3m\u0171 tengely \u00e9s a csigahajt\u00f3m\u0171 k\u00f6z\u00f6tti kapcsolat3\" width=\"1000\" height=\"662\" title=\"\" srcset=\"https:\/\/fmp-components.com\/wp-content\/uploads\/2025\/03\/The-relationship-between-worm-gear-shaft-and-worm-gearbox3.webp 1000w, https:\/\/fmp-components.com\/wp-content\/uploads\/2025\/03\/The-relationship-between-worm-gear-shaft-and-worm-gearbox3-980x649.webp 980w, https:\/\/fmp-components.com\/wp-content\/uploads\/2025\/03\/The-relationship-between-worm-gear-shaft-and-worm-gearbox3-480x318.webp 480w\" sizes=\"(min-width: 0px) and (max-width: 480px) 480px, (min-width: 481px) and (max-width: 980px) 980px, (min-width: 981px) 1000px, 100vw\" \/><\/td>\n<td align=\"right\"><img loading=\"lazy\" decoding=\"async\" class=\"size-full wp-image-7222 aligncenter\" src=\"https:\/\/fmp-components.com\/wp-content\/uploads\/2025\/03\/The-relationship-between-worm-gear-shaft-and-worm-gearbox2.webp\" alt=\"A csigahajt\u00f3m\u0171 tengely \u00e9s a csigahajt\u00f3m\u0171 k\u00f6z\u00f6tti kapcsolat2\" width=\"1000\" height=\"667\" title=\"\" srcset=\"https:\/\/fmp-components.com\/wp-content\/uploads\/2025\/03\/The-relationship-between-worm-gear-shaft-and-worm-gearbox2.webp 1000w, https:\/\/fmp-components.com\/wp-content\/uploads\/2025\/03\/The-relationship-between-worm-gear-shaft-and-worm-gearbox2-980x654.webp 980w, https:\/\/fmp-components.com\/wp-content\/uploads\/2025\/03\/The-relationship-between-worm-gear-shaft-and-worm-gearbox2-480x320.webp 480w\" sizes=\"(min-width: 0px) and (max-width: 480px) 480px, (min-width: 481px) and (max-width: 980px) 980px, (min-width: 981px) 1000px, 100vw\" \/><\/td>\n<\/tr>\n<\/tbody>\n<\/table>\n<\/div>\n<p>&nbsp;<\/p>","protected":false},"excerpt":{"rendered":"<p>A worm gear shaft is a critical mechanical component used in various industries to transmit power and motion between non-parallel shafts, offering high torque and smooth operation. At FMP Company, we specialize in manufacturing a wide range of worm gear shafts, tailored to meet diverse application needs, and we also offer custom solutions to match [&hellip;]<\/p>","protected":false},"featured_media":7221,"comment_status":"open","ping_status":"closed","template":"","meta":{"_et_pb_use_builder":"","_et_pb_old_content":"","_et_gb_content_width":""},"product_brand":[],"product_cat":[107],"product_tag":[],"class_list":{"0":"post-7207","1":"product","2":"type-product","3":"status-publish","4":"has-post-thumbnail","6":"product_cat-worm-gear","8":"first","9":"instock","10":"shipping-taxable","11":"product-type-simple"},"_links":{"self":[{"href":"https:\/\/fmp-components.com\/hu\/wp-json\/wp\/v2\/product\/7207","targetHints":{"allow":["GET"]}}],"collection":[{"href":"https:\/\/fmp-components.com\/hu\/wp-json\/wp\/v2\/product"}],"about":[{"href":"https:\/\/fmp-components.com\/hu\/wp-json\/wp\/v2\/types\/product"}],"replies":[{"embeddable":true,"href":"https:\/\/fmp-components.com\/hu\/wp-json\/wp\/v2\/comments?post=7207"}],"wp:featuredmedia":[{"embeddable":true,"href":"https:\/\/fmp-components.com\/hu\/wp-json\/wp\/v2\/media\/7221"}],"wp:attachment":[{"href":"https:\/\/fmp-components.com\/hu\/wp-json\/wp\/v2\/media?parent=7207"}],"wp:term":[{"taxonomy":"product_brand","embeddable":true,"href":"https:\/\/fmp-components.com\/hu\/wp-json\/wp\/v2\/product_brand?post=7207"},{"taxonomy":"product_cat","embeddable":true,"href":"https:\/\/fmp-components.com\/hu\/wp-json\/wp\/v2\/product_cat?post=7207"},{"taxonomy":"product_tag","embeddable":true,"href":"https:\/\/fmp-components.com\/hu\/wp-json\/wp\/v2\/product_tag?post=7207"}],"curies":[{"name":"munkaf\u00fczet","href":"https:\/\/api.w.org\/{rel}","templated":true}]}}