{"id":720,"date":"2024-12-18T03:25:17","date_gmt":"2024-12-18T03:25:17","guid":{"rendered":"https:\/\/fmp-components.com\/?page_id=8"},"modified":"2024-12-18T03:37:20","modified_gmt":"2024-12-18T03:37:20","slug":"hydraulic-cylinder-for-jack-up-offshore-platform","status":"publish","type":"product","link":"https:\/\/fmp-components.com\/hu\/product\/hydraulic-cylinder-for-jack-up-offshore-platform\/","title":{"rendered":"Hidraulikus henger Jack-up Offshore platformhoz"},"content":{"rendered":"<p style=\"text-align: center;\"><span style=\"font-size: 18pt;\">Hidraulikus henger Jack-up Offshore platformhoz<\/span><\/p>\n<p>A tengeri emel\u0151platformok hidraulikus munkahengere egy kritikus fontoss\u00e1g\u00fa alkatr\u00e9sz, amelynek c\u00e9lja a tengeri f\u00far\u00e1sokhoz \u00e9s \u00e9p\u00edt\u00e9shez haszn\u00e1lt emel\u0151platformok l\u00e1bainak megb\u00edzhat\u00f3 emel\u00e9si \u00e9s s\u00fcllyeszt\u00e9si k\u00e9pess\u00e9g\u00e9nek biztos\u00edt\u00e1sa. Ez a henger l\u00e9tfontoss\u00e1g\u00fa szerepet j\u00e1tszik a platform stabilit\u00e1s\u00e1nak \u00e9s biztons\u00e1g\u00e1nak biztos\u00edt\u00e1s\u00e1ban kih\u00edv\u00e1st jelent\u0151 tengeri k\u00f6rnyezetben t\u00f6rt\u00e9n\u0151 m\u0171k\u00f6d\u00e9s k\u00f6zben.<\/p>\n<p><img loading=\"lazy\" decoding=\"async\" class=\"size-full wp-image-728 aligncenter\" src=\"https:\/\/fmp-components.com\/wp-content\/uploads\/2024\/12\/Jack-up-Offshore-Platform-Bolt-Cylinder-Applications.webp\" alt=\"Jack-up-Offshore-Platform-Csavarhenger\" width=\"1024\" height=\"557\" title=\"\" srcset=\"https:\/\/fmp-components.com\/wp-content\/uploads\/2024\/12\/Jack-up-Offshore-Platform-Bolt-Cylinder-Applications.webp 1024w, https:\/\/fmp-components.com\/wp-content\/uploads\/2024\/12\/Jack-up-Offshore-Platform-Bolt-Cylinder-Applications-980x533.webp 980w, https:\/\/fmp-components.com\/wp-content\/uploads\/2024\/12\/Jack-up-Offshore-Platform-Bolt-Cylinder-Applications-480x261.webp 480w\" sizes=\"(min-width: 0px) and (max-width: 480px) 480px, (min-width: 481px) and (max-width: 980px) 980px, (min-width: 981px) 1024px, 100vw\" \/><\/p>\n<h4>F\u0151bb jellemz\u0151k:<\/h4>\n<ul>\n<li><strong>Nagy teljes\u00edtm\u00e9ny\u0171 kimenet:<\/strong> A jelent\u0151s hidraulikus er\u0151 el\u0151\u00e1ll\u00edt\u00e1s\u00e1ra tervezett henger hat\u00e9konyan kezeli a platform emel\u00e9s\u00e9t, lehet\u0151v\u00e9 t\u00e9ve a gyors \u00e9s prec\u00edz be\u00e1ll\u00edt\u00e1sokat a ki- \u00e9s beh\u00faz\u00e1s sor\u00e1n.<\/li>\n<li><strong>Robusztus konstrukci\u00f3:<\/strong> Nagy szil\u00e1rds\u00e1g\u00fa anyagokb\u00f3l k\u00e9sz\u00fclt, \u00fagy tervezt\u00e9k, hogy ellen\u00e1lljon a tengeri m\u0171veletekre jellemz\u0151 zord k\u00f6r\u00fclm\u00e9nyeknek \u00e9s nagy nyom\u00e1snak, biztos\u00edtva a tart\u00f3ss\u00e1got \u00e9s a hossz\u00fa t\u00e1v\u00fa megb\u00edzhat\u00f3s\u00e1got.<\/li>\n<li><strong>Sima m\u0171k\u00f6d\u00e9s:<\/strong> A fejlett hidraulikus kialak\u00edt\u00e1s sima \u00e9s kontroll\u00e1lt mozg\u00e1sokat tesz lehet\u0151v\u00e9, n\u00f6velve a m\u0171k\u00f6d\u00e9si hat\u00e9konys\u00e1got \u00e9s minimaliz\u00e1lva az \u00e1ll\u00e1sid\u0151t a kritikus f\u00far\u00e1si tev\u00e9kenys\u00e9gek sor\u00e1n.<\/li>\n<li><strong>Korr\u00f3zi\u00f3\u00e1ll\u00f3s\u00e1g:<\/strong> A s\u00f3sv\u00edz \u00e9s m\u00e1s tengeri elemek okozta korr\u00f3zi\u00f3nak ellen\u00e1ll\u00f3 kezel\u00e9snek k\u00f6sz\u00f6nhet\u0151en hossz\u00fa \u00e9lettartamot \u00e9s \u00e1lland\u00f3 teljes\u00edtm\u00e9nyt biztos\u00edt ig\u00e9nyes k\u00f6rnyezetben.<\/li>\n<li><strong>Sokoldal\u00fa alkalmaz\u00e1sok:<\/strong> K\u00fcl\u00f6nb\u00f6z\u0151 emel\u0151platform-konfigur\u00e1ci\u00f3khoz alkalmas, ez a hidraulikus henger alkalmazkodik a k\u00fcl\u00f6nb\u00f6z\u0151 \u00fczemeltet\u00e9si ig\u00e9nyekhez, n\u00f6velve hasznoss\u00e1g\u00e1t a tengeri projektekben.<\/li>\n<\/ul>\n<p>A Jack-up Offshore platform hidraulikus hengere n\u00e9lk\u00fcl\u00f6zhetetlen a tengeri f\u00far\u00e1si m\u0171veletek teljes\u00edtm\u00e9ny\u00e9nek \u00e9s biztons\u00e1g\u00e1nak optimaliz\u00e1l\u00e1s\u00e1hoz, jelent\u0151sen hozz\u00e1j\u00e1rulva a tengeri \u00e9p\u00edt\u00e9si \u00e9s er\u0151forr\u00e1s-kitermel\u00e9si tev\u00e9kenys\u00e9gek hat\u00e9konys\u00e1g\u00e1hoz.<\/p>\n<h2>Jack-up Offshore platform emel\u0151henger<\/h2>\n<p>Az emel\u0151henger egy l\u00e9tfontoss\u00e1g\u00fa hidraulikus alkatr\u00e9sz, amelyet arra terveztek, hogy biztos\u00edtsa a sz\u00fcks\u00e9ges er\u0151t az emel\u0151f\u00far\u00f3tornyok l\u00e1bainak emel\u00e9s\u00e9hez \u00e9s s\u00fcllyeszt\u00e9s\u00e9hez a tengeri m\u0171veletek sor\u00e1n. Ez a henger lehet\u0151v\u00e9 teszi a platform magass\u00e1g\u00e1nak pontos szab\u00e1lyoz\u00e1s\u00e1t, biztos\u00edtva a stabilit\u00e1st \u00e9s a biztons\u00e1got a kih\u00edv\u00e1st jelent\u0151 tengeri k\u00f6r\u00fclm\u00e9nyek k\u00f6z\u00f6tt v\u00e9gzett munka sor\u00e1n. Nagy szil\u00e1rds\u00e1g\u00fa anyagokb\u00f3l k\u00e9sz\u00fclt, \u00e9s \u00fagy tervezt\u00e9k, hogy ellen\u00e1lljon a tengeri alkalmaz\u00e1sokra jellemz\u0151 zord k\u00f6rnyezetnek \u00e9s jelent\u0151s nyom\u00e1snak, biztos\u00edtva a tart\u00f3ss\u00e1got \u00e9s a megb\u00edzhat\u00f3s\u00e1got. A sima hidraulikus m\u0171k\u00f6d\u00e9s lehet\u0151v\u00e9 teszi a hat\u00e9kony \u00e9s gyors be\u00e1ll\u00edt\u00e1st, n\u00f6velve a m\u0171k\u00f6d\u00e9si hat\u00e9konys\u00e1got \u00e9s a biztons\u00e1got a f\u00far\u00e1si \u00e9s karbantart\u00e1si tev\u00e9kenys\u00e9gek sor\u00e1n. Ez az emel\u0151henger elengedhetetlen az emel\u0151f\u00far\u00f3 platformok teljes\u00edtm\u00e9ny\u00e9nek optimaliz\u00e1l\u00e1s\u00e1hoz, jelent\u0151sen hozz\u00e1j\u00e1rulva a tengeri f\u00far\u00e1si \u00e9s termel\u00e9si m\u0171veletek siker\u00e9hez.<\/p>\n<p><img loading=\"lazy\" decoding=\"async\" class=\"size-full wp-image-727 aligncenter\" src=\"https:\/\/fmp-components.com\/wp-content\/uploads\/2024\/12\/Jack-up-Offshore-Platform-Lifting-Cylinder.webp\" alt=\"Jack-up Offshore platform emel\u0151henger\" width=\"500\" height=\"200\" title=\"\" srcset=\"https:\/\/fmp-components.com\/wp-content\/uploads\/2024\/12\/Jack-up-Offshore-Platform-Lifting-Cylinder.webp 500w, https:\/\/fmp-components.com\/wp-content\/uploads\/2024\/12\/Jack-up-Offshore-Platform-Lifting-Cylinder-480x192.webp 480w\" sizes=\"(min-width: 0px) and (max-width: 480px) 480px, (min-width: 481px) 500px, 100vw\" \/><\/p>\n<table border=\"1\" cellspacing=\"0\" cellpadding=\"0\">\n<tbody>\n<tr>\n<td>Term\u00e9k neve<\/td>\n<td>Jack-up Offshore platform emel\u0151henger<\/td>\n<\/tr>\n<tr>\n<td>Jellemz\u0151k:<\/td>\n<td>A platform emel\u00e9s\u00e9t \u00e9s s\u00fcllyeszt\u00e9s\u00e9t a gy\u0171r\u0171s gerenda meghajt\u00e1s\u00e1val v\u00e9gezze el.<\/td>\n<\/tr>\n<tr>\n<td>Furat\u00e1tm\u00e9r\u0151:<\/td>\n<td>Ak\u00e1r 700 mm-ig<\/td>\n<\/tr>\n<tr>\n<td>R\u00fad \u00e1tm\u00e9r\u0151je:<\/td>\n<td>Ak\u00e1r 420 mm<br \/>\nL\u00f6kethossz ak\u00e1r 2150 mm<\/td>\n<\/tr>\n<tr>\n<td>Nyom\u00e1s:<\/td>\n<td>ak\u00e1r 32 MPa<\/td>\n<\/tr>\n<tr>\n<td>\u00c9rz\u00e9kel\u0151:<\/td>\n<td>Egy k\u00fcls\u0151 elmozdul\u00e1s\u00e9rz\u00e9kel\u0151 konfigur\u00e1lhat\u00f3 \u00fagy, hogy a hengerek sz\u00e9tszerel\u00e9se n\u00e9lk\u00fcl kiel\u00e9g\u00edtse az \u00e9rz\u00e9kel\u0151 karbantart\u00e1si \u00e9s cser\u00e9j\u00e9vel kapcsolatos ig\u00e9nyeket.<\/td>\n<\/tr>\n<tr>\n<td>Alkalmaz\u00e1sok:<\/td>\n<td>Jack-up tengeri platform<\/td>\n<\/tr>\n<\/tbody>\n<\/table>\n<h2>Jack-up Offshore Platform csavarhenger<\/h2>\n<p>Az emel\u0151platform-csapszeghenger egy alapvet\u0151 hidraulikus alkatr\u00e9sz, amelyet a platform l\u00e1bainak biztons\u00e1gos r\u00f6gz\u00edt\u00e9s\u00e9re \u00e9s kiold\u00e1s\u00e1ra terveztek m\u0171k\u00f6d\u00e9s k\u00f6zben. Ez a henger biztos\u00edtja a sz\u00fcks\u00e9ges er\u0151t a r\u00f6gz\u00edt\u0151csavarok be- \u00e9s kiold\u00e1s\u00e1hoz, biztos\u00edtva a platform stabilit\u00e1s\u00e1t \u00e9s biztons\u00e1g\u00e1t, mik\u00f6zben az k\u00fcl\u00f6nf\u00e9le tengeri k\u00f6r\u00fclm\u00e9nyek k\u00f6z\u00f6tt m\u0171k\u00f6dik. Nagy szil\u00e1rds\u00e1g\u00fa anyagokb\u00f3l k\u00e9sz\u00fclt, \u00fagy tervezt\u00e9k, hogy ellen\u00e1lljon a tengeri alkalmaz\u00e1sokra jellemz\u0151 ig\u00e9nyes k\u00f6rnyezeteknek \u00e9s nyom\u00e1soknak, biztos\u00edtva a hossz\u00fa t\u00e1v\u00fa tart\u00f3ss\u00e1got \u00e9s megb\u00edzhat\u00f3s\u00e1got. A sima hidraulikus m\u0171k\u00f6d\u00e9s lehet\u0151v\u00e9 teszi a prec\u00edz vez\u00e9rl\u00e9st, n\u00f6velve a m\u0171k\u00f6d\u00e9si hat\u00e9konys\u00e1got \u00e9s a biztons\u00e1got a telep\u00edt\u00e9si \u00e9s visszah\u00faz\u00e1si f\u00e1zisok sor\u00e1n. Ez a csapszeghenger kulcsfontoss\u00e1g\u00fa az emel\u0151platformok teljes\u00edtm\u00e9ny\u00e9nek optimaliz\u00e1l\u00e1s\u00e1hoz, jelent\u0151sen hozz\u00e1j\u00e1rulva a tengeri f\u00far\u00e1si \u00e9s karbantart\u00e1si m\u0171veletek hat\u00e9konys\u00e1g\u00e1hoz.<\/p>\n<p><img loading=\"lazy\" decoding=\"async\" class=\"size-full wp-image-726 aligncenter\" src=\"https:\/\/fmp-components.com\/wp-content\/uploads\/2024\/12\/Jack-up-Offshore-Platform-Bolt-Cylinder.webp\" alt=\"Jack-up Offshore Platform csavarhenger\" width=\"500\" height=\"200\" title=\"\" srcset=\"https:\/\/fmp-components.com\/wp-content\/uploads\/2024\/12\/Jack-up-Offshore-Platform-Bolt-Cylinder.webp 500w, https:\/\/fmp-components.com\/wp-content\/uploads\/2024\/12\/Jack-up-Offshore-Platform-Bolt-Cylinder-480x192.webp 480w\" sizes=\"(min-width: 0px) and (max-width: 480px) 480px, (min-width: 481px) 500px, 100vw\" \/><\/p>\n<table style=\"width: 100.206%; height: 239px;\" border=\"1\" cellspacing=\"0\" cellpadding=\"0\">\n<tbody>\n<tr style=\"height: 23px;\">\n<td style=\"height: 23px;\">Term\u00e9k neve<\/td>\n<td style=\"height: 23px;\">Jack-up Offshore Platform csavarhenger<\/td>\n<\/tr>\n<tr style=\"height: 23px;\">\n<td style=\"height: 23px;\">Jellemz\u0151k:<\/td>\n<td style=\"height: 23px;\">Helyezze be \u00e9s h\u00fazza ki a hengeres csapot a gy\u0171r\u0171s gerend\u00e1n a gy\u0171r\u0171s gerenda r\u00f6gz\u00edt\u00e9s\u00e9hez.<\/td>\n<\/tr>\n<tr style=\"height: 47px;\">\n<td style=\"height: 47px;\">Furat\u00e1tm\u00e9r\u0151:<\/td>\n<td style=\"height: 47px;\">Ak\u00e1r 100 mm-ig<\/td>\n<\/tr>\n<tr style=\"height: 23px;\">\n<td style=\"height: 23px;\">R\u00fad \u00e1tm\u00e9r\u0151je:<\/td>\n<td style=\"height: 23px;\">Ak\u00e1r 60 mm-ig<\/td>\n<\/tr>\n<tr style=\"height: 23px;\">\n<td style=\"height: 23px;\">Nyom\u00e1s:<\/td>\n<td style=\"height: 23px;\">Ak\u00e1r 32 MPa<\/td>\n<\/tr>\n<tr style=\"height: 47px;\">\n<td style=\"height: 47px;\">\u00c9rz\u00e9kel\u0151:<\/td>\n<td style=\"height: 47px;\">Be\u00e9p\u00edtett elmozdul\u00e1s\u00e9rz\u00e9kel\u0151vel is felszerelhet\u0151 a hidraulikus hengerek be\u00e9p\u00edt\u00e9si m\u00e9ret\u00e9nek cs\u00f6kkent\u00e9se \u00e9rdek\u00e9ben.<\/td>\n<\/tr>\n<tr style=\"height: 23px;\">\n<td style=\"height: 23px;\">Alkalmaz\u00e1sok:<\/td>\n<td style=\"height: 23px;\">Jack-up tengeri platform<\/td>\n<\/tr>\n<\/tbody>\n<\/table>\n<h2>A Jack-up Offshore Platform hidraulikus henger el\u0151nyei<\/h2>\n<ol>\n<li><strong>Nagy teherb\u00edr\u00e1s:<\/strong>\n<ul>\n<li>Jelent\u0151s terhel\u00e9sek kezel\u00e9s\u00e9re tervezt\u00e9k, biztos\u00edtva a stabilit\u00e1st \u00e9s a biztons\u00e1got a tengeri m\u0171veletek sor\u00e1n.<\/li>\n<\/ul>\n<\/li>\n<li><strong>Prec\u00edzi\u00f3s vez\u00e9rl\u00e9s:<\/strong>\n<ul>\n<li>Lehet\u0151v\u00e9 teszi a platform l\u00e1bainak pontos pozicion\u00e1l\u00e1s\u00e1t \u00e9s be\u00e1ll\u00edt\u00e1s\u00e1t, n\u00f6velve a m\u0171k\u00f6d\u00e9si hat\u00e9konys\u00e1got \u00e9s a biztons\u00e1got.<\/li>\n<\/ul>\n<\/li>\n<li><strong>Tart\u00f3s konstrukci\u00f3:<\/strong>\n<ul>\n<li>Nagy szil\u00e1rds\u00e1g\u00fa anyagokb\u00f3l k\u00e9sz\u00fclt, amelyek ellen\u00e1llnak a zord tengeri k\u00f6rnyezetnek \u00e9s a nagy nyom\u00e1snak, biztos\u00edtva a hossz\u00fa t\u00e1v\u00fa teljes\u00edtm\u00e9nyt.<\/li>\n<\/ul>\n<\/li>\n<li><strong>Korr\u00f3zi\u00f3\u00e1ll\u00f3s\u00e1g:<\/strong>\n<ul>\n<li>Tengerv\u00edz \u00e9s m\u00e1s tengeri elemek okozta korr\u00f3zi\u00f3\u00e1ll\u00f3s\u00e1gra kezelve, meghosszabb\u00edtva a henger \u00e9lettartam\u00e1t.<\/li>\n<\/ul>\n<\/li>\n<li><strong>Sima m\u0171k\u00f6d\u00e9s:<\/strong>\n<ul>\n<li>Fejlett hidraulikus kialak\u00edt\u00e1s\u00e1nak k\u00f6sz\u00f6nhet\u0151en sima \u00e9s hat\u00e9kony mozg\u00e1st biztos\u00edt, cs\u00f6kkentve a rendszer kop\u00e1s\u00e1t.<\/li>\n<\/ul>\n<\/li>\n<li><strong>Alacsony karbantart\u00e1si ig\u00e9ny:<\/strong>\n<ul>\n<li>Megb\u00edzhat\u00f3s\u00e1gra tervezve, minim\u00e1lis karbantart\u00e1si ig\u00e9ny mellett, cs\u00f6kkentve az \u00e1ll\u00e1sid\u0151t \u00e9s az \u00fczemeltet\u00e9si k\u00f6lts\u00e9geket.<\/li>\n<\/ul>\n<\/li>\n<li><strong>Sokoldal\u00fas\u00e1g:<\/strong>\n<ul>\n<li>K\u00fcl\u00f6nb\u00f6z\u0151 emel\u0151platform-konfigur\u00e1ci\u00f3khoz alkalmas, \u00e9s alkalmazkodik a k\u00fcl\u00f6nb\u00f6z\u0151 tengeri alkalmaz\u00e1sokhoz, n\u00f6velve hasznoss\u00e1g\u00e1t.<\/li>\n<\/ul>\n<\/li>\n<li><strong>Fokozott biztons\u00e1g:<\/strong>\n<ul>\n<li>Be\u00e9p\u00edtett biztons\u00e1gi funkci\u00f3kkal rendelkezik a v\u00e9letlen aktiv\u00e1l\u00e1s megakad\u00e1lyoz\u00e1sa \u00e9s a biztons\u00e1gos z\u00e1r\u00e1s biztos\u00edt\u00e1sa \u00e9rdek\u00e9ben m\u0171k\u00f6d\u00e9s k\u00f6zben.<\/li>\n<\/ul>\n<\/li>\n<li><strong>Gyors reag\u00e1l\u00e1s:<\/strong>\n<ul>\n<li>Gyors be\u00e1ll\u00edt\u00e1st tesz lehet\u0151v\u00e9, lehet\u0151v\u00e9 t\u00e9ve a platform hat\u00e9kony ki- \u00e9s beh\u00faz\u00e1s\u00e1t a v\u00e1ltoz\u00f3 k\u00f6r\u00fclm\u00e9nyekhez igazodva.<\/li>\n<\/ul>\n<\/li>\n<li><strong>Fokozott m\u0171k\u00f6d\u00e9si hat\u00e9konys\u00e1g:<\/strong>\n<ul>\n<li>Hozz\u00e1j\u00e1rul a gyorsabb f\u00far\u00e1si \u00e9s \u00e9p\u00edt\u00e9si folyamatokhoz, maximaliz\u00e1lva a termel\u00e9kenys\u00e9get a tengeri projektekben.<\/li>\n<\/ul>\n<\/li>\n<\/ol>\n<p>Ezek az el\u0151ny\u00f6k teszik a hidraulikus hengert alapvet\u0151 fontoss\u00e1g\u00fav\u00e1 a k\u00fcl\u00f6nf\u00e9le tengeri m\u0171veletek sor\u00e1n haszn\u00e1lt emel\u0151platformok teljes\u00edtm\u00e9ny\u00e9nek \u00e9s megb\u00edzhat\u00f3s\u00e1g\u00e1nak optimaliz\u00e1l\u00e1s\u00e1ban.<\/p>\n<p><img loading=\"lazy\" decoding=\"async\" class=\"alignnone size-full wp-image-731\" src=\"https:\/\/fmp-components.com\/wp-content\/uploads\/2024\/12\/Jack-up-Offshore-Platform-Lifting-Cylinder-1.webp\" alt=\"Jack-up-Offshore-Platform-Emel\u0151henger\" width=\"1000\" height=\"560\" title=\"\" srcset=\"https:\/\/fmp-components.com\/wp-content\/uploads\/2024\/12\/Jack-up-Offshore-Platform-Lifting-Cylinder-1.webp 1000w, https:\/\/fmp-components.com\/wp-content\/uploads\/2024\/12\/Jack-up-Offshore-Platform-Lifting-Cylinder-1-980x549.webp 980w, https:\/\/fmp-components.com\/wp-content\/uploads\/2024\/12\/Jack-up-Offshore-Platform-Lifting-Cylinder-1-480x269.webp 480w\" sizes=\"(min-width: 0px) and (max-width: 480px) 480px, (min-width: 481px) and (max-width: 980px) 980px, (min-width: 981px) 1000px, 100vw\" \/><\/p>\n<h3>Az FMP-r\u0151l<\/h3>\n<p>Az FMP egy speci\u00e1lis g\u00e9pgy\u00e1rt\u00f3 v\u00e1llalat, amely hidraulikus hengerek gy\u00e1rt\u00e1s\u00e1ra specializ\u00e1l\u00f3dott. Megalakul\u00e1sa \u00f3ta a v\u00e1llalat a hidraulikus technol\u00f3gia kutat\u00e1s\u00e1ra \u00e9s gy\u00e1rt\u00e1s\u00e1ra \u00f6sszpontos\u00edt, \u00e9s sikeresen \u00e1tt\u00e9rt a soksz\u00edn\u0171 term\u00e9kk\u00edn\u00e1latr\u00f3l, amely mag\u00e1ban foglalta a betakar\u00edt\u00f3 \u00e9s \u00e9p\u00edt\u0151ipari g\u00e9peket, a mez\u0151gazdas\u00e1gi traktoralkatr\u00e9szekre specializ\u00e1l\u00f3d\u00e1sra. T\u00f6bb mint egy \u00e9vtizedes gy\u00e1rt\u00e1si \u00e9s ir\u00e1ny\u00edt\u00e1si tapasztalattal az FMP fejlett gy\u00e1rt\u00e1si technik\u00e1kkal biztos\u00edtja a kiv\u00e1l\u00f3 min\u0151s\u00e9g\u0171 term\u00e9keket.<\/p>\n<p>A v\u00e1llalat fejl\u0151d\u00e9s\u00e9vel \u00e1tfog\u00f3 megmunk\u00e1l\u00f3 gy\u00e1rt\u00f3sort, \u00f6sszeszerel\u0151 sort \u00e9s bevon\u00f3sort fejlesztett ki. Csapatunk k\u00e9pzett vezet\u0151kb\u0151l, tapasztalt g\u00e9p\u00e9sztervez\u0151kb\u0151l \u00e9s magasan k\u00e9pzett technikusokb\u00f3l \u00e1ll, akik egy\u00fcttm\u0171k\u00f6dve biztos\u00edtj\u00e1k a stabil termel\u00e9si min\u0151s\u00e9get, mik\u00f6zben hat\u00e9konyan ellen\u0151rzik a folyamatok folytonoss\u00e1g\u00e1t \u00e9s hat\u00e9konys\u00e1g\u00e1t.<\/p>\n<p>Az FMP a k\u00f6vetkez\u0151 filoz\u00f3fi\u00e1t vallja: \u201eA technol\u00f3giai innov\u00e1ci\u00f3 hajtja a fejl\u0151d\u00e9st, a min\u0151s\u00e9g teremti a m\u00e1rk\u00e1kat, a szak\u00e9rtelem garant\u00e1lja a min\u0151s\u00e9get, \u00e9s hossz\u00fa t\u00e1v\u00fa, mindenki sz\u00e1m\u00e1ra el\u0151ny\u00f6s kapcsolatokat \u00e9p\u00edt.\u201d Elk\u00f6telezetts\u00e9g\u00fcnk a kiv\u00e1l\u00f3 min\u0151s\u00e9g\u0171 term\u00e9kek \u00e9s a kiv\u00e1l\u00f3 \u00fcgyf\u00e9lszolg\u00e1lat ir\u00e1nt tov\u00e1bbra is alapvet\u0151 c\u00e9lunk, mik\u00f6zben folyamatosan megfelel\u00fcnk a piac v\u00e1ltoz\u00f3 ig\u00e9nyeinek.<\/p>\n<p><img loading=\"lazy\" decoding=\"async\" class=\"alignnone size-full wp-image-426\" src=\"https:\/\/fmp-components.com\/wp-content\/uploads\/2024\/12\/Sanitation-Machinery-Locking-Hydraulic-Cylinder-factory.webp\" sizes=\"(min-width: 0px) and (max-width: 480px) 480px, (min-width: 481px) and (max-width: 980px) 980px, (min-width: 981px) and (max-width: 1280px) 1280px, (min-width: 1281px) 1414px, 100vw\" srcset=\"https:\/\/fmp-components.com\/wp-content\/uploads\/2024\/12\/Sanitation-Machinery-Locking-Hydraulic-Cylinder-factory.webp 1414w, https:\/\/fmp-components.com\/wp-content\/uploads\/2024\/12\/Sanitation-Machinery-Locking-Hydraulic-Cylinder-factory-1280x529.webp 1280w, https:\/\/fmp-components.com\/wp-content\/uploads\/2024\/12\/Sanitation-Machinery-Locking-Hydraulic-Cylinder-factory-980x405.webp 980w, https:\/\/fmp-components.com\/wp-content\/uploads\/2024\/12\/Sanitation-Machinery-Locking-Hydraulic-Cylinder-factory-480x198.webp 480w\" alt=\"Higi\u00e9niai-G\u00e9p-Z\u00e1r\u00f3-Hidraulikus-Henger-gy\u00e1r\" width=\"1414\" height=\"584\" title=\"\"><\/p>\n<p>Szerz\u0151: CX<\/p>","protected":false},"excerpt":{"rendered":"<p>Az emel\u0151platformok hidraulikus hengere kulcsfontoss\u00e1g\u00fa alkatr\u00e9sz, amelynek c\u00e9lja, hogy biztos\u00edtsa a sz\u00fcks\u00e9ges emel\u0151- \u00e9s s\u00fcllyeszt\u0151er\u0151t az emel\u0151f\u00far\u00f3tornyok l\u00e1bai sz\u00e1m\u00e1ra a tengeri k\u00f6rnyezetben t\u00f6rt\u00e9n\u0151 telep\u00edt\u00e9s \u00e9s pozicion\u00e1l\u00e1s sor\u00e1n. Ez a henger lehet\u0151v\u00e9 teszi a platform magass\u00e1g\u00e1nak pontos szab\u00e1lyoz\u00e1s\u00e1t, biztos\u00edtva a stabilit\u00e1st \u00e9s a biztons\u00e1got k\u00fcl\u00f6nb\u00f6z\u0151 tengeri k\u00f6r\u00fclm\u00e9nyek k\u00f6z\u00f6tt t\u00f6rt\u00e9n\u0151 \u00fczemeltet\u00e9s sor\u00e1n. Nagy szil\u00e1rds\u00e1g\u00fa anyagokb\u00f3l k\u00e9sz\u00fclt, \u00fagy tervezt\u00e9k, hogy ellen\u00e1lljon a zord tengeri k\u00f6rnyezetnek \u00e9s a tengeri m\u0171veletekre jellemz\u0151 nagy nyom\u00e1snak, biztos\u00edtva a tart\u00f3ss\u00e1got \u00e9s a megb\u00edzhat\u00f3s\u00e1got. A sima hidraulikus m\u0171k\u00f6d\u00e9s lehet\u0151v\u00e9 teszi a hat\u00e9kony \u00e9s gyors be\u00e1ll\u00edt\u00e1sokat, n\u00f6velve a m\u0171k\u00f6d\u00e9si hat\u00e9konys\u00e1got \u00e9s a biztons\u00e1got a f\u00far\u00e1si \u00e9s karbantart\u00e1si tev\u00e9kenys\u00e9gek sor\u00e1n. Ez a hidraulikus henger elengedhetetlen az emel\u0151platformok teljes\u00edtm\u00e9ny\u00e9nek optimaliz\u00e1l\u00e1s\u00e1hoz, jelent\u0151sen hozz\u00e1j\u00e1rulva a tengeri f\u00far\u00e1si \u00e9s termel\u00e9si m\u0171veletek hat\u00e9konys\u00e1g\u00e1hoz.<\/p>","protected":false},"featured_media":725,"comment_status":"open","ping_status":"closed","template":"","meta":{"_et_pb_use_builder":"","_et_pb_old_content":"","_et_gb_content_width":""},"product_brand":[],"product_cat":[28],"product_tag":[],"class_list":{"0":"post-720","1":"product","2":"type-product","3":"status-publish","4":"has-post-thumbnail","6":"product_cat-offshore-hydraulic-cylinders","8":"first","9":"instock","10":"shipping-taxable","11":"product-type-simple"},"_links":{"self":[{"href":"https:\/\/fmp-components.com\/hu\/wp-json\/wp\/v2\/product\/720","targetHints":{"allow":["GET"]}}],"collection":[{"href":"https:\/\/fmp-components.com\/hu\/wp-json\/wp\/v2\/product"}],"about":[{"href":"https:\/\/fmp-components.com\/hu\/wp-json\/wp\/v2\/types\/product"}],"replies":[{"embeddable":true,"href":"https:\/\/fmp-components.com\/hu\/wp-json\/wp\/v2\/comments?post=720"}],"wp:featuredmedia":[{"embeddable":true,"href":"https:\/\/fmp-components.com\/hu\/wp-json\/wp\/v2\/media\/725"}],"wp:attachment":[{"href":"https:\/\/fmp-components.com\/hu\/wp-json\/wp\/v2\/media?parent=720"}],"wp:term":[{"taxonomy":"product_brand","embeddable":true,"href":"https:\/\/fmp-components.com\/hu\/wp-json\/wp\/v2\/product_brand?post=720"},{"taxonomy":"product_cat","embeddable":true,"href":"https:\/\/fmp-components.com\/hu\/wp-json\/wp\/v2\/product_cat?post=720"},{"taxonomy":"product_tag","embeddable":true,"href":"https:\/\/fmp-components.com\/hu\/wp-json\/wp\/v2\/product_tag?post=720"}],"curies":[{"name":"munkaf\u00fczet","href":"https:\/\/api.w.org\/{rel}","templated":true}]}}