{"id":7168,"date":"2025-03-20T01:19:21","date_gmt":"2025-03-20T01:19:21","guid":{"rendered":"https:\/\/fmp-components.com\/?post_type=product&#038;p=7168"},"modified":"2025-03-26T08:52:09","modified_gmt":"2025-03-26T08:52:09","slug":"stainless-steel-worm-gear-for-cnc-machinery","status":"publish","type":"product","link":"https:\/\/fmp-components.com\/hu\/product\/stainless-steel-worm-gear-for-cnc-machinery\/","title":{"rendered":"Rozsdamentes ac\u00e9l csigahajt\u00f3m\u0171 CNC g\u00e9pekhez"},"content":{"rendered":"<p>Az FMP Company-n\u00e1l rozsdamentes ac\u00e9l sz\u00e9les v\u00e1laszt\u00e9k\u00e1nak gy\u00e1rt\u00e1s\u00e1ra specializ\u00e1l\u00f3dtunk. <a href=\"https:\/\/fmp-components.com\/hu\/worm-gear-and-worm-shaft-2\/\">Csigahajt\u00f3m\u0171vek<\/a> \u00dagy tervezt\u00fck, hogy megfeleljen a k\u00fcl\u00f6nf\u00e9le ipari ig\u00e9nyeknek. Kiterjedt katal\u00f3gusunk mellett egyedi megold\u00e1sokat is k\u00edn\u00e1lunk, amelyek az \u00d6n speci\u00e1lis ig\u00e9nyeire szabhat\u00f3k. Ha nem tal\u00e1lja a keresett modellt a term\u00e9klist\u00e1nkban, val\u00f3sz\u00edn\u0171leg m\u00e9g nem volt lehet\u0151s\u00e9g\u00fcnk friss\u00edteni azt. K\u00e9rj\u00fck, \u00edrjon nek\u00fcnk e-mailt a sz\u00fcks\u00e9ges modell r\u00e9szleteivel, \u00e9s m\u00e9rn\u00f6keink 24 \u00f3r\u00e1n bel\u00fcl v\u00e1laszolnak, hogy seg\u00edtsenek \u00d6nnek.<\/p>\n<p><img loading=\"lazy\" decoding=\"async\" class=\"size-full wp-image-7172 aligncenter\" src=\"https:\/\/fmp-components.com\/wp-content\/uploads\/2025\/03\/Stainless-Steel-Worm-Gear-for-CNC-Machinery-4.webp\" alt=\"Rozsdamentes ac\u00e9l csigahajt\u00f3m\u0171 CNC g\u00e9pekhez\" width=\"500\" height=\"600\" title=\"\" srcset=\"https:\/\/fmp-components.com\/wp-content\/uploads\/2025\/03\/Stainless-Steel-Worm-Gear-for-CNC-Machinery-4.webp 500w, https:\/\/fmp-components.com\/wp-content\/uploads\/2025\/03\/Stainless-Steel-Worm-Gear-for-CNC-Machinery-4-480x576.webp 480w\" sizes=\"(min-width: 0px) and (max-width: 480px) 480px, (min-width: 481px) 500px, 100vw\" \/><\/p>\n<h2>Term\u00e9kparam\u00e9terek<\/h2>\n<div class=\"rich-text-table\">\n<table border=\"1\">\n<colgroup>\n<col \/>\n<col \/><\/colgroup>\n<tbody>\n<tr>\n<td>Term\u00e9k neve<\/td>\n<td>Csigahajt\u00f3m\u0171 \u00e9s csigaker\u00e9k<\/td>\n<\/tr>\n<tr>\n<td>El\u00e9rhet\u0151 anyagok<\/td>\n<td>Rozsdamentes ac\u00e9l, sz\u00e9nac\u00e9l, s\u00e1rgar\u00e9z, bronz, vas, alum\u00ednium\u00f6tv\u00f6zet, r\u00e9z, m\u0171anyag, nejlon, PA66, MC, PEER, MSM, POM, Derlin stb.<\/td>\n<\/tr>\n<tr>\n<td>H\u0151kezel\u00e9s<\/td>\n<td>Edz\u00e9s \u00e9s megereszt\u00e9s, karboniz\u00e1l\u00e1s \u00e9s edz\u00e9s, nagyfrekvenci\u00e1s edz\u00e9s, karbonitrid\u00e1l\u00e1s\u2026\u2026<\/td>\n<\/tr>\n<tr>\n<td>Fel\u00fcletkezel\u00e9s<\/td>\n<td>Karbur\u00e1l\u00e1s \u00e9s edz\u00e9s, edz\u00e9s, fogfel\u00fclet magas edz\u00e9si kem\u00e9nys\u00e9ge, edz\u00e9s, edz\u00e9s<\/td>\n<\/tr>\n<tr>\n<td>FURAT<\/td>\n<td>K\u00e9sz furat, el\u0151f\u00fart furat, egyedi k\u00e9r\u00e9sre<\/td>\n<\/tr>\n<tr>\n<td>Feldolgoz\u00e1si m\u00f3dszer<\/td>\n<td>Form\u00e1z\u00e1s, borotv\u00e1lkoz\u00e1s, lefejt\u0151 mar\u00e1s, f\u00far\u00e1s, menetf\u00far\u00e1s, d\u00f6rzs\u00e1raz\u00e1s, k\u00e9zi let\u00f6r\u00e9s, k\u00f6sz\u00f6r\u00fcl\u00e9s stb.<\/td>\n<\/tr>\n<tr>\n<td>Nyom\u00e1ssz\u00f6g<\/td>\n<td>20 fok<\/td>\n<\/tr>\n<tr>\n<td>Kem\u00e9nys\u00e9g<\/td>\n<td>55-60 HRC<\/td>\n<\/tr>\n<tr>\n<td>M\u00e9ret<\/td>\n<td>\u00dcgyf\u00e9lrajzok \u00e9s ISO szabv\u00e1ny<\/td>\n<\/tr>\n<tr>\n<td>Csomag<\/td>\n<td>Fal\u00e1da\/kont\u00e9ner \u00e9s raklap, vagy rendel\u00e9sre k\u00e9sz\u00fclt<\/td>\n<\/tr>\n<tr>\n<td>Bizony\u00edtv\u00e1ny<\/td>\n<td>ISO9001:2008<\/td>\n<\/tr>\n<tr>\n<td>Alkalmaz\u00e1sok<\/td>\n<td>Villamos g\u00e9pek, koh\u00e1szati \u200b\u200bg\u00e9pek, k\u00f6rnyezetv\u00e9delmi g\u00e9pek, elektronikus \u00e9s elektromos k\u00e9sz\u00fcl\u00e9kek, \u00fat\u00e9p\u00edt\u0151 g\u00e9pek, vegyipari g\u00e9pek, \u00e9lelmiszeripari g\u00e9pek, k\u00f6nny\u0171ipari g\u00e9pek, b\u00e1ny\u00e1szati \u200b\u200bg\u00e9pek, sz\u00e1ll\u00edt\u00f3g\u00e9pek, \u00e9p\u00edt\u0151ipari g\u00e9pek, \u00e9p\u00edt\u0151anyag-ipari g\u00e9pek, cementipari g\u00e9pek, gumiipari g\u00e9pek, v\u00edzgazd\u00e1lkod\u00e1si g\u00e9pek \u00e9s k\u0151olajipari g\u00e9pek<\/td>\n<\/tr>\n<tr>\n<td>Megmunk\u00e1l\u00e1si folyamat<\/td>\n<td>Anyagel\u0151k\u00e9sz\u00edt\u00e9s, normaliz\u00e1l\u00e1s, durva eszterg\u00e1l\u00e1s, edz\u00e9s \u00e9s megereszt\u00e9s, f\u00e9lfinom eszterg\u00e1l\u00e1s k\u00fcls\u0151 k\u00f6r\u00f6n, durva eszterg\u00e1l\u00e1si spir\u00e1lfel\u00fcleten, finom eszterg\u00e1l\u00e1s (finomcsiszol\u00e1s) bels\u0151 furat v\u00e9glap, reteszhorony, f\u00e9lfinom eszterg\u00e1l\u00e1si spir\u00e1lfel\u00fcleten, fog\u00f3 (marad\u00e9k hi\u00e1nyos fogak), f\u00e9lfinom k\u00f6sz\u00f6r\u00fcl\u00e9s k\u00fcls\u0151 k\u00f6r\u00f6n, f\u00e9lfinom k\u00f6sz\u00f6r\u00fcl\u00e9si spir\u00e1lfel\u00fcleten, k\u00f6sz\u00f6r\u00fcl\u00e9si k\u00f6z\u00e9ps\u0151 furat, finom k\u00f6sz\u00f6r\u00fcl\u00e9s\u0171 k\u00fcls\u0151 gy\u0171r\u0171n, finom karcol\u00e1s\u00fa spir\u00e1lfel\u00fcleten, k\u00e9szterm\u00e9k ellen\u0151rz\u00e9se.<\/td>\n<\/tr>\n<tr>\n<td>El\u0151ny\u00f6k<\/td>\n<td>1. Szigor\u00faan az ANSI vagy DIN szabv\u00e1ny m\u00e9ret\u00e9t k\u00f6vetve k\u00e9sz\u00edtse el<br \/>\n2. Anyag: SCM 415 ac\u00e9l<br \/>\n3. Furat: K\u00e9sz furat<br \/>\n4. Prec\u00edzi\u00f3s min\u0151s\u00e9g: DIN 5-t\u0151l DIN 7-ig<br \/>\n5. Fel\u00fcletkezel\u00e9s: Karbur\u00e1l\u00e1s \u00e9s edz\u00e9s<br \/>\n6. Modul: 1-t\u0151l 4-ig<br \/>\n7. Fog: Z15-t\u0151l Z70-ig<\/td>\n<\/tr>\n<\/tbody>\n<\/table>\n<\/div>\n<h2>Specifik\u00e1ci\u00f3:<\/h2>\n<div class=\"rich-text-table\">\n<table border=\"1\">\n<tbody>\n<tr>\n<td colspan=\"2\">Sz\u00e1m<\/td>\n<td rowspan=\"2\">Fogak sz\u00e1ma<\/td>\n<td colspan=\"2\">Tengelyfurat \u00e1tm\u00e9r\u0151je AH7 (1 mm-es l\u00e9p\u00e9sekben)<\/td>\n<td rowspan=\"2\">Csavar\u00e1si ir\u00e1ny<\/td>\n<td rowspan=\"2\">B.<\/td>\n<td rowspan=\"2\">C<\/td>\n<td rowspan=\"2\">D<\/td>\n<td rowspan=\"2\">E<\/td>\n<td rowspan=\"2\">F<\/td>\n<td rowspan=\"2\">G<\/td>\n<\/tr>\n<tr>\n<td>T\u00edpus<\/td>\n<td>Modul<\/td>\n<td>Egyenes furat\u00fa Egyenes furat\u00fa+Menetf\u00far\u00f3<\/td>\n<td>Kulcslyuk+Menetf\u00far\u00e1s<\/td>\n<\/tr>\n<tr>\n<td rowspan=\"22\">Egyenes furat<\/p>\n<p>Egyenes furat + menetf\u00far\u00f3<\/p>\n<p>Kulcslyuk+Menetf\u00far\u00e1s<\/td>\n<td rowspan=\"5\">1.0<\/td>\n<td>20<\/td>\n<td>6<\/td>\n<td>8<\/td>\n<td rowspan=\"22\">L (bal)<\/p>\n<p>R (Jobb)<\/td>\n<td>17<\/td>\n<td>20<\/td>\n<td>22<\/td>\n<td colspan=\"1\" rowspan=\"5\">8<\/td>\n<td rowspan=\"5\">10<\/td>\n<td rowspan=\"5\">18<\/td>\n<\/tr>\n<tr>\n<td>22~ 28<\/td>\n<td>8<\/td>\n<td>8~13<\/td>\n<td>18~20<\/td>\n<td>22~28<\/td>\n<td>24~30<\/td>\n<\/tr>\n<tr>\n<td>30~48<\/td>\n<td>10<\/td>\n<td>10~17<\/td>\n<td>25~30<\/td>\n<td>30~48<\/td>\n<td>32~50<\/td>\n<\/tr>\n<tr>\n<td>50~70<\/td>\n<td>12<\/td>\n<td>12~17<\/td>\n<td>35~40<\/td>\n<td>50~70<\/td>\n<td colspan=\"1\">52~72<\/td>\n<\/tr>\n<tr>\n<td>80~100<\/td>\n<td>15<\/td>\n<td>15~30<\/td>\n<td>50<\/td>\n<td>80~100<\/td>\n<td colspan=\"1\">82~102<\/td>\n<\/tr>\n<tr>\n<td rowspan=\"4\">1.5<\/td>\n<td>20~26<\/td>\n<td>12<\/td>\n<td>12~17<\/td>\n<td>24~32<\/td>\n<td>30~39<\/td>\n<td colspan=\"1\">33~42<\/td>\n<td colspan=\"1\" rowspan=\"4\">12<\/td>\n<td rowspan=\"4\">12<\/td>\n<td rowspan=\"4\">24<\/td>\n<\/tr>\n<tr>\n<td>28~44<\/td>\n<td>15<\/td>\n<td>15~30<\/td>\n<td>36~50<\/td>\n<td>42~67.5<\/td>\n<td colspan=\"1\">45~70.5<\/td>\n<\/tr>\n<tr>\n<td>45~52<\/td>\n<td>18<\/td>\n<td>18~40<\/td>\n<td>50~60<\/td>\n<td>72~78<\/td>\n<td colspan=\"1\">75~81<\/td>\n<\/tr>\n<tr>\n<td>60~100<\/td>\n<td>20<\/td>\n<td>20-50<\/td>\n<td>60~70<\/td>\n<td>90~150<\/td>\n<td colspan=\"1\">93\u00b7153<\/td>\n<\/tr>\n<tr>\n<td rowspan=\"5\">2.0<\/td>\n<td>15~18<\/td>\n<td>12<\/td>\n<td>12~17<\/td>\n<td>24~30<\/td>\n<td>30~36<\/td>\n<td>34~40<\/td>\n<td colspan=\"1\" rowspan=\"5\">16<\/td>\n<td rowspan=\"5\">13<\/td>\n<td rowspan=\"5\">29<\/td>\n<\/tr>\n<tr>\n<td>20~28<\/td>\n<td>15<\/td>\n<td>15\u00b722<\/td>\n<td>32~45<\/td>\n<td>40~56<\/td>\n<td>44~60<\/td>\n<\/tr>\n<tr>\n<td>30~36<\/td>\n<td>18<\/td>\n<td>18~40<\/td>\n<td>50<\/td>\n<td>60~72<\/td>\n<td>64~76<\/td>\n<\/tr>\n<tr>\n<td>40~48<\/td>\n<td>20<\/td>\n<td>20~44<\/td>\n<td>60<\/td>\n<td>80~96<\/td>\n<td>84~100<\/td>\n<\/tr>\n<tr>\n<td>50~100<\/td>\n<td>25<\/td>\n<td>25~60<\/td>\n<td>60~100<\/td>\n<td>100~200<\/td>\n<td>104~204<\/td>\n<\/tr>\n<tr>\n<td rowspan=\"4\">2.5<\/td>\n<td>15~18<\/td>\n<td>15<\/td>\n<td>15~30<\/td>\n<td>30~38<\/td>\n<td>37.5~45<\/td>\n<td>42.5~50<\/td>\n<td colspan=\"1\" rowspan=\"4\">20<\/td>\n<td rowspan=\"4\">14<\/td>\n<td rowspan=\"4\">34<\/td>\n<\/tr>\n<tr>\n<td>20~24<\/td>\n<td>18<\/td>\n<td>18~40<\/td>\n<td>40~48<\/td>\n<td>50~60<\/td>\n<td>55~65<\/td>\n<\/tr>\n<tr>\n<td>25~36<\/td>\n<td>20<\/td>\n<td>20~50<\/td>\n<td>50~70<\/td>\n<td>62.5~90<\/td>\n<td>67.5~95<\/td>\n<\/tr>\n<tr>\n<td>40~60<\/td>\n<td>25<\/td>\n<td>25~70<\/td>\n<td>70~80<\/td>\n<td>90~150<\/td>\n<td>95~155<\/td>\n<\/tr>\n<tr>\n<td rowspan=\"4\">3.0<\/td>\n<td>15~18<\/td>\n<td>18<\/td>\n<td>18~22<\/td>\n<td>36~40<\/td>\n<td>45~54<\/td>\n<td>51~60<\/td>\n<td colspan=\"1\" rowspan=\"4\">25<\/td>\n<td rowspan=\"4\">16<\/td>\n<td rowspan=\"4\">4<\/td>\n<\/tr>\n<\/tbody>\n<\/table>\n<h3>Kapcsol\u00f3d\u00f3 term\u00e9k<\/h3>\n<p><img loading=\"lazy\" decoding=\"async\" class=\"alignnone size-full wp-image-7170\" src=\"https:\/\/fmp-components.com\/wp-content\/uploads\/2025\/03\/Stainless-Steel-Worm-Gear-for-CNC-Machinery-3.webp\" alt=\"Rozsdamentes ac\u00e9l csigahajt\u00f3m\u0171 CNC g\u00e9pekhez\" width=\"1000\" height=\"400\" title=\"\" srcset=\"https:\/\/fmp-components.com\/wp-content\/uploads\/2025\/03\/Stainless-Steel-Worm-Gear-for-CNC-Machinery-3.webp 1000w, https:\/\/fmp-components.com\/wp-content\/uploads\/2025\/03\/Stainless-Steel-Worm-Gear-for-CNC-Machinery-3-980x392.webp 980w, https:\/\/fmp-components.com\/wp-content\/uploads\/2025\/03\/Stainless-Steel-Worm-Gear-for-CNC-Machinery-3-480x192.webp 480w\" sizes=\"(min-width: 0px) and (max-width: 480px) 480px, (min-width: 481px) and (max-width: 980px) 980px, (min-width: 981px) 1000px, 100vw\" \/><\/p>\n<p>Szeretn\u00e9nk kiemelni, hogy az FMP Company b\u00fcszk\u00e9n gy\u00e1rt rozsdamentes ac\u00e9l csigahajt\u00f3m\u0171veket is, amelyeket kifejezetten az \u00e9lelmiszeripar szigor\u00fa k\u00f6vetelm\u00e9nyeinek kiel\u00e9g\u00edt\u00e9s\u00e9re terveztek. Ezek a sebess\u00e9gv\u00e1lt\u00f3k prec\u00edzen k\u00e9sz\u00fclnek, biztos\u00edtva a tart\u00f3ss\u00e1got, a korr\u00f3zi\u00f3\u00e1ll\u00f3s\u00e1got \u00e9s a higi\u00e9niai el\u0151\u00edr\u00e1soknak val\u00f3 megfelel\u00e9st, \u00edgy ide\u00e1lis v\u00e1laszt\u00e1st jelentenek az \u00e9lelmiszer-feldolgoz\u00e1si alkalmaz\u00e1sokhoz. Ha b\u00e1rmilyen ig\u00e9nye vagy k\u00e9rd\u00e9se van rozsdamentes ac\u00e9l csigahajt\u00f3m\u0171veinkkel kapcsolatban, k\u00e9rj\u00fck, ne habozzon kapcsolatba l\u00e9pni vel\u00fcnk. Elk\u00f6telezett csapatunk k\u00e9szen \u00e1ll, hogy azonnal seg\u00edtsen \u00d6nnek, szem\u00e9lyre szabott megold\u00e1sokat k\u00edn\u00e1lva m\u0171k\u00f6d\u00e9se jav\u00edt\u00e1s\u00e1ra. L\u00e9pjen kapcsolatba vel\u00fcnk m\u00e9g ma, hogy megbesz\u00e9lj\u00fck ig\u00e9nyeit!<\/p>\n<p><img loading=\"lazy\" decoding=\"async\" class=\"alignnone size-full wp-image-7173\" src=\"https:\/\/fmp-components.com\/wp-content\/uploads\/2025\/03\/Stainless-Steel-Worm-Gearbox.webp\" alt=\"Rozsdamentes ac\u00e9l csigahajt\u00f3m\u0171\" width=\"1000\" height=\"668\" title=\"\" srcset=\"https:\/\/fmp-components.com\/wp-content\/uploads\/2025\/03\/Stainless-Steel-Worm-Gearbox.webp 1000w, https:\/\/fmp-components.com\/wp-content\/uploads\/2025\/03\/Stainless-Steel-Worm-Gearbox-980x655.webp 980w, https:\/\/fmp-components.com\/wp-content\/uploads\/2025\/03\/Stainless-Steel-Worm-Gearbox-480x321.webp 480w\" sizes=\"(min-width: 0px) and (max-width: 480px) 480px, (min-width: 481px) and (max-width: 980px) 980px, (min-width: 981px) 1000px, 100vw\" \/><\/p>\n<\/div>","protected":false},"excerpt":{"rendered":"<p>At FMP Company, we specialize in manufacturing a wide range of Stainless Steel Worm Gears designed to meet diverse industrial needs. In addition to our extensive catalog, we also offer custom solutions tailored to your specific requirements. If you don\u2019t find the exact model you\u2019re looking for in our product list, it\u2019s likely we haven\u2019t [&hellip;]<\/p>","protected":false},"featured_media":7169,"comment_status":"open","ping_status":"closed","template":"","meta":{"_et_pb_use_builder":"","_et_pb_old_content":"","_et_gb_content_width":""},"product_brand":[],"product_cat":[107],"product_tag":[],"class_list":{"0":"post-7168","1":"product","2":"type-product","3":"status-publish","4":"has-post-thumbnail","6":"product_cat-worm-gear","8":"first","9":"instock","10":"shipping-taxable","11":"product-type-simple"},"_links":{"self":[{"href":"https:\/\/fmp-components.com\/hu\/wp-json\/wp\/v2\/product\/7168","targetHints":{"allow":["GET"]}}],"collection":[{"href":"https:\/\/fmp-components.com\/hu\/wp-json\/wp\/v2\/product"}],"about":[{"href":"https:\/\/fmp-components.com\/hu\/wp-json\/wp\/v2\/types\/product"}],"replies":[{"embeddable":true,"href":"https:\/\/fmp-components.com\/hu\/wp-json\/wp\/v2\/comments?post=7168"}],"wp:featuredmedia":[{"embeddable":true,"href":"https:\/\/fmp-components.com\/hu\/wp-json\/wp\/v2\/media\/7169"}],"wp:attachment":[{"href":"https:\/\/fmp-components.com\/hu\/wp-json\/wp\/v2\/media?parent=7168"}],"wp:term":[{"taxonomy":"product_brand","embeddable":true,"href":"https:\/\/fmp-components.com\/hu\/wp-json\/wp\/v2\/product_brand?post=7168"},{"taxonomy":"product_cat","embeddable":true,"href":"https:\/\/fmp-components.com\/hu\/wp-json\/wp\/v2\/product_cat?post=7168"},{"taxonomy":"product_tag","embeddable":true,"href":"https:\/\/fmp-components.com\/hu\/wp-json\/wp\/v2\/product_tag?post=7168"}],"curies":[{"name":"munkaf\u00fczet","href":"https:\/\/api.w.org\/{rel}","templated":true}]}}