{"id":7154,"date":"2025-03-19T07:41:52","date_gmt":"2025-03-19T07:41:52","guid":{"rendered":"https:\/\/fmp-components.com\/?post_type=product&#038;p=7154"},"modified":"2025-03-26T08:51:49","modified_gmt":"2025-03-26T08:51:49","slug":"customized-worm-gear-set","status":"publish","type":"product","link":"https:\/\/fmp-components.com\/hu\/product\/customized-worm-gear-set\/","title":{"rendered":"Testreszabott csigahajt\u00f3m\u0171 k\u00e9szlet"},"content":{"rendered":"<h2>Egyedi csigahajt\u00f3m\u0171-k\u00e9szletek<\/h2>\n<p>Az egyedi csigahajt\u00f3m\u0171-k\u00e9szleteket k\u00fcl\u00f6nf\u00e9le kivitelben \u00e9s anyagokb\u00f3l gy\u00e1rtjuk az \u00fcgyf\u00e9l specifik\u00e1ci\u00f3i szerint.<\/p>\n<p>Az FMP egyedi fogasker\u00e9k-k\u00e9szleteket k\u00edn\u00e1l 17 \u00e9s 210 mm k\u00f6z\u00f6tti tengelyt\u00e1vols\u00e1ggal \u00e9s legfeljebb 300 mm csigaker\u00e9k-\u00e1tm\u00e9r\u0151vel. Sz\u00fcks\u00e9g eset\u00e9n az FMP kisz\u00e1m\u00edtja a fogprofil adatait, meghat\u00e1rozza az anyagot \u00e9s a fel\u00fcletkezel\u00e9st, valamint tan\u00e1csot ad a ken\u00e9ssel \u00e9s a nyomat\u00e9kterhel\u00e9sekkel kapcsolatban.<\/p>\n<p>Az FMP sok\u00e9ves gy\u00e1rt\u00e1si tapasztalattal rendelkezik. <a href=\"https:\/\/fmp-components.com\/hu\/worm-gear-and-worm-shaft-2\/\">csigahajt\u00f3m\u0171-k\u00e9szletek<\/a>, ami azt jelenti, hogy \u00fcgyfeleink f\u0151k\u00e9nt a megl\u00e9v\u0151 fogaz\u00f3szersz\u00e1mokra t\u00e1maszkodnak, k\u00fcl\u00f6n\u00f6sen a r\u00f6vid sz\u00e1ll\u00edt\u00e1si hat\u00e1rid\u0151k \u00e9s a kis t\u00e9telsz\u00e1mok eset\u00e9n. Ez\u00e9rt az elj\u00e1r\u00e1st eseti alapon kell ellen\u0151rizni. Ennek \u00e9rdek\u00e9ben szem\u00e9lyesen is felveheti vel\u00fcnk a kapcsolatot, vagy haszn\u00e1lhatja az \u0171rlapot.<\/p>\n<table style=\"width: 100%;\" border=\"1\" width=\"100%\" cellspacing=\"0\" cellpadding=\"0\">\n<tbody>\n<tr style=\"height: 14.40pt;\">\n<td style=\"height: 14.40pt; width: 49.80pt;\" width=\"83\" height=\"24\"><img loading=\"lazy\" decoding=\"async\" class=\"size-full wp-image-7158 aligncenter\" src=\"https:\/\/fmp-components.com\/wp-content\/uploads\/2025\/03\/Worm-Gear-Set-Product-3.webp\" alt=\"Csigahajt\u00f3m\u0171-k\u00e9szlet\" width=\"1000\" height=\"667\" title=\"\" srcset=\"https:\/\/fmp-components.com\/wp-content\/uploads\/2025\/03\/Worm-Gear-Set-Product-3.webp 1000w, https:\/\/fmp-components.com\/wp-content\/uploads\/2025\/03\/Worm-Gear-Set-Product-3-980x654.webp 980w, https:\/\/fmp-components.com\/wp-content\/uploads\/2025\/03\/Worm-Gear-Set-Product-3-480x320.webp 480w\" sizes=\"(min-width: 0px) and (max-width: 480px) 480px, (min-width: 481px) and (max-width: 980px) 980px, (min-width: 981px) 1000px, 100vw\" \/><\/td>\n<td style=\"width: 48.00pt;\" align=\"right\" width=\"80\"><img loading=\"lazy\" decoding=\"async\" class=\"size-full wp-image-7157 alignnone\" src=\"https:\/\/fmp-components.com\/wp-content\/uploads\/2025\/03\/Worm-Gear-Set-Product-4.webp\" alt=\"Csigahajt\u00f3m\u0171-k\u00e9szlet\" width=\"1000\" height=\"658\" title=\"\" srcset=\"https:\/\/fmp-components.com\/wp-content\/uploads\/2025\/03\/Worm-Gear-Set-Product-4.webp 1000w, https:\/\/fmp-components.com\/wp-content\/uploads\/2025\/03\/Worm-Gear-Set-Product-4-980x645.webp 980w, https:\/\/fmp-components.com\/wp-content\/uploads\/2025\/03\/Worm-Gear-Set-Product-4-480x316.webp 480w\" sizes=\"(min-width: 0px) and (max-width: 480px) 480px, (min-width: 481px) and (max-width: 980px) 980px, (min-width: 981px) 1000px, 100vw\" \/><\/td>\n<\/tr>\n<tr style=\"height: 14.40pt;\">\n<td style=\"height: 14.40pt;\" height=\"24\"><img loading=\"lazy\" decoding=\"async\" class=\"alignnone size-full wp-image-7160\" src=\"https:\/\/fmp-components.com\/wp-content\/uploads\/2025\/03\/Worm-Gear-Set-Product-1.webp\" alt=\"Csigahajt\u00f3m\u0171-k\u00e9szlet\" width=\"1000\" height=\"667\" title=\"\" srcset=\"https:\/\/fmp-components.com\/wp-content\/uploads\/2025\/03\/Worm-Gear-Set-Product-1.webp 1000w, https:\/\/fmp-components.com\/wp-content\/uploads\/2025\/03\/Worm-Gear-Set-Product-1-980x654.webp 980w, https:\/\/fmp-components.com\/wp-content\/uploads\/2025\/03\/Worm-Gear-Set-Product-1-480x320.webp 480w\" sizes=\"(min-width: 0px) and (max-width: 480px) 480px, (min-width: 481px) and (max-width: 980px) 980px, (min-width: 981px) 1000px, 100vw\" \/><\/td>\n<td align=\"right\"><img loading=\"lazy\" decoding=\"async\" class=\"alignnone size-full wp-image-7159\" src=\"https:\/\/fmp-components.com\/wp-content\/uploads\/2025\/03\/Worm-Gear-Set-Product-2.webp\" alt=\"Csigahajt\u00f3m\u0171-k\u00e9szlet\" width=\"1000\" height=\"667\" title=\"\" srcset=\"https:\/\/fmp-components.com\/wp-content\/uploads\/2025\/03\/Worm-Gear-Set-Product-2.webp 1000w, https:\/\/fmp-components.com\/wp-content\/uploads\/2025\/03\/Worm-Gear-Set-Product-2-980x654.webp 980w, https:\/\/fmp-components.com\/wp-content\/uploads\/2025\/03\/Worm-Gear-Set-Product-2-480x320.webp 480w\" sizes=\"(min-width: 0px) and (max-width: 480px) 480px, (min-width: 481px) and (max-width: 980px) 980px, (min-width: 981px) 1000px, 100vw\" \/><\/td>\n<\/tr>\n<\/tbody>\n<\/table>\n<h3 id=\"ali-title-AliPostDhMb-l21dc\"><span data-spm-anchor-id=\"a2700.details.0.i24.d43f7fd9eq9biO\">Term\u00e9k\u00fcnk<\/span><\/h3>\n<div>\n<table style=\"width: 100%;\" border=\"1\" width=\"100%\" cellspacing=\"0\" cellpadding=\"0\">\n<thead class=\"border-b border-primary\/20\">\n<tr class=\"border-primary\/10\">\n<th class=\"break-words\">Csigahajt\u00f3m\u0171 k\u00e9szlet<\/th>\n<th class=\"break-words\">K\u00f6z\u00e9pt\u00e1vols\u00e1g (mm)<\/th>\n<th class=\"break-words\">\u00c1tt\u00e9tel<\/th>\n<th class=\"break-words\">Kimeneti nyomat\u00e9k (lbs)<\/th>\n<\/tr>\n<\/thead>\n<tbody>\n<tr class=\"border-primary\/10\">\n<td class=\"break-words\">A17<\/td>\n<td class=\"break-words\">17<\/td>\n<td class=\"break-words\">2,25 \u2013 80:1<\/td>\n<td class=\"break-words\">8,85 \u2013 24,78<\/td>\n<\/tr>\n<tr class=\"border-primary\/10\">\n<td class=\"break-words\">A22<\/td>\n<td class=\"break-words\">22<\/td>\n<td class=\"break-words\">3 \u2013 40:1<\/td>\n<td class=\"break-words\">19,47 \u2013 51,33<\/td>\n<\/tr>\n<tr class=\"border-primary\/10\">\n<td class=\"break-words\">A25<\/td>\n<td class=\"break-words\">25<\/td>\n<td class=\"break-words\">4 \u2013 50:1<\/td>\n<td class=\"break-words\">45,14 \u2013 82,3<\/td>\n<\/tr>\n<tr class=\"border-primary\/10\">\n<td class=\"break-words\">A31<\/td>\n<td class=\"break-words\">31<\/td>\n<td class=\"break-words\">2,5 \u2013 100:1<\/td>\n<td class=\"break-words\">89,39 \u2013 122,94<\/td>\n<\/tr>\n<tr class=\"border-primary\/10\">\n<td class=\"break-words\">A33<\/td>\n<td class=\"break-words\">33<\/td>\n<td class=\"break-words\">3,5 \u2013 75:1<\/td>\n<td class=\"break-words\">89,39 \u2013 188,52<\/td>\n<\/tr>\n<tr class=\"border-primary\/10\">\n<td class=\"break-words\">A35<\/td>\n<td class=\"break-words\">35<\/td>\n<td class=\"break-words\">2,78 \u2013 90:1<\/td>\n<td class=\"break-words\">58,4 \u2013 226,58<\/td>\n<\/tr>\n<tr class=\"border-primary\/10\">\n<td class=\"break-words\">A40<\/td>\n<td class=\"break-words\">40<\/td>\n<td class=\"break-words\">6,75 \u2013 90:1<\/td>\n<td class=\"break-words\">223,004 \u2013 411,56<\/td>\n<\/tr>\n<tr class=\"border-primary\/10\">\n<td class=\"break-words\">A50<\/td>\n<td class=\"break-words\">50<\/td>\n<td class=\"break-words\">4,25 \u2013 69:1<\/td>\n<td class=\"break-words\">300,9 \u2013 1039,2<\/td>\n<\/tr>\n<tr class=\"border-primary\/10\">\n<td class=\"break-words\">A53<\/td>\n<td class=\"break-words\">53<\/td>\n<td class=\"break-words\">4,75 \u2013 75:1<\/td>\n<td class=\"break-words\">398,28 \u2013 1247,9<\/td>\n<\/tr>\n<tr class=\"border-primary\/10\">\n<td class=\"break-words\">A63<\/td>\n<td class=\"break-words\">63<\/td>\n<td class=\"break-words\">6,1 \u2013 70:1<\/td>\n<td class=\"break-words\">787,7 \u2013 2283,5<\/td>\n<\/tr>\n<tr class=\"border-primary\/10\">\n<td class=\"break-words\">A65<\/td>\n<td class=\"break-words\">65<\/td>\n<td class=\"break-words\">6,25 \u2013 75:1<\/td>\n<td class=\"break-words\">893,9 \u2013 2549<\/td>\n<\/tr>\n<tr class=\"border-primary\/10\">\n<td class=\"break-words\">A80<\/td>\n<td class=\"break-words\">80<\/td>\n<td class=\"break-words\">6,75 \u2013 80:1<\/td>\n<td class=\"break-words\">1327,6 \u2013 4620<\/td>\n<\/tr>\n<\/tbody>\n<\/table>\n<p>&nbsp;<\/p>\n<\/div>\n<div>\n<table border=\"1\">\n<tbody>\n<tr>\n<td>Felszerel\u00e9s t\u00edpusok<\/td>\n<td>homlokkerekes fogasker\u00e9k, ferde fogasker\u00e9k, bels\u0151 homlokkerekes fogasker\u00e9k, koszor\u00fasker\u00e9k, egyenes\/spir\u00e1lis k\u00fapkerekes fogasker\u00e9k, hipoid fogasker\u00e9k,<\/p>\n<p>koronaker\u00e9k \u00e9s fogasker\u00e9k, fogasker\u00e9ktengely, csigaker\u00e9k \u00e9s csigatengely, bord\u00e1stengely \u00e9s persely stb.<\/td>\n<\/tr>\n<tr>\n<td>Fogasker\u00e9k anyaga<\/td>\n<td>sz\u00e9nac\u00e9l, \u00f6tv\u00f6z\u00f6tt ac\u00e9l, rozsdamentes ac\u00e9l, s\u00e1rgar\u00e9z, bronz, \u00f6nt\u00f6ttvas, nejlon stb.<\/p>\n<p>{ GB ac\u00e9l: C45, 40Cr, 20CrMo, 20CrMoTi, 17CrNiMo6, 20CrMnTi, 42CrMo stb. }<\/td>\n<\/tr>\n<tr>\n<td>Feldolgoz\u00e1s<\/td>\n<td>fogasker\u00e9k-eszterg\u00e1l\u00e1s, fogasker\u00e9k-lefejt\u0151 mar\u00e1s, fogasker\u00e9k-mar\u00e1s, fogasker\u00e9k-alak\u00edt\u00e1s, fogasker\u00e9k-forg\u00e1csol\u00e1s, fogk\u00f6sz\u00f6r\u00fcl\u00e9s,<\/p>\n<p>\u00fcregel\u0151 stb.<\/td>\n<\/tr>\n<tr>\n<td>H\u0151kezel\u00e9s<\/td>\n<td>edz\u00e9s, karboniz\u00e1l\u00e1s, nitrid\u00e1l\u00e1s, sz\u00e9nnitrid\u00e1l\u00e1s, s\u00f3f\u00fcrd\u0151s edz\u00e9s stb.<\/td>\n<\/tr>\n<tr>\n<td>Alkalmaz\u00e1s<\/td>\n<td>Aut\u00f3ipar, mez\u0151gazdas\u00e1g, elektronika, ipar, orvostudom\u00e1ny, v\u00e9delem, terepj\u00e1r\u00f3 stb.<\/td>\n<\/tr>\n<\/tbody>\n<\/table>\n<\/div>\n<div>\n<h2>A csigahajt\u00f3m\u0171vek jellemz\u0151i<\/h2>\n<table style=\"width: 100%;\" border=\"1\" width=\"100%\" cellspacing=\"0\" cellpadding=\"0\">\n<tbody>\n<tr style=\"height: 14.40pt;\">\n<td style=\"height: 14.4pt; width: 30.4762%;\" width=\"83\" height=\"24\">\u00a0\u00a0<img loading=\"lazy\" decoding=\"async\" class=\"alignnone size-full wp-image-7163\" src=\"https:\/\/fmp-components.com\/wp-content\/uploads\/2025\/03\/Worm-Gear-Set-Product-5.webp\" alt=\"Csigahajt\u00f3m\u0171-k\u00e9szlet\" width=\"800\" height=\"800\" title=\"\" srcset=\"https:\/\/fmp-components.com\/wp-content\/uploads\/2025\/03\/Worm-Gear-Set-Product-5.webp 800w, https:\/\/fmp-components.com\/wp-content\/uploads\/2025\/03\/Worm-Gear-Set-Product-5-480x480.webp 480w\" sizes=\"(min-width: 0px) and (max-width: 480px) 480px, (min-width: 481px) 800px, 100vw\" \/><\/td>\n<td style=\"width: 34.9206%;\" align=\"right\" width=\"80\"><img loading=\"lazy\" decoding=\"async\" class=\"alignnone size-full wp-image-7162\" src=\"https:\/\/fmp-components.com\/wp-content\/uploads\/2025\/03\/Worm-Gear-Set-Product-6.webp\" alt=\"Csigahajt\u00f3m\u0171-k\u00e9szlet\" width=\"800\" height=\"800\" title=\"\" srcset=\"https:\/\/fmp-components.com\/wp-content\/uploads\/2025\/03\/Worm-Gear-Set-Product-6.webp 800w, https:\/\/fmp-components.com\/wp-content\/uploads\/2025\/03\/Worm-Gear-Set-Product-6-480x480.webp 480w\" sizes=\"(min-width: 0px) and (max-width: 480px) 480px, (min-width: 481px) 800px, 100vw\" \/><\/td>\n<td style=\"width: 34.2857%;\" align=\"right\" width=\"154\"><img loading=\"lazy\" decoding=\"async\" class=\"alignnone size-full wp-image-7161\" src=\"https:\/\/fmp-components.com\/wp-content\/uploads\/2025\/03\/Worm-Gear-Set-Product-7.webp\" alt=\"Csigahajt\u00f3m\u0171-k\u00e9szlet\" width=\"800\" height=\"800\" title=\"\" srcset=\"https:\/\/fmp-components.com\/wp-content\/uploads\/2025\/03\/Worm-Gear-Set-Product-7.webp 800w, https:\/\/fmp-components.com\/wp-content\/uploads\/2025\/03\/Worm-Gear-Set-Product-7-480x480.webp 480w\" sizes=\"(min-width: 0px) and (max-width: 480px) 480px, (min-width: 481px) 800px, 100vw\" \/><\/td>\n<\/tr>\n<tr style=\"height: 14.40pt;\">\n<td style=\"height: 14.4pt; width: 30.4762%;\" height=\"24\">Sima fel\u00fclet, sorja \u00e9s \u00e9les sarkok n\u00e9lk\u00fcl<\/td>\n<td style=\"width: 34.9206%; text-align: left;\" align=\"right\">Er\u0151s \u00e9s tart\u00f3s, nagy forg\u00e1si ar\u00e1ny, kis \u00e1tviteli teljes\u00edtm\u00e9ny<\/td>\n<td style=\"width: 34.2857%; text-align: left;\" align=\"right\">A csigahajt\u00f3m\u0171 fogfel\u00fclete line\u00e1risan \u00e9rintkezik, \u00e9s a teherb\u00edr\u00e1s nagy<\/td>\n<\/tr>\n<\/tbody>\n<\/table>\n<h3>Alkalmaz\u00e1s<\/h3>\n<table style=\"width: 100%; height: 130px;\" border=\"1\" width=\"100%\" cellspacing=\"0\" cellpadding=\"0\">\n<tbody>\n<tr style=\"height: 14.40pt;\">\n<td style=\"height: 16px; width: 49.8413%;\" width=\"83\" height=\"24\"><strong>Ablakt\u00f6rl\u0151 meghajt\u00f3 eszk\u00f6z<\/strong><\/td>\n<td style=\"width: 49.8413%; height: 16px;\" align=\"right\" width=\"80\"><\/td>\n<\/tr>\n<tr style=\"height: 14.40pt;\">\n<td style=\"height: 14px; width: 49.8413%;\" height=\"24\">\u00a0 \u00a0<img loading=\"lazy\" decoding=\"async\" class=\"alignnone size-full wp-image-7184\" src=\"https:\/\/fmp-components.com\/wp-content\/uploads\/2025\/03\/Wiper-Drive-Device-1.webp\" alt=\"Ablakt\u00f6rl\u0151-Meghajt\u00f3-Eszk\u00f6z-1\" width=\"667\" height=\"486\" title=\"\" srcset=\"https:\/\/fmp-components.com\/wp-content\/uploads\/2025\/03\/Wiper-Drive-Device-1.webp 667w, https:\/\/fmp-components.com\/wp-content\/uploads\/2025\/03\/Wiper-Drive-Device-1-480x350.webp 480w\" sizes=\"(min-width: 0px) and (max-width: 480px) 480px, (min-width: 481px) 667px, 100vw\" \/><\/td>\n<td style=\"height: 14px; width: 49.8413%;\" align=\"right\"><img loading=\"lazy\" decoding=\"async\" class=\"alignnone size-full wp-image-7185\" src=\"https:\/\/fmp-components.com\/wp-content\/uploads\/2025\/03\/Wiper-Drive-Device-2.webp\" alt=\"Ablakt\u00f6rl\u0151-Meghajt\u00f3-Eszk\u00f6z-2\" width=\"441\" height=\"315\" title=\"\" srcset=\"https:\/\/fmp-components.com\/wp-content\/uploads\/2025\/03\/Wiper-Drive-Device-2.webp 441w, https:\/\/fmp-components.com\/wp-content\/uploads\/2025\/03\/Wiper-Drive-Device-2-300x214.webp 300w, https:\/\/fmp-components.com\/wp-content\/uploads\/2025\/03\/Wiper-Drive-Device-2-18x12.webp 18w\" sizes=\"(max-width: 441px) 100vw, 441px\" \/><\/td>\n<\/tr>\n<tr style=\"height: 14.40pt;\">\n<td style=\"height: 14px; width: 49.8413%;\" height=\"24\">Csigahajt\u00f3m\u0171 az ablakt\u00f6rl\u0151k oszcill\u00e1l\u00f3 mechanizmus\u00e1hoz<\/td>\n<td style=\"height: 14px; width: 49.8413%;\" align=\"right\">Csigahajt\u00f3m\u0171 az ablakt\u00f6rl\u0151k oszcill\u00e1l\u00f3 mechanizmus\u00e1hoz<\/td>\n<\/tr>\n<tr style=\"height: 14.40pt;\">\n<td style=\"height: 14px; width: 49.8413%;\" height=\"24\"><strong>G\u0151zforral\u00f3<\/strong><\/td>\n<td style=\"height: 14px; text-align: left; width: 49.8413%;\" align=\"right\"><strong>\u00c9lelmiszer-t\u00f6lt\u0151 eszk\u00f6z<\/strong><\/td>\n<\/tr>\n<tr style=\"height: 14.40pt;\">\n<td style=\"height: 14px; width: 49.8413%;\" height=\"24\"><img loading=\"lazy\" decoding=\"async\" class=\"alignnone size-full wp-image-7183\" src=\"https:\/\/fmp-components.com\/wp-content\/uploads\/2025\/03\/Steam-Kettle.webp\" alt=\"G\u0151z\u00fcst\" width=\"416\" height=\"400\" title=\"\" srcset=\"https:\/\/fmp-components.com\/wp-content\/uploads\/2025\/03\/Steam-Kettle.webp 416w, https:\/\/fmp-components.com\/wp-content\/uploads\/2025\/03\/Steam-Kettle-300x288.webp 300w, https:\/\/fmp-components.com\/wp-content\/uploads\/2025\/03\/Steam-Kettle-12x12.webp 12w\" sizes=\"(max-width: 416px) 100vw, 416px\" \/><\/td>\n<td style=\"height: 14px; width: 49.8413%;\" align=\"right\"><img loading=\"lazy\" decoding=\"async\" class=\"alignnone size-full wp-image-7181\" src=\"https:\/\/fmp-components.com\/wp-content\/uploads\/2025\/03\/Food-Filling-Device.webp\" alt=\"\u00c9telt\u00f6lt\u0151 eszk\u00f6z\" width=\"550\" height=\"415\" title=\"\" srcset=\"https:\/\/fmp-components.com\/wp-content\/uploads\/2025\/03\/Food-Filling-Device.webp 550w, https:\/\/fmp-components.com\/wp-content\/uploads\/2025\/03\/Food-Filling-Device-480x362.webp 480w\" sizes=\"(min-width: 0px) and (max-width: 480px) 480px, (min-width: 481px) 550px, 100vw\" \/><\/td>\n<\/tr>\n<tr style=\"height: 14.40pt;\">\n<td style=\"height: 16px; width: 49.8413%;\" height=\"24\">csiga \u00e9s csigaker\u00e9k, amelyet nagy serpeny\u0151k forgat\u00e1s\u00e1hoz haszn\u00e1lnak<\/td>\n<td style=\"height: 16px; text-align: left; width: 49.8413%;\" align=\"right\">csigahajt\u00f3m\u0171 indexel\u00e9shez \u00e9s meghajt\u00e1shoz, meghat\u00e1rozott mennyis\u00e9g\u0171 \u00f6sszetev\u0151 pontos felt\u00f6lt\u00e9s\u00e9hez<\/td>\n<\/tr>\n<tr style=\"height: 14.40pt;\">\n<td style=\"height: 14px; width: 49.8413%;\" height=\"24\"><strong>D\u00edszlettervez\u00e9si p\u00e9lda<\/strong><\/td>\n<td style=\"height: 14px; text-align: left; width: 49.8413%;\" align=\"right\"><strong>Sz\u00f6vetadagol\u00f3 eszk\u00f6z<\/strong><\/td>\n<\/tr>\n<tr style=\"height: 14.40pt;\">\n<td style=\"height: 14px; width: 49.8413%;\" height=\"24\"><img loading=\"lazy\" decoding=\"async\" class=\"alignnone size-full wp-image-7182\" src=\"https:\/\/fmp-components.com\/wp-content\/uploads\/2025\/03\/Stage-Design-Example-1.webp\" alt=\"D\u00edszlettervez\u00e9si p\u00e9lda 1\" width=\"408\" height=\"504\" title=\"\" srcset=\"https:\/\/fmp-components.com\/wp-content\/uploads\/2025\/03\/Stage-Design-Example-1.webp 408w, https:\/\/fmp-components.com\/wp-content\/uploads\/2025\/03\/Stage-Design-Example-1-243x300.webp 243w, https:\/\/fmp-components.com\/wp-content\/uploads\/2025\/03\/Stage-Design-Example-1-10x12.webp 10w\" sizes=\"(max-width: 408px) 100vw, 408px\" \/><\/td>\n<td style=\"height: 14px; width: 49.8413%;\" align=\"right\"><img loading=\"lazy\" decoding=\"async\" class=\"alignnone size-full wp-image-7186\" src=\"https:\/\/fmp-components.com\/wp-content\/uploads\/2025\/03\/Fabric-Feeding-Device-1.webp\" alt=\"Textiladagol\u00f3 eszk\u00f6z-1\" width=\"633\" height=\"464\" title=\"\" srcset=\"https:\/\/fmp-components.com\/wp-content\/uploads\/2025\/03\/Fabric-Feeding-Device-1.webp 633w, https:\/\/fmp-components.com\/wp-content\/uploads\/2025\/03\/Fabric-Feeding-Device-1-480x352.webp 480w\" sizes=\"(min-width: 0px) and (max-width: 480px) 480px, (min-width: 481px) 633px, 100vw\" \/><\/td>\n<\/tr>\n<tr style=\"height: 14.40pt;\">\n<td style=\"height: 14px; width: 49.8413%;\" height=\"24\">Forg\u00f3asztalokhoz haszn\u00e1lt csigahajt\u00f3m\u0171 (tervez\u00e9si p\u00e9lda)<\/td>\n<td style=\"height: 14px; width: 49.8413%;\">f\u00e9reg \u00e9s f\u00e9regker\u00e9k a magass\u00e1g be\u00e1ll\u00edt\u00e1s\u00e1hoz<\/td>\n<\/tr>\n<\/tbody>\n<\/table>\n<\/div>","protected":false},"excerpt":{"rendered":"<p>Custom worm gear sets Custom worm gear sets are produced in various designs and materials according to customer specifications. FMP offers custom gear sets with axial distances from 17 to 210 mm and a maximum worm wheel diameter of 300 mm. If necessary, FMP calculates the tooth profile data, defines the material and surface treatment, [&hellip;]<\/p>","protected":false},"featured_media":7155,"comment_status":"open","ping_status":"closed","template":"","meta":{"_et_pb_use_builder":"","_et_pb_old_content":"","_et_gb_content_width":""},"product_brand":[],"product_cat":[107],"product_tag":[],"class_list":{"0":"post-7154","1":"product","2":"type-product","3":"status-publish","4":"has-post-thumbnail","6":"product_cat-worm-gear","8":"first","9":"instock","10":"shipping-taxable","11":"product-type-simple"},"_links":{"self":[{"href":"https:\/\/fmp-components.com\/hu\/wp-json\/wp\/v2\/product\/7154","targetHints":{"allow":["GET"]}}],"collection":[{"href":"https:\/\/fmp-components.com\/hu\/wp-json\/wp\/v2\/product"}],"about":[{"href":"https:\/\/fmp-components.com\/hu\/wp-json\/wp\/v2\/types\/product"}],"replies":[{"embeddable":true,"href":"https:\/\/fmp-components.com\/hu\/wp-json\/wp\/v2\/comments?post=7154"}],"wp:featuredmedia":[{"embeddable":true,"href":"https:\/\/fmp-components.com\/hu\/wp-json\/wp\/v2\/media\/7155"}],"wp:attachment":[{"href":"https:\/\/fmp-components.com\/hu\/wp-json\/wp\/v2\/media?parent=7154"}],"wp:term":[{"taxonomy":"product_brand","embeddable":true,"href":"https:\/\/fmp-components.com\/hu\/wp-json\/wp\/v2\/product_brand?post=7154"},{"taxonomy":"product_cat","embeddable":true,"href":"https:\/\/fmp-components.com\/hu\/wp-json\/wp\/v2\/product_cat?post=7154"},{"taxonomy":"product_tag","embeddable":true,"href":"https:\/\/fmp-components.com\/hu\/wp-json\/wp\/v2\/product_tag?post=7154"}],"curies":[{"name":"munkaf\u00fczet","href":"https:\/\/api.w.org\/{rel}","templated":true}]}}