{"id":7147,"date":"2025-03-19T06:49:31","date_gmt":"2025-03-19T06:49:31","guid":{"rendered":"https:\/\/fmp-components.com\/?post_type=product&#038;p=7147"},"modified":"2025-03-26T08:52:30","modified_gmt":"2025-03-26T08:52:30","slug":"alloy-steel-worm-and-worm-gear-for-auto-parts","status":"publish","type":"product","link":"https:\/\/fmp-components.com\/hu\/product\/alloy-steel-worm-and-worm-gear-for-auto-parts\/","title":{"rendered":"\u00d6tv\u00f6z\u00f6tt ac\u00e9l f\u00e9reg \u00e9s f\u00e9reghajt\u00f3m\u0171 aut\u00f3alkatr\u00e9szekhez"},"content":{"rendered":"<p>Az FMP Company-n\u00e1l \u00f6tv\u00f6z\u00f6tt ac\u00e9l csiga- \u00e9s csig\u00e1s idomok sz\u00e9les v\u00e1laszt\u00e9k\u00e1nak gy\u00e1rt\u00e1s\u00e1ra szakosodtunk. <a href=\"https:\/\/fmp-components.com\/hu\/worm-gear-and-worm-shaft-2\/\">Csigaker\u00e9k<\/a> Aut\u00f3alkatr\u00e9szekhez, amelyeket \u00fagy tervezt\u00fcnk, hogy prec\u00edzen \u00e9s tart\u00f3san megfeleljenek a k\u00fcl\u00f6nf\u00e9le ipar\u00e1gi ig\u00e9nyeknek. Testreszab\u00e1si szolg\u00e1ltat\u00e1sokat is k\u00edn\u00e1lunk, hogy term\u00e9keink t\u00f6k\u00e9letesen megfeleljenek az \u00d6n egyedi ig\u00e9nyeinek. Ha nem tal\u00e1lja a k\u00edv\u00e1nt modellt a term\u00e9klist\u00e1nkban, az egyszer\u0171en azt jelenti, hogy m\u00e9g nem volt lehet\u0151s\u00e9g\u00fcnk felt\u00f6lteni \u2013 k\u00e9rj\u00fck, \u00edrjon nek\u00fcnk e-mailt a k\u00edv\u00e1nt specifik\u00e1ci\u00f3kkal. M\u00e9rn\u00f6keink 24 \u00f3r\u00e1n bel\u00fcl v\u00e1laszolnak, hogy seg\u00edtsenek \u00d6nnek.<\/p>\n<p><img loading=\"lazy\" decoding=\"async\" class=\"alignnone size-full wp-image-7148\" src=\"https:\/\/fmp-components.com\/wp-content\/uploads\/2025\/03\/Alloy-Steel-Worm-And-Worm-Gear-for-Auto-Parts-1.png\" alt=\"\u00d6tv\u00f6z\u00f6tt ac\u00e9l f\u00e9reg \u00e9s f\u00e9reghajt\u00f3m\u0171 aut\u00f3alkatr\u00e9szekhez\" width=\"1018\" height=\"709\" title=\"\" srcset=\"https:\/\/fmp-components.com\/wp-content\/uploads\/2025\/03\/Alloy-Steel-Worm-And-Worm-Gear-for-Auto-Parts-1.png 1018w, https:\/\/fmp-components.com\/wp-content\/uploads\/2025\/03\/Alloy-Steel-Worm-And-Worm-Gear-for-Auto-Parts-1-980x683.png 980w, https:\/\/fmp-components.com\/wp-content\/uploads\/2025\/03\/Alloy-Steel-Worm-And-Worm-Gear-for-Auto-Parts-1-480x334.png 480w\" sizes=\"(min-width: 0px) and (max-width: 480px) 480px, (min-width: 481px) and (max-width: 980px) 980px, (min-width: 981px) 1018px, 100vw\" \/><\/p>\n<p>M\u00e9ret: \u03a65mm - \u03a6120mm<br \/>\nModul: M0.2-M2.2<br \/>\nAnyagt\u00edpus: alum\u00ednium, r\u00e9z, s\u00e1rgar\u00e9z, rozsdamentes ac\u00e9l, ac\u00e9l, vas, \u00f6tv\u00f6zet, tit\u00e1n stb., az \u00fcgyf\u00e9l ig\u00e9nyei szerint<\/p>\n<div class=\"table-responsive\">\n<table class=\"table\" style=\"height: 602px; width: 99.8413%; border-style: solid; border-color: #0d0b0b;\" border=\"1\">\n<tbody>\n<tr>\n<td style=\"width: 99.2693%;\" colspan=\"2\">\n<p style=\"text-align: center;\">\u00d6tv\u00f6z\u00f6tt ac\u00e9l f\u00e9reg \u00e9s f\u00e9reghajt\u00f3m\u0171 aut\u00f3alkatr\u00e9szekhez<\/p>\n<\/td>\n<\/tr>\n<tr>\n<td style=\"width: 15.9708%;\">Dimenzi\u00f3<\/td>\n<td style=\"width: 83.2985%;\">\u03a65mm - \u03a6120mm<\/td>\n<\/tr>\n<tr>\n<td style=\"width: 15.9708%;\">Modul<\/td>\n<td style=\"width: 83.2985%;\">M0.2-M2.2<\/td>\n<\/tr>\n<tr>\n<td style=\"width: 15.9708%;\">Anyagt\u00edpus<\/td>\n<td style=\"width: 83.2985%;\">Alum\u00ednium, r\u00e9z, s\u00e1rgar\u00e9z, rozsdamentes ac\u00e9l, ac\u00e9l, vas, \u00f6tv\u00f6zet, tit\u00e1n stb., az \u00fcgyf\u00e9l ig\u00e9nyei szerint<\/td>\n<\/tr>\n<tr>\n<td style=\"width: 15.9708%;\">Fel\u00fcletkezel\u00e9s<\/td>\n<td style=\"width: 83.2985%;\">Elox\u00e1l\u00e1s, kef\u00e9l\u00e9s, horganyz\u00e1s, l\u00e9zergrav\u00edroz\u00e1s, selyemnyom\u00e1s, pol\u00edroz\u00e1s, porbevonat stb.<\/td>\n<\/tr>\n<tr>\n<td style=\"width: 15.9708%;\">Feldolgoz\u00e1s<\/td>\n<td style=\"width: 83.2985%;\">CNC eszterg\u00e1l\u00e1s, mar\u00e1s, f\u00far\u00e1s, lefejt\u0151 mar\u00e1s, pol\u00edroz\u00e1s, perselyez\u00e9s, fel\u00fcletkezel\u00e9s stb.<\/td>\n<\/tr>\n<tr>\n<td style=\"width: 15.9708%;\">Alkalmaz\u00e1s<\/td>\n<td style=\"width: 83.2985%;\">Aut\u00f3ipar, orvosi, ipari, katonai, rep\u00fcl\u0151g\u00e9p, g\u00e9p\u00e9szet stb.<\/td>\n<\/tr>\n<tr>\n<td style=\"width: 15.9708%;\">Testreszabott<\/td>\n<td style=\"width: 83.2985%;\">ODM\/OEM<\/td>\n<\/tr>\n<tr>\n<td style=\"width: 15.9708%;\">Minta<\/td>\n<td style=\"width: 83.2985%;\">Minta el\u00e9rhet\u0151<\/td>\n<\/tr>\n<tr>\n<td style=\"width: 15.9708%;\">Csomagol\u00e1si m\u00f3dok<\/td>\n<td style=\"width: 83.2985%;\">PE zacsk\u00f3 bel\u00fcl, karton k\u00edv\u00fcl, vagy az \u00fcgyf\u00e9l ig\u00e9nyei szerint<\/td>\n<\/tr>\n<tr>\n<td style=\"width: 15.9708%;\">Sz\u00e1ll\u00edt\u00e1si m\u00f3dok<\/td>\n<td style=\"width: 83.2985%;\">DHL, TNT, FedEx \u00e9s UPS<\/td>\n<\/tr>\n<tr>\n<td style=\"width: 15.9708%;\">Tolerancia<\/td>\n<td style=\"width: 83.2985%;\">0,001 mm-0,01 mm-0,1 mm<\/td>\n<\/tr>\n<\/tbody>\n<\/table>\n<h2>Az \u00f6tv\u00f6z\u00f6tt ac\u00e9l f\u00e9reg- \u00e9s f\u00e9reghajt\u00f3m\u0171 jellemz\u0151i<\/h2>\n<div>\n<ul>\n<li class=\"break-words\"><strong>Kompakt kialak\u00edt\u00e1s<\/strong>A csiga- \u00e9s csigahajt\u00f3m\u0171vek a leghelytakar\u00e9kosabb hajt\u00f3m\u0171rendszerek k\u00f6z\u00e9 tartoznak, amelyeket nem metsz\u0151 der\u00e9ksz\u00f6g\u0171 tengelyek k\u00f6z\u00f6tti mozg\u00e1s \u00e1tvitel\u00e9re terveztek, mik\u00f6zben nagy \u00e1tt\u00e9telt biztos\u00edtanak minim\u00e1lis helyig\u00e9ny mellett.<\/li>\n<li class=\"break-words\"><strong>Nagy szil\u00e1rds\u00e1g \u00e9s tart\u00f3ss\u00e1g<\/strong>\u00d6tv\u00f6z\u00f6tt ac\u00e9lb\u00f3l k\u00e9sz\u00fcl, gyakran edzett vagy h\u0151kezelt, a csiga kiv\u00e9teles szak\u00edt\u00f3szil\u00e1rds\u00e1got \u00e9s kop\u00e1s\u00e1ll\u00f3s\u00e1got k\u00edn\u00e1l, \u00edgy hossz\u00fa t\u00e1v\u00fa teljes\u00edtm\u00e9nyt biztos\u00edt neh\u00e9z k\u00f6r\u00fclm\u00e9nyek k\u00f6z\u00f6tt.<\/li>\n<li class=\"break-words\"><strong>Csendes \u00e9s sima m\u0171k\u00f6d\u00e9s<\/strong>Ez a fogasker\u00e9k-kombin\u00e1ci\u00f3 a legcsendesebb \u00e9s legsim\u00e1bb m\u0171k\u00f6d\u00e9st biztos\u00edtja az \u00f6sszes fogasker\u00e9kt\u00edpus k\u00f6z\u00fcl, az \u00f6tv\u00f6z\u00f6tt ac\u00e9l csiga \u00e9s csigaker\u00e9k prec\u00edz \u00f6sszekapcsol\u00e1s\u00e1nak k\u00f6sz\u00f6nhet\u0151en, cs\u00f6kkentve a zajt \u00e9s a rezg\u00e9st.<\/li>\n<li class=\"break-words\"><strong>Kiv\u00e1l\u00f3 teherkezel\u00e9s<\/strong>Az \u00f6tv\u00f6z\u00f6tt ac\u00e9l csig\u00e1k, a bronzhoz vagy \u00f6nt\u00f6ttvashoz hasonl\u00f3 anyagokkal p\u00e1ros\u00edtva a csigahajt\u00e1shoz, kiv\u00e1l\u00f3an kezelik a nagy terhel\u00e9seket \u00e9s a nagy nyomat\u00e9kot, \u00edgy ide\u00e1lisak a robusztus er\u0151\u00e1tvitelt ig\u00e9nyl\u0151 alkalmaz\u00e1sokhoz.<\/li>\n<li class=\"break-words\"><strong>Fokozott hat\u00e9konys\u00e1g \u00e9s sokoldal\u00fas\u00e1g<\/strong>Az \u00f6tv\u00f6z\u00f6tt ac\u00e9l megmunk\u00e1lhat\u00f3s\u00e1g\u00e1nak k\u00f6sz\u00f6nhet\u0151en a csig\u00e1k prec\u00edzi\u00f3s k\u00f6sz\u00f6r\u00fcl\u00e9ssel optim\u00e1lis fogprofilokat lehet l\u00e9trehozni, ami jav\u00edtja a hat\u00e9konys\u00e1got \u00e9s lehet\u0151v\u00e9 teszi a testreszabhat\u00f3 kialak\u00edt\u00e1st a k\u00fcl\u00f6nf\u00e9le felhaszn\u00e1l\u00e1si m\u00f3dokhoz, p\u00e9ld\u00e1ul g\u00e9phajt\u00e1sokhoz vagy emel\u0151kh\u00f6z.<\/li>\n<\/ul>\n<\/div>\n<table style=\"width: 100%;\" border=\"1\" width=\"100%\" cellspacing=\"0\" cellpadding=\"0\">\n<tbody>\n<tr style=\"height: 14.40pt;\">\n<td style=\"height: 14.40pt; width: 49.80pt;\" width=\"83\" height=\"24\"><img loading=\"lazy\" decoding=\"async\" class=\"alignnone size-full wp-image-7150\" src=\"https:\/\/fmp-components.com\/wp-content\/uploads\/2025\/03\/Alloy-Steel-Worm-And-Worm-Gear-for-Auto-Parts-3.webp\" alt=\"\u00d6tv\u00f6z\u00f6tt ac\u00e9l f\u00e9reg \u00e9s f\u00e9reghajt\u00f3m\u0171 aut\u00f3alkatr\u00e9szekhez\" width=\"350\" height=\"350\" title=\"\" srcset=\"https:\/\/fmp-components.com\/wp-content\/uploads\/2025\/03\/Alloy-Steel-Worm-And-Worm-Gear-for-Auto-Parts-3.webp 350w, https:\/\/fmp-components.com\/wp-content\/uploads\/2025\/03\/Alloy-Steel-Worm-And-Worm-Gear-for-Auto-Parts-3-300x300.webp 300w, https:\/\/fmp-components.com\/wp-content\/uploads\/2025\/03\/Alloy-Steel-Worm-And-Worm-Gear-for-Auto-Parts-3-150x150.webp 150w, https:\/\/fmp-components.com\/wp-content\/uploads\/2025\/03\/Alloy-Steel-Worm-And-Worm-Gear-for-Auto-Parts-3-12x12.webp 12w, https:\/\/fmp-components.com\/wp-content\/uploads\/2025\/03\/Alloy-Steel-Worm-And-Worm-Gear-for-Auto-Parts-3-100x100.webp 100w\" sizes=\"(max-width: 350px) 100vw, 350px\" \/><\/td>\n<td style=\"width: 48.00pt;\" align=\"right\" width=\"80\"><img loading=\"lazy\" decoding=\"async\" class=\"alignnone size-full wp-image-7151\" src=\"https:\/\/fmp-components.com\/wp-content\/uploads\/2025\/03\/Alloy-Steel-Worm-And-Worm-Gear-for-Auto-Parts-2.webp\" alt=\"\u00d6tv\u00f6z\u00f6tt ac\u00e9l f\u00e9reg \u00e9s f\u00e9reghajt\u00f3m\u0171 aut\u00f3alkatr\u00e9szekhez\" width=\"350\" height=\"350\" title=\"\" srcset=\"https:\/\/fmp-components.com\/wp-content\/uploads\/2025\/03\/Alloy-Steel-Worm-And-Worm-Gear-for-Auto-Parts-2.webp 350w, https:\/\/fmp-components.com\/wp-content\/uploads\/2025\/03\/Alloy-Steel-Worm-And-Worm-Gear-for-Auto-Parts-2-300x300.webp 300w, https:\/\/fmp-components.com\/wp-content\/uploads\/2025\/03\/Alloy-Steel-Worm-And-Worm-Gear-for-Auto-Parts-2-150x150.webp 150w, https:\/\/fmp-components.com\/wp-content\/uploads\/2025\/03\/Alloy-Steel-Worm-And-Worm-Gear-for-Auto-Parts-2-12x12.webp 12w, https:\/\/fmp-components.com\/wp-content\/uploads\/2025\/03\/Alloy-Steel-Worm-And-Worm-Gear-for-Auto-Parts-2-100x100.webp 100w\" sizes=\"(max-width: 350px) 100vw, 350px\" \/><\/td>\n<\/tr>\n<\/tbody>\n<\/table>\n<p>&nbsp;<\/p>\n<p><img loading=\"lazy\" decoding=\"async\" class=\"alignnone size-full wp-image-7149\" src=\"https:\/\/fmp-components.com\/wp-content\/uploads\/2025\/03\/Alloy-Steel-Worm-And-Worm-Gear-for-Auto-Parts-4.webp\" alt=\"\u00d6tv\u00f6z\u00f6tt ac\u00e9l f\u00e9reg \u00e9s f\u00e9reghajt\u00f3m\u0171 aut\u00f3alkatr\u00e9szekhez\" width=\"773\" height=\"669\" title=\"\" srcset=\"https:\/\/fmp-components.com\/wp-content\/uploads\/2025\/03\/Alloy-Steel-Worm-And-Worm-Gear-for-Auto-Parts-4.webp 773w, https:\/\/fmp-components.com\/wp-content\/uploads\/2025\/03\/Alloy-Steel-Worm-And-Worm-Gear-for-Auto-Parts-4-480x415.webp 480w\" sizes=\"(min-width: 0px) and (max-width: 480px) 480px, (min-width: 481px) 773px, 100vw\" \/><\/p>\n<\/div>","protected":false},"excerpt":{"rendered":"<p>At FMP Company, we specialize in manufacturing a wide range of Alloy Steel Worm and Worm Gear for Auto Parts, designed to meet diverse industry needs with precision and durability. We also offer customization services to ensure our products perfectly align with your specific requirements. If you don\u2019t find the model you need in our [&hellip;]<\/p>","protected":false},"featured_media":7152,"comment_status":"open","ping_status":"closed","template":"","meta":{"_et_pb_use_builder":"","_et_pb_old_content":"","_et_gb_content_width":""},"product_brand":[],"product_cat":[107],"product_tag":[],"class_list":{"0":"post-7147","1":"product","2":"type-product","3":"status-publish","4":"has-post-thumbnail","6":"product_cat-worm-gear","8":"first","9":"instock","10":"shipping-taxable","11":"product-type-simple"},"_links":{"self":[{"href":"https:\/\/fmp-components.com\/hu\/wp-json\/wp\/v2\/product\/7147","targetHints":{"allow":["GET"]}}],"collection":[{"href":"https:\/\/fmp-components.com\/hu\/wp-json\/wp\/v2\/product"}],"about":[{"href":"https:\/\/fmp-components.com\/hu\/wp-json\/wp\/v2\/types\/product"}],"replies":[{"embeddable":true,"href":"https:\/\/fmp-components.com\/hu\/wp-json\/wp\/v2\/comments?post=7147"}],"wp:featuredmedia":[{"embeddable":true,"href":"https:\/\/fmp-components.com\/hu\/wp-json\/wp\/v2\/media\/7152"}],"wp:attachment":[{"href":"https:\/\/fmp-components.com\/hu\/wp-json\/wp\/v2\/media?parent=7147"}],"wp:term":[{"taxonomy":"product_brand","embeddable":true,"href":"https:\/\/fmp-components.com\/hu\/wp-json\/wp\/v2\/product_brand?post=7147"},{"taxonomy":"product_cat","embeddable":true,"href":"https:\/\/fmp-components.com\/hu\/wp-json\/wp\/v2\/product_cat?post=7147"},{"taxonomy":"product_tag","embeddable":true,"href":"https:\/\/fmp-components.com\/hu\/wp-json\/wp\/v2\/product_tag?post=7147"}],"curies":[{"name":"munkaf\u00fczet","href":"https:\/\/api.w.org\/{rel}","templated":true}]}}