{"id":7132,"date":"2025-03-18T08:04:19","date_gmt":"2025-03-18T08:04:19","guid":{"rendered":"https:\/\/fmp-components.com\/?post_type=product&#038;p=7132"},"modified":"2025-03-27T01:23:33","modified_gmt":"2025-03-27T01:23:33","slug":"forging-bevel-gears","status":"publish","type":"product","link":"https:\/\/fmp-components.com\/hu\/product\/forging-bevel-gears\/","title":{"rendered":"Kov\u00e1csolt k\u00fapkerekek"},"content":{"rendered":"<h2>Prec\u00edzi\u00f3s kov\u00e1csolt k\u00fapkerekek az \u00d6n ig\u00e9nyeire szabva<\/h2>\n<p>Az FMP-n\u00e9l nagy teljes\u00edtm\u00e9ny\u0171 kov\u00e1csol\u00e1sok gy\u00e1rt\u00e1s\u00e1ra specializ\u00e1l\u00f3dtunk. <a href=\"https:\/\/fmp-components.com\/hu\/bevel-gear-2\/\">ferde fogaskerekek<\/a> Sz\u00e9les t\u00edpus- \u00e9s specifik\u00e1ci\u00f3v\u00e1laszt\u00e9kban, a v\u00e1ltozatos ipari ig\u00e9nyek kiel\u00e9g\u00edt\u00e9s\u00e9re tervezve. Term\u00e9kportf\u00f3li\u00f3nk egyenes, csiga- \u00e9s hipoid k\u00fapkerekes fogaskerekeket tartalmaz, amelyek mindegyike prec\u00edzi\u00f3san gy\u00e1rtott, fejlett kov\u00e1csol\u00e1si technik\u00e1kkal, kiv\u00e9teles tart\u00f3ss\u00e1got, szil\u00e1rds\u00e1got \u00e9s a g\u00e9pekbe val\u00f3 z\u00f6kken\u0151mentes integr\u00e1ci\u00f3t biztos\u00edtva.<\/p>\n<p>Az egyedi megold\u00e1sok jelentik az er\u0151ss\u00e9g\u00fcnket. Ak\u00e1r egyedi m\u00e9retekre, speci\u00e1lis anyagokra vagy testreszabott fogprofilokra van sz\u00fcks\u00e9ge, m\u00e9rn\u00f6ki csapatunk szorosan egy\u00fcttm\u0171k\u00f6dik az \u00fcgyfelekkel, hogy az elv\u00e1r\u00e1sokat fel\u00fclm\u00fal\u00f3 fogaskerekeket sz\u00e1ll\u00edtson.<\/p>\n<p>Nem tal\u00e1lja a k\u00edv\u00e1nt modellt a katal\u00f3gusunkban? Ne agg\u00f3djon \u2013 online list\u00e1nk folyamatosan b\u0151v\u00fcl. Egyszer\u0171en k\u00fcldj\u00f6n nek\u00fcnk e-mailt a k\u00edv\u00e1nt fogasker\u00e9k t\u00edpus\u00e1nak r\u00e9szleteir\u0151l, bele\u00e9rtve az alkalmaz\u00e1si param\u00e9tereket \u00e9s a m\u0171szaki adatokat. Szak\u00e9rt\u0151 m\u00e9rn\u00f6keink 24 \u00f3r\u00e1n bel\u00fcl felm\u00e9rik megkeres\u00e9s\u00e9t, megval\u00f3s\u00edthat\u00f3s\u00e1gi visszajelz\u00e9st, \u00e1rat \u00e9s sz\u00e1ll\u00edt\u00e1si hat\u00e1rid\u0151ket adnak.<\/p>\n<table style=\"width: 103.173%;\" border=\"1\" width=\"100%\" cellspacing=\"0\" cellpadding=\"0\">\n<tbody>\n<tr style=\"height: 14.40pt;\">\n<td style=\"height: 14.4pt; width: 50.7937%;\" width=\"83\" height=\"24\"><img loading=\"lazy\" decoding=\"async\" class=\"size-full wp-image-7135 aligncenter\" src=\"https:\/\/fmp-components.com\/wp-content\/uploads\/2025\/03\/Forging-Bevel-Gears-product-4.webp\" alt=\"Kov\u00e1csolt k\u00fapkerekek\" width=\"400\" height=\"400\" title=\"\" srcset=\"https:\/\/fmp-components.com\/wp-content\/uploads\/2025\/03\/Forging-Bevel-Gears-product-4.webp 400w, https:\/\/fmp-components.com\/wp-content\/uploads\/2025\/03\/Forging-Bevel-Gears-product-4-300x300.webp 300w, https:\/\/fmp-components.com\/wp-content\/uploads\/2025\/03\/Forging-Bevel-Gears-product-4-150x150.webp 150w, https:\/\/fmp-components.com\/wp-content\/uploads\/2025\/03\/Forging-Bevel-Gears-product-4-12x12.webp 12w, https:\/\/fmp-components.com\/wp-content\/uploads\/2025\/03\/Forging-Bevel-Gears-product-4-100x100.webp 100w\" sizes=\"(max-width: 400px) 100vw, 400px\" \/><\/td>\n<td style=\"width: 52.2222%;\" align=\"right\" width=\"80\"><img loading=\"lazy\" decoding=\"async\" class=\"size-full wp-image-7136 aligncenter\" src=\"https:\/\/fmp-components.com\/wp-content\/uploads\/2025\/03\/Forging-Bevel-Gears-product-3.webp\" alt=\"Kov\u00e1csolt k\u00fapkerekek\" width=\"400\" height=\"400\" title=\"\" srcset=\"https:\/\/fmp-components.com\/wp-content\/uploads\/2025\/03\/Forging-Bevel-Gears-product-3.webp 400w, https:\/\/fmp-components.com\/wp-content\/uploads\/2025\/03\/Forging-Bevel-Gears-product-3-300x300.webp 300w, https:\/\/fmp-components.com\/wp-content\/uploads\/2025\/03\/Forging-Bevel-Gears-product-3-150x150.webp 150w, https:\/\/fmp-components.com\/wp-content\/uploads\/2025\/03\/Forging-Bevel-Gears-product-3-12x12.webp 12w, https:\/\/fmp-components.com\/wp-content\/uploads\/2025\/03\/Forging-Bevel-Gears-product-3-100x100.webp 100w\" sizes=\"(max-width: 400px) 100vw, 400px\" \/><\/td>\n<\/tr>\n<tr style=\"height: 14.40pt;\">\n<td style=\"height: 14.4pt; width: 50.7937%;\" height=\"24\"><img loading=\"lazy\" decoding=\"async\" class=\"size-full wp-image-7137 aligncenter\" src=\"https:\/\/fmp-components.com\/wp-content\/uploads\/2025\/03\/Forging-Bevel-Gears-product-2.webp\" alt=\"Kov\u00e1csolt k\u00fapkerekek\" width=\"400\" height=\"400\" title=\"\" srcset=\"https:\/\/fmp-components.com\/wp-content\/uploads\/2025\/03\/Forging-Bevel-Gears-product-2.webp 400w, https:\/\/fmp-components.com\/wp-content\/uploads\/2025\/03\/Forging-Bevel-Gears-product-2-300x300.webp 300w, https:\/\/fmp-components.com\/wp-content\/uploads\/2025\/03\/Forging-Bevel-Gears-product-2-150x150.webp 150w, https:\/\/fmp-components.com\/wp-content\/uploads\/2025\/03\/Forging-Bevel-Gears-product-2-12x12.webp 12w, https:\/\/fmp-components.com\/wp-content\/uploads\/2025\/03\/Forging-Bevel-Gears-product-2-100x100.webp 100w\" sizes=\"(max-width: 400px) 100vw, 400px\" \/><\/td>\n<td style=\"width: 52.2222%;\" align=\"right\"><img loading=\"lazy\" decoding=\"async\" class=\"size-full wp-image-7138 aligncenter\" src=\"https:\/\/fmp-components.com\/wp-content\/uploads\/2025\/03\/Forging-Bevel-Gears-product-1.webp\" alt=\"Kov\u00e1csolt k\u00fapkerekek\" width=\"400\" height=\"400\" title=\"\" srcset=\"https:\/\/fmp-components.com\/wp-content\/uploads\/2025\/03\/Forging-Bevel-Gears-product-1.webp 400w, https:\/\/fmp-components.com\/wp-content\/uploads\/2025\/03\/Forging-Bevel-Gears-product-1-300x300.webp 300w, https:\/\/fmp-components.com\/wp-content\/uploads\/2025\/03\/Forging-Bevel-Gears-product-1-150x150.webp 150w, https:\/\/fmp-components.com\/wp-content\/uploads\/2025\/03\/Forging-Bevel-Gears-product-1-12x12.webp 12w, https:\/\/fmp-components.com\/wp-content\/uploads\/2025\/03\/Forging-Bevel-Gears-product-1-100x100.webp 100w\" sizes=\"(max-width: 400px) 100vw, 400px\" \/><\/td>\n<\/tr>\n<\/tbody>\n<\/table>\n<h2>A kov\u00e1csolt ferde fogaskerekek jellemz\u0151i<\/h2>\n<p>A kov\u00e1csolt k\u00fapkerekek kritikus alkatr\u00e9szek a nagy teherb\u00edr\u00e1s\u00fa mechanikus rendszerekben, \u00e9s egyedi el\u0151ny\u00f6ket k\u00edn\u00e1lnak az \u00f6nt\u00f6tt vagy megmunk\u00e1lt alternat\u00edv\u00e1kkal szemben. Az al\u00e1bbiakban felsoroljuk azokat a kiemelked\u0151 tulajdons\u00e1gokat, amelyek ide\u00e1liss\u00e1 teszik \u0151ket a nagy teljes\u00edtm\u00e9ny\u0171 alkalmaz\u00e1sokhoz:<\/p>\n<p><strong>Kiv\u00e1l\u00f3 szil\u00e1rds\u00e1g \u00e9s tart\u00f3ss\u00e1g<\/strong><\/p>\n<ul>\n<li><strong>Szemcseszerkezet igaz\u00edt\u00e1sa<\/strong>A kov\u00e1csol\u00e1si folyamat \u00f6sszenyomja \u00e9s igaz\u00edtja a f\u00e9m szemcseszerkezet\u00e9t, n\u00f6velve a szak\u00edt\u00f3szil\u00e1rds\u00e1got \u00e9s a kif\u00e1rad\u00e1si ellen\u00e1ll\u00e1st.<\/li>\n<li><strong>Nagy teherb\u00edr\u00e1s<\/strong>Deform\u00e1ci\u00f3 n\u00e9lk\u00fcl ellen\u00e1ll a sz\u00e9ls\u0151s\u00e9ges nyomat\u00e9knak, l\u00f6k\u00e9sszer\u0171 terhel\u00e9snek \u00e9s ism\u00e9tl\u0151d\u0151 ig\u00e9nybev\u00e9telnek.<\/li>\n<li><strong>Anyagi integrit\u00e1s<\/strong>Elt\u00e1vol\u00edtja az \u00f6nt\u00f6tt fogaskerekekben gyakori porozit\u00e1st, \u00fcregeket \u00e9s z\u00e1rv\u00e1nyokat, biztos\u00edtva a hossz\u00fa t\u00e1v\u00fa megb\u00edzhat\u00f3s\u00e1got.<\/li>\n<\/ul>\n<p><strong>Fokozott pontoss\u00e1g \u00e9s teljes\u00edtm\u00e9ny<\/strong><\/p>\n<ul>\n<li><strong>Szigor\u00fa m\u00e9retpontoss\u00e1g<\/strong>A kov\u00e1csol\u00e1s k\u00f6zel eredeti alak\u00fa gy\u00e1rt\u00e1st tesz lehet\u0151v\u00e9, minimaliz\u00e1lja az ut\u00f3megmunk\u00e1l\u00e1st \u00e9s biztos\u00edtja az egys\u00e9ges fogprofilt.<\/li>\n<li><strong>Optim\u00e1lis fel\u00fcletkezel\u00e9s<\/strong>Cs\u00f6kkentett csiszol\u00e1si\/pol\u00edroz\u00e1si ig\u00e9ny, a szerkezeti integrit\u00e1s meg\u0151rz\u00e9se a z\u00f6kken\u0151mentes m\u0171k\u00f6d\u00e9s mellett.<\/li>\n<li><strong>Zajcs\u00f6kkent\u00e9s<\/strong>A prec\u00edzi\u00f3san kov\u00e1csolt fogak z\u00f6kken\u0151mentesen illeszkednek egym\u00e1shoz, cs\u00f6kkentve a rezg\u00e9st \u00e9s a m\u0171k\u00f6d\u00e9si zajt.<\/li>\n<\/ul>\n<p><strong>Kop\u00e1s- \u00e9s korr\u00f3zi\u00f3\u00e1ll\u00f3s\u00e1g<\/strong><\/p>\n<ul>\n<li><strong>H\u0151kezel\u00e9si kompatibilit\u00e1s<\/strong>A kov\u00e1csolt fogaskerekek edz\u00e9si folyamatokon (pl. karboniz\u00e1l\u00e1s, indukci\u00f3s edz\u00e9s) eshetnek \u00e1t a fel\u00fcleti kem\u00e9nys\u00e9g \u00e9s a kop\u00e1s\u00e1ll\u00f3s\u00e1g jav\u00edt\u00e1sa \u00e9rdek\u00e9ben.<\/li>\n<li><strong>Anyagrugalmass\u00e1g<\/strong>Kompatibilis nagy szil\u00e1rds\u00e1g\u00fa \u00f6tv\u00f6zetekkel (pl. AISI 4140, 4340) \u00e9s rozsdamentes ac\u00e9lokkal korroz\u00edv k\u00f6rnyezetben.<\/li>\n<\/ul>\n<p><strong>K\u00f6lts\u00e9ghat\u00e9konys\u00e1g id\u0151vel<\/strong><\/p>\n<ul>\n<li><strong>Hosszabb \u00e9lettartam<\/strong>A cs\u00f6kkentett kop\u00e1si \u00e9s meghib\u00e1sod\u00e1si ar\u00e1ny alacsonyabb karbantart\u00e1si k\u00f6lts\u00e9geket \u00e9s \u00e1ll\u00e1sid\u0151t eredm\u00e9nyez.<\/li>\n<li><strong>Hat\u00e9konys\u00e1gn\u00f6veked\u00e9s<\/strong>A prec\u00edzi\u00f3s gy\u00e1rt\u00e1s minimaliz\u00e1lja a s\u00farl\u00f3d\u00e1s miatti energiavesztes\u00e9get, jav\u00edtva a rendszer hat\u00e9konys\u00e1g\u00e1t.<\/li>\n<\/ul>\n<h3>Mi\u00e9rt v\u00e1lasszon kov\u00e1csolt k\u00fapkerekeket az \u00f6nt\u00f6tt\/megmunk\u00e1lt helyett?<\/h3>\n<p>A kov\u00e1csol\u00e1s s\u0171r\u0171, homog\u00e9n szerkezetet biztos\u00edt, amely nagy ig\u00e9nybev\u00e9tel\u0171 alkalmaz\u00e1sok eset\u00e9n szil\u00e1rds\u00e1gban fel\u00fclm\u00falja az \u00f6nt\u00f6tt fogaskerekeket, k\u00f6lts\u00e9ghat\u00e9konys\u00e1gban pedig a megmunk\u00e1lt fogaskerekeket. A zord k\u00f6r\u00fclm\u00e9nyek elvisel\u00e9s\u00e9re val\u00f3 k\u00e9pess\u00e9g\u00fck a pontoss\u00e1g meg\u0151rz\u00e9se mellett n\u00e9lk\u00fcl\u00f6zhetetlenn\u00e9 teszi \u0151ket a kritikus ipar\u00e1gakban.<\/p>\n<p>&nbsp;<\/p>\n<p><img loading=\"lazy\" decoding=\"async\" class=\"alignnone size-full wp-image-7139\" src=\"https:\/\/fmp-components.com\/wp-content\/uploads\/2025\/03\/Forging-Bevel-Gears-product-5.webp\" alt=\"Kov\u00e1csolt k\u00fapkerekek\" width=\"700\" height=\"395\" title=\"\" srcset=\"https:\/\/fmp-components.com\/wp-content\/uploads\/2025\/03\/Forging-Bevel-Gears-product-5.webp 700w, https:\/\/fmp-components.com\/wp-content\/uploads\/2025\/03\/Forging-Bevel-Gears-product-5-480x271.webp 480w\" sizes=\"(min-width: 0px) and (max-width: 480px) 480px, (min-width: 481px) 700px, 100vw\" \/><\/p>\n<h3>Kapcsol\u00f3d\u00f3 term\u00e9k<\/h3>\n<p><img loading=\"lazy\" decoding=\"async\" class=\"alignnone size-full wp-image-7140\" src=\"https:\/\/fmp-components.com\/wp-content\/uploads\/2025\/03\/Forging-Bevel-Gears-product-6.webp\" alt=\"Kov\u00e1csolt k\u00fapkerekek\" width=\"887\" height=\"652\" title=\"\" srcset=\"https:\/\/fmp-components.com\/wp-content\/uploads\/2025\/03\/Forging-Bevel-Gears-product-6.webp 887w, https:\/\/fmp-components.com\/wp-content\/uploads\/2025\/03\/Forging-Bevel-Gears-product-6-480x353.webp 480w\" sizes=\"(min-width: 0px) and (max-width: 480px) 480px, (min-width: 481px) 887px, 100vw\" \/><\/p>","protected":false},"excerpt":{"rendered":"<p>Precision-Forged Bevel Gears Tailored to Your Needs At FMP, we specialize in manufacturing high-performance forging bevel gears across a wide range of types and specifications, designed to meet diverse industrial demands. Our product portfolio includes straight, spiral, and hypoid bevel gears, all precision-engineered using advanced forging techniques to ensure exceptional durability, strength, and seamless integration [&hellip;]<\/p>","protected":false},"featured_media":7133,"comment_status":"open","ping_status":"closed","template":"","meta":{"_et_pb_use_builder":"","_et_pb_old_content":"","_et_gb_content_width":""},"product_brand":[],"product_cat":[106],"product_tag":[],"class_list":{"0":"post-7132","1":"product","2":"type-product","3":"status-publish","4":"has-post-thumbnail","6":"product_cat-bevel-gears","8":"first","9":"instock","10":"shipping-taxable","11":"product-type-simple"},"_links":{"self":[{"href":"https:\/\/fmp-components.com\/hu\/wp-json\/wp\/v2\/product\/7132","targetHints":{"allow":["GET"]}}],"collection":[{"href":"https:\/\/fmp-components.com\/hu\/wp-json\/wp\/v2\/product"}],"about":[{"href":"https:\/\/fmp-components.com\/hu\/wp-json\/wp\/v2\/types\/product"}],"replies":[{"embeddable":true,"href":"https:\/\/fmp-components.com\/hu\/wp-json\/wp\/v2\/comments?post=7132"}],"wp:featuredmedia":[{"embeddable":true,"href":"https:\/\/fmp-components.com\/hu\/wp-json\/wp\/v2\/media\/7133"}],"wp:attachment":[{"href":"https:\/\/fmp-components.com\/hu\/wp-json\/wp\/v2\/media?parent=7132"}],"wp:term":[{"taxonomy":"product_brand","embeddable":true,"href":"https:\/\/fmp-components.com\/hu\/wp-json\/wp\/v2\/product_brand?post=7132"},{"taxonomy":"product_cat","embeddable":true,"href":"https:\/\/fmp-components.com\/hu\/wp-json\/wp\/v2\/product_cat?post=7132"},{"taxonomy":"product_tag","embeddable":true,"href":"https:\/\/fmp-components.com\/hu\/wp-json\/wp\/v2\/product_tag?post=7132"}],"curies":[{"name":"munkaf\u00fczet","href":"https:\/\/api.w.org\/{rel}","templated":true}]}}