{"id":7105,"date":"2025-03-18T06:43:13","date_gmt":"2025-03-18T06:43:13","guid":{"rendered":"https:\/\/fmp-components.com\/?post_type=product&#038;p=7105"},"modified":"2025-03-27T01:23:53","modified_gmt":"2025-03-27T01:23:53","slug":"spiral-bevel-gears-helical-bevel-gear","status":"publish","type":"product","link":"https:\/\/fmp-components.com\/hu\/product\/spiral-bevel-gears-helical-bevel-gear\/","title":{"rendered":"Spir\u00e1lis k\u00fapkerekek (Helical Bevel Gear)"},"content":{"rendered":"<p><img loading=\"lazy\" decoding=\"async\" class=\"size-full wp-image-7130 aligncenter\" src=\"https:\/\/fmp-components.com\/wp-content\/uploads\/2025\/03\/spiral-bevel-gear-product-1.webp\" alt=\"spir\u00e1lis k\u00fapker\u00e9k\" width=\"1800\" height=\"1201\" title=\"\" srcset=\"https:\/\/fmp-components.com\/wp-content\/uploads\/2025\/03\/spiral-bevel-gear-product-1.webp 1800w, https:\/\/fmp-components.com\/wp-content\/uploads\/2025\/03\/spiral-bevel-gear-product-1-1280x854.webp 1280w, https:\/\/fmp-components.com\/wp-content\/uploads\/2025\/03\/spiral-bevel-gear-product-1-980x654.webp 980w, https:\/\/fmp-components.com\/wp-content\/uploads\/2025\/03\/spiral-bevel-gear-product-1-480x320.webp 480w\" sizes=\"(min-width: 0px) and (max-width: 480px) 480px, (min-width: 481px) and (max-width: 980px) 980px, (min-width: 981px) and (max-width: 1280px) 1280px, (min-width: 1281px) 1800px, 100vw\" \/><\/p>\n<p>A spir\u00e1lis k\u00fapkerekek (ferde fogaz\u00e1s\u00fa k\u00fapkerekek) fejlett, nagy teljes\u00edtm\u00e9ny\u0171 fogaskerekek, amelyek \u00edvelt, ferde fogakkal rendelkeznek, amelyek sim\u00e1bb \u00e9s csendesebb m\u0171k\u00f6d\u00e9st biztos\u00edtanak, mik\u00f6zben hat\u00e9konyan tov\u00e1bb\u00edtj\u00e1k az er\u0151t a metsz\u0151 tengelyek k\u00f6z\u00f6tt, \u00edgy ide\u00e1lisak olyan ig\u00e9nyes alkalmaz\u00e1sokhoz, mint az aut\u00f3ipar, a rep\u00fcl\u0151g\u00e9pipar \u00e9s az ipari g\u00e9pek. Az FMP Company-n\u00e1l a spir\u00e1lis fogaskerekek sz\u00e9les v\u00e1laszt\u00e9k\u00e1nak gy\u00e1rt\u00e1s\u00e1ra specializ\u00e1l\u00f3dtunk. <a href=\"https:\/\/fmp-components.com\/hu\/bevel-gear-2\/\">K\u00fapkerekek<\/a> (K\u00fapkerekes fogaskerekek), amelyeket k\u00fcl\u00f6nf\u00e9le specifik\u00e1ci\u00f3knak megfelel\u0151en gy\u00e1rtunk, \u00e9s egyedi gy\u00e1rt\u00e1st is k\u00edn\u00e1lunk az \u00d6n egyedi ig\u00e9nyeinek megfelel\u0151en. Ha a k\u00edv\u00e1nt modell nem szerepel a term\u00e9kkatal\u00f3gusunkban, ne agg\u00f3djon \u2013 val\u00f3sz\u00edn\u0171leg csak felt\u00f6lt\u00e9sre v\u00e1r; egyszer\u0171en k\u00fcldj\u00f6n nek\u00fcnk e-mailt a k\u00edv\u00e1nt specifik\u00e1ci\u00f3kkal, \u00e9s szak\u00e9rt\u0151 m\u00e9rn\u00f6keink 24 \u00f3r\u00e1n bel\u00fcl felveszik \u00d6nnel a kapcsolatot szem\u00e9lyre szabott megold\u00e1sokkal.<\/p>\n<table style=\"width: 100%; height: 24px;\" border=\"1\" width=\"100%\" cellspacing=\"0\" cellpadding=\"0\">\n<tbody>\n<tr style=\"height: 14.40pt;\">\n<td style=\"height: 10px; width: 49.8pt; text-align: center;\" width=\"83\" height=\"24\"><img loading=\"lazy\" decoding=\"async\" class=\"alignnone wp-image-7109\" src=\"https:\/\/fmp-components.com\/wp-content\/uploads\/2025\/03\/chache.webp\" alt=\"Spir\u00e1lis k\u00fapkerekek\" width=\"323\" height=\"214\" title=\"\" srcset=\"https:\/\/fmp-components.com\/wp-content\/uploads\/2025\/03\/chache.webp 198w, https:\/\/fmp-components.com\/wp-content\/uploads\/2025\/03\/chache-18x12.webp 18w\" sizes=\"(max-width: 323px) 100vw, 323px\" \/> \u00a0 Spir\u00e1lis k\u00fapkerekes sebess\u00e9gv\u00e1lt\u00f3<\/td>\n<td style=\"width: 48pt; height: 10px;\" align=\"right\" width=\"80\">\n<p style=\"text-align: center;\"><img loading=\"lazy\" decoding=\"async\" class=\"alignnone size-full wp-image-7110\" src=\"https:\/\/fmp-components.com\/wp-content\/uploads\/2025\/03\/JCY300-1.webp\" alt=\"Spir\u00e1lis k\u00fapkerekek\" width=\"1024\" height=\"674\" title=\"\" srcset=\"https:\/\/fmp-components.com\/wp-content\/uploads\/2025\/03\/JCY300-1.webp 1024w, https:\/\/fmp-components.com\/wp-content\/uploads\/2025\/03\/JCY300-1-980x645.webp 980w, https:\/\/fmp-components.com\/wp-content\/uploads\/2025\/03\/JCY300-1-480x316.webp 480w\" sizes=\"(min-width: 0px) and (max-width: 480px) 480px, (min-width: 481px) and (max-width: 980px) 980px, (min-width: 981px) 1024px, 100vw\" \/>Spir\u00e1lis k\u00fapkerekes fogaskerekek teheraut\u00f3k<\/p>\n<\/td>\n<\/tr>\n<tr style=\"height: 14.40pt;\">\n<td style=\"height: 14px; text-align: center;\" height=\"24\"><img loading=\"lazy\" decoding=\"async\" class=\"alignnone wp-image-7112\" src=\"https:\/\/fmp-components.com\/wp-content\/uploads\/2025\/03\/zhiji.webp\" alt=\"Spir\u00e1lis k\u00fapkerekek\" width=\"326\" height=\"216\" title=\"\" srcset=\"https:\/\/fmp-components.com\/wp-content\/uploads\/2025\/03\/zhiji.webp 198w, https:\/\/fmp-components.com\/wp-content\/uploads\/2025\/03\/zhiji-18x12.webp 18w\" sizes=\"(max-width: 326px) 100vw, 326px\" \/>Spir\u00e1lis k\u00fapkerekes g\u00e9pek<\/td>\n<td style=\"height: 14px; text-align: center;\" align=\"right\"><img loading=\"lazy\" decoding=\"async\" class=\"alignnone size-full wp-image-7111\" src=\"https:\/\/fmp-components.com\/wp-content\/uploads\/2025\/03\/tihua-1.webp\" alt=\"Spir\u00e1lis k\u00fapkerekek\" width=\"1024\" height=\"676\" title=\"\" srcset=\"https:\/\/fmp-components.com\/wp-content\/uploads\/2025\/03\/tihua-1.webp 1024w, https:\/\/fmp-components.com\/wp-content\/uploads\/2025\/03\/tihua-1-980x647.webp 980w, https:\/\/fmp-components.com\/wp-content\/uploads\/2025\/03\/tihua-1-480x317.webp 480w\" sizes=\"(min-width: 0px) and (max-width: 480px) 480px, (min-width: 481px) and (max-width: 980px) 980px, (min-width: 981px) 1024px, 100vw\" \/>Spir\u00e1lis k\u00fapkerekek Sebess\u00e9gcs\u00f6kkent\u0151k<\/td>\n<\/tr>\n<\/tbody>\n<\/table>\n<h3>Spir\u00e1lis k\u00fapkerekek VS hipoid fogaskerekek<\/h3>\n<table style=\"width: 100%;\" border=\"1\" width=\"100%\" cellspacing=\"0\" cellpadding=\"0\">\n<tbody>\n<tr style=\"height: 14.40pt;\">\n<td style=\"height: 14.4pt; width: 49.8pt; text-align: center;\" width=\"83\" height=\"24\"><strong>Spir\u00e1lis k\u00fapkerekek<\/strong><\/td>\n<td style=\"width: 48pt; text-align: center;\" align=\"right\" width=\"80\"><strong>Hipoid fogasker\u00e9k<\/strong><\/td>\n<\/tr>\n<tr style=\"height: 14.40pt;\">\n<td style=\"height: 14.40pt;\" height=\"24\"><img loading=\"lazy\" decoding=\"async\" class=\"alignnone size-full wp-image-7116\" src=\"https:\/\/fmp-components.com\/wp-content\/uploads\/2025\/03\/Hypoid-Gear-Vs-Spiral-Bevel.webp\" alt=\"Hipoid fogasker\u00e9k kontra spir\u00e1lis k\u00fapker\u00e9k\" width=\"534\" height=\"467\" title=\"\" srcset=\"https:\/\/fmp-components.com\/wp-content\/uploads\/2025\/03\/Hypoid-Gear-Vs-Spiral-Bevel.webp 534w, https:\/\/fmp-components.com\/wp-content\/uploads\/2025\/03\/Hypoid-Gear-Vs-Spiral-Bevel-480x420.webp 480w\" sizes=\"(min-width: 0px) and (max-width: 480px) 480px, (min-width: 481px) 534px, 100vw\" \/><\/td>\n<td align=\"right\"><img loading=\"lazy\" decoding=\"async\" class=\"alignnone size-full wp-image-7131\" src=\"https:\/\/fmp-components.com\/wp-content\/uploads\/2025\/03\/Hypoid-bevel-gearset1-1_1.webp\" alt=\"Hipoid k\u00fapkerekes hajt\u00f3m\u0171\" width=\"534\" height=\"467\" title=\"\" srcset=\"https:\/\/fmp-components.com\/wp-content\/uploads\/2025\/03\/Hypoid-bevel-gearset1-1_1.webp 534w, https:\/\/fmp-components.com\/wp-content\/uploads\/2025\/03\/Hypoid-bevel-gearset1-1_1-480x420.webp 480w\" sizes=\"(min-width: 0px) and (max-width: 480px) 480px, (min-width: 481px) 534px, 100vw\" \/><\/td>\n<\/tr>\n<\/tbody>\n<\/table>\n<h2>Spir\u00e1lis k\u00fapkerekes fogasker\u00e9k alkalmaz\u00e1s<\/h2>\n<p>A k\u00fapkerekek sz\u00e1mos ipar\u00e1gban alkalmaz\u00e1st tal\u00e1lnak, a rep\u00fcl\u0151g\u00e9pipart\u00f3l (nagysebess\u00e9g\u0171 egyenes \u00e9s spir\u00e1lis k\u00fapkerekek, speci\u00e1lis ac\u00e9lok, leveg\u0151-el\u0151meleg\u00edt\u0151k stb.) a b\u00e1ny\u00e1szati \u200b\u200bm\u0171veletekig (rakod\u00f3- \u00e9s kanalas m\u0171k\u00f6dtet\u0151k, kerekes kotr\u00f3g\u00e9pek, kotr\u00f3g\u00e9pek, sz\u00e1ll\u00edt\u00f3szalag-rendszerek, malom m\u0171k\u00f6dtet\u0151k stb.).<\/p>\n<p>\u00c1ltal\u00e1ban homokkever\u0151kben, k\u00fapos malmokban, h\u0171t\u0151tornyokban, targonc\u00e1kban, haj\u00f3hajt\u00f3m\u0171vekben \u00e9s propellerekben, gy\u00f3gyszeripari csomagol\u00f3berendez\u00e9sekben, nagysebess\u00e9g\u0171 ofszet nyomdag\u00e9pekben, polietil\u00e9n lemezgy\u00e1rt\u00e1sban, aut\u00f3ipari alkatr\u00e9szekben \u00e9s vas\u00fati er\u0151\u00e1tviteli rendszerekben tal\u00e1lhat\u00f3k.<\/p>\n<p>A robotik\u00e1ban a ferde k\u00fapkerekek ide\u00e1lisak kompakt terekhez, m\u00edg a vaskoh\u00e1szatban f\u00fcgg\u0151leges hengerm\u0171-szerkezeteket t\u00e1mogatnak.<br \/>\nAz \u00e9lelmiszer-feldolgoz\u00e1sban a k\u00fapkerekek l\u00e9tfontoss\u00e1g\u00faak az \u00e9lelmiszer-termel\u00e9sben, a csomagol\u00e1sban \u00e9s a konzervgy\u00e1rt\u00f3 eszk\u00f6z\u00f6kben.<\/p>\n<p>Alacsony sebess\u00e9g\u0171, kis terhel\u00e9s\u0171 helyzetekben a k\u00fapkerekes fogaskerekek hat\u00e9konyan tov\u00e1bb\u00edtj\u00e1k az er\u0151t \u00e9s a mozg\u00e1st k\u00e9t tengely k\u00f6z\u00f6tt.<br \/>\nA hipoid k\u00fapkerekeket aut\u00f3ipari rendszerekben, p\u00e9ld\u00e1ul j\u00e1rm\u0171vek differenci\u00e1lm\u0171veiben alkalmazz\u00e1k.<br \/>\nA ferde fogaskerekek a k\u00e9zi f\u00far\u00f3k mechanizmus\u00e1ban is kritikus fontoss\u00e1g\u00faak.<br \/>\nA varr\u00f3g\u00e9pekben a spir\u00e1lis k\u00fapkerekek kulcsfontoss\u00e1g\u00fa alkatr\u00e9szek.<\/p>\n<table style=\"width: 104.127%; height: 626px;\" border=\"1\" width=\"100%\" cellspacing=\"0\" cellpadding=\"0\">\n<tbody>\n<tr style=\"height: 14.40pt;\">\n<td style=\"height: 14.4pt; width: 25.1524%;\" width=\"83\" height=\"24\">\u00a0<img loading=\"lazy\" decoding=\"async\" class=\"size-full wp-image-7119 aligncenter\" src=\"https:\/\/fmp-components.com\/wp-content\/uploads\/2025\/03\/Spiral-Bevel-Gear-Uses-Packaging.webp\" alt=\"Spir\u00e1lis-K\u00fapkerekes-Felhaszn\u00e1l\u00e1si-Csomagol\u00e1s\" width=\"800\" height=\"600\" title=\"\" srcset=\"https:\/\/fmp-components.com\/wp-content\/uploads\/2025\/03\/Spiral-Bevel-Gear-Uses-Packaging.webp 800w, https:\/\/fmp-components.com\/wp-content\/uploads\/2025\/03\/Spiral-Bevel-Gear-Uses-Packaging-480x360.webp 480w\" sizes=\"(min-width: 0px) and (max-width: 480px) 480px, (min-width: 481px) 800px, 100vw\" \/><\/td>\n<td style=\"width: 25.3049%;\" align=\"right\" width=\"80\"><img loading=\"lazy\" decoding=\"async\" class=\"size-full wp-image-7124 aligncenter\" src=\"https:\/\/fmp-components.com\/wp-content\/uploads\/2025\/03\/Railways.webp\" alt=\"Vasutak\" width=\"800\" height=\"600\" title=\"\" srcset=\"https:\/\/fmp-components.com\/wp-content\/uploads\/2025\/03\/Railways.webp 800w, https:\/\/fmp-components.com\/wp-content\/uploads\/2025\/03\/Railways-480x360.webp 480w\" sizes=\"(min-width: 0px) and (max-width: 480px) 480px, (min-width: 481px) 800px, 100vw\" \/><\/td>\n<td style=\"width: 24.6952%;\" align=\"right\" width=\"154\"><img loading=\"lazy\" decoding=\"async\" class=\"size-full wp-image-7118 aligncenter\" src=\"https:\/\/fmp-components.com\/wp-content\/uploads\/2025\/03\/Spiral-Bevel-Gear-Uses-Printing.webp\" alt=\"Spir\u00e1l-K\u00fapkerekes-Felhaszn\u00e1l\u00e1si-Nyomtat\u00e1s\" width=\"800\" height=\"600\" title=\"\" srcset=\"https:\/\/fmp-components.com\/wp-content\/uploads\/2025\/03\/Spiral-Bevel-Gear-Uses-Printing.webp 800w, https:\/\/fmp-components.com\/wp-content\/uploads\/2025\/03\/Spiral-Bevel-Gear-Uses-Printing-480x360.webp 480w\" sizes=\"(min-width: 0px) and (max-width: 480px) 480px, (min-width: 481px) 800px, 100vw\" \/><\/td>\n<td style=\"width: 24.5426%;\" width=\"80\"><img loading=\"lazy\" decoding=\"async\" class=\"size-full wp-image-7125 aligncenter\" src=\"https:\/\/fmp-components.com\/wp-content\/uploads\/2025\/03\/milling.webp\" alt=\"mar\u00e1s\" width=\"800\" height=\"600\" title=\"\" srcset=\"https:\/\/fmp-components.com\/wp-content\/uploads\/2025\/03\/milling.webp 800w, https:\/\/fmp-components.com\/wp-content\/uploads\/2025\/03\/milling-480x360.webp 480w\" sizes=\"(min-width: 0px) and (max-width: 480px) 480px, (min-width: 481px) 800px, 100vw\" \/><\/td>\n<\/tr>\n<tr style=\"height: 14.40pt;\">\n<td style=\"height: 14.4pt; width: 25.1524%;\" height=\"24\"><img loading=\"lazy\" decoding=\"async\" class=\"size-full wp-image-7122 aligncenter\" src=\"https:\/\/fmp-components.com\/wp-content\/uploads\/2025\/03\/Spiral-Bevel-Gear-Uses-Packaging-1.webp\" alt=\"Spir\u00e1lis-K\u00fapkerekes-Felhaszn\u00e1l\u00e1si-Csomagol\u00e1s-1\" width=\"800\" height=\"600\" title=\"\" srcset=\"https:\/\/fmp-components.com\/wp-content\/uploads\/2025\/03\/Spiral-Bevel-Gear-Uses-Packaging-1.webp 800w, https:\/\/fmp-components.com\/wp-content\/uploads\/2025\/03\/Spiral-Bevel-Gear-Uses-Packaging-1-480x360.webp 480w\" sizes=\"(min-width: 0px) and (max-width: 480px) 480px, (min-width: 481px) 800px, 100vw\" \/><\/td>\n<td style=\"width: 25.3049%;\" align=\"right\"><img loading=\"lazy\" decoding=\"async\" class=\"size-full wp-image-7120 aligncenter\" src=\"https:\/\/fmp-components.com\/wp-content\/uploads\/2025\/03\/Spiral-Bevel-Gear-Uses-Railways-1.webp\" alt=\"Spir\u00e1lis-K\u00fapkerekes-Felhaszn\u00e1l\u00e1s-Vasutak-1\" width=\"800\" height=\"600\" title=\"\" srcset=\"https:\/\/fmp-components.com\/wp-content\/uploads\/2025\/03\/Spiral-Bevel-Gear-Uses-Railways-1.webp 800w, https:\/\/fmp-components.com\/wp-content\/uploads\/2025\/03\/Spiral-Bevel-Gear-Uses-Railways-1-480x360.webp 480w\" sizes=\"(min-width: 0px) and (max-width: 480px) 480px, (min-width: 481px) 800px, 100vw\" \/><\/td>\n<td style=\"width: 24.6952%;\" align=\"right\"><img loading=\"lazy\" decoding=\"async\" class=\"size-full wp-image-7121 aligncenter\" src=\"https:\/\/fmp-components.com\/wp-content\/uploads\/2025\/03\/Spiral-Bevel-Gear-Uses-Printing-1.webp\" alt=\"Spir\u00e1lis-K\u00fapkerekes-Fog\u00e1sok-Nyomtat\u00e1s-1\" width=\"800\" height=\"600\" title=\"\" srcset=\"https:\/\/fmp-components.com\/wp-content\/uploads\/2025\/03\/Spiral-Bevel-Gear-Uses-Printing-1.webp 800w, https:\/\/fmp-components.com\/wp-content\/uploads\/2025\/03\/Spiral-Bevel-Gear-Uses-Printing-1-480x360.webp 480w\" sizes=\"(min-width: 0px) and (max-width: 480px) 480px, (min-width: 481px) 800px, 100vw\" \/><\/td>\n<td style=\"width: 24.5426%;\"><img loading=\"lazy\" decoding=\"async\" class=\"size-full wp-image-7123 aligncenter\" src=\"https:\/\/fmp-components.com\/wp-content\/uploads\/2025\/03\/Spiral-Bevel-Gear-Uses-Mining-2.webp\" alt=\"Spir\u00e1lis-K\u00fapkerekes-Felhaszn\u00e1l\u00e1si-B\u00e1ny\u00e1szati-2\" width=\"800\" height=\"600\" title=\"\" srcset=\"https:\/\/fmp-components.com\/wp-content\/uploads\/2025\/03\/Spiral-Bevel-Gear-Uses-Mining-2.webp 800w, https:\/\/fmp-components.com\/wp-content\/uploads\/2025\/03\/Spiral-Bevel-Gear-Uses-Mining-2-480x360.webp 480w\" sizes=\"(min-width: 0px) and (max-width: 480px) 480px, (min-width: 481px) 800px, 100vw\" \/><\/td>\n<\/tr>\n<tr style=\"height: 14.40pt;\">\n<td style=\"height: 14.4pt; width: 25.1524%;\" height=\"24\">\n<div class=\"ptitle\"><strong>Csomagol\u00e1s \u00e9s \u00e9lelmiszer-feldolgoz\u00e1s<\/strong><\/div>\n<ul class=\"myp1\">\n<li>Gy\u00f3gyszeripari csomagol\u00f3g\u00e9pek<\/li>\n<li>Konzervgy\u00e1rt\u00f3 berendez\u00e9sek<\/li>\n<li>Polietil\u00e9n f\u00f3lia gy\u00e1rt\u00e1s<\/li>\n<li>Speci\u00e1lisan tervezett sebess\u00e9gv\u00e1lt\u00f3k<\/li>\n<\/ul>\n<\/td>\n<td style=\"width: 25.3049%;\" align=\"right\">\n<div class=\"ptitle\" style=\"text-align: left;\"><strong>Vasutak<\/strong><\/div>\n<ul class=\"myp1\">\n<li style=\"text-align: left;\">Az Indian Railways regisztr\u00e1lt besz\u00e1ll\u00edt\u00f3ja<\/li>\n<li style=\"text-align: left;\">Fel\u00faj\u00edt\u00e1si\/fel\u00faj\u00edt\u00e1si tapasztalat<\/li>\n<li style=\"text-align: left;\">D\u00edzelmozdonyok v\u00e9ghajt\u00f3m\u0171veinek \u00e9s m\u00e1sodlagos v\u00e9ghajt\u00f3m\u0171veinek visszatervez\u00e9si tapasztalata.<\/li>\n<\/ul>\n<\/td>\n<td style=\"width: 24.6952%;\" align=\"right\">\n<div class=\"ptitle\" style=\"text-align: left;\"><strong>Nyomtat\u00e1s<\/strong><\/div>\n<ul class=\"myp1\">\n<li style=\"text-align: left;\">Ofszet nagysebess\u00e9g\u0171 nyomtat\u00e1si fogaskerekek<\/li>\n<\/ul>\n<\/td>\n<td style=\"width: 24.5426%;\">\n<div class=\"ptitle\"><strong>B\u00e1ny\u00e1szati:<\/strong><\/div>\n<ul class=\"myp1\">\n<li>Kanalakerekes kotr\u00f3g\u00e9pek<\/li>\n<li>Lerak\u00f3\/visszanyer\u0151 meghajt\u00f3k<\/li>\n<li>Kotr\u00f3g\u00e9p-meghajt\u00f3k<\/li>\n<li>Malomhajt\u00e1sok<\/li>\n<li>Szalagos sz\u00e1ll\u00edt\u00f3szalagok<\/li>\n<\/ul>\n<\/td>\n<\/tr>\n<\/tbody>\n<\/table>\n<div>\n<h2>A spir\u00e1lis k\u00fapkerekek gy\u00e1rt\u00e1si folyamata<\/h2>\n<p class=\"break-words\">A k\u00fapkerekek gy\u00e1rt\u00e1sa a nyersdarab el\u0151form\u00e1z\u00e1s\u00e1val kezd\u0151dik, amely lehet fogazott vagy fogatlan, majd \u2013 ha az anyag \u00f6nt\u00f6tt vagy kov\u00e1csolt ac\u00e9l \u2013 l\u00e1gy\u00edt\u00e1ssal k\u00e9sz\u00fcl a tov\u00e1bbi feldolgoz\u00e1shoz. A nyersdarabot ezut\u00e1n pontos m\u00e9retre megmunk\u00e1lj\u00e1k, a fogakat form\u00e1zz\u00e1k, vagy az el\u0151form\u00e1zottakat sz\u00fcks\u00e9g szerint finom\u00edtj\u00e1k.<\/p>\n<p class=\"break-words\">Ezut\u00e1n a fogasker\u00e9k fogai fel\u00fcleti vagy teljes edz\u00e9sen eshetnek \u00e1t a tart\u00f3ss\u00e1g n\u00f6vel\u00e9se \u00e9rdek\u00e9ben, a tervezett felhaszn\u00e1l\u00e1st\u00f3l f\u00fcgg\u0151en. Az edz\u00e9s ut\u00e1n a fogakat csiszol\u00e1ssal vagy forg\u00e1csol\u00e1ssal befejezik a simas\u00e1g \u00e9s a pontoss\u00e1g biztos\u00edt\u00e1sa \u00e9rdek\u00e9ben.<\/p>\n<p class=\"break-words\">V\u00e9g\u00fcl a k\u00e9sz ferde fogaskereket gondosan ellen\u0151rzik, hogy megfelel-e minden tervez\u00e9si \u00e9s teljes\u00edtm\u00e9nyi szabv\u00e1nynak, biztos\u00edtva a min\u0151s\u00e9g\u00e9t \u00e9s megb\u00edzhat\u00f3s\u00e1g\u00e1t a gyakorlati alkalmaz\u00e1sokban.<\/p>\n<table style=\"width: 103.016%; height: 65px;\" border=\"1\" width=\"100%\" cellspacing=\"0\" cellpadding=\"0\">\n<tbody>\n<tr style=\"height: 23px;\">\n<td style=\"width: 50.4762%; text-align: center; height: 23px;\"><strong>Spir\u00e1lis ferde fogasker\u00e9k v\u00e1g\u00e1s<\/strong><\/td>\n<td style=\"width: 49.2064%; text-align: center; height: 23px;\" align=\"right\" width=\"80\"><strong>Spir\u00e1lis ferde fogasker\u00e9k-csiszol\u00e1s<\/strong><\/td>\n<\/tr>\n<tr style=\"height: 14.40pt;\">\n<td style=\"height: 14px; width: 50.4762%;\" height=\"24\"><img loading=\"lazy\" decoding=\"async\" class=\"size-full wp-image-7127 aligncenter\" src=\"https:\/\/fmp-components.com\/wp-content\/uploads\/2025\/03\/Spiral-Bevel-Gear-Cutting.webp\" alt=\"Spir\u00e1lis-k\u00fapkerekes fogasker\u00e9k-forg\u00e1csol\u00e1s\" width=\"500\" height=\"210\" title=\"\" srcset=\"https:\/\/fmp-components.com\/wp-content\/uploads\/2025\/03\/Spiral-Bevel-Gear-Cutting.webp 500w, https:\/\/fmp-components.com\/wp-content\/uploads\/2025\/03\/Spiral-Bevel-Gear-Cutting-480x202.webp 480w\" sizes=\"(min-width: 0px) and (max-width: 480px) 480px, (min-width: 481px) 500px, 100vw\" \/><\/td>\n<td style=\"width: 49.2064%; height: 14px;\" align=\"right\"><img loading=\"lazy\" decoding=\"async\" class=\"size-full wp-image-7126 aligncenter\" src=\"https:\/\/fmp-components.com\/wp-content\/uploads\/2025\/03\/Spiral-Bevel-Gear-Grinding.webp\" alt=\"Spir\u00e1lis-ferde fogasker\u00e9k-k\u00f6sz\u00f6r\u00fcl\u00e9s\" width=\"500\" height=\"210\" title=\"\" srcset=\"https:\/\/fmp-components.com\/wp-content\/uploads\/2025\/03\/Spiral-Bevel-Gear-Grinding.webp 500w, https:\/\/fmp-components.com\/wp-content\/uploads\/2025\/03\/Spiral-Bevel-Gear-Grinding-480x202.webp 480w\" sizes=\"(min-width: 0px) and (max-width: 480px) 480px, (min-width: 481px) 500px, 100vw\" \/><\/td>\n<\/tr>\n<tr style=\"height: 14.40pt;\">\n<td style=\"height: 14px; width: 50.4762%; text-align: center;\" height=\"24\"><strong>Spir\u00e1lis ferde fogasker\u00e9k mar\u00e1s<\/strong><\/td>\n<td style=\"width: 49.2064%; text-align: center; height: 14px;\" align=\"right\"><strong>Spir\u00e1lis k\u00fapkerekes fogasker\u00e9k-tesztel\u00e9s<\/strong><\/td>\n<\/tr>\n<tr style=\"height: 14.40pt;\">\n<td style=\"height: 14px; width: 50.4762%;\" height=\"24\"><img loading=\"lazy\" decoding=\"async\" class=\"alignnone size-full wp-image-7129\" src=\"https:\/\/fmp-components.com\/wp-content\/uploads\/2025\/03\/Spiral-Bevel-Gear-Milling.webp\" alt=\"Csiga-k\u00fapker\u00e9k-mar\u00e1s\" width=\"500\" height=\"210\" title=\"\" srcset=\"https:\/\/fmp-components.com\/wp-content\/uploads\/2025\/03\/Spiral-Bevel-Gear-Milling.webp 500w, https:\/\/fmp-components.com\/wp-content\/uploads\/2025\/03\/Spiral-Bevel-Gear-Milling-480x202.webp 480w\" sizes=\"(min-width: 0px) and (max-width: 480px) 480px, (min-width: 481px) 500px, 100vw\" \/><\/td>\n<td style=\"width: 49.2064%; height: 14px;\" align=\"right\"><img loading=\"lazy\" decoding=\"async\" class=\"alignnone size-full wp-image-7128\" src=\"https:\/\/fmp-components.com\/wp-content\/uploads\/2025\/03\/Spiral-Bevel-Gear-Model.webp\" alt=\"Csigahajt\u00e1s\u00fa k\u00fapker\u00e9k-modell\" width=\"500\" height=\"210\" title=\"\" srcset=\"https:\/\/fmp-components.com\/wp-content\/uploads\/2025\/03\/Spiral-Bevel-Gear-Model.webp 500w, https:\/\/fmp-components.com\/wp-content\/uploads\/2025\/03\/Spiral-Bevel-Gear-Model-480x202.webp 480w\" sizes=\"(min-width: 0px) and (max-width: 480px) 480px, (min-width: 481px) 500px, 100vw\" \/><\/td>\n<\/tr>\n<\/tbody>\n<\/table>\n<\/div>","protected":false},"excerpt":{"rendered":"<p>Spiral Bevel Gears (Helical Bevel Gears) are advanced, high-performance gears featuring curved, helical teeth that ensure smoother and quieter operation while efficiently transmitting power between intersecting shafts, making them ideal for demanding applications like automotive, aerospace, and industrial machinery. At FMP Company, we specialize in producing a diverse range of Spiral Bevel Gears (Helical Bevel [&hellip;]<\/p>","protected":false},"featured_media":7114,"comment_status":"open","ping_status":"closed","template":"","meta":{"_et_pb_use_builder":"","_et_pb_old_content":"","_et_gb_content_width":""},"product_brand":[],"product_cat":[106],"product_tag":[],"class_list":{"0":"post-7105","1":"product","2":"type-product","3":"status-publish","4":"has-post-thumbnail","6":"product_cat-bevel-gears","8":"first","9":"instock","10":"shipping-taxable","11":"product-type-simple"},"_links":{"self":[{"href":"https:\/\/fmp-components.com\/hu\/wp-json\/wp\/v2\/product\/7105","targetHints":{"allow":["GET"]}}],"collection":[{"href":"https:\/\/fmp-components.com\/hu\/wp-json\/wp\/v2\/product"}],"about":[{"href":"https:\/\/fmp-components.com\/hu\/wp-json\/wp\/v2\/types\/product"}],"replies":[{"embeddable":true,"href":"https:\/\/fmp-components.com\/hu\/wp-json\/wp\/v2\/comments?post=7105"}],"wp:featuredmedia":[{"embeddable":true,"href":"https:\/\/fmp-components.com\/hu\/wp-json\/wp\/v2\/media\/7114"}],"wp:attachment":[{"href":"https:\/\/fmp-components.com\/hu\/wp-json\/wp\/v2\/media?parent=7105"}],"wp:term":[{"taxonomy":"product_brand","embeddable":true,"href":"https:\/\/fmp-components.com\/hu\/wp-json\/wp\/v2\/product_brand?post=7105"},{"taxonomy":"product_cat","embeddable":true,"href":"https:\/\/fmp-components.com\/hu\/wp-json\/wp\/v2\/product_cat?post=7105"},{"taxonomy":"product_tag","embeddable":true,"href":"https:\/\/fmp-components.com\/hu\/wp-json\/wp\/v2\/product_tag?post=7105"}],"curies":[{"name":"munkaf\u00fczet","href":"https:\/\/api.w.org\/{rel}","templated":true}]}}