{"id":7035,"date":"2025-03-14T08:21:41","date_gmt":"2025-03-14T08:21:41","guid":{"rendered":"https:\/\/fmp-components.com\/?post_type=product&#038;p=7035"},"modified":"2025-03-27T01:24:36","modified_gmt":"2025-03-27T01:24:36","slug":"miter-gears","status":"publish","type":"product","link":"https:\/\/fmp-components.com\/hu\/product\/miter-gears\/","title":{"rendered":"G\u00e9rv\u00e1g\u00f3 fogaskerekek"},"content":{"rendered":"<p>A g\u00e9rhajt\u00f3m\u0171vek egyfajta <a href=\"https:\/\/fmp-components.com\/hu\/bevel-gear-2\/\">ferde fogasker\u00e9k<\/a> \u00dagy tervezt\u00e9k, hogy metsz\u0151 tengelyek k\u00f6z\u00f6tt, jellemz\u0151en 90 fokos sz\u00f6gben, 1:1 \u00e1tt\u00e9tellel tov\u00e1bb\u00edtsa az er\u0151t, hat\u00e9kony \u00e9s prec\u00edz mozg\u00e1s\u00e1tvitelt biztos\u00edtva k\u00fcl\u00f6nf\u00e9le mechanikai alkalmaz\u00e1sokban. Az FMP Company-n\u00e1l a g\u00e9rhajt\u00f3m\u0171vek sz\u00e9les v\u00e1laszt\u00e9k\u00e1t gy\u00e1rtjuk, \u00e9s az \u00d6n egyedi ig\u00e9nyeinek kiel\u00e9g\u00edt\u00e9s\u00e9re testreszab\u00e1st k\u00edn\u00e1lunk. Ha a sz\u00fcks\u00e9ges modell nem szerepel a term\u00e9kkatal\u00f3gusunkban, lehet, hogy m\u00e9g nem friss\u00edtett\u00fck \u2013 k\u00e9rj\u00fck, k\u00fcldj\u00f6n nek\u00fcnk e-mailt a k\u00edv\u00e1nt specifik\u00e1ci\u00f3kkal, \u00e9s m\u00e9rn\u00f6keink 24 \u00f3r\u00e1n bel\u00fcl v\u00e1laszolnak.<\/p>\n<div>\n<h3>G\u00e9rv\u00e1g\u00f3 fogaskerekek term\u00e9kspecifik\u00e1ci\u00f3i<\/h3>\n<p class=\"break-words\">Fedezze fel kiv\u00e1l\u00f3 min\u0151s\u00e9g\u0171 g\u00e9rfogaskerekeink k\u00edn\u00e1lat\u00e1t, amelyeket hat\u00e9kony er\u0151\u00e1tvitelre tervezt\u00fcnk 90\u00b0-os tengelysz\u00f6ggel \u00e9s 1:1 \u00e1tt\u00e9tellel. K\u00fcl\u00f6nb\u00f6z\u0151 anyagokban, fogt\u00edpusokban \u00e9s modulm\u00e9retekben kaphat\u00f3k, ezek a g\u00e9rfogaskerekek t\u00f6k\u00e9letesek ipari alkalmaz\u00e1sokhoz, g\u00e9pekhez \u00e9s egyedi m\u00e9rn\u00f6ki projektekhez.<\/p>\n<div class=\"overflow-x-auto my-2\">\n<table style=\"width: 100%;\" border=\"1\" width=\"100%\" cellspacing=\"0\" cellpadding=\"0\">\n<thead class=\"border-b border-primary\/20\">\n<tr class=\"border-primary\/10\">\n<th class=\"break-words\" style=\"width: 17.3016%;\"><strong>Term\u00e9kmodell<\/strong><\/th>\n<th class=\"break-words\" style=\"width: 7.46029%;\"><strong>Anyag<\/strong><\/th>\n<th class=\"break-words\" style=\"width: 7.93651%;\"><strong>Modul<\/strong><\/th>\n<th class=\"break-words\" style=\"width: 12.2222%;\"><strong>Fogak sz\u00e1ma<\/strong><\/th>\n<th class=\"break-words\" style=\"width: 13.0158%;\"><strong>Furat\u00e1tm\u00e9r\u0151 (mm)<\/strong><\/th>\n<th class=\"break-words\" style=\"width: 10.9524%;\"><strong>Fogt\u00edpus<\/strong><\/th>\n<th class=\"break-words\" style=\"width: 12.381%;\"><strong>Nyom\u00e1ssz\u00f6g<\/strong><\/th>\n<th class=\"break-words\" style=\"width: 8.88889%;\"><strong>Tengelysz\u00f6g<\/strong><\/th>\n<th class=\"break-words\" style=\"width: 9.52381%;\"><strong>S\u00faly (kg)<\/strong><\/th>\n<\/tr>\n<\/thead>\n<tbody>\n<tr class=\"border-primary\/10\">\n<td class=\"break-words\" style=\"width: 17.3016%;\">MG-ST-101<\/td>\n<td class=\"break-words\" style=\"width: 7.46029%;\">Ac\u00e9l<\/td>\n<td class=\"break-words\" style=\"width: 7.93651%;\">1.0<\/td>\n<td class=\"break-words\" style=\"width: 12.2222%;\">20<\/td>\n<td class=\"break-words\" style=\"width: 13.0158%;\">8<\/td>\n<td class=\"break-words\" style=\"width: 10.9524%;\">Egyenes<\/td>\n<td class=\"break-words\" style=\"width: 12.381%;\">20\u00b0<\/td>\n<td class=\"break-words\" style=\"width: 8.88889%;\">90\u00b0<\/td>\n<td class=\"break-words\" style=\"width: 9.52381%;\">0.15<\/td>\n<\/tr>\n<tr class=\"border-primary\/10\">\n<td class=\"break-words\" style=\"width: 17.3016%;\">MG-SP-152<\/td>\n<td class=\"break-words\" style=\"width: 7.46029%;\">Rozsdamentes ac\u00e9l<\/td>\n<td class=\"break-words\" style=\"width: 7.93651%;\">1.5<\/td>\n<td class=\"break-words\" style=\"width: 12.2222%;\">25<\/td>\n<td class=\"break-words\" style=\"width: 13.0158%;\">10<\/td>\n<td class=\"break-words\" style=\"width: 10.9524%;\">Spir\u00e1l<\/td>\n<td class=\"break-words\" style=\"width: 12.381%;\">20\u00b0<\/td>\n<td class=\"break-words\" style=\"width: 8.88889%;\">90\u00b0<\/td>\n<td class=\"break-words\" style=\"width: 9.52381%;\">0.25<\/td>\n<\/tr>\n<tr class=\"border-primary\/10\">\n<td class=\"break-words\" style=\"width: 17.3016%;\">MG-PL-203<\/td>\n<td class=\"break-words\" style=\"width: 7.46029%;\">M\u0171anyag (nejlon)<\/td>\n<td class=\"break-words\" style=\"width: 7.93651%;\">2.0<\/td>\n<td class=\"break-words\" style=\"width: 12.2222%;\">30<\/td>\n<td class=\"break-words\" style=\"width: 13.0158%;\">12<\/td>\n<td class=\"break-words\" style=\"width: 10.9524%;\">Egyenes<\/td>\n<td class=\"break-words\" style=\"width: 12.381%;\">20\u00b0<\/td>\n<td class=\"break-words\" style=\"width: 8.88889%;\">90\u00b0<\/td>\n<td class=\"break-words\" style=\"width: 9.52381%;\">0.10<\/td>\n<\/tr>\n<tr class=\"border-primary\/10\">\n<td class=\"break-words\" style=\"width: 17.3016%;\">MG-ST-254<\/td>\n<td class=\"break-words\" style=\"width: 7.46029%;\">Ac\u00e9l<\/td>\n<td class=\"break-words\" style=\"width: 7.93651%;\">2.5<\/td>\n<td class=\"break-words\" style=\"width: 12.2222%;\">20<\/td>\n<td class=\"break-words\" style=\"width: 13.0158%;\">15<\/td>\n<td class=\"break-words\" style=\"width: 10.9524%;\">Egyenes<\/td>\n<td class=\"break-words\" style=\"width: 12.381%;\">20\u00b0<\/td>\n<td class=\"break-words\" style=\"width: 8.88889%;\">90\u00b0<\/td>\n<td class=\"break-words\" style=\"width: 9.52381%;\">0.35<\/td>\n<\/tr>\n<tr class=\"border-primary\/10\">\n<td class=\"break-words\" style=\"width: 17.3016%;\">MG-SP-305<\/td>\n<td class=\"break-words\" style=\"width: 7.46029%;\">Rozsdamentes ac\u00e9l<\/td>\n<td class=\"break-words\" style=\"width: 7.93651%;\">3.0<\/td>\n<td class=\"break-words\" style=\"width: 12.2222%;\">25<\/td>\n<td class=\"break-words\" style=\"width: 13.0158%;\">20<\/td>\n<td class=\"break-words\" style=\"width: 10.9524%;\">Spir\u00e1l<\/td>\n<td class=\"break-words\" style=\"width: 12.381%;\">20\u00b0<\/td>\n<td class=\"break-words\" style=\"width: 8.88889%;\">90\u00b0<\/td>\n<td class=\"break-words\" style=\"width: 9.52381%;\">0.50<\/td>\n<\/tr>\n<tr class=\"border-primary\/10\">\n<td class=\"break-words\" style=\"width: 17.3016%;\">MG-AN-451<\/td>\n<td class=\"break-words\" style=\"width: 7.46029%;\">Alum\u00ednium<\/td>\n<td class=\"break-words\" style=\"width: 7.93651%;\">4.0<\/td>\n<td class=\"break-words\" style=\"width: 12.2222%;\">30<\/td>\n<td class=\"break-words\" style=\"width: 13.0158%;\">25<\/td>\n<td class=\"break-words\" style=\"width: 10.9524%;\">Egyenes<\/td>\n<td class=\"break-words\" style=\"width: 12.381%;\">20\u00b0<\/td>\n<td class=\"break-words\" style=\"width: 8.88889%;\">45\u00b0<\/td>\n<td class=\"break-words\" style=\"width: 9.52381%;\">0.40<\/td>\n<\/tr>\n<tr class=\"border-primary\/10\">\n<td class=\"break-words\" style=\"width: 17.3016%;\">MG-CH-502<\/td>\n<td class=\"break-words\" style=\"width: 7.46029%;\">Karbur\u00e1lt ac\u00e9l<\/td>\n<td class=\"break-words\" style=\"width: 7.93651%;\">5.0<\/td>\n<td class=\"break-words\" style=\"width: 12.2222%;\">20<\/td>\n<td class=\"break-words\" style=\"width: 13.0158%;\">30<\/td>\n<td class=\"break-words\" style=\"width: 10.9524%;\">Spir\u00e1l<\/td>\n<td class=\"break-words\" style=\"width: 12.381%;\">20\u00b0<\/td>\n<td class=\"break-words\" style=\"width: 8.88889%;\">90\u00b0<\/td>\n<td class=\"break-words\" style=\"width: 9.52381%;\">0.75<\/td>\n<\/tr>\n<\/tbody>\n<\/table>\n<h2>Kapcsol\u00f3d\u00f3 term\u00e9k<\/h2>\n<p><img loading=\"lazy\" decoding=\"async\" class=\"alignnone size-full wp-image-7104\" src=\"https:\/\/fmp-components.com\/wp-content\/uploads\/2025\/03\/miter-gear-product.webp\" alt=\"g\u00e9rhajt\u00f3m\u0171-term\u00e9k\" width=\"1000\" height=\"800\" title=\"\" srcset=\"https:\/\/fmp-components.com\/wp-content\/uploads\/2025\/03\/miter-gear-product.webp 1000w, https:\/\/fmp-components.com\/wp-content\/uploads\/2025\/03\/miter-gear-product-980x784.webp 980w, https:\/\/fmp-components.com\/wp-content\/uploads\/2025\/03\/miter-gear-product-480x384.webp 480w\" sizes=\"(min-width: 0px) and (max-width: 480px) 480px, (min-width: 481px) and (max-width: 980px) 980px, (min-width: 981px) 1000px, 100vw\" \/><\/p>\n<\/div>\n<\/div>\n<h2>A g\u00e9rv\u00e1g\u00f3 fogaskerekek jellemz\u0151i<\/h2>\n<div>\n<ul>\n<li class=\"break-words\"><strong>Der\u00e9ksz\u00f6g\u0171 \u00e1tvitel<\/strong>A g\u00e9rkerekek kifejezetten k\u00e9t, 90 fokos sz\u00f6gben metsz\u0151 tengely k\u00f6z\u00f6tti er\u0151- \u00e9s mozg\u00e1s\u00e1tvitelre szolg\u00e1lnak, \u00edgy ide\u00e1lisak kompakt elrendez\u00e9sekhez.<\/li>\n<li class=\"break-words\"><strong>1:1 \u00e1tt\u00e9tel<\/strong>Ezek a fogaskerekek azonos sebess\u00e9gar\u00e1nyt tartanak fenn a hajt\u00f3 \u00e9s a hajtott tengelyek k\u00f6z\u00f6tt, biztos\u00edtva az \u00e1lland\u00f3 forg\u00e1si sebess\u00e9get gyorsul\u00e1s vagy cs\u00f6kken\u00e9s n\u00e9lk\u00fcl.<\/li>\n<li class=\"break-words\"><strong>Egyenes fogkialak\u00edt\u00e1s<\/strong>A jellemz\u0151en egyenes v\u00e1g\u00e1s\u00fa fogazat\u00fa g\u00e9rfogaskerekek egyszer\u0171, m\u00e9gis hat\u00e9kony kapcsol\u00f3d\u00e1st biztos\u00edtanak a sima \u00e9s megb\u00edzhat\u00f3 m\u0171k\u00f6d\u00e9shez k\u00fcl\u00f6nf\u00e9le alkalmaz\u00e1sokban.<\/li>\n<li class=\"break-words\"><strong>Sokoldal\u00fa alkalmaz\u00e1sok<\/strong>Kialak\u00edt\u00e1suknak k\u00f6sz\u00f6nhet\u0151en a g\u00e9rfogaskerekeket sz\u00e9les k\u00f6rben haszn\u00e1lj\u00e1k olyan g\u00e9pekben, mint a robotika, az aut\u00f3ipari rendszerek \u00e9s az ipari berendez\u00e9sek, amelyek prec\u00edz ir\u00e1nyv\u00e1lt\u00e1sokat ig\u00e9nyelnek.<\/li>\n<li class=\"break-words\"><strong>Nagy szil\u00e1rds\u00e1g \u00e9s tart\u00f3ss\u00e1g<\/strong>A robusztus anyagokb\u00f3l k\u00e9sz\u00fclt Miter Gears fogaskerekek jelent\u0151s mechanikai ig\u00e9nybev\u00e9telnek vannak kit\u00e9ve, \u00edgy hossz\u00fa t\u00e1v\u00fa teljes\u00edtm\u00e9nyt \u00e9s megb\u00edzhat\u00f3s\u00e1got biztos\u00edtanak.<\/li>\n<\/ul>\n<h2>Az FMP-r\u0151l<\/h2>\n<p>Az FMP egy vezet\u0151 olasz fogasker\u00e9k- \u00e9s fogasl\u00e9cgy\u00e1rt\u00f3, amely szak\u00e9rtelm\u00e9r\u0151l ismert mind a szabv\u00e1nyos alkatr\u00e9szek, mind az egyedi megold\u00e1sok gy\u00e1rt\u00e1s\u00e1ban. A szabv\u00e1nyos alkatr\u00e9szek v\u00e1laszt\u00e9k\u00e1n t\u00fal az FMP specializ\u00e1l\u00f3dott szabv\u00e1nyos \u00e9s speci\u00e1lis fogaskerekek gy\u00e1rt\u00e1s\u00e1ban is, \u00fcgyfeleink \u00e1ltal biztos\u00edtott rajzok vagy mint\u00e1k alapj\u00e1n. Fogaskerekeink k\u00fcl\u00f6nf\u00e9le anyagokb\u00f3l kaphat\u00f3k, bele\u00e9rtve a sz\u00e9nac\u00e9lt, rozsdamentes ac\u00e9lt, alum\u00edniumot, rezet, s\u00e1rgarezet \u00e9s m\u0171anyag spir\u00e1lis vagy sz\u00f6gletes konfigur\u00e1ci\u00f3kat. Ha b\u00e1rmilyen ig\u00e9nye van egyedi fogasker\u00e9k-term\u00e9kekre, k\u00e9rj\u00fck, forduljon hozz\u00e1nk e-mailben. Az FMP elk\u00f6telezett, profi m\u00e9rn\u00f6k\u00f6kb\u0151l \u00e1ll\u00f3 csapata 24 \u00f3r\u00e1n bel\u00fcl v\u00e1laszol megkeres\u00e9s\u00e9re.<\/p>\n<p><img loading=\"lazy\" decoding=\"async\" class=\"alignnone size-full wp-image-7010\" src=\"https:\/\/fmp-components.com\/wp-content\/uploads\/2025\/03\/bevel-gear-3.webp\" alt=\"ferde fogasker\u00e9k\" width=\"1076\" height=\"721\" title=\"\" srcset=\"https:\/\/fmp-components.com\/wp-content\/uploads\/2025\/03\/bevel-gear-3.webp 1076w, https:\/\/fmp-components.com\/wp-content\/uploads\/2025\/03\/bevel-gear-3-980x657.webp 980w, https:\/\/fmp-components.com\/wp-content\/uploads\/2025\/03\/bevel-gear-3-480x322.webp 480w\" sizes=\"(min-width: 0px) and (max-width: 480px) 480px, (min-width: 481px) and (max-width: 980px) 980px, (min-width: 981px) 1076px, 100vw\" \/><\/p>\n<\/div>","protected":false},"excerpt":{"rendered":"<p>Miter Gears are a type of bevel gear designed to transmit power between intersecting shafts, typically at a 90-degree angle, with a 1:1 gear ratio, providing efficient and precise motion transfer in various mechanical applications. At FMP Company, we produce a diverse range of Miter Gears and offer customization to meet your specific requirements. If [&hellip;]<\/p>","protected":false},"featured_media":4722,"comment_status":"open","ping_status":"closed","template":"","meta":{"_et_pb_use_builder":"","_et_pb_old_content":"","_et_gb_content_width":""},"product_brand":[],"product_cat":[106],"product_tag":[],"class_list":{"0":"post-7035","1":"product","2":"type-product","3":"status-publish","4":"has-post-thumbnail","6":"product_cat-bevel-gears","8":"first","9":"instock","10":"shipping-taxable","11":"product-type-simple"},"_links":{"self":[{"href":"https:\/\/fmp-components.com\/hu\/wp-json\/wp\/v2\/product\/7035","targetHints":{"allow":["GET"]}}],"collection":[{"href":"https:\/\/fmp-components.com\/hu\/wp-json\/wp\/v2\/product"}],"about":[{"href":"https:\/\/fmp-components.com\/hu\/wp-json\/wp\/v2\/types\/product"}],"replies":[{"embeddable":true,"href":"https:\/\/fmp-components.com\/hu\/wp-json\/wp\/v2\/comments?post=7035"}],"wp:featuredmedia":[{"embeddable":true,"href":"https:\/\/fmp-components.com\/hu\/wp-json\/wp\/v2\/media\/4722"}],"wp:attachment":[{"href":"https:\/\/fmp-components.com\/hu\/wp-json\/wp\/v2\/media?parent=7035"}],"wp:term":[{"taxonomy":"product_brand","embeddable":true,"href":"https:\/\/fmp-components.com\/hu\/wp-json\/wp\/v2\/product_brand?post=7035"},{"taxonomy":"product_cat","embeddable":true,"href":"https:\/\/fmp-components.com\/hu\/wp-json\/wp\/v2\/product_cat?post=7035"},{"taxonomy":"product_tag","embeddable":true,"href":"https:\/\/fmp-components.com\/hu\/wp-json\/wp\/v2\/product_tag?post=7035"}],"curies":[{"name":"munkaf\u00fczet","href":"https:\/\/api.w.org\/{rel}","templated":true}]}}