{"id":7032,"date":"2025-03-14T08:14:15","date_gmt":"2025-03-14T08:14:15","guid":{"rendered":"https:\/\/fmp-components.com\/?post_type=product&#038;p=7032"},"modified":"2025-03-27T01:24:51","modified_gmt":"2025-03-27T01:24:51","slug":"spiral-miter-gears","status":"publish","type":"product","link":"https:\/\/fmp-components.com\/hu\/product\/spiral-miter-gears\/","title":{"rendered":"Spir\u00e1lis g\u00e9rv\u00e1g\u00f3 fogaskerekek"},"content":{"rendered":"<p>A spir\u00e1lis g\u00e9rhajt\u00f3m\u0171vek egyfajta <a href=\"https:\/\/fmp-components.com\/hu\/bevel-gear-2\/\">ferde fogasker\u00e9k<\/a> Csavaros fogazattal, amely der\u00e9ksz\u00f6gben tov\u00e1bb\u00edtja az er\u0151t a metsz\u0151 tengelyek k\u00f6z\u00f6tt, sim\u00e1bb m\u0171k\u00f6d\u00e9st \u00e9s nagyobb teherb\u00edr\u00e1st biztos\u00edtva az egyenes g\u00e9rfogaskerekekhez k\u00e9pest. Az FMP Company-n\u00e1l sz\u00e9les v\u00e1laszt\u00e9kban gy\u00e1rtunk spir\u00e1lis g\u00e9rfogaskerekeket, \u00e9s egyedi ig\u00e9nyeknek megfelel\u0151en testreszab\u00e1si lehet\u0151s\u00e9geket is k\u00edn\u00e1lunk. Ha nem tal\u00e1lja a keresett modellt a term\u00e9klist\u00e1nkban, lehet, hogy m\u00e9g nem ker\u00fclt felt\u00f6lt\u00e9sre \u2013 k\u00e9rj\u00fck, \u00edrjon nek\u00fcnk e-mailt ig\u00e9nyeivel, \u00e9s m\u00e9rn\u00f6keink 24 \u00f3r\u00e1n bel\u00fcl v\u00e1laszolnak.<\/p>\n<div data-scroll-horizontal=\"wrap-body\">\n<h2>Spir\u00e1lis g\u00e9rv\u00e1g\u00f3 fogasker\u00e9k specifik\u00e1ci\u00f3i<\/h2>\n<table style=\"width: 100%;\" border=\"1\" width=\"100%\" cellspacing=\"0\" cellpadding=\"0\">\n<tbody>\n<tr style=\"height: 43.20pt;\">\n<td class=\"et2\" style=\"height: 43.2pt; width: 13.9447%;\" width=\"83\" height=\"72\">Modell<\/td>\n<td class=\"et2\" style=\"width: 1.25628%;\" width=\"80\">Modul<\/td>\n<td class=\"et2\" style=\"width: 6.03015%;\" width=\"154\">Fogak<\/td>\n<td class=\"et2\" style=\"width: 10.6784%;\" width=\"80\">Spir\u00e1lis ir\u00e1ny<\/td>\n<td class=\"et2\" style=\"width: 8.54269%;\" width=\"153\">Oszt\u00e1s \u00e1tm\u00e9r\u0151je (mm)<\/td>\n<td class=\"et2\" style=\"width: 8.54272%;\" width=\"80\">Furat\u00e1tm\u00e9r\u0151 (mm)<\/td>\n<td class=\"et2\" style=\"width: 10.3015%;\" width=\"144\">Sz\u00e9less\u00e9g (mm)<\/td>\n<td class=\"et2\" style=\"width: 13.3166%;\" width=\"192\">Anyag<\/td>\n<td class=\"et2\" style=\"width: 8.0402%;\" width=\"101\">Nyom\u00e1ssz\u00f6g<\/td>\n<td class=\"et2\" style=\"width: 6.40699%;\" width=\"181\">H\u00e9lix sz\u00f6g<\/td>\n<td class=\"et2\" style=\"width: 14.5729%;\" width=\"80\">Alkalmaz\u00e1s<\/td>\n<\/tr>\n<tr style=\"height: 14.40pt;\">\n<td style=\"height: 14.4pt; width: 13.9447%;\" height=\"24\">SMG-20-2-RH<\/td>\n<td style=\"width: 1.25628%;\" align=\"right\">2<\/td>\n<td style=\"width: 6.03015%;\" align=\"right\">20<\/td>\n<td style=\"width: 10.6784%;\">Jobb k\u00e9z<\/td>\n<td style=\"width: 8.54269%;\" align=\"right\">40<\/td>\n<td style=\"width: 8.54272%;\" align=\"right\">12<\/td>\n<td style=\"width: 10.3015%;\" align=\"right\">9<\/td>\n<td style=\"width: 13.3166%;\">Edzett ac\u00e9l<\/td>\n<td style=\"width: 8.0402%;\">20\u00b0<\/td>\n<td style=\"width: 6.40699%;\">35\u00b0<\/td>\n<td style=\"width: 14.5729%;\">\u00c1ltal\u00e1nos ipari g\u00e9pek<\/td>\n<\/tr>\n<tr style=\"height: 14.40pt;\">\n<td style=\"height: 14.4pt; width: 13.9447%;\" height=\"24\">SMG-25-3-LH<\/td>\n<td style=\"width: 1.25628%;\" align=\"right\">3<\/td>\n<td style=\"width: 6.03015%;\" align=\"right\">25<\/td>\n<td style=\"width: 10.6784%;\">Bal k\u00e9z<\/td>\n<td style=\"width: 8.54269%;\" align=\"right\">75<\/td>\n<td style=\"width: 8.54272%;\" align=\"right\">20<\/td>\n<td style=\"width: 10.3015%;\" align=\"right\">15<\/td>\n<td style=\"width: 13.3166%;\">Karbur\u00e1lt ac\u00e9l<\/td>\n<td style=\"width: 8.0402%;\">20\u00b0<\/td>\n<td style=\"width: 6.40699%;\">35\u00b0<\/td>\n<td style=\"width: 14.5729%;\">Nagy nyomat\u00e9k\u00fa sebess\u00e9gv\u00e1lt\u00f3<\/td>\n<\/tr>\n<tr style=\"height: 14.40pt;\">\n<td style=\"height: 14.4pt; width: 13.9447%;\" height=\"24\">SMG-15-1.5-RH<\/td>\n<td style=\"width: 1.25628%;\" align=\"right\">1.5<\/td>\n<td style=\"width: 6.03015%;\" align=\"right\">15<\/td>\n<td style=\"width: 10.6784%;\">Jobb k\u00e9z<\/td>\n<td style=\"width: 8.54269%;\" align=\"right\">22.5<\/td>\n<td style=\"width: 8.54272%;\" align=\"right\">8<\/td>\n<td style=\"width: 10.3015%;\" align=\"right\">7<\/td>\n<td style=\"width: 13.3166%;\">Rozsdamentes ac\u00e9l (SUS303)<\/td>\n<td style=\"width: 8.0402%;\">20\u00b0<\/td>\n<td style=\"width: 6.40699%;\">35\u00b0<\/td>\n<td style=\"width: 14.5729%;\">\u00c9lelmiszer-feldolgoz\u00f3 berendez\u00e9sek<\/td>\n<\/tr>\n<tr style=\"height: 14.40pt;\">\n<td style=\"height: 14.4pt; width: 13.9447%;\" height=\"24\">SMG-30-4-LH<\/td>\n<td style=\"width: 1.25628%;\" align=\"right\">4<\/td>\n<td style=\"width: 6.03015%;\" align=\"right\">30<\/td>\n<td style=\"width: 10.6784%;\">Bal k\u00e9z<\/td>\n<td style=\"width: 8.54269%;\" align=\"right\">120<\/td>\n<td style=\"width: 8.54272%;\" align=\"right\">25<\/td>\n<td style=\"width: 10.3015%;\" align=\"right\">20<\/td>\n<td style=\"width: 13.3166%;\">\u00d6tv\u00f6z\u00f6tt ac\u00e9l (SCM415)<\/td>\n<td style=\"width: 8.0402%;\">20\u00b0<\/td>\n<td style=\"width: 6.40699%;\">35\u00b0<\/td>\n<td style=\"width: 14.5729%;\">Nagy teherb\u00edr\u00e1s\u00fa sz\u00e1ll\u00edt\u00f3szalagok<\/td>\n<\/tr>\n<tr style=\"height: 14.40pt;\">\n<td style=\"height: 14.4pt; width: 13.9447%;\" height=\"24\">SMG-18-2.5-RH<\/td>\n<td style=\"width: 1.25628%;\" align=\"right\">2.5<\/td>\n<td style=\"width: 6.03015%;\" align=\"right\">18<\/td>\n<td style=\"width: 10.6784%;\">Jobb k\u00e9z<\/td>\n<td style=\"width: 8.54269%;\" align=\"right\">45<\/td>\n<td style=\"width: 8.54272%;\" align=\"right\">15<\/td>\n<td style=\"width: 10.3015%;\" align=\"right\">12<\/td>\n<td style=\"width: 13.3166%;\">Edzett ac\u00e9l (fekete oxid)<\/td>\n<td style=\"width: 8.0402%;\">20\u00b0<\/td>\n<td style=\"width: 6.40699%;\">35\u00b0<\/td>\n<td style=\"width: 14.5729%;\">Aut\u00f3ipari rendszerek<\/td>\n<\/tr>\n<tr style=\"height: 14.40pt;\">\n<td style=\"height: 14.4pt; width: 13.9447%;\" height=\"24\">SMG-12-1-RH<\/td>\n<td style=\"width: 1.25628%;\" align=\"right\">1<\/td>\n<td style=\"width: 6.03015%;\" align=\"right\">12<\/td>\n<td style=\"width: 10.6784%;\">Jobb k\u00e9z<\/td>\n<td style=\"width: 8.54269%;\" align=\"right\">12<\/td>\n<td style=\"width: 8.54272%;\" align=\"right\">6<\/td>\n<td style=\"width: 10.3015%;\" align=\"right\">5<\/td>\n<td style=\"width: 13.3166%;\">S\u00e1rgar\u00e9z<\/td>\n<td style=\"width: 8.0402%;\">20\u00b0<\/td>\n<td style=\"width: 6.40699%;\">35\u00b0<\/td>\n<td style=\"width: 14.5729%;\">Prec\u00edzi\u00f3s m\u0171szerek<\/td>\n<\/tr>\n<tr style=\"height: 14.40pt;\">\n<td style=\"height: 14.4pt; width: 13.9447%;\" height=\"24\">SMG-35-5-LH<\/td>\n<td style=\"width: 1.25628%;\" align=\"right\">5<\/td>\n<td style=\"width: 6.03015%;\" align=\"right\">35<\/td>\n<td style=\"width: 10.6784%;\">Bal k\u00e9z<\/td>\n<td style=\"width: 8.54269%;\" align=\"right\">175<\/td>\n<td style=\"width: 8.54272%;\" align=\"right\">30<\/td>\n<td style=\"width: 10.3015%;\" align=\"right\">25<\/td>\n<td style=\"width: 13.3166%;\">Edzett ac\u00e9l<\/td>\n<td style=\"width: 8.0402%;\">20\u00b0<\/td>\n<td style=\"width: 6.40699%;\">35\u00b0<\/td>\n<td style=\"width: 14.5729%;\">B\u00e1ny\u00e1szati \u200b\u200bberendez\u00e9sek<\/td>\n<\/tr>\n<tr style=\"height: 14.40pt;\">\n<td style=\"height: 14.4pt; width: 13.9447%;\" height=\"24\">SMG-16-2-LH<\/td>\n<td style=\"width: 1.25628%;\" align=\"right\">2<\/td>\n<td style=\"width: 6.03015%;\" align=\"right\">16<\/td>\n<td style=\"width: 10.6784%;\">Bal k\u00e9z<\/td>\n<td style=\"width: 8.54269%;\" align=\"right\">32<\/td>\n<td style=\"width: 8.54272%;\" align=\"right\">10<\/td>\n<td style=\"width: 10.3015%;\" align=\"right\">8<\/td>\n<td style=\"width: 13.3166%;\">Rozsdamentes ac\u00e9l (SUS304)<\/td>\n<td style=\"width: 8.0402%;\">20\u00b0<\/td>\n<td style=\"width: 6.40699%;\">35\u00b0<\/td>\n<td style=\"width: 14.5729%;\">Tengeri alkalmaz\u00e1sok<\/td>\n<\/tr>\n<tr style=\"height: 14.40pt;\">\n<td style=\"height: 14.4pt; width: 13.9447%;\" height=\"24\">SMG-22-3-RH<\/td>\n<td style=\"width: 1.25628%;\" align=\"right\">3<\/td>\n<td style=\"width: 6.03015%;\" align=\"right\">22<\/td>\n<td style=\"width: 10.6784%;\">Jobb k\u00e9z<\/td>\n<td style=\"width: 8.54269%;\" align=\"right\">66<\/td>\n<td style=\"width: 8.54272%;\" align=\"right\">18<\/td>\n<td style=\"width: 10.3015%;\" align=\"right\">14<\/td>\n<td style=\"width: 13.3166%;\">\u00d6tv\u00f6z\u00f6tt ac\u00e9l (SCM435)<\/td>\n<td style=\"width: 8.0402%;\">20\u00b0<\/td>\n<td style=\"width: 6.40699%;\">35\u00b0<\/td>\n<td style=\"width: 14.5729%;\">Robotika<\/td>\n<\/tr>\n<tr style=\"height: 14.40pt;\">\n<td style=\"height: 14.4pt; width: 13.9447%;\" height=\"24\">SMG-28-4-RH<\/td>\n<td style=\"width: 1.25628%;\" align=\"right\">4<\/td>\n<td style=\"width: 6.03015%;\" align=\"right\">28<\/td>\n<td style=\"width: 10.6784%;\">Jobb k\u00e9z<\/td>\n<td style=\"width: 8.54269%;\" align=\"right\">112<\/td>\n<td style=\"width: 8.54272%;\" align=\"right\">22<\/td>\n<td style=\"width: 10.3015%;\" align=\"right\">18<\/td>\n<td style=\"width: 13.3166%;\">Karbur\u00e1lt ac\u00e9l<\/td>\n<td style=\"width: 8.0402%;\">20\u00b0<\/td>\n<td style=\"width: 6.40699%;\">35\u00b0<\/td>\n<td style=\"width: 14.5729%;\">\u00c9p\u00edt\u0151ipari g\u00e9pek<\/td>\n<\/tr>\n<\/tbody>\n<\/table>\n<h2>A spir\u00e1lis g\u00e9rv\u00e1g\u00f3 fogaskerekek jellemz\u0151i<\/h2>\n<div>\n<ul>\n<li class=\"break-words\"><strong>Spir\u00e1lis fogkialak\u00edt\u00e1s<\/strong>A spir\u00e1lis g\u00e9rfogaskerekek \u00edvelt spir\u00e1lis fogakkal rendelkeznek, amelyek fokozatos bekapcsol\u00f3d\u00e1st, sim\u00e1bb m\u0171k\u00f6d\u00e9st \u00e9s cs\u00f6kkentett zajszintet tesznek lehet\u0151v\u00e9 az egyenes forg\u00e1csol\u00e1s\u00fa fogaskerekekhez k\u00e9pest.<\/li>\n<li class=\"break-words\"><strong>Nagy teherb\u00edr\u00e1s<\/strong>A spir\u00e1lis fogazat egyenletesebben osztja el az er\u0151ket a fogasker\u00e9k fogain, lehet\u0151v\u00e9 t\u00e9ve ezeknek a fogaskerekeknek a nagyobb nyomat\u00e9k \u00e9s a nagyobb terhel\u00e9sek hat\u00e9konyabb kezel\u00e9s\u00e9t.<\/li>\n<li class=\"break-words\"><strong>Der\u00e9ksz\u00f6g\u0171 er\u0151\u00e1tvitel<\/strong>Ezek a fogaskerekek k\u00e9t, egym\u00e1st 90 fokos sz\u00f6gben metsz\u0151 tengely k\u00f6z\u00f6tti er\u0151\u00e1tvitelre szolg\u00e1lnak, \u00edgy ide\u00e1lisak kompakt mechanikus rendszerekhez.<\/li>\n<li class=\"break-words\"><strong>Fokozott hat\u00e9konys\u00e1g<\/strong>A spir\u00e1lis kialak\u00edt\u00e1s minimaliz\u00e1lja a rezg\u00e9st \u00e9s a holtj\u00e1t\u00e9kot, ami nagyobb hat\u00e9konys\u00e1got \u00e9s pontoss\u00e1got eredm\u00e9nyez az er\u0151\u00e1tviteli alkalmaz\u00e1sokban.<\/li>\n<li class=\"break-words\"><strong>Tart\u00f3ss\u00e1g \u00e9s hossz\u00fa \u00e9lettartam<\/strong>Kiv\u00e1l\u00f3 min\u0151s\u00e9g\u0171 anyagokb\u00f3l k\u00e9sz\u00fclt \u00e9s optim\u00e1lis fog\u00e9rintkez\u00e9sre tervezett spir\u00e1lis g\u00e9rfogaskerekek fokozott kop\u00e1s\u00e1ll\u00f3s\u00e1got \u00e9s hosszabb \u00e9lettartamot k\u00edn\u00e1lnak.<\/li>\n<\/ul>\n<p><img loading=\"lazy\" decoding=\"async\" class=\"alignnone size-full wp-image-7034\" src=\"https:\/\/fmp-components.com\/wp-content\/uploads\/2025\/03\/Spiral-Miter-Gears-Product.webp\" alt=\"Spir\u00e1lis g\u00e9rv\u00e1g\u00f3 fogaskerekek term\u00e9ke\" width=\"1200\" height=\"1200\" title=\"\" srcset=\"https:\/\/fmp-components.com\/wp-content\/uploads\/2025\/03\/Spiral-Miter-Gears-Product.webp 1200w, https:\/\/fmp-components.com\/wp-content\/uploads\/2025\/03\/Spiral-Miter-Gears-Product-980x980.webp 980w, https:\/\/fmp-components.com\/wp-content\/uploads\/2025\/03\/Spiral-Miter-Gears-Product-480x480.webp 480w\" sizes=\"(min-width: 0px) and (max-width: 480px) 480px, (min-width: 481px) and (max-width: 980px) 980px, (min-width: 981px) 1200px, 100vw\" \/><\/p>\n<\/div>\n<\/div>\n<div data-scroll-horizontal=\"wrap-body\">\n<h2>Az FMP-r\u0151l<\/h2>\n<p>Az FMP egy vezet\u0151 olasz fogasker\u00e9k- \u00e9s fogasl\u00e9cgy\u00e1rt\u00f3, amely szak\u00e9rtelm\u00e9r\u0151l ismert mind a szabv\u00e1nyos alkatr\u00e9szek, mind az egyedi megold\u00e1sok gy\u00e1rt\u00e1s\u00e1ban. A szabv\u00e1nyos alkatr\u00e9szek v\u00e1laszt\u00e9k\u00e1n t\u00fal az FMP specializ\u00e1l\u00f3dott szabv\u00e1nyos \u00e9s speci\u00e1lis fogaskerekek gy\u00e1rt\u00e1s\u00e1ban is, \u00fcgyfeleink \u00e1ltal biztos\u00edtott rajzok vagy mint\u00e1k alapj\u00e1n. Fogaskerekeink k\u00fcl\u00f6nf\u00e9le anyagokb\u00f3l kaphat\u00f3k, bele\u00e9rtve a sz\u00e9nac\u00e9lt, rozsdamentes ac\u00e9lt, alum\u00edniumot, rezet, s\u00e1rgarezet \u00e9s m\u0171anyag spir\u00e1lis vagy sz\u00f6gletes konfigur\u00e1ci\u00f3kat. Ha b\u00e1rmilyen ig\u00e9nye van egyedi fogasker\u00e9k-term\u00e9kekre, k\u00e9rj\u00fck, forduljon hozz\u00e1nk e-mailben. Az FMP elk\u00f6telezett, profi m\u00e9rn\u00f6k\u00f6kb\u0151l \u00e1ll\u00f3 csapata 24 \u00f3r\u00e1n bel\u00fcl v\u00e1laszol megkeres\u00e9s\u00e9re.<\/p>\n<p><img loading=\"lazy\" decoding=\"async\" class=\"alignnone size-full wp-image-7010\" src=\"https:\/\/fmp-components.com\/wp-content\/uploads\/2025\/03\/bevel-gear-3.webp\" alt=\"ferde fogasker\u00e9k\" width=\"1076\" height=\"721\" title=\"\" srcset=\"https:\/\/fmp-components.com\/wp-content\/uploads\/2025\/03\/bevel-gear-3.webp 1076w, https:\/\/fmp-components.com\/wp-content\/uploads\/2025\/03\/bevel-gear-3-980x657.webp 980w, https:\/\/fmp-components.com\/wp-content\/uploads\/2025\/03\/bevel-gear-3-480x322.webp 480w\" sizes=\"(min-width: 0px) and (max-width: 480px) 480px, (min-width: 481px) and (max-width: 980px) 980px, (min-width: 981px) 1076px, 100vw\" \/><\/p>\n<\/div>","protected":false},"excerpt":{"rendered":"<p>Spiral Miter Gears are a type of bevel gear with helical teeth designed to transmit power between intersecting shafts at a right angle, offering smoother operation and higher load capacity compared to straight miter gears. At FMP Company, we manufacture a wide variety of Spiral Miter Gears and also offer customization to meet your specific [&hellip;]<\/p>","protected":false},"featured_media":4344,"comment_status":"open","ping_status":"closed","template":"","meta":{"_et_pb_use_builder":"","_et_pb_old_content":"","_et_gb_content_width":""},"product_brand":[],"product_cat":[15],"product_tag":[],"class_list":{"0":"post-7032","1":"product","2":"type-product","3":"status-publish","4":"has-post-thumbnail","6":"product_cat-uncategorized","8":"first","9":"instock","10":"shipping-taxable","11":"product-type-simple"},"_links":{"self":[{"href":"https:\/\/fmp-components.com\/hu\/wp-json\/wp\/v2\/product\/7032","targetHints":{"allow":["GET"]}}],"collection":[{"href":"https:\/\/fmp-components.com\/hu\/wp-json\/wp\/v2\/product"}],"about":[{"href":"https:\/\/fmp-components.com\/hu\/wp-json\/wp\/v2\/types\/product"}],"replies":[{"embeddable":true,"href":"https:\/\/fmp-components.com\/hu\/wp-json\/wp\/v2\/comments?post=7032"}],"wp:featuredmedia":[{"embeddable":true,"href":"https:\/\/fmp-components.com\/hu\/wp-json\/wp\/v2\/media\/4344"}],"wp:attachment":[{"href":"https:\/\/fmp-components.com\/hu\/wp-json\/wp\/v2\/media?parent=7032"}],"wp:term":[{"taxonomy":"product_brand","embeddable":true,"href":"https:\/\/fmp-components.com\/hu\/wp-json\/wp\/v2\/product_brand?post=7032"},{"taxonomy":"product_cat","embeddable":true,"href":"https:\/\/fmp-components.com\/hu\/wp-json\/wp\/v2\/product_cat?post=7032"},{"taxonomy":"product_tag","embeddable":true,"href":"https:\/\/fmp-components.com\/hu\/wp-json\/wp\/v2\/product_tag?post=7032"}],"curies":[{"name":"munkaf\u00fczet","href":"https:\/\/api.w.org\/{rel}","templated":true}]}}