{"id":7026,"date":"2025-03-14T07:30:53","date_gmt":"2025-03-14T07:30:53","guid":{"rendered":"https:\/\/fmp-components.com\/?post_type=product&#038;p=7026"},"modified":"2025-03-27T01:25:36","modified_gmt":"2025-03-27T01:25:36","slug":"helical-bevel-gear","status":"publish","type":"product","link":"https:\/\/fmp-components.com\/hu\/product\/helical-bevel-gear\/","title":{"rendered":"Csavaros ferde fogasker\u00e9k"},"content":{"rendered":"<table style=\"border-collapse: collapse; width: 99.2%; height: 7px;\" border=\"0\" width=\"163\" cellspacing=\"0\" cellpadding=\"0\">\n<tbody>\n<tr style=\"height: 14.40pt;\">\n<td style=\"height: 14.40pt; width: 49.80pt;\" width=\"83\" height=\"24\"><img loading=\"lazy\" decoding=\"async\" class=\"alignnone size-full wp-image-7027\" src=\"https:\/\/fmp-components.com\/wp-content\/uploads\/2025\/03\/helical-bevel-gear-3.webp\" alt=\"ferde fogasker\u00e9k\" width=\"850\" height=\"589\" title=\"\" srcset=\"https:\/\/fmp-components.com\/wp-content\/uploads\/2025\/03\/helical-bevel-gear-3.webp 850w, https:\/\/fmp-components.com\/wp-content\/uploads\/2025\/03\/helical-bevel-gear-3-480x333.webp 480w\" sizes=\"(min-width: 0px) and (max-width: 480px) 480px, (min-width: 481px) 850px, 100vw\" \/><\/td>\n<td style=\"width: 48.00pt;\" align=\"right\" width=\"80\"><img loading=\"lazy\" decoding=\"async\" class=\"alignnone size-full wp-image-7028\" src=\"https:\/\/fmp-components.com\/wp-content\/uploads\/2025\/03\/helical-bevel-gear-2.webp\" alt=\"ferde fogasker\u00e9k\" width=\"835\" height=\"612\" title=\"\" srcset=\"https:\/\/fmp-components.com\/wp-content\/uploads\/2025\/03\/helical-bevel-gear-2.webp 835w, https:\/\/fmp-components.com\/wp-content\/uploads\/2025\/03\/helical-bevel-gear-2-480x352.webp 480w\" sizes=\"(min-width: 0px) and (max-width: 480px) 480px, (min-width: 481px) 835px, 100vw\" \/><\/td>\n<\/tr>\n<\/tbody>\n<\/table>\n<table class=\"table\" border=\"1\" width=\"100%\" cellspacing=\"0\" cellpadding=\"0\">\n<tbody>\n<tr class=\"firstRow\">\n<td valign=\"center\" width=\"132\">Modellsz\u00e1m<\/td>\n<td valign=\"center\" width=\"491\">M3, M4, M5, M8, M12 \u00e9s stb.<\/td>\n<\/tr>\n<tr>\n<td valign=\"center\" width=\"132\">Anyag<\/td>\n<td valign=\"center\" width=\"491\">S\u00e1rgar\u00e9z, C45 ac\u00e9l, rozsdamentes ac\u00e9l, r\u00e9z, POM, alum\u00ednium, \u00f6tv\u00f6zet \u00e9s \u00edgy tov\u00e1bb<\/td>\n<\/tr>\n<tr>\n<td valign=\"center\" width=\"132\">Fel\u00fcletkezel\u00e9s<\/td>\n<td valign=\"center\" width=\"491\">Cinkbevonat, Nikkelbevonat, Passziv\u00e1l\u00e1s, Oxid\u00e1ci\u00f3, Elox\u00e1l\u00e1s,<br \/>\nGeomet, Dacromet, Fekete-oxid, Foszfatiz\u00e1l\u00e1s, Porbevonatol\u00e1s \u00e9s Elektrofor\u00e9zis<\/td>\n<\/tr>\n<tr>\n<td valign=\"center\" width=\"132\">Standard<\/td>\n<td valign=\"center\" width=\"491\">ISO, DIN, ANSI, JIS, BS \u00e9s nem szabv\u00e1nyos.<\/td>\n<\/tr>\n<tr>\n<td valign=\"center\" width=\"132\">Pontoss\u00e1g<\/td>\n<td valign=\"center\" width=\"491\">DIN6, DIN7, DIN8, DIN9.<\/td>\n<\/tr>\n<tr>\n<td valign=\"center\" width=\"132\">Fog\u00e1szati \u200b\u200bkezel\u00e9s<\/td>\n<td valign=\"center\" width=\"491\">Edzett, mart vagy k\u00f6sz\u00f6r\u00fclt<\/td>\n<\/tr>\n<tr>\n<td valign=\"center\" width=\"132\">Tolerancia<\/td>\n<td valign=\"center\" width=\"491\">0,001 mm-0,01 mm-0,1 mm<\/td>\n<\/tr>\n<tr>\n<td valign=\"center\" width=\"132\">Befejez\u00e9s<\/td>\n<td valign=\"center\" width=\"491\">s\u00f6r\u00e9tez\u00e9s\/homokf\u00fav\u00e1s, h\u0151kezel\u00e9s, l\u00e1gy\u00edt\u00e1s, megereszt\u00e9s, pol\u00edroz\u00e1s, elox\u00e1l\u00e1s, horganyzott<\/td>\n<\/tr>\n<tr>\n<td valign=\"center\" width=\"132\">Csomagol\u00e1s<\/td>\n<td valign=\"center\" width=\"491\">M\u0171anyag zacsk\u00f3 + dobozok vagy fa csomagol\u00e1s<\/td>\n<\/tr>\n<tr>\n<td valign=\"center\" width=\"132\">Fizet\u00e9si felt\u00e9telek<\/td>\n<td valign=\"center\" width=\"491\">T\/T, L\/C<\/td>\n<\/tr>\n<tr>\n<td valign=\"center\" width=\"132\">Gy\u00e1rt\u00e1si \u00e1tfut\u00e1si id\u0151<\/td>\n<td valign=\"center\" width=\"491\">20 munkanap a minta eset\u00e9ben, 25 nap a t\u00f6meges mennyis\u00e9g eset\u00e9ben<\/td>\n<\/tr>\n<tr>\n<td valign=\"center\" width=\"132\">Mint\u00e1k<\/td>\n<td valign=\"center\" width=\"491\">Minta\u00e1r $2-t\u0151l $100-ig.<br \/>\nminta expressz k\u00e9r\u00e9s, amelyet az \u00fcgyfelek fizetnek<\/td>\n<\/tr>\n<tr>\n<td valign=\"center\" width=\"132\">Alkalmaz\u00e1s<\/td>\n<td valign=\"center\" width=\"491\">1. Automatikus vez\u00e9rl\u0151g\u00e9p<br \/>\n2. F\u00e9lvezet\u0151ipar<br \/>\n3. \u00c1ltal\u00e1nos ipari g\u00e9pek<br \/>\n4. Orvosi berendez\u00e9sek<br \/>\n5. Napenergia-berendez\u00e9sek<br \/>\n6. Szersz\u00e1mg\u00e9p<br \/>\n7. Parkol\u00f3rendszer<br \/>\n8. Nagysebess\u00e9g\u0171 vas\u00fati \u00e9s l\u00e9gi k\u00f6zleked\u00e9si eszk\u00f6z\u00f6k stb.<\/td>\n<\/tr>\n<\/tbody>\n<\/table>\n<h2>A ferde fogasker\u00e9k jellemz\u0151i<\/h2>\n<div>\n<ul>\n<li class=\"break-words\"><strong>Spir\u00e1lis fogkonfigur\u00e1ci\u00f3<\/strong>A ferde fogaskerekek egyes\u00edtik a ferde fogakat <a href=\"https:\/\/fmp-components.com\/hu\/bevel-gear-2\/\">ferde fogaskerekek<\/a> spir\u00e1lis csavarral, ahol a fogak \u00edveltek \u00e9s ferd\u00e9k, ami fokozatos \u00e9rintkez\u00e9st \u00e9s sim\u00e1bb kapcsol\u00f3d\u00e1st tesz lehet\u0151v\u00e9 az egyenes k\u00fapkerekekhez k\u00e9pest.<\/li>\n<li class=\"break-words\"><strong>Fokozott teherb\u00edr\u00e1s<\/strong>A spir\u00e1lis kialak\u00edt\u00e1s a kapcsol\u00f3d\u00e1sok sor\u00e1n t\u00f6bb fog k\u00f6z\u00f6tt osztja el az er\u0151ket, ami jav\u00edtja a fogasker\u00e9k nagyobb terhel\u00e9sek \u00e9s nyomat\u00e9kok kezel\u00e9s\u00e9nek k\u00e9pess\u00e9g\u00e9t, \u00edgy alkalmass\u00e1 teszi nagy teherb\u00edr\u00e1s\u00fa aut\u00f3ipari \u00e9s ipari alkalmaz\u00e1sokhoz.<\/li>\n<li class=\"break-words\"><strong>Cs\u00f6kkentett zaj \u00e9s rezg\u00e9s<\/strong>A ferde sz\u00f6gnek k\u00f6sz\u00f6nhet\u0151en a fokozatos fogak \u00f6sszekapcsol\u00f3d\u00e1sa minimaliz\u00e1lja az \u00fct\u00e9seket \u00e9s a cs\u00fasz\u00e1st, ami csendesebb m\u0171k\u00f6d\u00e9st \u00e9s alacsonyabb rezg\u00e9st eredm\u00e9nyez, \u00edgy ide\u00e1lis prec\u00edzi\u00f3s g\u00e9pekhez \u00e9s j\u00e1rm\u0171sebess\u00e9gv\u00e1lt\u00f3khoz.<\/li>\n<li class=\"break-words\"><strong>Sz\u00f6gletes er\u0151\u00e1tvitel<\/strong>M\u00e1s k\u00fapkerekekhez hasonl\u00f3an a ferde k\u00fapkerekek is er\u0151t tov\u00e1bb\u00edtanak a metsz\u0151 tengelyek k\u00f6z\u00f6tt (jellemz\u0151en 90 fokban), \u00edgy sokoldal\u00fas\u00e1got k\u00edn\u00e1lnak kompakt elrendez\u00e9sekben, p\u00e9ld\u00e1ul sebess\u00e9gv\u00e1lt\u00f3kban \u00e9s differenci\u00e1lm\u0171vekben.<\/li>\n<li class=\"break-words\"><strong>Nagy hat\u00e9konys\u00e1g \u00e9s tart\u00f3ss\u00e1g<\/strong>Robusztus anyagokb\u00f3l, p\u00e9ld\u00e1ul edzett ac\u00e9lb\u00f3l k\u00e9sz\u00fcltek, \u00e9s megfelel\u0151 ken\u00e9ssel p\u00e1rosulnak, ezek a fogaskerekek kiv\u00e1l\u00f3 hat\u00e9konys\u00e1got \u00e9s hossz\u00fa t\u00e1v\u00fa tart\u00f3ss\u00e1got biztos\u00edtanak ig\u00e9nyes k\u00f6r\u00fclm\u00e9nyek k\u00f6z\u00f6tt, kiegyens\u00falyozva a teljes\u00edtm\u00e9nyt \u00e9s a kop\u00e1s\u00e1ll\u00f3s\u00e1got.<\/li>\n<\/ul>\n<\/div>\n<p><img loading=\"lazy\" decoding=\"async\" class=\"alignnone size-full wp-image-7029\" src=\"https:\/\/fmp-components.com\/wp-content\/uploads\/2025\/03\/helical-bevel-gear-1.webp\" alt=\"ferde fogasker\u00e9k\" width=\"1000\" height=\"1000\" title=\"\" srcset=\"https:\/\/fmp-components.com\/wp-content\/uploads\/2025\/03\/helical-bevel-gear-1.webp 1000w, https:\/\/fmp-components.com\/wp-content\/uploads\/2025\/03\/helical-bevel-gear-1-980x980.webp 980w, https:\/\/fmp-components.com\/wp-content\/uploads\/2025\/03\/helical-bevel-gear-1-480x480.webp 480w\" sizes=\"(min-width: 0px) and (max-width: 480px) 480px, (min-width: 481px) and (max-width: 980px) 980px, (min-width: 981px) 1000px, 100vw\" \/><\/p>\n<h2>Az FMP-r\u0151l<\/h2>\n<p>Az FMP egy vezet\u0151 olasz fogasker\u00e9k- \u00e9s fogasl\u00e9cgy\u00e1rt\u00f3, amely szak\u00e9rtelm\u00e9r\u0151l ismert mind a szabv\u00e1nyos alkatr\u00e9szek, mind az egyedi megold\u00e1sok gy\u00e1rt\u00e1s\u00e1ban. A szabv\u00e1nyos alkatr\u00e9szek v\u00e1laszt\u00e9k\u00e1n t\u00fal az FMP specializ\u00e1l\u00f3dott szabv\u00e1nyos \u00e9s speci\u00e1lis fogaskerekek gy\u00e1rt\u00e1s\u00e1ban is, \u00fcgyfeleink \u00e1ltal biztos\u00edtott rajzok vagy mint\u00e1k alapj\u00e1n. Fogaskerekeink k\u00fcl\u00f6nf\u00e9le anyagokb\u00f3l kaphat\u00f3k, bele\u00e9rtve a sz\u00e9nac\u00e9lt, rozsdamentes ac\u00e9lt, alum\u00edniumot, rezet, s\u00e1rgarezet \u00e9s m\u0171anyag spir\u00e1lis vagy sz\u00f6gletes konfigur\u00e1ci\u00f3kat. Ha b\u00e1rmilyen ig\u00e9nye van egyedi fogasker\u00e9k-term\u00e9kekre, k\u00e9rj\u00fck, forduljon hozz\u00e1nk e-mailben. Az FMP elk\u00f6telezett, profi m\u00e9rn\u00f6k\u00f6kb\u0151l \u00e1ll\u00f3 csapata 24 \u00f3r\u00e1n bel\u00fcl v\u00e1laszol megkeres\u00e9s\u00e9re.<\/p>\n<p><img loading=\"lazy\" decoding=\"async\" class=\"alignnone size-full wp-image-7010\" src=\"https:\/\/fmp-components.com\/wp-content\/uploads\/2025\/03\/bevel-gear-3.webp\" alt=\"ferde fogasker\u00e9k\" width=\"1076\" height=\"721\" title=\"\" srcset=\"https:\/\/fmp-components.com\/wp-content\/uploads\/2025\/03\/bevel-gear-3.webp 1076w, https:\/\/fmp-components.com\/wp-content\/uploads\/2025\/03\/bevel-gear-3-980x657.webp 980w, https:\/\/fmp-components.com\/wp-content\/uploads\/2025\/03\/bevel-gear-3-480x322.webp 480w\" sizes=\"(min-width: 0px) and (max-width: 480px) 480px, (min-width: 481px) and (max-width: 980px) 980px, (min-width: 981px) 1076px, 100vw\" \/><\/p>","protected":false},"excerpt":{"rendered":"<p>Model Number M3,M4,M5,M8,M12 and etc. Material Brass, C45 steel, Stainless steel, Copper, POM, Aluminum, Alloy, and so on Surface treatment Zinc-plated, Nickel plated, Passivation, Oxidation, Anodization, Geomet, Dacromet, Black Oxide, Phosphatizing, Powder Coating, and Electrophoresis Standard ISO, DIN, ANSI, JIS, BS, and Non-standard. Precision DIN6,DIN7,DIN8,DIN9. Teeth treatment Hardened, Milled, or Ground Tolerance 0.001mm-0.01mm-0.1mm Finish shot\/sandblast, [&hellip;]<\/p>","protected":false},"featured_media":4335,"comment_status":"open","ping_status":"closed","template":"","meta":{"_et_pb_use_builder":"","_et_pb_old_content":"","_et_gb_content_width":""},"product_brand":[],"product_cat":[106],"product_tag":[],"class_list":{"0":"post-7026","1":"product","2":"type-product","3":"status-publish","4":"has-post-thumbnail","6":"product_cat-bevel-gears","8":"first","9":"instock","10":"shipping-taxable","11":"product-type-simple"},"_links":{"self":[{"href":"https:\/\/fmp-components.com\/hu\/wp-json\/wp\/v2\/product\/7026","targetHints":{"allow":["GET"]}}],"collection":[{"href":"https:\/\/fmp-components.com\/hu\/wp-json\/wp\/v2\/product"}],"about":[{"href":"https:\/\/fmp-components.com\/hu\/wp-json\/wp\/v2\/types\/product"}],"replies":[{"embeddable":true,"href":"https:\/\/fmp-components.com\/hu\/wp-json\/wp\/v2\/comments?post=7026"}],"wp:featuredmedia":[{"embeddable":true,"href":"https:\/\/fmp-components.com\/hu\/wp-json\/wp\/v2\/media\/4335"}],"wp:attachment":[{"href":"https:\/\/fmp-components.com\/hu\/wp-json\/wp\/v2\/media?parent=7026"}],"wp:term":[{"taxonomy":"product_brand","embeddable":true,"href":"https:\/\/fmp-components.com\/hu\/wp-json\/wp\/v2\/product_brand?post=7026"},{"taxonomy":"product_cat","embeddable":true,"href":"https:\/\/fmp-components.com\/hu\/wp-json\/wp\/v2\/product_cat?post=7026"},{"taxonomy":"product_tag","embeddable":true,"href":"https:\/\/fmp-components.com\/hu\/wp-json\/wp\/v2\/product_tag?post=7026"}],"curies":[{"name":"munkaf\u00fczet","href":"https:\/\/api.w.org\/{rel}","templated":true}]}}