{"id":7021,"date":"2025-03-14T06:47:26","date_gmt":"2025-03-14T06:47:26","guid":{"rendered":"https:\/\/fmp-components.com\/?post_type=product&#038;p=7021"},"modified":"2025-03-14T06:47:27","modified_gmt":"2025-03-14T06:47:27","slug":"zero-degree-spiral-bevel-gear","status":"publish","type":"product","link":"https:\/\/fmp-components.com\/hu\/product\/zero-degree-spiral-bevel-gear\/","title":{"rendered":"Nulla fokos spir\u00e1lis k\u00fapkerekes fogasker\u00e9k"},"content":{"rendered":"<h2>Specifik\u00e1ci\u00f3<\/h2>\n<table class=\"table\" border=\"1\" width=\"100%\" cellspacing=\"0\" cellpadding=\"0\">\n<tbody>\n<tr class=\"firstRow\">\n<td valign=\"center\" width=\"132\">Modellsz\u00e1m<\/td>\n<td valign=\"center\" width=\"491\">M3, M4, M5, M8, M12 \u00e9s stb.<\/td>\n<\/tr>\n<tr>\n<td valign=\"center\" width=\"132\">Anyag<\/td>\n<td valign=\"center\" width=\"491\">S\u00e1rgar\u00e9z, C45 ac\u00e9l, rozsdamentes ac\u00e9l, r\u00e9z, POM, alum\u00ednium, \u00f6tv\u00f6zet \u00e9s \u00edgy tov\u00e1bb<\/td>\n<\/tr>\n<tr>\n<td valign=\"center\" width=\"132\">Fel\u00fcletkezel\u00e9s<\/td>\n<td valign=\"center\" width=\"491\">Cinkbevonat, Nikkelbevonat, Passziv\u00e1l\u00e1s, Oxid\u00e1ci\u00f3, Elox\u00e1l\u00e1s,<br \/>\nGeomet, Dacromet, Fekete-oxid, Foszfatiz\u00e1l\u00e1s, Porbevonatol\u00e1s \u00e9s Elektrofor\u00e9zis<\/td>\n<\/tr>\n<tr>\n<td valign=\"center\" width=\"132\">Standard<\/td>\n<td valign=\"center\" width=\"491\">ISO, DIN, ANSI, JIS, BS \u00e9s nem szabv\u00e1nyos.<\/td>\n<\/tr>\n<tr>\n<td valign=\"center\" width=\"132\">Pontoss\u00e1g<\/td>\n<td valign=\"center\" width=\"491\">DIN6, DIN7, DIN8, DIN9.<\/td>\n<\/tr>\n<tr>\n<td valign=\"center\" width=\"132\">Fog\u00e1szati \u200b\u200bkezel\u00e9s<\/td>\n<td valign=\"center\" width=\"491\">Edzett, mart vagy k\u00f6sz\u00f6r\u00fclt<\/td>\n<\/tr>\n<tr>\n<td valign=\"center\" width=\"132\">Tolerancia<\/td>\n<td valign=\"center\" width=\"491\">0,001 mm-0,01 mm-0,1 mm<\/td>\n<\/tr>\n<tr>\n<td valign=\"center\" width=\"132\">Befejez\u00e9s<\/td>\n<td valign=\"center\" width=\"491\">s\u00f6r\u00e9tez\u00e9s\/homokf\u00fav\u00e1s, h\u0151kezel\u00e9s, l\u00e1gy\u00edt\u00e1s, megereszt\u00e9s, pol\u00edroz\u00e1s, elox\u00e1l\u00e1s, horganyzott<\/td>\n<\/tr>\n<tr>\n<td valign=\"center\" width=\"132\">Csomagol\u00e1s<\/td>\n<td valign=\"center\" width=\"491\">M\u0171anyag zacsk\u00f3 + dobozok vagy fa csomagol\u00e1s<\/td>\n<\/tr>\n<tr>\n<td valign=\"center\" width=\"132\">Fizet\u00e9si felt\u00e9telek<\/td>\n<td valign=\"center\" width=\"491\">T\/T, L\/C<\/td>\n<\/tr>\n<tr>\n<td valign=\"center\" width=\"132\">Gy\u00e1rt\u00e1si \u00e1tfut\u00e1si id\u0151<\/td>\n<td valign=\"center\" width=\"491\">20 munkanap a minta eset\u00e9ben, 25 nap a t\u00f6meges mennyis\u00e9g eset\u00e9ben<\/td>\n<\/tr>\n<tr>\n<td valign=\"center\" width=\"132\">Mint\u00e1k<\/td>\n<td valign=\"center\" width=\"491\">Minta\u00e1r $2-t\u0151l $100-ig.<br \/>\nminta expressz k\u00e9r\u00e9s, amelyet az \u00fcgyfelek fizetnek<\/td>\n<\/tr>\n<tr>\n<td valign=\"center\" width=\"132\">Alkalmaz\u00e1s<\/td>\n<td valign=\"center\" width=\"491\">1. Automatikus vez\u00e9rl\u0151g\u00e9p<br \/>\n2. F\u00e9lvezet\u0151ipar<br \/>\n3. \u00c1ltal\u00e1nos ipari g\u00e9pek<br \/>\n4. Orvosi berendez\u00e9sek<br \/>\n5. Napenergia-berendez\u00e9sek<br \/>\n6. Szersz\u00e1mg\u00e9p<br \/>\n7. Parkol\u00f3rendszer<br \/>\n8. Nagysebess\u00e9g\u0171 vas\u00fati \u00e9s l\u00e9gi k\u00f6zleked\u00e9si eszk\u00f6z\u00f6k stb.<\/td>\n<\/tr>\n<\/tbody>\n<\/table>\n<h2>A nulla fokos spir\u00e1lis k\u00fapkerekes fogasker\u00e9k jellemz\u0151i<\/h2>\n<div>\n<ul>\n<li class=\"break-words\"><strong>Egyenes foggeometria<\/strong>A tipikus, \u00edvelt fogazat\u00fa spir\u00e1lis k\u00fapkerekekkel ellent\u00e9tben a nulla fokos spir\u00e1lis k\u00fapkerekek egyenes, 0 fokos spir\u00e1lis sz\u00f6gben elhelyezked\u0151 fogakkal rendelkeznek, amelyek hasonl\u00edtanak az egyenes k\u00fapkerekekre, de k\u00fapos alak\u00faak a metsz\u0151 tengelyekhez.<\/li>\n<li class=\"break-words\"><strong>Hat\u00e9kony er\u0151\u00e1tvitel<\/strong>Ezek a fogaskerekek sima \u00e9s hat\u00e9kony nyomat\u00e9k\u00e1tvitelt biztos\u00edtanak a tengelyek k\u00f6z\u00f6tt sz\u00f6gben (\u00e1ltal\u00e1ban 90 fok), \u00edgy alkalmasak aut\u00f3ipari \u00e9s ipari alkalmaz\u00e1sokhoz, amelyek prec\u00edz ir\u00e1nyv\u00e1lt\u00e1st ig\u00e9nyelnek.<\/li>\n<li class=\"break-words\"><strong>Cs\u00f6kkentett zaj \u00e9s rezg\u00e9s<\/strong>A nulla fokos kialak\u00edt\u00e1s minimaliz\u00e1lja a fogak k\u00f6z\u00f6tti cs\u00fasz\u00f3 \u00e9rintkez\u00e9st a nagyobb spir\u00e1lsz\u00f6gekhez k\u00e9pest, ami csendesebb m\u0171k\u00f6d\u00e9st \u00e9s alacsonyabb rezg\u00e9st eredm\u00e9nyez, \u00edgy ide\u00e1lis zaj\u00e9rz\u00e9keny k\u00f6rnyezetbe.<\/li>\n<li class=\"break-words\"><strong>Egyszer\u0171s\u00edtett gy\u00e1rt\u00e1s<\/strong>Az egyenes fogazatnak \u00e9s a spir\u00e1lis g\u00f6rb\u00fcletnek k\u00f6sz\u00f6nhet\u0151en a nulla fokos spir\u00e1lis k\u00fapkerekek k\u00f6nnyebben \u00e9s olcs\u00f3bban gy\u00e1rthat\u00f3k, mint a hagyom\u00e1nyos spir\u00e1lis k\u00fapkerekek, mik\u00f6zben tov\u00e1bbra is robusztus teljes\u00edtm\u00e9nyt ny\u00fajtanak.<\/li>\n<li class=\"break-words\"><strong>Nagy teherb\u00edr\u00e1s<\/strong>Egyszer\u0171bb kialak\u00edt\u00e1suk ellen\u00e9re ezek a fogaskerekek tart\u00f3s anyagokb\u00f3l, p\u00e9ld\u00e1ul edzett ac\u00e9lb\u00f3l k\u00e9sz\u00fclnek, \u00edgy jelent\u0151s terhel\u00e9seket \u00e9s fesz\u00fclts\u00e9geket tudnak kezelni olyan rendszerekben, mint a differenci\u00e1lm\u0171vek vagy a sebess\u00e9gv\u00e1lt\u00f3k.<\/li>\n<\/ul>\n<div>\n<div>\n<h3>M\u0171anyag ferde fogasker\u00e9k-besz\u00e1ll\u00edt\u00f3<\/h3>\n<p>Az FMP minden m\u0171anyag fogaskereket k\u00edn\u00e1l, amire sz\u00fcks\u00e9ge lehet. Prec\u00edzi\u00f3s m\u0171anyag homlokkerekeket, m\u0171anyag fogasl\u00e9ceket, m\u0171anyag ferde \u00e9s k\u00fapkerekeket, m\u0171anyag csigakerekeket \u00e9s csig\u00e1kat, m\u0171anyag k\u00fapkerekeket, m\u0171anyag fogaskerekeket, m\u0171anyag fogaskerekeket \u00e9s m\u0171anyag fogasl\u00e9ceket k\u00edn\u00e1lunk.<\/p>\n<p>H\u00edvjon minket, ha seg\u00edts\u00e9gre van sz\u00fcks\u00e9ge a megfelel\u0151 fogasker\u00e9k megtal\u00e1l\u00e1s\u00e1hoz, vagy egy szabv\u00e1nyos katal\u00f3guscikk vagy egyedi terv m\u00f3dos\u00edt\u00e1s\u00e1hoz; m\u00e9rn\u00f6keink a legjobb megold\u00e1st k\u00edn\u00e1lj\u00e1k az \u00d6n alkalmaz\u00e1s\u00e1hoz.<\/p>\n<p><img loading=\"lazy\" decoding=\"async\" class=\"alignnone size-full wp-image-7019\" src=\"https:\/\/fmp-components.com\/wp-content\/uploads\/2025\/03\/Plastic-Bevel-Gears-Supplier1.webp\" alt=\"M\u0171anyag-K\u00fapkerekek-Besz\u00e1ll\u00edt\u00f3ja\" width=\"1200\" height=\"1000\" title=\"\" srcset=\"https:\/\/fmp-components.com\/wp-content\/uploads\/2025\/03\/Plastic-Bevel-Gears-Supplier1.webp 1200w, https:\/\/fmp-components.com\/wp-content\/uploads\/2025\/03\/Plastic-Bevel-Gears-Supplier1-980x817.webp 980w, https:\/\/fmp-components.com\/wp-content\/uploads\/2025\/03\/Plastic-Bevel-Gears-Supplier1-480x400.webp 480w\" sizes=\"(min-width: 0px) and (max-width: 480px) 480px, (min-width: 481px) and (max-width: 980px) 980px, (min-width: 981px) 1200px, 100vw\" \/><\/p>\n<\/div>\n<\/div>\n<div class=\"table-responsive\">\n<h2>Az FMP-r\u0151l<\/h2>\n<p>Az FMP egy vezet\u0151 olasz fogasker\u00e9k- \u00e9s fogasl\u00e9cgy\u00e1rt\u00f3, amely szak\u00e9rtelm\u00e9r\u0151l ismert mind a szabv\u00e1nyos alkatr\u00e9szek, mind az egyedi megold\u00e1sok gy\u00e1rt\u00e1s\u00e1ban. A szabv\u00e1nyos alkatr\u00e9szek v\u00e1laszt\u00e9k\u00e1n t\u00fal az FMP specializ\u00e1l\u00f3dott szabv\u00e1nyos \u00e9s speci\u00e1lis fogaskerekek gy\u00e1rt\u00e1s\u00e1ban is, \u00fcgyfeleink \u00e1ltal biztos\u00edtott rajzok vagy mint\u00e1k alapj\u00e1n. Fogaskerekeink k\u00fcl\u00f6nf\u00e9le anyagokb\u00f3l kaphat\u00f3k, bele\u00e9rtve a sz\u00e9nac\u00e9lt, rozsdamentes ac\u00e9lt, alum\u00edniumot, rezet, s\u00e1rgarezet \u00e9s m\u0171anyag spir\u00e1lis vagy sz\u00f6gletes konfigur\u00e1ci\u00f3kat. Ha b\u00e1rmilyen ig\u00e9nye van egyedi fogasker\u00e9k-term\u00e9kekre, k\u00e9rj\u00fck, forduljon hozz\u00e1nk e-mailben. Az FMP elk\u00f6telezett, profi m\u00e9rn\u00f6k\u00f6kb\u0151l \u00e1ll\u00f3 csapata 24 \u00f3r\u00e1n bel\u00fcl v\u00e1laszol megkeres\u00e9s\u00e9re.<\/p>\n<p><img loading=\"lazy\" decoding=\"async\" class=\"alignnone size-full wp-image-7010\" src=\"https:\/\/fmp-components.com\/wp-content\/uploads\/2025\/03\/bevel-gear-3.webp\" alt=\"ferde fogasker\u00e9k\" width=\"1076\" height=\"721\" title=\"\" srcset=\"https:\/\/fmp-components.com\/wp-content\/uploads\/2025\/03\/bevel-gear-3.webp 1076w, https:\/\/fmp-components.com\/wp-content\/uploads\/2025\/03\/bevel-gear-3-980x657.webp 980w, https:\/\/fmp-components.com\/wp-content\/uploads\/2025\/03\/bevel-gear-3-480x322.webp 480w\" sizes=\"(min-width: 0px) and (max-width: 480px) 480px, (min-width: 481px) and (max-width: 980px) 980px, (min-width: 981px) 1076px, 100vw\" \/><\/p>\n<\/div>\n<\/div>","protected":false},"excerpt":{"rendered":"<p>Specification Model Number M3,M4,M5,M8,M12 and etc. Material Brass, C45 steel, Stainless steel, Copper, POM, Aluminum, Alloy, and so on Surface treatment Zinc-plated, Nickel plated, Passivation, Oxidation, Anodization, Geomet, Dacromet, Black Oxide, Phosphatizing, Powder Coating, and Electrophoresis Standard ISO, DIN, ANSI, JIS, BS, and Non-standard. Precision DIN6,DIN7,DIN8,DIN9. Teeth treatment Hardened, Milled, or Ground Tolerance 0.001mm-0.01mm-0.1mm Finish [&hellip;]<\/p>","protected":false},"featured_media":4346,"comment_status":"open","ping_status":"closed","template":"","meta":{"_et_pb_use_builder":"","_et_pb_old_content":"","_et_gb_content_width":""},"product_brand":[],"product_cat":[106],"product_tag":[],"class_list":{"0":"post-7021","1":"product","2":"type-product","3":"status-publish","4":"has-post-thumbnail","6":"product_cat-bevel-gears","8":"first","9":"instock","10":"shipping-taxable","11":"product-type-simple"},"_links":{"self":[{"href":"https:\/\/fmp-components.com\/hu\/wp-json\/wp\/v2\/product\/7021","targetHints":{"allow":["GET"]}}],"collection":[{"href":"https:\/\/fmp-components.com\/hu\/wp-json\/wp\/v2\/product"}],"about":[{"href":"https:\/\/fmp-components.com\/hu\/wp-json\/wp\/v2\/types\/product"}],"replies":[{"embeddable":true,"href":"https:\/\/fmp-components.com\/hu\/wp-json\/wp\/v2\/comments?post=7021"}],"wp:featuredmedia":[{"embeddable":true,"href":"https:\/\/fmp-components.com\/hu\/wp-json\/wp\/v2\/media\/4346"}],"wp:attachment":[{"href":"https:\/\/fmp-components.com\/hu\/wp-json\/wp\/v2\/media?parent=7021"}],"wp:term":[{"taxonomy":"product_brand","embeddable":true,"href":"https:\/\/fmp-components.com\/hu\/wp-json\/wp\/v2\/product_brand?post=7021"},{"taxonomy":"product_cat","embeddable":true,"href":"https:\/\/fmp-components.com\/hu\/wp-json\/wp\/v2\/product_cat?post=7021"},{"taxonomy":"product_tag","embeddable":true,"href":"https:\/\/fmp-components.com\/hu\/wp-json\/wp\/v2\/product_tag?post=7021"}],"curies":[{"name":"munkaf\u00fczet","href":"https:\/\/api.w.org\/{rel}","templated":true}]}}