{"id":7020,"date":"2025-03-14T06:42:58","date_gmt":"2025-03-14T06:42:58","guid":{"rendered":"https:\/\/fmp-components.com\/?post_type=product&#038;p=7020"},"modified":"2025-03-27T01:27:19","modified_gmt":"2025-03-27T01:27:19","slug":"industrial-bevel-gears","status":"publish","type":"product","link":"https:\/\/fmp-components.com\/hu\/product\/industrial-bevel-gears\/","title":{"rendered":"Ipari k\u00fapkerekek"},"content":{"rendered":"<p><a href=\"https:\/\/fmp-components.com\/hu\/bevel-gear-2\/\">K\u00fapkerekes fogasker\u00e9k<\/a> M3-M20 \u00e1tm\u00e9r\u0151 1200 mm-en bel\u00fcl 20crmiti\/20crmnmo\/42CrMo anyagb\u00f3l k\u00e9sz\u00fclt reduktorhoz\/olajg\u00e9phez\/\u00e9p\u00edt\u0151g\u00e9phez\/teheraut\u00f3hoz\/mez\u0151gazdas\u00e1gi g\u00e9phez<\/p>\n<h2>Term\u00e9kle\u00edr\u00e1s<\/h2>\n<div class=\"table-responsive\">\n<table class=\"table\" style=\"width: 99.8343%; height: 197px;\" border=\"1\">\n<tbody>\n<tr>\n<td style=\"width: 29.443%;\">Alkalmaz\u00e1s:<\/td>\n<td style=\"width: 75.199%;\">G\u00e9pek, Tengeri, Mez\u0151gazdas\u00e1gi g\u00e9pek, Olajg\u00e9pek<\/td>\n<\/tr>\n<tr>\n<td style=\"width: 29.443%;\">Kem\u00e9nys\u00e9g:<\/td>\n<td style=\"width: 75.199%;\">Kem\u00e9nyedett fogfelsz\u00edn<\/td>\n<\/tr>\n<tr>\n<td style=\"width: 29.443%;\">Sebess\u00e9gv\u00e1lt\u00f3 \u00e1ll\u00e1sa:<\/td>\n<td style=\"width: 75.199%;\">K\u00fcls\u0151 fogasker\u00e9k<\/td>\n<\/tr>\n<tr>\n<td style=\"width: 29.443%;\">Gy\u00e1rt\u00e1si m\u00f3dszer:<\/td>\n<td style=\"width: 75.199%;\">Csiszol\u00f3felszerel\u00e9s<\/td>\n<\/tr>\n<tr>\n<td style=\"width: 29.443%;\">Fogazott r\u00e9sz alakja:<\/td>\n<td style=\"width: 75.199%;\">Ferde ker\u00e9k<\/td>\n<\/tr>\n<tr>\n<td style=\"width: 29.443%;\">Anyag:<\/td>\n<td style=\"width: 75.199%;\">20crmnti<\/td>\n<\/tr>\n<\/tbody>\n<tbody>\n<tr>\n<td>Fogasker\u00e9k-tengely modell<\/td>\n<td>Testreszabott felszerel\u00e9s az \u00fcgyfelek mint\u00e1ja vagy rajza szerint<\/td>\n<\/tr>\n<tr>\n<td>Feldolgoz\u00f3 g\u00e9p<\/td>\n<td>CNC g\u00e9p<\/td>\n<\/tr>\n<tr>\n<td>Anyag<\/td>\n<td>20CrMnTi\/ 20CrMnMo\/ 42CrMo\/ 45# ac\u00e9l\/ 40Cr\/ 20CrNi2MoA<\/td>\n<\/tr>\n<tr>\n<td>H\u0151kezel\u00e9s<\/td>\n<td>Karbur\u00e1l\u00e1s \u00e9s edz\u00e9s \/ Megereszt\u00e9s \/ Nitrid\u00e1l\u00e1s \/ Karbonitrid\u00e1l\u00e1s \/ Indukci\u00f3s edz\u00e9s<\/td>\n<\/tr>\n<tr>\n<td>Kem\u00e9nys\u00e9g<\/td>\n<td>58-62HRC<\/td>\n<\/tr>\n<tr>\n<td>Min\u0151s\u00e9gi szabv\u00e1ny<\/td>\n<td>GB\/ DIN\/ JIS\/ AGMA<\/td>\n<\/tr>\n<tr>\n<td>Pontoss\u00e1gi oszt\u00e1ly<\/td>\n<td>5-8. oszt\u00e1ly<\/td>\n<\/tr>\n<tr>\n<td>Sz\u00e1ll\u00edt\u00e1s<\/td>\n<td>Tengeri sz\u00e1ll\u00edt\u00e1s \/ L\u00e9gi sz\u00e1ll\u00edt\u00e1s \/ Expressz<\/td>\n<\/tr>\n<tr>\n<td>Sz\u00e1ll\u00edt\u00e1si id\u0151<\/td>\n<td>30 nap<\/td>\n<\/tr>\n<\/tbody>\n<\/table>\n<h2>Az FMP-r\u0151l<\/h2>\n<p>Az FMP egy vezet\u0151 olasz fogasker\u00e9k- \u00e9s fogasl\u00e9cgy\u00e1rt\u00f3, amely szak\u00e9rtelm\u00e9r\u0151l ismert mind a szabv\u00e1nyos alkatr\u00e9szek, mind az egyedi megold\u00e1sok gy\u00e1rt\u00e1s\u00e1ban. A szabv\u00e1nyos alkatr\u00e9szek v\u00e1laszt\u00e9k\u00e1n t\u00fal az FMP specializ\u00e1l\u00f3dott szabv\u00e1nyos \u00e9s speci\u00e1lis fogaskerekek gy\u00e1rt\u00e1s\u00e1ban is, \u00fcgyfeleink \u00e1ltal biztos\u00edtott rajzok vagy mint\u00e1k alapj\u00e1n. Fogaskerekeink k\u00fcl\u00f6nf\u00e9le anyagokb\u00f3l kaphat\u00f3k, bele\u00e9rtve a sz\u00e9nac\u00e9lt, rozsdamentes ac\u00e9lt, alum\u00edniumot, rezet, s\u00e1rgarezet \u00e9s m\u0171anyag spir\u00e1lis vagy sz\u00f6gletes konfigur\u00e1ci\u00f3kat. Ha b\u00e1rmilyen ig\u00e9nye van egyedi fogasker\u00e9k-term\u00e9kekre, k\u00e9rj\u00fck, forduljon hozz\u00e1nk e-mailben. Az FMP elk\u00f6telezett, profi m\u00e9rn\u00f6k\u00f6kb\u0151l \u00e1ll\u00f3 csapata 24 \u00f3r\u00e1n bel\u00fcl v\u00e1laszol megkeres\u00e9s\u00e9re.<\/p>\n<p><img loading=\"lazy\" decoding=\"async\" class=\"alignnone size-full wp-image-7010\" src=\"https:\/\/fmp-components.com\/wp-content\/uploads\/2025\/03\/bevel-gear-3.webp\" alt=\"ferde fogasker\u00e9k\" width=\"1076\" height=\"721\" title=\"\" srcset=\"https:\/\/fmp-components.com\/wp-content\/uploads\/2025\/03\/bevel-gear-3.webp 1076w, https:\/\/fmp-components.com\/wp-content\/uploads\/2025\/03\/bevel-gear-3-980x657.webp 980w, https:\/\/fmp-components.com\/wp-content\/uploads\/2025\/03\/bevel-gear-3-480x322.webp 480w\" sizes=\"(min-width: 0px) and (max-width: 480px) 480px, (min-width: 481px) and (max-width: 980px) 980px, (min-width: 981px) 1076px, 100vw\" \/><\/p>\n<\/div>","protected":false},"excerpt":{"rendered":"<p>Bevel Gear M3-M20 Diameter Within 1200mm Made of 20crmiti\/20crmnmo\/42CrMo for Reducer\/ Oil Machine\/ Construction Machinery\/ Truck\/ Agricultural Machinery Product Specification Application: Machinery, Marine, Agricultural Machinery, Oil Machinery Hardness: Hardened Tooth Surface Gear Position: External Gear Manufacturing Method: Grinding Gear Toothed Portion Shape: Bevel Wheel Material: 20crmnti Gear shaft model Customized gear accoding to customers sample [&hellip;]<\/p>","protected":false},"featured_media":4336,"comment_status":"open","ping_status":"closed","template":"","meta":{"_et_pb_use_builder":"","_et_pb_old_content":"","_et_gb_content_width":""},"product_brand":[],"product_cat":[106],"product_tag":[],"class_list":{"0":"post-7020","1":"product","2":"type-product","3":"status-publish","4":"has-post-thumbnail","6":"product_cat-bevel-gears","8":"first","9":"instock","10":"shipping-taxable","11":"product-type-simple"},"_links":{"self":[{"href":"https:\/\/fmp-components.com\/hu\/wp-json\/wp\/v2\/product\/7020","targetHints":{"allow":["GET"]}}],"collection":[{"href":"https:\/\/fmp-components.com\/hu\/wp-json\/wp\/v2\/product"}],"about":[{"href":"https:\/\/fmp-components.com\/hu\/wp-json\/wp\/v2\/types\/product"}],"replies":[{"embeddable":true,"href":"https:\/\/fmp-components.com\/hu\/wp-json\/wp\/v2\/comments?post=7020"}],"wp:featuredmedia":[{"embeddable":true,"href":"https:\/\/fmp-components.com\/hu\/wp-json\/wp\/v2\/media\/4336"}],"wp:attachment":[{"href":"https:\/\/fmp-components.com\/hu\/wp-json\/wp\/v2\/media?parent=7020"}],"wp:term":[{"taxonomy":"product_brand","embeddable":true,"href":"https:\/\/fmp-components.com\/hu\/wp-json\/wp\/v2\/product_brand?post=7020"},{"taxonomy":"product_cat","embeddable":true,"href":"https:\/\/fmp-components.com\/hu\/wp-json\/wp\/v2\/product_cat?post=7020"},{"taxonomy":"product_tag","embeddable":true,"href":"https:\/\/fmp-components.com\/hu\/wp-json\/wp\/v2\/product_tag?post=7020"}],"curies":[{"name":"munkaf\u00fczet","href":"https:\/\/api.w.org\/{rel}","templated":true}]}}