{"id":7016,"date":"2025-03-14T06:40:35","date_gmt":"2025-03-14T06:40:35","guid":{"rendered":"https:\/\/fmp-components.com\/?post_type=product&#038;p=7016"},"modified":"2025-03-27T01:30:16","modified_gmt":"2025-03-27T01:30:16","slug":"automotive-bevel-gear","status":"publish","type":"product","link":"https:\/\/fmp-components.com\/hu\/product\/automotive-bevel-gear\/","title":{"rendered":"Aut\u00f3ipari ferde fogasker\u00e9k"},"content":{"rendered":"<p>M\u00e9ret: \u03a63mm - \u03a6120mm<br \/>\nModul: M2.2<br \/>\nAnyagt\u00edpus: F\u00e9m az \u00fcgyf\u00e9l ig\u00e9nyei szerint<\/p>\n<h2>Term\u00e9kle\u00edr\u00e1s<\/h2>\n<div class=\"table-responsive\">\n<table class=\"table\" style=\"width: 100.25%; height: 353px;\" border=\"1\">\n<tbody>\n<tr>\n<td colspan=\"2\">Aut\u00f3ipari ferde fogasker\u00e9k<\/td>\n<\/tr>\n<tr>\n<td>Dimenzi\u00f3<\/td>\n<td>\u03a612mm<\/td>\n<\/tr>\n<tr>\n<td>Modul<\/td>\n<td>M0,15-M2,2<\/td>\n<\/tr>\n<tr>\n<td>Anyagt\u00edpus<\/td>\n<td>F\u00e9m, bronz, ac\u00e9l, \u00f6tv\u00f6zet, POM, cink, alum\u00ednium, vas, rozsdamentes, s\u00e1rgar\u00e9z, r\u00e9z<\/td>\n<\/tr>\n<tr>\n<td>H\u00e1l\u00f3min\u0151s\u00e9g<\/td>\n<td>JGMA 1, JIS 6, AGMA 13, DIN 6, Din5, AGMA12<\/td>\n<\/tr>\n<tr>\n<td>Alkalmaz\u00e1s<\/td>\n<td>Aut\u00f3ipar, Katonas\u00e1g, Rep\u00fcl\u0151g\u00e9p, G\u00e9p\u00e9szet, Ipar, Orvostudom\u00e1ny<\/td>\n<\/tr>\n<tr>\n<td>Testreszabott<\/td>\n<td>ODM\/OEM<\/td>\n<\/tr>\n<tr>\n<td>Minta<\/td>\n<td>Minta el\u00e9rhet\u0151<\/td>\n<\/tr>\n<tr>\n<td>Csomagol\u00e1si m\u00f3dok<\/td>\n<td>V\u00e1kuumcsomagolt, m\u0171anyag t\u00e1lc\u00e1val<\/td>\n<\/tr>\n<tr>\n<td>Sz\u00e1ll\u00edt\u00e1si m\u00f3dok<\/td>\n<td>DHL \u00e9s UPS<\/td>\n<\/tr>\n<tr>\n<td>Bizony\u00edtv\u00e1ny<\/td>\n<td>ISO 9001:2008\/TS16949<\/td>\n<\/tr>\n<\/tbody>\n<\/table>\n<\/div>\n<h2>Az aut\u00f3ipari ferde fogaskerekek jellemz\u0151i<\/h2>\n<div>\n<ul>\n<li class=\"break-words\"><strong>Sz\u00f6gletes er\u0151\u00e1tvitel<\/strong>: <a href=\"https:\/\/fmp-components.com\/hu\/bevel-gear-2\/\">K\u00fapkerekek<\/a> \u00dagy tervezt\u00e9k, hogy er\u0151t vigyenek \u00e1t olyan tengelyek k\u00f6z\u00f6tt, amelyek jellemz\u0151en 90 fokos sz\u00f6gben metszik egym\u00e1st, \u00edgy ide\u00e1lisak olyan alkalmaz\u00e1sokhoz, mint p\u00e9ld\u00e1ul a j\u00e1rm\u0171vek differenci\u00e1lm\u0171vei, ahol a nyomat\u00e9k ir\u00e1ny\u00e1nak meg kell v\u00e1ltoznia.<\/li>\n<li class=\"break-words\"><strong>Nagy teherb\u00edr\u00e1s<\/strong>Ezek a fogaskerekek jelent\u0151s nyomat\u00e9k \u00e9s terhel\u00e9s kezel\u00e9s\u00e9re vannak tervezve, biztos\u00edtva a tart\u00f3ss\u00e1got \u00e9s a megb\u00edzhat\u00f3s\u00e1got az aut\u00f3ipari \u00fczemeltet\u00e9s terhel\u00e9se alatt, p\u00e9ld\u00e1ul h\u00e1ts\u00f3ker\u00e9k- vagy \u00f6sszker\u00e9khajt\u00e1s\u00fa rendszerekben.<\/li>\n<li class=\"break-words\"><strong>Prec\u00edzi\u00f3s fogtervez\u00e9s<\/strong>A k\u00fapkerekek fogai sz\u00f6gben vannak v\u00e1gva (egyenes, spir\u00e1lis vagy hipoid), ami sima kapcsol\u00f3d\u00e1st \u00e9s hat\u00e9kony er\u0151\u00e1tvitelt tesz lehet\u0151v\u00e9, mik\u00f6zben cs\u00f6kkenti a zajt \u00e9s a rezg\u00e9st m\u0171k\u00f6d\u00e9s k\u00f6zben.<\/li>\n<li class=\"break-words\"><strong>Kompakt \u00e9s sokoldal\u00fa<\/strong>A k\u00fapkerekek kompakt kialak\u00edt\u00e1st tesznek lehet\u0151v\u00e9 az aut\u00f3ipari rendszerekben, p\u00e9ld\u00e1ul a tengelyekben \u00e9s a korm\u00e1nym\u0171vekben, mivel sz\u0171k helyekre is elf\u00e9rnek, mik\u00f6zben meg\u0151rzik a funkcionalit\u00e1sukat a k\u00fcl\u00f6nb\u00f6z\u0151 \u00e1tt\u00e9teli ar\u00e1nyok k\u00f6z\u00f6tt.<\/li>\n<li class=\"break-words\"><strong>Kop\u00e1s\u00e1ll\u00f3s\u00e1g<\/strong>Az edzett ac\u00e9lhoz vagy \u00f6tv\u00f6zetekhez hasonl\u00f3 robusztus anyagokb\u00f3l k\u00e9sz\u00fclt, \u00e9s gyakran ken\u0151rendszerekkel p\u00e1ros\u00edtott aut\u00f3ipari k\u00fapkerekek ellen\u00e1llnak a kop\u00e1snak \u00e9s meghosszabb\u00edtj\u00e1k az \u00e9lettartamot nagy sebess\u00e9g\u0171 \u00e9s nagy nyom\u00e1s\u00fa k\u00f6r\u00fclm\u00e9nyek k\u00f6z\u00f6tt.<\/li>\n<\/ul>\n<\/div>\n<div class=\"table-responsive\">\n<h2>Az FMP-r\u0151l<\/h2>\n<p>Az FMP egy vezet\u0151 olasz fogasker\u00e9k- \u00e9s fogasl\u00e9cgy\u00e1rt\u00f3, amely szak\u00e9rtelm\u00e9r\u0151l ismert mind a szabv\u00e1nyos alkatr\u00e9szek, mind az egyedi megold\u00e1sok gy\u00e1rt\u00e1s\u00e1ban. A szabv\u00e1nyos alkatr\u00e9szek v\u00e1laszt\u00e9k\u00e1n t\u00fal az FMP specializ\u00e1l\u00f3dott szabv\u00e1nyos \u00e9s speci\u00e1lis fogaskerekek gy\u00e1rt\u00e1s\u00e1ban is, \u00fcgyfeleink \u00e1ltal biztos\u00edtott rajzok vagy mint\u00e1k alapj\u00e1n. Fogaskerekeink k\u00fcl\u00f6nf\u00e9le anyagokb\u00f3l kaphat\u00f3k, bele\u00e9rtve a sz\u00e9nac\u00e9lt, rozsdamentes ac\u00e9lt, alum\u00edniumot, rezet, s\u00e1rgarezet \u00e9s m\u0171anyag spir\u00e1lis vagy sz\u00f6gletes konfigur\u00e1ci\u00f3kat. Ha b\u00e1rmilyen ig\u00e9nye van egyedi fogasker\u00e9k-term\u00e9kekre, k\u00e9rj\u00fck, forduljon hozz\u00e1nk e-mailben. Az FMP elk\u00f6telezett, profi m\u00e9rn\u00f6k\u00f6kb\u0151l \u00e1ll\u00f3 csapata 24 \u00f3r\u00e1n bel\u00fcl v\u00e1laszol megkeres\u00e9s\u00e9re.<\/p>\n<p><img loading=\"lazy\" decoding=\"async\" class=\"alignnone size-full wp-image-7010\" src=\"https:\/\/fmp-components.com\/wp-content\/uploads\/2025\/03\/bevel-gear-3.webp\" alt=\"ferde fogasker\u00e9k\" width=\"1076\" height=\"721\" title=\"\" srcset=\"https:\/\/fmp-components.com\/wp-content\/uploads\/2025\/03\/bevel-gear-3.webp 1076w, https:\/\/fmp-components.com\/wp-content\/uploads\/2025\/03\/bevel-gear-3-980x657.webp 980w, https:\/\/fmp-components.com\/wp-content\/uploads\/2025\/03\/bevel-gear-3-480x322.webp 480w\" sizes=\"(min-width: 0px) and (max-width: 480px) 480px, (min-width: 481px) and (max-width: 980px) 980px, (min-width: 981px) 1076px, 100vw\" \/><\/p>\n<\/div>","protected":false},"excerpt":{"rendered":"<p>Dimension:\u03a63mm- \u03a6120mm Module: M2.2 Material Type: Metal as customer required Product Specification Automotive Bevel Gear Dimension \u03a612mm Module M0.15-M2.2 Material Type Metal, Bronze, Steel, Alloy, POM, Zinc, Aluminum, Iron, Stainless, Brass, Copper Meshing Grade JGMA 1, JIS 6, AGMA 13, DIN 6,Din5,AGMA12 Application Automotive, Military, Aircraft, Mechanical, industrial, Medical Customized ODM\/OEM Sample Sample available Modes [&hellip;]<\/p>","protected":false},"featured_media":4331,"comment_status":"open","ping_status":"closed","template":"","meta":{"_et_pb_use_builder":"","_et_pb_old_content":"","_et_gb_content_width":""},"product_brand":[],"product_cat":[106],"product_tag":[],"class_list":{"0":"post-7016","1":"product","2":"type-product","3":"status-publish","4":"has-post-thumbnail","6":"product_cat-bevel-gears","8":"first","9":"instock","10":"shipping-taxable","11":"product-type-simple"},"_links":{"self":[{"href":"https:\/\/fmp-components.com\/hu\/wp-json\/wp\/v2\/product\/7016","targetHints":{"allow":["GET"]}}],"collection":[{"href":"https:\/\/fmp-components.com\/hu\/wp-json\/wp\/v2\/product"}],"about":[{"href":"https:\/\/fmp-components.com\/hu\/wp-json\/wp\/v2\/types\/product"}],"replies":[{"embeddable":true,"href":"https:\/\/fmp-components.com\/hu\/wp-json\/wp\/v2\/comments?post=7016"}],"wp:featuredmedia":[{"embeddable":true,"href":"https:\/\/fmp-components.com\/hu\/wp-json\/wp\/v2\/media\/4331"}],"wp:attachment":[{"href":"https:\/\/fmp-components.com\/hu\/wp-json\/wp\/v2\/media?parent=7016"}],"wp:term":[{"taxonomy":"product_brand","embeddable":true,"href":"https:\/\/fmp-components.com\/hu\/wp-json\/wp\/v2\/product_brand?post=7016"},{"taxonomy":"product_cat","embeddable":true,"href":"https:\/\/fmp-components.com\/hu\/wp-json\/wp\/v2\/product_cat?post=7016"},{"taxonomy":"product_tag","embeddable":true,"href":"https:\/\/fmp-components.com\/hu\/wp-json\/wp\/v2\/product_tag?post=7016"}],"curies":[{"name":"munkaf\u00fczet","href":"https:\/\/api.w.org\/{rel}","templated":true}]}}