{"id":7012,"date":"2025-03-14T06:22:07","date_gmt":"2025-03-14T06:22:07","guid":{"rendered":"https:\/\/fmp-components.com\/?post_type=product&#038;p=7012"},"modified":"2025-03-27T01:30:42","modified_gmt":"2025-03-27T01:30:42","slug":"plastic-bevel-gears","status":"publish","type":"product","link":"https:\/\/fmp-components.com\/hu\/product\/plastic-bevel-gears\/","title":{"rendered":"M\u0171anyag k\u00fapkerekek"},"content":{"rendered":"<h2>M\u0171anyag ferde fogaskerekek le\u00edr\u00e1sa<\/h2>\n<p>M\u00e9ret: \u03a612<br \/>\nModul: M0.25<br \/>\nAnyagt\u00edpus: M\u0171anyag, POM, Nejlon\u2026az \u00fcgyf\u00e9l ig\u00e9nyei szerint<br \/>\nAr\u00e1nyok: 1:1, 2:1, 3:1, 4:1, 5:1<br \/>\n\u00dczemi h\u0151m\u00e9rs\u00e9klet: -40\u00b0C \u00e9s 80\u00b0C k\u00f6z\u00f6tt<\/p>\n<table style=\"border-collapse: collapse; width: 102.442%; height: 315px;\" border=\"0\" width=\"163\" cellspacing=\"0\" cellpadding=\"0\">\n<tbody>\n<tr style=\"height: 14.40pt;\">\n<td style=\"height: 14.40pt; width: 49.80pt;\" align=\"right\" width=\"83\" height=\"24\"><img loading=\"lazy\" decoding=\"async\" class=\"alignnone size-full wp-image-7014\" src=\"https:\/\/fmp-components.com\/wp-content\/uploads\/2025\/03\/Plastic-Bevel-Gears-1.webp\" alt=\"M\u0171anyag k\u00fapkerekek\" width=\"520\" height=\"360\" title=\"\" srcset=\"https:\/\/fmp-components.com\/wp-content\/uploads\/2025\/03\/Plastic-Bevel-Gears-1.webp 520w, https:\/\/fmp-components.com\/wp-content\/uploads\/2025\/03\/Plastic-Bevel-Gears-1-480x332.webp 480w\" sizes=\"(min-width: 0px) and (max-width: 480px) 480px, (min-width: 481px) 520px, 100vw\" \/><\/td>\n<td style=\"width: 48.00pt;\" align=\"right\" width=\"80\"><img loading=\"lazy\" decoding=\"async\" class=\"alignnone size-full wp-image-7013\" src=\"https:\/\/fmp-components.com\/wp-content\/uploads\/2025\/03\/Plastic-Bevel-Gears.webp\" alt=\"M\u0171anyag k\u00fapkerekek\" width=\"520\" height=\"360\" title=\"\" srcset=\"https:\/\/fmp-components.com\/wp-content\/uploads\/2025\/03\/Plastic-Bevel-Gears.webp 520w, https:\/\/fmp-components.com\/wp-content\/uploads\/2025\/03\/Plastic-Bevel-Gears-480x332.webp 480w\" sizes=\"(min-width: 0px) and (max-width: 480px) 480px, (min-width: 481px) 520px, 100vw\" \/><\/td>\n<\/tr>\n<\/tbody>\n<\/table>\n<table style=\"width: 101.183%; height: 1072px;\" border=\"1\" cellspacing=\"0\" cellpadding=\"0\">\n<thead>\n<tr>\n<th rowspan=\"2\">Cikksz\u00e1m<br \/>\n(Link)<\/th>\n<td rowspan=\"2\">Hangmagass\u00e1g<br \/>\n(m\u00f3dos\u00edt\u00e1s)<\/td>\n<th rowspan=\"2\">Nem.<br \/>\na<br \/>\nFogak<\/th>\n<th colspan=\"9\" align=\"left\">Minden m\u00e9ret mm-ben megadva<\/th>\n<th rowspan=\"2\">S\u00e1rgar\u00e9z<br \/>\nBesz\u00far\u00e1s<br \/>\n\u00e9s<br \/>\nK\u00e9szlet<br \/>\nCsavar<\/th>\n<\/tr>\n<tr>\n<th>K\u00edv\u00fcl<br \/>\n\u00c1tm.<\/th>\n<th>Hangmagass\u00e1g<br \/>\n\u00c1tm.<\/th>\n<th>Furat<br \/>\n\u00c1tm.<br \/>\n\u201eB\u201d<\/th>\n<td>'CD'<\/td>\n<td>Ker\u00e9kagy<br \/>\nC bet\u0171<\/td>\n<td>F\u0151n\u00f6k<br \/>\nE hossz<\/td>\n<td>Fog<br \/>\nSz\u00e9less\u00e9g 'F'<\/td>\n<td>Hossz<br \/>\nG<\/td>\n<td>Hossz<br \/>\nH<\/td>\n<\/tr>\n<tr>\n<td colspan=\"13\">1:1 ar\u00e1ny<\/td>\n<\/tr>\n<\/thead>\n<tbody>\n<tr>\n<td>GB05M016<\/td>\n<td>0.5<\/td>\n<td>16<\/td>\n<td>8.7<\/td>\n<td>8.0<\/td>\n<td>3.0<\/td>\n<td>10.5<\/td>\n<td>7.0<\/td>\n<td>6.0<\/td>\n<td>2.0<\/td>\n<td>8.0<\/td>\n<td>8.0<\/td>\n<td><img decoding=\"async\" src=\"https:\/\/www.motionco.co.uk\/image\/data\/motionco\/no_icon_back.png\" alt=\"Nem\" title=\"\"><\/td>\n<\/tr>\n<tr>\n<td><\/td>\n<td><\/td>\n<td><\/td>\n<td><\/td>\n<td><\/td>\n<td><\/td>\n<td><\/td>\n<td><\/td>\n<td><\/td>\n<td><\/td>\n<td><\/td>\n<td><\/td>\n<td><\/td>\n<\/tr>\n<tr>\n<td>GB1M016<\/td>\n<td>1<\/td>\n<td>16<\/td>\n<td>17.6<\/td>\n<td>16<\/td>\n<td>5.0<\/td>\n<td>18.4<\/td>\n<td>12.0<\/td>\n<td>8.0<\/td>\n<td>4.7<\/td>\n<td>13.6<\/td>\n<td>13.6<\/td>\n<td><img decoding=\"async\" src=\"https:\/\/www.motionco.co.uk\/image\/data\/motionco\/no_icon_back.png\" alt=\"Nem\" title=\"\"><\/td>\n<\/tr>\n<tr>\n<td><\/td>\n<td><\/td>\n<td><\/td>\n<td><\/td>\n<td><\/td>\n<td><\/td>\n<td><\/td>\n<td><\/td>\n<td><\/td>\n<td><\/td>\n<td><\/td>\n<td><\/td>\n<td><\/td>\n<\/tr>\n<tr>\n<td>GB1M016BS<\/td>\n<td>1<\/td>\n<td>16<\/td>\n<td>17.6<\/td>\n<td>16<\/td>\n<td>5.0<\/td>\n<td>18.4<\/td>\n<td>16.0<\/td>\n<td>8.0<\/td>\n<td>4.7<\/td>\n<td>13.6<\/td>\n<td>13.6<\/td>\n<td><img decoding=\"async\" src=\"https:\/\/www.motionco.co.uk\/image\/data\/motionco\/affirmative.png\" alt=\"Igen\" title=\"\"><\/td>\n<\/tr>\n<\/tbody>\n<thead>\n<tr>\n<td colspan=\"13\">2:1 ar\u00e1ny<\/td>\n<\/tr>\n<\/thead>\n<tbody>\n<tr>\n<td rowspan=\"2\">GB1M215030<\/td>\n<td rowspan=\"2\">1<\/td>\n<td>15<\/td>\n<td>16.8<\/td>\n<td>15.0<\/td>\n<td>5.0<\/td>\n<td>26.4<\/td>\n<td>12.2<\/td>\n<td>10.6<\/td>\n<td>6.6<\/td>\n<td>17.0<\/td>\n<td>17.0<\/td>\n<td><img decoding=\"async\" src=\"https:\/\/www.motionco.co.uk\/image\/data\/motionco\/no_icon_back.png\" alt=\"Nem\" title=\"\"><\/td>\n<\/tr>\n<tr>\n<td>30<\/td>\n<td>31.1<\/td>\n<td>30.0<\/td>\n<td>8.0<\/td>\n<td>20.9<\/td>\n<td>18.0<\/td>\n<td>9.1<\/td>\n<td>6.6<\/td>\n<td>14.8<\/td>\n<td>16.2<\/td>\n<td><img decoding=\"async\" src=\"https:\/\/www.motionco.co.uk\/image\/data\/motionco\/no_icon_back.png\" alt=\"Nem\" title=\"\"><\/td>\n<\/tr>\n<tr>\n<td><\/td>\n<td><\/td>\n<td><\/td>\n<td><\/td>\n<td><\/td>\n<td><\/td>\n<td><\/td>\n<td><\/td>\n<td><\/td>\n<td><\/td>\n<td><\/td>\n<td><\/td>\n<td><\/td>\n<\/tr>\n<tr>\n<td rowspan=\"2\">GB1M215030BS<\/td>\n<td rowspan=\"2\">1<\/td>\n<td>15<\/td>\n<td>16.8<\/td>\n<td>15.0<\/td>\n<td>5.0<\/td>\n<td>26.4<\/td>\n<td>16.0<\/td>\n<td>10.6<\/td>\n<td>6.6<\/td>\n<td>17.0<\/td>\n<td>17.0<\/td>\n<td><img decoding=\"async\" src=\"https:\/\/www.motionco.co.uk\/image\/data\/motionco\/affirmative.png\" alt=\"Igen\" title=\"\"><\/td>\n<\/tr>\n<tr>\n<td>30<\/td>\n<td>31.1<\/td>\n<td>30.0<\/td>\n<td>4.0<\/td>\n<td>20.9<\/td>\n<td>18.0<\/td>\n<td>9.1<\/td>\n<td>6.6<\/td>\n<td>14.8<\/td>\n<td>16.2<\/td>\n<td><img decoding=\"async\" src=\"https:\/\/www.motionco.co.uk\/image\/data\/motionco\/affirmative.png\" alt=\"Igen\" title=\"\"><\/td>\n<\/tr>\n<\/tbody>\n<thead>\n<tr>\n<td colspan=\"13\">3:1 ar\u00e1ny<\/td>\n<\/tr>\n<\/thead>\n<tbody>\n<tr>\n<td rowspan=\"2\">GB1M315045<\/td>\n<td rowspan=\"2\">1<\/td>\n<td>15<\/td>\n<td>16.6<\/td>\n<td>15.0<\/td>\n<td>5.0<\/td>\n<td>34.3<\/td>\n<td>12.3<\/td>\n<td>11.0<\/td>\n<td>9.2<\/td>\n<td><\/td>\n<td>20.4<\/td>\n<td><img decoding=\"async\" src=\"https:\/\/www.motionco.co.uk\/image\/data\/motionco\/no_icon_back.png\" alt=\"Nem\" title=\"\"><\/td>\n<\/tr>\n<tr>\n<td>45<\/td>\n<td>46.1<\/td>\n<td>45.0<\/td>\n<td>10.0<\/td>\n<td>22.7<\/td>\n<td>23.4<\/td>\n<td>9.6<\/td>\n<td>9.2<\/td>\n<td>16.5<\/td>\n<td>18.2<\/td>\n<td><img decoding=\"async\" src=\"https:\/\/www.motionco.co.uk\/image\/data\/motionco\/no_icon_back.png\" alt=\"Nem\" title=\"\"><\/td>\n<\/tr>\n<tr>\n<td><\/td>\n<td><\/td>\n<td><\/td>\n<td><\/td>\n<td><\/td>\n<td><\/td>\n<td><\/td>\n<td><\/td>\n<td><\/td>\n<td><\/td>\n<td><\/td>\n<td><\/td>\n<td><\/td>\n<\/tr>\n<tr>\n<td rowspan=\"2\">GB1M315045BS<\/td>\n<td rowspan=\"2\">1<\/td>\n<td>15<\/td>\n<td>16.6<\/td>\n<td>15.0<\/td>\n<td>5.0<\/td>\n<td>34.3<\/td>\n<td>16.0<\/td>\n<td>11.0<\/td>\n<td>9.2<\/td>\n<td><\/td>\n<td>20.4<\/td>\n<td><img decoding=\"async\" src=\"https:\/\/www.motionco.co.uk\/image\/data\/motionco\/affirmative.png\" alt=\"Igen\" title=\"\"><\/td>\n<\/tr>\n<tr>\n<td>45<\/td>\n<td>46.1<\/td>\n<td>45.0<\/td>\n<td>6.0<\/td>\n<td>22.7<\/td>\n<td>23.4<\/td>\n<td>9.6<\/td>\n<td>9.2<\/td>\n<td>16.5<\/td>\n<td>18.2<\/td>\n<td><img decoding=\"async\" src=\"https:\/\/www.motionco.co.uk\/image\/data\/motionco\/affirmative.png\" alt=\"Igen\" title=\"\"><\/td>\n<\/tr>\n<\/tbody>\n<thead>\n<tr>\n<td colspan=\"13\">4:1 ar\u00e1ny<\/td>\n<\/tr>\n<\/thead>\n<tbody>\n<tr>\n<td rowspan=\"2\">GB1M410040<\/td>\n<td rowspan=\"2\">1<\/td>\n<td>10<\/td>\n<td>12.0<\/td>\n<td>10.0<\/td>\n<td>4.0<\/td>\n<td>30.1<\/td>\n<td>7.8<\/td>\n<td>9.3<\/td>\n<td>8.2<\/td>\n<td><\/td>\n<td>17.7<\/td>\n<td><img decoding=\"async\" src=\"https:\/\/www.motionco.co.uk\/image\/data\/motionco\/no_icon_back.png\" alt=\"Nem\" title=\"\"><\/td>\n<\/tr>\n<tr>\n<td>40<\/td>\n<td>40.8<\/td>\n<td>40.0<\/td>\n<td>10.0<\/td>\n<td>20.1<\/td>\n<td>23.4<\/td>\n<td>10.8<\/td>\n<td>8.2<\/td>\n<td>15.7<\/td>\n<td>17.0<\/td>\n<td><img decoding=\"async\" src=\"https:\/\/www.motionco.co.uk\/image\/data\/motionco\/no_icon_back.png\" alt=\"Nem\" title=\"\"><\/td>\n<\/tr>\n<tr>\n<td><\/td>\n<td><\/td>\n<td><\/td>\n<td><\/td>\n<td><\/td>\n<td><\/td>\n<td><\/td>\n<td><\/td>\n<td><\/td>\n<td><\/td>\n<td><\/td>\n<td><\/td>\n<td><\/td>\n<\/tr>\n<tr>\n<td rowspan=\"2\">GB1M410040BS<\/td>\n<td rowspan=\"2\">1<\/td>\n<td>10<\/td>\n<td>12.0<\/td>\n<td>10.0<\/td>\n<td>4.0<\/td>\n<td>30.1<\/td>\n<td>12.7<\/td>\n<td>9.3<\/td>\n<td>8.2<\/td>\n<td><\/td>\n<td>17.7<\/td>\n<td><img decoding=\"async\" src=\"https:\/\/www.motionco.co.uk\/image\/data\/motionco\/affirmative.png\" alt=\"Igen\" title=\"\"><\/td>\n<\/tr>\n<tr>\n<td>40<\/td>\n<td>40.8<\/td>\n<td>40.0<\/td>\n<td>6.0<\/td>\n<td>20.1<\/td>\n<td>23.4<\/td>\n<td>10.8<\/td>\n<td>8.2<\/td>\n<td>15.7<\/td>\n<td>17.0<\/td>\n<td><img decoding=\"async\" src=\"https:\/\/www.motionco.co.uk\/image\/data\/motionco\/affirmative.png\" alt=\"Igen\" title=\"\"><\/td>\n<\/tr>\n<\/tbody>\n<thead>\n<tr>\n<td colspan=\"13\">5:1 ar\u00e1ny<\/td>\n<\/tr>\n<\/thead>\n<tbody>\n<tr>\n<td rowspan=\"2\">GB1M512060<\/td>\n<td rowspan=\"2\">1<\/td>\n<td>12<\/td>\n<td>13.7<\/td>\n<td>12.0<\/td>\n<td>4.0<\/td>\n<td>40.5<\/td>\n<td>9.5<\/td>\n<td>10.0<\/td>\n<td>9.5<\/td>\n<td><\/td>\n<td>20.3<\/td>\n<td><img decoding=\"async\" src=\"https:\/\/www.motionco.co.uk\/image\/data\/motionco\/no_icon_back.png\" alt=\"Nem\" title=\"\"><\/td>\n<\/tr>\n<tr>\n<td>60<\/td>\n<td>60.4<\/td>\n<td>60<\/td>\n<td>10.0<\/td>\n<td>21.0<\/td>\n<td>20.5<\/td>\n<td>11.0<\/td>\n<td>9.5<\/td>\n<td>15.5<\/td>\n<td>17.4<\/td>\n<td><img decoding=\"async\" src=\"https:\/\/www.motionco.co.uk\/image\/data\/motionco\/no_icon_back.png\" alt=\"Nem\" title=\"\"><\/td>\n<\/tr>\n<tr>\n<td><\/td>\n<td><\/td>\n<td><\/td>\n<td><\/td>\n<td><\/td>\n<td><\/td>\n<td><\/td>\n<td><\/td>\n<td><\/td>\n<td><\/td>\n<td><\/td>\n<td><\/td>\n<td><\/td>\n<\/tr>\n<tr>\n<td rowspan=\"2\">GB1M512060BS<\/td>\n<td rowspan=\"2\">1<\/td>\n<td>12<\/td>\n<td>13.7<\/td>\n<td>12.0<\/td>\n<td>4.0<\/td>\n<td>40.5<\/td>\n<td>14.3<\/td>\n<td>10.0<\/td>\n<td>9.5<\/td>\n<td><\/td>\n<td>20.3<\/td>\n<td><img decoding=\"async\" src=\"https:\/\/www.motionco.co.uk\/image\/data\/motionco\/affirmative.png\" alt=\"Igen\" title=\"\"><\/td>\n<\/tr>\n<tr>\n<td>60<\/td>\n<td>60.4<\/td>\n<td>60<\/td>\n<td>6.0<\/td>\n<td>21.0<\/td>\n<td>20.5<\/td>\n<td>11.0<\/td>\n<td>9.5<\/td>\n<td>15.5<\/td>\n<td>17.4<\/td>\n<td><img decoding=\"async\" src=\"https:\/\/www.motionco.co.uk\/image\/data\/motionco\/affirmative.png\" alt=\"Igen\" title=\"\"><\/td>\n<\/tr>\n<tr>\n<td><\/td>\n<td><\/td>\n<td><\/td>\n<td><\/td>\n<td><\/td>\n<td><\/td>\n<td><\/td>\n<td><\/td>\n<td><\/td>\n<td><\/td>\n<td><\/td>\n<td><\/td>\n<td><\/td>\n<\/tr>\n<tr>\n<td>GB1M512*<\/td>\n<td>1<\/td>\n<td>12<\/td>\n<td>13.7<\/td>\n<td>12.0<\/td>\n<td>4.0<\/td>\n<td>40.5<\/td>\n<td>9.5<\/td>\n<td>10.0<\/td>\n<td>9.5<\/td>\n<td><\/td>\n<td>20.3<\/td>\n<td><img decoding=\"async\" src=\"https:\/\/www.motionco.co.uk\/image\/data\/motionco\/no_icon_back.png\" alt=\"Nem\" title=\"\"><\/td>\n<\/tr>\n<tr>\n<td>GB1M512BS*<\/td>\n<td>1<\/td>\n<td>12<\/td>\n<td>13.7<\/td>\n<td>12.0<\/td>\n<td>4.0<\/td>\n<td>40.5<\/td>\n<td>14.3<\/td>\n<td>10.0<\/td>\n<td>9.5<\/td>\n<td><\/td>\n<td>20.3<\/td>\n<td><img decoding=\"async\" src=\"https:\/\/www.motionco.co.uk\/image\/data\/motionco\/affirmative.png\" alt=\"Igen\" title=\"\"><\/td>\n<\/tr>\n<\/tbody>\n<thead>\n<tr>\n<td colspan=\"13\">*Megjegyz\u00e9s: Ezek a fogaskerekek csak 60 fog\u00fa k\u00fapkerekes fogaskerekekkel kompatibilisek. Geometri\u00e1juk nem kompatibilis m\u00e1s fogaskerekekkel.<\/td>\n<\/tr>\n<\/thead>\n<\/table>\n<h2>M\u0171anyag ferde fogaskerekek specifik\u00e1ci\u00f3ja<\/h2>\n<div class=\"table-responsive\">\n<table class=\"table\" style=\"width: 102.218%; height: 370px;\" border=\"1\" cellspacing=\"0\" cellpadding=\"0\">\n<tbody>\n<tr>\n<td style=\"width: 99.7543%;\" colspan=\"2\">M\u0171anyag ferde fogasker\u00e9k<\/td>\n<\/tr>\n<tr>\n<td style=\"width: 21.7445%;\">Dimenzi\u00f3<\/td>\n<td style=\"width: 78.0098%;\">\u03a63mm - \u03a6120mm<\/td>\n<\/tr>\n<tr>\n<td style=\"width: 21.7445%;\">Modul<\/td>\n<td style=\"width: 78.0098%;\">M0,15, M0,2, M0,25-M0,8, M0,8<br \/>\nM1.5<\/td>\n<\/tr>\n<tr>\n<td style=\"width: 21.7445%;\">Anyagt\u00edpus<\/td>\n<td style=\"width: 78.0098%;\">POM, PA, PPA, PBT PEEK testreszabott form\u00e1ban<\/td>\n<\/tr>\n<tr>\n<td style=\"width: 21.7445%;\">H\u00e1l\u00f3min\u0151s\u00e9g<\/td>\n<td style=\"width: 78.0098%;\">GB 6, ISO 6, JGMA 1, JIS 6, AGMA 13, DIN 6, DIN5<\/td>\n<\/tr>\n<tr>\n<td style=\"width: 21.7445%;\">Alkalmaz\u00e1s<\/td>\n<td style=\"width: 78.0098%;\">Orvosi, ipari, aut\u00f3ipari, katonai, rep\u00fcl\u0151g\u00e9p-, g\u00e9p\u00e9szeti, aut\u00f3ipari<\/td>\n<\/tr>\n<tr>\n<td style=\"width: 21.7445%;\">Testreszabott<\/td>\n<td style=\"width: 78.0098%;\">ODM\/OEM<\/td>\n<\/tr>\n<tr>\n<td style=\"width: 21.7445%;\">Minta<\/td>\n<td style=\"width: 78.0098%;\">Minta el\u00e9rhet\u0151<\/td>\n<\/tr>\n<tr>\n<td style=\"width: 21.7445%;\">Csomagol\u00e1si m\u00f3dok<\/td>\n<td style=\"width: 78.0098%;\">V\u00e1kuumcsomagolt, m\u0171anyag t\u00e1lc\u00e1val<\/td>\n<\/tr>\n<tr>\n<td style=\"width: 21.7445%;\">Sz\u00e1ll\u00edt\u00e1si m\u00f3dok<\/td>\n<td style=\"width: 78.0098%;\">DHL, TNT, FedEx \u00e9s UPS<\/td>\n<\/tr>\n<tr>\n<td style=\"width: 21.7445%;\">Bizony\u00edtv\u00e1ny<\/td>\n<td style=\"width: 78.0098%;\">ISO 9001:2008\/TS16949<\/td>\n<\/tr>\n<\/tbody>\n<\/table>\n<h2>M\u0171anyag ferde fogaskerekek jellemz\u0151i<\/h2>\n<\/div>\n<div>\n<ul>\n<li class=\"break-words\"><strong>K\u00f6nny\u0171szerkezetes<\/strong>M\u0171anyag <a href=\"https:\/\/fmp-components.com\/hu\/bevel-gear-2\/\">ferde fogaskerekek<\/a> jelent\u0151sen k\u00f6nnyebbek f\u00e9m t\u00e1rsaikn\u00e1l \u200b\u200ba nejlon, acet\u00e1l vagy polikarbon\u00e1thoz hasonl\u00f3 anyagok felhaszn\u00e1l\u00e1s\u00e1nak k\u00f6sz\u00f6nhet\u0151en. Ez cs\u00f6kkenti a g\u00e9pek \u00f6sszt\u00f6meg\u00e9t \u00e9s jav\u00edtja a hat\u00e9konys\u00e1got azokban az alkalmaz\u00e1sokban, ahol a s\u00faly fontos szempont.<\/li>\n<li class=\"break-words\"><strong>Korr\u00f3zi\u00f3\u00e1ll\u00f3s\u00e1g<\/strong>A f\u00e9m fogaskerekekkel ellent\u00e9tben a m\u0171anyag k\u00fapkerekek rendk\u00edv\u00fcl ellen\u00e1ll\u00f3ak a korr\u00f3zi\u00f3val \u00e9s a rozsd\u00e1val szemben, \u00edgy ide\u00e1lisak p\u00e1r\u00e1s, nedves vagy k\u00e9miailag agressz\u00edv k\u00f6rnyezetben val\u00f3 haszn\u00e1latra tov\u00e1bbi v\u00e9d\u0151bevonatok n\u00e9lk\u00fcl.<\/li>\n<li class=\"break-words\"><strong>Alacsony zajszint\u0171 m\u0171k\u00f6d\u00e9s<\/strong>A m\u0171anyagok inherens csillap\u00edt\u00f3 tulajdons\u00e1gai csendesebb m\u0171k\u00f6d\u00e9st eredm\u00e9nyeznek a f\u00e9m fogaskerekekhez k\u00e9pest. Ez alkalmass\u00e1 teszi \u0151ket olyan alkalmaz\u00e1sokhoz, ahol a zajcs\u00f6kkent\u00e9s priorit\u00e1s, p\u00e9ld\u00e1ul h\u00e1ztart\u00e1si g\u00e9pekben vagy irodai berendez\u00e9sekben.<\/li>\n<li class=\"break-words\"><strong>K\u00f6lts\u00e9ghat\u00e9kony termel\u00e9s<\/strong>A m\u0171anyag k\u00fapkerekek fr\u00f6ccs\u00f6nt\u00e9ssel vagy m\u00e1s gazdas\u00e1gos gy\u00e1rt\u00e1si elj\u00e1r\u00e1sokkal t\u00f6megesen gy\u00e1rthat\u00f3k, ami alacsonyabb termel\u00e9si k\u00f6lts\u00e9geket eredm\u00e9nyez, \u00e9s sz\u00e1mos ipar\u00e1g sz\u00e1m\u00e1ra megfizethet\u0151 v\u00e1laszt\u00e1si lehet\u0151s\u00e9get k\u00edn\u00e1l.<\/li>\n<li class=\"break-words\"><strong>\u00d6nken\u0151 tulajdons\u00e1gok<\/strong>A k\u00fapkerekes fogaskerekekben haszn\u00e1lt sz\u00e1mos m\u0171anyag, p\u00e9ld\u00e1ul a nejlon vagy a PTFE-vel \u00e1titatott m\u0171anyagok, term\u00e9szetes ken\u0151k\u00e9pess\u00e9ggel rendelkeznek, ami cs\u00f6kkenti a k\u00fcls\u0151 ken\u00e9s sz\u00fcks\u00e9gess\u00e9g\u00e9t \u00e9s minimaliz\u00e1lja a mechanikus rendszerek karbantart\u00e1si ig\u00e9nyeit.<\/li>\n<\/ul>\n<div>\n<h3>M\u0171anyag ferde fogaskerekek alkalmaz\u00e1sai<\/h3>\n<p class=\"break-words\">A m\u0171anyag k\u00fapkerekek, b\u00e1r kev\u00e9sb\u00e9 er\u0151sek, mint az ac\u00e9l fogaskerekek, kop\u00e1s\u00e1ll\u00f3s\u00e1got \u00e9s csendes m\u0171k\u00f6d\u00e9st biztos\u00edtanak. Ide\u00e1lisak a k\u00f6vetkez\u0151kh\u00f6z:<\/p>\n<ol class=\"marker:text-secondary\">\n<li class=\"break-words\"><strong>Irodaautomatiz\u00e1l\u00e1si berendez\u00e9sek<\/strong>Nyomtat\u00f3kban \u00e9s f\u00e9nym\u00e1sol\u00f3kban haszn\u00e1lj\u00e1k sima, csendes meghajt\u00f3rendszerekhez.<\/li>\n<li class=\"break-words\"><strong>Elektronikus \u00e1rubet\u00f6lt\u0151k<\/strong>: DVD-lej\u00e1tsz\u00f3kban \u00e9s kisebb h\u00e1ztart\u00e1si g\u00e9pekben tal\u00e1lhat\u00f3 meg a megb\u00edzhat\u00f3, k\u00f6nny\u0171 mozg\u00e1s \u00e9rdek\u00e9ben.<\/li>\n<li class=\"break-words\"><strong>J\u00e1t\u00e9kok<\/strong>Gyakori a j\u00e1t\u00e9kaut\u00f3kban \u00e9s robotokban, egyens\u00falyt teremtve a k\u00f6lts\u00e9g, a tart\u00f3ss\u00e1g \u00e9s az alacsony zajszint k\u00f6z\u00f6tt.<\/li>\n<\/ol>\n<p class=\"break-words\">Er\u0151ss\u00e9geik k\u00f6nnyebb ig\u00e9nybev\u00e9telhez alkalmasak, ahol a hat\u00e9konys\u00e1g fel\u00fclm\u00falja a nagy szil\u00e1rds\u00e1g ir\u00e1nti ig\u00e9nyt.<\/p>\n<table style=\"border-collapse: collapse; width: 102.488%; height: 329px;\" border=\"0\" width=\"163\" cellspacing=\"0\" cellpadding=\"0\">\n<tbody>\n<tr style=\"height: 14.40pt;\">\n<td style=\"height: 14.4pt; width: 49.8775%;\" width=\"83\" height=\"24\"><img loading=\"lazy\" decoding=\"async\" class=\"wp-image-7018 aligncenter\" src=\"https:\/\/fmp-components.com\/wp-content\/uploads\/2025\/03\/Plastic-Bevel-Gears-Applications-1.webp\" alt=\"M\u0171anyag-K\u00fapkerekek-Alkalmaz\u00e1sai\" width=\"413\" height=\"295\" title=\"\"><\/td>\n<td style=\"width: 50%;\" align=\"right\" width=\"80\"><img loading=\"lazy\" decoding=\"async\" class=\"wp-image-7017 aligncenter\" src=\"https:\/\/fmp-components.com\/wp-content\/uploads\/2025\/03\/Plastic-Bevel-Gears-Applications.webp\" alt=\"M\u0171anyag-K\u00fapkerekek-Alkalmaz\u00e1sai\" width=\"405\" height=\"289\" title=\"\"><\/td>\n<\/tr>\n<\/tbody>\n<\/table>\n<h3>M\u0171anyag ferde fogasker\u00e9k-besz\u00e1ll\u00edt\u00f3<\/h3>\n<p>Az FMP minden m\u0171anyag fogaskereket k\u00edn\u00e1l, amire sz\u00fcks\u00e9ge lehet. Prec\u00edzi\u00f3s m\u0171anyag homlokkerekeket, m\u0171anyag fogasl\u00e9ceket, m\u0171anyag ferde \u00e9s k\u00fapkerekeket, m\u0171anyag csigakerekeket \u00e9s csig\u00e1kat, m\u0171anyag k\u00fapkerekeket, m\u0171anyag fogaskerekeket, m\u0171anyag fogaskerekeket \u00e9s m\u0171anyag fogasl\u00e9ceket k\u00edn\u00e1lunk.<\/p>\n<p>H\u00edvjon minket, ha seg\u00edts\u00e9gre van sz\u00fcks\u00e9ge a megfelel\u0151 fogasker\u00e9k megtal\u00e1l\u00e1s\u00e1hoz, vagy egy szabv\u00e1nyos katal\u00f3guscikk vagy egyedi terv m\u00f3dos\u00edt\u00e1s\u00e1hoz; m\u00e9rn\u00f6keink a legjobb megold\u00e1st k\u00edn\u00e1lj\u00e1k az \u00d6n alkalmaz\u00e1s\u00e1hoz.<\/p>\n<p><img loading=\"lazy\" decoding=\"async\" class=\"alignnone size-full wp-image-7019\" src=\"https:\/\/fmp-components.com\/wp-content\/uploads\/2025\/03\/Plastic-Bevel-Gears-Supplier1.webp\" alt=\"M\u0171anyag-K\u00fapkerekek-Besz\u00e1ll\u00edt\u00f3ja\" width=\"1200\" height=\"1000\" title=\"\" srcset=\"https:\/\/fmp-components.com\/wp-content\/uploads\/2025\/03\/Plastic-Bevel-Gears-Supplier1.webp 1200w, https:\/\/fmp-components.com\/wp-content\/uploads\/2025\/03\/Plastic-Bevel-Gears-Supplier1-980x817.webp 980w, https:\/\/fmp-components.com\/wp-content\/uploads\/2025\/03\/Plastic-Bevel-Gears-Supplier1-480x400.webp 480w\" sizes=\"(min-width: 0px) and (max-width: 480px) 480px, (min-width: 481px) and (max-width: 980px) 980px, (min-width: 981px) 1200px, 100vw\" \/><\/p>\n<\/div>\n<\/div>\n<div class=\"table-responsive\">\n<h2>Az FMP-r\u0151l<\/h2>\n<p>Az FMP egy vezet\u0151 olasz fogasker\u00e9k- \u00e9s fogasl\u00e9cgy\u00e1rt\u00f3, amely szak\u00e9rtelm\u00e9r\u0151l ismert mind a szabv\u00e1nyos alkatr\u00e9szek, mind az egyedi megold\u00e1sok gy\u00e1rt\u00e1s\u00e1ban. A szabv\u00e1nyos alkatr\u00e9szek v\u00e1laszt\u00e9k\u00e1n t\u00fal az FMP specializ\u00e1l\u00f3dott szabv\u00e1nyos \u00e9s speci\u00e1lis fogaskerekek gy\u00e1rt\u00e1s\u00e1ban is, \u00fcgyfeleink \u00e1ltal biztos\u00edtott rajzok vagy mint\u00e1k alapj\u00e1n. Fogaskerekeink k\u00fcl\u00f6nf\u00e9le anyagokb\u00f3l kaphat\u00f3k, bele\u00e9rtve a sz\u00e9nac\u00e9lt, rozsdamentes ac\u00e9lt, alum\u00edniumot, rezet, s\u00e1rgarezet \u00e9s m\u0171anyag spir\u00e1lis vagy sz\u00f6gletes konfigur\u00e1ci\u00f3kat. Ha b\u00e1rmilyen ig\u00e9nye van egyedi fogasker\u00e9k-term\u00e9kekre, k\u00e9rj\u00fck, forduljon hozz\u00e1nk e-mailben. Az FMP elk\u00f6telezett, profi m\u00e9rn\u00f6k\u00f6kb\u0151l \u00e1ll\u00f3 csapata 24 \u00f3r\u00e1n bel\u00fcl v\u00e1laszol megkeres\u00e9s\u00e9re.<\/p>\n<p><img loading=\"lazy\" decoding=\"async\" class=\"alignnone size-full wp-image-7010\" src=\"https:\/\/fmp-components.com\/wp-content\/uploads\/2025\/03\/bevel-gear-3.webp\" alt=\"ferde fogasker\u00e9k\" width=\"1076\" height=\"721\" title=\"\" srcset=\"https:\/\/fmp-components.com\/wp-content\/uploads\/2025\/03\/bevel-gear-3.webp 1076w, https:\/\/fmp-components.com\/wp-content\/uploads\/2025\/03\/bevel-gear-3-980x657.webp 980w, https:\/\/fmp-components.com\/wp-content\/uploads\/2025\/03\/bevel-gear-3-480x322.webp 480w\" sizes=\"(min-width: 0px) and (max-width: 480px) 480px, (min-width: 481px) and (max-width: 980px) 980px, (min-width: 981px) 1076px, 100vw\" \/><\/p>\n<\/div>","protected":false},"excerpt":{"rendered":"<p>Plastic Bevel Gears Description Dimension:\u03a612 Module: M0.25 Material Type: Plastic, POM, Nylon\u2026as the customer required Ratios: 1:1, 2:1, 3:1, 4:1, 5:1 Operating temperature: -40\u00b0C to 80\u00b0C Part no (Link) Pitch (mod) No. of Teeth All dimensions in mm Brass Insert and Set Screw Outside Dia. Pitch Dia. Bore Dia. &#8220;B&#8221; &#8216;CD&#8217; Hub dia &#8216;C&#8217; Boss [&hellip;]<\/p>","protected":false},"featured_media":4659,"comment_status":"open","ping_status":"closed","template":"","meta":{"_et_pb_use_builder":"","_et_pb_old_content":"","_et_gb_content_width":""},"product_brand":[],"product_cat":[106],"product_tag":[],"class_list":{"0":"post-7012","1":"product","2":"type-product","3":"status-publish","4":"has-post-thumbnail","6":"product_cat-bevel-gears","8":"first","9":"instock","10":"shipping-taxable","11":"product-type-simple"},"_links":{"self":[{"href":"https:\/\/fmp-components.com\/hu\/wp-json\/wp\/v2\/product\/7012","targetHints":{"allow":["GET"]}}],"collection":[{"href":"https:\/\/fmp-components.com\/hu\/wp-json\/wp\/v2\/product"}],"about":[{"href":"https:\/\/fmp-components.com\/hu\/wp-json\/wp\/v2\/types\/product"}],"replies":[{"embeddable":true,"href":"https:\/\/fmp-components.com\/hu\/wp-json\/wp\/v2\/comments?post=7012"}],"wp:featuredmedia":[{"embeddable":true,"href":"https:\/\/fmp-components.com\/hu\/wp-json\/wp\/v2\/media\/4659"}],"wp:attachment":[{"href":"https:\/\/fmp-components.com\/hu\/wp-json\/wp\/v2\/media?parent=7012"}],"wp:term":[{"taxonomy":"product_brand","embeddable":true,"href":"https:\/\/fmp-components.com\/hu\/wp-json\/wp\/v2\/product_brand?post=7012"},{"taxonomy":"product_cat","embeddable":true,"href":"https:\/\/fmp-components.com\/hu\/wp-json\/wp\/v2\/product_cat?post=7012"},{"taxonomy":"product_tag","embeddable":true,"href":"https:\/\/fmp-components.com\/hu\/wp-json\/wp\/v2\/product_tag?post=7012"}],"curies":[{"name":"munkaf\u00fczet","href":"https:\/\/api.w.org\/{rel}","templated":true}]}}