{"id":7006,"date":"2025-03-14T06:03:43","date_gmt":"2025-03-14T06:03:43","guid":{"rendered":"https:\/\/fmp-components.com\/?post_type=product&#038;p=7006"},"modified":"2025-03-27T01:32:14","modified_gmt":"2025-03-27T01:32:14","slug":"aircraft-bevel-gear","status":"publish","type":"product","link":"https:\/\/fmp-components.com\/hu\/product\/aircraft-bevel-gear\/","title":{"rendered":"Rep\u00fcl\u0151g\u00e9p k\u00fapkerekes fogasker\u00e9k"},"content":{"rendered":"<p>M\u00e9ret: \u03a63mm - \u03a6120mm<br \/>\nModul: M2.0<br \/>\nAnyagt\u00edpus: F\u00e9m az \u00fcgyf\u00e9l ig\u00e9nyei szerint<\/p>\n<h2>Term\u00e9kle\u00edr\u00e1s<\/h2>\n<div class=\"table-responsive\">\n<table class=\"table\" style=\"width: 99.125%; height: 352px;\" border=\"1\">\n<tbody>\n<tr>\n<td style=\"width: 99.2395%;\" colspan=\"2\">Rep\u00fcl\u0151g\u00e9p k\u00fapkerekes fogasker\u00e9k<\/td>\n<\/tr>\n<tr>\n<td style=\"width: 18.5044%;\">Dimenzi\u00f3<\/td>\n<td style=\"width: 80.7351%;\">\u03a610mm<\/td>\n<\/tr>\n<tr>\n<td style=\"width: 18.5044%;\">Modul<\/td>\n<td style=\"width: 80.7351%;\">M0,15-M2,2<\/td>\n<\/tr>\n<tr>\n<td style=\"width: 18.5044%;\">Anyagt\u00edpus<\/td>\n<td style=\"width: 80.7351%;\">F\u00e9m, bronz, ac\u00e9l, \u00f6tv\u00f6zet, POM, cink, alum\u00ednium, vas, rozsdamentes, s\u00e1rgar\u00e9z, r\u00e9z<\/td>\n<\/tr>\n<tr>\n<td style=\"width: 18.5044%;\">H\u00e1l\u00f3min\u0151s\u00e9g<\/td>\n<td style=\"width: 80.7351%;\">JGMA 1, JIS 6, AGMA 13, DIN 6, Din5, AGMA12<\/td>\n<\/tr>\n<tr>\n<td style=\"width: 18.5044%;\">Alkalmaz\u00e1s<\/td>\n<td style=\"width: 80.7351%;\">Aut\u00f3ipar, Katonas\u00e1g, Rep\u00fcl\u0151g\u00e9p, G\u00e9p\u00e9szet, Ipar, Orvostudom\u00e1ny<\/td>\n<\/tr>\n<tr>\n<td style=\"width: 18.5044%;\">Testreszabott<\/td>\n<td style=\"width: 80.7351%;\">ODM\/OEM<\/td>\n<\/tr>\n<tr>\n<td style=\"width: 18.5044%;\">Minta<\/td>\n<td style=\"width: 80.7351%;\">Minta el\u00e9rhet\u0151<\/td>\n<\/tr>\n<tr>\n<td style=\"width: 18.5044%;\">Csomagol\u00e1si m\u00f3dok<\/td>\n<td style=\"width: 80.7351%;\">V\u00e1kuumcsomagolt, m\u0171anyag t\u00e1lc\u00e1val<\/td>\n<\/tr>\n<tr>\n<td style=\"width: 18.5044%;\">Sz\u00e1ll\u00edt\u00e1si m\u00f3dok<\/td>\n<td style=\"width: 80.7351%;\">DHL \u00e9s UPS<\/td>\n<\/tr>\n<tr>\n<td style=\"width: 18.5044%;\">Bizony\u00edtv\u00e1ny<\/td>\n<td style=\"width: 80.7351%;\">ISO 9001:2008\/TS16949<\/td>\n<\/tr>\n<\/tbody>\n<\/table>\n<h2>A rep\u00fcl\u0151g\u00e9pek ferde fogaskerekeinek jellemz\u0151i<\/h2>\n<div>\n<ul>\n<li class=\"break-words\"><strong>Sz\u00f6gletes fogak kialak\u00edt\u00e1sa<\/strong>A <a href=\"https:\/\/fmp-components.com\/hu\/bevel-gear-2\/\">ferde fogasker\u00e9k<\/a> k\u00fapos fel\u00fcleten sz\u00f6gben v\u00e1gott fogai lehet\u0151v\u00e9 teszik, hogy egy m\u00e1sik fogasker\u00e9kkel \u00f6sszekapcsol\u00f3djon, \u00e9s ez\u00e1ltal teljes\u00edtm\u00e9nyt tov\u00e1bb\u00edtson a metsz\u0151 tengelyek k\u00f6z\u00f6tt, jellemz\u0151en 90 fokos sz\u00f6gben.<\/li>\n<li class=\"break-words\"><strong>Nagy pontoss\u00e1g\u00fa<\/strong>Szigor\u00fa t\u0171r\u00e9shat\u00e1rokkal tervezt\u00e9k, hogy biztos\u00edts\u00e1k a sima, pontos \u00e9s megb\u00edzhat\u00f3 er\u0151\u00e1tvitelt, ami kritikus fontoss\u00e1g\u00fa a rep\u00fcl\u0151g\u00e9p-rendszerek prec\u00edzi\u00f3s ig\u00e9nyei szempontj\u00e1b\u00f3l.<\/li>\n<li class=\"break-words\"><strong>Kompakt \u00e9s k\u00f6nny\u0171<\/strong>A kialak\u00edt\u00e1st \u00fagy optimaliz\u00e1lt\u00e1k, hogy helytakar\u00e9kos \u00e9s k\u00f6nny\u0171 legyen, cs\u00f6kkentve a rep\u00fcl\u0151g\u00e9p \u00f6sszt\u00f6meg\u00e9t, mik\u00f6zben meg\u0151rzi a szerkezeti integrit\u00e1st z\u00e1rt terekben.<\/li>\n<li class=\"break-words\"><strong>Teherb\u00edr\u00e1s<\/strong>Tart\u00f3s anyagokb\u00f3l, p\u00e9ld\u00e1ul edzett ac\u00e9lb\u00f3l vagy tit\u00e1nb\u00f3l k\u00e9sz\u00fclt, nagy nyomat\u00e9kot \u00e9s nagy terhel\u00e9st is k\u00e9pes kezelni, biztos\u00edtva a teljes\u00edtm\u00e9nyt a rep\u00fcl\u00e9s terhel\u00e9se alatt.<\/li>\n<li class=\"break-words\"><strong>Sokoldal\u00fas\u00e1g<\/strong>K\u00fcl\u00f6nf\u00e9le konfigur\u00e1ci\u00f3kat t\u00e1mogat (pl. egyenes, spir\u00e1lis vagy nulla fogazat), \u00edgy rugalmass\u00e1got k\u00edn\u00e1l a k\u00fcl\u00f6nb\u00f6z\u0151 rep\u00fcl\u0151g\u00e9p-alkalmaz\u00e1sokhoz, p\u00e9ld\u00e1ul motorokhoz vagy vez\u00e9rl\u0151mechanizmusokhoz val\u00f3 illeszked\u00e9shez, minim\u00e1lis rezg\u00e9ssel \u00e9s zajjal.<\/li>\n<\/ul>\n<p><img loading=\"lazy\" decoding=\"async\" class=\"size-full wp-image-4330 aligncenter\" src=\"https:\/\/fmp-components.com\/wp-content\/uploads\/2025\/01\/Aircraft-Bevel-Gear.webp\" alt=\"Rep\u00fcl\u0151g\u00e9p k\u00fapkerekes fogasker\u00e9k\" width=\"600\" height=\"600\" title=\"\" srcset=\"https:\/\/fmp-components.com\/wp-content\/uploads\/2025\/01\/Aircraft-Bevel-Gear.webp 600w, https:\/\/fmp-components.com\/wp-content\/uploads\/2025\/01\/Aircraft-Bevel-Gear-480x480.webp 480w\" sizes=\"(min-width: 0px) and (max-width: 480px) 480px, (min-width: 481px) 600px, 100vw\" \/><\/p>\n<\/div>\n<\/div>\n<div class=\"table-responsive\">\n<h2>Az FMP-r\u0151l<\/h2>\n<p>Az FMP egy vezet\u0151 olasz fogasker\u00e9k- \u00e9s fogasl\u00e9cgy\u00e1rt\u00f3, amely szak\u00e9rtelm\u00e9r\u0151l ismert mind a szabv\u00e1nyos alkatr\u00e9szek, mind az egyedi megold\u00e1sok gy\u00e1rt\u00e1s\u00e1ban. A szabv\u00e1nyos alkatr\u00e9szek v\u00e1laszt\u00e9k\u00e1n t\u00fal az FMP specializ\u00e1l\u00f3dott szabv\u00e1nyos \u00e9s speci\u00e1lis fogaskerekek gy\u00e1rt\u00e1s\u00e1ban is, \u00fcgyfeleink \u00e1ltal biztos\u00edtott rajzok vagy mint\u00e1k alapj\u00e1n. Fogaskerekeink k\u00fcl\u00f6nf\u00e9le anyagokb\u00f3l kaphat\u00f3k, bele\u00e9rtve a sz\u00e9nac\u00e9lt, rozsdamentes ac\u00e9lt, alum\u00edniumot, rezet, s\u00e1rgarezet \u00e9s m\u0171anyag spir\u00e1lis vagy sz\u00f6gletes konfigur\u00e1ci\u00f3kat. Ha b\u00e1rmilyen ig\u00e9nye van egyedi fogasker\u00e9k-term\u00e9kekre, k\u00e9rj\u00fck, forduljon hozz\u00e1nk e-mailben. Az FMP elk\u00f6telezett, profi m\u00e9rn\u00f6k\u00f6kb\u0151l \u00e1ll\u00f3 csapata 24 \u00f3r\u00e1n bel\u00fcl v\u00e1laszol megkeres\u00e9s\u00e9re.<\/p>\n<p><img loading=\"lazy\" decoding=\"async\" class=\"alignnone size-full wp-image-7010\" src=\"https:\/\/fmp-components.com\/wp-content\/uploads\/2025\/03\/bevel-gear-3.webp\" alt=\"ferde fogasker\u00e9k\" width=\"1076\" height=\"721\" title=\"\" srcset=\"https:\/\/fmp-components.com\/wp-content\/uploads\/2025\/03\/bevel-gear-3.webp 1076w, https:\/\/fmp-components.com\/wp-content\/uploads\/2025\/03\/bevel-gear-3-980x657.webp 980w, https:\/\/fmp-components.com\/wp-content\/uploads\/2025\/03\/bevel-gear-3-480x322.webp 480w\" sizes=\"(min-width: 0px) and (max-width: 480px) 480px, (min-width: 481px) and (max-width: 980px) 980px, (min-width: 981px) 1076px, 100vw\" \/><\/p>\n<\/div>","protected":false},"excerpt":{"rendered":"<p>Dimension:\u03a63mm- \u03a6120mm Module: M2.0 Material Type: Metal as customer required Product Specification Aircraft Bevel Gear Dimension \u03a610mm Module M0.15-M2.2 Material Type Metal, Bronze, Steel, Alloy, POM, Zinc, Aluminum, Iron, Stainless, Brass, Copper Meshing Grade JGMA 1, JIS 6, AGMA 13, DIN 6,Din5,AGMA12 Application Automotive, Military, Aircraft, Mechanical, industrial, Medical Customized ODM\/OEM Sample Sample available Modes [&hellip;]<\/p>","protected":false},"featured_media":4330,"comment_status":"open","ping_status":"closed","template":"","meta":{"_et_pb_use_builder":"","_et_pb_old_content":"","_et_gb_content_width":""},"product_brand":[],"product_cat":[106],"product_tag":[],"class_list":{"0":"post-7006","1":"product","2":"type-product","3":"status-publish","4":"has-post-thumbnail","6":"product_cat-bevel-gears","8":"first","9":"instock","10":"shipping-taxable","11":"product-type-simple"},"_links":{"self":[{"href":"https:\/\/fmp-components.com\/hu\/wp-json\/wp\/v2\/product\/7006","targetHints":{"allow":["GET"]}}],"collection":[{"href":"https:\/\/fmp-components.com\/hu\/wp-json\/wp\/v2\/product"}],"about":[{"href":"https:\/\/fmp-components.com\/hu\/wp-json\/wp\/v2\/types\/product"}],"replies":[{"embeddable":true,"href":"https:\/\/fmp-components.com\/hu\/wp-json\/wp\/v2\/comments?post=7006"}],"wp:featuredmedia":[{"embeddable":true,"href":"https:\/\/fmp-components.com\/hu\/wp-json\/wp\/v2\/media\/4330"}],"wp:attachment":[{"href":"https:\/\/fmp-components.com\/hu\/wp-json\/wp\/v2\/media?parent=7006"}],"wp:term":[{"taxonomy":"product_brand","embeddable":true,"href":"https:\/\/fmp-components.com\/hu\/wp-json\/wp\/v2\/product_brand?post=7006"},{"taxonomy":"product_cat","embeddable":true,"href":"https:\/\/fmp-components.com\/hu\/wp-json\/wp\/v2\/product_cat?post=7006"},{"taxonomy":"product_tag","embeddable":true,"href":"https:\/\/fmp-components.com\/hu\/wp-json\/wp\/v2\/product_tag?post=7006"}],"curies":[{"name":"munkaf\u00fczet","href":"https:\/\/api.w.org\/{rel}","templated":true}]}}