{"id":7005,"date":"2025-03-14T05:36:02","date_gmt":"2025-03-14T05:36:02","guid":{"rendered":"https:\/\/fmp-components.com\/?post_type=product&#038;p=7005"},"modified":"2025-03-27T01:32:34","modified_gmt":"2025-03-27T01:32:34","slug":"medical-bevel-gear","status":"publish","type":"product","link":"https:\/\/fmp-components.com\/hu\/product\/medical-bevel-gear\/","title":{"rendered":"Orvosi ferde fogasker\u00e9k"},"content":{"rendered":"<p>M\u00e9ret: \u03a63mm - \u03a6120mm<br \/>\nModul: M0.25<br \/>\nAnyagt\u00edpus: F\u00e9m az \u00fcgyf\u00e9l ig\u00e9nyei szerint<\/p>\n<h2>Term\u00e9kle\u00edr\u00e1s<\/h2>\n<div class=\"table-responsive\">\n<table class=\"table\" style=\"width: 98.375%; height: 341px;\" border=\"1\">\n<tbody>\n<tr>\n<td colspan=\"2\">Orvosi ferde fogasker\u00e9k<\/td>\n<\/tr>\n<tr>\n<td>Dimenzi\u00f3<\/td>\n<td>\u03a66mm<\/td>\n<\/tr>\n<tr>\n<td>Modul<\/td>\n<td>M0,15-M2,2<\/td>\n<\/tr>\n<tr>\n<td>Anyagt\u00edpus<\/td>\n<td>F\u00e9m, bronz, ac\u00e9l, \u00f6tv\u00f6zet, POM, cink, alum\u00ednium, vas, rozsdamentes, s\u00e1rgar\u00e9z, r\u00e9z<\/td>\n<\/tr>\n<tr>\n<td>H\u00e1l\u00f3min\u0151s\u00e9g<\/td>\n<td>ISO6, JGMA 1, JIS 6, AGMA 13, DIN 6, Din5, AGMA12<\/td>\n<\/tr>\n<tr>\n<td>Alkalmaz\u00e1s<\/td>\n<td>Aut\u00f3ipar, Katonas\u00e1g, Rep\u00fcl\u0151g\u00e9p, G\u00e9p\u00e9szet, Ipar, Orvostudom\u00e1ny<\/td>\n<\/tr>\n<tr>\n<td>Testreszabott<\/td>\n<td>ODM\/OEM<\/td>\n<\/tr>\n<tr>\n<td>Minta<\/td>\n<td>Minta el\u00e9rhet\u0151<\/td>\n<\/tr>\n<tr>\n<td>Csomagol\u00e1si m\u00f3dok<\/td>\n<td>V\u00e1kuumcsomagolt, m\u0171anyag t\u00e1lc\u00e1val<\/td>\n<\/tr>\n<tr>\n<td>Sz\u00e1ll\u00edt\u00e1si m\u00f3dok<\/td>\n<td>DHL \u00e9s UPS<\/td>\n<\/tr>\n<tr>\n<td>Bizony\u00edtv\u00e1ny<\/td>\n<td>ISO 9001:2008\/TS16949<\/td>\n<\/tr>\n<\/tbody>\n<\/table>\n<p><img loading=\"lazy\" decoding=\"async\" class=\"size-full wp-image-4347 aligncenter\" src=\"https:\/\/fmp-components.com\/wp-content\/uploads\/2025\/01\/Medical-Bevel-Gear.webp\" alt=\"Orvosi ferde fogasker\u00e9k\" width=\"600\" height=\"600\" title=\"\" srcset=\"https:\/\/fmp-components.com\/wp-content\/uploads\/2025\/01\/Medical-Bevel-Gear.webp 600w, https:\/\/fmp-components.com\/wp-content\/uploads\/2025\/01\/Medical-Bevel-Gear-480x480.webp 480w\" sizes=\"(min-width: 0px) and (max-width: 480px) 480px, (min-width: 481px) 600px, 100vw\" \/><\/p>\n<h2>Az orvosi ferde fogasker\u00e9k jellemz\u0151i<\/h2>\n<div>\n<ul>\n<li class=\"break-words\"><strong>Prec\u00edzi\u00f3s m\u00e9rn\u00f6ki munka<\/strong>Orvosi <a href=\"https:\/\/fmp-components.com\/hu\/bevel-gear-2\/\">ferde fogaskerekek<\/a> Nagy pontoss\u00e1ggal tervezt\u00e9k \u0151ket, hogy biztos\u00edts\u00e1k a mozg\u00e1s \u00e9s a nyomat\u00e9k pontos \u00e1tvitel\u00e9t, ami kritikus fontoss\u00e1g\u00fa az olyan orvostechnikai eszk\u00f6z\u00f6kn\u00e9l, mint a seb\u00e9szeti eszk\u00f6z\u00f6k vagy a k\u00e9palkot\u00f3 berendez\u00e9sek, ahol a pontos mozg\u00e1sok elengedhetetlenek.<\/li>\n<li class=\"break-words\"><strong>Kompakt kialak\u00edt\u00e1s<\/strong>Ezek a fogaskerekek k\u00fapos alak\u00faak, \u00edgy sz\u0171k helyekre is bef\u00e9rnek, \u00edgy ide\u00e1lisak kompakt orvosi eszk\u00f6z\u00f6kh\u00f6z, ahol korl\u00e1tozott a hely, p\u00e9ld\u00e1ul endoszk\u00f3pos eszk\u00f6z\u00f6kben vagy robotseb\u00e9szeti rendszerekben.<\/li>\n<li class=\"break-words\"><strong>Z\u00f6kken\u0151mentes m\u0171k\u00f6d\u00e9s<\/strong>Az orvosi k\u00fapkerekek gyakran egyenes, spir\u00e1lis vagy nulla fogazattal vannak felszerelve, \u00e9s sima \u00e9s csendes m\u0171k\u00f6d\u00e9st biztos\u00edtanak, cs\u00f6kkentve a rezg\u00e9st \u00e9s a zajt \u2013 ami fontos a beteg k\u00e9nyelme \u00e9s az orvosi beavatkoz\u00e1sok sor\u00e1n megk\u00f6vetelt pontoss\u00e1g szempontj\u00e1b\u00f3l.<\/li>\n<li class=\"break-words\"><strong>Tart\u00f3ss\u00e1g \u00e9s anyagmin\u0151s\u00e9g<\/strong>Biokompatibilis \u00e9s korr\u00f3zi\u00f3\u00e1ll\u00f3 anyagokb\u00f3l, p\u00e9ld\u00e1ul rozsdamentes ac\u00e9lb\u00f3l vagy speci\u00e1lis \u00f6tv\u00f6zetekb\u0151l k\u00e9sz\u00fcltek, ezek a fogaskerekek ellen\u00e1llnak a steriliz\u00e1l\u00e1si folyamatoknak, \u00e9s hossz\u00fa t\u00e1v\u00fa megb\u00edzhat\u00f3s\u00e1got biztos\u00edtanak orvosi k\u00f6rnyezetben.<\/li>\n<li class=\"break-words\"><strong>Ir\u00e1ny\u00edtott rugalmass\u00e1g<\/strong>Az orvosi alkalmaz\u00e1sokban haszn\u00e1lt k\u00fapkerekek k\u00e9pesek teljes\u00edtm\u00e9nyt tov\u00e1bb\u00edtani a metsz\u0151 tengelyek k\u00f6z\u00f6tt, jellemz\u0151en 90 fokos sz\u00f6gben, lehet\u0151v\u00e9 t\u00e9ve az \u00f6sszetett mechanikai konfigur\u00e1ci\u00f3kat olyan eszk\u00f6z\u00f6kben, mint a fog\u00e1szati \u200b\u200bf\u00far\u00f3k vagy az ortop\u00e9diai eszk\u00f6z\u00f6k, ahol ir\u00e1nyv\u00e1lt\u00e1sokra van sz\u00fcks\u00e9g.<\/li>\n<\/ul>\n<h2>Az FMP-r\u0151l<\/h2>\n<p>Az FMP egy vezet\u0151 olasz fogasker\u00e9k- \u00e9s fogasl\u00e9cgy\u00e1rt\u00f3, amely szak\u00e9rtelm\u00e9r\u0151l ismert mind a szabv\u00e1nyos alkatr\u00e9szek, mind az egyedi megold\u00e1sok gy\u00e1rt\u00e1s\u00e1ban. A szabv\u00e1nyos alkatr\u00e9szek v\u00e1laszt\u00e9k\u00e1n t\u00fal az FMP specializ\u00e1l\u00f3dott szabv\u00e1nyos \u00e9s speci\u00e1lis fogaskerekek gy\u00e1rt\u00e1s\u00e1ban is, \u00fcgyfeleink \u00e1ltal biztos\u00edtott rajzok vagy mint\u00e1k alapj\u00e1n. Fogaskerekeink k\u00fcl\u00f6nf\u00e9le anyagokb\u00f3l kaphat\u00f3k, bele\u00e9rtve a sz\u00e9nac\u00e9lt, rozsdamentes ac\u00e9lt, alum\u00edniumot, rezet, s\u00e1rgarezet \u00e9s m\u0171anyag spir\u00e1lis vagy sz\u00f6gletes konfigur\u00e1ci\u00f3kat. Ha b\u00e1rmilyen ig\u00e9nye van egyedi fogasker\u00e9k-term\u00e9kekre, k\u00e9rj\u00fck, forduljon hozz\u00e1nk e-mailben. Az FMP elk\u00f6telezett, profi m\u00e9rn\u00f6k\u00f6kb\u0151l \u00e1ll\u00f3 csapata 24 \u00f3r\u00e1n bel\u00fcl v\u00e1laszol megkeres\u00e9s\u00e9re.<\/p>\n<p><img loading=\"lazy\" decoding=\"async\" class=\"alignnone size-full wp-image-7010\" src=\"https:\/\/fmp-components.com\/wp-content\/uploads\/2025\/03\/bevel-gear-3.webp\" alt=\"ferde fogasker\u00e9k\" width=\"1076\" height=\"721\" title=\"\" srcset=\"https:\/\/fmp-components.com\/wp-content\/uploads\/2025\/03\/bevel-gear-3.webp 1076w, https:\/\/fmp-components.com\/wp-content\/uploads\/2025\/03\/bevel-gear-3-980x657.webp 980w, https:\/\/fmp-components.com\/wp-content\/uploads\/2025\/03\/bevel-gear-3-480x322.webp 480w\" sizes=\"(min-width: 0px) and (max-width: 480px) 480px, (min-width: 481px) and (max-width: 980px) 980px, (min-width: 981px) 1076px, 100vw\" \/><\/p>\n<\/div>\n<\/div>","protected":false},"excerpt":{"rendered":"<p>Dimension:\u03a63mm- \u03a6120mm Module: M0.25 Material Type: Metal as customer required Product Specification Medical Bevel Gear Dimension \u03a66mm Module M0.15-M2.2 Material Type Metal, Bronze, Steel, Alloy, POM, Zinc, Aluminum, Iron, Stainless, Brass, Copper Meshing Grade ISO6, JGMA 1, JIS 6, AGMA 13, DIN 6,Din5,AGMA12 Application Automotive, Military, Aircraft, Mechanical, industrial, Medical Customized ODM\/OEM Sample Sample available [&hellip;]<\/p>","protected":false},"featured_media":4347,"comment_status":"open","ping_status":"closed","template":"","meta":{"_et_pb_use_builder":"","_et_pb_old_content":"","_et_gb_content_width":""},"product_brand":[],"product_cat":[106],"product_tag":[],"class_list":{"0":"post-7005","1":"product","2":"type-product","3":"status-publish","4":"has-post-thumbnail","6":"product_cat-bevel-gears","8":"first","9":"instock","10":"shipping-taxable","11":"product-type-simple"},"_links":{"self":[{"href":"https:\/\/fmp-components.com\/hu\/wp-json\/wp\/v2\/product\/7005","targetHints":{"allow":["GET"]}}],"collection":[{"href":"https:\/\/fmp-components.com\/hu\/wp-json\/wp\/v2\/product"}],"about":[{"href":"https:\/\/fmp-components.com\/hu\/wp-json\/wp\/v2\/types\/product"}],"replies":[{"embeddable":true,"href":"https:\/\/fmp-components.com\/hu\/wp-json\/wp\/v2\/comments?post=7005"}],"wp:featuredmedia":[{"embeddable":true,"href":"https:\/\/fmp-components.com\/hu\/wp-json\/wp\/v2\/media\/4347"}],"wp:attachment":[{"href":"https:\/\/fmp-components.com\/hu\/wp-json\/wp\/v2\/media?parent=7005"}],"wp:term":[{"taxonomy":"product_brand","embeddable":true,"href":"https:\/\/fmp-components.com\/hu\/wp-json\/wp\/v2\/product_brand?post=7005"},{"taxonomy":"product_cat","embeddable":true,"href":"https:\/\/fmp-components.com\/hu\/wp-json\/wp\/v2\/product_cat?post=7005"},{"taxonomy":"product_tag","embeddable":true,"href":"https:\/\/fmp-components.com\/hu\/wp-json\/wp\/v2\/product_tag?post=7005"}],"curies":[{"name":"munkaf\u00fczet","href":"https:\/\/api.w.org\/{rel}","templated":true}]}}