{"id":6946,"date":"2025-03-13T03:46:50","date_gmt":"2025-03-13T03:46:50","guid":{"rendered":"https:\/\/fmp-components.com\/?post_type=product&#038;p=6946"},"modified":"2025-03-27T01:34:39","modified_gmt":"2025-03-27T01:34:39","slug":"sintered-metal-bevel-gears","status":"publish","type":"product","link":"https:\/\/fmp-components.com\/hu\/product\/sintered-metal-bevel-gears\/","title":{"rendered":"Szinterezett f\u00e9m k\u00fapkerekek"},"content":{"rendered":"<div>\n<h3>A szinterezett f\u00e9m k\u00fapkerekekr\u0151l<\/h3>\n<p class=\"break-words\">Szinterezett f\u00e9m <a href=\"https:\/\/fmp-components.com\/hu\/bevel-gear-2\/\">ferde fogaskerekek<\/a> prec\u00edzi\u00f3san gy\u00e1rtott alkatr\u00e9szek, amelyeket szinterel\u00e9si elj\u00e1r\u00e1ssal \u00e1ll\u00edtanak el\u0151, ahol a f\u00e9mporokat t\u00f6m\u00f6r\u00edtik \u00e9s hev\u00edtik, hogy er\u0151s, tart\u00f3s, k\u00fapos alak\u00fa fogaskerekeket hozzanak l\u00e9tre. Ezeket a fogaskerekeket sz\u00e9les k\u00f6rben haszn\u00e1lj\u00e1k k\u00fcl\u00f6nb\u00f6z\u0151 ipar\u00e1gakban, mivel k\u00e9pesek mozg\u00e1st \u00e9s er\u0151t tov\u00e1bb\u00edtani a metsz\u0151 tengelyek k\u00f6z\u00f6tt, jellemz\u0151en 90 fokos sz\u00f6gben. Olyan el\u0151ny\u00f6ket k\u00edn\u00e1lnak, mint a nagy szil\u00e1rds\u00e1g, a kop\u00e1s\u00e1ll\u00f3s\u00e1g \u00e9s a k\u00f6lts\u00e9ghat\u00e9konys\u00e1g a porkoh\u00e1szati \u200b\u200belj\u00e1r\u00e1snak k\u00f6sz\u00f6nhet\u0151en.<\/p>\n<p class=\"break-words\">Az FMP Company-n\u00e1l sz\u00e9les v\u00e1laszt\u00e9kban gy\u00e1rtunk szinterezett f\u00e9mb\u0151l k\u00e9sz\u00fclt k\u00fapkerekeket, hogy kiel\u00e9g\u00edts\u00fck a k\u00fcl\u00f6nf\u00e9le alkalmaz\u00e1si ig\u00e9nyeket. Testreszab\u00e1si szolg\u00e1ltat\u00e1sokat is k\u00edn\u00e1lunk, hogy term\u00e9keinket az \u00d6n egyedi ig\u00e9nyeihez igaz\u00edtsuk. Ha nem tal\u00e1lja a pontosan megfelel\u0151 modellt a term\u00e9klist\u00e1nkban, az egyszer\u0171en azt jelenti, hogy m\u00e9g nem volt lehet\u0151s\u00e9g\u00fcnk friss\u00edteni azt. K\u00e9rj\u00fck, \u00edrjon nek\u00fcnk e-mailt a k\u00edv\u00e1nt specifik\u00e1ci\u00f3kkal, \u00e9s m\u00e9rn\u00f6keink 24 \u00f3r\u00e1n bel\u00fcl v\u00e1laszolnak, hogy seg\u00edtsenek \u00d6nnek.\u00a0<img loading=\"lazy\" decoding=\"async\" class=\"alignnone size-full wp-image-6952\" src=\"https:\/\/fmp-components.com\/wp-content\/uploads\/2025\/03\/Sintered-Metal-bevel-gear-maintain.webp\" alt=\"Szinterezett f\u00e9m k\u00fapkerekes fogasker\u00e9k\" width=\"1300\" height=\"946\" title=\"\" srcset=\"https:\/\/fmp-components.com\/wp-content\/uploads\/2025\/03\/Sintered-Metal-bevel-gear-maintain.webp 1300w, https:\/\/fmp-components.com\/wp-content\/uploads\/2025\/03\/Sintered-Metal-bevel-gear-maintain-1280x931.webp 1280w, https:\/\/fmp-components.com\/wp-content\/uploads\/2025\/03\/Sintered-Metal-bevel-gear-maintain-980x713.webp 980w, https:\/\/fmp-components.com\/wp-content\/uploads\/2025\/03\/Sintered-Metal-bevel-gear-maintain-480x349.webp 480w\" sizes=\"(min-width: 0px) and (max-width: 480px) 480px, (min-width: 481px) and (max-width: 980px) 980px, (min-width: 981px) and (max-width: 1280px) 1280px, (min-width: 1281px) 1300px, 100vw\" \/><\/p>\n<h3>Specifik\u00e1ci\u00f3<\/h3>\n<\/div>\n<table class=\"table\" border=\"1\" width=\"100%\" cellspacing=\"0\" cellpadding=\"0\">\n<tbody>\n<tr class=\"firstRow\">\n<td valign=\"center\" width=\"132\">Modellsz\u00e1m<\/td>\n<td valign=\"center\" width=\"491\">M3, M4, M5, M8, M12 \u00e9s stb.<\/td>\n<\/tr>\n<tr>\n<td valign=\"center\" width=\"132\">Anyag<\/td>\n<td valign=\"center\" width=\"491\">S\u00e1rgar\u00e9z, C45 ac\u00e9l, rozsdamentes ac\u00e9l, r\u00e9z, POM, alum\u00ednium, \u00f6tv\u00f6zet \u00e9s \u00edgy tov\u00e1bb<\/td>\n<\/tr>\n<tr>\n<td valign=\"center\" width=\"132\">Fel\u00fcletkezel\u00e9s<\/td>\n<td valign=\"center\" width=\"491\">Cinkbevonat, Nikkelbevonat, Passziv\u00e1l\u00e1s, Oxid\u00e1ci\u00f3, Elox\u00e1l\u00e1s,<br \/>\nGeomet, Dacromet, Fekete-oxid, Foszfatiz\u00e1l\u00e1s, Porbevonatol\u00e1s \u00e9s Elektrofor\u00e9zis<\/td>\n<\/tr>\n<tr>\n<td valign=\"center\" width=\"132\">Standard<\/td>\n<td valign=\"center\" width=\"491\">ISO, DIN, ANSI, JIS, BS \u00e9s nem szabv\u00e1nyos.<\/td>\n<\/tr>\n<tr>\n<td valign=\"center\" width=\"132\">Pontoss\u00e1g<\/td>\n<td valign=\"center\" width=\"491\">DIN6, DIN7, DIN8, DIN9.<\/td>\n<\/tr>\n<tr>\n<td valign=\"center\" width=\"132\">Fog\u00e1szati \u200b\u200bkezel\u00e9s<\/td>\n<td valign=\"center\" width=\"491\">Edzett, mart vagy k\u00f6sz\u00f6r\u00fclt<\/td>\n<\/tr>\n<tr>\n<td valign=\"center\" width=\"132\">Tolerancia<\/td>\n<td valign=\"center\" width=\"491\">0,001 mm-0,01 mm-0,1 mm<\/td>\n<\/tr>\n<tr>\n<td valign=\"center\" width=\"132\">Befejez\u00e9s<\/td>\n<td valign=\"center\" width=\"491\">s\u00f6r\u00e9tez\u00e9s\/homokf\u00fav\u00e1s, h\u0151kezel\u00e9s, l\u00e1gy\u00edt\u00e1s, megereszt\u00e9s, pol\u00edroz\u00e1s, elox\u00e1l\u00e1s, horganyzott<\/td>\n<\/tr>\n<tr>\n<td valign=\"center\" width=\"132\">Csomagol\u00e1s<\/td>\n<td valign=\"center\" width=\"491\">M\u0171anyag zacsk\u00f3 + dobozok vagy fa csomagol\u00e1s<\/td>\n<\/tr>\n<tr>\n<td valign=\"center\" width=\"132\">Fizet\u00e9si felt\u00e9telek<\/td>\n<td valign=\"center\" width=\"491\">T\/T, L\/C<\/td>\n<\/tr>\n<tr>\n<td valign=\"center\" width=\"132\">Gy\u00e1rt\u00e1si \u00e1tfut\u00e1si id\u0151<\/td>\n<td valign=\"center\" width=\"491\">20 munkanap a minta eset\u00e9ben, 25 nap a t\u00f6meges mennyis\u00e9g eset\u00e9ben<\/td>\n<\/tr>\n<tr>\n<td valign=\"center\" width=\"132\">Mint\u00e1k<\/td>\n<td valign=\"center\" width=\"491\">Minta\u00e1r $2-t\u0151l $100-ig.<br \/>\nminta expressz k\u00e9r\u00e9s, amelyet az \u00fcgyfelek fizetnek<\/td>\n<\/tr>\n<tr>\n<td valign=\"center\" width=\"132\">Alkalmaz\u00e1s<\/td>\n<td valign=\"center\" width=\"491\">1. Automatikus vez\u00e9rl\u0151g\u00e9p<br \/>\n2. F\u00e9lvezet\u0151ipar<br \/>\n3. \u00c1ltal\u00e1nos ipari g\u00e9pek<br \/>\n4. Orvosi berendez\u00e9sek<br \/>\n5. Napenergia-berendez\u00e9sek<br \/>\n6. Szersz\u00e1mg\u00e9p<br \/>\n7. Parkol\u00f3rendszer<br \/>\n8. Nagysebess\u00e9g\u0171 vas\u00fati \u00e9s l\u00e9gi k\u00f6zleked\u00e9si eszk\u00f6z\u00f6k stb.<\/td>\n<\/tr>\n<\/tbody>\n<\/table>\n<p><img loading=\"lazy\" decoding=\"async\" class=\"alignnone wp-image-6953\" src=\"https:\/\/fmp-components.com\/wp-content\/uploads\/2025\/03\/Sintered-Metal-bevel-gear-work.webp\" alt=\"Szinterezett f\u00e9m k\u00fapkerekes fogasker\u00e9k\" width=\"772\" height=\"587\" title=\"\" srcset=\"https:\/\/fmp-components.com\/wp-content\/uploads\/2025\/03\/Sintered-Metal-bevel-gear-work.webp 772w, https:\/\/fmp-components.com\/wp-content\/uploads\/2025\/03\/Sintered-Metal-bevel-gear-work-480x365.webp 480w\" sizes=\"(min-width: 0px) and (max-width: 480px) 480px, (min-width: 481px) 772px, 100vw\" \/><\/p>","protected":false},"excerpt":{"rendered":"<p>About Sintered Metal bevel gears Sintered metal bevel gears are precision-engineered components made through a sintering process, where metal powders are compacted and heated to form strong, durable gears with a conical shape. These gears are widely used in various industries for their ability to transmit motion and power between intersecting shafts, typically at a [&hellip;]<\/p>","protected":false},"featured_media":6951,"comment_status":"open","ping_status":"closed","template":"","meta":{"_et_pb_use_builder":"","_et_pb_old_content":"","_et_gb_content_width":""},"product_brand":[],"product_cat":[106],"product_tag":[],"class_list":{"0":"post-6946","1":"product","2":"type-product","3":"status-publish","4":"has-post-thumbnail","6":"product_cat-bevel-gears","8":"first","9":"instock","10":"shipping-taxable","11":"product-type-simple"},"_links":{"self":[{"href":"https:\/\/fmp-components.com\/hu\/wp-json\/wp\/v2\/product\/6946","targetHints":{"allow":["GET"]}}],"collection":[{"href":"https:\/\/fmp-components.com\/hu\/wp-json\/wp\/v2\/product"}],"about":[{"href":"https:\/\/fmp-components.com\/hu\/wp-json\/wp\/v2\/types\/product"}],"replies":[{"embeddable":true,"href":"https:\/\/fmp-components.com\/hu\/wp-json\/wp\/v2\/comments?post=6946"}],"wp:featuredmedia":[{"embeddable":true,"href":"https:\/\/fmp-components.com\/hu\/wp-json\/wp\/v2\/media\/6951"}],"wp:attachment":[{"href":"https:\/\/fmp-components.com\/hu\/wp-json\/wp\/v2\/media?parent=6946"}],"wp:term":[{"taxonomy":"product_brand","embeddable":true,"href":"https:\/\/fmp-components.com\/hu\/wp-json\/wp\/v2\/product_brand?post=6946"},{"taxonomy":"product_cat","embeddable":true,"href":"https:\/\/fmp-components.com\/hu\/wp-json\/wp\/v2\/product_cat?post=6946"},{"taxonomy":"product_tag","embeddable":true,"href":"https:\/\/fmp-components.com\/hu\/wp-json\/wp\/v2\/product_tag?post=6946"}],"curies":[{"name":"munkaf\u00fczet","href":"https:\/\/api.w.org\/{rel}","templated":true}]}}