{"id":6943,"date":"2025-03-13T03:22:40","date_gmt":"2025-03-13T03:22:40","guid":{"rendered":"https:\/\/fmp-components.com\/?post_type=product&#038;p=6943"},"modified":"2025-03-27T01:33:31","modified_gmt":"2025-03-27T01:33:31","slug":"90-degree-bevel-gears","status":"publish","type":"product","link":"https:\/\/fmp-components.com\/hu\/product\/90-degree-bevel-gears\/","title":{"rendered":"90 fokos ferde fogaskerekek"},"content":{"rendered":"<div>\n<h2>K\u00f6r\u00fclbel\u00fcl 90 fokos ferde fogaskerekek<\/h2>\n<p>90 fok <a href=\"https:\/\/fmp-components.com\/hu\/bevel-gear-2\/\">K\u00fapkerekek<\/a> Ezek nagyszer\u0171 alkatr\u00e9szek, amelyek seg\u00edtenek \u00e1tadni az energi\u00e1t k\u00e9t, egy sarokban \u00f6sszeill\u0151, 90 fokos sz\u00f6get alkot\u00f3 r\u00fad k\u00f6z\u00f6tt. Sok mindenben megtal\u00e1lhat\u00f3k \u2013 p\u00e9ld\u00e1ul aut\u00f3kban, rep\u00fcl\u0151g\u00e9pekben, hatalmas g\u00e9pekben \u00e9s m\u00e9g robotokban is \u2013, mert nagyon j\u00f3k az energia apr\u00f3, \u00f3vatos csavar\u00e1sokkal t\u00f6rt\u00e9n\u0151 tov\u00e1bb\u00edt\u00e1s\u00e1ban. Ezek a fogaskerekek k\u00fap alak\u00faak, \u00e9s k\u00fcl\u00f6nb\u00f6z\u0151 fogakkal rendelkeznek: egyenesek, g\u00f6nd\u00f6r spir\u00e1lok, vagy egy speci\u00e1lis t\u00edpus, a zerol. Ez azt jelenti, hogy k\u00f6nny\u0171, lass\u00fa feladatokhoz vagy gyors, neh\u00e9z feladatokhoz is haszn\u00e1lhat\u00f3k, ami rendk\u00edv\u00fcl hasznoss\u00e1 teszi \u0151ket a mai \u00e9p\u00edt\u00e9si munk\u00e1khoz.<\/p>\n<p>Az FMP Company-n\u00e1l mindenf\u00e9le 90 fokos k\u00fapkerekes fogaskereket tudunk gy\u00e1rtani, p\u00e9ld\u00e1ul egyenes, spir\u00e1lis, s\u0151t ak\u00e1r dobozos k\u00e9szleteket is, mindegyiket igaz\u00e1n er\u0151sre \u00e9s j\u00f3l elk\u00e9sz\u00edtve. Ak\u00e1r az \u00d6n ig\u00e9nyei szerint is elk\u00e9sz\u00edtj\u00fck \u0151ket, a t\u00f6k\u00e9letes fogsz\u00e1mmal, a megfelel\u0151 anyaggal (p\u00e9ld\u00e1ul f\u00e9m vagy m\u0171anyag) \u00e9s a sz\u00fcks\u00e9ges m\u00e9rettel. Ha nem tal\u00e1lja a k\u00edv\u00e1nt fogaskereket a list\u00e1nkon, ne agg\u00f3djon \u2013 ez csak azt jelenti, hogy m\u00e9g nem vett\u00fck fel. Csak k\u00fcldj\u00f6n nek\u00fcnk egy e-mailt, amelyben elmondja, mire van sz\u00fcks\u00e9ge, \u00e9s m\u00e9rn\u00f6keink 24 \u00f3r\u00e1n bel\u00fcl v\u00e1laszolnak egy nagyszer\u0171 megold\u00e1ssal a projektj\u00e9hez!<\/p>\n<table style=\"width: 100%;\" border=\"0\" width=\"100%\" cellspacing=\"0\" cellpadding=\"0\">\n<tbody>\n<tr style=\"height: 14.40pt;\">\n<td style=\"height: 14.4pt; width: 50.6281%;\" align=\"right\" width=\"80\" height=\"24\"><img loading=\"lazy\" decoding=\"async\" class=\"alignnone wp-image-6949\" src=\"https:\/\/fmp-components.com\/wp-content\/uploads\/2025\/03\/90-degree-bevel-gears-maintain.webp\" alt=\"90 fokos ferde fogaskerekek karbantart\u00e1sa\" width=\"413\" height=\"413\" title=\"\"><\/td>\n<td style=\"width: 49.2462%;\" align=\"right\" width=\"154\"><img loading=\"lazy\" decoding=\"async\" class=\"alignnone wp-image-6950\" src=\"https:\/\/fmp-components.com\/wp-content\/uploads\/2025\/03\/90-degree-bevel-gears-advantages.webp\" alt=\"90 fokos ferde fogaskerekek\" width=\"392\" height=\"392\" title=\"\"><\/td>\n<\/tr>\n<\/tbody>\n<\/table>\n<\/div>\n<h3>1. Standard egyenes k\u00fapkerekes fogasker\u00e9k \u2013 A modell<\/h3>\n<table style=\"width: 100%;\" border=\"1\" width=\"100%\" cellspacing=\"0\" cellpadding=\"0\">\n<tbody>\n<tr style=\"height: 57.60pt;\">\n<td class=\"et2\" style=\"height: 57.60pt; width: 106.80pt;\" width=\"178\" height=\"96\"><strong>Modell neve<\/strong><\/td>\n<td class=\"et2\" style=\"width: 49.80pt;\" width=\"83\"><strong>Modul<\/strong><\/td>\n<td class=\"et2\" style=\"width: 48.00pt;\" width=\"80\"><strong>Fogak sz\u00e1ma<\/strong><\/td>\n<td class=\"et2\" style=\"width: 92.40pt;\" width=\"154\"><strong>H\u00e1nyados<\/strong><\/td>\n<td class=\"et2\" style=\"width: 48.00pt;\" width=\"80\"><strong>Tengelyfurat \u00e1tm\u00e9r\u0151je<\/strong><\/td>\n<td class=\"et2\" style=\"width: 91.80pt;\" width=\"153\"><strong>Anyag<\/strong><\/td>\n<td class=\"et2\" style=\"width: 48.00pt;\" width=\"80\"><strong>Nyom\u00e1ssz\u00f6g<\/strong><\/td>\n<td class=\"et2\" style=\"width: 86.40pt;\" width=\"144\"><strong>K\u00fcls\u0151 \u00e1tm\u00e9r\u0151<\/strong><\/td>\n<td class=\"et2\" style=\"width: 115.20pt;\" width=\"192\"><strong>Fogfel\u00fclet kem\u00e9nys\u00e9ge<\/strong><\/td>\n<td class=\"et2\" style=\"width: 60.60pt;\" width=\"101\"><strong>Maxim\u00e1lis sebess\u00e9g<\/strong><\/td>\n<td class=\"et2\" style=\"width: 108.60pt;\" width=\"181\"><strong>Alkalmaz\u00e1s<\/strong><\/td>\n<\/tr>\n<tr style=\"height: 14.40pt;\">\n<td style=\"height: 14.40pt;\" height=\"24\">Egyenes k\u00fapker\u00e9k A<\/td>\n<td align=\"right\">1<\/td>\n<td align=\"right\">20<\/td>\n<td>1:1 (G\u00e9rv\u00e1g\u00f3 fogasker\u00e9k)<\/td>\n<td>10 mm<\/td>\n<td>45# sz\u00e9nac\u00e9l<\/td>\n<td>20\u00b0<\/td>\n<td>22 mm<\/td>\n<td>Edzett (HRC 40-45)<\/td>\n<td>1000 fordulat\/perc<\/td>\n<td>Alacsony sebess\u00e9g\u0171 g\u00e9pek<\/td>\n<\/tr>\n<\/tbody>\n<\/table>\n<h3>2. Standard egyenes k\u00fapkerekes fogasker\u00e9k \u2013 B modell<\/h3>\n<table style=\"width: 100%;\" border=\"1\" width=\"100%\" cellspacing=\"0\" cellpadding=\"0\">\n<tbody>\n<tr style=\"height: 57.60pt;\">\n<td class=\"et2\" style=\"height: 57.60pt; width: 106.80pt;\" width=\"178\" height=\"96\"><strong>Modell neve<\/strong><\/td>\n<td class=\"et2\" style=\"width: 49.80pt;\" width=\"83\"><strong>Modul<\/strong><\/td>\n<td class=\"et2\" style=\"width: 48.00pt;\" width=\"80\"><strong>Fogak sz\u00e1ma<\/strong><\/td>\n<td class=\"et2\" style=\"width: 92.40pt;\" width=\"154\"><strong>H\u00e1nyados<\/strong><\/td>\n<td class=\"et2\" style=\"width: 48.00pt;\" width=\"80\"><strong>Tengelyfurat \u00e1tm\u00e9r\u0151je<\/strong><\/td>\n<td class=\"et2\" style=\"width: 91.80pt;\" width=\"153\"><strong>Anyag<\/strong><\/td>\n<td class=\"et2\" style=\"width: 48.00pt;\" width=\"80\"><strong>Nyom\u00e1ssz\u00f6g<\/strong><\/td>\n<td class=\"et2\" style=\"width: 86.40pt;\" width=\"144\"><strong>K\u00fcls\u0151 \u00e1tm\u00e9r\u0151<\/strong><\/td>\n<td class=\"et2\" style=\"width: 115.20pt;\" width=\"192\"><strong>Fogfel\u00fclet kem\u00e9nys\u00e9ge<\/strong><\/td>\n<td class=\"et2\" style=\"width: 60.60pt;\" width=\"101\"><strong>Maxim\u00e1lis sebess\u00e9g<\/strong><\/td>\n<td class=\"et2\" style=\"width: 108.60pt;\" width=\"181\"><strong>Alkalmaz\u00e1s<\/strong><\/td>\n<\/tr>\n<tr style=\"height: 14.40pt;\">\n<td style=\"height: 14.40pt;\" height=\"24\">Egyenes k\u00fapker\u00e9k B<\/td>\n<td align=\"right\">2<\/td>\n<td align=\"right\">30<\/td>\n<td class=\"et3\" align=\"right\">2:01<\/td>\n<td>14 mm<\/td>\n<td>Rozsdamentes ac\u00e9l<\/td>\n<td>20\u00b0<\/td>\n<td>64 mm<\/td>\n<td>Edzett (HRC 45-50)<\/td>\n<td>800 fordulat\/perc<\/td>\n<td>K\u00f6zepes teherb\u00edr\u00e1s\u00fa sebess\u00e9gv\u00e1lt\u00f3k<\/td>\n<\/tr>\n<\/tbody>\n<\/table>\n<h3>3. Csigahajt\u00e1s\u00fa k\u00fapkerekes hajt\u00f3m\u0171 \u2013 C modell<\/h3>\n<table style=\"width: 100%;\" border=\"1\" width=\"100%\" cellspacing=\"0\" cellpadding=\"0\">\n<thead class=\"border-b border-primary\/20\">\n<tr class=\"border-primary\/10\">\n<th class=\"break-words\">Modell neve<\/th>\n<th class=\"break-words\">Modul<\/th>\n<th class=\"break-words\">Fogak sz\u00e1ma<\/th>\n<th class=\"break-words\">H\u00e1nyados<\/th>\n<th class=\"break-words\">Tengelyfurat \u00e1tm\u00e9r\u0151je<\/th>\n<th class=\"break-words\">Anyag<\/th>\n<th class=\"break-words\">Nyom\u00e1ssz\u00f6g<\/th>\n<th class=\"break-words\">K\u00fcls\u0151 \u00e1tm\u00e9r\u0151<\/th>\n<th class=\"break-words\">Fogfel\u00fclet kem\u00e9nys\u00e9ge<\/th>\n<th class=\"break-words\">Holtj\u00e1t\u00e9k<\/th>\n<th class=\"break-words\">Maxim\u00e1lis sebess\u00e9g<\/th>\n<th class=\"break-words\">Alkalmaz\u00e1s<\/th>\n<\/tr>\n<\/thead>\n<tbody>\n<tr class=\"border-primary\/10\">\n<td class=\"break-words\">C spir\u00e1lis ferde fogasker\u00e9k<\/td>\n<td class=\"break-words\">1.5<\/td>\n<td class=\"break-words\">25<\/td>\n<td class=\"break-words\">1:1<\/td>\n<td class=\"break-words\">12 mm<\/td>\n<td class=\"break-words\">Karbur\u00e1lt ac\u00e9l<\/td>\n<td class=\"break-words\">20\u00b0<\/td>\n<td class=\"break-words\">40 mm<\/td>\n<td class=\"break-words\">Edzett (HRC 50-55)<\/td>\n<td class=\"break-words\">5-10 \u00edvperc<\/td>\n<td class=\"break-words\">2000 fordulat\/perc<\/td>\n<td class=\"break-words\">Nagysebess\u00e9g\u0171 robotika<\/td>\n<\/tr>\n<\/tbody>\n<\/table>\n<h4>4. Spir\u00e1lis k\u00fapkerekes hajt\u00f3m\u0171 \u2013 D modell<\/h4>\n<table style=\"width: 100%;\" border=\"1\" width=\"100%\" cellspacing=\"0\" cellpadding=\"0\">\n<tbody>\n<tr style=\"height: 57.60pt;\">\n<td class=\"et2\" style=\"height: 57.60pt; width: 106.80pt;\" width=\"178\" height=\"96\"><strong>Modell neve<\/strong><\/td>\n<td class=\"et2\" style=\"width: 49.80pt;\" width=\"83\"><strong>Modul<\/strong><\/td>\n<td class=\"et2\" style=\"width: 48.00pt;\" width=\"80\"><strong>Fogak sz\u00e1ma<\/strong><\/td>\n<td class=\"et2\" style=\"width: 92.40pt;\" width=\"154\"><strong>H\u00e1nyados<\/strong><\/td>\n<td class=\"et2\" style=\"width: 48.00pt;\" width=\"80\"><strong>Tengelyfurat \u00e1tm\u00e9r\u0151je<\/strong><\/td>\n<td class=\"et2\" style=\"width: 91.80pt;\" width=\"153\"><strong>Anyag<\/strong><\/td>\n<td class=\"et2\" style=\"width: 48.00pt;\" width=\"80\"><strong>Nyom\u00e1ssz\u00f6g<\/strong><\/td>\n<td class=\"et2\" style=\"width: 86.40pt;\" width=\"144\"><strong>K\u00fcls\u0151 \u00e1tm\u00e9r\u0151<\/strong><\/td>\n<td class=\"et2\" style=\"width: 115.20pt;\" width=\"192\"><strong>Fogfel\u00fclet kem\u00e9nys\u00e9ge<\/strong><\/td>\n<td class=\"et2\" style=\"width: 60.60pt;\" width=\"101\"><strong>Holtj\u00e1t\u00e9k<\/strong><\/td>\n<td class=\"et2\" style=\"width: 108.60pt;\" width=\"181\"><strong>Maxim\u00e1lis sebess\u00e9g<\/strong><\/td>\n<td class=\"et2\" style=\"width: 48.00pt;\" width=\"80\"><strong>Alkalmaz\u00e1s<\/strong><\/td>\n<\/tr>\n<tr style=\"height: 14.40pt;\">\n<td style=\"height: 14.40pt;\" height=\"24\">Spir\u00e1lis ferde fogasker\u00e9k D<\/td>\n<td align=\"right\">3<\/td>\n<td align=\"right\">40<\/td>\n<td>1.5:1<\/td>\n<td>16 mm<\/td>\n<td>Edzett ac\u00e9l<\/td>\n<td>20\u00b0<\/td>\n<td>126 mm<\/td>\n<td>Edzett (HRC 55-60)<\/td>\n<td>3-8 \u00edvperc<\/td>\n<td>1500 fordulat\/perc<\/td>\n<td>Neh\u00e9zg\u00e9pek<\/td>\n<\/tr>\n<\/tbody>\n<\/table>\n<h3>5. 90 fokos ferde fogasker\u00e9k-hajt\u00f3m\u0171 \u2013 E modell (egyetlen kimenet)<\/h3>\n<table style=\"width: 100%; height: 57px;\" border=\"1\" width=\"100%\" cellspacing=\"0\" cellpadding=\"0\">\n<tbody>\n<tr style=\"height: 43.20pt;\">\n<td class=\"et2\" style=\"height: 43px; width: 106.8pt;\" width=\"178\" height=\"72\"><strong>Modell neve<\/strong><\/td>\n<td class=\"et2\" style=\"width: 49.8pt; height: 43px;\" width=\"83\"><strong>T\u00edpus<\/strong><\/td>\n<td class=\"et2\" style=\"width: 48pt; height: 43px;\" width=\"80\"><strong>Modul<\/strong><\/td>\n<td class=\"et2\" style=\"width: 92.4pt; height: 43px;\" width=\"154\"><strong>Fogak sz\u00e1ma<\/strong><\/td>\n<td class=\"et2\" style=\"width: 48pt; height: 43px;\" width=\"80\"><strong>H\u00e1nyados<\/strong><\/td>\n<td class=\"et2\" style=\"width: 91.8pt; height: 43px;\" width=\"153\"><strong>Tengely \u00e1tm\u00e9r\u0151je<\/strong><\/td>\n<td class=\"et2\" style=\"width: 48pt; height: 43px;\" width=\"80\"><strong>H\u00e1z anyaga<\/strong><\/td>\n<td class=\"et2\" style=\"width: 86.4pt; height: 43px;\" width=\"144\"><strong>N\u00e9vleges kimeneti nyomat\u00e9k<\/strong><\/td>\n<td class=\"et2\" style=\"width: 115.2pt; height: 43px;\" width=\"192\"><strong>Maxim\u00e1lis sebess\u00e9g<\/strong><\/td>\n<td class=\"et2\" style=\"width: 60.6pt; height: 43px;\" width=\"101\"><strong>V\u00e9delmi besorol\u00e1s<\/strong><\/td>\n<td class=\"et2\" style=\"width: 108.6pt; height: 43px;\" width=\"181\"><strong>S\u00faly<\/strong><\/td>\n<td class=\"et2\" style=\"width: 48pt; height: 43px;\" width=\"80\"><strong>Alkalmaz\u00e1s<\/strong><\/td>\n<\/tr>\n<tr style=\"height: 14.40pt;\">\n<td style=\"height: 14px;\" height=\"24\">K\u00fapkerekes hajt\u00f3m\u0171 E<\/td>\n<td style=\"height: 14px;\">Egyetlen kimen\u0151 tengely<\/td>\n<td style=\"height: 14px;\" align=\"right\">1<\/td>\n<td style=\"height: 14px;\" align=\"right\">20<\/td>\n<td class=\"et3\" style=\"height: 14px;\" align=\"right\">1:01<\/td>\n<td style=\"height: 14px;\">8 mm<\/td>\n<td style=\"height: 14px;\">\u00d6nt\u00f6tt alum\u00ednium<\/td>\n<td style=\"height: 14px;\">50 Nm<\/td>\n<td style=\"height: 14px;\">1800 fordulat\/perc<\/td>\n<td style=\"height: 14px;\">IP65<\/td>\n<td style=\"height: 14px;\">0,8 kg<\/td>\n<td style=\"height: 14px;\">Bark\u00e1csol\u00e1shoz haszn\u00e1lt g\u00e9p\u00e9szeti projektek<\/td>\n<\/tr>\n<\/tbody>\n<\/table>\n<h3>6. 90 fokos ferde fogasker\u00e9k-hajt\u00f3m\u0171 \u2013 F modell (dupla kimenet)<\/h3>\n<table style=\"width: 100%;\" border=\"1\" width=\"100%\" cellspacing=\"0\" cellpadding=\"0\">\n<thead class=\"border-b border-primary\/20\">\n<tr class=\"border-primary\/10\">\n<th class=\"break-words\">Modell neve<\/th>\n<th class=\"break-words\">T\u00edpus<\/th>\n<th class=\"break-words\">Modul<\/th>\n<th class=\"break-words\">Fogak sz\u00e1ma<\/th>\n<th class=\"break-words\">H\u00e1nyados<\/th>\n<th class=\"break-words\">Tengely \u00e1tm\u00e9r\u0151je<\/th>\n<th class=\"break-words\">H\u00e1z anyaga<\/th>\n<th class=\"break-words\">N\u00e9vleges kimeneti nyomat\u00e9k<\/th>\n<th class=\"break-words\">Maxim\u00e1lis sebess\u00e9g<\/th>\n<th class=\"break-words\">V\u00e9delmi besorol\u00e1s<\/th>\n<th class=\"break-words\">S\u00faly<\/th>\n<th class=\"break-words\">Alkalmaz\u00e1s<\/th>\n<\/tr>\n<\/thead>\n<tbody>\n<tr class=\"border-primary\/10\">\n<td class=\"break-words\">F ferde fogasker\u00e9k-hajt\u00f3m\u0171<\/td>\n<td class=\"break-words\">Dupla kimen\u0151 tengely<\/td>\n<td class=\"break-words\">2<\/td>\n<td class=\"break-words\">30<\/td>\n<td class=\"break-words\">2:1<\/td>\n<td class=\"break-words\">12 mm<\/td>\n<td class=\"break-words\">Nikkelezett alum\u00ednium<\/td>\n<td class=\"break-words\">120 Nm<\/td>\n<td class=\"break-words\">1200 fordulat\/perc<\/td>\n<td class=\"break-words\">IP67<\/td>\n<td class=\"break-words\">1,5 kg<\/td>\n<td class=\"break-words\">Ipari sz\u00e1ll\u00edt\u00f3szalagok<\/td>\n<\/tr>\n<\/tbody>\n<\/table>\n<h3>7. Standard egyenes k\u00fapkerekes fogasker\u00e9k \u2013 G modell<\/h3>\n<table style=\"width: 100%;\" border=\"1\" width=\"100%\" cellspacing=\"0\" cellpadding=\"0\">\n<thead class=\"border-b border-primary\/20\">\n<tr class=\"border-primary\/10\">\n<th class=\"break-words\">Modell neve<\/th>\n<th class=\"break-words\">Modul<\/th>\n<th class=\"break-words\">Fogak sz\u00e1ma<\/th>\n<th class=\"break-words\">H\u00e1nyados<\/th>\n<th class=\"break-words\">Tengelyfurat \u00e1tm\u00e9r\u0151je<\/th>\n<th class=\"break-words\">Anyag<\/th>\n<th class=\"break-words\">Nyom\u00e1ssz\u00f6g<\/th>\n<th class=\"break-words\">K\u00fcls\u0151 \u00e1tm\u00e9r\u0151<\/th>\n<th class=\"break-words\">Fogfel\u00fclet kem\u00e9nys\u00e9ge<\/th>\n<th class=\"break-words\">Maxim\u00e1lis sebess\u00e9g<\/th>\n<th class=\"break-words\">Alkalmaz\u00e1s<\/th>\n<\/tr>\n<\/thead>\n<tbody>\n<tr class=\"border-primary\/10\">\n<td class=\"break-words\">Egyenes ferde fogasker\u00e9k G<\/td>\n<td class=\"break-words\">2.5<\/td>\n<td class=\"break-words\">16<\/td>\n<td class=\"break-words\">1:1 (G\u00e9rv\u00e1g\u00f3 fogasker\u00e9k)<\/td>\n<td class=\"break-words\">12 mm<\/td>\n<td class=\"break-words\">Alum\u00ednium<\/td>\n<td class=\"break-words\">14,5\u00b0<\/td>\n<td class=\"break-words\">42 mm<\/td>\n<td class=\"break-words\">Nem edzett<\/td>\n<td class=\"break-words\">900 fordulat\/perc<\/td>\n<td class=\"break-words\">K\u00f6nny\u0171s\u00faly\u00fa rendszerek<\/td>\n<\/tr>\n<\/tbody>\n<\/table>\n<h3>8. Spir\u00e1lis k\u00fapkerekes hajt\u00f3m\u0171 \u2013 H modell<\/h3>\n<table style=\"width: 100%;\" border=\"1\" width=\"100%\" cellspacing=\"0\" cellpadding=\"0\">\n<tbody>\n<tr style=\"height: 57.60pt;\">\n<td class=\"et2\" style=\"height: 57.60pt; width: 106.80pt;\" width=\"178\" height=\"96\"><strong>Modell neve<\/strong><\/td>\n<td class=\"et2\" style=\"width: 49.80pt;\" width=\"83\"><strong>Modul<\/strong><\/td>\n<td class=\"et2\" style=\"width: 48.00pt;\" width=\"80\"><strong>Fogak sz\u00e1ma<\/strong><\/td>\n<td class=\"et2\" style=\"width: 92.40pt;\" width=\"154\"><strong>H\u00e1nyados<\/strong><\/td>\n<td class=\"et2\" style=\"width: 48.00pt;\" width=\"80\"><strong>Tengelyfurat \u00e1tm\u00e9r\u0151je<\/strong><\/td>\n<td class=\"et2\" style=\"width: 91.80pt;\" width=\"153\"><strong>Anyag<\/strong><\/td>\n<td class=\"et2\" style=\"width: 48.00pt;\" width=\"80\"><strong>Nyom\u00e1ssz\u00f6g<\/strong><\/td>\n<td class=\"et2\" style=\"width: 86.40pt;\" width=\"144\"><strong>K\u00fcls\u0151 \u00e1tm\u00e9r\u0151<\/strong><\/td>\n<td class=\"et2\" style=\"width: 115.20pt;\" width=\"192\"><strong>Fogfel\u00fclet kem\u00e9nys\u00e9ge<\/strong><\/td>\n<td class=\"et2\" style=\"width: 60.60pt;\" width=\"101\"><strong>Holtj\u00e1t\u00e9k<\/strong><\/td>\n<td class=\"et2\" style=\"width: 108.60pt;\" width=\"181\"><strong>Maxim\u00e1lis sebess\u00e9g<\/strong><\/td>\n<td class=\"et2\" style=\"width: 48.00pt;\" width=\"80\"><strong>Alkalmaz\u00e1s<\/strong><\/td>\n<\/tr>\n<tr style=\"height: 14.40pt;\">\n<td style=\"height: 14.40pt;\" height=\"24\">Spir\u00e1lis ferde fogasker\u00e9k H<\/td>\n<td align=\"right\">2.5<\/td>\n<td align=\"right\">35<\/td>\n<td class=\"et3\" align=\"right\">2:01<\/td>\n<td>14 mm<\/td>\n<td>Karbur\u00e1lt ac\u00e9l<\/td>\n<td>20\u00b0<\/td>\n<td>90 mm<\/td>\n<td>Edzett (HRC 50-55)<\/td>\n<td>4-12 \u00edvperc<\/td>\n<td>1800 fordulat\/perc<\/td>\n<td>Aut\u00f3ipari differenci\u00e1lm\u0171vek<\/td>\n<\/tr>\n<\/tbody>\n<\/table>\n<div>\n<h3>A 90 fokos ferde fogaskerekek jellemz\u0151i<\/h3>\n<p class=\"break-words\">A 90 fokos k\u00fapkerekek speci\u00e1lis, k\u00fap alak\u00fa fogaskerekek, amelyek k\u00e9t, 90 fokos sz\u00f6gben, p\u00e9ld\u00e1ul egy sarokban tal\u00e1lkoz\u00f3 tengely k\u00f6z\u00f6tt mozgatj\u00e1k az er\u0151t. Aut\u00f3kban, rep\u00fcl\u0151g\u00e9pekben \u00e9s g\u00e9pekben tal\u00e1lhat\u00f3k. K\u00e9t f\u0151 t\u00edpusuk van: az egyenes k\u00fapkerekek egyszer\u0171, egyenes fogakkal rendelkeznek, \u00e9s j\u00f3l m\u0171k\u00f6dnek lassabb dolgokhoz, p\u00e9ld\u00e1ul nyomdag\u00e9pekhez, de h\u0151vel val\u00f3 kem\u00e9ny\u00edt\u00e9s ut\u00e1n nem pol\u00edrozhat\u00f3k. A spir\u00e1lis k\u00fapkerekek \u00edvelt fogakkal rendelkeznek, amelyek csavarodnak, \u00edgy csendesebbek \u00e9s jobbak a gyors vagy neh\u00e9z munk\u00e1khoz, p\u00e9ld\u00e1ul aut\u00f3motorokban. Szuper pontosra pol\u00edrozhat\u00f3k. Ezek a fogaskerekek er\u0151s anyagb\u00f3l, p\u00e9ld\u00e1ul ac\u00e9lb\u00f3l vagy ak\u00e1r m\u0171anyagb\u00f3l is k\u00e9sz\u00fclhetnek. A spir\u00e1lis fogaskerekek gy\u00e1rt\u00e1sa bonyolultabb, de strapab\u00edr\u00f3bbak \u00e9s egyre n\u00e9pszer\u0171bbek, mert annyira j\u00f3k a dolgukban!<\/p>\n<\/div>","protected":false},"excerpt":{"rendered":"<p>About 90 Degree Bevel Gears 90 Degree Bevel Gears are awesome parts that help pass energy between two rods that connect at a corner, making a 90-degree angle. You can find them in lots of things\u2014like cars, planes, huge machines, and even robots\u2014because they\u2019re really good at sending energy in small, careful twists. These gears [&hellip;]<\/p>","protected":false},"featured_media":6944,"comment_status":"open","ping_status":"closed","template":"","meta":{"_et_pb_use_builder":"","_et_pb_old_content":"","_et_gb_content_width":""},"product_brand":[],"product_cat":[91,106],"product_tag":[],"class_list":{"0":"post-6943","1":"product","2":"type-product","3":"status-publish","4":"has-post-thumbnail","6":"product_cat-gear-racks","7":"product_cat-bevel-gears","9":"first","10":"instock","11":"shipping-taxable","12":"product-type-simple"},"_links":{"self":[{"href":"https:\/\/fmp-components.com\/hu\/wp-json\/wp\/v2\/product\/6943","targetHints":{"allow":["GET"]}}],"collection":[{"href":"https:\/\/fmp-components.com\/hu\/wp-json\/wp\/v2\/product"}],"about":[{"href":"https:\/\/fmp-components.com\/hu\/wp-json\/wp\/v2\/types\/product"}],"replies":[{"embeddable":true,"href":"https:\/\/fmp-components.com\/hu\/wp-json\/wp\/v2\/comments?post=6943"}],"wp:featuredmedia":[{"embeddable":true,"href":"https:\/\/fmp-components.com\/hu\/wp-json\/wp\/v2\/media\/6944"}],"wp:attachment":[{"href":"https:\/\/fmp-components.com\/hu\/wp-json\/wp\/v2\/media?parent=6943"}],"wp:term":[{"taxonomy":"product_brand","embeddable":true,"href":"https:\/\/fmp-components.com\/hu\/wp-json\/wp\/v2\/product_brand?post=6943"},{"taxonomy":"product_cat","embeddable":true,"href":"https:\/\/fmp-components.com\/hu\/wp-json\/wp\/v2\/product_cat?post=6943"},{"taxonomy":"product_tag","embeddable":true,"href":"https:\/\/fmp-components.com\/hu\/wp-json\/wp\/v2\/product_tag?post=6943"}],"curies":[{"name":"munkaf\u00fczet","href":"https:\/\/api.w.org\/{rel}","templated":true}]}}