{"id":6652,"date":"2025-03-11T06:36:21","date_gmt":"2025-03-11T06:36:21","guid":{"rendered":"https:\/\/fmp-components.com\/product\/professional-long-stroke-double-acting-small-dump-truck-multistage-hydraulic-cylinder"},"modified":"2025-03-12T08:24:10","modified_gmt":"2025-03-12T08:24:10","slug":"professional-long-stroke-double-acting-small-dump-truck-multistage-hydraulic-cylinder","status":"publish","type":"product","link":"https:\/\/fmp-components.com\/hu\/product\/professional-long-stroke-double-acting-small-dump-truck-multistage-hydraulic-cylinder\/","title":{"rendered":"Professzion\u00e1lis hossz\u00fa l\u00f6ket\u0171 kett\u0151s m\u0171k\u00f6d\u00e9s\u0171 kis d\u00f6mper t\u00f6bbfokozat\u00fa hidraulikus henger"},"content":{"rendered":"<h2>Professzion\u00e1lis hossz\u00fa l\u00f6ket\u0171 kett\u0151s m\u0171k\u00f6d\u00e9s\u0171 kis d\u00f6mper t\u00f6bbfokozat\u00fa hidraulikus henger<\/h2>\n<p>Professzion\u00e1lis, hossz\u00fa l\u00f6ket\u0171, kett\u0151s m\u0171k\u00f6d\u00e9s\u0171, kis d\u00f6mperekhez val\u00f3, t\u00f6bbfokozat\u00fa hidraulikus henger\u00fcnk egy \u00faj term\u00e9k, egy \u00e9v garanci\u00e1val. K\u00fcl\u00f6nb\u00f6z\u0151 ipar\u00e1gakban, p\u00e9ld\u00e1ul g\u00e9pjav\u00edt\u00f3 m\u0171helyekben, mez\u0151gazdas\u00e1gban, energia- \u00e9s b\u00e1ny\u00e1szatban, g\u00e9pgy\u00e1rt\u00e1sban \u00e9s g\u00e9pgy\u00e1rakban val\u00f3 haszn\u00e1latra tervezt\u00e9k. Tart\u00f3s ac\u00e9lb\u00f3l k\u00e9sz\u00fclt, maxim\u00e1lis tol\u00f3ereje 3000, maxim\u00e1lis h\u00faz\u00f3ereje pedig 20 tonna. Standard fekete sz\u00ednben kaphat\u00f3, \u00e9s ISO9001:2000 tan\u00fas\u00edtv\u00e1nnyal rendelkezik.<\/p>\n<h2>Term\u00e9kspecifik\u00e1ci\u00f3k<\/h2>\n<table style=\"width: 96.0953%;\" border=\"\">\n<tbody>\n<tr>\n<td style=\"width: 43.5028%;\"><strong>Furatm\u00e9ret<\/strong><\/td>\n<td style=\"width: 464.407%;\">2-6 h\u00fcvelyk<\/td>\n<\/tr>\n<tr>\n<td style=\"width: 43.5028%;\"><strong>R\u00fad m\u00e9rete<\/strong><\/td>\n<td style=\"width: 464.407%;\">1,125-4 h\u00fcvelyk<\/td>\n<\/tr>\n<tr>\n<td style=\"width: 43.5028%;\"><strong>Ecsetvon\u00e1s m\u00e9rete<\/strong><\/td>\n<td style=\"width: 464.407%;\">4-100 h\u00fcvelyk<\/td>\n<\/tr>\n<tr>\n<td style=\"width: 43.5028%;\"><strong>Cs\u00edp\u0151m\u00e9ret<\/strong><\/td>\n<td style=\"width: 464.407%;\">0,5-2 h\u00fcvelyk<\/td>\n<\/tr>\n<tr>\n<td style=\"width: 43.5028%;\"><strong>kik\u00f6t\u0151k<\/strong><\/td>\n<td style=\"width: 464.407%;\">G\/SAE\/NPT\/M<\/td>\n<\/tr>\n<\/tbody>\n<\/table>\n<h2>Egyedi tulajdons\u00e1gok \u00e9s el\u0151ny\u00f6k<\/h2>\n<ul>\n<li>Energiatakar\u00e9kos<\/li>\n<li>Rendk\u00edv\u00fcl hat\u00e9kony<\/li>\n<li>Biztons\u00e1gos haszn\u00e1lat<\/li>\n<\/ul>\n<h2>M\u0171k\u00f6d\u00e9si elv \u00e9s alkalmaz\u00e1sok<\/h2>\n<p>A hidraulikus henger a hidraulikus energia mechanikai mozg\u00e1ss\u00e1 alak\u00edt\u00e1s\u00e1nak alapelv\u00e9n m\u0171k\u00f6dik nyom\u00e1s alkalmaz\u00e1s\u00e1val. Ez a folyamat akkor kezd\u0151dik, amikor a hidraulikus folyad\u00e9kot nyom\u00e1s al\u00e1 helyezik, jellemz\u0151en egy hidraulikus szivatty\u00fa seg\u00edts\u00e9g\u00e9vel. A nyom\u00e1s alatt \u00e1ll\u00f3 folyad\u00e9k ezut\u00e1n a hengerbe ker\u00fcl, ahol er\u0151t fejt ki a benne l\u00e9v\u0151 dugatty\u00fara. Amikor a folyad\u00e9k bel\u00e9p a hengerbe, megnyomja a dugatty\u00fat, ami line\u00e1ris ir\u00e1ny\u00fa mozg\u00e1st eredm\u00e9nyez. Ez a mozg\u00e1s k\u00fcl\u00f6nf\u00e9le mechanikai feladatok elv\u00e9gz\u00e9s\u00e9re haszn\u00e1lhat\u00f3, p\u00e9ld\u00e1ul neh\u00e9z terhek emel\u00e9s\u00e9re, tol\u00e1s\u00e1ra vagy h\u00faz\u00e1s\u00e1ra.<\/p>\n<p>A hidraulikus hengerek hat\u00e9konys\u00e1ga abban rejlik, hogy jelent\u0151s energiavesztes\u00e9g n\u00e9lk\u00fcl k\u00e9pesek er\u0151t tov\u00e1bb\u00edtani t\u00e1vols\u00e1gokon kereszt\u00fcl. A hidraulikafolyad\u00e9k \u00f6sszenyomhatatlans\u00e1ga lehet\u0151v\u00e9 teszi a mozg\u00e1s pontos szab\u00e1lyoz\u00e1s\u00e1t, lehet\u0151v\u00e9 t\u00e9ve a kezel\u0151k sz\u00e1m\u00e1ra, hogy figyelemre m\u00e9lt\u00f3 pontoss\u00e1ggal \u00e1ll\u00edts\u00e1k be a dugatty\u00fa sebess\u00e9g\u00e9t \u00e9s helyzet\u00e9t. Ez a k\u00e9pess\u00e9g sokoldal\u00fav\u00e1 \u00e9s megb\u00edzhat\u00f3v\u00e1 teszi a hidraulikus rendszereket sz\u00e1mos alkalmaz\u00e1sban, ahol nagy er\u0151teljes\u00edtm\u00e9nyre van sz\u00fcks\u00e9g kompakt form\u00e1ban.<\/p>\n<p><img loading=\"lazy\" decoding=\"async\" class=\"alignnone  wp-image-6659\" src=\"https:\/\/fmp-components.com\/wp-content\/uploads\/2025\/03\/telescopic-hydraulic-cylinder-12.webp\" alt=\"teleszk\u00f3pos hidraulikus henger\" width=\"926\" height=\"926\" title=\"\" srcset=\"https:\/\/fmp-components.com\/wp-content\/uploads\/2025\/03\/telescopic-hydraulic-cylinder-12.webp 926w, https:\/\/fmp-components.com\/wp-content\/uploads\/2025\/03\/telescopic-hydraulic-cylinder-12-480x480.webp 480w\" sizes=\"(min-width: 0px) and (max-width: 480px) 480px, (min-width: 481px) 926px, 100vw\" \/><\/p>\n<h2>Alkalmaz\u00e1sok<\/h2>\n<p>A hidraulikus hengereket sz\u00e1mos ipar\u00e1gban \u00e9s alkalmaz\u00e1sban haszn\u00e1lj\u00e1k, ami sokoldal\u00fas\u00e1gukat \u00e9s hat\u00e9konys\u00e1gukat bizony\u00edtja:<\/p>\n<ul>\n<li><strong>Billen\u0151 teheraut\u00f3k:<\/strong> A sz\u00e1ll\u00edtm\u00e1nyoz\u00e1si szektorban a hidraulikus hengerek elengedhetetlenek a d\u00f6mperek m\u0171k\u00f6dtet\u00e9s\u00e9hez. Ezek teszik lehet\u0151v\u00e9 a \u00fcr\u00edt\u00e9si mechanizmust, amely lehet\u0151v\u00e9 teszi a teheraut\u00f3 plat\u00f3j\u00e1nak emel\u00e9s\u00e9t \u00e9s megd\u00f6nt\u00e9s\u00e9t, \u00edgy hat\u00e9konyan lehet kirakodni olyan anyagokat, mint a f\u00f6ld, a kavics \u00e9s a t\u00f6rmel\u00e9k.<\/li>\n<li><strong>G\u00e9pgy\u00e1rt\u00e1s:<\/strong> A gy\u00e1rt\u00e1si k\u00f6rnyezetben a hidraulikus hengerek kritikus szerepet j\u00e1tszanak a g\u00e9pek \u00f6sszeszerel\u00e9s\u00e9ben \u00e9s m\u0171k\u00f6dtet\u00e9s\u00e9ben. Olyan feladatokhoz haszn\u00e1lj\u00e1k \u0151ket, mint a f\u00e9m alkatr\u00e9szek pr\u00e9sel\u00e9se, neh\u00e9z alkatr\u00e9szek emel\u00e9se \u00e9s az \u00f6sszeszerel\u0151 sorokon zajl\u00f3 automatiz\u00e1lt folyamatokhoz sz\u00fcks\u00e9ges er\u0151 biztos\u00edt\u00e1sa.<\/li>\n<li><strong>\u00c9p\u00edt\u00e9s:<\/strong> A hidraulikus hengerek szerves r\u00e9sz\u00e9t k\u00e9pezik a k\u00fcl\u00f6nf\u00e9le \u00e9p\u00edt\u0151ipari berendez\u00e9seknek, bele\u00e9rtve a kotr\u00f3g\u00e9peket, kotr\u00f3g\u00e9peket \u00e9s buld\u00f3zereket. Ezek biztos\u00edtj\u00e1k a sz\u00fcks\u00e9ges er\u0151t a neh\u00e9z anyagok \u00e1s\u00e1s\u00e1hoz, emel\u00e9s\u00e9hez \u00e9s mozgat\u00e1s\u00e1hoz, \u00edgy n\u00e9lk\u00fcl\u00f6zhetetlenek az \u00e9p\u00edtkez\u00e9seken.<\/li>\n<li><strong>Mez\u0151gazdas\u00e1gi berendez\u00e9sek:<\/strong> A mez\u0151gazdas\u00e1gban hidraulikus hengereket haszn\u00e1lnak traktorokban, ek\u00e9kben \u00e9s betakar\u00edt\u00f3g\u00e9pekben. Seg\u00edtenek olyan feladatokban, mint a munkag\u00e9pek emel\u00e9se \u00e9s s\u00fcllyeszt\u00e9se, jav\u00edtva a mez\u0151gazdas\u00e1gi m\u0171veletek hat\u00e9konys\u00e1g\u00e1t \u00e9s eredm\u00e9nyess\u00e9g\u00e9t.<\/li>\n<li><strong>B\u00e1nyaipar:<\/strong> A hidraulikus hengereket b\u00e1ny\u00e1szati \u200b\u200bg\u00e9pekben alkalmazz\u00e1k f\u00far\u00e1shoz, f\u00f6ldmunk\u00e1hoz \u00e9s anyagmozgat\u00e1shoz. Robusztus kialak\u00edt\u00e1suk lehet\u0151v\u00e9 teszi sz\u00e1mukra a megb\u00edzhat\u00f3 m\u0171k\u00f6d\u00e9st zord k\u00f6rnyezetben, ahol a nagy er\u0151 \u00e9s a tart\u00f3ss\u00e1g kulcsfontoss\u00e1g\u00fa.<\/li>\n<li><strong>Anyagmozgat\u00e1s:<\/strong> Rakt\u00e1rakban \u00e9s eloszt\u00f3k\u00f6zpontokban hidraulikus hengereket haszn\u00e1lnak targonc\u00e1kban \u00e9s emel\u0151asztalokban neh\u00e9z terhek mozgat\u00e1s\u00e1ra \u00e9s pozicion\u00e1l\u00e1s\u00e1ra, n\u00f6velve a m\u0171k\u00f6d\u00e9si hat\u00e9konys\u00e1got \u00e9s a munkav\u00e1llal\u00f3k biztons\u00e1g\u00e1t.<\/li>\n<\/ul>\n<p>A hidraulikus hengerek sz\u00e9les k\u00f6r\u0171 haszn\u00e1lata ezekben a sokf\u00e9le alkalmaz\u00e1sban kiemeli fontoss\u00e1gukat a modern m\u00e9rn\u00f6ki \u00e9s ipari folyamatokban. Az er\u0151teljes, szab\u00e1lyozott mozg\u00e1s lebonyol\u00edt\u00e1s\u00e1ra val\u00f3 k\u00e9pess\u00e9g\u00fck l\u00e9tfontoss\u00e1g\u00fa eszk\u00f6zz\u00e9 teszi \u0151ket sz\u00e1mos \u00e1gazatban, el\u0151mozd\u00edtva a termel\u00e9kenys\u00e9get \u00e9s az innov\u00e1ci\u00f3t.<\/p>\n<h3>Az FMP-r\u0151l<\/h3>\n<p>Az FMP egy vezet\u0151 olasz gy\u00e1rt\u00f3, amely a kiv\u00e1l\u00f3 min\u0151s\u00e9g\u0171 hidraulikus hengerek tervez\u00e9s\u00e9ben, fejleszt\u00e9s\u00e9ben \u00e9s gy\u00e1rt\u00e1s\u00e1ban szerzett szak\u00e9rtelm\u00e9r\u0151l ismert. \u00c9vtizedes ipar\u00e1gi tapasztalattal z\u00f6kken\u0151mentesen \u00f6tv\u00f6zz\u00fck a hagyom\u00e1nyos olasz k\u00e9zm\u0171vess\u00e9get a legmodernebb technol\u00f3gi\u00e1val, hogy kiemelked\u0151 hidraulikus megold\u00e1sokat k\u00edn\u00e1ljunk, amelyek a glob\u00e1lis \u00fcgyfeleink sokr\u00e9t\u0171 ig\u00e9nyeire szabottak. Az Olaszorsz\u00e1gban, a m\u00e9rn\u00f6ki kiv\u00e1l\u00f3s\u00e1g k\u00f6zpontj\u00e1ban tal\u00e1lhat\u00f3 FMP megb\u00edzhat\u00f3 n\u00e9vv\u00e9 v\u00e1lt a hidraulikus szektorban, \u00e9s elk\u00f6telezett amellett, hogy megb\u00edzhat\u00f3, tart\u00f3s \u00e9s innovat\u00edv term\u00e9keket k\u00edn\u00e1ljon, amelyek vil\u00e1gszerte lend\u00fcletet adnak a v\u00e1llalkoz\u00e1soknak.<\/p>\n<p>C\u00e9g\u00fcnk a fejlett gy\u00e1rt\u00e1si gyakorlatok legjav\u00e1t \u00f6tv\u00f6zi az el\u0151remutat\u00f3 megk\u00f6zel\u00edt\u00e9ssel. A hidraulikus rendszerek ter\u00e9n szerzett sok\u00e9ves tapasztalat\u00e1ra \u00e9p\u00edtve az FMP modern v\u00e1llalkoz\u00e1ss\u00e1 fejl\u0151d\u00f6tt, amely kiemelked\u0151 a kutat\u00e1s, a tervez\u00e9s \u00e9s a gy\u00e1rt\u00e1s ter\u00e9n. Sz\u00e9les v\u00e1laszt\u00e9kban k\u00edn\u00e1lunk hidraulikus hengereket, bele\u00e9rtve a kett\u0151s m\u0171k\u00f6d\u00e9s\u0171 hengereket, az aut\u00f3ipari emel\u0151hengereket, a mez\u0151gazdas\u00e1gi g\u00e9pek hengereit \u00e9s az egyedi tervez\u00e9s\u0171 megold\u00e1sokat k\u00fcl\u00f6nf\u00e9le ipari alkalmaz\u00e1sokhoz. Legyen sz\u00f3 \u00e9p\u00edt\u0151iparr\u00f3l, ipari telep\u00edt\u00e9sekr\u0151l, mez\u0151gazdas\u00e1gr\u00f3l vagy neh\u00e9zg\u00e9pekr\u0151l, hidraulikus hengereinket \u00fagy tervezt\u00fck, hogy a legnehezebb k\u00f6r\u00fclm\u00e9nyek k\u00f6z\u00f6tt is m\u0171k\u00f6djenek, biztos\u00edtva a biztons\u00e1got, a hat\u00e9konys\u00e1got \u00e9s a hossz\u00fa \u00e9lettartamot.<\/p>\n<p>Az FMP-n\u00e9l b\u00fcszk\u00e9k vagyunk \u00e9lvonalbeli gy\u00e1rt\u00f3\u00fczemeinkre, amelyek prec\u00edzi\u00f3s g\u00e9pekkel \u00e9s fejlett vizsg\u00e1l\u00f3rendszerekkel vannak felszerelve. Gy\u00e1rt\u00e1si folyamataink szigor\u00fa nemzeti \u00e9s nemzetk\u00f6zi szabv\u00e1nyoknak felelnek meg, garant\u00e1lva, hogy minden gy\u00e1rtott hidraulikus henger megfelel a legmagasabb min\u0151s\u00e9gi \u00e9s megb\u00edzhat\u00f3s\u00e1gi k\u00f6vetelm\u00e9nyeknek. K\u00e9pzett m\u0171szaki csapatunkkal \u00e9s korszer\u0171 berendez\u00e9seinkkel szigor\u00fa min\u0151s\u00e9gellen\u0151rz\u00e9st tartunk fenn a gy\u00e1rt\u00e1s minden szakasz\u00e1ban \u2013 az alapanyagok kiv\u00e1laszt\u00e1s\u00e1t\u00f3l a v\u00e9gs\u0151 ellen\u0151rz\u00e9sig. Ez a kiv\u00e1l\u00f3s\u00e1g ir\u00e1nti elk\u00f6telezetts\u00e9g\u00fcnk tan\u00fas\u00edtv\u00e1nyokat \u00e9s elismer\u00e9st szerzett nek\u00fcnk az ipar\u00e1gi hat\u00f3s\u00e1gokt\u00f3l, meger\u0151s\u00edtve megb\u00edzhat\u00f3 partnerk\u00e9nt szerzett h\u00edrnev\u00fcnket.<\/p>\n<p><img loading=\"lazy\" decoding=\"async\" class=\"alignnone size-full wp-image-6720\" src=\"https:\/\/fmp-components.com\/wp-content\/uploads\/2025\/03\/hydraulic-cylinder-8.webp\" alt=\"Teleszk\u00f3pos hidraulikus hengerek\" width=\"933\" height=\"526\" title=\"\" srcset=\"https:\/\/fmp-components.com\/wp-content\/uploads\/2025\/03\/hydraulic-cylinder-8.webp 933w, https:\/\/fmp-components.com\/wp-content\/uploads\/2025\/03\/hydraulic-cylinder-8-480x271.webp 480w\" sizes=\"(min-width: 0px) and (max-width: 480px) 480px, (min-width: 481px) 933px, 100vw\" \/><\/p>\n<p>K\u00fcldet\u00e9s\u00fcnk egyszerre egyszer\u0171 \u00e9s ambici\u00f3zus: olyan hidraulikus hengereket biztos\u00edtani \u00fcgyfeleinknek, amelyek teljes\u00edtm\u00e9ny, tart\u00f3ss\u00e1g \u00e9s \u00e9rt\u00e9k tekintet\u00e9ben fel\u00fclm\u00falj\u00e1k az elv\u00e1r\u00e1sokat. A professzionalizmus, a feddhetetlens\u00e9g \u00e9s az \u00fcgyf\u00e9lk\u00f6zpont\u00fas\u00e1g alapelveihez ragaszkodunk. Az innov\u00e1ci\u00f3 \u00e9s a precizit\u00e1s kult\u00far\u00e1j\u00e1nak el\u0151seg\u00edt\u00e9s\u00e9vel folyamatosan fejlesztj\u00fck term\u00e9keinket, hogy meg\u0151rizz\u00fck el\u0151ny\u00fcnket a versenyk\u00e9pes piacon. Kiterjedt term\u00e9kk\u00edn\u00e1latunk \u00e9s a szem\u00e9lyre szabott megold\u00e1sok k\u00edn\u00e1l\u00e1s\u00e1nak k\u00e9pess\u00e9ge tesz minket a nagy teljes\u00edtm\u00e9ny\u0171 hidraulikus hengereket keres\u0151 v\u00e1llalkoz\u00e1sok el\u0151nyben r\u00e9szes\u00edtett v\u00e1laszt\u00e1s\u00e1v\u00e1.<\/p>\n<p>Az FMP t\u00f6bb mint egy gy\u00e1rt\u00f3; elk\u00f6telezett partnerek vagyunk az \u00d6n siker\u00e9ben. Meg\u00e9rtj\u00fck, hogy \u00fcgyfeleink a termel\u00e9kenys\u00e9get \u00e9s a biztons\u00e1got fokoz\u00f3 eszk\u00f6z\u00f6k biztos\u00edt\u00e1s\u00e1ban sz\u00e1m\u00edtanak r\u00e1nk. Ez\u00e9rt elk\u00f6telezettek vagyunk nemcsak a cs\u00facskateg\u00f3ri\u00e1s term\u00e9kek, hanem a kiv\u00e9teles szolg\u00e1ltat\u00e1s ny\u00fajt\u00e1sa ir\u00e1nt is. A kezdeti konzult\u00e1ci\u00f3kt\u00f3l az \u00e9rt\u00e9kes\u00edt\u00e9s ut\u00e1ni t\u00e1mogat\u00e1sig szorosan egy\u00fcttm\u0171k\u00f6d\u00fcnk \u00fcgyfeleinkkel, hogy biztos\u00edtsuk ig\u00e9nyeik professzionalizmussal \u00e9s gondoss\u00e1ggal t\u00f6rt\u00e9n\u0151 kiel\u00e9g\u00edt\u00e9s\u00e9t. Versenyk\u00e9pes \u00e1raink, valamint a min\u0151s\u00e9g ir\u00e1nti rend\u00edthetetlen elk\u00f6telezetts\u00e9g\u00fcnk teszi az FMP-t okos v\u00e1laszt\u00e1ss\u00e1 azoknak a v\u00e1llalatoknak, amelyek megb\u00edzhat\u00f3 hidraulikus megold\u00e1sokba szeretn\u00e9nek befektetni.<\/p>","protected":false},"excerpt":{"rendered":"<p>Professional Long Stroke Double Acting Small Dump Truck Multistage Hydraulic Cylinder Our professional long stroke double acting small dump truck multistage hydraulic cylinder is a new product with a one-year warranty. It is designed for use in various industries such as machinery repair shops, farms, energy &amp; mining, machinery manufacturing, and machinery factories. Made of [&hellip;]<\/p>","protected":false},"featured_media":6762,"comment_status":"closed","ping_status":"closed","template":"","meta":{"_et_pb_use_builder":"","_et_pb_old_content":"","_et_gb_content_width":""},"product_brand":[],"product_cat":[103],"product_tag":[34,105],"class_list":{"0":"post-6652","1":"product","2":"type-product","3":"status-publish","4":"has-post-thumbnail","6":"product_cat-telescopic-hydraulic-cylinders","7":"product_tag-hydraulic-cylinder","8":"product_tag-telescopic-hydraulic-cylinders","10":"first","11":"instock","12":"product-type-simple"},"_links":{"self":[{"href":"https:\/\/fmp-components.com\/hu\/wp-json\/wp\/v2\/product\/6652","targetHints":{"allow":["GET"]}}],"collection":[{"href":"https:\/\/fmp-components.com\/hu\/wp-json\/wp\/v2\/product"}],"about":[{"href":"https:\/\/fmp-components.com\/hu\/wp-json\/wp\/v2\/types\/product"}],"replies":[{"embeddable":true,"href":"https:\/\/fmp-components.com\/hu\/wp-json\/wp\/v2\/comments?post=6652"}],"wp:featuredmedia":[{"embeddable":true,"href":"https:\/\/fmp-components.com\/hu\/wp-json\/wp\/v2\/media\/6762"}],"wp:attachment":[{"href":"https:\/\/fmp-components.com\/hu\/wp-json\/wp\/v2\/media?parent=6652"}],"wp:term":[{"taxonomy":"product_brand","embeddable":true,"href":"https:\/\/fmp-components.com\/hu\/wp-json\/wp\/v2\/product_brand?post=6652"},{"taxonomy":"product_cat","embeddable":true,"href":"https:\/\/fmp-components.com\/hu\/wp-json\/wp\/v2\/product_cat?post=6652"},{"taxonomy":"product_tag","embeddable":true,"href":"https:\/\/fmp-components.com\/hu\/wp-json\/wp\/v2\/product_tag?post=6652"}],"curies":[{"name":"munkaf\u00fczet","href":"https:\/\/api.w.org\/{rel}","templated":true}]}}