{"id":6648,"date":"2025-03-11T06:36:21","date_gmt":"2025-03-11T06:36:21","guid":{"rendered":"https:\/\/fmp-components.com\/product\/20-ton-hydraulic-cylinder-double-acting-telescopic-hydraulic-cylinder"},"modified":"2025-03-18T01:55:17","modified_gmt":"2025-03-18T01:55:17","slug":"20-ton-hydraulic-cylinder-double-acting-telescopic-hydraulic-cylinder","status":"publish","type":"product","link":"https:\/\/fmp-components.com\/hu\/product\/20-ton-hydraulic-cylinder-double-acting-telescopic-hydraulic-cylinder\/","title":{"rendered":"20 tonn\u00e1s hidraulikus henger kett\u0151s m\u0171k\u00f6d\u00e9s\u0171 teleszk\u00f3pos hidraulikus henger"},"content":{"rendered":"<h2>20 tonn\u00e1s hidraulikus henger kett\u0151s m\u0171k\u00f6d\u00e9s\u0171 teleszk\u00f3pos hidraulikus henger<\/h2>\n<p>Ez a 20 tonn\u00e1s hidraulikus henger egy kett\u0151s m\u0171k\u00f6d\u00e9s\u0171 teleszk\u00f3pos hidraulikus henger, amely \u00faj, 1 \u00e9v garanci\u00e1val. K\u00fcl\u00f6nb\u00f6z\u0151 ipar\u00e1gakban haszn\u00e1lhat\u00f3, bele\u00e9rtve a g\u00e9pjav\u00edt\u00f3 m\u0171helyeket, a mez\u0151gazdas\u00e1got, az energia- \u00e9s b\u00e1ny\u00e1szatot, a g\u00e9pgy\u00e1rt\u00e1st \u00e9s a g\u00e9pgy\u00e1rakat.<\/p>\n<h3>Term\u00e9kspecifik\u00e1ci\u00f3k<\/h3>\n<p>A hidraulikus henger s\u00falya 120 kg, maxim\u00e1lis tol\u00f3ereje 3000. T\u00f6bbfokozat\u00fa hidraulikus henger G\/SAE\/NPT\/M csatlakoz\u00f3kkal, \u00e9s maxim\u00e1lisan 20 tonna terhel\u00e9st k\u00e9pes h\u00fazni. A henger ISO9001:2000 tan\u00fas\u00edtv\u00e1nnyal rendelkezik, \u00e9s standard fekete sz\u00ednben kaphat\u00f3.<\/p>\n<h3>R\u00e9szletes param\u00e9terek<\/h3>\n<table style=\"width: 93.7263%; height: 127px;\" border=\"\">\n<tbody>\n<tr>\n<th>Furatm\u00e9ret<\/th>\n<td>2-6 h\u00fcvelyk<\/td>\n<\/tr>\n<tr>\n<th>R\u00fad m\u00e9rete<\/th>\n<td>1,125-4 h\u00fcvelyk<\/td>\n<\/tr>\n<tr>\n<th>Ecsetvon\u00e1s m\u00e9rete<\/th>\n<td>4-100 h\u00fcvelyk<\/td>\n<\/tr>\n<tr>\n<th>Cs\u00edp\u0151m\u00e9ret<\/th>\n<td>0,5-2 h\u00fcvelyk<\/td>\n<\/tr>\n<tr>\n<th>kik\u00f6t\u0151k<\/th>\n<td>G\/SAE\/NPT\/M<\/td>\n<\/tr>\n<\/tbody>\n<\/table>\n<h2>Egyedi tulajdons\u00e1gok \u00e9s el\u0151ny\u00f6k<\/h2>\n<ul>\n<li>Energiatakar\u00e9kos<\/li>\n<li>Rendk\u00edv\u00fcl hat\u00e9kony<\/li>\n<li>Biztons\u00e1gos haszn\u00e1lat<\/li>\n<\/ul>\n<h2>Hidraulikus rendszer \u00e9s m\u0171k\u00f6d\u00e9si elv<\/h2>\n<p>A hidraulikus henger a hidraulikus energia mechanikai mozg\u00e1ss\u00e1 alak\u00edt\u00e1s\u00e1nak alapelv\u00e9n m\u0171k\u00f6dik. Ez az \u00e1talakul\u00e1s akkor kezd\u0151dik, amikor a hidraulikus folyad\u00e9k nyom\u00e1s al\u00e1 ker\u00fcl a hengerben. Ahogy a folyad\u00e9kra nyom\u00e1s hat, az er\u0151t fejt ki a hengerben l\u00e9v\u0151 dugatty\u00fara, ami mozg\u00e1sra k\u00e9szteti a dugatty\u00fat. Ez a mozg\u00e1s line\u00e1ris mozg\u00e1st gener\u00e1l, amely sz\u00e9les k\u00f6r\u0171 mechanikai feladatok elv\u00e9gz\u00e9s\u00e9re haszn\u00e1lhat\u00f3. Ennek a folyamatnak a hat\u00e9konys\u00e1ga lehet\u0151v\u00e9 teszi a hidraulikus rendszerek sz\u00e1m\u00e1ra, hogy viszonylag kis bemenetekb\u0151l jelent\u0151s teljes\u00edtm\u00e9nyt ny\u00fajtsanak, \u00edgy ide\u00e1lisak olyan alkalmaz\u00e1sokhoz, amelyek jelent\u0151s er\u0151t ig\u00e9nyelnek kompakt form\u00e1ban.<\/p>\n<p><img loading=\"lazy\" decoding=\"async\" class=\"alignnone wp-image-6656\" src=\"https:\/\/fmp-components.com\/wp-content\/uploads\/2025\/03\/telescopic-hydraulic-cylinder-5.webp\" alt=\"teleszk\u00f3pos hidraulikus henger\" width=\"917\" height=\"917\" title=\"\" srcset=\"https:\/\/fmp-components.com\/wp-content\/uploads\/2025\/03\/telescopic-hydraulic-cylinder-5.webp 917w, https:\/\/fmp-components.com\/wp-content\/uploads\/2025\/03\/telescopic-hydraulic-cylinder-5-480x480.webp 480w\" sizes=\"(min-width: 0px) and (max-width: 480px) 480px, (min-width: 481px) 917px, 100vw\" \/><\/p>\n<p>A hidraulikus hengerek bonyolult kialak\u00edt\u00e1sa lehet\u0151v\u00e9 teszi sz\u00e1mukra, hogy hat\u00e9konyan m\u0171k\u00f6djenek v\u00e1ltozatos k\u00f6r\u00fclm\u00e9nyek k\u00f6z\u00f6tt. Az \u00f6sszenyomhatatlan hidraulikafolyad\u00e9k felhaszn\u00e1l\u00e1s\u00e1val ezek a rendszerek minim\u00e1lis energiavesztes\u00e9ggel k\u00e9pesek nagy t\u00e1vols\u00e1gokra er\u0151t tov\u00e1bb\u00edtani. Tov\u00e1bb\u00e1 a hidraulikafolyad\u00e9k \u00e1raml\u00e1s\u00e1nak \u00e9s nyom\u00e1s\u00e1nak szab\u00e1lyoz\u00e1si k\u00e9pess\u00e9ge lehet\u0151v\u00e9 teszi a dugatty\u00fa sebess\u00e9g\u00e9nek \u00e9s helyzet\u00e9nek pontos szab\u00e1lyoz\u00e1s\u00e1t, n\u00f6velve a hidraulikus rendszerek sokoldal\u00fas\u00e1g\u00e1t \u00e9s reag\u00e1l\u00f3k\u00e9pess\u00e9g\u00e9t.<\/p>\n<h2>Alkalmaz\u00e1si forgat\u00f3k\u00f6nyvek<\/h2>\n<p>A hidraulikus hengerek sz\u00e1mos ipar\u00e1g szerves r\u00e9sz\u00e9t k\u00e9pezik, sokoldal\u00fas\u00e1gukat \u00e9s hat\u00e9konys\u00e1gukat k\u00fcl\u00f6nf\u00e9le alkalmaz\u00e1sokban bizony\u00edtva, bele\u00e9rtve:<\/p>\n<ul>\n<li><strong>G\u00e9pek gy\u00e1rt\u00e1sa \u00e9s karbantart\u00e1sa:<\/strong> A gy\u00e1rt\u00e1si k\u00f6rnyezetben a hidraulikus hengereket olyan feladatokhoz haszn\u00e1lj\u00e1k, mint a neh\u00e9z alkatr\u00e9szek emel\u00e9se, anyagok pr\u00e9sel\u00e9se \u00e9s automatiz\u00e1lt g\u00e9pek kezel\u00e9se. L\u00e9tfontoss\u00e1g\u00fa szerepet j\u00e1tszanak az \u00f6sszeszerel\u0151 sorokban \u00e9s a karbantart\u00e1si m\u0171veletekben, biztos\u00edtva a sz\u00fcks\u00e9ges er\u0151t \u00e9s pontoss\u00e1got a z\u00f6kken\u0151mentes m\u0171k\u00f6d\u00e9shez.<\/li>\n<li><strong>Mez\u0151gazdas\u00e1gi:<\/strong> A mez\u0151gazdas\u00e1gban a hidraulikus hengereket k\u00fcl\u00f6nf\u00e9le berendez\u00e9sekben alkalmazz\u00e1k, bele\u00e9rtve a traktorokat \u00e9s a betakar\u00edt\u00f3g\u00e9peket is. Seg\u00edtenek olyan feladatokban, mint a munkag\u00e9pek emel\u00e9se \u00e9s s\u00fcllyeszt\u00e9se, az ek\u00e9k billent\u00e9se \u00e9s a tartoz\u00e9kok kezel\u00e9se, n\u00f6velve a mez\u0151gazdas\u00e1gi m\u0171veletek termel\u00e9kenys\u00e9g\u00e9t \u00e9s hat\u00e9konys\u00e1g\u00e1t.<\/li>\n<li><strong>Energia \u00e9s b\u00e1ny\u00e1szat:<\/strong> A hidraulikus rendszerek kulcsfontoss\u00e1g\u00faak az energia- \u00e9s b\u00e1ny\u00e1szati \u200b\u200b\u00e1gazatokban, ahol f\u00far\u00e1sra, \u00e1s\u00e1sra \u00e9s neh\u00e9z terhek emel\u00e9s\u00e9re haszn\u00e1lj\u00e1k \u0151ket. A sz\u00e9ls\u0151s\u00e9ges k\u00f6r\u00fclm\u00e9nyek k\u00f6z\u00f6tti m\u0171k\u00f6d\u00e9si k\u00e9pess\u00e9g\u00fck \u00e9s a nagy er\u0151kifejt\u00e9s k\u00e9pess\u00e9ge n\u00e9lk\u00fcl\u00f6zhetetlenn\u00e9 teszi \u0151ket ezekben a zord k\u00f6rnyezetben.<\/li>\n<li><strong>\u00c9p\u00edt\u00e9s:<\/strong> A hidraulikus hengerek gyakran megtal\u00e1lhat\u00f3k \u00e9p\u00edt\u0151ipari g\u00e9pekben, p\u00e9ld\u00e1ul kotr\u00f3g\u00e9pekben, buld\u00f3zerekben \u00e9s darukban. Nagy emel\u00e9si \u00e9s \u00e1s\u00e1si k\u00e9pess\u00e9get tesznek lehet\u0151v\u00e9, \u00edgy prec\u00edzen \u00e9s k\u00f6nnyed\u00e9n elv\u00e9gezhet\u0151k a k\u00fcl\u00f6nf\u00e9le \u00e9p\u00edt\u00e9si feladatok.<\/li>\n<li><strong>Sz\u00e1ll\u00edt\u00e1s:<\/strong> A sz\u00e1ll\u00edtm\u00e1nyoz\u00e1si szektorban a hidraulikus hengereket k\u00fcl\u00f6nf\u00e9le funkci\u00f3khoz haszn\u00e1lj\u00e1k a j\u00e1rm\u0171vekben, bele\u00e9rtve a h\u00e1ts\u00f3 ajt\u00f3k emel\u00e9s\u00e9t, a hidraulikus f\u00e9kek m\u0171k\u00f6dtet\u00e9s\u00e9t \u00e9s a felf\u00fcggeszt\u00e9si rendszerek vez\u00e9rl\u00e9s\u00e9t, hozz\u00e1j\u00e1rulva a biztons\u00e1ghoz \u00e9s a teljes\u00edtm\u00e9nyhez.<\/li>\n<\/ul>\n<p>A hidraulikus hengerek sz\u00e9les k\u00f6r\u0171 alkalmaz\u00e1sa ezekben az ipar\u00e1gakban kiemeli alapvet\u0151 szerep\u00fcket a modern m\u00e9rn\u00f6ki \u00e9s g\u00e9pipari iparban, sz\u00e1mos k\u00f6rnyezetben el\u0151seg\u00edtve a hat\u00e9konys\u00e1got \u00e9s a termel\u00e9kenys\u00e9get.<\/p>\n<h2>Hidraulikus hengerek \u00e9s t\u00e1pegys\u00e9gek<\/h2>\n<p>A hidraulikus henger \u00e9s a t\u00e1pegys\u00e9g a hidraulikus rendszer szerves r\u00e9sz\u00e9t k\u00e9pezik. Egy\u00fcttes m\u0171k\u00f6d\u00e9s\u00fck biztos\u00edtja a hidraulikus technol\u00f3gia sz\u00e9les k\u00f6r\u0171 alkalmaz\u00e1s\u00e1t az ipari szektorban, megb\u00edzhat\u00f3 energia- \u00e9s vez\u00e9rl\u00e9st\u00e1mogat\u00e1st ny\u00fajtva k\u00fcl\u00f6nf\u00e9le m\u00e9rn\u00f6ki \u00e9s g\u00e9p\u00e9szeti berendez\u00e9sek sz\u00e1m\u00e1ra. A hidraulikus henger, mint m\u0171k\u00f6dtet\u0151, felel\u0151s a hidraulikus energia mechanikai mozg\u00e1ss\u00e1 alak\u00edt\u00e1s\u00e1\u00e9rt, a nyom\u00e1s er\u0151v\u00e9 alak\u00edt\u00e1s\u00e1\u00e9rt. A t\u00e1pegys\u00e9g az a mag, amely biztos\u00edtja a hidraulikus rendszer \u00e1ltal ig\u00e9nyelt energi\u00e1t \u00e9s vez\u00e9rl\u0151jeleket. A kett\u0151 \u00f6sszehangolt m\u0171k\u00f6d\u00e9se lehet\u0151v\u00e9 teszi a hidraulikus rendszer norm\u00e1l m\u0171k\u00f6d\u00e9s\u00e9t. Az FMP t\u00e1pegys\u00e9geket is forgalmaz.<\/p>\n<h2>GYIK<\/h2>\n<p>K: Kereskedelmi v\u00e1llalat vagy gy\u00e1rt\u00f3?<br \/>\nV: Gy\u00e1rt\u00f3 vagyunk.<\/p>\n<p>K: Mennyi a sz\u00e1ll\u00edt\u00e1si id\u0151?<br \/>\nV: \u00c1ltal\u00e1ban 25-35 nap.<\/p>\n<p>K: Biztos\u00edtanak mint\u00e1kat? Ingyenes vagy k\u00fcl\u00f6n fizetend\u0151?<br \/>\nV: Igen, felaj\u00e1nlhatn\u00e1nk a mint\u00e1t, de ez nem ingyenes.<\/p>\n<h3>Az FMP-r\u0151l<\/h3>\n<p>Az FMP egy vezet\u0151 olasz gy\u00e1rt\u00f3, amely a kiv\u00e1l\u00f3 min\u0151s\u00e9g\u0171 hidraulikus hengerek tervez\u00e9s\u00e9ben, fejleszt\u00e9s\u00e9ben \u00e9s gy\u00e1rt\u00e1s\u00e1ban szerzett szak\u00e9rtelm\u00e9r\u0151l ismert. \u00c9vtizedes ipar\u00e1gi tapasztalattal z\u00f6kken\u0151mentesen \u00f6tv\u00f6zz\u00fck a hagyom\u00e1nyos olasz k\u00e9zm\u0171vess\u00e9get a legmodernebb technol\u00f3gi\u00e1val, hogy kiemelked\u0151 hidraulikus megold\u00e1sokat k\u00edn\u00e1ljunk, amelyek a glob\u00e1lis \u00fcgyfeleink sokr\u00e9t\u0171 ig\u00e9nyeire szabottak. Az Olaszorsz\u00e1gban, a m\u00e9rn\u00f6ki kiv\u00e1l\u00f3s\u00e1g k\u00f6zpontj\u00e1ban tal\u00e1lhat\u00f3 FMP megb\u00edzhat\u00f3 n\u00e9vv\u00e9 v\u00e1lt a hidraulikus szektorban, \u00e9s elk\u00f6telezett amellett, hogy megb\u00edzhat\u00f3, tart\u00f3s \u00e9s innovat\u00edv term\u00e9keket k\u00edn\u00e1ljon, amelyek vil\u00e1gszerte lend\u00fcletet adnak a v\u00e1llalkoz\u00e1soknak.<\/p>\n<p>C\u00e9g\u00fcnk a fejlett gy\u00e1rt\u00e1si gyakorlatok legjav\u00e1t \u00f6tv\u00f6zi az el\u0151remutat\u00f3 megk\u00f6zel\u00edt\u00e9ssel. A hidraulikus rendszerek ter\u00e9n szerzett sok\u00e9ves tapasztalat\u00e1ra \u00e9p\u00edtve az FMP modern v\u00e1llalkoz\u00e1ss\u00e1 fejl\u0151d\u00f6tt, amely kiemelked\u0151 a kutat\u00e1s, a tervez\u00e9s \u00e9s a gy\u00e1rt\u00e1s ter\u00e9n. Sz\u00e9les v\u00e1laszt\u00e9kban k\u00edn\u00e1lunk hidraulikus hengereket, bele\u00e9rtve a kett\u0151s m\u0171k\u00f6d\u00e9s\u0171 hengereket, az aut\u00f3ipari emel\u0151hengereket, a mez\u0151gazdas\u00e1gi g\u00e9pek hengereit \u00e9s az egyedi tervez\u00e9s\u0171 megold\u00e1sokat k\u00fcl\u00f6nf\u00e9le ipari alkalmaz\u00e1sokhoz. Legyen sz\u00f3 \u00e9p\u00edt\u0151iparr\u00f3l, ipari telep\u00edt\u00e9sekr\u0151l, mez\u0151gazdas\u00e1gr\u00f3l vagy neh\u00e9zg\u00e9pekr\u0151l, hidraulikus hengereinket \u00fagy tervezt\u00fck, hogy a legnehezebb k\u00f6r\u00fclm\u00e9nyek k\u00f6z\u00f6tt is m\u0171k\u00f6djenek, biztos\u00edtva a biztons\u00e1got, a hat\u00e9konys\u00e1got \u00e9s a hossz\u00fa \u00e9lettartamot.<\/p>\n<p>Az FMP-n\u00e9l b\u00fcszk\u00e9k vagyunk \u00e9lvonalbeli gy\u00e1rt\u00f3\u00fczemeinkre, amelyek prec\u00edzi\u00f3s g\u00e9pekkel \u00e9s fejlett vizsg\u00e1l\u00f3rendszerekkel vannak felszerelve. Gy\u00e1rt\u00e1si folyamataink szigor\u00fa nemzeti \u00e9s nemzetk\u00f6zi szabv\u00e1nyoknak felelnek meg, garant\u00e1lva, hogy minden gy\u00e1rtott hidraulikus henger megfelel a legmagasabb min\u0151s\u00e9gi \u00e9s megb\u00edzhat\u00f3s\u00e1gi k\u00f6vetelm\u00e9nyeknek. K\u00e9pzett m\u0171szaki csapatunkkal \u00e9s korszer\u0171 berendez\u00e9seinkkel szigor\u00fa min\u0151s\u00e9gellen\u0151rz\u00e9st tartunk fenn a gy\u00e1rt\u00e1s minden szakasz\u00e1ban \u2013 az alapanyagok kiv\u00e1laszt\u00e1s\u00e1t\u00f3l a v\u00e9gs\u0151 ellen\u0151rz\u00e9sig. Ez a kiv\u00e1l\u00f3s\u00e1g ir\u00e1nti elk\u00f6telezetts\u00e9g\u00fcnk tan\u00fas\u00edtv\u00e1nyokat \u00e9s elismer\u00e9st szerzett nek\u00fcnk az ipar\u00e1gi hat\u00f3s\u00e1gokt\u00f3l, meger\u0151s\u00edtve megb\u00edzhat\u00f3 partnerk\u00e9nt szerzett h\u00edrnev\u00fcnket.<\/p>\n<p><img loading=\"lazy\" decoding=\"async\" class=\"alignnone size-full wp-image-6720\" src=\"https:\/\/fmp-components.com\/wp-content\/uploads\/2025\/03\/hydraulic-cylinder-8.webp\" alt=\"Teleszk\u00f3pos hidraulikus hengerek\" width=\"933\" height=\"526\" title=\"\" srcset=\"https:\/\/fmp-components.com\/wp-content\/uploads\/2025\/03\/hydraulic-cylinder-8.webp 933w, https:\/\/fmp-components.com\/wp-content\/uploads\/2025\/03\/hydraulic-cylinder-8-480x271.webp 480w\" sizes=\"(min-width: 0px) and (max-width: 480px) 480px, (min-width: 481px) 933px, 100vw\" \/><\/p>\n<p>K\u00fcldet\u00e9s\u00fcnk egyszerre egyszer\u0171 \u00e9s ambici\u00f3zus: olyan hidraulikus hengereket biztos\u00edtani \u00fcgyfeleinknek, amelyek teljes\u00edtm\u00e9ny, tart\u00f3ss\u00e1g \u00e9s \u00e9rt\u00e9k tekintet\u00e9ben fel\u00fclm\u00falj\u00e1k az elv\u00e1r\u00e1sokat. A professzionalizmus, a feddhetetlens\u00e9g \u00e9s az \u00fcgyf\u00e9lk\u00f6zpont\u00fas\u00e1g alapelveihez ragaszkodunk. Az innov\u00e1ci\u00f3 \u00e9s a precizit\u00e1s kult\u00far\u00e1j\u00e1nak el\u0151seg\u00edt\u00e9s\u00e9vel folyamatosan fejlesztj\u00fck term\u00e9keinket, hogy meg\u0151rizz\u00fck el\u0151ny\u00fcnket a versenyk\u00e9pes piacon. Kiterjedt term\u00e9kk\u00edn\u00e1latunk \u00e9s a szem\u00e9lyre szabott megold\u00e1sok k\u00edn\u00e1l\u00e1s\u00e1nak k\u00e9pess\u00e9ge tesz minket a nagy teljes\u00edtm\u00e9ny\u0171 hidraulikus hengereket keres\u0151 v\u00e1llalkoz\u00e1sok el\u0151nyben r\u00e9szes\u00edtett v\u00e1laszt\u00e1s\u00e1v\u00e1.<\/p>\n<p>Az FMP t\u00f6bb mint egy gy\u00e1rt\u00f3; elk\u00f6telezett partnerek vagyunk az \u00d6n siker\u00e9ben. Meg\u00e9rtj\u00fck, hogy \u00fcgyfeleink a termel\u00e9kenys\u00e9get \u00e9s a biztons\u00e1got fokoz\u00f3 eszk\u00f6z\u00f6k biztos\u00edt\u00e1s\u00e1ban sz\u00e1m\u00edtanak r\u00e1nk. Ez\u00e9rt elk\u00f6telezettek vagyunk nemcsak a cs\u00facskateg\u00f3ri\u00e1s term\u00e9kek, hanem a kiv\u00e9teles szolg\u00e1ltat\u00e1s ny\u00fajt\u00e1sa ir\u00e1nt is. A kezdeti konzult\u00e1ci\u00f3kt\u00f3l az \u00e9rt\u00e9kes\u00edt\u00e9s ut\u00e1ni t\u00e1mogat\u00e1sig szorosan egy\u00fcttm\u0171k\u00f6d\u00fcnk \u00fcgyfeleinkkel, hogy biztos\u00edtsuk ig\u00e9nyeik professzionalizmussal \u00e9s gondoss\u00e1ggal t\u00f6rt\u00e9n\u0151 kiel\u00e9g\u00edt\u00e9s\u00e9t. Versenyk\u00e9pes \u00e1raink, valamint a min\u0151s\u00e9g ir\u00e1nti rend\u00edthetetlen elk\u00f6telezetts\u00e9g\u00fcnk teszi az FMP-t okos v\u00e1laszt\u00e1ss\u00e1 azoknak a v\u00e1llalatoknak, amelyek megb\u00edzhat\u00f3 hidraulikus megold\u00e1sokba szeretn\u00e9nek befektetni.<\/p>","protected":false},"excerpt":{"rendered":"<p>20 Ton Hydraulic Cylinder Double Acting Telescopic Hydraulic Cylinder This 20 Ton hydraulic cylinder is a double acting telescopic hydraulic cylinder that is new with a 1-year warranty. It is suitable for use in various industries including machinery repair shops, farms, energy and mining, machinery manufacturing, and machinery factories. Product Specifications The hydraulic cylinder weighs [&hellip;]<\/p>","protected":false},"featured_media":6758,"comment_status":"closed","ping_status":"closed","template":"","meta":{"_et_pb_use_builder":"","_et_pb_old_content":"","_et_gb_content_width":""},"product_brand":[],"product_cat":[103],"product_tag":[34,105],"class_list":{"0":"post-6648","1":"product","2":"type-product","3":"status-publish","4":"has-post-thumbnail","6":"product_cat-telescopic-hydraulic-cylinders","7":"product_tag-hydraulic-cylinder","8":"product_tag-telescopic-hydraulic-cylinders","10":"first","11":"instock","12":"product-type-simple"},"_links":{"self":[{"href":"https:\/\/fmp-components.com\/hu\/wp-json\/wp\/v2\/product\/6648","targetHints":{"allow":["GET"]}}],"collection":[{"href":"https:\/\/fmp-components.com\/hu\/wp-json\/wp\/v2\/product"}],"about":[{"href":"https:\/\/fmp-components.com\/hu\/wp-json\/wp\/v2\/types\/product"}],"replies":[{"embeddable":true,"href":"https:\/\/fmp-components.com\/hu\/wp-json\/wp\/v2\/comments?post=6648"}],"wp:featuredmedia":[{"embeddable":true,"href":"https:\/\/fmp-components.com\/hu\/wp-json\/wp\/v2\/media\/6758"}],"wp:attachment":[{"href":"https:\/\/fmp-components.com\/hu\/wp-json\/wp\/v2\/media?parent=6648"}],"wp:term":[{"taxonomy":"product_brand","embeddable":true,"href":"https:\/\/fmp-components.com\/hu\/wp-json\/wp\/v2\/product_brand?post=6648"},{"taxonomy":"product_cat","embeddable":true,"href":"https:\/\/fmp-components.com\/hu\/wp-json\/wp\/v2\/product_cat?post=6648"},{"taxonomy":"product_tag","embeddable":true,"href":"https:\/\/fmp-components.com\/hu\/wp-json\/wp\/v2\/product_tag?post=6648"}],"curies":[{"name":"munkaf\u00fczet","href":"https:\/\/api.w.org\/{rel}","templated":true}]}}