{"id":6645,"date":"2025-03-11T06:35:17","date_gmt":"2025-03-11T06:35:17","guid":{"rendered":"https:\/\/fmp-components.com\/product\/5-stage-hydraulic-hoist-cylinder-dump-truck-hydraulic-cylinder"},"modified":"2025-03-12T08:36:56","modified_gmt":"2025-03-12T08:36:56","slug":"5-stage-hydraulic-hoist-cylinder-dump-truck-hydraulic-cylinder","status":"publish","type":"product","link":"https:\/\/fmp-components.com\/hu\/product\/5-stage-hydraulic-hoist-cylinder-dump-truck-hydraulic-cylinder\/","title":{"rendered":"5 fokozat\u00fa hidraulikus emel\u0151henger d\u00f6mper hidraulikus henger"},"content":{"rendered":"<h2>5 fokozat\u00fa hidraulikus emel\u0151henger d\u00f6mper hidraulikus henger<\/h2>\n<p>Az 5 fokozat\u00fa hidraulikus emel\u0151hengeres d\u00f6mper hidraulikus henger egy cs\u00facstechnol\u00f3gi\u00e1s term\u00e9k, amelyet a legmagasabb szint\u0171 hat\u00e9konys\u00e1g \u00e9s teljes\u00edtm\u00e9ny biztos\u00edt\u00e1s\u00e1ra terveztek. Megb\u00edzhat\u00f3 \u00e9s tart\u00f3s kialak\u00edt\u00e1s\u00e1nak k\u00f6sz\u00f6nhet\u0151en n\u00e9lk\u00fcl\u00f6zhetetlen alkatr\u00e9sz a g\u00e9pjav\u00edt\u00f3 m\u0171helyekben, mez\u0151gazdas\u00e1gi \u00fczemekben, energia- \u00e9s b\u00e1ny\u00e1szati \u200b\u200bszektorokban, g\u00e9pgy\u00e1rt\u00e1sban \u00e9s g\u00e9pgy\u00e1rakban.<\/p>\n<p><img loading=\"lazy\" decoding=\"async\" class=\"alignnone  wp-image-6664\" src=\"https:\/\/fmp-components.com\/wp-content\/uploads\/2025\/03\/telescopic-hydraulic-cylinder-8.webp\" alt=\"teleszk\u00f3pos hidraulikus henger\" width=\"861\" height=\"861\" title=\"\" srcset=\"https:\/\/fmp-components.com\/wp-content\/uploads\/2025\/03\/telescopic-hydraulic-cylinder-8.webp 861w, https:\/\/fmp-components.com\/wp-content\/uploads\/2025\/03\/telescopic-hydraulic-cylinder-8-480x480.webp 480w\" sizes=\"(min-width: 0px) and (max-width: 480px) 480px, (min-width: 481px) 861px, 100vw\" \/><\/p>\n<h3>Term\u00e9kjellemz\u0151k \u00e9s specifik\u00e1ci\u00f3k<\/h3>\n<p>Ez a hidraulikus henger 1 \u00e9v garanci\u00e1val rendelkezik, s\u00falya 28 kg. Standard dugatty\u00fas henger szerkezettel rendelkezik, amelyet hidraulikus energia hajt, \u00e9s kiv\u00e1l\u00f3 min\u0151s\u00e9g\u0171 ac\u00e9lb\u00f3l k\u00e9sz\u00fclt a maxim\u00e1lis tart\u00f3ss\u00e1g \u00e9rdek\u00e9ben. Maxim\u00e1lis tol\u00f3ereje 3000, maxim\u00e1lis h\u00faz\u00f3ereje pedig 20 tonna. Fekete sz\u00edn\u0171 \u00e9s t\u00f6bbfokozat\u00fa hidraulikus henger.<\/p>\n<table style=\"width: 95.1506%; height: 115px;\" border=\"\">\n<tbody>\n<tr style=\"height: 23px;\">\n<th style=\"width: 43.5028%; height: 23px;\">Furatm\u00e9ret<\/th>\n<td style=\"width: 459.393%; height: 23px;\">2-6 h\u00fcvelyk<\/td>\n<\/tr>\n<tr style=\"height: 23px;\">\n<th style=\"width: 43.5028%; height: 23px;\">R\u00fad m\u00e9rete<\/th>\n<td style=\"width: 459.393%; height: 23px;\">1,125-4 h\u00fcvelyk<\/td>\n<\/tr>\n<tr style=\"height: 23px;\">\n<th style=\"width: 43.5028%; height: 23px;\">Ecsetvon\u00e1s m\u00e9rete<\/th>\n<td style=\"width: 459.393%; height: 23px;\">4-100 h\u00fcvelyk<\/td>\n<\/tr>\n<tr style=\"height: 23px;\">\n<th style=\"width: 43.5028%; height: 23px;\">Cs\u00edp\u0151m\u00e9ret<\/th>\n<td style=\"width: 459.393%; height: 23px;\">0,5-2 h\u00fcvelyk<\/td>\n<\/tr>\n<tr style=\"height: 23px;\">\n<th style=\"width: 43.5028%; height: 23px;\">kik\u00f6t\u0151k<\/th>\n<td style=\"width: 459.393%; height: 23px;\">G\/SAE\/NPT\/M<\/td>\n<\/tr>\n<\/tbody>\n<\/table>\n<h2>Egyedi tulajdons\u00e1gok \u00e9s el\u0151ny\u00f6k<\/h2>\n<p>Ez a hidraulikus henger az energiahat\u00e9konys\u00e1gra, a nagy teljes\u00edtm\u00e9nyre \u00e9s a biztons\u00e1gra \u00f6sszpontos\u00edtva lett tervezve, \u00edgy piacvezet\u0151 v\u00e1laszt\u00e1ss\u00e1 v\u00e1lt. Innovat\u00edv tulajdons\u00e1gai biztos\u00edtj\u00e1k, hogy cs\u00facsteljes\u00edtm\u00e9nyen m\u0171k\u00f6dj\u00f6n, mik\u00f6zben minimaliz\u00e1lja a k\u00f6rnyezeti terhel\u00e9st. A hidraulikus energia\u00e1talak\u00edt\u00e1s optimaliz\u00e1l\u00e1s\u00e1val ez a henger nemcsak az energiak\u00f6lts\u00e9geket cs\u00f6kkenti, hanem a fenntarthat\u00f3 gyakorlatokat is t\u00e1mogatja. Ezenk\u00edv\u00fcl robusztus konstrukci\u00f3ja \u00e9s fejlett m\u00e9rn\u00f6ki alkot\u00e1sa nyugalmat biztos\u00edt, mivel megfelel a szigor\u00fa biztons\u00e1gi el\u0151\u00edr\u00e1soknak, \u00e9s megb\u00edzhat\u00f3 m\u0171k\u00f6d\u00e9st biztos\u00edt ig\u00e9nyes k\u00f6r\u00fclm\u00e9nyek k\u00f6z\u00f6tt.<\/p>\n<h3>Hidraulikus rendszerek \u00e9s m\u0171k\u00f6d\u00e9si elvek<\/h3>\n<p>A hidraulikus henger a hidraulikus energia mechanikai mozg\u00e1ss\u00e1 alak\u00edt\u00e1s\u00e1nak alapelv\u00e9n m\u0171k\u00f6dik. Ez a folyamat mag\u00e1ban foglalja a nyom\u00e1s er\u0151v\u00e9 alak\u00edt\u00e1s\u00e1t, ami lehet\u0151v\u00e9 teszi a henger sz\u00e1m\u00e1ra, hogy k\u00fcl\u00f6nf\u00e9le mechanikai feladatokat pontosan v\u00e9gezzen. Amikor a hidraulikus folyad\u00e9k nyom\u00e1s al\u00e1 ker\u00fcl, a hengerben l\u00e9v\u0151 dugatty\u00fanak nyom\u00f3dik, line\u00e1ris mozg\u00e1st gener\u00e1lva. Ez a hat\u00e9kony energia\u00e1talak\u00edt\u00e1s a hidraulikus hengereket sz\u00e1mos g\u00e9p\u00e9szeti \u00e9s m\u00e9rn\u00f6ki alkalmaz\u00e1s alapvet\u0151 alkatr\u00e9sz\u00e9v\u00e9 teszi, lehet\u0151v\u00e9 t\u00e9ve a kezel\u0151k sz\u00e1m\u00e1ra, hogy k\u00f6nnyed\u00e9n emeljenek, toljanak vagy h\u00fazzanak neh\u00e9z terheket.<\/p>\n<p><img loading=\"lazy\" decoding=\"async\" class=\"alignnone  wp-image-6665\" src=\"https:\/\/fmp-components.com\/wp-content\/uploads\/2025\/03\/telescopic-hydraulic-cylinder-9.webp\" alt=\"teleszk\u00f3pos hidraulikus henger\" width=\"912\" height=\"912\" title=\"\" srcset=\"https:\/\/fmp-components.com\/wp-content\/uploads\/2025\/03\/telescopic-hydraulic-cylinder-9.webp 912w, https:\/\/fmp-components.com\/wp-content\/uploads\/2025\/03\/telescopic-hydraulic-cylinder-9-480x480.webp 480w\" sizes=\"(min-width: 0px) and (max-width: 480px) 480px, (min-width: 481px) 912px, 100vw\" \/><\/p>\n<h3>Alkalmaz\u00e1si forgat\u00f3k\u00f6nyvek<\/h3>\n<p>Ez a hidraulikus henger sz\u00e9les k\u00f6rben alkalmazhat\u00f3 sz\u00e1mos \u00e1gazatban, bele\u00e9rtve:<\/p>\n<ul>\n<li><strong>G\u00e9pjav\u00edt\u00f3 m\u0171helyek:<\/strong> Jav\u00edt\u00e1si k\u00f6rnyezetben a hidraulikus hengerek megk\u00f6nny\u00edtik a neh\u00e9zg\u00e9pek alkatr\u00e9szeinek emel\u00e9s\u00e9t \u00e9s pozicion\u00e1l\u00e1s\u00e1t, ez\u00e1ltal egyszer\u0171s\u00edtik a karbantart\u00e1si folyamatokat \u00e9s n\u00f6velik a m\u0171k\u00f6d\u00e9si hat\u00e9konys\u00e1got.<\/li>\n<li><strong>Mez\u0151gazdas\u00e1gi:<\/strong> A mez\u0151gazdas\u00e1gi szektorban ezek a munkahengerek kulcsfontoss\u00e1g\u00faak olyan berendez\u00e9sek m\u0171k\u00f6dtet\u00e9s\u00e9hez, mint a traktorok \u00e9s a betakar\u00edt\u00f3g\u00e9pek. Seg\u00edtenek olyan feladatokban, mint az emel\u00e9s, a sz\u00e1nt\u00e1s \u00e9s az \u00e1ruk sz\u00e1ll\u00edt\u00e1sa, jelent\u0151sen jav\u00edtva a gazdas\u00e1gok termel\u00e9kenys\u00e9g\u00e9t.<\/li>\n<li><strong>Energia \u00e9s b\u00e1ny\u00e1szat:<\/strong> A hidraulikus hengerek l\u00e9tfontoss\u00e1g\u00faak az energetikai \u00e9s b\u00e1ny\u00e1szati \u200b\u200bm\u0171veletekben, ahol f\u00far\u00e1sra, f\u00f6ldmunk\u00e1ra \u00e9s anyagmozgat\u00e1sra haszn\u00e1lj\u00e1k \u0151ket. A zord k\u00f6r\u00fclm\u00e9nyek k\u00f6z\u00f6tti megb\u00edzhat\u00f3 m\u0171k\u00f6d\u00e9s\u00fck n\u00e9lk\u00fcl\u00f6zhetetlenn\u00e9 teszi \u0151ket ezen ipar\u00e1gak berendez\u00e9seiben.<\/li>\n<li><strong>G\u00e9pgy\u00e1rt\u00e1s:<\/strong> A gy\u00e1rt\u00e1si k\u00f6rnyezetben hidraulikus hengereket haszn\u00e1lnak a folyamatok automatiz\u00e1l\u00e1s\u00e1ra, neh\u00e9z anyagok emel\u00e9s\u00e9re \u00e9s az \u00f6sszeszerel\u0151 sorok energiaell\u00e1t\u00e1s\u00e1ra. Hat\u00e9konys\u00e1guk hozz\u00e1j\u00e1rul a termel\u00e9kenys\u00e9g \u00e9s a gy\u00e1rt\u00e1s pontoss\u00e1g\u00e1nak n\u00f6veked\u00e9s\u00e9hez.<\/li>\n<li><strong>G\u00e9pgy\u00e1rak:<\/strong> Ezek a hengerek kulcsszerepet j\u00e1tszanak a k\u00fcl\u00f6nf\u00e9le g\u00e9palkatr\u00e9szek \u00f6sszeszerel\u00e9s\u00e9ben \u00e9s m\u0171k\u00f6dtet\u00e9s\u00e9ben, biztos\u00edtva a z\u00f6kken\u0151mentes munkafolyamatokat \u00e9s a hat\u00e9kony anyagmozgat\u00e1st gy\u00e1ri k\u00f6rnyezetben.<\/li>\n<\/ul>\n<h2>Hidraulikus hengerek \u00e9s t\u00e1pegys\u00e9gek<\/h2>\n<p>A hidraulikus hengerek \u00e9s a t\u00e1pegys\u00e9gek minden hidraulikus rendszer alapvet\u0151 alkot\u00f3elemei, amelyek egy\u00fcttm\u0171k\u00f6dve megb\u00edzhat\u00f3 teljes\u00edtm\u00e9nyt \u00e9s vez\u00e9rl\u00e9st biztos\u00edtanak. A hidraulikus henger m\u0171k\u00f6dtet\u0151k\u00e9nt m\u0171k\u00f6dik, a hidraulikus energi\u00e1t mechanikai mozg\u00e1ss\u00e1 alak\u00edtja, m\u00edg a t\u00e1pegys\u00e9g gener\u00e1lja \u00e9s szab\u00e1lyozza a m\u0171k\u00f6d\u00e9shez sz\u00fcks\u00e9ges hidraulikus nyom\u00e1st. Ez a szimbiotikus kapcsolat lehet\u0151v\u00e9 teszi a hidraulikus technol\u00f3gia sz\u00e9les k\u00f6r\u0171 alkalmaz\u00e1s\u00e1t a k\u00fcl\u00f6nb\u00f6z\u0151 ipar\u00e1gakban, biztos\u00edtva, hogy a m\u00e9rn\u00f6ki \u00e9s g\u00e9p\u00e9szeti berendez\u00e9sek hat\u00e9konyan \u00e9s eredm\u00e9nyesen m\u0171k\u00f6dhessenek. A kiv\u00e1l\u00f3 min\u0151s\u00e9g\u0171 hidraulikus hengerek \u00e9s a fejlett t\u00e1pegys\u00e9gek integr\u00e1l\u00e1s\u00e1val a v\u00e1llalkoz\u00e1sok optim\u00e1lis teljes\u00edtm\u00e9nyt \u00e9s megb\u00edzhat\u00f3s\u00e1got \u00e9rhetnek el m\u0171k\u00f6d\u00e9s\u00fck sor\u00e1n, el\u0151seg\u00edtve a termel\u00e9kenys\u00e9get \u00e9s az innov\u00e1ci\u00f3t a saj\u00e1t ter\u00fclet\u00fck\u00f6n.<\/p>\n<h2>GYIK<\/h2>\n<p><b>K: Kereskedelmi v\u00e1llalat vagy gy\u00e1rt\u00f3?<\/b><br \/>\nV: Mi egy gy\u00e1r vagyunk.<\/p>\n<p><b>K: Mennyi a sz\u00e1ll\u00edt\u00e1si id\u0151?<\/b><br \/>\nV: \u00c1ltal\u00e1ban 25-35 nap.<\/p>\n<p><b>K: Biztos\u00edtanak mint\u00e1kat? Ingyenes vagy k\u00fcl\u00f6n fizetend\u0151?<\/b><br \/>\nV: Igen, felaj\u00e1nlhatn\u00e1nk a mint\u00e1t, de ez nem ingyenes.<\/p>\n<h3>Az FMP-r\u0151l<\/h3>\n<p class=\"break-words\">Az FMP egy vezet\u0151 olasz gy\u00e1rt\u00f3, amely kiv\u00e1l\u00f3 min\u0151s\u00e9g\u0171 hidraulikus hengerek tervez\u00e9s\u00e9re, fejleszt\u00e9s\u00e9re \u00e9s gy\u00e1rt\u00e1s\u00e1ra specializ\u00e1l\u00f3dott. \u00c9vtizedes szak\u00e9rtelemre \u00e9p\u00fcl\u0151 gazdag \u00f6r\u00f6ks\u00e9g\u00fcnkkel b\u00fcszk\u00e9n \u00f6tv\u00f6zz\u00fck az olasz k\u00e9zm\u0171vess\u00e9get a legmodernebb technol\u00f3gi\u00e1val, hogy kiv\u00e9teles hidraulikus megold\u00e1sokat k\u00edn\u00e1ljunk, amelyek a glob\u00e1lis \u00fcgyfeleink sokr\u00e9t\u0171 ig\u00e9nyeit el\u00e9g\u00edtik ki. Az olaszorsz\u00e1gi sz\u00e9khely\u0171, a m\u00e9rn\u00f6ki kiv\u00e1l\u00f3s\u00e1g k\u00f6zpontj\u00e1ban m\u0171k\u00f6d\u0151 FMP megb\u00edzhat\u00f3 n\u00e9v a hidraulikus iparban, elk\u00f6telezett amellett, hogy megb\u00edzhat\u00f3, tart\u00f3s \u00e9s innovat\u00edv term\u00e9keket k\u00edn\u00e1ljon, amelyek vil\u00e1gszerte lend\u00fcletet adnak a v\u00e1llalkoz\u00e1soknak.<\/p>\n<p class=\"break-words\">C\u00e9g\u00fcnk a fejlett gy\u00e1rt\u00e1si hagyom\u00e1nyok legjav\u00e1t \u00f6tv\u00f6zi az el\u0151remutat\u00f3 megk\u00f6zel\u00edt\u00e9ssel. A hidraulikus rendszerek ter\u00e9n szerzett sok\u00e9ves tapasztalat\u00e1ra \u00e9p\u00edtve az FMP egy modern v\u00e1llalkoz\u00e1ss\u00e1 fejl\u0151d\u00f6tt, amely kiemelked\u0151 a kutat\u00e1s, a tervez\u00e9s \u00e9s a gy\u00e1rt\u00e1s ter\u00e9n. Sz\u00e9les hidraulikus hengerv\u00e1laszt\u00e9kra specializ\u00e1l\u00f3dtunk, bele\u00e9rtve a kett\u0151s m\u0171k\u00f6d\u00e9s\u0171 hengereket, az aut\u00f3ipari emel\u0151hengereket, a mez\u0151gazdas\u00e1gi g\u00e9pek hengereit \u00e9s az egyedi tervez\u00e9s\u0171 megold\u00e1sokat k\u00fcl\u00f6nf\u00e9le ipari alkalmaz\u00e1sokhoz. Legyen sz\u00f3 \u00e9p\u00edt\u0151iparr\u00f3l, ipari telep\u00edt\u00e9sekr\u0151l, mez\u0151gazdas\u00e1gr\u00f3l vagy neh\u00e9zg\u00e9pekr\u0151l, hidraulikus hengereinket a legnehezebb k\u00f6r\u00fclm\u00e9nyek k\u00f6z\u00f6tt is k\u00e9pesek teljes\u00edteni, biztos\u00edtva a biztons\u00e1got, a hat\u00e9konys\u00e1got \u00e9s a hossz\u00fa \u00e9lettartamot.<\/p>\n<p><img loading=\"lazy\" decoding=\"async\" class=\"alignnone size-full wp-image-6720\" src=\"https:\/\/fmp-components.com\/wp-content\/uploads\/2025\/03\/hydraulic-cylinder-8.webp\" alt=\"Teleszk\u00f3pos hidraulikus hengerek\" width=\"933\" height=\"526\" title=\"\" srcset=\"https:\/\/fmp-components.com\/wp-content\/uploads\/2025\/03\/hydraulic-cylinder-8.webp 933w, https:\/\/fmp-components.com\/wp-content\/uploads\/2025\/03\/hydraulic-cylinder-8-480x271.webp 480w\" sizes=\"(min-width: 0px) and (max-width: 480px) 480px, (min-width: 481px) 933px, 100vw\" \/><\/p>\n<p class=\"break-words\">Az FMP-n\u00e9l b\u00fcszk\u00e9k vagyunk a legmodernebb gy\u00e1rt\u00f3\u00fczemeinkre, amelyek prec\u00edzi\u00f3s g\u00e9pekkel \u00e9s fejlett vizsg\u00e1l\u00f3rendszerekkel vannak felszerelve. Gy\u00e1rt\u00e1si folyamataink szigor\u00fa nemzeti \u00e9s nemzetk\u00f6zi szabv\u00e1nyoknak felelnek meg, biztos\u00edtva, hogy minden egyes hidraulikus henger, amely elhagyja gy\u00e1runkat, kiv\u00e1l\u00f3 min\u0151s\u00e9g\u0171 \u00e9s megb\u00edzhat\u00f3 legyen. K\u00e9pzett m\u0171szaki csapatunk a legmodernebb berendez\u00e9sekkel p\u00e1rosulva lehet\u0151v\u00e9 teszi sz\u00e1munkra, hogy szigor\u00fa min\u0151s\u00e9gellen\u0151rz\u00e9st tartsunk fenn a gy\u00e1rt\u00e1s minden szakasz\u00e1ban \u2013 az alapanyagok kiv\u00e1laszt\u00e1s\u00e1t\u00f3l a v\u00e9gs\u0151 ellen\u0151rz\u00e9sig. Ez a kiv\u00e1l\u00f3s\u00e1g ir\u00e1nti elk\u00f6telezetts\u00e9g tan\u00fas\u00edtv\u00e1nyokat \u00e9s elismer\u00e9st szerzett nek\u00fcnk az ipar\u00e1gi hat\u00f3s\u00e1gokt\u00f3l, tov\u00e1bb er\u0151s\u00edtve megb\u00edzhat\u00f3 partnerk\u00e9nt szerzett h\u00edrnev\u00fcnket.<\/p>\n<p class=\"break-words\">K\u00fcldet\u00e9s\u00fcnk egyszer\u0171, m\u00e9gis ambici\u00f3zus: olyan hidraulikus hengereket biztos\u00edtani \u00fcgyfeleinknek, amelyek teljes\u00edtm\u00e9ny, tart\u00f3ss\u00e1g \u00e9s \u00e9rt\u00e9k tekintet\u00e9ben fel\u00fclm\u00falj\u00e1k az elv\u00e1r\u00e1sokat. A professzionalizmus, a feddhetetlens\u00e9g \u00e9s az \u00fcgyf\u00e9lk\u00f6zpont\u00fas\u00e1g vez\u00e9relvei szerint m\u0171k\u00f6d\u00fcnk. Az innov\u00e1ci\u00f3 \u00e9s a precizit\u00e1s kult\u00far\u00e1j\u00e1nak \u00e1pol\u00e1s\u00e1val folyamatosan finom\u00edtjuk term\u00e9keinket, hogy meg\u0151rizz\u00fck el\u0151ny\u00fcnket a versenyk\u00e9pes piacon. \u00c1tfog\u00f3 term\u00e9kk\u00edn\u00e1latunk \u00e9s a szem\u00e9lyre szabott megold\u00e1sok k\u00edn\u00e1l\u00e1s\u00e1nak k\u00e9pess\u00e9ge tesz minket a nagy teljes\u00edtm\u00e9ny\u0171 hidraulikus hengereket keres\u0151 v\u00e1llalkoz\u00e1sok els\u0151 sz\u00e1m\u00fa v\u00e1laszt\u00e1s\u00e1v\u00e1.<\/p>\n<p class=\"break-words\">Az FMP t\u00f6bb mint egy gy\u00e1rt\u00f3 \u2013 partnerek vagyunk a siker\u00e9ben. Meg\u00e9rtj\u00fck, hogy \u00fcgyfeleink olyan szersz\u00e1mok sz\u00e1ll\u00edt\u00e1s\u00e1ban b\u00edznak benn\u00fcnk, amelyek n\u00f6velik termel\u00e9kenys\u00e9g\u00fcket \u00e9s biztons\u00e1gukat. Ez\u00e9rt elk\u00f6telezettek vagyunk nemcsak a legjobb min\u0151s\u00e9g\u0171 term\u00e9kek, hanem a kiv\u00e9teles szolg\u00e1ltat\u00e1s ny\u00fajt\u00e1sa ir\u00e1nt is. A kezdeti konzult\u00e1ci\u00f3t\u00f3l az \u00e9rt\u00e9kes\u00edt\u00e9s ut\u00e1ni t\u00e1mogat\u00e1sig szorosan egy\u00fcttm\u0171k\u00f6d\u00fcnk \u00fcgyfeleinkkel annak biztos\u00edt\u00e1sa \u00e9rdek\u00e9ben, hogy ig\u00e9nyeiket professzionalizmussal \u00e9s gondoss\u00e1ggal el\u00e9g\u00edts\u00fck ki. Versenyk\u00e9pes \u00e1raink, p\u00e1rosulva a min\u0151s\u00e9g ir\u00e1nti rend\u00edthetetlen elk\u00f6telezetts\u00e9g\u00fcnkkel, teszik az FMP-t okos v\u00e1laszt\u00e1ss\u00e1 azoknak a v\u00e1llalatoknak, amelyek megb\u00edzhat\u00f3 hidraulikus megold\u00e1sokba szeretn\u00e9nek befektetni.<\/p>","protected":false},"excerpt":{"rendered":"<p>5 Stage Hydraulic Hoist Cylinder Dump Truck Hydraulic Cylinder The 5 Stage Hydraulic Hoist Cylinder Dump Truck hydraulic cylinder is a state-of-the-art product designed to provide the highest level of efficiency and power. Its reliable and durable design makes it an essential component in machinery repair shops, farms, energy and mining sectors, machinery manufacturing and [&hellip;]<\/p>","protected":false},"featured_media":6767,"comment_status":"closed","ping_status":"closed","template":"","meta":{"_et_pb_use_builder":"","_et_pb_old_content":"","_et_gb_content_width":""},"product_brand":[],"product_cat":[103],"product_tag":[34,105],"class_list":{"0":"post-6645","1":"product","2":"type-product","3":"status-publish","4":"has-post-thumbnail","6":"product_cat-telescopic-hydraulic-cylinders","7":"product_tag-hydraulic-cylinder","8":"product_tag-telescopic-hydraulic-cylinders","10":"first","11":"instock","12":"product-type-simple"},"_links":{"self":[{"href":"https:\/\/fmp-components.com\/hu\/wp-json\/wp\/v2\/product\/6645","targetHints":{"allow":["GET"]}}],"collection":[{"href":"https:\/\/fmp-components.com\/hu\/wp-json\/wp\/v2\/product"}],"about":[{"href":"https:\/\/fmp-components.com\/hu\/wp-json\/wp\/v2\/types\/product"}],"replies":[{"embeddable":true,"href":"https:\/\/fmp-components.com\/hu\/wp-json\/wp\/v2\/comments?post=6645"}],"wp:featuredmedia":[{"embeddable":true,"href":"https:\/\/fmp-components.com\/hu\/wp-json\/wp\/v2\/media\/6767"}],"wp:attachment":[{"href":"https:\/\/fmp-components.com\/hu\/wp-json\/wp\/v2\/media?parent=6645"}],"wp:term":[{"taxonomy":"product_brand","embeddable":true,"href":"https:\/\/fmp-components.com\/hu\/wp-json\/wp\/v2\/product_brand?post=6645"},{"taxonomy":"product_cat","embeddable":true,"href":"https:\/\/fmp-components.com\/hu\/wp-json\/wp\/v2\/product_cat?post=6645"},{"taxonomy":"product_tag","embeddable":true,"href":"https:\/\/fmp-components.com\/hu\/wp-json\/wp\/v2\/product_tag?post=6645"}],"curies":[{"name":"munkaf\u00fczet","href":"https:\/\/api.w.org\/{rel}","templated":true}]}}