{"id":6644,"date":"2025-03-11T06:35:17","date_gmt":"2025-03-11T06:35:17","guid":{"rendered":"https:\/\/fmp-components.com\/product\/long-stroke-double-acting-telescopic-hydraulic-cylinder"},"modified":"2025-03-12T08:31:23","modified_gmt":"2025-03-12T08:31:23","slug":"long-stroke-double-acting-telescopic-hydraulic-cylinder","status":"publish","type":"product","link":"https:\/\/fmp-components.com\/hu\/product\/long-stroke-double-acting-telescopic-hydraulic-cylinder\/","title":{"rendered":"Hossz\u00fa l\u00f6ket\u0171 kett\u0151s m\u0171k\u00f6d\u00e9s\u0171 teleszk\u00f3pos hidraulikus henger"},"content":{"rendered":"<h2>Hossz\u00fa l\u00f6ket\u0171 kett\u0151s m\u0171k\u00f6d\u00e9s\u0171 teleszk\u00f3pos hidraulikus henger<\/h2>\n<p>Ez a vadonat\u00faj, hossz\u00fa l\u00f6ket\u0171, kett\u0151s m\u0171k\u00f6d\u00e9s\u0171 teleszk\u00f3pos hidraulikus henger t\u00f6k\u00e9letes kieg\u00e9sz\u00edt\u0151je ipari g\u00e9peinek. 32 kg-os s\u00faly\u00e1val \u00e9s egy \u00e9v garanci\u00e1j\u00e1val ide\u00e1lis v\u00e1laszt\u00e1s g\u00e9pjav\u00edt\u00f3 m\u0171helyek, mez\u0151gazdas\u00e1gi \u00fczemek, energia- \u00e9s b\u00e1ny\u00e1szat, g\u00e9pgy\u00e1rt\u00e1s \u00e9s g\u00e9pgy\u00e1rak sz\u00e1m\u00e1ra.<\/p>\n<h3>Term\u00e9kspecifik\u00e1ci\u00f3k<\/h3>\n<table style=\"width: 91.7171%;\" border=\"\">\n<tbody>\n<tr>\n<th style=\"width: 16.9576%;\">Furatm\u00e9ret<\/th>\n<th style=\"width: 20.4489%;\">R\u00fad m\u00e9rete<\/th>\n<th style=\"width: 19.9501%;\">Ecsetvon\u00e1s m\u00e9rete<\/th>\n<th style=\"width: 16.4589%;\">Cs\u00edp\u0151m\u00e9ret<\/th>\n<th style=\"width: 134.775%;\">kik\u00f6t\u0151k<\/th>\n<\/tr>\n<tr>\n<td style=\"width: 16.9576%;\">2-6 h\u00fcvelyk<\/td>\n<td style=\"width: 20.4489%;\">1,125-4 h\u00fcvelyk<\/td>\n<td style=\"width: 19.9501%;\">4-100 h\u00fcvelyk<\/td>\n<td style=\"width: 16.4589%;\">0,5-2 h\u00fcvelyk<\/td>\n<td style=\"width: 134.775%;\">G\/SAE\/NPT\/M<\/td>\n<\/tr>\n<\/tbody>\n<\/table>\n<p>Hidraulikus henger\u00fcnk kiv\u00e1l\u00f3 min\u0151s\u00e9g\u0171 ac\u00e9lb\u00f3l k\u00e9sz\u00fcl, ami tart\u00f3ss\u00e1got \u00e9s hossz\u00fa \u00e9lettartamot biztos\u00edt. Ez egy szabv\u00e1nyos dugatty\u00fas henger, maxim\u00e1lis tol\u00f3ereje 3000 tonna, maxim\u00e1lis h\u00faz\u00f3ereje pedig 20 tonna. Ez a t\u00f6bbfokozat\u00fa hidraulikus henger ISO9001:2000 tan\u00fas\u00edtv\u00e1nnyal rendelkezik, ami garant\u00e1lja a legmagasabb min\u0151s\u00e9gi szabv\u00e1nyokat.<\/p>\n<h2>Egyedi tulajdons\u00e1gok \u00e9s el\u0151ny\u00f6k<\/h2>\n<ul>\n<li>Energiatakar\u00e9kos: Hidraulikus henger\u00fcnk hidraulikus energi\u00e1t haszn\u00e1l, \u00edgy cs\u00f6kkentve az energiak\u00f6lts\u00e9geket, mik\u00f6zben optim\u00e1lis teljes\u00edtm\u00e9nyt ny\u00fajt.<\/li>\n<li>Rendk\u00edv\u00fcl hat\u00e9kony: A maxim\u00e1lis 3000-es tol\u00f3er\u0151vel henger\u00fcnk er\u0151teljes teljes\u00edtm\u00e9nyt ny\u00fajt.<\/li>\n<li>Biztons\u00e1gos: Az ISO9001:2000 szabv\u00e1nynak megfelel\u0151en hidraulikus henger\u00fcnk megfelel a nemzetk\u00f6zi biztons\u00e1gi szabv\u00e1nyoknak.<\/li>\n<\/ul>\n<p><img loading=\"lazy\" decoding=\"async\" class=\"alignnone  wp-image-6663\" src=\"https:\/\/fmp-components.com\/wp-content\/uploads\/2025\/03\/telescopic-hydraulic-cylinder-11.webp\" alt=\"teleszk\u00f3pos hidraulikus henger\" width=\"886\" height=\"886\" title=\"\" srcset=\"https:\/\/fmp-components.com\/wp-content\/uploads\/2025\/03\/telescopic-hydraulic-cylinder-11.webp 886w, https:\/\/fmp-components.com\/wp-content\/uploads\/2025\/03\/telescopic-hydraulic-cylinder-11-480x480.webp 480w\" sizes=\"(min-width: 0px) and (max-width: 480px) 480px, (min-width: 481px) 886px, 100vw\" \/><\/p>\n<h2>M\u0171k\u00f6d\u00e9si elv \u00e9s alkalmaz\u00e1sok<\/h2>\n<p>A hidraulikus henger \u00fagy m\u0171k\u00f6dik, hogy a hidraulikus energi\u00e1t mechanikus mozg\u00e1ss\u00e1 alak\u00edtja. Amikor a hidraulikus folyad\u00e9k nyom\u00e1s al\u00e1 ker\u00fcl, er\u0151t fejt ki a hengerben l\u00e9v\u0151 dugatty\u00fara, ami line\u00e1ris ir\u00e1ny\u00fa mozg\u00e1st eredm\u00e9nyez. Ez az energia\u00e1talak\u00edt\u00e1s lehet\u0151v\u00e9 teszi a hidraulikus henger sz\u00e1m\u00e1ra, hogy hat\u00e9konyan \u00e9s eredm\u00e9nyesen v\u00e9gezzen k\u00fcl\u00f6nf\u00e9le mechanikai feladatokat.<\/p>\n<p>Hossz\u00fa l\u00f6ket\u0171, kett\u0151s m\u0171k\u00f6d\u00e9s\u0171 teleszk\u00f3pos hidraulikus henger\u00fcnk k\u00fcl\u00f6n\u00f6sen j\u00f3l alkalmazhat\u00f3 sz\u00e1mos ipar\u00e1gban, bele\u00e9rtve a k\u00f6vetkez\u0151ket:<\/p>\n<ul>\n<li><strong>G\u00e9pgy\u00e1rt\u00f3 \u00e9s jav\u00edt\u00f3 m\u0171helyek:<\/strong> Ilyen k\u00f6r\u00fclm\u00e9nyek k\u00f6z\u00f6tt hidraulikus henger\u00fcnket neh\u00e9zg\u00e9pek alkatr\u00e9szeinek emel\u00e9s\u00e9re, jav\u00edt\u00e1sok megk\u00f6nny\u00edt\u00e9s\u00e9re \u00e9s a szerel\u0151sorok z\u00f6kken\u0151mentes m\u0171k\u00f6d\u00e9s\u00e9nek biztos\u00edt\u00e1s\u00e1ra haszn\u00e1lj\u00e1k. Robusztus kialak\u00edt\u00e1s\u00e1nak k\u00f6sz\u00f6nhet\u0151en ellen\u00e1ll a mindennapi haszn\u00e1lat megpr\u00f3b\u00e1ltat\u00e1sainak a forgalmas ipari k\u00f6rnyezetben.<\/li>\n<li><strong>Gazdas\u00e1gok:<\/strong> A mez\u0151gazdas\u00e1gi m\u0171veletek sor\u00e1n hidraulikus hengereink olyan feladatokhoz hasznosak, mint a berendez\u00e9sek emel\u00e9se \u00e9s pozicion\u00e1l\u00e1sa, ek\u00e9k kezel\u00e9se \u00e9s a traktorok funkcionalit\u00e1s\u00e1nak jav\u00edt\u00e1sa. Nagy tol\u00f3er\u0151-kapacit\u00e1sa biztos\u00edtja, hogy a mez\u0151gazdas\u00e1gi alkalmaz\u00e1sokra jellemz\u0151 neh\u00e9z terheket is elb\u00edrja.<\/li>\n<li><strong>Energia \u00e9s b\u00e1ny\u00e1szat:<\/strong> Az energetikai \u00e9s b\u00e1ny\u00e1szati \u200b\u200bszektorban hidraulikus henger\u00fcnk elengedhetetlen a f\u00far\u00e1shoz, f\u00f6ldmunk\u00e1khoz \u00e9s anyagmozgat\u00e1shoz. A sz\u00e9ls\u0151s\u00e9ges k\u00f6r\u00fclm\u00e9nyek k\u00f6z\u00f6tti megb\u00edzhat\u00f3 m\u0171k\u00f6d\u00e9s\u00e9nek k\u00e9pess\u00e9ge n\u00e9lk\u00fcl\u00f6zhetetlenn\u00e9 teszi a zord k\u00f6rnyezetben m\u0171k\u00f6d\u0151 berendez\u00e9sekhez.<\/li>\n<li><strong>Gy\u00e1rak:<\/strong> A gy\u00e1rt\u00f3\u00fczemekben hidraulikus henger\u00fcnk kritikus szerepet j\u00e1tszik a folyamatok automatiz\u00e1l\u00e1s\u00e1ban, az anyagok emel\u00e9s\u00e9ben \u00e9s a g\u00e9pek \u00fczemeltet\u00e9s\u00e9ben. Hat\u00e9konys\u00e1ga \u00e9s teljes\u00edtm\u00e9nye hozz\u00e1j\u00e1rul a termel\u00e9kenys\u00e9g n\u00f6veked\u00e9s\u00e9hez \u00e9s a m\u0171k\u00f6d\u00e9s egyszer\u0171s\u00edt\u00e9s\u00e9hez.<\/li>\n<\/ul>\n<p>\u00d6sszess\u00e9g\u00e9ben a hossz\u00fa l\u00f6ket\u0171, kett\u0151s m\u0171k\u00f6d\u00e9s\u0171 teleszk\u00f3pos hidraulikus henger\u00fcnk sokoldal\u00fas\u00e1ga n\u00e9lk\u00fcl\u00f6zhetetlen alkatr\u00e9sz\u00e9v\u00e9 teszi sz\u00e1mos ipar\u00e1gban, sz\u00e9les k\u00f6r\u0171 alkalmaz\u00e1si lehet\u0151s\u00e9geket biztos\u00edtva a hat\u00e9konys\u00e1g \u00e9s az eredm\u00e9nyess\u00e9g ter\u00e9n.<\/p>\n<h2>GYIK<\/h2>\n<h3>K: Kereskedelmi v\u00e1llalat vagy gy\u00e1rt\u00f3?<\/h3>\n<p>V: Gy\u00e1rt\u00f3 vagyunk.<\/p>\n<h3>K: Mennyi a sz\u00e1ll\u00edt\u00e1si id\u0151?<\/h3>\n<p>V: \u00c1ltal\u00e1ban 25-35 nap.<\/p>\n<h3>K: Mint\u00e1kat is biztos\u00edtanak?<\/h3>\n<p>V: Igen, felaj\u00e1nlhatn\u00e1nk a mint\u00e1t, de ez nem ingyenes.<\/p>\n<h3>Az FMP-r\u0151l<\/h3>\n<p>Az FMP egy vezet\u0151 olasz gy\u00e1rt\u00f3, amely a kiv\u00e1l\u00f3 min\u0151s\u00e9g\u0171 hidraulikus hengerek tervez\u00e9s\u00e9ben, fejleszt\u00e9s\u00e9ben \u00e9s gy\u00e1rt\u00e1s\u00e1ban szerzett szak\u00e9rtelm\u00e9r\u0151l ismert. \u00c9vtizedes ipar\u00e1gi tapasztalattal z\u00f6kken\u0151mentesen \u00f6tv\u00f6zz\u00fck a hagyom\u00e1nyos olasz k\u00e9zm\u0171vess\u00e9get a legmodernebb technol\u00f3gi\u00e1val, hogy kiemelked\u0151 hidraulikus megold\u00e1sokat k\u00edn\u00e1ljunk, amelyek a glob\u00e1lis \u00fcgyfeleink sokr\u00e9t\u0171 ig\u00e9nyeire szabottak. Az Olaszorsz\u00e1gban, a m\u00e9rn\u00f6ki kiv\u00e1l\u00f3s\u00e1g k\u00f6zpontj\u00e1ban tal\u00e1lhat\u00f3 FMP megb\u00edzhat\u00f3 n\u00e9vv\u00e9 v\u00e1lt a hidraulikus szektorban, \u00e9s elk\u00f6telezett amellett, hogy megb\u00edzhat\u00f3, tart\u00f3s \u00e9s innovat\u00edv term\u00e9keket k\u00edn\u00e1ljon, amelyek vil\u00e1gszerte lend\u00fcletet adnak a v\u00e1llalkoz\u00e1soknak.<\/p>\n<p>C\u00e9g\u00fcnk a fejlett gy\u00e1rt\u00e1si gyakorlatok legjav\u00e1t \u00f6tv\u00f6zi az el\u0151remutat\u00f3 megk\u00f6zel\u00edt\u00e9ssel. A hidraulikus rendszerek ter\u00e9n szerzett sok\u00e9ves tapasztalat\u00e1ra \u00e9p\u00edtve az FMP modern v\u00e1llalkoz\u00e1ss\u00e1 fejl\u0151d\u00f6tt, amely kiemelked\u0151 a kutat\u00e1s, a tervez\u00e9s \u00e9s a gy\u00e1rt\u00e1s ter\u00e9n. Sz\u00e9les v\u00e1laszt\u00e9kban k\u00edn\u00e1lunk hidraulikus hengereket, bele\u00e9rtve a kett\u0151s m\u0171k\u00f6d\u00e9s\u0171 hengereket, az aut\u00f3ipari emel\u0151hengereket, a mez\u0151gazdas\u00e1gi g\u00e9pek hengereit \u00e9s az egyedi tervez\u00e9s\u0171 megold\u00e1sokat k\u00fcl\u00f6nf\u00e9le ipari alkalmaz\u00e1sokhoz. Legyen sz\u00f3 \u00e9p\u00edt\u0151iparr\u00f3l, ipari telep\u00edt\u00e9sekr\u0151l, mez\u0151gazdas\u00e1gr\u00f3l vagy neh\u00e9zg\u00e9pekr\u0151l, hidraulikus hengereinket \u00fagy tervezt\u00fck, hogy a legnehezebb k\u00f6r\u00fclm\u00e9nyek k\u00f6z\u00f6tt is m\u0171k\u00f6djenek, biztos\u00edtva a biztons\u00e1got, a hat\u00e9konys\u00e1got \u00e9s a hossz\u00fa \u00e9lettartamot.<\/p>\n<p>Az FMP-n\u00e9l b\u00fcszk\u00e9k vagyunk \u00e9lvonalbeli gy\u00e1rt\u00f3\u00fczemeinkre, amelyek prec\u00edzi\u00f3s g\u00e9pekkel \u00e9s fejlett vizsg\u00e1l\u00f3rendszerekkel vannak felszerelve. Gy\u00e1rt\u00e1si folyamataink szigor\u00fa nemzeti \u00e9s nemzetk\u00f6zi szabv\u00e1nyoknak felelnek meg, garant\u00e1lva, hogy minden gy\u00e1rtott hidraulikus henger megfelel a legmagasabb min\u0151s\u00e9gi \u00e9s megb\u00edzhat\u00f3s\u00e1gi k\u00f6vetelm\u00e9nyeknek. K\u00e9pzett m\u0171szaki csapatunkkal \u00e9s korszer\u0171 berendez\u00e9seinkkel szigor\u00fa min\u0151s\u00e9gellen\u0151rz\u00e9st tartunk fenn a gy\u00e1rt\u00e1s minden szakasz\u00e1ban \u2013 az alapanyagok kiv\u00e1laszt\u00e1s\u00e1t\u00f3l a v\u00e9gs\u0151 ellen\u0151rz\u00e9sig. Ez a kiv\u00e1l\u00f3s\u00e1g ir\u00e1nti elk\u00f6telezetts\u00e9g\u00fcnk tan\u00fas\u00edtv\u00e1nyokat \u00e9s elismer\u00e9st szerzett nek\u00fcnk az ipar\u00e1gi hat\u00f3s\u00e1gokt\u00f3l, meger\u0151s\u00edtve megb\u00edzhat\u00f3 partnerk\u00e9nt szerzett h\u00edrnev\u00fcnket.<\/p>\n<p><img loading=\"lazy\" decoding=\"async\" class=\"alignnone size-full wp-image-6720\" src=\"https:\/\/fmp-components.com\/wp-content\/uploads\/2025\/03\/hydraulic-cylinder-8.webp\" alt=\"Teleszk\u00f3pos hidraulikus hengerek\" width=\"933\" height=\"526\" title=\"\" srcset=\"https:\/\/fmp-components.com\/wp-content\/uploads\/2025\/03\/hydraulic-cylinder-8.webp 933w, https:\/\/fmp-components.com\/wp-content\/uploads\/2025\/03\/hydraulic-cylinder-8-480x271.webp 480w\" sizes=\"(min-width: 0px) and (max-width: 480px) 480px, (min-width: 481px) 933px, 100vw\" \/><\/p>\n<p>K\u00fcldet\u00e9s\u00fcnk egyszerre egyszer\u0171 \u00e9s ambici\u00f3zus: olyan hidraulikus hengereket biztos\u00edtani \u00fcgyfeleinknek, amelyek teljes\u00edtm\u00e9ny, tart\u00f3ss\u00e1g \u00e9s \u00e9rt\u00e9k tekintet\u00e9ben fel\u00fclm\u00falj\u00e1k az elv\u00e1r\u00e1sokat. A professzionalizmus, a feddhetetlens\u00e9g \u00e9s az \u00fcgyf\u00e9lk\u00f6zpont\u00fas\u00e1g alapelveihez ragaszkodunk. Az innov\u00e1ci\u00f3 \u00e9s a precizit\u00e1s kult\u00far\u00e1j\u00e1nak el\u0151seg\u00edt\u00e9s\u00e9vel folyamatosan fejlesztj\u00fck term\u00e9keinket, hogy meg\u0151rizz\u00fck el\u0151ny\u00fcnket a versenyk\u00e9pes piacon. Kiterjedt term\u00e9kk\u00edn\u00e1latunk \u00e9s a szem\u00e9lyre szabott megold\u00e1sok k\u00edn\u00e1l\u00e1s\u00e1nak k\u00e9pess\u00e9ge tesz minket a nagy teljes\u00edtm\u00e9ny\u0171 hidraulikus hengereket keres\u0151 v\u00e1llalkoz\u00e1sok el\u0151nyben r\u00e9szes\u00edtett v\u00e1laszt\u00e1s\u00e1v\u00e1.<\/p>\n<p>Az FMP t\u00f6bb mint egy gy\u00e1rt\u00f3; elk\u00f6telezett partnerek vagyunk az \u00d6n siker\u00e9ben. Meg\u00e9rtj\u00fck, hogy \u00fcgyfeleink a termel\u00e9kenys\u00e9get \u00e9s a biztons\u00e1got fokoz\u00f3 eszk\u00f6z\u00f6k biztos\u00edt\u00e1s\u00e1ban sz\u00e1m\u00edtanak r\u00e1nk. Ez\u00e9rt elk\u00f6telezettek vagyunk nemcsak a cs\u00facskateg\u00f3ri\u00e1s term\u00e9kek, hanem a kiv\u00e9teles szolg\u00e1ltat\u00e1s ny\u00fajt\u00e1sa ir\u00e1nt is. A kezdeti konzult\u00e1ci\u00f3kt\u00f3l az \u00e9rt\u00e9kes\u00edt\u00e9s ut\u00e1ni t\u00e1mogat\u00e1sig szorosan egy\u00fcttm\u0171k\u00f6d\u00fcnk \u00fcgyfeleinkkel, hogy biztos\u00edtsuk ig\u00e9nyeik professzionalizmussal \u00e9s gondoss\u00e1ggal t\u00f6rt\u00e9n\u0151 kiel\u00e9g\u00edt\u00e9s\u00e9t. Versenyk\u00e9pes \u00e1raink, valamint a min\u0151s\u00e9g ir\u00e1nti rend\u00edthetetlen elk\u00f6telezetts\u00e9g\u00fcnk teszi az FMP-t okos v\u00e1laszt\u00e1ss\u00e1 azoknak a v\u00e1llalatoknak, amelyek megb\u00edzhat\u00f3 hidraulikus megold\u00e1sokba szeretn\u00e9nek befektetni.<\/p>","protected":false},"excerpt":{"rendered":"<p>Long Stroke Double Acting Telescopic Hydraulic Cylinder This brand new Long Stroke Double Acting Telescopic hydraulic cylinder is the perfect addition to your industrial machinery. With a weight of 32 KG and a one-year warranty, it&#8217;s the ideal choice for machinery repair shops, farms, energy &amp; mining, machinery manufacturing, and machinery factories. Product Specifications Bore [&hellip;]<\/p>","protected":false},"featured_media":6765,"comment_status":"closed","ping_status":"closed","template":"","meta":{"_et_pb_use_builder":"","_et_pb_old_content":"","_et_gb_content_width":""},"product_brand":[],"product_cat":[103],"product_tag":[34,105],"class_list":{"0":"post-6644","1":"product","2":"type-product","3":"status-publish","4":"has-post-thumbnail","6":"product_cat-telescopic-hydraulic-cylinders","7":"product_tag-hydraulic-cylinder","8":"product_tag-telescopic-hydraulic-cylinders","10":"first","11":"instock","12":"product-type-simple"},"_links":{"self":[{"href":"https:\/\/fmp-components.com\/hu\/wp-json\/wp\/v2\/product\/6644","targetHints":{"allow":["GET"]}}],"collection":[{"href":"https:\/\/fmp-components.com\/hu\/wp-json\/wp\/v2\/product"}],"about":[{"href":"https:\/\/fmp-components.com\/hu\/wp-json\/wp\/v2\/types\/product"}],"replies":[{"embeddable":true,"href":"https:\/\/fmp-components.com\/hu\/wp-json\/wp\/v2\/comments?post=6644"}],"wp:featuredmedia":[{"embeddable":true,"href":"https:\/\/fmp-components.com\/hu\/wp-json\/wp\/v2\/media\/6765"}],"wp:attachment":[{"href":"https:\/\/fmp-components.com\/hu\/wp-json\/wp\/v2\/media?parent=6644"}],"wp:term":[{"taxonomy":"product_brand","embeddable":true,"href":"https:\/\/fmp-components.com\/hu\/wp-json\/wp\/v2\/product_brand?post=6644"},{"taxonomy":"product_cat","embeddable":true,"href":"https:\/\/fmp-components.com\/hu\/wp-json\/wp\/v2\/product_cat?post=6644"},{"taxonomy":"product_tag","embeddable":true,"href":"https:\/\/fmp-components.com\/hu\/wp-json\/wp\/v2\/product_tag?post=6644"}],"curies":[{"name":"munkaf\u00fczet","href":"https:\/\/api.w.org\/{rel}","templated":true}]}}