{"id":6631,"date":"2025-03-11T06:35:17","date_gmt":"2025-03-11T06:35:17","guid":{"rendered":"https:\/\/fmp-components.com\/product\/3-stage-small-dump-truck-hydraulic-cylinder-for-dump-trailer"},"modified":"2025-03-12T08:41:53","modified_gmt":"2025-03-12T08:41:53","slug":"3-stage-small-dump-truck-hydraulic-cylinder-for-dump-trailer","status":"publish","type":"product","link":"https:\/\/fmp-components.com\/hu\/product\/3-stage-small-dump-truck-hydraulic-cylinder-for-dump-trailer\/","title":{"rendered":"3 fokozat\u00fa kis d\u00f6mper hidraulikus henger d\u00f6mper p\u00f3tkocsihoz"},"content":{"rendered":"<h2>3 fokozat\u00fa kis d\u00f6mper hidraulikus henger d\u00f6mper p\u00f3tkocsihoz<\/h2>\n<p>Ez a 3 fokozat\u00fa kis d\u00f6mperekhez val\u00f3 hidraulikus henger egy sokoldal\u00fa \u00e9s hat\u00e9kony hidraulikus rendszer, amelyet d\u00f6mperekhez terveztek. A henger robusztus ac\u00e9l testb\u0151l k\u00e9sz\u00fclt, ami tart\u00f3ss\u00e1got \u00e9s hossz\u00fa \u00e9lettartamot biztos\u00edt. Maxim\u00e1lis tol\u00f3ereje 3000 tonna, maxim\u00e1lis h\u00faz\u00f3ereje pedig 20 tonna, \u00edgy ez a hidraulikus henger nagy teljes\u00edtm\u00e9nyt \u00e9s megb\u00edzhat\u00f3 teljes\u00edtm\u00e9nyt ny\u00fajt a neh\u00e9z feladatokhoz.<\/p>\n<h3>Funkci\u00f3k \u00e9s jellemz\u0151k<\/h3>\n<p>A hidraulikus henger a g\u00e9p egyik kulcsfontoss\u00e1g\u00fa eleme, amely a hidraulikus energi\u00e1t mechanikus mozg\u00e1ss\u00e1 alak\u00edtja. Ez a t\u00f6bbfokozat\u00fa hidraulikus henger sz\u00e1mos funkci\u00f3t k\u00edn\u00e1l, bele\u00e9rtve a standard vagy nem szabv\u00e1nyos kivitelt: Standard, Szerkezet: Dugatty\u00fas henger, Teljes\u00edtm\u00e9ny: Hidraulikus, Furatm\u00e9ret: 2-6 h\u00fcvelyk, R\u00fadm\u00e9ret: 1,125-4 h\u00fcvelyk, L\u00f6ketm\u00e9ret: 4-100 h\u00fcvelyk, Csapm\u00e9ret: 0,5-2 h\u00fcvelyk. Ezek a jellemz\u0151k megb\u00edzhat\u00f3 \u00e9s hat\u00e9kony opci\u00f3v\u00e1 teszik a g\u00e9pei sz\u00e1m\u00e1ra.<\/p>\n<h3>Term\u00e9kspecifik\u00e1ci\u00f3k<\/h3>\n<table style=\"width: 95.4718%;\" border=\"\">\n<tbody>\n<tr>\n<td style=\"width: 42.8571%;\"><i>Furatm\u00e9ret<\/i><\/td>\n<td style=\"width: 386.286%;\">2-6 h\u00fcvelyk<\/td>\n<\/tr>\n<tr>\n<td style=\"width: 42.8571%;\"><i>R\u00fad m\u00e9rete<\/i><\/td>\n<td style=\"width: 386.286%;\">1,125-4 h\u00fcvelyk<\/td>\n<\/tr>\n<tr>\n<td style=\"width: 42.8571%;\"><i>Ecsetvon\u00e1s m\u00e9rete<\/i><\/td>\n<td style=\"width: 386.286%;\">4-100 h\u00fcvelyk<\/td>\n<\/tr>\n<tr>\n<td style=\"width: 42.8571%;\"><i>Cs\u00edp\u0151m\u00e9ret<\/i><\/td>\n<td style=\"width: 386.286%;\">0,5-2 h\u00fcvelyk<\/td>\n<\/tr>\n<tr>\n<td style=\"width: 42.8571%;\"><i>kik\u00f6t\u0151k<\/i><\/td>\n<td style=\"width: 386.286%;\">G\/SAE\/NPT\/M<\/td>\n<\/tr>\n<\/tbody>\n<\/table>\n<h2>Egyedi tulajdons\u00e1gok \u00e9s el\u0151ny\u00f6k<\/h2>\n<ul>\n<li>Energiatakar\u00e9kos<\/li>\n<li>Kiv\u00e1l\u00f3 teljes\u00edtm\u00e9ny\u0171<\/li>\n<li>Biztons\u00e1gos haszn\u00e1lat<\/li>\n<li>Tart\u00f3s \u00e9s hossz\u00fa \u00e9lettartam\u00fa<\/li>\n<\/ul>\n<p><img loading=\"lazy\" decoding=\"async\" class=\"alignnone  wp-image-6661\" src=\"https:\/\/fmp-components.com\/wp-content\/uploads\/2025\/03\/telescopic-hydraulic-cylinder-10.webp\" alt=\"teleszk\u00f3pos hidraulikus henger\" width=\"800\" height=\"800\" title=\"\" srcset=\"https:\/\/fmp-components.com\/wp-content\/uploads\/2025\/03\/telescopic-hydraulic-cylinder-10.webp 800w, https:\/\/fmp-components.com\/wp-content\/uploads\/2025\/03\/telescopic-hydraulic-cylinder-10-480x480.webp 480w\" sizes=\"(min-width: 0px) and (max-width: 480px) 480px, (min-width: 481px) 800px, 100vw\" \/><\/p>\n<h2>Hidraulikus rendszerek \u00e9s m\u0171k\u00f6d\u00e9si elv<\/h2>\n<p>A hidraulikus henger \u00fagy m\u0171k\u00f6dik, hogy a folyad\u00e9knyom\u00e1st felhaszn\u00e1lva er\u0151t gener\u00e1l, amelyet azt\u00e1n line\u00e1ris mozg\u00e1ss\u00e1 alak\u00edt \u00e1t. Amikor hidraulikus folyad\u00e9kot pump\u00e1lnak a hengerbe, nyom\u00e1st gyakorol a benne l\u00e9v\u0151 dugatty\u00fara. Ez a nyom\u00e1s a dugatty\u00fa mozg\u00e1s\u00e1t id\u00e9zi el\u0151, ami line\u00e1ris mozg\u00e1st hoz l\u00e9tre, amely sz\u00e1mos mechanikai feladat elv\u00e9gz\u00e9s\u00e9re haszn\u00e1lhat\u00f3. A rendszer hat\u00e9konys\u00e1ga a hidraulikus folyad\u00e9k \u00f6sszenyomhatatlans\u00e1g\u00e1ban rejlik, ami lehet\u0151v\u00e9 teszi mind a sebess\u00e9g, mind az er\u0151 pontos szab\u00e1lyoz\u00e1s\u00e1t. Ennek eredm\u00e9nyek\u00e9nt a hidraulikus hengerek jelent\u0151s teljes\u00edtm\u00e9nyt tudnak leadni, mik\u00f6zben sima \u00e9s szab\u00e1lyozott mozg\u00e1sokat biztos\u00edtanak, \u00edgy ide\u00e1lisak k\u00fcl\u00f6nf\u00e9le g\u00e9pek \u00e9s berendez\u00e9sek meghajt\u00e1s\u00e1ra.<\/p>\n<p>L\u00e9nyeg\u00e9ben a henger \u00e1ltal gener\u00e1lt hidraulikus energia sz\u00e1mos alkalmaz\u00e1shoz kulcsfontoss\u00e1g\u00fa. A folyad\u00e9k energi\u00e1j\u00e1nak mechanikai munk\u00e1v\u00e1 alak\u00edt\u00e1s\u00e1val a hidraulikus hengerek lehet\u0151v\u00e9 teszik a g\u00e9pek sz\u00e1m\u00e1ra, hogy k\u00f6nnyed\u00e9n emeljenek, toljanak, h\u00fazzanak vagy forgatjanak neh\u00e9z terheket. Ez a sokoldal\u00fas\u00e1g az egyik f\u0151 oka annak, hogy a hidraulikus rendszereket sz\u00e9les k\u00f6rben haszn\u00e1lj\u00e1k k\u00fcl\u00f6nb\u00f6z\u0151 ipar\u00e1gakban, az \u00e9p\u00edt\u0151ipart\u00f3l a gy\u00e1rt\u00e1sig.<\/p>\n<h2>Hidraulikus henger alkalmaz\u00e1sa<\/h2>\n<p>A 3 fokozat\u00fa kis d\u00f6mper hidraulikus henger kifejezetten sz\u00e1mos ipar\u00e1gban alkalmazhat\u00f3, sokf\u00e9le alkalmaz\u00e1sra k\u00e9sz\u00fclt, bemutatva alkalmazkod\u00f3k\u00e9pess\u00e9g\u00e9t \u00e9s hat\u00e9konys\u00e1g\u00e1t. N\u00e9h\u00e1ny figyelemre m\u00e9lt\u00f3 \u00e1gazat:<\/p>\n<ul>\n<li><strong>G\u00e9pjav\u00edt\u00f3 m\u0171helyek:<\/strong> Jav\u00edt\u00e1si k\u00f6rnyezetben ez a hidraulikus henger l\u00e9tfontoss\u00e1g\u00fa szerepet j\u00e1tszik a neh\u00e9z alkatr\u00e9szek emel\u00e9s\u00e9ben \u00e9s pozicion\u00e1l\u00e1s\u00e1ban, megk\u00f6nny\u00edti a karbantart\u00e1si feladatokat \u00e9s jav\u00edtja a munkafolyamatok hat\u00e9konys\u00e1g\u00e1t. A nagy emel\u00e9si kapacit\u00e1s biztos\u00edt\u00e1sa elengedhetetlen a nagy g\u00e9palkatr\u00e9szek biztons\u00e1gos kezel\u00e9s\u00e9hez.<\/li>\n<li><strong>Gazdas\u00e1gok:<\/strong> A mez\u0151gazdas\u00e1gi m\u0171veletek jelent\u0151sen profit\u00e1lnak ennek a hidraulikus hengernek a haszn\u00e1lat\u00e1b\u00f3l, amelyet d\u00f6mperekben \u00e9s egy\u00e9b berendez\u00e9sekben alkalmaznak. Seg\u00edt olyan feladatokban, mint a talaj, a n\u00f6v\u00e9nyek \u00e9s az anyagok sz\u00e1ll\u00edt\u00e1sa, \u00edgy a mez\u0151gazdas\u00e1gi m\u0171veletek hat\u00e9konyabb\u00e1 \u00e9s produkt\u00edvabb\u00e1 v\u00e1lnak.<\/li>\n<li><strong>Energia \u00e9s b\u00e1ny\u00e1szat:<\/strong> Az energia- \u00e9s b\u00e1ny\u00e1szati \u200b\u200bszektorban a hidraulikus hengerek kulcsfontoss\u00e1g\u00faak a kitermel\u0151 \u00e9s anyagmozgat\u00f3 berendez\u00e9sek m\u0171k\u00f6dtet\u00e9s\u00e9hez. A 3 fokozat\u00fa kis d\u00f6mperekhez val\u00f3 hidraulikus henger k\u00fcl\u00f6n\u00f6sen hat\u00e9kony ezekben az alkalmaz\u00e1sokban, ahol neh\u00e9z terheket k\u00e9pes kezelni, \u00e9s megb\u00edzhat\u00f3an m\u0171k\u00f6dik kih\u00edv\u00e1st jelent\u0151 k\u00f6rnyezetben.<\/li>\n<li><strong>G\u00e9pgy\u00e1rt\u00e1s:<\/strong> A gy\u00e1rt\u00f3\u00fczemekben ezt a hidraulikus hengert \u00f6sszeszerel\u0151 sorokban \u00e9s g\u00e9pipari m\u0171veletekben haszn\u00e1lj\u00e1k. A sima \u00e9s er\u0151teljes mozg\u00e1s biztos\u00edt\u00e1s\u00e1ra val\u00f3 k\u00e9pess\u00e9ge n\u00f6veli a termel\u00e9kenys\u00e9get \u00e9s a pontoss\u00e1got, lehet\u0151v\u00e9 t\u00e9ve a gy\u00e1rt\u00f3k sz\u00e1m\u00e1ra, hogy a magas min\u0151s\u00e9gi szabv\u00e1nyok fenntart\u00e1sa mellett n\u00f6velj\u00e9k termel\u00e9s\u00fcket.<\/li>\n<li><strong>G\u00e9pgy\u00e1rak:<\/strong> A g\u00e9pek gy\u00e1rt\u00e1s\u00e1val foglalkoz\u00f3 gy\u00e1rakban a hidraulikus hengerek elengedhetetlenek a k\u00fcl\u00f6nf\u00e9le emel\u00e9si \u00e9s mozgat\u00e1si feladatokhoz. A 3 fokozat\u00fa kis d\u00f6mperekhez val\u00f3 hidraulikus henger biztos\u00edtja a berendez\u00e9sek hat\u00e9kony m\u0171k\u00f6dtet\u00e9s\u00e9t, hozz\u00e1j\u00e1rulva az egyszer\u0171s\u00edtett termel\u00e9si folyamatokhoz \u00e9s a hat\u00e9kony anyagmozgat\u00e1shoz.<\/li>\n<\/ul>\n<p>\u00d6sszess\u00e9g\u00e9ben a 3 fokozat\u00fa kis d\u00f6mper hidraulikus henger sokoldal\u00fas\u00e1ga \u00e9s megb\u00edzhat\u00f3s\u00e1ga n\u00e9lk\u00fcl\u00f6zhetetlen alkatr\u00e9sz\u00e9v\u00e9 teszi sz\u00e1mos ipar\u00e1gban, n\u00f6velve a hat\u00e9konys\u00e1got \u00e9s az eredm\u00e9nyess\u00e9get sz\u00e1mos alkalmaz\u00e1si ter\u00fcleten.<\/p>\n<h3>GYIK<\/h3>\n<p><b>K: Kereskedelmi v\u00e1llalat vagy gy\u00e1rt\u00f3?<\/b><br \/>\nV: Mi egy gy\u00e1r vagyunk.<\/p>\n<p><b>K: Mennyi a sz\u00e1ll\u00edt\u00e1si id\u0151?<\/b><br \/>\nV: \u00c1ltal\u00e1ban 25-35 nap.<\/p>\n<p><b>K: Biztos\u00edtanak mint\u00e1kat? Ingyenes vagy k\u00fcl\u00f6n fizetend\u0151?<\/b><br \/>\nV: Igen, felaj\u00e1nlhatn\u00e1nk a mint\u00e1t, de ez nem ingyenes.<\/p>\n<h3>Az FMP-r\u0151l<\/h3>\n<p class=\"break-words\">Az FMP egy vezet\u0151 olasz gy\u00e1rt\u00f3, amely kiv\u00e1l\u00f3 min\u0151s\u00e9g\u0171 hidraulikus hengerek tervez\u00e9s\u00e9re, fejleszt\u00e9s\u00e9re \u00e9s gy\u00e1rt\u00e1s\u00e1ra specializ\u00e1l\u00f3dott. \u00c9vtizedes szak\u00e9rtelemre \u00e9p\u00fcl\u0151 gazdag \u00f6r\u00f6ks\u00e9g\u00fcnkkel b\u00fcszk\u00e9n \u00f6tv\u00f6zz\u00fck az olasz k\u00e9zm\u0171vess\u00e9get a legmodernebb technol\u00f3gi\u00e1val, hogy kiv\u00e9teles hidraulikus megold\u00e1sokat k\u00edn\u00e1ljunk, amelyek a glob\u00e1lis \u00fcgyfeleink sokr\u00e9t\u0171 ig\u00e9nyeit el\u00e9g\u00edtik ki. Az olaszorsz\u00e1gi sz\u00e9khely\u0171, a m\u00e9rn\u00f6ki kiv\u00e1l\u00f3s\u00e1g k\u00f6zpontj\u00e1ban m\u0171k\u00f6d\u0151 FMP megb\u00edzhat\u00f3 n\u00e9v a hidraulikus iparban, elk\u00f6telezett amellett, hogy megb\u00edzhat\u00f3, tart\u00f3s \u00e9s innovat\u00edv term\u00e9keket k\u00edn\u00e1ljon, amelyek vil\u00e1gszerte lend\u00fcletet adnak a v\u00e1llalkoz\u00e1soknak.<\/p>\n<p class=\"break-words\">C\u00e9g\u00fcnk a fejlett gy\u00e1rt\u00e1si hagyom\u00e1nyok legjav\u00e1t \u00f6tv\u00f6zi az el\u0151remutat\u00f3 megk\u00f6zel\u00edt\u00e9ssel. A hidraulikus rendszerek ter\u00e9n szerzett sok\u00e9ves tapasztalat\u00e1ra \u00e9p\u00edtve az FMP egy modern v\u00e1llalkoz\u00e1ss\u00e1 fejl\u0151d\u00f6tt, amely kiemelked\u0151 a kutat\u00e1s, a tervez\u00e9s \u00e9s a gy\u00e1rt\u00e1s ter\u00e9n. Sz\u00e9les hidraulikus hengerv\u00e1laszt\u00e9kra specializ\u00e1l\u00f3dtunk, bele\u00e9rtve a kett\u0151s m\u0171k\u00f6d\u00e9s\u0171 hengereket, az aut\u00f3ipari emel\u0151hengereket, a mez\u0151gazdas\u00e1gi g\u00e9pek hengereit \u00e9s az egyedi tervez\u00e9s\u0171 megold\u00e1sokat k\u00fcl\u00f6nf\u00e9le ipari alkalmaz\u00e1sokhoz. Legyen sz\u00f3 \u00e9p\u00edt\u0151iparr\u00f3l, ipari telep\u00edt\u00e9sekr\u0151l, mez\u0151gazdas\u00e1gr\u00f3l vagy neh\u00e9zg\u00e9pekr\u0151l, hidraulikus hengereinket a legnehezebb k\u00f6r\u00fclm\u00e9nyek k\u00f6z\u00f6tt is k\u00e9pesek teljes\u00edteni, biztos\u00edtva a biztons\u00e1got, a hat\u00e9konys\u00e1got \u00e9s a hossz\u00fa \u00e9lettartamot.<\/p>\n<p><img loading=\"lazy\" decoding=\"async\" class=\"alignnone size-full wp-image-6720\" src=\"https:\/\/fmp-components.com\/wp-content\/uploads\/2025\/03\/hydraulic-cylinder-8.webp\" alt=\"Teleszk\u00f3pos hidraulikus hengerek\" width=\"933\" height=\"526\" title=\"\" srcset=\"https:\/\/fmp-components.com\/wp-content\/uploads\/2025\/03\/hydraulic-cylinder-8.webp 933w, https:\/\/fmp-components.com\/wp-content\/uploads\/2025\/03\/hydraulic-cylinder-8-480x271.webp 480w\" sizes=\"(min-width: 0px) and (max-width: 480px) 480px, (min-width: 481px) 933px, 100vw\" \/><\/p>\n<p class=\"break-words\">Az FMP-n\u00e9l b\u00fcszk\u00e9k vagyunk a legmodernebb gy\u00e1rt\u00f3\u00fczemeinkre, amelyek prec\u00edzi\u00f3s g\u00e9pekkel \u00e9s fejlett vizsg\u00e1l\u00f3rendszerekkel vannak felszerelve. Gy\u00e1rt\u00e1si folyamataink szigor\u00fa nemzeti \u00e9s nemzetk\u00f6zi szabv\u00e1nyoknak felelnek meg, biztos\u00edtva, hogy minden egyes hidraulikus henger, amely elhagyja gy\u00e1runkat, kiv\u00e1l\u00f3 min\u0151s\u00e9g\u0171 \u00e9s megb\u00edzhat\u00f3 legyen. K\u00e9pzett m\u0171szaki csapatunk a legmodernebb berendez\u00e9sekkel p\u00e1rosulva lehet\u0151v\u00e9 teszi sz\u00e1munkra, hogy szigor\u00fa min\u0151s\u00e9gellen\u0151rz\u00e9st tartsunk fenn a gy\u00e1rt\u00e1s minden szakasz\u00e1ban \u2013 az alapanyagok kiv\u00e1laszt\u00e1s\u00e1t\u00f3l a v\u00e9gs\u0151 ellen\u0151rz\u00e9sig. Ez a kiv\u00e1l\u00f3s\u00e1g ir\u00e1nti elk\u00f6telezetts\u00e9g tan\u00fas\u00edtv\u00e1nyokat \u00e9s elismer\u00e9st szerzett nek\u00fcnk az ipar\u00e1gi hat\u00f3s\u00e1gokt\u00f3l, tov\u00e1bb er\u0151s\u00edtve megb\u00edzhat\u00f3 partnerk\u00e9nt szerzett h\u00edrnev\u00fcnket.<\/p>\n<p class=\"break-words\">K\u00fcldet\u00e9s\u00fcnk egyszer\u0171, m\u00e9gis ambici\u00f3zus: olyan hidraulikus hengereket biztos\u00edtani \u00fcgyfeleinknek, amelyek teljes\u00edtm\u00e9ny, tart\u00f3ss\u00e1g \u00e9s \u00e9rt\u00e9k tekintet\u00e9ben fel\u00fclm\u00falj\u00e1k az elv\u00e1r\u00e1sokat. A professzionalizmus, a feddhetetlens\u00e9g \u00e9s az \u00fcgyf\u00e9lk\u00f6zpont\u00fas\u00e1g vez\u00e9relvei szerint m\u0171k\u00f6d\u00fcnk. Az innov\u00e1ci\u00f3 \u00e9s a precizit\u00e1s kult\u00far\u00e1j\u00e1nak \u00e1pol\u00e1s\u00e1val folyamatosan finom\u00edtjuk term\u00e9keinket, hogy meg\u0151rizz\u00fck el\u0151ny\u00fcnket a versenyk\u00e9pes piacon. \u00c1tfog\u00f3 term\u00e9kk\u00edn\u00e1latunk \u00e9s a szem\u00e9lyre szabott megold\u00e1sok k\u00edn\u00e1l\u00e1s\u00e1nak k\u00e9pess\u00e9ge tesz minket a nagy teljes\u00edtm\u00e9ny\u0171 hidraulikus hengereket keres\u0151 v\u00e1llalkoz\u00e1sok els\u0151 sz\u00e1m\u00fa v\u00e1laszt\u00e1s\u00e1v\u00e1.<\/p>\n<p class=\"break-words\">Az FMP t\u00f6bb mint egy gy\u00e1rt\u00f3 \u2013 partnerek vagyunk a siker\u00e9ben. Meg\u00e9rtj\u00fck, hogy \u00fcgyfeleink olyan szersz\u00e1mok sz\u00e1ll\u00edt\u00e1s\u00e1ban b\u00edznak benn\u00fcnk, amelyek n\u00f6velik termel\u00e9kenys\u00e9g\u00fcket \u00e9s biztons\u00e1gukat. Ez\u00e9rt elk\u00f6telezettek vagyunk nemcsak a legjobb min\u0151s\u00e9g\u0171 term\u00e9kek, hanem a kiv\u00e9teles szolg\u00e1ltat\u00e1s ny\u00fajt\u00e1sa ir\u00e1nt is. A kezdeti konzult\u00e1ci\u00f3t\u00f3l az \u00e9rt\u00e9kes\u00edt\u00e9s ut\u00e1ni t\u00e1mogat\u00e1sig szorosan egy\u00fcttm\u0171k\u00f6d\u00fcnk \u00fcgyfeleinkkel annak biztos\u00edt\u00e1sa \u00e9rdek\u00e9ben, hogy ig\u00e9nyeiket professzionalizmussal \u00e9s gondoss\u00e1ggal el\u00e9g\u00edts\u00fck ki. Versenyk\u00e9pes \u00e1raink, p\u00e1rosulva a min\u0151s\u00e9g ir\u00e1nti rend\u00edthetetlen elk\u00f6telezetts\u00e9g\u00fcnkkel, teszik az FMP-t okos v\u00e1laszt\u00e1ss\u00e1 azoknak a v\u00e1llalatoknak, amelyek megb\u00edzhat\u00f3 hidraulikus megold\u00e1sokba szeretn\u00e9nek befektetni.<\/p>","protected":false},"excerpt":{"rendered":"<p>3 Stage Small Dump Truck Hydraulic Cylinder for Dump Trailer This 3 Stage Small Dump Truck Hydraulic Cylinder is a versatile and efficient hydraulic system designed for use in dump trailers. The cylinder is manufactured with a robust steel body material, ensuring durability and longevity. With a max thrust of 3000 and a max pull [&hellip;]<\/p>","protected":false},"featured_media":6770,"comment_status":"closed","ping_status":"closed","template":"","meta":{"_et_pb_use_builder":"","_et_pb_old_content":"","_et_gb_content_width":""},"product_brand":[],"product_cat":[103],"product_tag":[34,105],"class_list":{"0":"post-6631","1":"product","2":"type-product","3":"status-publish","4":"has-post-thumbnail","6":"product_cat-telescopic-hydraulic-cylinders","7":"product_tag-hydraulic-cylinder","8":"product_tag-telescopic-hydraulic-cylinders","10":"first","11":"instock","12":"product-type-simple"},"_links":{"self":[{"href":"https:\/\/fmp-components.com\/hu\/wp-json\/wp\/v2\/product\/6631","targetHints":{"allow":["GET"]}}],"collection":[{"href":"https:\/\/fmp-components.com\/hu\/wp-json\/wp\/v2\/product"}],"about":[{"href":"https:\/\/fmp-components.com\/hu\/wp-json\/wp\/v2\/types\/product"}],"replies":[{"embeddable":true,"href":"https:\/\/fmp-components.com\/hu\/wp-json\/wp\/v2\/comments?post=6631"}],"wp:featuredmedia":[{"embeddable":true,"href":"https:\/\/fmp-components.com\/hu\/wp-json\/wp\/v2\/media\/6770"}],"wp:attachment":[{"href":"https:\/\/fmp-components.com\/hu\/wp-json\/wp\/v2\/media?parent=6631"}],"wp:term":[{"taxonomy":"product_brand","embeddable":true,"href":"https:\/\/fmp-components.com\/hu\/wp-json\/wp\/v2\/product_brand?post=6631"},{"taxonomy":"product_cat","embeddable":true,"href":"https:\/\/fmp-components.com\/hu\/wp-json\/wp\/v2\/product_cat?post=6631"},{"taxonomy":"product_tag","embeddable":true,"href":"https:\/\/fmp-components.com\/hu\/wp-json\/wp\/v2\/product_tag?post=6631"}],"curies":[{"name":"munkaf\u00fczet","href":"https:\/\/api.w.org\/{rel}","templated":true}]}}