{"id":6626,"date":"2025-03-11T06:33:57","date_gmt":"2025-03-11T06:33:57","guid":{"rendered":"https:\/\/fmp-components.com\/product\/3-stage-small-hydraulic-cylinder-telescopic-dump-truck-hydraulic-cylinder"},"modified":"2025-03-18T01:03:30","modified_gmt":"2025-03-18T01:03:30","slug":"3-stage-small-hydraulic-cylinder-telescopic-dump-truck-hydraulic-cylinder","status":"publish","type":"product","link":"https:\/\/fmp-components.com\/hu\/product\/3-stage-small-hydraulic-cylinder-telescopic-dump-truck-hydraulic-cylinder\/","title":{"rendered":"3 fokozat\u00fa kis hidraulikus henger teleszk\u00f3pos d\u00f6mper hidraulikus henger"},"content":{"rendered":"<h2>3 fokozat\u00fa kis hidraulikus henger teleszk\u00f3pos d\u00f6mper hidraulikus henger<\/h2>\n<p>Bemutatjuk a 3 fokozat\u00fa kis hidraulikus hengeres teleszk\u00f3pos d\u00f6mper hidraulikus hengert, a 2025-\u00f6s \u00e9v \u00faj term\u00e9k\u00e9t, amelyet a hat\u00e9konys\u00e1g \u00e9s a tart\u00f3ss\u00e1g jegy\u00e9ben terveztek. Ez a hidraulikus henger kulcsfontoss\u00e1g\u00fa alkatr\u00e9sz a g\u00e9pjav\u00edt\u00f3 m\u0171helyekben, mez\u0151gazdas\u00e1gi \u00fczemekben, energia- \u00e9s b\u00e1ny\u00e1szati \u200b\u200biparban, valamint g\u00e9pgy\u00e1rakban. 1 \u00e9v garanci\u00e1val \u00e9s ISO9001:2000 tan\u00fas\u00edtv\u00e1nnyal megb\u00edzhat\u00f3 teljes\u00edtm\u00e9nyt \u00e9s min\u0151s\u00e9gbiztos\u00edt\u00e1st \u00edg\u00e9r.<\/p>\n<h3>M\u0171szaki adatok<\/h3>\n<p>A 3 fokozat\u00fa kis hidraulikus hengeres teleszk\u00f3pos d\u00f6mper hidraulikus henger ac\u00e9l testtel \u00e9s szabv\u00e1nyos dugatty\u00fas henger szerkezettel b\u00fcszk\u00e9lkedhet. Hidraulikus er\u0151vel m\u0171k\u00f6dik, maxim\u00e1lis tol\u00f3ereje 3000 tonna, maxim\u00e1lis h\u00faz\u00f3ereje pedig 20 tonna. Az al\u00e1bbiakban a r\u00e9szletes specifik\u00e1ci\u00f3k tal\u00e1lhat\u00f3k:<\/p>\n<table style=\"width: 95.9759%;\">\n<tbody>\n<tr>\n<th style=\"width: 42.8571%;\">Furatm\u00e9ret<\/th>\n<th style=\"width: 388.571%;\">2-6 h\u00fcvelyk<\/th>\n<\/tr>\n<tr>\n<td style=\"width: 42.8571%;\">R\u00fad m\u00e9rete<\/td>\n<td style=\"width: 388.571%;\">1,125-4 h\u00fcvelyk<\/td>\n<\/tr>\n<tr>\n<td style=\"width: 42.8571%;\">Ecsetvon\u00e1s m\u00e9rete<\/td>\n<td style=\"width: 388.571%;\">4-100 h\u00fcvelyk<\/td>\n<\/tr>\n<tr>\n<td style=\"width: 42.8571%;\">Cs\u00edp\u0151m\u00e9ret<\/td>\n<td style=\"width: 388.571%;\">0,5-2 h\u00fcvelyk<\/td>\n<\/tr>\n<tr>\n<td style=\"width: 42.8571%;\">kik\u00f6t\u0151k<\/td>\n<td style=\"width: 388.571%;\">G\/SAE\/NPT\/M<\/td>\n<\/tr>\n<\/tbody>\n<\/table>\n<h3>Egyedi tulajdons\u00e1gok \u00e9s el\u0151ny\u00f6k<\/h3>\n<p>Ez a hidraulikus henger energiahat\u00e9kony, rendk\u00edv\u00fcl hat\u00e9kony \u00e9s biztons\u00e1gosan haszn\u00e1lhat\u00f3. T\u00f6bbl\u00e9pcs\u0151s kialak\u00edt\u00e1sa lehet\u0151v\u00e9 teszi a nagyobb kih\u00faz\u00e1si hossz\u00fas\u00e1gokat, \u00edgy ide\u00e1lis olyan alkalmaz\u00e1sokhoz, amelyek hossz\u00fa l\u00f6keteket ig\u00e9nyelnek, de korl\u00e1tozott a be\u00e9p\u00edt\u00e9si hely. Emellett kiemelkedik nagy teherb\u00edr\u00e1s\u00e1val, rugalmass\u00e1g\u00e1val \u00e9s kompakt kialak\u00edt\u00e1s\u00e1val.<\/p>\n<h2>Hidraulikus rendszerek \u00e9s m\u0171k\u00f6d\u00e9si elv<\/h2>\n<p>A hidraulikus rendszereket a folyad\u00e9knyom\u00e1s alapelve k\u00f6r\u00e9 tervezt\u00e9k. Ezen rendszerek k\u00f6z\u00e9ppontj\u00e1ban a hidraulikus henger \u00e1ll, amely kulcsszerepet j\u00e1tszik a hidraulikus energia mechanikai mozg\u00e1ss\u00e1 alak\u00edt\u00e1s\u00e1ban. Amikor hidraulikus folyad\u00e9kot vezetnek a hengerbe, nyom\u00e1s al\u00e1 ker\u00fcl, ami a benne l\u00e9v\u0151 dugatty\u00fat mozg\u00e1sra k\u00e9szteti. A dugatty\u00fanak ez a mozg\u00e1sa k\u00f6zvetlen\u00fcl kapcsol\u00f3dik egy hozz\u00e1 r\u00f6gz\u00edtett r\u00fadhoz; ahogy a dugatty\u00fa mozog, a r\u00fad kiny\u00falik vagy visszah\u00faz\u00f3dik. Ezt a line\u00e1ris mozg\u00e1st k\u00fcl\u00f6nf\u00e9le munk\u00e1k elv\u00e9gz\u00e9s\u00e9re haszn\u00e1lj\u00e1k fel, bele\u00e9rtve a neh\u00e9z terhek emel\u00e9s\u00e9t, a berendez\u00e9sek tol\u00e1s\u00e1t vagy az er\u0151 biztos\u00edt\u00e1s\u00e1t a gy\u00e1rt\u00e1si folyamatokban.<\/p>\n<p>A hidraulikus rendszerek hat\u00e9konys\u00e1ga nagyr\u00e9szt Pascal t\u00f6rv\u00e9ny\u00e9nek k\u00f6sz\u00f6nhet\u0151, amely kimondja, hogy amikor egy z\u00e1rt folyad\u00e9kra nyom\u00e1st alkalmazunk, az minden ir\u00e1nyban v\u00e1ltozatlanul terjed. Ez azt jelenti, hogy egy viszonylag kis er\u0151, amelyet az egyik ponton alkalmazunk, sokkal nagyobb er\u0151t gener\u00e1lhat egy m\u00e1sik ponton, ami jelent\u0151s mechanikai el\u0151ny\u00f6ket tesz lehet\u0151v\u00e9 olyan feladatokn\u00e1l, amelyek neh\u00e9z emel\u00e9st vagy prec\u00edz mozg\u00e1sokat ig\u00e9nyelnek.<\/p>\n<p><img loading=\"lazy\" decoding=\"async\" class=\"alignnone size-full wp-image-6787\" src=\"https:\/\/fmp-components.com\/wp-content\/uploads\/2025\/03\/Telescopic-Hydraulic-Cylinders-3.webp\" alt=\"Teleszk\u00f3pos hidraulikus hengerek\" width=\"800\" height=\"800\" title=\"\" srcset=\"https:\/\/fmp-components.com\/wp-content\/uploads\/2025\/03\/Telescopic-Hydraulic-Cylinders-3.webp 800w, https:\/\/fmp-components.com\/wp-content\/uploads\/2025\/03\/Telescopic-Hydraulic-Cylinders-3-480x480.webp 480w\" sizes=\"(min-width: 0px) and (max-width: 480px) 480px, (min-width: 481px) 800px, 100vw\" \/><\/p>\n<h2>Alkalmaz\u00e1si forgat\u00f3k\u00f6nyvek<\/h2>\n<p>Hidraulikus henger\u00fcnk sokoldal\u00fas\u00e1ga felbecs\u00fclhetetlen \u00e9rt\u00e9k\u0171 alkatr\u00e9szl\u00e9 teszi sz\u00e1mos ipar\u00e1gban. Az egyik kiemelked\u0151 alkalmaz\u00e1si ter\u00fclet a d\u00f6mperek, ahol a hidraulikus hengert a teheraut\u00f3 plat\u00f3j\u00e1nak felemel\u00e9s\u00e9re haszn\u00e1lj\u00e1k, megk\u00f6nny\u00edtve az olyan anyagok, mint a kavics, homok vagy \u00e9p\u00edt\u00e9si t\u00f6rmel\u00e9k, egyszer\u0171 kirakod\u00e1s\u00e1t. Ez a mechanizmus lehet\u0151v\u00e9 teszi a hat\u00e9kony \u00e9s eredm\u00e9nyes kirakod\u00e1si m\u0171veleteket, ami kulcsfontoss\u00e1g\u00fa az \u00e9p\u00edt\u0151iparban \u00e9s a sz\u00e1ll\u00edtm\u00e1nyoz\u00e1si szektorban.<\/p>\n<p>A d\u00f6mperek mellett a hidraulikus hengereket sz\u00e9les k\u00f6rben haszn\u00e1lj\u00e1k sz\u00e1mos g\u00e9pben sz\u00e1mos ipar\u00e1gban, bele\u00e9rtve:<\/p>\n<ul>\n<li><strong>\u00c9p\u00edt\u00e9s<\/strong>Hidraulikus munkahengerek hajtj\u00e1k a kotr\u00f3g\u00e9peket, buld\u00f3zereket \u00e9s darukat, lehet\u0151v\u00e9 t\u00e9ve sz\u00e1mukra a neh\u00e9z emel\u00e9si, \u00e1s\u00e1si \u00e9s f\u00f6ldmozgat\u00e1si feladatok prec\u00edz \u00e9s kontroll\u00e1lt elv\u00e9gz\u00e9s\u00e9t.<\/li>\n<li><strong>B\u00e1ny\u00e1szati<\/strong>A b\u00e1ny\u00e1szati \u200b\u200biparban a hidraulikus hengerek elengedhetetlenek olyan berendez\u00e9sek m\u0171k\u00f6dtet\u00e9s\u00e9hez, mint a f\u00far\u00f3k \u00e9s rakod\u00f3g\u00e9pek, ahol biztos\u00edtj\u00e1k a sz\u00fcks\u00e9ges er\u0151t a f\u00f6ldbe val\u00f3 behatol\u00e1shoz \u00e9s nagy mennyis\u00e9g\u0171 anyag mozgat\u00e1s\u00e1hoz.<\/li>\n<li><strong>Mez\u0151gazdas\u00e1g<\/strong>A mez\u0151gazdas\u00e1gi g\u00e9pekben a hidraulikus hengerek seg\u00edtik a traktorok, ek\u00e9k \u00e9s betakar\u00edt\u00f3g\u00e9pek m\u0171k\u00f6d\u00e9s\u00e9t, lehet\u0151v\u00e9 t\u00e9ve a gazd\u00e1lkod\u00f3k sz\u00e1m\u00e1ra, hogy k\u00f6nnyed\u00e9n emelj\u00e9k \u00e9s \u00e1ll\u00edts\u00e1k be a berendez\u00e9seket, ami n\u00f6veli a gazdas\u00e1g termel\u00e9kenys\u00e9g\u00e9t.<\/li>\n<li><strong>Gy\u00e1rt\u00e1s<\/strong>A hidraulikus hengerek szerel\u0151sorokban \u00e9s gy\u00e1rt\u00f3berendez\u00e9sekben is megtal\u00e1lhat\u00f3k, ahol biztos\u00edtj\u00e1k az alkatr\u00e9szek pr\u00e9sel\u00e9s\u00e9hez, alak\u00edt\u00e1s\u00e1hoz \u00e9s mozgat\u00e1s\u00e1hoz sz\u00fcks\u00e9ges er\u0151t a gy\u00e1rt\u00e1si folyamatok sor\u00e1n.<\/li>\n<\/ul>\n<p>A hidraulikus hengerek alkalmaz\u00e1sa sz\u00e9lesk\u00f6r\u0171 \u00e9s v\u00e1ltozatos, bizony\u00edtva kritikus szerep\u00fcket a hat\u00e9konys\u00e1g \u00e9s a termel\u00e9kenys\u00e9g n\u00f6vel\u00e9s\u00e9ben sz\u00e1mos ter\u00fcleten. Az er\u0151teljes \u00e9s kontroll\u00e1lt mozg\u00e1sok lebonyol\u00edt\u00e1s\u00e1ra val\u00f3 k\u00e9pess\u00e9g\u00fck elengedhetetlenn\u00e9 teszi \u0151ket a modern g\u00e9pek \u00e9s ipari m\u0171veletek sz\u00e1m\u00e1ra.<\/p>\n<h2>Hidraulikus hengerek \u00e9s t\u00e1pegys\u00e9gek<\/h2>\n<p>A hidraulikus hengerek \u00e9s a t\u00e1pegys\u00e9gek n\u00e9lk\u00fcl\u00f6zhetetlen alkot\u00f3elemei a hidraulikus rendszereknek. Szinergi\u00e1juk biztos\u00edtja a hidraulikus technol\u00f3gia sz\u00e9les k\u00f6r\u0171 elterjed\u00e9s\u00e9t az ipari szektorban, megb\u00edzhat\u00f3 energia- \u00e9s vez\u00e9rl\u00e9st\u00e1mogat\u00e1st ny\u00fajtva k\u00fcl\u00f6nf\u00e9le m\u00e9rn\u00f6ki \u00e9s g\u00e9p\u00e9szeti berendez\u00e9sek sz\u00e1m\u00e1ra. A hidraulikus henger, mint aktu\u00e1tor, felel\u0151s a hidraulikus energia mechanikai mozg\u00e1ss\u00e1 alak\u00edt\u00e1s\u00e1\u00e9rt, a nyom\u00e1s er\u0151v\u00e9 alak\u00edt\u00e1s\u00e1\u00e9rt. A t\u00e1pegys\u00e9g ezzel szemben az a mag, amely biztos\u00edtja a hidraulikus rendszer \u00e1ltal ig\u00e9nyelt energi\u00e1t \u00e9s vez\u00e9rl\u0151jeleket. A kett\u0151 k\u00f6z\u00f6tti koordin\u00e1ci\u00f3 lehet\u0151v\u00e9 teszi a hidraulikus rendszer norm\u00e1l m\u0171k\u00f6d\u00e9s\u00e9t. Az FMP-n\u00e9l t\u00e1pegys\u00e9geket is k\u00edn\u00e1lunk \u00e9rt\u00e9kes\u00edt\u00e9sre.<\/p>\n<h2>GYIK<\/h2>\n<p><b>K: Kereskedelmi v\u00e1llalat vagy gy\u00e1rt\u00f3?<\/b><br \/>\nV: Gy\u00e1rt\u00f3 vagyunk.<\/p>\n<p><b>K: Mennyi a sz\u00e1ll\u00edt\u00e1si id\u0151?<\/b><br \/>\nV: \u00c1ltal\u00e1ban 25-35 nap.<\/p>\n<p><b>K: Biztos\u00edtanak mint\u00e1kat? Ingyenes vagy k\u00fcl\u00f6n fizetend\u0151?<\/b><br \/>\nV: Igen, felaj\u00e1nlhatn\u00e1nk a mint\u00e1t, de ez nem ingyenes.<\/p>\n<h3>Az FMP-r\u0151l<\/h3>\n<p class=\"break-words\">Az FMP egy vezet\u0151 olasz gy\u00e1rt\u00f3, amely kiv\u00e1l\u00f3 min\u0151s\u00e9g\u0171 hidraulikus hengerek tervez\u00e9s\u00e9re, fejleszt\u00e9s\u00e9re \u00e9s gy\u00e1rt\u00e1s\u00e1ra specializ\u00e1l\u00f3dott. \u00c9vtizedes szak\u00e9rtelemre \u00e9p\u00fcl\u0151 gazdag \u00f6r\u00f6ks\u00e9g\u00fcnkkel b\u00fcszk\u00e9n \u00f6tv\u00f6zz\u00fck az olasz k\u00e9zm\u0171vess\u00e9get a legmodernebb technol\u00f3gi\u00e1val, hogy kiv\u00e9teles hidraulikus megold\u00e1sokat k\u00edn\u00e1ljunk, amelyek a glob\u00e1lis \u00fcgyfeleink sokr\u00e9t\u0171 ig\u00e9nyeit el\u00e9g\u00edtik ki. Az olaszorsz\u00e1gi sz\u00e9khely\u0171, a m\u00e9rn\u00f6ki kiv\u00e1l\u00f3s\u00e1g k\u00f6zpontj\u00e1ban m\u0171k\u00f6d\u0151 FMP megb\u00edzhat\u00f3 n\u00e9v a hidraulikus iparban, elk\u00f6telezett amellett, hogy megb\u00edzhat\u00f3, tart\u00f3s \u00e9s innovat\u00edv term\u00e9keket k\u00edn\u00e1ljon, amelyek vil\u00e1gszerte lend\u00fcletet adnak a v\u00e1llalkoz\u00e1soknak.<\/p>\n<p class=\"break-words\">C\u00e9g\u00fcnk a fejlett gy\u00e1rt\u00e1si hagyom\u00e1nyok legjav\u00e1t \u00f6tv\u00f6zi az el\u0151remutat\u00f3 megk\u00f6zel\u00edt\u00e9ssel. A hidraulikus rendszerek ter\u00e9n szerzett sok\u00e9ves tapasztalat\u00e1ra \u00e9p\u00edtve az FMP egy modern v\u00e1llalkoz\u00e1ss\u00e1 fejl\u0151d\u00f6tt, amely kiemelked\u0151 a kutat\u00e1s, a tervez\u00e9s \u00e9s a gy\u00e1rt\u00e1s ter\u00e9n. Sz\u00e9les hidraulikus hengerv\u00e1laszt\u00e9kra specializ\u00e1l\u00f3dtunk, bele\u00e9rtve a kett\u0151s m\u0171k\u00f6d\u00e9s\u0171 hengereket, az aut\u00f3ipari emel\u0151hengereket, a mez\u0151gazdas\u00e1gi g\u00e9pek hengereit \u00e9s az egyedi tervez\u00e9s\u0171 megold\u00e1sokat k\u00fcl\u00f6nf\u00e9le ipari alkalmaz\u00e1sokhoz. Legyen sz\u00f3 \u00e9p\u00edt\u0151iparr\u00f3l, ipari telep\u00edt\u00e9sekr\u0151l, mez\u0151gazdas\u00e1gr\u00f3l vagy neh\u00e9zg\u00e9pekr\u0151l, hidraulikus hengereinket a legnehezebb k\u00f6r\u00fclm\u00e9nyek k\u00f6z\u00f6tt is k\u00e9pesek teljes\u00edteni, biztos\u00edtva a biztons\u00e1got, a hat\u00e9konys\u00e1got \u00e9s a hossz\u00fa \u00e9lettartamot.<\/p>\n<p><img loading=\"lazy\" decoding=\"async\" class=\"alignnone size-full wp-image-6720\" src=\"https:\/\/fmp-components.com\/wp-content\/uploads\/2025\/03\/hydraulic-cylinder-8.webp\" alt=\"Teleszk\u00f3pos hidraulikus hengerek\" width=\"933\" height=\"526\" title=\"\" srcset=\"https:\/\/fmp-components.com\/wp-content\/uploads\/2025\/03\/hydraulic-cylinder-8.webp 933w, https:\/\/fmp-components.com\/wp-content\/uploads\/2025\/03\/hydraulic-cylinder-8-480x271.webp 480w\" sizes=\"(min-width: 0px) and (max-width: 480px) 480px, (min-width: 481px) 933px, 100vw\" \/><\/p>\n<p class=\"break-words\">Az FMP-n\u00e9l b\u00fcszk\u00e9k vagyunk a legmodernebb gy\u00e1rt\u00f3\u00fczemeinkre, amelyek prec\u00edzi\u00f3s g\u00e9pekkel \u00e9s fejlett vizsg\u00e1l\u00f3rendszerekkel vannak felszerelve. Gy\u00e1rt\u00e1si folyamataink szigor\u00fa nemzeti \u00e9s nemzetk\u00f6zi szabv\u00e1nyoknak felelnek meg, biztos\u00edtva, hogy minden egyes hidraulikus henger, amely elhagyja gy\u00e1runkat, kiv\u00e1l\u00f3 min\u0151s\u00e9g\u0171 \u00e9s megb\u00edzhat\u00f3 legyen. K\u00e9pzett m\u0171szaki csapatunk a legmodernebb berendez\u00e9sekkel p\u00e1rosulva lehet\u0151v\u00e9 teszi sz\u00e1munkra, hogy szigor\u00fa min\u0151s\u00e9gellen\u0151rz\u00e9st tartsunk fenn a gy\u00e1rt\u00e1s minden szakasz\u00e1ban \u2013 az alapanyagok kiv\u00e1laszt\u00e1s\u00e1t\u00f3l a v\u00e9gs\u0151 ellen\u0151rz\u00e9sig. Ez a kiv\u00e1l\u00f3s\u00e1g ir\u00e1nti elk\u00f6telezetts\u00e9g tan\u00fas\u00edtv\u00e1nyokat \u00e9s elismer\u00e9st szerzett nek\u00fcnk az ipar\u00e1gi hat\u00f3s\u00e1gokt\u00f3l, tov\u00e1bb er\u0151s\u00edtve megb\u00edzhat\u00f3 partnerk\u00e9nt szerzett h\u00edrnev\u00fcnket.<\/p>\n<p class=\"break-words\">K\u00fcldet\u00e9s\u00fcnk egyszer\u0171, m\u00e9gis ambici\u00f3zus: olyan hidraulikus hengereket biztos\u00edtani \u00fcgyfeleinknek, amelyek teljes\u00edtm\u00e9ny, tart\u00f3ss\u00e1g \u00e9s \u00e9rt\u00e9k tekintet\u00e9ben fel\u00fclm\u00falj\u00e1k az elv\u00e1r\u00e1sokat. A professzionalizmus, a feddhetetlens\u00e9g \u00e9s az \u00fcgyf\u00e9lk\u00f6zpont\u00fas\u00e1g vez\u00e9relvei szerint m\u0171k\u00f6d\u00fcnk. Az innov\u00e1ci\u00f3 \u00e9s a precizit\u00e1s kult\u00far\u00e1j\u00e1nak \u00e1pol\u00e1s\u00e1val folyamatosan finom\u00edtjuk term\u00e9keinket, hogy meg\u0151rizz\u00fck el\u0151ny\u00fcnket a versenyk\u00e9pes piacon. \u00c1tfog\u00f3 term\u00e9kk\u00edn\u00e1latunk \u00e9s a szem\u00e9lyre szabott megold\u00e1sok k\u00edn\u00e1l\u00e1s\u00e1nak k\u00e9pess\u00e9ge tesz minket a nagy teljes\u00edtm\u00e9ny\u0171 hidraulikus hengereket keres\u0151 v\u00e1llalkoz\u00e1sok els\u0151 sz\u00e1m\u00fa v\u00e1laszt\u00e1s\u00e1v\u00e1.<\/p>\n<p class=\"break-words\">Az FMP t\u00f6bb mint egy gy\u00e1rt\u00f3 \u2013 partnerek vagyunk a siker\u00e9ben. Meg\u00e9rtj\u00fck, hogy \u00fcgyfeleink olyan szersz\u00e1mok sz\u00e1ll\u00edt\u00e1s\u00e1ban b\u00edznak benn\u00fcnk, amelyek n\u00f6velik termel\u00e9kenys\u00e9g\u00fcket \u00e9s biztons\u00e1gukat. Ez\u00e9rt elk\u00f6telezettek vagyunk nemcsak a legjobb min\u0151s\u00e9g\u0171 term\u00e9kek, hanem a kiv\u00e9teles szolg\u00e1ltat\u00e1s ny\u00fajt\u00e1sa ir\u00e1nt is. A kezdeti konzult\u00e1ci\u00f3t\u00f3l az \u00e9rt\u00e9kes\u00edt\u00e9s ut\u00e1ni t\u00e1mogat\u00e1sig szorosan egy\u00fcttm\u0171k\u00f6d\u00fcnk \u00fcgyfeleinkkel annak biztos\u00edt\u00e1sa \u00e9rdek\u00e9ben, hogy ig\u00e9nyeiket professzionalizmussal \u00e9s gondoss\u00e1ggal el\u00e9g\u00edts\u00fck ki. Versenyk\u00e9pes \u00e1raink, p\u00e1rosulva a min\u0151s\u00e9g ir\u00e1nti rend\u00edthetetlen elk\u00f6telezetts\u00e9g\u00fcnkkel, teszik az FMP-t okos v\u00e1laszt\u00e1ss\u00e1 azoknak a v\u00e1llalatoknak, amelyek megb\u00edzhat\u00f3 hidraulikus megold\u00e1sokba szeretn\u00e9nek befektetni.<\/p>","protected":false},"excerpt":{"rendered":"<p>3 Stage Small Hydraulic Cylinder Telescopic Dump Truck Hydraulic Cylinder Introducing the 3 Stage Small Hydraulic Cylinder Telescopic Dump Truck Hydraulic Cylinder, a new product for 2025, designed for efficiency and durability. This hydraulic cylinder is a crucial component in machinery repair shops, farms, energy &amp; mining industries, and machinery factories. With its 1 Year [&hellip;]<\/p>","protected":false},"featured_media":6787,"comment_status":"closed","ping_status":"closed","template":"","meta":{"_et_pb_use_builder":"","_et_pb_old_content":"","_et_gb_content_width":""},"product_brand":[],"product_cat":[103],"product_tag":[34,105],"class_list":{"0":"post-6626","1":"product","2":"type-product","3":"status-publish","4":"has-post-thumbnail","6":"product_cat-telescopic-hydraulic-cylinders","7":"product_tag-hydraulic-cylinder","8":"product_tag-telescopic-hydraulic-cylinders","10":"first","11":"instock","12":"product-type-simple"},"_links":{"self":[{"href":"https:\/\/fmp-components.com\/hu\/wp-json\/wp\/v2\/product\/6626","targetHints":{"allow":["GET"]}}],"collection":[{"href":"https:\/\/fmp-components.com\/hu\/wp-json\/wp\/v2\/product"}],"about":[{"href":"https:\/\/fmp-components.com\/hu\/wp-json\/wp\/v2\/types\/product"}],"replies":[{"embeddable":true,"href":"https:\/\/fmp-components.com\/hu\/wp-json\/wp\/v2\/comments?post=6626"}],"wp:featuredmedia":[{"embeddable":true,"href":"https:\/\/fmp-components.com\/hu\/wp-json\/wp\/v2\/media\/6787"}],"wp:attachment":[{"href":"https:\/\/fmp-components.com\/hu\/wp-json\/wp\/v2\/media?parent=6626"}],"wp:term":[{"taxonomy":"product_brand","embeddable":true,"href":"https:\/\/fmp-components.com\/hu\/wp-json\/wp\/v2\/product_brand?post=6626"},{"taxonomy":"product_cat","embeddable":true,"href":"https:\/\/fmp-components.com\/hu\/wp-json\/wp\/v2\/product_cat?post=6626"},{"taxonomy":"product_tag","embeddable":true,"href":"https:\/\/fmp-components.com\/hu\/wp-json\/wp\/v2\/product_tag?post=6626"}],"curies":[{"name":"munkaf\u00fczet","href":"https:\/\/api.w.org\/{rel}","templated":true}]}}