{"id":6625,"date":"2025-03-11T06:33:57","date_gmt":"2025-03-11T06:33:57","guid":{"rendered":"https:\/\/fmp-components.com\/product\/professional-small-dump-truck-hydraulic-hoist-cylinder-multistage-hydraulic-cylinder"},"modified":"2025-03-14T01:51:38","modified_gmt":"2025-03-14T01:51:38","slug":"professional-small-dump-truck-hydraulic-hoist-cylinder-multistage-hydraulic-cylinder","status":"publish","type":"product","link":"https:\/\/fmp-components.com\/hu\/product\/professional-small-dump-truck-hydraulic-hoist-cylinder-multistage-hydraulic-cylinder\/","title":{"rendered":"Professzion\u00e1lis kis d\u00f6mper hidraulikus emel\u0151henger t\u00f6bbfokozat\u00fa hidraulikus henger"},"content":{"rendered":"<h2>Professzion\u00e1lis kis d\u00f6mper hidraulikus emel\u0151henger t\u00f6bbfokozat\u00fa hidraulikus henger<\/h2>\n<p>Professzion\u00e1lis kis d\u00f6mperekhez val\u00f3 hidraulikus emel\u0151henger\u00fcnk, a t\u00f6bbfokozat\u00fa hidraulikus henger egy cs\u00facstechnol\u00f3gi\u00e1s term\u00e9k, amely p\u00e1ratlan min\u0151s\u00e9get \u00e9s teljes\u00edtm\u00e9nyt k\u00edn\u00e1l. A hat\u00e9konys\u00e1got \u00e9s a megb\u00edzhat\u00f3s\u00e1got szem el\u0151tt tartva tervezt\u00e9k, ez a hidraulikus henger t\u00f6k\u00e9letes a g\u00e9pjav\u00edt\u00f3 m\u0171helyekben, mez\u0151gazdas\u00e1gban, energia- \u00e9s b\u00e1ny\u00e1szati \u200b\u200biparban, valamint g\u00e9pgy\u00e1rt\u00e1sban \u00e9s gy\u00e1rakban v\u00e9gzett k\u00fcl\u00f6nf\u00e9le alkalmaz\u00e1sokhoz.<\/p>\n<h3>F\u0151bb jellemz\u0151k \u00e9s el\u0151ny\u00f6k<\/h3>\n<ul>\n<li>Kiemelked\u0151 szil\u00e1rds\u00e1g: A 3000-es maxim\u00e1lis tol\u00f3er\u0151vel \u00e9s az ak\u00e1r 20 tonna h\u00faz\u00f3er\u0151vel ez a hidraulikus henger az er\u0151 \u00e9s a tart\u00f3ss\u00e1g igazi er\u0151m\u0171ve.<\/li>\n<li>Min\u0151s\u00e9gi anyagok: Kiv\u00e1l\u00f3 min\u0151s\u00e9g\u0171 ac\u00e9lb\u00f3l k\u00e9sz\u00fclt, \u00edgy hossz\u00fa \u00e9lettartamot \u00e9s kop\u00e1s\u00e1ll\u00f3s\u00e1got biztos\u00edt.<\/li>\n<li>Nagy hat\u00e9konys\u00e1g: T\u00f6bbfokozat\u00fa funkci\u00f3ja fokozott hat\u00e9konys\u00e1got \u00e9s funkcionalit\u00e1st tesz lehet\u0151v\u00e9 sz\u00e1mos feladatban.<\/li>\n<li>Energiatakar\u00e9koss\u00e1g: Hidraulikus henger\u00fcnket \u00fagy tervezt\u00fck, hogy hat\u00e9konyan haszn\u00e1lja fel az energi\u00e1t, cs\u00f6kkentve az energiafogyaszt\u00e1st \u00e9s az \u00fczemeltet\u00e9si k\u00f6lts\u00e9geket.<\/li>\n<li>Biztons\u00e1g: 1 \u00e9v garanci\u00e1val rendelkezik, amely biztos\u00edtja a f\u0151 alkatr\u00e9szek biztons\u00e1g\u00e1t \u00e9s hossz\u00fa t\u00e1v\u00fa teljes\u00edtm\u00e9ny\u00e9t.<\/li>\n<\/ul>\n<h3>M\u0171szaki adatok<\/h3>\n<table style=\"width: 95.5978%;\" border=\"\">\n<tbody>\n<tr>\n<td style=\"width: 42.8571%;\"><i>Furatm\u00e9ret<\/i><\/td>\n<td style=\"width: 386.857%;\">2-6 h\u00fcvelyk<\/td>\n<\/tr>\n<tr>\n<td style=\"width: 42.8571%;\"><i>R\u00fad m\u00e9rete<\/i><\/td>\n<td style=\"width: 386.857%;\">1,125-4 h\u00fcvelyk<\/td>\n<\/tr>\n<tr>\n<td style=\"width: 42.8571%;\"><i>Ecsetvon\u00e1s m\u00e9rete<\/i><\/td>\n<td style=\"width: 386.857%;\">4-100 h\u00fcvelyk<\/td>\n<\/tr>\n<tr>\n<td style=\"width: 42.8571%;\"><i>Cs\u00edp\u0151m\u00e9ret<\/i><\/td>\n<td style=\"width: 386.857%;\">0,5-2 h\u00fcvelyk<\/td>\n<\/tr>\n<tr>\n<td style=\"width: 42.8571%;\"><i>kik\u00f6t\u0151k<\/i><\/td>\n<td style=\"width: 386.857%;\">G\/SAE\/NPT\/M<\/td>\n<\/tr>\n<\/tbody>\n<\/table>\n<h2>Egyedi tulajdons\u00e1gok \u00e9s el\u0151ny\u00f6k<\/h2>\n<ul>\n<li>Energiatakar\u00e9koss\u00e1g: A hidraulikus henger kialak\u00edt\u00e1sa \u00e9s m\u0171k\u00f6d\u00e9se az energiahat\u00e9konys\u00e1g szempontj\u00e1b\u00f3l optimaliz\u00e1lt.<\/li>\n<li>Nagy hat\u00e9konys\u00e1g: Gyorsan \u00e9s pontosan v\u00e9gzi el a feladatokat, \u00edgy rendk\u00edv\u00fcl hat\u00e9kony eszk\u00f6zz\u00e9 v\u00e1lik.<\/li>\n<li>Biztons\u00e1g: Biztons\u00e1gi funkci\u00f3kkal rendelkezik a felhaszn\u00e1l\u00f3 \u00e9s az \u00e1ltala m\u0171k\u00f6dtetett g\u00e9pek v\u00e9delme \u00e9rdek\u00e9ben.<\/li>\n<\/ul>\n<h2>Hidraulikus rendszerek \u00e9s m\u0171k\u00f6d\u00e9si elv<\/h2>\n<p>Hidraulikus henger\u00fcnk a hidraulikus energia mechanikai energi\u00e1v\u00e1 alak\u00edt\u00e1s\u00e1nak alapelv\u00e9n m\u0171k\u00f6dik, ami sz\u00e1mos ipari alkalmaz\u00e1shoz elengedhetetlen. Ez az \u00e1talak\u00edt\u00e1s a hengerbe ir\u00e1ny\u00edtott nyom\u00e1s alatt \u00e1ll\u00f3 hidraulikafolyad\u00e9k mozg\u00e1sa r\u00e9v\u00e9n t\u00f6rt\u00e9nik. Amikor a folyad\u00e9k bel\u00e9p, er\u0151t fejt ki a hengerben tal\u00e1lhat\u00f3 dugatty\u00fara. Ez az er\u0151 mozg\u00e1sra k\u00e9szteti a dugatty\u00fat, a hidraulikus energi\u00e1t mechanikai mozg\u00e1ss\u00e1 alak\u00edtva.<\/p>\n<p>A dugatty\u00fa mozg\u00e1sa hasznos munkav\u00e9gz\u00e9sre haszn\u00e1lhat\u00f3, p\u00e9ld\u00e1ul neh\u00e9z terhek emel\u00e9s\u00e9re, g\u00e9palkatr\u00e9szek kezel\u00e9s\u00e9re, vagy ak\u00e1r bonyolult feladatok elv\u00e9gz\u00e9s\u00e9re a gy\u00e1rt\u00e1si folyamatokban. Ennek a rendszernek a hat\u00e9konys\u00e1ga nagyr\u00e9szt a hidraulikafolyad\u00e9k \u00f6sszenyomhatatlans\u00e1g\u00e1nak k\u00f6sz\u00f6nhet\u0151, ami lehet\u0151v\u00e9 teszi az er\u0151 er\u0151teljes feler\u0151s\u00edt\u00e9s\u00e9t. Viszonylag kis bemeneti er\u0151k felhaszn\u00e1l\u00e1s\u00e1val hidraulikus hengereink jelent\u0151s kimeneti er\u0151ket tudnak gener\u00e1lni, \u00edgy ide\u00e1lisak az er\u0151t \u00e9s pontoss\u00e1got ig\u00e9nyl\u0151 feladatokhoz.<\/p>\n<p>A hidraulikus m\u0171k\u00f6d\u00e9snek ez az elve nemcsak hat\u00e9kony, hanem olyan szint\u0171 szab\u00e1lyoz\u00e1st is biztos\u00edt, amelyet puszt\u00e1n mechanikus rendszerekkel neh\u00e9z el\u00e9rni. A kezel\u0151k k\u00f6nnyen be\u00e1ll\u00edthatj\u00e1k a hidraulikafolyad\u00e9k nyom\u00e1s\u00e1t \u00e9s \u00e1raml\u00e1si sebess\u00e9g\u00e9t a dugatty\u00fa mozg\u00e1s\u00e1nak finomhangol\u00e1s\u00e1hoz, lehet\u0151v\u00e9 t\u00e9ve a prec\u00edz m\u0171k\u00f6d\u00e9st k\u00fcl\u00f6nf\u00e9le k\u00f6rnyezetekben.<\/p>\n<p><img loading=\"lazy\" decoding=\"async\" class=\"alignnone  wp-image-6664\" src=\"https:\/\/fmp-components.com\/wp-content\/uploads\/2025\/03\/telescopic-hydraulic-cylinder-8.webp\" alt=\"teleszk\u00f3pos hidraulikus henger\" width=\"778\" height=\"778\" title=\"\" srcset=\"https:\/\/fmp-components.com\/wp-content\/uploads\/2025\/03\/telescopic-hydraulic-cylinder-8.webp 778w, https:\/\/fmp-components.com\/wp-content\/uploads\/2025\/03\/telescopic-hydraulic-cylinder-8-480x480.webp 480w\" sizes=\"(min-width: 0px) and (max-width: 480px) 480px, (min-width: 481px) 778px, 100vw\" \/><\/p>\n<h2>Hidraulikus henger\u00fcnk alkalmaz\u00e1sai<\/h2>\n<p>Hidraulikus henger\u00fcnk kiv\u00e9telesen sokoldal\u00fa, \u00e9s sz\u00e1mos ipar\u00e1gban sz\u00e9les k\u00f6rben alkalmazhat\u00f3. Az egyik legfontosabb felhaszn\u00e1l\u00e1si ter\u00fclet a g\u00e9pjav\u00edt\u00f3 m\u0171helyek, ahol megk\u00f6nny\u00edti a neh\u00e9z berendez\u00e9sek emel\u00e9s\u00e9t \u00e9s pozicion\u00e1l\u00e1s\u00e1t karbantart\u00e1si \u00e9s jav\u00edt\u00e1si feladatokhoz. A nagy alkatr\u00e9szek biztons\u00e1gos \u00e9s hat\u00e9kony emel\u00e9s\u00e9nek \u00e9s mozgat\u00e1s\u00e1nak k\u00e9pess\u00e9ge kulcsfontoss\u00e1g\u00fa a g\u00e9pek m\u0171k\u00f6d\u0151k\u00e9pess\u00e9g\u00e9nek \u00e9s karbantart\u00e1s\u00e1nak biztos\u00edt\u00e1s\u00e1hoz.<\/p>\n<p>A mez\u0151gazdas\u00e1gi szektorban hidraulikus hengereink elengedhetetlenek a mez\u0151gazdas\u00e1gi g\u00e9pek, p\u00e9ld\u00e1ul traktorok, ek\u00e9k \u00e9s betakar\u00edt\u00f3g\u00e9pek kezel\u00e9s\u00e9hez. Lehet\u0151v\u00e9 teszik a gazd\u00e1lkod\u00f3k sz\u00e1m\u00e1ra, hogy olyan feladatokat v\u00e9gezzenek, mint az ek\u00e9k emel\u00e9se \u00e9s a berendez\u00e9sek be\u00e1ll\u00edt\u00e1sa, ami jelent\u0151sen n\u00f6veli a termel\u00e9kenys\u00e9get \u00e9s cs\u00f6kkenti a k\u00e9zi munk\u00e1t.<\/p>\n<p>Az energia- \u00e9s b\u00e1ny\u00e1szati \u200b\u200bipar is profit\u00e1l hidraulikus hengereink robusztus teljes\u00edtm\u00e9ny\u00e9b\u0151l. Ezekben az \u00e1gazatokban neh\u00e9zg\u00e9pek, p\u00e9ld\u00e1ul kotr\u00f3g\u00e9pek \u00e9s f\u00far\u00f3g\u00e9pek m\u0171k\u00f6dtet\u00e9s\u00e9re haszn\u00e1lj\u00e1k \u0151ket, seg\u00edtve az anyagok kinyer\u00e9s\u00e9t \u00e9s sz\u00e1ll\u00edt\u00e1s\u00e1t. Szil\u00e1rds\u00e1guk \u00e9s megb\u00edzhat\u00f3s\u00e1guk extr\u00e9m k\u00f6r\u00fclm\u00e9nyek k\u00f6z\u00f6tt n\u00e9lk\u00fcl\u00f6zhetetlenn\u00e9 teszi \u0151ket ezekben az ig\u00e9nyes k\u00f6rnyezetben.<\/p>\n<p>Ezenk\u00edv\u00fcl hidraulikus hengereinket sz\u00e9les k\u00f6rben alkalmazz\u00e1k a g\u00e9pgy\u00e1rt\u00e1sban \u00e9s a gy\u00e1rakban. Kulcsfontoss\u00e1g\u00faak az \u00f6sszeszerel\u0151 sorok sz\u00e1m\u00e1ra, ahol megk\u00f6nny\u00edtik az alkatr\u00e9szek mozgat\u00e1s\u00e1t \u00e9s elhelyez\u00e9s\u00e9t, hozz\u00e1j\u00e1rulva a gy\u00e1rt\u00e1si folyamatok egyszer\u0171s\u00edt\u00e9s\u00e9hez. A hidraulikus hengereink \u00e1ltal biztos\u00edtott pontoss\u00e1g \u00e9s teljes\u00edtm\u00e9ny n\u00f6veli az \u00e1ltal\u00e1nos m\u0171k\u00f6d\u00e9si hat\u00e9konys\u00e1got, \u00edgy l\u00e9tfontoss\u00e1g\u00fa alkot\u00f3elemeiv\u00e9 v\u00e1lnak a modern gy\u00e1rt\u00e1snak.<\/p>\n<p>\u00d6sszefoglalva, hidraulikus hengereinket \u00fagy tervezt\u00fck, hogy megfeleljenek a k\u00fcl\u00f6nf\u00e9le ipar\u00e1gak sokf\u00e9le ig\u00e9ny\u00e9nek, megb\u00edzhat\u00f3 \u00e9s hat\u00e9kony megold\u00e1sokat k\u00edn\u00e1lva g\u00e9pek emel\u00e9s\u00e9re, mozgat\u00e1s\u00e1ra \u00e9s kezel\u00e9s\u00e9re. Sz\u00e9lesk\u00f6r\u0171 alkalmaz\u00e1si k\u00f6r\u00fck kiemeli fontoss\u00e1gukat a termel\u00e9kenys\u00e9g \u00e9s a biztons\u00e1g n\u00f6vel\u00e9s\u00e9ben t\u00f6bb \u00e1gazatban.<\/p>\n<h2>Hidraulikus hengerek \u00e9s t\u00e1pegys\u00e9gek<\/h2>\n<p>A hidraulikus hengerek \u00e9s a t\u00e1pegys\u00e9gek n\u00e9lk\u00fcl\u00f6zhetetlen alkot\u00f3elemei a hidraulikus rendszereknek. Egy\u00fcttes m\u0171k\u00f6d\u00e9s\u00fck biztos\u00edtja a hidraulikus technol\u00f3gia sz\u00e9les k\u00f6r\u0171 alkalmaz\u00e1s\u00e1t az iparban, megb\u00edzhat\u00f3 energia- \u00e9s vez\u00e9rl\u00e9st\u00e1mogat\u00e1st ny\u00fajtva k\u00fcl\u00f6nf\u00e9le m\u00e9rn\u00f6ki \u00e9s g\u00e9p\u00e9szeti berendez\u00e9sek sz\u00e1m\u00e1ra. A hidraulikus henger, mint aktu\u00e1tor, felel\u0151s a hidraulikus energia mechanikai mozg\u00e1ss\u00e1 alak\u00edt\u00e1s\u00e1\u00e9rt, a nyom\u00e1s er\u0151v\u00e9 alak\u00edt\u00e1s\u00e1\u00e9rt. A t\u00e1pegys\u00e9g az a mag, amely biztos\u00edtja a hidraulikus rendszer \u00e1ltal ig\u00e9nyelt energi\u00e1t \u00e9s vez\u00e9rl\u0151jeleket.<\/p>\n<h2>GYIK<\/h2>\n<dl>\n<dt>K: Kereskedelmi v\u00e1llalat vagy gy\u00e1rt\u00f3?<\/dt>\n<dd>V: Gy\u00e1rt\u00f3 vagyunk.<\/dd>\n<dt>K: Mennyi a sz\u00e1ll\u00edt\u00e1si id\u0151?<\/dt>\n<dd>V: \u00c1ltal\u00e1ban 25-35 nap.<\/dd>\n<dt>K: Biztos\u00edtanak mint\u00e1kat? Ingyenes vagy k\u00fcl\u00f6n fizetend\u0151?<\/dt>\n<dd>V: Igen, felaj\u00e1nlhatn\u00e1nk a mint\u00e1t, de ez nem ingyenes.<\/dd>\n<\/dl>\n<h3>Az FMP-r\u0151l<\/h3>\n<p class=\"break-words\">Az FMP egy vezet\u0151 olasz gy\u00e1rt\u00f3, amely kiv\u00e1l\u00f3 min\u0151s\u00e9g\u0171 hidraulikus hengerek tervez\u00e9s\u00e9re, fejleszt\u00e9s\u00e9re \u00e9s gy\u00e1rt\u00e1s\u00e1ra specializ\u00e1l\u00f3dott. \u00c9vtizedes szak\u00e9rtelemre \u00e9p\u00fcl\u0151 gazdag \u00f6r\u00f6ks\u00e9g\u00fcnkkel b\u00fcszk\u00e9n \u00f6tv\u00f6zz\u00fck az olasz k\u00e9zm\u0171vess\u00e9get a legmodernebb technol\u00f3gi\u00e1val, hogy kiv\u00e9teles hidraulikus megold\u00e1sokat k\u00edn\u00e1ljunk, amelyek a glob\u00e1lis \u00fcgyfeleink sokr\u00e9t\u0171 ig\u00e9nyeit el\u00e9g\u00edtik ki. Az olaszorsz\u00e1gi sz\u00e9khely\u0171, a m\u00e9rn\u00f6ki kiv\u00e1l\u00f3s\u00e1g k\u00f6zpontj\u00e1ban m\u0171k\u00f6d\u0151 FMP megb\u00edzhat\u00f3 n\u00e9v a hidraulikus iparban, elk\u00f6telezett amellett, hogy megb\u00edzhat\u00f3, tart\u00f3s \u00e9s innovat\u00edv term\u00e9keket k\u00edn\u00e1ljon, amelyek vil\u00e1gszerte lend\u00fcletet adnak a v\u00e1llalkoz\u00e1soknak.<\/p>\n<p class=\"break-words\">C\u00e9g\u00fcnk a fejlett gy\u00e1rt\u00e1si hagyom\u00e1nyok legjav\u00e1t \u00f6tv\u00f6zi az el\u0151remutat\u00f3 megk\u00f6zel\u00edt\u00e9ssel. A hidraulikus rendszerek ter\u00e9n szerzett sok\u00e9ves tapasztalat\u00e1ra \u00e9p\u00edtve az FMP egy modern v\u00e1llalkoz\u00e1ss\u00e1 fejl\u0151d\u00f6tt, amely kiemelked\u0151 a kutat\u00e1s, a tervez\u00e9s \u00e9s a gy\u00e1rt\u00e1s ter\u00e9n. Sz\u00e9les hidraulikus hengerv\u00e1laszt\u00e9kra specializ\u00e1l\u00f3dtunk, bele\u00e9rtve a kett\u0151s m\u0171k\u00f6d\u00e9s\u0171 hengereket, az aut\u00f3ipari emel\u0151hengereket, a mez\u0151gazdas\u00e1gi g\u00e9pek hengereit \u00e9s az egyedi tervez\u00e9s\u0171 megold\u00e1sokat k\u00fcl\u00f6nf\u00e9le ipari alkalmaz\u00e1sokhoz. Legyen sz\u00f3 \u00e9p\u00edt\u0151iparr\u00f3l, ipari telep\u00edt\u00e9sekr\u0151l, mez\u0151gazdas\u00e1gr\u00f3l vagy neh\u00e9zg\u00e9pekr\u0151l, hidraulikus hengereinket a legnehezebb k\u00f6r\u00fclm\u00e9nyek k\u00f6z\u00f6tt is k\u00e9pesek teljes\u00edteni, biztos\u00edtva a biztons\u00e1got, a hat\u00e9konys\u00e1got \u00e9s a hossz\u00fa \u00e9lettartamot.<\/p>\n<p><img loading=\"lazy\" decoding=\"async\" class=\"alignnone size-full wp-image-6720\" src=\"https:\/\/fmp-components.com\/wp-content\/uploads\/2025\/03\/hydraulic-cylinder-8.webp\" alt=\"Teleszk\u00f3pos hidraulikus hengerek\" width=\"933\" height=\"526\" title=\"\" srcset=\"https:\/\/fmp-components.com\/wp-content\/uploads\/2025\/03\/hydraulic-cylinder-8.webp 933w, https:\/\/fmp-components.com\/wp-content\/uploads\/2025\/03\/hydraulic-cylinder-8-480x271.webp 480w\" sizes=\"(min-width: 0px) and (max-width: 480px) 480px, (min-width: 481px) 933px, 100vw\" \/><\/p>\n<p class=\"break-words\">Az FMP-n\u00e9l b\u00fcszk\u00e9k vagyunk a legmodernebb gy\u00e1rt\u00f3\u00fczemeinkre, amelyek prec\u00edzi\u00f3s g\u00e9pekkel \u00e9s fejlett vizsg\u00e1l\u00f3rendszerekkel vannak felszerelve. Gy\u00e1rt\u00e1si folyamataink szigor\u00fa nemzeti \u00e9s nemzetk\u00f6zi szabv\u00e1nyoknak felelnek meg, biztos\u00edtva, hogy minden egyes hidraulikus henger, amely elhagyja gy\u00e1runkat, kiv\u00e1l\u00f3 min\u0151s\u00e9g\u0171 \u00e9s megb\u00edzhat\u00f3 legyen. K\u00e9pzett m\u0171szaki csapatunk a legmodernebb berendez\u00e9sekkel p\u00e1rosulva lehet\u0151v\u00e9 teszi sz\u00e1munkra, hogy szigor\u00fa min\u0151s\u00e9gellen\u0151rz\u00e9st tartsunk fenn a gy\u00e1rt\u00e1s minden szakasz\u00e1ban \u2013 az alapanyagok kiv\u00e1laszt\u00e1s\u00e1t\u00f3l a v\u00e9gs\u0151 ellen\u0151rz\u00e9sig. Ez a kiv\u00e1l\u00f3s\u00e1g ir\u00e1nti elk\u00f6telezetts\u00e9g tan\u00fas\u00edtv\u00e1nyokat \u00e9s elismer\u00e9st szerzett nek\u00fcnk az ipar\u00e1gi hat\u00f3s\u00e1gokt\u00f3l, tov\u00e1bb er\u0151s\u00edtve megb\u00edzhat\u00f3 partnerk\u00e9nt szerzett h\u00edrnev\u00fcnket.<\/p>\n<p class=\"break-words\">K\u00fcldet\u00e9s\u00fcnk egyszer\u0171, m\u00e9gis ambici\u00f3zus: olyan hidraulikus hengereket biztos\u00edtani \u00fcgyfeleinknek, amelyek teljes\u00edtm\u00e9ny, tart\u00f3ss\u00e1g \u00e9s \u00e9rt\u00e9k tekintet\u00e9ben fel\u00fclm\u00falj\u00e1k az elv\u00e1r\u00e1sokat. A professzionalizmus, a feddhetetlens\u00e9g \u00e9s az \u00fcgyf\u00e9lk\u00f6zpont\u00fas\u00e1g vez\u00e9relvei szerint m\u0171k\u00f6d\u00fcnk. Az innov\u00e1ci\u00f3 \u00e9s a precizit\u00e1s kult\u00far\u00e1j\u00e1nak \u00e1pol\u00e1s\u00e1val folyamatosan finom\u00edtjuk term\u00e9keinket, hogy meg\u0151rizz\u00fck el\u0151ny\u00fcnket a versenyk\u00e9pes piacon. \u00c1tfog\u00f3 term\u00e9kk\u00edn\u00e1latunk \u00e9s a szem\u00e9lyre szabott megold\u00e1sok k\u00edn\u00e1l\u00e1s\u00e1nak k\u00e9pess\u00e9ge tesz minket a nagy teljes\u00edtm\u00e9ny\u0171 hidraulikus hengereket keres\u0151 v\u00e1llalkoz\u00e1sok els\u0151 sz\u00e1m\u00fa v\u00e1laszt\u00e1s\u00e1v\u00e1.<\/p>\n<p class=\"break-words\">Az FMP t\u00f6bb mint egy gy\u00e1rt\u00f3 \u2013 partnerek vagyunk a siker\u00e9ben. Meg\u00e9rtj\u00fck, hogy \u00fcgyfeleink olyan szersz\u00e1mok sz\u00e1ll\u00edt\u00e1s\u00e1ban b\u00edznak benn\u00fcnk, amelyek n\u00f6velik termel\u00e9kenys\u00e9g\u00fcket \u00e9s biztons\u00e1gukat. Ez\u00e9rt elk\u00f6telezettek vagyunk nemcsak a legjobb min\u0151s\u00e9g\u0171 term\u00e9kek, hanem a kiv\u00e9teles szolg\u00e1ltat\u00e1s ny\u00fajt\u00e1sa ir\u00e1nt is. A kezdeti konzult\u00e1ci\u00f3t\u00f3l az \u00e9rt\u00e9kes\u00edt\u00e9s ut\u00e1ni t\u00e1mogat\u00e1sig szorosan egy\u00fcttm\u0171k\u00f6d\u00fcnk \u00fcgyfeleinkkel annak biztos\u00edt\u00e1sa \u00e9rdek\u00e9ben, hogy ig\u00e9nyeiket professzionalizmussal \u00e9s gondoss\u00e1ggal el\u00e9g\u00edts\u00fck ki. Versenyk\u00e9pes \u00e1raink, p\u00e1rosulva a min\u0151s\u00e9g ir\u00e1nti rend\u00edthetetlen elk\u00f6telezetts\u00e9g\u00fcnkkel, teszik az FMP-t okos v\u00e1laszt\u00e1ss\u00e1 azoknak a v\u00e1llalatoknak, amelyek megb\u00edzhat\u00f3 hidraulikus megold\u00e1sokba szeretn\u00e9nek befektetni.<\/p>","protected":false},"excerpt":{"rendered":"<p>Professional Small Dump Truck Hydraulic Hoist Cylinder Multistage Hydraulic Cylinder Our Professional Small Dump Truck Hydraulic Hoist Cylinder Multistage hydraulic cylinder is a state-of-the-art product that offers unparalleled quality and performance. Designed with efficiency and reliability in mind, this hydraulic cylinder is perfect for various applications in machinery repair shops, farms, energy and mining industries, [&hellip;]<\/p>","protected":false},"featured_media":6806,"comment_status":"closed","ping_status":"closed","template":"","meta":{"_et_pb_use_builder":"","_et_pb_old_content":"","_et_gb_content_width":""},"product_brand":[],"product_cat":[103],"product_tag":[34,105],"class_list":{"0":"post-6625","1":"product","2":"type-product","3":"status-publish","4":"has-post-thumbnail","6":"product_cat-telescopic-hydraulic-cylinders","7":"product_tag-hydraulic-cylinder","8":"product_tag-telescopic-hydraulic-cylinders","10":"first","11":"instock","12":"product-type-simple"},"_links":{"self":[{"href":"https:\/\/fmp-components.com\/hu\/wp-json\/wp\/v2\/product\/6625","targetHints":{"allow":["GET"]}}],"collection":[{"href":"https:\/\/fmp-components.com\/hu\/wp-json\/wp\/v2\/product"}],"about":[{"href":"https:\/\/fmp-components.com\/hu\/wp-json\/wp\/v2\/types\/product"}],"replies":[{"embeddable":true,"href":"https:\/\/fmp-components.com\/hu\/wp-json\/wp\/v2\/comments?post=6625"}],"wp:featuredmedia":[{"embeddable":true,"href":"https:\/\/fmp-components.com\/hu\/wp-json\/wp\/v2\/media\/6806"}],"wp:attachment":[{"href":"https:\/\/fmp-components.com\/hu\/wp-json\/wp\/v2\/media?parent=6625"}],"wp:term":[{"taxonomy":"product_brand","embeddable":true,"href":"https:\/\/fmp-components.com\/hu\/wp-json\/wp\/v2\/product_brand?post=6625"},{"taxonomy":"product_cat","embeddable":true,"href":"https:\/\/fmp-components.com\/hu\/wp-json\/wp\/v2\/product_cat?post=6625"},{"taxonomy":"product_tag","embeddable":true,"href":"https:\/\/fmp-components.com\/hu\/wp-json\/wp\/v2\/product_tag?post=6625"}],"curies":[{"name":"munkaf\u00fczet","href":"https:\/\/api.w.org\/{rel}","templated":true}]}}