{"id":6624,"date":"2025-03-11T06:33:57","date_gmt":"2025-03-11T06:33:57","guid":{"rendered":"https:\/\/fmp-components.com\/product\/quality-assurance-double-acting-dump-truck-hydraulic-hoist-cylinder-multistage-hydraulic-cylinder"},"modified":"2025-03-14T01:58:39","modified_gmt":"2025-03-14T01:58:39","slug":"quality-assurance-double-acting-dump-truck-hydraulic-hoist-cylinder-multistage-hydraulic-cylinder","status":"publish","type":"product","link":"https:\/\/fmp-components.com\/hu\/product\/quality-assurance-double-acting-dump-truck-hydraulic-hoist-cylinder-multistage-hydraulic-cylinder\/","title":{"rendered":"Min\u0151s\u00e9gbiztos\u00edt\u00e1s Kett\u0151s m\u0171k\u00f6d\u00e9s\u0171 d\u00f6mper hidraulikus emel\u0151henger T\u00f6bbfokozat\u00fa hidraulikus henger"},"content":{"rendered":"<h2>Min\u0151s\u00e9gbiztos\u00edt\u00e1s Kett\u0151s m\u0171k\u00f6d\u00e9s\u0171 d\u00f6mper hidraulikus emel\u0151henger T\u00f6bbfokozat\u00fa hidraulikus henger<\/h2>\n<p>Bemutatjuk a min\u0151s\u00e9gbiztos\u00edt\u00e1ssal ell\u00e1tott, kett\u0151s m\u0171k\u00f6d\u00e9s\u0171 d\u00f6mper hidraulikus emel\u0151henger t\u00f6bbfokozat\u00fa hidraulikus henger\u00e9t \u2013 az FMP \u00faj, min\u0151s\u00e9gbiztos\u00edtott term\u00e9k\u00e9t. Ez az innovat\u00edv berendez\u00e9s sz\u00e1mos ipar\u00e1g, p\u00e9ld\u00e1ul g\u00e9pjav\u00edt\u00f3 m\u0171helyek, mez\u0151gazdas\u00e1gi \u00fczemek, energia- \u00e9s b\u00e1ny\u00e1szat, g\u00e9pgy\u00e1rt\u00e1s \u00e9s g\u00e9pgy\u00e1rak kiszolg\u00e1l\u00e1s\u00e1ra k\u00e9sz\u00fclt. \u00dagy tervezt\u00e9k, hogy biztos\u00edtsa a neh\u00e9z feladatokhoz sz\u00fcks\u00e9ges teljes\u00edtm\u00e9nyt, hat\u00e9konys\u00e1got \u00e9s tart\u00f3ss\u00e1got.<\/p>\n<h3>Funkci\u00f3 \u00e9s jellemz\u0151k<\/h3>\n<p>Ez a t\u00f6bbfokozat\u00fa hidraulikus munkahenger egy szabv\u00e1nyos dugatty\u00fas munkahenger, amelyet maxim\u00e1lis tol\u00f3er\u0151 \u00e9s h\u00faz\u00f3er\u0151 lead\u00e1s\u00e1ra terveztek. 3000 tonn\u00e1s maxim\u00e1lis tol\u00f3er\u0151vel \u00e9s 20 tonn\u00e1s maxim\u00e1lis h\u00faz\u00f3er\u0151vel b\u00fcszk\u00e9lkedhet, \u00edgy alkalmass\u00e1 teszi nagy ig\u00e9nybev\u00e9tel\u0171 alkalmaz\u00e1sokhoz. A henger robusztus ac\u00e9lb\u00f3l k\u00e9sz\u00fclt, ami tart\u00f3ss\u00e1got \u00e9s hossz\u00fa \u00e9lettartamot biztos\u00edt.<\/p>\n<h3>M\u0171szaki param\u00e9terek<\/h3>\n<table style=\"width: 98.7515%;\" border=\"\">\n<tbody>\n<tr>\n<td style=\"width: 42.8571%;\"><i>Furatm\u00e9ret<\/i><\/td>\n<td style=\"width: 401.143%;\">2-6 h\u00fcvelyk<\/td>\n<\/tr>\n<tr>\n<td style=\"width: 42.8571%;\"><i>R\u00fad m\u00e9rete<\/i><\/td>\n<td style=\"width: 401.143%;\">1,125-4 h\u00fcvelyk<\/td>\n<\/tr>\n<tr>\n<td style=\"width: 42.8571%;\"><i>Ecsetvon\u00e1s m\u00e9rete<\/i><\/td>\n<td style=\"width: 401.143%;\">4-100 h\u00fcvelyk<\/td>\n<\/tr>\n<tr>\n<td style=\"width: 42.8571%;\"><i>Cs\u00edp\u0151m\u00e9ret<\/i><\/td>\n<td style=\"width: 401.143%;\">0,5-2 h\u00fcvelyk<\/td>\n<\/tr>\n<tr>\n<td style=\"width: 42.8571%;\"><i>kik\u00f6t\u0151k<\/i><\/td>\n<td style=\"width: 401.143%;\">G\/SAE\/NPT\/M<\/td>\n<\/tr>\n<\/tbody>\n<\/table>\n<h3>Egyedi tulajdons\u00e1gok \u00e9s el\u0151ny\u00f6k<\/h3>\n<ul>\n<li>Energiatakar\u00e9kos: Seg\u00edt cs\u00f6kkenteni az energiafogyaszt\u00e1st \u00e9s a k\u00f6lts\u00e9geket.<\/li>\n<li>Nagy hat\u00e9konys\u00e1g: \u00dagy tervezt\u00e9k, hogy optim\u00e1lis teljes\u00edtm\u00e9nyt ny\u00fajtson neh\u00e9z feladatokhoz.<\/li>\n<li>Biztons\u00e1gos: Biztons\u00e1gi funkci\u00f3kkal k\u00e9sz\u00fclt a felhaszn\u00e1l\u00f3 biztons\u00e1ga \u00e9rdek\u00e9ben.<\/li>\n<\/ul>\n<h2>Hidraulikus rendszerek \u00e9s m\u0171k\u00f6d\u00e9si elvek<\/h2>\n<p>A hidraulikus henger a hidraulikus rendszerek kritikus eleme, amely a hidraulikus energi\u00e1t mechanikai energi\u00e1v\u00e1 alak\u00edtja. A t\u00e1pegys\u00e9gekkel egy\u00fcttm\u0171k\u00f6dve biztos\u00edtja a hat\u00e9kony \u00e9s z\u00f6kken\u0151mentes m\u0171k\u00f6d\u00e9st k\u00fcl\u00f6nf\u00e9le ipari alkalmaz\u00e1sokban.<\/p>\n<p><img loading=\"lazy\" decoding=\"async\" class=\"alignnone  wp-image-6759\" src=\"https:\/\/fmp-components.com\/wp-content\/uploads\/2025\/03\/Telescopic-Hydraulic-Cylinders-116.webp\" alt=\"Teleszk\u00f3pos hidraulikus hengerek\" width=\"785\" height=\"785\" title=\"\" srcset=\"https:\/\/fmp-components.com\/wp-content\/uploads\/2025\/03\/Telescopic-Hydraulic-Cylinders-116.webp 785w, https:\/\/fmp-components.com\/wp-content\/uploads\/2025\/03\/Telescopic-Hydraulic-Cylinders-116-480x480.webp 480w\" sizes=\"(min-width: 0px) and (max-width: 480px) 480px, (min-width: 481px) 785px, 100vw\" \/><\/p>\n<h2>Alkalmaz\u00e1si forgat\u00f3k\u00f6nyvek<\/h2>\n<p>Ezt a hidraulikus hengert sz\u00e9les k\u00f6rben haszn\u00e1lj\u00e1k g\u00e9pjav\u00edt\u00f3 m\u0171helyekben, mez\u0151gazdas\u00e1gi \u00fczemekben, energia- \u00e9s b\u00e1ny\u00e1szati \u200b\u200bszektorokban, g\u00e9pgy\u00e1rt\u00e1sban \u00e9s g\u00e9pgy\u00e1rakban. Megb\u00edzhat\u00f3 teljes\u00edtm\u00e9nyt ny\u00fajt m\u00e9g a legnehezebb k\u00f6r\u00fclm\u00e9nyek k\u00f6z\u00f6tt is.<\/p>\n<h2>Hidraulikus hengerek \u00e9s t\u00e1pegys\u00e9gek<\/h2>\n<p>A hidraulikus hengerek \u00e9s a t\u00e1pegys\u00e9gek k\u00f6z\u00f6tti szinergia elengedhetetlen a hidraulikus technol\u00f3gia sz\u00e9les k\u00f6r\u0171 ipari alkalmaz\u00e1s\u00e1hoz. A hidraulikus henger a hidraulikus energi\u00e1t mechanikus mozg\u00e1ss\u00e1 alak\u00edtja, m\u00edg a t\u00e1pegys\u00e9g biztos\u00edtja a sz\u00fcks\u00e9ges energi\u00e1t \u00e9s vez\u00e9rl\u0151jeleket. \u00d6sszehangolt m\u0171k\u00f6d\u00e9s\u00fck biztos\u00edtja a hidraulikus rendszerek z\u00f6kken\u0151mentes m\u0171k\u00f6d\u00e9s\u00e9t. Az FMP-n\u00e9l t\u00e1pegys\u00e9geket is k\u00edn\u00e1lunk \u00e9rt\u00e9kes\u00edt\u00e9sre, \u00edgy biztos\u00edtva, hogy a hidraulikus rendszereihez komplett csomag \u00e1lljon rendelkez\u00e9s\u00e9re.<\/p>\n<h3>GYIK<\/h3>\n<p><b>K: Mennyi a sz\u00e1ll\u00edt\u00e1si id\u0151?<\/b><br \/>\nV: Az \u00e1ltal\u00e1nos sz\u00e1ll\u00edt\u00e1si id\u0151 25-35 nap.<\/p>\n<p><b>K: K\u00edn\u00e1lnak mint\u00e1kat?<\/b><br \/>\nV: Igen, k\u00edn\u00e1lunk mint\u00e1kat, de ezek nem ingyenesek.<\/p>\n<p><b>K: Tudsz mint\u00e1k szerint gy\u00e1rtani?<\/b><br \/>\nV: Igen, a mint\u00e1k vagy m\u0171szaki rajzok alapj\u00e1n tudunk legy\u00e1rtani. El tudjuk k\u00e9sz\u00edteni a form\u00e1kat \u00e9s a szerelv\u00e9nyeket.<\/p>\n<h3>Az FMP-r\u0151l<\/h3>\n<p class=\"break-words\">Az FMP egy vezet\u0151 olasz gy\u00e1rt\u00f3, amely kiv\u00e1l\u00f3 min\u0151s\u00e9g\u0171 hidraulikus hengerek tervez\u00e9s\u00e9re, fejleszt\u00e9s\u00e9re \u00e9s gy\u00e1rt\u00e1s\u00e1ra specializ\u00e1l\u00f3dott. \u00c9vtizedes szak\u00e9rtelemre \u00e9p\u00fcl\u0151 gazdag \u00f6r\u00f6ks\u00e9g\u00fcnkkel b\u00fcszk\u00e9n \u00f6tv\u00f6zz\u00fck az olasz k\u00e9zm\u0171vess\u00e9get a legmodernebb technol\u00f3gi\u00e1val, hogy kiv\u00e9teles hidraulikus megold\u00e1sokat k\u00edn\u00e1ljunk, amelyek a glob\u00e1lis \u00fcgyfeleink sokr\u00e9t\u0171 ig\u00e9nyeit el\u00e9g\u00edtik ki. Az olaszorsz\u00e1gi sz\u00e9khely\u0171, a m\u00e9rn\u00f6ki kiv\u00e1l\u00f3s\u00e1g k\u00f6zpontj\u00e1ban m\u0171k\u00f6d\u0151 FMP megb\u00edzhat\u00f3 n\u00e9v a hidraulikus iparban, elk\u00f6telezett amellett, hogy megb\u00edzhat\u00f3, tart\u00f3s \u00e9s innovat\u00edv term\u00e9keket k\u00edn\u00e1ljon, amelyek vil\u00e1gszerte lend\u00fcletet adnak a v\u00e1llalkoz\u00e1soknak.<\/p>\n<p class=\"break-words\">C\u00e9g\u00fcnk a fejlett gy\u00e1rt\u00e1si hagyom\u00e1nyok legjav\u00e1t \u00f6tv\u00f6zi az el\u0151remutat\u00f3 megk\u00f6zel\u00edt\u00e9ssel. A hidraulikus rendszerek ter\u00e9n szerzett sok\u00e9ves tapasztalat\u00e1ra \u00e9p\u00edtve az FMP egy modern v\u00e1llalkoz\u00e1ss\u00e1 fejl\u0151d\u00f6tt, amely kiemelked\u0151 a kutat\u00e1s, a tervez\u00e9s \u00e9s a gy\u00e1rt\u00e1s ter\u00e9n. Sz\u00e9les hidraulikus hengerv\u00e1laszt\u00e9kra specializ\u00e1l\u00f3dtunk, bele\u00e9rtve a kett\u0151s m\u0171k\u00f6d\u00e9s\u0171 hengereket, az aut\u00f3ipari emel\u0151hengereket, a mez\u0151gazdas\u00e1gi g\u00e9pek hengereit \u00e9s az egyedi tervez\u00e9s\u0171 megold\u00e1sokat k\u00fcl\u00f6nf\u00e9le ipari alkalmaz\u00e1sokhoz. Legyen sz\u00f3 \u00e9p\u00edt\u0151iparr\u00f3l, ipari telep\u00edt\u00e9sekr\u0151l, mez\u0151gazdas\u00e1gr\u00f3l vagy neh\u00e9zg\u00e9pekr\u0151l, hidraulikus hengereinket a legnehezebb k\u00f6r\u00fclm\u00e9nyek k\u00f6z\u00f6tt is k\u00e9pesek teljes\u00edteni, biztos\u00edtva a biztons\u00e1got, a hat\u00e9konys\u00e1got \u00e9s a hossz\u00fa \u00e9lettartamot.<\/p>\n<p><img loading=\"lazy\" decoding=\"async\" class=\"alignnone size-full wp-image-6720\" src=\"https:\/\/fmp-components.com\/wp-content\/uploads\/2025\/03\/hydraulic-cylinder-8.webp\" alt=\"Teleszk\u00f3pos hidraulikus hengerek\" width=\"933\" height=\"526\" title=\"\" srcset=\"https:\/\/fmp-components.com\/wp-content\/uploads\/2025\/03\/hydraulic-cylinder-8.webp 933w, https:\/\/fmp-components.com\/wp-content\/uploads\/2025\/03\/hydraulic-cylinder-8-480x271.webp 480w\" sizes=\"(min-width: 0px) and (max-width: 480px) 480px, (min-width: 481px) 933px, 100vw\" \/><\/p>\n<p class=\"break-words\">Az FMP-n\u00e9l b\u00fcszk\u00e9k vagyunk a legmodernebb gy\u00e1rt\u00f3\u00fczemeinkre, amelyek prec\u00edzi\u00f3s g\u00e9pekkel \u00e9s fejlett vizsg\u00e1l\u00f3rendszerekkel vannak felszerelve. Gy\u00e1rt\u00e1si folyamataink szigor\u00fa nemzeti \u00e9s nemzetk\u00f6zi szabv\u00e1nyoknak felelnek meg, biztos\u00edtva, hogy minden egyes hidraulikus henger, amely elhagyja gy\u00e1runkat, kiv\u00e1l\u00f3 min\u0151s\u00e9g\u0171 \u00e9s megb\u00edzhat\u00f3 legyen. K\u00e9pzett m\u0171szaki csapatunk a legmodernebb berendez\u00e9sekkel p\u00e1rosulva lehet\u0151v\u00e9 teszi sz\u00e1munkra, hogy szigor\u00fa min\u0151s\u00e9gellen\u0151rz\u00e9st tartsunk fenn a gy\u00e1rt\u00e1s minden szakasz\u00e1ban \u2013 az alapanyagok kiv\u00e1laszt\u00e1s\u00e1t\u00f3l a v\u00e9gs\u0151 ellen\u0151rz\u00e9sig. Ez a kiv\u00e1l\u00f3s\u00e1g ir\u00e1nti elk\u00f6telezetts\u00e9g tan\u00fas\u00edtv\u00e1nyokat \u00e9s elismer\u00e9st szerzett nek\u00fcnk az ipar\u00e1gi hat\u00f3s\u00e1gokt\u00f3l, tov\u00e1bb er\u0151s\u00edtve megb\u00edzhat\u00f3 partnerk\u00e9nt szerzett h\u00edrnev\u00fcnket.<\/p>\n<p class=\"break-words\">K\u00fcldet\u00e9s\u00fcnk egyszer\u0171, m\u00e9gis ambici\u00f3zus: olyan hidraulikus hengereket biztos\u00edtani \u00fcgyfeleinknek, amelyek teljes\u00edtm\u00e9ny, tart\u00f3ss\u00e1g \u00e9s \u00e9rt\u00e9k tekintet\u00e9ben fel\u00fclm\u00falj\u00e1k az elv\u00e1r\u00e1sokat. A professzionalizmus, a feddhetetlens\u00e9g \u00e9s az \u00fcgyf\u00e9lk\u00f6zpont\u00fas\u00e1g vez\u00e9relvei szerint m\u0171k\u00f6d\u00fcnk. Az innov\u00e1ci\u00f3 \u00e9s a precizit\u00e1s kult\u00far\u00e1j\u00e1nak \u00e1pol\u00e1s\u00e1val folyamatosan finom\u00edtjuk term\u00e9keinket, hogy meg\u0151rizz\u00fck el\u0151ny\u00fcnket a versenyk\u00e9pes piacon. \u00c1tfog\u00f3 term\u00e9kk\u00edn\u00e1latunk \u00e9s a szem\u00e9lyre szabott megold\u00e1sok k\u00edn\u00e1l\u00e1s\u00e1nak k\u00e9pess\u00e9ge tesz minket a nagy teljes\u00edtm\u00e9ny\u0171 hidraulikus hengereket keres\u0151 v\u00e1llalkoz\u00e1sok els\u0151 sz\u00e1m\u00fa v\u00e1laszt\u00e1s\u00e1v\u00e1.<\/p>\n<p class=\"break-words\">Az FMP t\u00f6bb mint egy gy\u00e1rt\u00f3 \u2013 partnerek vagyunk a siker\u00e9ben. Meg\u00e9rtj\u00fck, hogy \u00fcgyfeleink olyan szersz\u00e1mok sz\u00e1ll\u00edt\u00e1s\u00e1ban b\u00edznak benn\u00fcnk, amelyek n\u00f6velik termel\u00e9kenys\u00e9g\u00fcket \u00e9s biztons\u00e1gukat. Ez\u00e9rt elk\u00f6telezettek vagyunk nemcsak a legjobb min\u0151s\u00e9g\u0171 term\u00e9kek, hanem a kiv\u00e9teles szolg\u00e1ltat\u00e1s ny\u00fajt\u00e1sa ir\u00e1nt is. A kezdeti konzult\u00e1ci\u00f3t\u00f3l az \u00e9rt\u00e9kes\u00edt\u00e9s ut\u00e1ni t\u00e1mogat\u00e1sig szorosan egy\u00fcttm\u0171k\u00f6d\u00fcnk \u00fcgyfeleinkkel annak biztos\u00edt\u00e1sa \u00e9rdek\u00e9ben, hogy ig\u00e9nyeiket professzionalizmussal \u00e9s gondoss\u00e1ggal el\u00e9g\u00edts\u00fck ki. Versenyk\u00e9pes \u00e1raink, p\u00e1rosulva a min\u0151s\u00e9g ir\u00e1nti rend\u00edthetetlen elk\u00f6telezetts\u00e9g\u00fcnkkel, teszik az FMP-t okos v\u00e1laszt\u00e1ss\u00e1 azoknak a v\u00e1llalatoknak, amelyek megb\u00edzhat\u00f3 hidraulikus megold\u00e1sokba szeretn\u00e9nek befektetni.<\/p>","protected":false},"excerpt":{"rendered":"<p>Quality Assurance Double Acting Dump Truck Hydraulic Hoist Cylinder Multistage Hydraulic Cylinder Introducing the Quality Assurance Double Acting Dump Truck Hydraulic Hoist Cylinder Multistage Hydraulic Cylinder &#8211; a new, quality-assured product from FMP. This innovative equipment is designed to serve a wide array of industries such as machinery repair shops, farms, energy &amp; mining, machinery [&hellip;]<\/p>","protected":false},"featured_media":6803,"comment_status":"closed","ping_status":"closed","template":"","meta":{"_et_pb_use_builder":"","_et_pb_old_content":"","_et_gb_content_width":""},"product_brand":[],"product_cat":[103],"product_tag":[34,105],"class_list":{"0":"post-6624","1":"product","2":"type-product","3":"status-publish","4":"has-post-thumbnail","6":"product_cat-telescopic-hydraulic-cylinders","7":"product_tag-hydraulic-cylinder","8":"product_tag-telescopic-hydraulic-cylinders","10":"first","11":"instock","12":"product-type-simple"},"_links":{"self":[{"href":"https:\/\/fmp-components.com\/hu\/wp-json\/wp\/v2\/product\/6624","targetHints":{"allow":["GET"]}}],"collection":[{"href":"https:\/\/fmp-components.com\/hu\/wp-json\/wp\/v2\/product"}],"about":[{"href":"https:\/\/fmp-components.com\/hu\/wp-json\/wp\/v2\/types\/product"}],"replies":[{"embeddable":true,"href":"https:\/\/fmp-components.com\/hu\/wp-json\/wp\/v2\/comments?post=6624"}],"wp:featuredmedia":[{"embeddable":true,"href":"https:\/\/fmp-components.com\/hu\/wp-json\/wp\/v2\/media\/6803"}],"wp:attachment":[{"href":"https:\/\/fmp-components.com\/hu\/wp-json\/wp\/v2\/media?parent=6624"}],"wp:term":[{"taxonomy":"product_brand","embeddable":true,"href":"https:\/\/fmp-components.com\/hu\/wp-json\/wp\/v2\/product_brand?post=6624"},{"taxonomy":"product_cat","embeddable":true,"href":"https:\/\/fmp-components.com\/hu\/wp-json\/wp\/v2\/product_cat?post=6624"},{"taxonomy":"product_tag","embeddable":true,"href":"https:\/\/fmp-components.com\/hu\/wp-json\/wp\/v2\/product_tag?post=6624"}],"curies":[{"name":"munkaf\u00fczet","href":"https:\/\/api.w.org\/{rel}","templated":true}]}}