{"id":6621,"date":"2025-03-11T06:33:57","date_gmt":"2025-03-11T06:33:57","guid":{"rendered":"https:\/\/fmp-components.com\/product\/premium-quality-dump-truck-hydraulic-hoist-cylinder-double-acting-hydraulic-cylinder"},"modified":"2025-03-14T00:55:26","modified_gmt":"2025-03-14T00:55:26","slug":"premium-quality-dump-truck-hydraulic-hoist-cylinder-double-acting-hydraulic-cylinder","status":"publish","type":"product","link":"https:\/\/fmp-components.com\/hu\/product\/premium-quality-dump-truck-hydraulic-hoist-cylinder-double-acting-hydraulic-cylinder\/","title":{"rendered":"Pr\u00e9mium min\u0151s\u00e9g\u0171 d\u00f6mper hidraulikus emel\u0151henger kett\u0151s m\u0171k\u00f6d\u00e9s\u0171 hidraulikus henger"},"content":{"rendered":"<h2>Pr\u00e9mium min\u0151s\u00e9g\u0171 d\u00f6mper hidraulikus emel\u0151henger<\/h2>\n<p>Pr\u00e9mium min\u0151s\u00e9g\u0171 d\u00f6mper hidraulikus emel\u0151henger\u00fcnk egy kett\u0151s m\u0171k\u00f6d\u00e9s\u0171 hidraulikus henger, amely minden alkalmazhat\u00f3 ipar\u00e1gban kiv\u00e1l\u00f3 teljes\u00edtm\u00e9nyt ny\u00fajt. Ak\u00e1r g\u00e9pjav\u00edt\u00e1ssal, mez\u0151gazdas\u00e1ggal, energetik\u00e1val \u00e9s b\u00e1ny\u00e1szattal, g\u00e9pgy\u00e1rt\u00e1ssal foglalkozik, vagy g\u00e9pgy\u00e1rat \u00fczemeltet, ez a hidraulikus henger kiv\u00e9telesen az \u00d6n ig\u00e9nyeit szolg\u00e1lja.<\/p>\n<h3>Term\u00e9kspecifik\u00e1ci\u00f3k<\/h3>\n<p>Hidraulikus munkahenger\u00fcnk \u00faj \u00e1llapotban van, egy \u00e9v garanci\u00e1val. Standard, t\u00f6bbfokozat\u00fa, dugatty\u00fas szerkezet\u0171 hidraulikus munkahenger. A h\u00e1z ac\u00e9lb\u00f3l k\u00e9sz\u00fclt, maxim\u00e1lis tol\u00f3ereje 3000. Hidraulikus munkahenger\u00fcnk maxim\u00e1lis h\u00faz\u00f3ereje 20 tonna, \u00e9s ISO9001:2000 tan\u00fas\u00edtv\u00e1nnyal rendelkezik.<\/p>\n<table style=\"width: 95.0781%;\" border=\"\">\n<tbody>\n<tr>\n<th style=\"width: 42.8571%;\">Furatm\u00e9ret<\/th>\n<th style=\"width: 396%;\">2-6 h\u00fcvelyk<\/th>\n<\/tr>\n<tr>\n<th style=\"width: 42.8571%;\">R\u00fad m\u00e9rete<\/th>\n<th style=\"width: 396%;\">1,125-4 h\u00fcvelyk<\/th>\n<\/tr>\n<tr>\n<th style=\"width: 42.8571%;\">Ecsetvon\u00e1s m\u00e9rete<\/th>\n<th style=\"width: 396%;\">4-100 h\u00fcvelyk<\/th>\n<\/tr>\n<tr>\n<th style=\"width: 42.8571%;\">Cs\u00edp\u0151m\u00e9ret<\/th>\n<th style=\"width: 396%;\">0,5-2 h\u00fcvelyk<\/th>\n<\/tr>\n<tr>\n<th style=\"width: 42.8571%;\">kik\u00f6t\u0151k<\/th>\n<th style=\"width: 396%;\">G\/SAE\/NPT\/M<\/th>\n<\/tr>\n<\/tbody>\n<\/table>\n<h2>Term\u00e9kjellemz\u0151k \u00e9s el\u0151ny\u00f6k<\/h2>\n<ul>\n<li>Energiahat\u00e9kony<\/li>\n<li>Rendk\u00edv\u00fcl hat\u00e9kony<\/li>\n<li>Biztons\u00e1g garant\u00e1lt<\/li>\n<\/ul>\n<h2>A hidraulikus rendszer m\u0171k\u00f6d\u00e9si elve<\/h2>\n<p>Hidraulikus henger\u00fcnk a hidraulikus er\u0151 elv\u00e9n m\u0171k\u00f6dik, amely a hidraulikus folyad\u00e9k \u00f6sszenyomhatatlans\u00e1g\u00e1t haszn\u00e1lja ki az er\u0151 \u00e1tvitel\u00e9re \u00e9s mechanikai feladatok elv\u00e9gz\u00e9s\u00e9re. Amikor nyom\u00e1s alatt hidraulikus folyad\u00e9kot vezet\u00fcnk a hengerbe, az er\u0151t fejt ki a benne l\u00e9v\u0151 dugatty\u00fara. Ez az er\u0151 a dugatty\u00fa mozg\u00e1s\u00e1t id\u00e9zi el\u0151, ami viszont a r\u00f6gz\u00edtett rudat kiny\u00fal\u00e1sra vagy visszah\u00faz\u00e1sra k\u00e9szteti. A m\u0171k\u00f6d\u00e9s m\u00f6g\u00f6tti alapelv Pascal t\u00f6rv\u00e9nye, amely kimondja, hogy a z\u00e1rt folyad\u00e9kra hat\u00f3 nyom\u00e1sv\u00e1ltoz\u00e1s minden ir\u00e1nyban egyenl\u0151en terjed. Ez lehet\u0151v\u00e9 teszi, hogy egy viszonylag kis bemeneti er\u0151 sokkal nagyobb kimeneti er\u0151t gener\u00e1ljon, \u00edgy a hidraulikus rendszerek hihetetlen\u00fcl hat\u00e9konny\u00e1 v\u00e1lnak a neh\u00e9z terhek emel\u00e9s\u00e9ben \u00e9s mozgat\u00e1s\u00e1ban.<\/p>\n<p>A hidraulikus henger kialak\u00edt\u00e1sa k\u00fcl\u00f6nf\u00e9le alkatr\u00e9szeket tartalmaz, p\u00e9ld\u00e1ul t\u00f6m\u00edt\u00e9seket \u00e9s szelepeket, amelyek seg\u00edtenek szab\u00e1lyozni a folyad\u00e9k \u00e1raml\u00e1s\u00e1t \u00e9s biztos\u00edtj\u00e1k a z\u00f6kken\u0151mentes m\u0171k\u00f6d\u00e9st. A hidraulikus folyad\u00e9k nyom\u00e1s\u00e1nak \u00e9s \u00e1raml\u00e1si sebess\u00e9g\u00e9nek szab\u00e1lyoz\u00e1s\u00e1val a kezel\u0151k prec\u00edz mozg\u00e1sokat \u00e9s a berendez\u00e9s feletti ir\u00e1ny\u00edt\u00e1st \u00e9rhetnek el, \u00edgy a hidraulikus rendszerek ide\u00e1lisak azokhoz a feladatokhoz, amelyek mind az er\u0151t, mind a pontoss\u00e1got ig\u00e9nylik.<\/p>\n<p><img loading=\"lazy\" decoding=\"async\" class=\"alignnone  wp-image-6663\" src=\"https:\/\/fmp-components.com\/wp-content\/uploads\/2025\/03\/telescopic-hydraulic-cylinder-11.webp\" alt=\"teleszk\u00f3pos hidraulikus henger\" width=\"784\" height=\"784\" title=\"\" srcset=\"https:\/\/fmp-components.com\/wp-content\/uploads\/2025\/03\/telescopic-hydraulic-cylinder-11.webp 784w, https:\/\/fmp-components.com\/wp-content\/uploads\/2025\/03\/telescopic-hydraulic-cylinder-11-480x480.webp 480w\" sizes=\"(min-width: 0px) and (max-width: 480px) 480px, (min-width: 481px) 784px, 100vw\" \/><\/p>\n<h3>Hidraulikus henger alkalmaz\u00e1sa<\/h3>\n<p>Hidraulikus emel\u0151henger\u00fcnk sokoldal\u00fas\u00e1ga n\u00e9lk\u00fcl\u00f6zhetetlen elemm\u00e9 teszi sz\u00e1mos alkalmaz\u00e1sban, k\u00fcl\u00f6n\u00f6sen az \u00e9p\u00edt\u0151iparban \u00e9s a sz\u00e1ll\u00edtm\u00e1nyoz\u00e1si szektorban. Az ilyen t\u00edpus\u00fa hidraulikus hengereket gyakran haszn\u00e1lj\u00e1k d\u00f6mperekben, ahol kritikus szerepet j\u00e1tszik a teheraut\u00f3 plat\u00f3j\u00e1nak emel\u00e9s\u00e9ben, hogy megk\u00f6nny\u00edtse az olyan anyagok kirakod\u00e1s\u00e1t, mint a kavics, homok vagy t\u00f6rmel\u00e9k. A teheraut\u00f3 plat\u00f3j\u00e1nak hat\u00e9kony emel\u00e9se \u00e9s s\u00fcllyeszt\u00e9se n\u00f6veli a termel\u00e9kenys\u00e9get \u00e9s a biztons\u00e1got az \u00e9p\u00edtkez\u00e9seken.<\/p>\n<p>A d\u00f6mperek mellett a hidraulikus emel\u0151hengereket sz\u00e9les k\u00f6rben alkalmazz\u00e1k kotr\u00f3g\u00e9pekben \u00e9s rakod\u00f3g\u00e9pekben is. A kotr\u00f3g\u00e9pekben ezek a hengerek felel\u0151sek a g\u00e9m \u00e9s a kar mozg\u00e1s\u00e1nak vez\u00e9rl\u00e9s\u00e9\u00e9rt, lehet\u0151v\u00e9 t\u00e9ve a prec\u00edz \u00e1s\u00e1st, emel\u00e9st \u00e9s az anyagok elhelyez\u00e9s\u00e9t. Hasonl\u00f3k\u00e9ppen, a rakod\u00f3g\u00e9pekben a hidraulikus hengerek lehet\u0151v\u00e9 teszik a kan\u00e1l emel\u00e9s\u00e9t \u00e9s billent\u00e9s\u00e9t, megk\u00f6nny\u00edtve az anyagok sz\u00e1ll\u00edt\u00e1s\u00e1t \u00e9s rakod\u00e1s\u00e1t.<\/p>\n<p>A hidraulikus hengerek alkalmaz\u00e1sa t\u00falmutat az \u00e9p\u00edt\u0151ipari g\u00e9peken; megtal\u00e1lhat\u00f3k k\u00fcl\u00f6nf\u00e9le ipari berendez\u00e9sekben, p\u00e9ld\u00e1ul targonc\u00e1kban \u00e9s anyagmozgat\u00f3 rendszerekben is, ahol biztos\u00edtj\u00e1k a sz\u00fcks\u00e9ges er\u0151t a neh\u00e9z terhek emel\u00e9s\u00e9hez \u00e9s a m\u0171k\u00f6d\u00e9si hat\u00e9konys\u00e1g jav\u00edt\u00e1s\u00e1hoz. Robusztus kialak\u00edt\u00e1suk \u00e9s nagy teljes\u00edtm\u00e9ny\u00fck n\u00e9lk\u00fcl\u00f6zhetetlenn\u00e9 teszi \u0151ket a neh\u00e9z teher emel\u00e9s\u00e9t \u00e9s mozgat\u00e1s\u00e1t ig\u00e9nyl\u0151 feladatokhoz, biztos\u00edtva a g\u00e9pek z\u00f6kken\u0151mentes \u00e9s hat\u00e9kony m\u0171k\u00f6d\u00e9s\u00e9t ig\u00e9nyl\u0151 k\u00f6rnyezetben.<\/p>\n<p>\u00d6sszess\u00e9g\u00e9ben a hidraulikus emel\u0151henger a modern g\u00e9pek hidraulikus rendszereinek hat\u00e9konys\u00e1g\u00e1t p\u00e9ld\u00e1zza, demonstr\u00e1lva azok k\u00e9pess\u00e9g\u00e9t \u00f6sszetett feladatok megb\u00edzhat\u00f3 \u00e9s prec\u00edz elv\u00e9gz\u00e9s\u00e9re t\u00f6bb ipar\u00e1gban is.<\/p>\n<p><img alt=\"\" \/><\/p>\n<h2>GYIK<\/h2>\n<p><span>K: Kereskedelmi v\u00e1llalat vagy gy\u00e1rt\u00f3?<\/span><br \/>\n<span>V: Mi egy gy\u00e1r vagyunk.<\/span><br \/>\n<span>K: Mennyi a sz\u00e1ll\u00edt\u00e1si id\u0151?<\/span><br \/>\n<span>V: \u00c1ltal\u00e1ban 25-35 nap.<\/span><br \/>\n<span>K: Biztos\u00edtanak mint\u00e1kat? Ingyenesek vagy k\u00fcl\u00f6n kaphat\u00f3k?<\/span><br \/>\n<span>V: Igen, felaj\u00e1nlhatn\u00e1nk a mint\u00e1t, de ez nem ingyenes.<\/span><\/p>\n<h3>Az FMP-r\u0151l<\/h3>\n<p class=\"break-words\">Az FMP egy vezet\u0151 olasz gy\u00e1rt\u00f3, amely kiv\u00e1l\u00f3 min\u0151s\u00e9g\u0171 hidraulikus hengerek tervez\u00e9s\u00e9re, fejleszt\u00e9s\u00e9re \u00e9s gy\u00e1rt\u00e1s\u00e1ra specializ\u00e1l\u00f3dott. \u00c9vtizedes szak\u00e9rtelemre \u00e9p\u00fcl\u0151 gazdag \u00f6r\u00f6ks\u00e9g\u00fcnkkel b\u00fcszk\u00e9n \u00f6tv\u00f6zz\u00fck az olasz k\u00e9zm\u0171vess\u00e9get a legmodernebb technol\u00f3gi\u00e1val, hogy kiv\u00e9teles hidraulikus megold\u00e1sokat k\u00edn\u00e1ljunk, amelyek a glob\u00e1lis \u00fcgyfeleink sokr\u00e9t\u0171 ig\u00e9nyeit el\u00e9g\u00edtik ki. Az olaszorsz\u00e1gi sz\u00e9khely\u0171, a m\u00e9rn\u00f6ki kiv\u00e1l\u00f3s\u00e1g k\u00f6zpontj\u00e1ban m\u0171k\u00f6d\u0151 FMP megb\u00edzhat\u00f3 n\u00e9v a hidraulikus iparban, elk\u00f6telezett amellett, hogy megb\u00edzhat\u00f3, tart\u00f3s \u00e9s innovat\u00edv term\u00e9keket k\u00edn\u00e1ljon, amelyek vil\u00e1gszerte lend\u00fcletet adnak a v\u00e1llalkoz\u00e1soknak.<\/p>\n<p class=\"break-words\">C\u00e9g\u00fcnk a fejlett gy\u00e1rt\u00e1si hagyom\u00e1nyok legjav\u00e1t \u00f6tv\u00f6zi az el\u0151remutat\u00f3 megk\u00f6zel\u00edt\u00e9ssel. A hidraulikus rendszerek ter\u00e9n szerzett sok\u00e9ves tapasztalat\u00e1ra \u00e9p\u00edtve az FMP egy modern v\u00e1llalkoz\u00e1ss\u00e1 fejl\u0151d\u00f6tt, amely kiemelked\u0151 a kutat\u00e1s, a tervez\u00e9s \u00e9s a gy\u00e1rt\u00e1s ter\u00e9n. Sz\u00e9les hidraulikus hengerv\u00e1laszt\u00e9kra specializ\u00e1l\u00f3dtunk, bele\u00e9rtve a kett\u0151s m\u0171k\u00f6d\u00e9s\u0171 hengereket, az aut\u00f3ipari emel\u0151hengereket, a mez\u0151gazdas\u00e1gi g\u00e9pek hengereit \u00e9s az egyedi tervez\u00e9s\u0171 megold\u00e1sokat k\u00fcl\u00f6nf\u00e9le ipari alkalmaz\u00e1sokhoz. Legyen sz\u00f3 \u00e9p\u00edt\u0151iparr\u00f3l, ipari telep\u00edt\u00e9sekr\u0151l, mez\u0151gazdas\u00e1gr\u00f3l vagy neh\u00e9zg\u00e9pekr\u0151l, hidraulikus hengereinket a legnehezebb k\u00f6r\u00fclm\u00e9nyek k\u00f6z\u00f6tt is k\u00e9pesek teljes\u00edteni, biztos\u00edtva a biztons\u00e1got, a hat\u00e9konys\u00e1got \u00e9s a hossz\u00fa \u00e9lettartamot.<\/p>\n<p><img loading=\"lazy\" decoding=\"async\" class=\"alignnone size-full wp-image-6720\" src=\"https:\/\/fmp-components.com\/wp-content\/uploads\/2025\/03\/hydraulic-cylinder-8.webp\" alt=\"Teleszk\u00f3pos hidraulikus hengerek\" width=\"933\" height=\"526\" title=\"\" srcset=\"https:\/\/fmp-components.com\/wp-content\/uploads\/2025\/03\/hydraulic-cylinder-8.webp 933w, https:\/\/fmp-components.com\/wp-content\/uploads\/2025\/03\/hydraulic-cylinder-8-480x271.webp 480w\" sizes=\"(min-width: 0px) and (max-width: 480px) 480px, (min-width: 481px) 933px, 100vw\" \/><\/p>\n<p class=\"break-words\">Az FMP-n\u00e9l b\u00fcszk\u00e9k vagyunk a legmodernebb gy\u00e1rt\u00f3\u00fczemeinkre, amelyek prec\u00edzi\u00f3s g\u00e9pekkel \u00e9s fejlett vizsg\u00e1l\u00f3rendszerekkel vannak felszerelve. Gy\u00e1rt\u00e1si folyamataink szigor\u00fa nemzeti \u00e9s nemzetk\u00f6zi szabv\u00e1nyoknak felelnek meg, biztos\u00edtva, hogy minden egyes hidraulikus henger, amely elhagyja gy\u00e1runkat, kiv\u00e1l\u00f3 min\u0151s\u00e9g\u0171 \u00e9s megb\u00edzhat\u00f3 legyen. K\u00e9pzett m\u0171szaki csapatunk a legmodernebb berendez\u00e9sekkel p\u00e1rosulva lehet\u0151v\u00e9 teszi sz\u00e1munkra, hogy szigor\u00fa min\u0151s\u00e9gellen\u0151rz\u00e9st tartsunk fenn a gy\u00e1rt\u00e1s minden szakasz\u00e1ban \u2013 az alapanyagok kiv\u00e1laszt\u00e1s\u00e1t\u00f3l a v\u00e9gs\u0151 ellen\u0151rz\u00e9sig. Ez a kiv\u00e1l\u00f3s\u00e1g ir\u00e1nti elk\u00f6telezetts\u00e9g tan\u00fas\u00edtv\u00e1nyokat \u00e9s elismer\u00e9st szerzett nek\u00fcnk az ipar\u00e1gi hat\u00f3s\u00e1gokt\u00f3l, tov\u00e1bb er\u0151s\u00edtve megb\u00edzhat\u00f3 partnerk\u00e9nt szerzett h\u00edrnev\u00fcnket.<\/p>\n<p class=\"break-words\">K\u00fcldet\u00e9s\u00fcnk egyszer\u0171, m\u00e9gis ambici\u00f3zus: olyan hidraulikus hengereket biztos\u00edtani \u00fcgyfeleinknek, amelyek teljes\u00edtm\u00e9ny, tart\u00f3ss\u00e1g \u00e9s \u00e9rt\u00e9k tekintet\u00e9ben fel\u00fclm\u00falj\u00e1k az elv\u00e1r\u00e1sokat. A professzionalizmus, a feddhetetlens\u00e9g \u00e9s az \u00fcgyf\u00e9lk\u00f6zpont\u00fas\u00e1g vez\u00e9relvei szerint m\u0171k\u00f6d\u00fcnk. Az innov\u00e1ci\u00f3 \u00e9s a precizit\u00e1s kult\u00far\u00e1j\u00e1nak \u00e1pol\u00e1s\u00e1val folyamatosan finom\u00edtjuk term\u00e9keinket, hogy meg\u0151rizz\u00fck el\u0151ny\u00fcnket a versenyk\u00e9pes piacon. \u00c1tfog\u00f3 term\u00e9kk\u00edn\u00e1latunk \u00e9s a szem\u00e9lyre szabott megold\u00e1sok k\u00edn\u00e1l\u00e1s\u00e1nak k\u00e9pess\u00e9ge tesz minket a nagy teljes\u00edtm\u00e9ny\u0171 hidraulikus hengereket keres\u0151 v\u00e1llalkoz\u00e1sok els\u0151 sz\u00e1m\u00fa v\u00e1laszt\u00e1s\u00e1v\u00e1.<\/p>\n<p class=\"break-words\">Az FMP t\u00f6bb mint egy gy\u00e1rt\u00f3 \u2013 partnerek vagyunk a siker\u00e9ben. Meg\u00e9rtj\u00fck, hogy \u00fcgyfeleink olyan szersz\u00e1mok sz\u00e1ll\u00edt\u00e1s\u00e1ban b\u00edznak benn\u00fcnk, amelyek n\u00f6velik termel\u00e9kenys\u00e9g\u00fcket \u00e9s biztons\u00e1gukat. Ez\u00e9rt elk\u00f6telezettek vagyunk nemcsak a legjobb min\u0151s\u00e9g\u0171 term\u00e9kek, hanem a kiv\u00e9teles szolg\u00e1ltat\u00e1s ny\u00fajt\u00e1sa ir\u00e1nt is. A kezdeti konzult\u00e1ci\u00f3t\u00f3l az \u00e9rt\u00e9kes\u00edt\u00e9s ut\u00e1ni t\u00e1mogat\u00e1sig szorosan egy\u00fcttm\u0171k\u00f6d\u00fcnk \u00fcgyfeleinkkel annak biztos\u00edt\u00e1sa \u00e9rdek\u00e9ben, hogy ig\u00e9nyeiket professzionalizmussal \u00e9s gondoss\u00e1ggal el\u00e9g\u00edts\u00fck ki. Versenyk\u00e9pes \u00e1raink, p\u00e1rosulva a min\u0151s\u00e9g ir\u00e1nti rend\u00edthetetlen elk\u00f6telezetts\u00e9g\u00fcnkkel, teszik az FMP-t okos v\u00e1laszt\u00e1ss\u00e1 azoknak a v\u00e1llalatoknak, amelyek megb\u00edzhat\u00f3 hidraulikus megold\u00e1sokba szeretn\u00e9nek befektetni.<\/p>","protected":false},"excerpt":{"rendered":"<p>Premium Quality Dump Truck Hydraulic Hoist Cylinder Our Premium Quality Dump Truck Hydraulic Hoist Cylinder is a double acting hydraulic cylinder that delivers top-notch performance in all applicable industries. Whether you are into machinery repair, farming, energy and mining, machinery manufacturing, or you own a machinery factory, this hydraulic cylinder is crafted to serve your [&hellip;]<\/p>","protected":false},"featured_media":6789,"comment_status":"closed","ping_status":"closed","template":"","meta":{"_et_pb_use_builder":"","_et_pb_old_content":"","_et_gb_content_width":""},"product_brand":[],"product_cat":[103],"product_tag":[34,105],"class_list":{"0":"post-6621","1":"product","2":"type-product","3":"status-publish","4":"has-post-thumbnail","6":"product_cat-telescopic-hydraulic-cylinders","7":"product_tag-hydraulic-cylinder","8":"product_tag-telescopic-hydraulic-cylinders","10":"first","11":"instock","12":"product-type-simple"},"_links":{"self":[{"href":"https:\/\/fmp-components.com\/hu\/wp-json\/wp\/v2\/product\/6621","targetHints":{"allow":["GET"]}}],"collection":[{"href":"https:\/\/fmp-components.com\/hu\/wp-json\/wp\/v2\/product"}],"about":[{"href":"https:\/\/fmp-components.com\/hu\/wp-json\/wp\/v2\/types\/product"}],"replies":[{"embeddable":true,"href":"https:\/\/fmp-components.com\/hu\/wp-json\/wp\/v2\/comments?post=6621"}],"wp:featuredmedia":[{"embeddable":true,"href":"https:\/\/fmp-components.com\/hu\/wp-json\/wp\/v2\/media\/6789"}],"wp:attachment":[{"href":"https:\/\/fmp-components.com\/hu\/wp-json\/wp\/v2\/media?parent=6621"}],"wp:term":[{"taxonomy":"product_brand","embeddable":true,"href":"https:\/\/fmp-components.com\/hu\/wp-json\/wp\/v2\/product_brand?post=6621"},{"taxonomy":"product_cat","embeddable":true,"href":"https:\/\/fmp-components.com\/hu\/wp-json\/wp\/v2\/product_cat?post=6621"},{"taxonomy":"product_tag","embeddable":true,"href":"https:\/\/fmp-components.com\/hu\/wp-json\/wp\/v2\/product_tag?post=6621"}],"curies":[{"name":"munkaf\u00fczet","href":"https:\/\/api.w.org\/{rel}","templated":true}]}}