{"id":6614,"date":"2025-03-11T06:33:57","date_gmt":"2025-03-11T06:33:57","guid":{"rendered":"https:\/\/fmp-components.com\/product\/quality-assurance-hydraulic-cylinder-double-acting-5-stage-hydraulic-telescopic-cylinder"},"modified":"2025-03-14T00:49:46","modified_gmt":"2025-03-14T00:49:46","slug":"quality-assurance-hydraulic-cylinder-double-acting-5-stage-hydraulic-telescopic-cylinder","status":"publish","type":"product","link":"https:\/\/fmp-components.com\/hu\/product\/quality-assurance-hydraulic-cylinder-double-acting-5-stage-hydraulic-telescopic-cylinder\/","title":{"rendered":"Min\u0151s\u00e9gbiztos\u00edt\u00e1si hidraulikus henger, kett\u0151s m\u0171k\u00f6d\u00e9s\u0171, 5 fokozat\u00fa hidraulikus teleszk\u00f3pos henger"},"content":{"rendered":"<h2>Min\u0151s\u00e9gbiztos\u00edt\u00e1si hidraulikus henger, kett\u0151s m\u0171k\u00f6d\u00e9s\u0171, 5 fokozat\u00fa hidraulikus teleszk\u00f3pos henger<\/h2>\n<p>Bemutatjuk min\u0151s\u00e9gbiztos\u00edt\u00e1ssal ell\u00e1tott, kett\u0151s m\u0171k\u00f6d\u00e9s\u0171, 5 fokozat\u00fa hidraulikus teleszk\u00f3pos henger\u00fcnket, amely egy \u00e9lvonalbeli term\u00e9k, amelyet k\u00fcl\u00f6nf\u00e9le alkalmaz\u00e1sokhoz terveztek olyan ipar\u00e1gakban, mint a g\u00e9pjav\u00edt\u00f3 m\u0171helyek, mez\u0151gazdas\u00e1g, energia \u00e9s b\u00e1ny\u00e1szat, g\u00e9pgy\u00e1rt\u00e1s \u00e9s g\u00e9pgy\u00e1rak. Ez a hidraulikus henger a legmagasabb min\u0151s\u00e9gi szabv\u00e1nyok szem el\u0151tt tart\u00e1s\u00e1val k\u00e9sz\u00fclt, biztos\u00edtva a robusztus \u00e9s megb\u00edzhat\u00f3 m\u0171k\u00f6d\u00e9st.<\/p>\n<h3>Term\u00e9kjellemz\u0151k \u00e9s el\u0151ny\u00f6k<\/h3>\n<ul>\n<li>Kett\u0151s m\u0171k\u00f6d\u00e9s\u0171 \u2013 biztos\u00edtja a r\u00fad kiny\u00fajt\u00e1s\u00e1nak \u00e9s visszah\u00faz\u00e1s\u00e1nak szab\u00e1lyoz\u00e1s\u00e1t, ami fokozott biztons\u00e1got \u00e9s pontoss\u00e1got biztos\u00edt a m\u0171k\u00f6d\u00e9s sor\u00e1n.<\/li>\n<li>5 fokozat\u00fa teleszk\u00f3pos kialak\u00edt\u00e1s \u2013 hosszabb l\u00f6ketet k\u00edn\u00e1l, mint egy azonos z\u00e1rt hossz\u00fas\u00e1g\u00fa, egyfokozat\u00fa henger.<\/li>\n<li>Ac\u00e9l test anyaga \u2013 tart\u00f3ss\u00e1got \u00e9s hossz\u00fa t\u00e1v\u00fa teljes\u00edtm\u00e9nyt biztos\u00edt m\u00e9g neh\u00e9z munkak\u00f6r\u00fclm\u00e9nyek k\u00f6z\u00f6tt is.<\/li>\n<li>Nagy teljes\u00edtm\u00e9ny \u2013 3000 tonn\u00e1s maxim\u00e1lis tol\u00f3er\u0151vel \u00e9s 20 tonn\u00e1s maxim\u00e1lis h\u00faz\u00f3er\u0151vel ez a hidraulikus henger neh\u00e9z alkalmaz\u00e1sokhoz is alkalmas.<\/li>\n<li>Min\u0151s\u00e9gbiztos\u00edt\u00e1s \u2013 hidraulikus henger\u00fcnkre 1 \u00e9v garanci\u00e1t v\u00e1llalunk a f\u0151 alkatr\u00e9szekre, a mell\u00e9kelt tesztjelent\u00e9seket \u00e9s az ISO9001:2000 tan\u00fas\u00edtv\u00e1nnyal rendelkez\u00fcnk.<\/li>\n<\/ul>\n<h3>M\u0171szaki adatok<\/h3>\n<table style=\"width: 101.022%;\" border=\"\">\n<tbody>\n<tr>\n<td style=\"width: 42.8571%;\"><i>Furatm\u00e9ret<\/i><\/td>\n<td style=\"width: 411.429%;\">2-6 h\u00fcvelyk<\/td>\n<\/tr>\n<tr>\n<td style=\"width: 42.8571%;\"><i>R\u00fad m\u00e9rete<\/i><\/td>\n<td style=\"width: 411.429%;\">1,125-4 h\u00fcvelyk<\/td>\n<\/tr>\n<tr>\n<td style=\"width: 42.8571%;\"><i>Ecsetvon\u00e1s m\u00e9rete<\/i><\/td>\n<td style=\"width: 411.429%;\">4-100 h\u00fcvelyk<\/td>\n<\/tr>\n<tr>\n<td style=\"width: 42.8571%;\"><i>Cs\u00edp\u0151m\u00e9ret<\/i><\/td>\n<td style=\"width: 411.429%;\">0,5-2 h\u00fcvelyk<\/td>\n<\/tr>\n<tr>\n<td style=\"width: 42.8571%;\"><i>kik\u00f6t\u0151k<\/i><\/td>\n<td style=\"width: 411.429%;\">G\/SAE\/NPT\/M<\/td>\n<\/tr>\n<\/tbody>\n<\/table>\n<h2>Hidraulikus hengerek alkalmaz\u00e1sa<\/h2>\n<p>Hidraulikus hengereinket sz\u00e9les k\u00f6rben alkalmazz\u00e1k k\u00fcl\u00f6nf\u00e9le alkalmaz\u00e1sokban, sokoldal\u00fas\u00e1gukat \u00e9s hat\u00e9konys\u00e1gukat bizony\u00edtva a k\u00fcl\u00f6nb\u00f6z\u0151 \u00e1gazatokban. A g\u00e9pjav\u00edt\u00f3 m\u0171helyekt\u0151l a mez\u0151gazdas\u00e1gi ter\u00fcleteken \u00e1t az energiatermel\u00e9sig, a b\u00e1ny\u00e1szati \u200b\u200bm\u0171veletekig, a g\u00e9pgy\u00e1rt\u00e1sig \u00e9s az ipari \u00fczemekig ezek a hengerek kulcsszerepet j\u00e1tszanak a jelent\u0151s er\u0151t \u00e9s pontoss\u00e1got ig\u00e9nyl\u0151 feladatok megk\u00f6nny\u00edt\u00e9s\u00e9ben.<\/p>\n<p>Hidraulikus hengereink egyik legfontosabb jellemz\u0151je a t\u00f6bbfokozat\u00fa kialak\u00edt\u00e1s, amely lehet\u0151v\u00e9 teszi sz\u00e1mukra a nagy teljes\u00edtm\u00e9ny el\u0151\u00e1ll\u00edt\u00e1s\u00e1t kompakt m\u00e9ret\u00fck meg\u0151rz\u00e9se mellett. Ez ide\u00e1liss\u00e1 teszi \u0151ket olyan alkalmaz\u00e1sokhoz, amelyek jelent\u0151s er\u0151t ig\u00e9nyelnek nagy t\u00e1vols\u00e1gokon. P\u00e9ld\u00e1ul g\u00e9pjav\u00edt\u00f3 m\u0171helyekben hidraulikus hengereket haszn\u00e1lnak neh\u00e9z berendez\u00e9sek emel\u00e9s\u00e9re karbantart\u00e1s \u00e9s jav\u00edt\u00e1s c\u00e9lj\u00e1b\u00f3l, biztos\u00edtva a biztons\u00e1got \u00e9s a hat\u00e9konys\u00e1got a folyamat sor\u00e1n.<\/p>\n<p>A mez\u0151gazdas\u00e1gban ezek a munkahengerek seg\u00edtik a mez\u0151gazdas\u00e1gi g\u00e9pek, p\u00e9ld\u00e1ul a traktorok \u00e9s a betakar\u00edt\u00f3g\u00e9pek kezel\u00e9s\u00e9t, lehet\u0151v\u00e9 t\u00e9ve a gazd\u00e1lkod\u00f3k sz\u00e1m\u00e1ra, hogy olyan feladatokat v\u00e9gezzenek, mint az ek\u00e9k emel\u00e9se vagy a berendez\u00e9sek be\u00e1ll\u00edt\u00e1sa. A mez\u0151gazdas\u00e1gi \u00e1gazat nagyban profit\u00e1l a hidraulikus munkahengerek nagy emel\u0151k\u00e9pess\u00e9g\u00e9b\u0151l, ami n\u00f6veli a termel\u00e9kenys\u00e9get \u00e9s cs\u00f6kkenti a k\u00e9zi munk\u00e1t.<\/p>\n<p>Az energia- \u00e9s b\u00e1ny\u00e1szati \u200b\u200biparban a hidraulikus hengerek elengedhetetlenek a f\u00far\u00e1shoz, f\u00f6ldmunk\u00e1khoz \u00e9s anyagmozgat\u00e1shoz haszn\u00e1lt neh\u00e9zg\u00e9pek m\u0171k\u00f6dtet\u00e9s\u00e9hez. Ezek biztos\u00edtj\u00e1k a sz\u00fcks\u00e9ges er\u0151t nagy mennyis\u00e9g\u0171 f\u00f6ld vagy anyag mozgat\u00e1s\u00e1hoz, \u00edgy biztons\u00e1gosabb\u00e1 \u00e9s hat\u00e9konyabb\u00e1 teszik a m\u0171veleteket. Tov\u00e1bb\u00e1 a g\u00e9pgy\u00e1rt\u00e1sban \u00e9s a gy\u00e1rakban a hidraulikus hengerek szerves r\u00e9sz\u00e9t k\u00e9pezik az \u00f6sszeszerel\u0151 soroknak, ahol megk\u00f6nny\u00edtik az alkatr\u00e9szek mozgat\u00e1s\u00e1t \u00e9s elhelyez\u00e9s\u00e9t, hozz\u00e1j\u00e1rulva a termel\u00e9si folyamatok egyszer\u0171s\u00edt\u00e9s\u00e9hez.<\/p>\n<p><img loading=\"lazy\" decoding=\"async\" class=\"alignnone size-full wp-image-6788\" src=\"https:\/\/fmp-components.com\/wp-content\/uploads\/2025\/03\/Telescopic-Hydraulic-Cylinders-4.webp\" alt=\"Teleszk\u00f3pos hidraulikus hengerek\" width=\"800\" height=\"800\" title=\"\" srcset=\"https:\/\/fmp-components.com\/wp-content\/uploads\/2025\/03\/Telescopic-Hydraulic-Cylinders-4.webp 800w, https:\/\/fmp-components.com\/wp-content\/uploads\/2025\/03\/Telescopic-Hydraulic-Cylinders-4-480x480.webp 480w\" sizes=\"(min-width: 0px) and (max-width: 480px) 480px, (min-width: 481px) 800px, 100vw\" \/><\/p>\n<h2>Hidraulikus hengerek \u00e9s t\u00e1pegys\u00e9gek<\/h2>\n<p>A hidraulikus hengerek \u00e9s a t\u00e1pegys\u00e9gek minden hidraulikus rendszer alapvet\u0151 alkot\u00f3elemei, amelyek harmonikusan m\u0171k\u00f6dnek a hidraulikus technol\u00f3gia hat\u00e9konys\u00e1g\u00e1nak maximaliz\u00e1l\u00e1sa \u00e9rdek\u00e9ben az ipari alkalmaz\u00e1sokban. A hidraulikus henger m\u0171k\u00f6dtet\u0151k\u00e9nt szolg\u00e1l, a hidraulikus nyom\u00e1st mechanikai mozg\u00e1ss\u00e1 alak\u00edtja, m\u00edg a t\u00e1pegys\u00e9g gener\u00e1lja \u00e9s szab\u00e1lyozza a henger m\u0171k\u00f6dtet\u00e9s\u00e9hez sz\u00fcks\u00e9ges hidraulikus folyad\u00e9knyom\u00e1st.<\/p>\n<p>Ezek az alkatr\u00e9szek egy\u00fcttesen biztos\u00edtj\u00e1k, hogy a hidraulikus rendszerek megb\u00edzhat\u00f3 teljes\u00edtm\u00e9nyt \u00e9s prec\u00edz vez\u00e9rl\u00e9st biztos\u00edtsanak a k\u00fcl\u00f6nf\u00e9le m\u00e9rn\u00f6ki \u00e9s g\u00e9p\u00e9szeti berendez\u00e9sek sz\u00e1m\u00e1ra. A hidraulikus hengerek \u00e9s a t\u00e1pegys\u00e9gek egy\u00fcttm\u0171k\u00f6d\u00e9se sz\u00e9les k\u00f6r\u0171 alkalmaz\u00e1si lehet\u0151s\u00e9geket tesz lehet\u0151v\u00e9, az emel\u00e9st\u0151l \u00e9s tol\u00e1st\u00f3l kezdve a befog\u00e1son \u00e9s hajl\u00edt\u00e1son \u00e1t, \u00edgy n\u00e9lk\u00fcl\u00f6zhetetlenek a modern gy\u00e1rt\u00e1sban, \u00e9p\u00edt\u0151iparban \u00e9s er\u0151forr\u00e1s-kitermel\u00e9sben.<\/p>\n<p>R\u00e1ad\u00e1sul az egy\u00fcttes hat\u00e9konys\u00e1guk nemcsak a termel\u00e9kenys\u00e9get n\u00f6veli, hanem a m\u0171k\u00f6d\u00e9s biztons\u00e1g\u00e1t \u00e9s pontoss\u00e1g\u00e1t is biztos\u00edtja. A hidraulikus technol\u00f3gia er\u0151ss\u00e9geinek kihaszn\u00e1l\u00e1s\u00e1val az ipar\u00e1gak magasabb teljes\u00edtm\u00e9nyszintet \u00e9rhetnek el, cs\u00f6kkenthetik az \u00e1ll\u00e1sid\u0151t \u00e9s jav\u00edthatj\u00e1k az \u00e1ltal\u00e1nos m\u0171k\u00f6d\u00e9si hat\u00e9konys\u00e1got. Ez a hidraulikus hengerek \u00e9s a t\u00e1pegys\u00e9gek k\u00f6z\u00f6tti szimbiotikus kapcsolat j\u00f3l p\u00e9ld\u00e1zza a hidraulikus rendszerek kritikus szerep\u00e9t az ipari k\u00e9pess\u00e9gek \u00e9s az innov\u00e1ci\u00f3 fejleszt\u00e9s\u00e9ben.<\/p>\n<h2>GYIK<\/h2>\n<p><b>K: Mennyi a sz\u00e1ll\u00edt\u00e1si id\u0151?<\/b><br \/>\nV: \u00c1ltal\u00e1ban 25-35 nap.<\/p>\n<p><b>K: Biztos\u00edtanak mint\u00e1kat? Ingyenes vagy k\u00fcl\u00f6n fizetend\u0151?<\/b><br \/>\nV: Igen, felaj\u00e1nlhatn\u00e1nk a mint\u00e1t, de ez nem ingyenes.<\/p>\n<p><b>Tudsz a mint\u00e1k szerint gy\u00e1rtani?<\/b><br \/>\nV: Igen, a mint\u00e1k vagy m\u0171szaki rajzok alapj\u00e1n tudunk legy\u00e1rtani. El tudjuk k\u00e9sz\u00edteni a form\u00e1kat \u00e9s a szerelv\u00e9nyeket.<\/p>\n<h3>Az FMP-r\u0151l<\/h3>\n<p class=\"break-words\">Az FMP egy vezet\u0151 olasz gy\u00e1rt\u00f3, amely kiv\u00e1l\u00f3 min\u0151s\u00e9g\u0171 hidraulikus hengerek tervez\u00e9s\u00e9re, fejleszt\u00e9s\u00e9re \u00e9s gy\u00e1rt\u00e1s\u00e1ra specializ\u00e1l\u00f3dott. \u00c9vtizedes szak\u00e9rtelemre \u00e9p\u00fcl\u0151 gazdag \u00f6r\u00f6ks\u00e9g\u00fcnkkel b\u00fcszk\u00e9n \u00f6tv\u00f6zz\u00fck az olasz k\u00e9zm\u0171vess\u00e9get a legmodernebb technol\u00f3gi\u00e1val, hogy kiv\u00e9teles hidraulikus megold\u00e1sokat k\u00edn\u00e1ljunk, amelyek a glob\u00e1lis \u00fcgyfeleink sokr\u00e9t\u0171 ig\u00e9nyeit el\u00e9g\u00edtik ki. Az olaszorsz\u00e1gi sz\u00e9khely\u0171, a m\u00e9rn\u00f6ki kiv\u00e1l\u00f3s\u00e1g k\u00f6zpontj\u00e1ban m\u0171k\u00f6d\u0151 FMP megb\u00edzhat\u00f3 n\u00e9v a hidraulikus iparban, elk\u00f6telezett amellett, hogy megb\u00edzhat\u00f3, tart\u00f3s \u00e9s innovat\u00edv term\u00e9keket k\u00edn\u00e1ljon, amelyek vil\u00e1gszerte lend\u00fcletet adnak a v\u00e1llalkoz\u00e1soknak.<\/p>\n<p class=\"break-words\">C\u00e9g\u00fcnk a fejlett gy\u00e1rt\u00e1si hagyom\u00e1nyok legjav\u00e1t \u00f6tv\u00f6zi az el\u0151remutat\u00f3 megk\u00f6zel\u00edt\u00e9ssel. A hidraulikus rendszerek ter\u00e9n szerzett sok\u00e9ves tapasztalat\u00e1ra \u00e9p\u00edtve az FMP egy modern v\u00e1llalkoz\u00e1ss\u00e1 fejl\u0151d\u00f6tt, amely kiemelked\u0151 a kutat\u00e1s, a tervez\u00e9s \u00e9s a gy\u00e1rt\u00e1s ter\u00e9n. Sz\u00e9les hidraulikus hengerv\u00e1laszt\u00e9kra specializ\u00e1l\u00f3dtunk, bele\u00e9rtve a kett\u0151s m\u0171k\u00f6d\u00e9s\u0171 hengereket, az aut\u00f3ipari emel\u0151hengereket, a mez\u0151gazdas\u00e1gi g\u00e9pek hengereit \u00e9s az egyedi tervez\u00e9s\u0171 megold\u00e1sokat k\u00fcl\u00f6nf\u00e9le ipari alkalmaz\u00e1sokhoz. Legyen sz\u00f3 \u00e9p\u00edt\u0151iparr\u00f3l, ipari telep\u00edt\u00e9sekr\u0151l, mez\u0151gazdas\u00e1gr\u00f3l vagy neh\u00e9zg\u00e9pekr\u0151l, hidraulikus hengereinket a legnehezebb k\u00f6r\u00fclm\u00e9nyek k\u00f6z\u00f6tt is k\u00e9pesek teljes\u00edteni, biztos\u00edtva a biztons\u00e1got, a hat\u00e9konys\u00e1got \u00e9s a hossz\u00fa \u00e9lettartamot.<\/p>\n<p><img loading=\"lazy\" decoding=\"async\" class=\"alignnone size-full wp-image-6720\" src=\"https:\/\/fmp-components.com\/wp-content\/uploads\/2025\/03\/hydraulic-cylinder-8.webp\" alt=\"Teleszk\u00f3pos hidraulikus hengerek\" width=\"933\" height=\"526\" title=\"\" srcset=\"https:\/\/fmp-components.com\/wp-content\/uploads\/2025\/03\/hydraulic-cylinder-8.webp 933w, https:\/\/fmp-components.com\/wp-content\/uploads\/2025\/03\/hydraulic-cylinder-8-480x271.webp 480w\" sizes=\"(min-width: 0px) and (max-width: 480px) 480px, (min-width: 481px) 933px, 100vw\" \/><\/p>\n<p class=\"break-words\">Az FMP-n\u00e9l b\u00fcszk\u00e9k vagyunk a legmodernebb gy\u00e1rt\u00f3\u00fczemeinkre, amelyek prec\u00edzi\u00f3s g\u00e9pekkel \u00e9s fejlett vizsg\u00e1l\u00f3rendszerekkel vannak felszerelve. Gy\u00e1rt\u00e1si folyamataink szigor\u00fa nemzeti \u00e9s nemzetk\u00f6zi szabv\u00e1nyoknak felelnek meg, biztos\u00edtva, hogy minden egyes hidraulikus henger, amely elhagyja gy\u00e1runkat, kiv\u00e1l\u00f3 min\u0151s\u00e9g\u0171 \u00e9s megb\u00edzhat\u00f3 legyen. K\u00e9pzett m\u0171szaki csapatunk a legmodernebb berendez\u00e9sekkel p\u00e1rosulva lehet\u0151v\u00e9 teszi sz\u00e1munkra, hogy szigor\u00fa min\u0151s\u00e9gellen\u0151rz\u00e9st tartsunk fenn a gy\u00e1rt\u00e1s minden szakasz\u00e1ban \u2013 az alapanyagok kiv\u00e1laszt\u00e1s\u00e1t\u00f3l a v\u00e9gs\u0151 ellen\u0151rz\u00e9sig. Ez a kiv\u00e1l\u00f3s\u00e1g ir\u00e1nti elk\u00f6telezetts\u00e9g tan\u00fas\u00edtv\u00e1nyokat \u00e9s elismer\u00e9st szerzett nek\u00fcnk az ipar\u00e1gi hat\u00f3s\u00e1gokt\u00f3l, tov\u00e1bb er\u0151s\u00edtve megb\u00edzhat\u00f3 partnerk\u00e9nt szerzett h\u00edrnev\u00fcnket.<\/p>\n<p class=\"break-words\">K\u00fcldet\u00e9s\u00fcnk egyszer\u0171, m\u00e9gis ambici\u00f3zus: olyan hidraulikus hengereket biztos\u00edtani \u00fcgyfeleinknek, amelyek teljes\u00edtm\u00e9ny, tart\u00f3ss\u00e1g \u00e9s \u00e9rt\u00e9k tekintet\u00e9ben fel\u00fclm\u00falj\u00e1k az elv\u00e1r\u00e1sokat. A professzionalizmus, a feddhetetlens\u00e9g \u00e9s az \u00fcgyf\u00e9lk\u00f6zpont\u00fas\u00e1g vez\u00e9relvei szerint m\u0171k\u00f6d\u00fcnk. Az innov\u00e1ci\u00f3 \u00e9s a precizit\u00e1s kult\u00far\u00e1j\u00e1nak \u00e1pol\u00e1s\u00e1val folyamatosan finom\u00edtjuk term\u00e9keinket, hogy meg\u0151rizz\u00fck el\u0151ny\u00fcnket a versenyk\u00e9pes piacon. \u00c1tfog\u00f3 term\u00e9kk\u00edn\u00e1latunk \u00e9s a szem\u00e9lyre szabott megold\u00e1sok k\u00edn\u00e1l\u00e1s\u00e1nak k\u00e9pess\u00e9ge tesz minket a nagy teljes\u00edtm\u00e9ny\u0171 hidraulikus hengereket keres\u0151 v\u00e1llalkoz\u00e1sok els\u0151 sz\u00e1m\u00fa v\u00e1laszt\u00e1s\u00e1v\u00e1.<\/p>\n<p class=\"break-words\">Az FMP t\u00f6bb mint egy gy\u00e1rt\u00f3 \u2013 partnerek vagyunk a siker\u00e9ben. Meg\u00e9rtj\u00fck, hogy \u00fcgyfeleink olyan szersz\u00e1mok sz\u00e1ll\u00edt\u00e1s\u00e1ban b\u00edznak benn\u00fcnk, amelyek n\u00f6velik termel\u00e9kenys\u00e9g\u00fcket \u00e9s biztons\u00e1gukat. Ez\u00e9rt elk\u00f6telezettek vagyunk nemcsak a legjobb min\u0151s\u00e9g\u0171 term\u00e9kek, hanem a kiv\u00e9teles szolg\u00e1ltat\u00e1s ny\u00fajt\u00e1sa ir\u00e1nt is. A kezdeti konzult\u00e1ci\u00f3t\u00f3l az \u00e9rt\u00e9kes\u00edt\u00e9s ut\u00e1ni t\u00e1mogat\u00e1sig szorosan egy\u00fcttm\u0171k\u00f6d\u00fcnk \u00fcgyfeleinkkel annak biztos\u00edt\u00e1sa \u00e9rdek\u00e9ben, hogy ig\u00e9nyeiket professzionalizmussal \u00e9s gondoss\u00e1ggal el\u00e9g\u00edts\u00fck ki. Versenyk\u00e9pes \u00e1raink, p\u00e1rosulva a min\u0151s\u00e9g ir\u00e1nti rend\u00edthetetlen elk\u00f6telezetts\u00e9g\u00fcnkkel, teszik az FMP-t okos v\u00e1laszt\u00e1ss\u00e1 azoknak a v\u00e1llalatoknak, amelyek megb\u00edzhat\u00f3 hidraulikus megold\u00e1sokba szeretn\u00e9nek befektetni.<\/p>","protected":false},"excerpt":{"rendered":"<p>Quality Assurance Hydraulic Cylinder Double Acting 5 Stage Hydraulic Telescopic Cylinder Introducing our Quality Assurance hydraulic cylinder Double Acting 5 Stage Hydraulic Telescopic Cylinder, a state-of-the-art product designed for various applications in industries such as machinery repair shops, farms, energy &amp; mining, machinery manufacturing, and from machinery factories. This hydraulic cylinder is built with the [&hellip;]<\/p>","protected":false},"featured_media":6788,"comment_status":"closed","ping_status":"closed","template":"","meta":{"_et_pb_use_builder":"","_et_pb_old_content":"","_et_gb_content_width":""},"product_brand":[],"product_cat":[103],"product_tag":[34,105],"class_list":{"0":"post-6614","1":"product","2":"type-product","3":"status-publish","4":"has-post-thumbnail","6":"product_cat-telescopic-hydraulic-cylinders","7":"product_tag-hydraulic-cylinder","8":"product_tag-telescopic-hydraulic-cylinders","10":"first","11":"instock","12":"product-type-simple"},"_links":{"self":[{"href":"https:\/\/fmp-components.com\/hu\/wp-json\/wp\/v2\/product\/6614","targetHints":{"allow":["GET"]}}],"collection":[{"href":"https:\/\/fmp-components.com\/hu\/wp-json\/wp\/v2\/product"}],"about":[{"href":"https:\/\/fmp-components.com\/hu\/wp-json\/wp\/v2\/types\/product"}],"replies":[{"embeddable":true,"href":"https:\/\/fmp-components.com\/hu\/wp-json\/wp\/v2\/comments?post=6614"}],"wp:featuredmedia":[{"embeddable":true,"href":"https:\/\/fmp-components.com\/hu\/wp-json\/wp\/v2\/media\/6788"}],"wp:attachment":[{"href":"https:\/\/fmp-components.com\/hu\/wp-json\/wp\/v2\/media?parent=6614"}],"wp:term":[{"taxonomy":"product_brand","embeddable":true,"href":"https:\/\/fmp-components.com\/hu\/wp-json\/wp\/v2\/product_brand?post=6614"},{"taxonomy":"product_cat","embeddable":true,"href":"https:\/\/fmp-components.com\/hu\/wp-json\/wp\/v2\/product_cat?post=6614"},{"taxonomy":"product_tag","embeddable":true,"href":"https:\/\/fmp-components.com\/hu\/wp-json\/wp\/v2\/product_tag?post=6614"}],"curies":[{"name":"munkaf\u00fczet","href":"https:\/\/api.w.org\/{rel}","templated":true}]}}