{"id":6608,"date":"2025-03-11T06:33:57","date_gmt":"2025-03-11T06:33:57","guid":{"rendered":"https:\/\/fmp-components.com\/product\/customized-trailer-telescopic-hydraulic-cylinder-used-for-dump-truck-from-fmp"},"modified":"2025-03-14T01:34:20","modified_gmt":"2025-03-14T01:34:20","slug":"customized-trailer-telescopic-hydraulic-cylinder-used-for-dump-truck-from-fmp","status":"publish","type":"product","link":"https:\/\/fmp-components.com\/hu\/product\/customized-trailer-telescopic-hydraulic-cylinder-used-for-dump-truck-from-fmp\/","title":{"rendered":"Testreszabott p\u00f3tkocsi teleszk\u00f3pos hidraulikus henger d\u00f6mperhez az FMP-t\u0151l"},"content":{"rendered":"<h2>Testreszabott p\u00f3tkocsi teleszk\u00f3pos hidraulikus henger d\u00f6mperhez az FMP-t\u0151l<\/h2>\n<p>Tapasztalja meg a Customized Trailer Telescopic hidraulikus henger erej\u00e9t \u00e9s hat\u00e9konys\u00e1g\u00e1t, az FMP egyik cs\u00facskateg\u00f3ri\u00e1s term\u00e9k\u00e9t. Kifejezetten d\u00f6mperekhez tervezett hidraulikus henger p\u00e1ratlan teljes\u00edtm\u00e9nyt \u00e9s megb\u00edzhat\u00f3s\u00e1got k\u00edn\u00e1l.<\/p>\n<h3>F\u0151bb jellemz\u0151k \u00e9s specifik\u00e1ci\u00f3k<\/h3>\n<h4>Jellemz\u0151k<\/h4>\n<ul>\n<li>\u00c1llapot: \u00daj<\/li>\n<li>Garancia: 1 \u00e9v<\/li>\n<li>Szerkezet: Dugatty\u00fas henger<\/li>\n<li>Teljes\u00edtm\u00e9ny: Hidraulikus<\/li>\n<li>Test anyaga: Ac\u00e9l<\/li>\n<li>Max. tol\u00f3er\u0151: 3000<\/li>\n<li>Folyad\u00e9k: Olaj<\/li>\n<li>Max. h\u00faz\u00f3er\u0151: 600<\/li>\n<li>Tan\u00fas\u00edtv\u00e1ny: ISO9001:2000<\/li>\n<\/ul>\n<h4><span style=\"font-size: 26px;\">Egyedi jellemz\u0151k \u00e9s el\u0151ny\u00f6k<\/span><\/h4>\n<p>Hidraulikus henger\u00fcnk energiatakar\u00e9kos, nagy hat\u00e1sfok\u00fa \u00e9s biztons\u00e1gi jellemz\u0151ivel t\u0171nik ki. Ez egy standard term\u00e9k, amely az \u00d6n ig\u00e9nyei szerint testreszabhat\u00f3, ide\u00e1lis megold\u00e1st k\u00edn\u00e1lva k\u00fcl\u00f6nf\u00e9le ipar\u00e1gak, p\u00e9ld\u00e1ul gy\u00e1rt\u00f3\u00fczemek, g\u00e9pjav\u00edt\u00f3 m\u0171helyek, mez\u0151gazdas\u00e1gi \u00fczemek, valamint az energia- \u00e9s b\u00e1ny\u00e1szati \u200b\u200b\u00e1gazatok sz\u00e1m\u00e1ra.<\/p>\n<p><img loading=\"lazy\" decoding=\"async\" class=\"alignnone size-full wp-image-6757\" src=\"https:\/\/fmp-components.com\/wp-content\/uploads\/2025\/03\/Telescopic-Hydraulic-Cylinders-114.webp\" alt=\"Teleszk\u00f3pos hidraulikus hengerek\" width=\"2160\" height=\"2160\" title=\"\" srcset=\"https:\/\/fmp-components.com\/wp-content\/uploads\/2025\/03\/Telescopic-Hydraulic-Cylinders-114.webp 2160w, https:\/\/fmp-components.com\/wp-content\/uploads\/2025\/03\/Telescopic-Hydraulic-Cylinders-114-1280x1280.webp 1280w, https:\/\/fmp-components.com\/wp-content\/uploads\/2025\/03\/Telescopic-Hydraulic-Cylinders-114-980x980.webp 980w, https:\/\/fmp-components.com\/wp-content\/uploads\/2025\/03\/Telescopic-Hydraulic-Cylinders-114-480x480.webp 480w\" sizes=\"(min-width: 0px) and (max-width: 480px) 480px, (min-width: 481px) and (max-width: 980px) 980px, (min-width: 981px) and (max-width: 1280px) 1280px, (min-width: 1281px) 2160px, 100vw\" \/><\/p>\n<h2>Hidraulikus rendszer \u00e9s m\u0171k\u00f6d\u00e9si elv<\/h2>\n<p>A hidraulikus henger \u00fagy m\u0171k\u00f6dik, hogy a hidraulikus energi\u00e1t mechanikai mozg\u00e1ss\u00e1 alak\u00edtja, a nyom\u00e1st pedig er\u0151v\u00e9. A hidraulikus rendszer elengedhetetlen alkot\u00f3eleme, amely biztos\u00edtja annak z\u00f6kken\u0151mentes m\u0171k\u00f6d\u00e9s\u00e9t. A henger furatm\u00e9rete, l\u00f6ketm\u00e9rete \u00e9s egy\u00e9b param\u00e9terei az \u00d6n ig\u00e9nyei szerint \u00e1ll\u00edthat\u00f3k, rugalmas \u00e9s szem\u00e9lyre szabott megold\u00e1st k\u00edn\u00e1lva v\u00e1llalkoz\u00e1sa sz\u00e1m\u00e1ra.<\/p>\n<h2>Alkalmaz\u00e1si forgat\u00f3k\u00f6nyvek<\/h2>\n<p>Ezt a hidraulikus hengert sz\u00e9les k\u00f6rben haszn\u00e1lj\u00e1k d\u00f6mperekben, ahol megb\u00edzhat\u00f3 \u00e9s hat\u00e9kony teljes\u00edtm\u00e9nyt ny\u00fajt, ami elengedhetetlen a k\u00fcl\u00f6nf\u00e9le emel\u00e9si \u00e9s kirakod\u00e1si feladatokhoz. Robusztus konstrukci\u00f3ja \u00fagy van kialak\u00edtva, hogy ellen\u00e1lljon az \u00e9p\u00edt\u0151ipari \u00e9s sz\u00e1ll\u00edt\u00e1si k\u00f6rnyezetben gyakran el\u0151fordul\u00f3 neh\u00e9z k\u00f6r\u00fclm\u00e9nyeknek. Nagy tol\u00f3er\u0151vel ez a hidraulikus henger biztos\u00edtja, hogy a d\u00f6mper sim\u00e1n emelhesse \u00e9s s\u00fcllyeszthesse a plat\u00f3j\u00e1t, lehet\u0151v\u00e9 t\u00e9ve az olyan anyagok gyors \u00e9s hat\u00e9kony kirakod\u00e1s\u00e1t, mint a kavics, homok \u00e9s \u00e9p\u00edt\u00e9si t\u00f6rmel\u00e9k.<\/p>\n<p>A nagy terhel\u00e9s \u00e9s a zord k\u00f6r\u00fclm\u00e9nyek k\u00f6z\u00f6tti m\u0171k\u00f6d\u00e9s k\u00e9pess\u00e9ge teszi ezt a hidraulikus hengert a d\u00f6mperek n\u00e9lk\u00fcl\u00f6zhetetlen alkatr\u00e9sz\u00e9v\u00e9. Megb\u00edzhat\u00f3s\u00e1ga k\u00f6zvetlen\u00fcl befoly\u00e1solja az \u00e9p\u00edt\u00e9si projektek \u00e1ltal\u00e1nos termel\u00e9kenys\u00e9g\u00e9t, mivel lehet\u0151v\u00e9 teszi a gyorsabb anyagmozgat\u00e1st \u00e9s cs\u00f6kkenti az \u00e1ll\u00e1sid\u0151t. Ak\u00e1r v\u00e1rosi \u00e9p\u00edtkez\u00e9sekr\u0151l, ak\u00e1r t\u00e1voli b\u00e1ny\u00e1szati \u200b\u200bm\u0171veletekr\u0151l van sz\u00f3, a hidraulikus henger \u00e1lland\u00f3 teljes\u00edtm\u00e9nye hozz\u00e1j\u00e1rul a d\u00f6mperek m\u0171k\u00f6d\u00e9s\u00e9nek hat\u00e9konys\u00e1g\u00e1hoz \u00e9s eredm\u00e9nyess\u00e9g\u00e9hez.<\/p>\n<p>A d\u00f6mperek mellett ezeket a hidraulikus hengereket sz\u00e1mos m\u00e1s alkalmaz\u00e1sban is alkalmazz\u00e1k, bele\u00e9rtve a kotr\u00f3g\u00e9peket, rakod\u00f3kat \u00e9s m\u00e9g a mez\u0151gazdas\u00e1gi g\u00e9peket is. Sokoldal\u00fas\u00e1guk \u00e9s szil\u00e1rds\u00e1guk alkalmass\u00e1 teszi \u0151ket a feladatok sz\u00e9les sk\u00e1l\u00e1j\u00e1ra, a neh\u00e9z berendez\u00e9sek emel\u00e9s\u00e9t\u0151l \u00e9s mozgat\u00e1s\u00e1t\u00f3l kezdve a prec\u00edz m\u0171veletek elv\u00e9gz\u00e9s\u00e9ig a gy\u00e1rt\u00e1si k\u00f6rnyezetben.<\/p>\n<h2>Hidraulikus hengerek \u00e9s t\u00e1pegys\u00e9gek<\/h2>\n<p>A hidraulikus hengerek \u00e9s a t\u00e1pegys\u00e9gek a hidraulikus rendszerek szerves r\u00e9sz\u00e9t k\u00e9pezik, mindegyik l\u00e9tfontoss\u00e1g\u00fa szerepet j\u00e1tszik a hidraulikus technol\u00f3gia hat\u00e9kony alkalmaz\u00e1s\u00e1nak biztos\u00edt\u00e1s\u00e1ban az ipari szektorokban. A hidraulikus henger m\u0171k\u00f6dtet\u0151k\u00e9nt m\u0171k\u00f6dik, a hidraulikus energi\u00e1t mechanikai mozg\u00e1ss\u00e1 alak\u00edtja, m\u00edg a t\u00e1pegys\u00e9g el\u0151\u00e1ll\u00edtja \u00e9s szab\u00e1lyozza a henger m\u0171k\u00f6d\u00e9s\u00e9hez sz\u00fcks\u00e9ges hidraulikus folyad\u00e9knyom\u00e1st.<\/p>\n<p>Ezek az alkatr\u00e9szek egy\u00fcttesen biztos\u00edtj\u00e1k, hogy a hidraulikus rendszerek megb\u00edzhat\u00f3 energiaell\u00e1t\u00e1st \u00e9s vez\u00e9rl\u00e9st biztos\u00edtsanak a k\u00fcl\u00f6nf\u00e9le m\u00e9rn\u00f6ki \u00e9s g\u00e9p\u00e9szeti berendez\u00e9sek sz\u00e1m\u00e1ra. A gy\u00e1rt\u00f3\u00fczemekben p\u00e9ld\u00e1ul a hidraulikus hengerek \u00e9s a t\u00e1pegys\u00e9gek egy\u00fcttm\u0171k\u00f6d\u00e9se lehet\u0151v\u00e9 teszi olyan g\u00e9pek m\u0171k\u00f6dtet\u00e9s\u00e9t, mint a pr\u00e9sek, robotkarok \u00e9s sz\u00e1ll\u00edt\u00f3szalag-rendszerek. Ez a partners\u00e9g lehet\u0151v\u00e9 teszi az olyan \u00f6sszetett feladatok v\u00e9grehajt\u00e1s\u00e1t, amelyek er\u0151t \u00e9s pontoss\u00e1got is ig\u00e9nyelnek, n\u00f6velve az \u00e1ltal\u00e1nos termel\u00e9kenys\u00e9get.<\/p>\n<p>Tov\u00e1bb\u00e1 a hidraulikus rendszerek hat\u00e9konys\u00e1g\u00e1t tov\u00e1bb n\u00f6veli a folyad\u00e9knyom\u00e1s \u00e9s -\u00e1raml\u00e1s szab\u00e1lyoz\u00e1s\u00e1nak k\u00e9pess\u00e9ge. Ez lehet\u0151v\u00e9 teszi a kezel\u0151k sz\u00e1m\u00e1ra a finomhangolt mozg\u00e1sok el\u00e9r\u00e9s\u00e9t, \u00edgy a hidraulikus technol\u00f3gia sz\u00e9les k\u00f6r\u0171 alkalmaz\u00e1sokhoz alkalmas, a neh\u00e9z emel\u00e9st\u0151l a bonyolult \u00f6sszeszerel\u00e9si folyamatokig.<\/p>\n<p>\u00d6sszefoglalva, a hidraulikus hengerek \u00e9s a t\u00e1pegys\u00e9gek k\u00f6z\u00f6tti szinergia j\u00f3l p\u00e9ld\u00e1zza a hidraulikus rendszerek hat\u00e9konys\u00e1g\u00e1t a modern iparban. Kombin\u00e1lt funkcionalit\u00e1suk nemcsak a m\u0171k\u00f6d\u00e9si hat\u00e9konys\u00e1got jav\u00edtja, hanem jelent\u0151sen hozz\u00e1j\u00e1rul a biztons\u00e1ghoz \u00e9s a megb\u00edzhat\u00f3s\u00e1ghoz is k\u00fcl\u00f6nf\u00e9le alkalmaz\u00e1sokban, v\u00e9gs\u0151 soron az innov\u00e1ci\u00f3 \u00e9s a termel\u00e9kenys\u00e9g el\u0151mozd\u00edt\u00e1s\u00e1t eredm\u00e9nyezve az ipari k\u00f6rnyezetben.<\/p>\n<h3>Az FMP-r\u0151l<\/h3>\n<p class=\"break-words\">Az FMP egy vezet\u0151 olasz gy\u00e1rt\u00f3, amely kiv\u00e1l\u00f3 min\u0151s\u00e9g\u0171 hidraulikus hengerek tervez\u00e9s\u00e9re, fejleszt\u00e9s\u00e9re \u00e9s gy\u00e1rt\u00e1s\u00e1ra specializ\u00e1l\u00f3dott. \u00c9vtizedes szak\u00e9rtelemre \u00e9p\u00fcl\u0151 gazdag \u00f6r\u00f6ks\u00e9g\u00fcnkkel b\u00fcszk\u00e9n \u00f6tv\u00f6zz\u00fck az olasz k\u00e9zm\u0171vess\u00e9get a legmodernebb technol\u00f3gi\u00e1val, hogy kiv\u00e9teles hidraulikus megold\u00e1sokat k\u00edn\u00e1ljunk, amelyek a glob\u00e1lis \u00fcgyfeleink sokr\u00e9t\u0171 ig\u00e9nyeit el\u00e9g\u00edtik ki. Az olaszorsz\u00e1gi sz\u00e9khely\u0171, a m\u00e9rn\u00f6ki kiv\u00e1l\u00f3s\u00e1g k\u00f6zpontj\u00e1ban m\u0171k\u00f6d\u0151 FMP megb\u00edzhat\u00f3 n\u00e9v a hidraulikus iparban, elk\u00f6telezett amellett, hogy megb\u00edzhat\u00f3, tart\u00f3s \u00e9s innovat\u00edv term\u00e9keket k\u00edn\u00e1ljon, amelyek vil\u00e1gszerte lend\u00fcletet adnak a v\u00e1llalkoz\u00e1soknak.<\/p>\n<p class=\"break-words\">C\u00e9g\u00fcnk a fejlett gy\u00e1rt\u00e1si hagyom\u00e1nyok legjav\u00e1t \u00f6tv\u00f6zi az el\u0151remutat\u00f3 megk\u00f6zel\u00edt\u00e9ssel. A hidraulikus rendszerek ter\u00e9n szerzett sok\u00e9ves tapasztalat\u00e1ra \u00e9p\u00edtve az FMP egy modern v\u00e1llalkoz\u00e1ss\u00e1 fejl\u0151d\u00f6tt, amely kiemelked\u0151 a kutat\u00e1s, a tervez\u00e9s \u00e9s a gy\u00e1rt\u00e1s ter\u00e9n. Sz\u00e9les hidraulikus hengerv\u00e1laszt\u00e9kra specializ\u00e1l\u00f3dtunk, bele\u00e9rtve a kett\u0151s m\u0171k\u00f6d\u00e9s\u0171 hengereket, az aut\u00f3ipari emel\u0151hengereket, a mez\u0151gazdas\u00e1gi g\u00e9pek hengereit \u00e9s az egyedi tervez\u00e9s\u0171 megold\u00e1sokat k\u00fcl\u00f6nf\u00e9le ipari alkalmaz\u00e1sokhoz. Legyen sz\u00f3 \u00e9p\u00edt\u0151iparr\u00f3l, ipari telep\u00edt\u00e9sekr\u0151l, mez\u0151gazdas\u00e1gr\u00f3l vagy neh\u00e9zg\u00e9pekr\u0151l, hidraulikus hengereinket a legnehezebb k\u00f6r\u00fclm\u00e9nyek k\u00f6z\u00f6tt is k\u00e9pesek teljes\u00edteni, biztos\u00edtva a biztons\u00e1got, a hat\u00e9konys\u00e1got \u00e9s a hossz\u00fa \u00e9lettartamot.<\/p>\n<p><img loading=\"lazy\" decoding=\"async\" class=\"alignnone size-full wp-image-6720\" src=\"https:\/\/fmp-components.com\/wp-content\/uploads\/2025\/03\/hydraulic-cylinder-8.webp\" alt=\"Teleszk\u00f3pos hidraulikus hengerek\" width=\"933\" height=\"526\" title=\"\" srcset=\"https:\/\/fmp-components.com\/wp-content\/uploads\/2025\/03\/hydraulic-cylinder-8.webp 933w, https:\/\/fmp-components.com\/wp-content\/uploads\/2025\/03\/hydraulic-cylinder-8-480x271.webp 480w\" sizes=\"(min-width: 0px) and (max-width: 480px) 480px, (min-width: 481px) 933px, 100vw\" \/><\/p>\n<p class=\"break-words\">Az FMP-n\u00e9l b\u00fcszk\u00e9k vagyunk a legmodernebb gy\u00e1rt\u00f3\u00fczemeinkre, amelyek prec\u00edzi\u00f3s g\u00e9pekkel \u00e9s fejlett vizsg\u00e1l\u00f3rendszerekkel vannak felszerelve. Gy\u00e1rt\u00e1si folyamataink szigor\u00fa nemzeti \u00e9s nemzetk\u00f6zi szabv\u00e1nyoknak felelnek meg, biztos\u00edtva, hogy minden egyes hidraulikus henger, amely elhagyja gy\u00e1runkat, kiv\u00e1l\u00f3 min\u0151s\u00e9g\u0171 \u00e9s megb\u00edzhat\u00f3 legyen. K\u00e9pzett m\u0171szaki csapatunk a legmodernebb berendez\u00e9sekkel p\u00e1rosulva lehet\u0151v\u00e9 teszi sz\u00e1munkra, hogy szigor\u00fa min\u0151s\u00e9gellen\u0151rz\u00e9st tartsunk fenn a gy\u00e1rt\u00e1s minden szakasz\u00e1ban \u2013 az alapanyagok kiv\u00e1laszt\u00e1s\u00e1t\u00f3l a v\u00e9gs\u0151 ellen\u0151rz\u00e9sig. Ez a kiv\u00e1l\u00f3s\u00e1g ir\u00e1nti elk\u00f6telezetts\u00e9g tan\u00fas\u00edtv\u00e1nyokat \u00e9s elismer\u00e9st szerzett nek\u00fcnk az ipar\u00e1gi hat\u00f3s\u00e1gokt\u00f3l, tov\u00e1bb er\u0151s\u00edtve megb\u00edzhat\u00f3 partnerk\u00e9nt szerzett h\u00edrnev\u00fcnket.<\/p>\n<p class=\"break-words\">K\u00fcldet\u00e9s\u00fcnk egyszer\u0171, m\u00e9gis ambici\u00f3zus: olyan hidraulikus hengereket biztos\u00edtani \u00fcgyfeleinknek, amelyek teljes\u00edtm\u00e9ny, tart\u00f3ss\u00e1g \u00e9s \u00e9rt\u00e9k tekintet\u00e9ben fel\u00fclm\u00falj\u00e1k az elv\u00e1r\u00e1sokat. A professzionalizmus, a feddhetetlens\u00e9g \u00e9s az \u00fcgyf\u00e9lk\u00f6zpont\u00fas\u00e1g vez\u00e9relvei szerint m\u0171k\u00f6d\u00fcnk. Az innov\u00e1ci\u00f3 \u00e9s a precizit\u00e1s kult\u00far\u00e1j\u00e1nak \u00e1pol\u00e1s\u00e1val folyamatosan finom\u00edtjuk term\u00e9keinket, hogy meg\u0151rizz\u00fck el\u0151ny\u00fcnket a versenyk\u00e9pes piacon. \u00c1tfog\u00f3 term\u00e9kk\u00edn\u00e1latunk \u00e9s a szem\u00e9lyre szabott megold\u00e1sok k\u00edn\u00e1l\u00e1s\u00e1nak k\u00e9pess\u00e9ge tesz minket a nagy teljes\u00edtm\u00e9ny\u0171 hidraulikus hengereket keres\u0151 v\u00e1llalkoz\u00e1sok els\u0151 sz\u00e1m\u00fa v\u00e1laszt\u00e1s\u00e1v\u00e1.<\/p>\n<p class=\"break-words\">Az FMP t\u00f6bb mint egy gy\u00e1rt\u00f3 \u2013 partnerek vagyunk a siker\u00e9ben. Meg\u00e9rtj\u00fck, hogy \u00fcgyfeleink olyan szersz\u00e1mok sz\u00e1ll\u00edt\u00e1s\u00e1ban b\u00edznak benn\u00fcnk, amelyek n\u00f6velik termel\u00e9kenys\u00e9g\u00fcket \u00e9s biztons\u00e1gukat. Ez\u00e9rt elk\u00f6telezettek vagyunk nemcsak a legjobb min\u0151s\u00e9g\u0171 term\u00e9kek, hanem a kiv\u00e9teles szolg\u00e1ltat\u00e1s ny\u00fajt\u00e1sa ir\u00e1nt is. A kezdeti konzult\u00e1ci\u00f3t\u00f3l az \u00e9rt\u00e9kes\u00edt\u00e9s ut\u00e1ni t\u00e1mogat\u00e1sig szorosan egy\u00fcttm\u0171k\u00f6d\u00fcnk \u00fcgyfeleinkkel annak biztos\u00edt\u00e1sa \u00e9rdek\u00e9ben, hogy ig\u00e9nyeiket professzionalizmussal \u00e9s gondoss\u00e1ggal el\u00e9g\u00edts\u00fck ki. Versenyk\u00e9pes \u00e1raink, p\u00e1rosulva a min\u0151s\u00e9g ir\u00e1nti rend\u00edthetetlen elk\u00f6telezetts\u00e9g\u00fcnkkel, teszik az FMP-t okos v\u00e1laszt\u00e1ss\u00e1 azoknak a v\u00e1llalatoknak, amelyek megb\u00edzhat\u00f3 hidraulikus megold\u00e1sokba szeretn\u00e9nek befektetni.<\/p>","protected":false},"excerpt":{"rendered":"<p>Customized Trailer Telescopic Hydraulic Cylinder Used For Dump Truck From FMP Experience the power and efficiency of the Customized Trailer Telescopic hydraulic cylinder, a top-notch product From FMP. Designed specifically for dump trucks, this hydraulic cylinder offers unmatched performance and reliability. Key Features and Specifications Features Condition: New Warranty: 1 Year Structure: Piston Cylinder Power: [&hellip;]<\/p>","protected":false},"featured_media":6801,"comment_status":"closed","ping_status":"closed","template":"","meta":{"_et_pb_use_builder":"","_et_pb_old_content":"","_et_gb_content_width":""},"product_brand":[],"product_cat":[103],"product_tag":[34,105],"class_list":{"0":"post-6608","1":"product","2":"type-product","3":"status-publish","4":"has-post-thumbnail","6":"product_cat-telescopic-hydraulic-cylinders","7":"product_tag-hydraulic-cylinder","8":"product_tag-telescopic-hydraulic-cylinders","10":"first","11":"instock","12":"product-type-simple"},"_links":{"self":[{"href":"https:\/\/fmp-components.com\/hu\/wp-json\/wp\/v2\/product\/6608","targetHints":{"allow":["GET"]}}],"collection":[{"href":"https:\/\/fmp-components.com\/hu\/wp-json\/wp\/v2\/product"}],"about":[{"href":"https:\/\/fmp-components.com\/hu\/wp-json\/wp\/v2\/types\/product"}],"replies":[{"embeddable":true,"href":"https:\/\/fmp-components.com\/hu\/wp-json\/wp\/v2\/comments?post=6608"}],"wp:featuredmedia":[{"embeddable":true,"href":"https:\/\/fmp-components.com\/hu\/wp-json\/wp\/v2\/media\/6801"}],"wp:attachment":[{"href":"https:\/\/fmp-components.com\/hu\/wp-json\/wp\/v2\/media?parent=6608"}],"wp:term":[{"taxonomy":"product_brand","embeddable":true,"href":"https:\/\/fmp-components.com\/hu\/wp-json\/wp\/v2\/product_brand?post=6608"},{"taxonomy":"product_cat","embeddable":true,"href":"https:\/\/fmp-components.com\/hu\/wp-json\/wp\/v2\/product_cat?post=6608"},{"taxonomy":"product_tag","embeddable":true,"href":"https:\/\/fmp-components.com\/hu\/wp-json\/wp\/v2\/product_tag?post=6608"}],"curies":[{"name":"munkaf\u00fczet","href":"https:\/\/api.w.org\/{rel}","templated":true}]}}