{"id":6606,"date":"2025-03-11T06:32:38","date_gmt":"2025-03-11T06:32:38","guid":{"rendered":"https:\/\/fmp-components.com\/product\/kubota-trailer-telescopic-multi-stages-hydraulic-cylinder-from-fmp"},"modified":"2025-03-18T01:57:43","modified_gmt":"2025-03-18T01:57:43","slug":"kubota-trailer-telescopic-multi-stages-hydraulic-cylinder-from-fmp","status":"publish","type":"product","link":"https:\/\/fmp-components.com\/hu\/product\/kubota-trailer-telescopic-multi-stages-hydraulic-cylinder-from-fmp\/","title":{"rendered":"Kubota Trailer Teleszk\u00f3pos T\u00f6bbfokozat\u00fa Hidraulikus Henger az FMP-t\u0151l"},"content":{"rendered":"<h2>Kubota Trailer Teleszk\u00f3pos T\u00f6bbfokozat\u00fa Hidraulikus Henger az FMP-t\u0151l<\/h2>\n<p>Bemutatkozik az FMP \u00faj Kubota Trailer Telescopic Multi Stages hidraulikus hengere. Ez a kifinomult hidraulikus henger optim\u00e1lis teljes\u00edtm\u00e9nyt ny\u00fajt sz\u00e1mos ipar\u00e1gban, bele\u00e9rtve a gy\u00e1rt\u00f3\u00fczemeket, g\u00e9pjav\u00edt\u00f3 m\u0171helyeket, mez\u0151gazdas\u00e1gi \u00fczemeket, valamint az energia- \u00e9s b\u00e1ny\u00e1szatot.<\/p>\n<h3>Term\u00e9kjellemz\u0151k \u00e9s funkci\u00f3k<\/h3>\n<p>Ez a legmodernebb hidraulikus henger egy nem szabv\u00e1nyos, dugatty\u00fas henger, amely hidraulikus er\u0151vel m\u0171k\u00f6dik. Kiv\u00e1l\u00f3 min\u0151s\u00e9g\u0171 ac\u00e9lb\u00f3l k\u00e9sz\u00fclt, maxim\u00e1lis tol\u00f3ereje 3000 Nm, maxim\u00e1lis h\u00faz\u00f3ereje pedig 600 Nm. ISO9001:2000 tan\u00fas\u00edtv\u00e1nnyal rendelkezik, amely igazolja kiv\u00e1l\u00f3 min\u0151s\u00e9g\u00e9t \u00e9s megb\u00edzhat\u00f3s\u00e1g\u00e1t.<\/p>\n<h3>Egyedi tulajdons\u00e1gok \u00e9s el\u0151ny\u00f6k<\/h3>\n<ul>\n<li>Energiatakar\u00e9kos: Ez a hidraulikus henger \u00fagy van kialak\u00edtva, hogy hat\u00e9konyan haszn\u00e1lja ki az energi\u00e1t, cs\u00f6kkentve az energiafogyaszt\u00e1st.<\/li>\n<li>Nagy teljes\u00edtm\u00e9ny: Robusztus fel\u00e9p\u00edt\u00e9s\u00e9nek \u00e9s fejlett hidraulikus technol\u00f3gi\u00e1j\u00e1nak k\u00f6sz\u00f6nhet\u0151en nagy hat\u00e9konys\u00e1got biztos\u00edt m\u0171k\u00f6d\u00e9s k\u00f6zben.<\/li>\n<li>Biztons\u00e1g: A term\u00e9k biztons\u00e1got szem el\u0151tt tartva k\u00e9sz\u00fclt, megb\u00edzhat\u00f3 teljes\u00edtm\u00e9nyt ny\u00fajtva k\u00fcl\u00f6nf\u00e9le ipari k\u00f6rnyezetben.<\/li>\n<\/ul>\n<p><img loading=\"lazy\" decoding=\"async\" class=\"alignnone wp-image-6662\" src=\"https:\/\/fmp-components.com\/wp-content\/uploads\/2025\/03\/telescopic-hydraulic-cylinder-4.webp\" alt=\"teleszk\u00f3pos hidraulikus henger\" width=\"812\" height=\"812\" title=\"\" srcset=\"https:\/\/fmp-components.com\/wp-content\/uploads\/2025\/03\/telescopic-hydraulic-cylinder-4.webp 812w, https:\/\/fmp-components.com\/wp-content\/uploads\/2025\/03\/telescopic-hydraulic-cylinder-4-480x480.webp 480w\" sizes=\"(min-width: 0px) and (max-width: 480px) 480px, (min-width: 481px) 812px, 100vw\" \/><\/p>\n<h2>M\u0171k\u00f6d\u00e9si elv \u00e9s alkalmaz\u00e1s<\/h2>\n<p>A hidraulikus henger \u00fagy m\u0171k\u00f6dik, hogy a hidraulikus energi\u00e1t mechanikus mozg\u00e1ss\u00e1 alak\u00edtja, ami sz\u00e1mos ipari alkalmaz\u00e1sban kulcsfontoss\u00e1g\u00fa. A hidraulikus henger l\u00e9nyeg\u00e9ben nyom\u00e1s alatt \u00e1ll\u00f3 hidraulikafolyad\u00e9kot haszn\u00e1l az er\u0151 l\u00e9trehoz\u00e1s\u00e1hoz. Amikor ez a folyad\u00e9k a hengerbe ker\u00fcl, hat a benne l\u00e9v\u0151 dugatty\u00fara, mozg\u00e1sba hozva azt. Ez a mozg\u00e1s ezut\u00e1n sz\u00e1mos feladat elv\u00e9gz\u00e9s\u00e9re felhaszn\u00e1lhat\u00f3, p\u00e9ld\u00e1ul neh\u00e9z terhek emel\u00e9s\u00e9re, g\u00e9palkatr\u00e9szek kezel\u00e9s\u00e9re vagy berendez\u00e9sek m\u0171k\u00f6dtet\u00e9s\u00e9re.<\/p>\n<p>A hidraulikus hengerek sokoldal\u00fas\u00e1ga n\u00e9lk\u00fcl\u00f6zhetetlenn\u00e9 teszi \u0151ket sz\u00e1mos \u00e1gazatban. A gy\u00e1rt\u00f3\u00fczemekben elengedhetetlenek a folyamatok automatiz\u00e1l\u00e1s\u00e1hoz, lehet\u0151v\u00e9 t\u00e9ve a g\u00e9palkatr\u00e9szek pontos mozgat\u00e1s\u00e1t az \u00f6sszeszerel\u00e9s \u00e9s a gy\u00e1rt\u00e1s sor\u00e1n. A g\u00e9pjav\u00edt\u00f3 m\u0171helyekben a hidraulikus hengerek megk\u00f6nny\u00edtik a neh\u00e9z berendez\u00e9sek emel\u00e9s\u00e9t \u00e9s pozicion\u00e1l\u00e1s\u00e1t, lehet\u0151v\u00e9 t\u00e9ve a technikusok sz\u00e1m\u00e1ra, hogy biztons\u00e1gosan \u00e9s hat\u00e9konyan v\u00e9gezz\u00e9k el a karbantart\u00e1si feladatokat.<\/p>\n<p>A mez\u0151gazdas\u00e1gi szektorban ezek a hengerek l\u00e9tfontoss\u00e1g\u00faak a mez\u0151gazdas\u00e1gi g\u00e9pek, p\u00e9ld\u00e1ul a traktorok \u00e9s a betakar\u00edt\u00f3g\u00e9pek m\u0171k\u00f6dtet\u00e9s\u00e9hez, ahol seg\u00edtenek a munkag\u00e9pek emel\u00e9s\u00e9ben \u00e9s a berendez\u00e9sek k\u00fcl\u00f6nb\u00f6z\u0151 feladatokhoz val\u00f3 be\u00e1ll\u00edt\u00e1s\u00e1ban. Hasonl\u00f3k\u00e9ppen, az energia- \u00e9s b\u00e1ny\u00e1szati \u200b\u200biparban a hidraulikus hengereket neh\u00e9zg\u00e9pek, p\u00e9ld\u00e1ul kotr\u00f3g\u00e9pek \u00e9s f\u00far\u00f3k m\u0171k\u00f6dtet\u00e9s\u00e9re haszn\u00e1lj\u00e1k, amelyek kulcsszerepet j\u00e1tszanak az er\u0151forr\u00e1sok kinyer\u00e9s\u00e9ben \u00e9s kezel\u00e9s\u00e9ben. Az a k\u00e9pess\u00e9g\u00fck, hogy \u00e1lland\u00f3 \u00e9s nagy mechanikai teljes\u00edtm\u00e9nyt biztos\u00edtsanak, kritikus fontoss\u00e1g\u00fa a m\u0171k\u00f6d\u00e9si hat\u00e9konys\u00e1g el\u00e9r\u00e9s\u00e9hez ezekben az ig\u00e9nyes k\u00f6rnyezetben.<\/p>\n<h2>Hidraulikus hengerek \u00e9s t\u00e1pegys\u00e9gek<\/h2>\n<p>A hidraulikus henger \u00e9s a t\u00e1pegys\u00e9g minden hidraulikus rendszer szerves r\u00e9sz\u00e9t k\u00e9pezik, amelyek egy\u00fcttesen biztos\u00edtj\u00e1k a hat\u00e9kony teljes\u00edtm\u00e9nyt \u00e9s vez\u00e9rl\u00e9st. A t\u00e1pegys\u00e9g a rendszer sz\u00edve, amely biztos\u00edtja a sz\u00fcks\u00e9ges energi\u00e1t \u00e9s vez\u00e9rl\u0151jeleket, amelyek a hidraulikus m\u0171veleteket hajtj\u00e1k. Ez gener\u00e1lja \u00e9s szab\u00e1lyozza a hidraulikus folyad\u00e9k nyom\u00e1s\u00e1t, biztos\u00edtva, hogy a hidraulikus henger a megfelel\u0151 er\u0151t kapja a hat\u00e9kony m\u0171k\u00f6d\u00e9shez.<\/p>\n<p>Miut\u00e1n a t\u00e1pegys\u00e9g hidraulikus energi\u00e1t termel, ez az energia \u00e1tker\u00fcl a hidraulikus hengerre. A henger ezut\u00e1n ezt a hidraulikus energi\u00e1t mechanikus mozg\u00e1ss\u00e1 alak\u00edtja, ami sz\u00e9les k\u00f6r\u0171 alkalmaz\u00e1si lehet\u0151s\u00e9geket tesz lehet\u0151v\u00e9 a k\u00fcl\u00f6nb\u00f6z\u0151 ipar\u00e1gakban. A t\u00e1pegys\u00e9g \u00e9s a hidraulikus henger k\u00f6z\u00f6tti z\u00f6kken\u0151mentes egy\u00fcttm\u0171k\u00f6d\u00e9s teszi a hidraulikus rendszereket olyan hat\u00e9konny\u00e1 \u00e9s megb\u00edzhat\u00f3v\u00e1.<\/p>\n<p>Az FMP nemcsak kiv\u00e1l\u00f3 min\u0151s\u00e9g\u0171 hidraulikus hengereket k\u00edn\u00e1l, hanem t\u00e1pegys\u00e9geket is, lehet\u0151v\u00e9 t\u00e9ve \u00fcgyfeleink sz\u00e1m\u00e1ra, hogy komplett hidraulikus megold\u00e1sokat szerezzenek be. Ez az \u00e1tfog\u00f3 megk\u00f6zel\u00edt\u00e9s biztos\u00edtja, hogy \u00fcgyfeleink minden sz\u00fcks\u00e9ges alkatr\u00e9sszel rendelkezzenek a hat\u00e9kony, az ig\u00e9nyeikre szabott hidraulikus rendszerek ki\u00e9p\u00edt\u00e9s\u00e9hez \u00e9s karbantart\u00e1s\u00e1hoz. A hidraulikus hengerek \u00e9s a t\u00e1pegys\u00e9gek ter\u00e9n szerzett szak\u00e9rtelm\u00fcnk \u00f6tv\u00f6z\u00e9s\u00e9vel seg\u00edt\u00fcnk a v\u00e1llalkoz\u00e1soknak jav\u00edtani m\u0171k\u00f6d\u00e9si teljes\u00edtm\u00e9ny\u00fcket \u00e9s nagyobb hat\u00e9konys\u00e1got el\u00e9rni folyamataikban.<\/p>\n<h2>GYIK<\/h2>\n<ol>\n<li><strong>Milyen ipar\u00e1gak profit\u00e1lhatnak ebb\u0151l a hidraulikus hengerb\u0151l?<\/strong><br \/>\nA hidraulikus henger ide\u00e1lis gy\u00e1rt\u00f3\u00fczemek, g\u00e9pjav\u00edt\u00f3 m\u0171helyek, mez\u0151gazdas\u00e1gi \u00fczemek, valamint az energia- \u00e9s b\u00e1ny\u00e1szati \u200b\u200bipar sz\u00e1m\u00e1ra.<\/li>\n<li><strong>Mekkora a hidraulikus henger furat\u00e1tm\u00e9r\u0151je?<\/strong><br \/>\nA furat m\u00e9rete az \u00d6n ig\u00e9nyei szerint testreszabhat\u00f3.<\/li>\n<li><strong>Van garancia erre a term\u00e9kre?<\/strong><br \/>\nIgen, a term\u00e9kre 1 \u00e9v garancia vonatkozik.<\/li>\n<\/ol>\n<h3>Az FMP-r\u0151l<\/h3>\n<p class=\"break-words\">Az FMP egy vezet\u0151 olasz gy\u00e1rt\u00f3, amely kiv\u00e1l\u00f3 min\u0151s\u00e9g\u0171 hidraulikus hengerek tervez\u00e9s\u00e9re, fejleszt\u00e9s\u00e9re \u00e9s gy\u00e1rt\u00e1s\u00e1ra specializ\u00e1l\u00f3dott. \u00c9vtizedes szak\u00e9rtelemre \u00e9p\u00fcl\u0151 gazdag \u00f6r\u00f6ks\u00e9g\u00fcnkkel b\u00fcszk\u00e9n \u00f6tv\u00f6zz\u00fck az olasz k\u00e9zm\u0171vess\u00e9get a legmodernebb technol\u00f3gi\u00e1val, hogy kiv\u00e9teles hidraulikus megold\u00e1sokat k\u00edn\u00e1ljunk, amelyek a glob\u00e1lis \u00fcgyfeleink sokr\u00e9t\u0171 ig\u00e9nyeit el\u00e9g\u00edtik ki. Az olaszorsz\u00e1gi sz\u00e9khely\u0171, a m\u00e9rn\u00f6ki kiv\u00e1l\u00f3s\u00e1g k\u00f6zpontj\u00e1ban m\u0171k\u00f6d\u0151 FMP megb\u00edzhat\u00f3 n\u00e9v a hidraulikus iparban, elk\u00f6telezett amellett, hogy megb\u00edzhat\u00f3, tart\u00f3s \u00e9s innovat\u00edv term\u00e9keket k\u00edn\u00e1ljon, amelyek vil\u00e1gszerte lend\u00fcletet adnak a v\u00e1llalkoz\u00e1soknak.<\/p>\n<p class=\"break-words\">C\u00e9g\u00fcnk a fejlett gy\u00e1rt\u00e1si hagyom\u00e1nyok legjav\u00e1t \u00f6tv\u00f6zi az el\u0151remutat\u00f3 megk\u00f6zel\u00edt\u00e9ssel. A hidraulikus rendszerek ter\u00e9n szerzett sok\u00e9ves tapasztalat\u00e1ra \u00e9p\u00edtve az FMP egy modern v\u00e1llalkoz\u00e1ss\u00e1 fejl\u0151d\u00f6tt, amely kiemelked\u0151 a kutat\u00e1s, a tervez\u00e9s \u00e9s a gy\u00e1rt\u00e1s ter\u00e9n. Sz\u00e9les hidraulikus hengerv\u00e1laszt\u00e9kra specializ\u00e1l\u00f3dtunk, bele\u00e9rtve a kett\u0151s m\u0171k\u00f6d\u00e9s\u0171 hengereket, az aut\u00f3ipari emel\u0151hengereket, a mez\u0151gazdas\u00e1gi g\u00e9pek hengereit \u00e9s az egyedi tervez\u00e9s\u0171 megold\u00e1sokat k\u00fcl\u00f6nf\u00e9le ipari alkalmaz\u00e1sokhoz. Legyen sz\u00f3 \u00e9p\u00edt\u0151iparr\u00f3l, ipari telep\u00edt\u00e9sekr\u0151l, mez\u0151gazdas\u00e1gr\u00f3l vagy neh\u00e9zg\u00e9pekr\u0151l, hidraulikus hengereinket a legnehezebb k\u00f6r\u00fclm\u00e9nyek k\u00f6z\u00f6tt is k\u00e9pesek teljes\u00edteni, biztos\u00edtva a biztons\u00e1got, a hat\u00e9konys\u00e1got \u00e9s a hossz\u00fa \u00e9lettartamot.<\/p>\n<p><img loading=\"lazy\" decoding=\"async\" class=\"alignnone size-full wp-image-6720\" src=\"https:\/\/fmp-components.com\/wp-content\/uploads\/2025\/03\/hydraulic-cylinder-8.webp\" alt=\"Teleszk\u00f3pos hidraulikus hengerek\" width=\"933\" height=\"526\" title=\"\" srcset=\"https:\/\/fmp-components.com\/wp-content\/uploads\/2025\/03\/hydraulic-cylinder-8.webp 933w, https:\/\/fmp-components.com\/wp-content\/uploads\/2025\/03\/hydraulic-cylinder-8-480x271.webp 480w\" sizes=\"(min-width: 0px) and (max-width: 480px) 480px, (min-width: 481px) 933px, 100vw\" \/><\/p>\n<p class=\"break-words\">Az FMP-n\u00e9l b\u00fcszk\u00e9k vagyunk a legmodernebb gy\u00e1rt\u00f3\u00fczemeinkre, amelyek prec\u00edzi\u00f3s g\u00e9pekkel \u00e9s fejlett vizsg\u00e1l\u00f3rendszerekkel vannak felszerelve. Gy\u00e1rt\u00e1si folyamataink szigor\u00fa nemzeti \u00e9s nemzetk\u00f6zi szabv\u00e1nyoknak felelnek meg, biztos\u00edtva, hogy minden egyes hidraulikus henger, amely elhagyja gy\u00e1runkat, kiv\u00e1l\u00f3 min\u0151s\u00e9g\u0171 \u00e9s megb\u00edzhat\u00f3 legyen. K\u00e9pzett m\u0171szaki csapatunk a legmodernebb berendez\u00e9sekkel p\u00e1rosulva lehet\u0151v\u00e9 teszi sz\u00e1munkra, hogy szigor\u00fa min\u0151s\u00e9gellen\u0151rz\u00e9st tartsunk fenn a gy\u00e1rt\u00e1s minden szakasz\u00e1ban \u2013 az alapanyagok kiv\u00e1laszt\u00e1s\u00e1t\u00f3l a v\u00e9gs\u0151 ellen\u0151rz\u00e9sig. Ez a kiv\u00e1l\u00f3s\u00e1g ir\u00e1nti elk\u00f6telezetts\u00e9g tan\u00fas\u00edtv\u00e1nyokat \u00e9s elismer\u00e9st szerzett nek\u00fcnk az ipar\u00e1gi hat\u00f3s\u00e1gokt\u00f3l, tov\u00e1bb er\u0151s\u00edtve megb\u00edzhat\u00f3 partnerk\u00e9nt szerzett h\u00edrnev\u00fcnket.<\/p>\n<p class=\"break-words\">K\u00fcldet\u00e9s\u00fcnk egyszer\u0171, m\u00e9gis ambici\u00f3zus: olyan hidraulikus hengereket biztos\u00edtani \u00fcgyfeleinknek, amelyek teljes\u00edtm\u00e9ny, tart\u00f3ss\u00e1g \u00e9s \u00e9rt\u00e9k tekintet\u00e9ben fel\u00fclm\u00falj\u00e1k az elv\u00e1r\u00e1sokat. A professzionalizmus, a feddhetetlens\u00e9g \u00e9s az \u00fcgyf\u00e9lk\u00f6zpont\u00fas\u00e1g vez\u00e9relvei szerint m\u0171k\u00f6d\u00fcnk. Az innov\u00e1ci\u00f3 \u00e9s a precizit\u00e1s kult\u00far\u00e1j\u00e1nak \u00e1pol\u00e1s\u00e1val folyamatosan finom\u00edtjuk term\u00e9keinket, hogy meg\u0151rizz\u00fck el\u0151ny\u00fcnket a versenyk\u00e9pes piacon. \u00c1tfog\u00f3 term\u00e9kk\u00edn\u00e1latunk \u00e9s a szem\u00e9lyre szabott megold\u00e1sok k\u00edn\u00e1l\u00e1s\u00e1nak k\u00e9pess\u00e9ge tesz minket a nagy teljes\u00edtm\u00e9ny\u0171 hidraulikus hengereket keres\u0151 v\u00e1llalkoz\u00e1sok els\u0151 sz\u00e1m\u00fa v\u00e1laszt\u00e1s\u00e1v\u00e1.<\/p>\n<p class=\"break-words\">Az FMP t\u00f6bb mint egy gy\u00e1rt\u00f3 \u2013 partnerek vagyunk a siker\u00e9ben. Meg\u00e9rtj\u00fck, hogy \u00fcgyfeleink olyan szersz\u00e1mok sz\u00e1ll\u00edt\u00e1s\u00e1ban b\u00edznak benn\u00fcnk, amelyek n\u00f6velik termel\u00e9kenys\u00e9g\u00fcket \u00e9s biztons\u00e1gukat. Ez\u00e9rt elk\u00f6telezettek vagyunk nemcsak a legjobb min\u0151s\u00e9g\u0171 term\u00e9kek, hanem a kiv\u00e9teles szolg\u00e1ltat\u00e1s ny\u00fajt\u00e1sa ir\u00e1nt is. A kezdeti konzult\u00e1ci\u00f3t\u00f3l az \u00e9rt\u00e9kes\u00edt\u00e9s ut\u00e1ni t\u00e1mogat\u00e1sig szorosan egy\u00fcttm\u0171k\u00f6d\u00fcnk \u00fcgyfeleinkkel annak biztos\u00edt\u00e1sa \u00e9rdek\u00e9ben, hogy ig\u00e9nyeiket professzionalizmussal \u00e9s gondoss\u00e1ggal el\u00e9g\u00edts\u00fck ki. Versenyk\u00e9pes \u00e1raink, p\u00e1rosulva a min\u0151s\u00e9g ir\u00e1nti rend\u00edthetetlen elk\u00f6telezetts\u00e9g\u00fcnkkel, teszik az FMP-t okos v\u00e1laszt\u00e1ss\u00e1 azoknak a v\u00e1llalatoknak, amelyek megb\u00edzhat\u00f3 hidraulikus megold\u00e1sokba szeretn\u00e9nek befektetni.<\/p>","protected":false},"excerpt":{"rendered":"<p>Kubota Trailer Telescopic Multi Stages Hydraulic Cylinder From FMP Introducing the new Kubota Trailer Telescopic Multi Stages hydraulic cylinder From FMP. This sophisticated hydraulic cylinder offers optimal performance in a variety of industries including manufacturing plants, machinery repair shops, farms, and energy &amp; mining. Product Features and Functions This state-of-the-art hydraulic cylinder is a nonstandard, [&hellip;]<\/p>","protected":false},"featured_media":6802,"comment_status":"closed","ping_status":"closed","template":"","meta":{"_et_pb_use_builder":"","_et_pb_old_content":"","_et_gb_content_width":""},"product_brand":[],"product_cat":[103],"product_tag":[34,105],"class_list":{"0":"post-6606","1":"product","2":"type-product","3":"status-publish","4":"has-post-thumbnail","6":"product_cat-telescopic-hydraulic-cylinders","7":"product_tag-hydraulic-cylinder","8":"product_tag-telescopic-hydraulic-cylinders","10":"first","11":"instock","12":"product-type-simple"},"_links":{"self":[{"href":"https:\/\/fmp-components.com\/hu\/wp-json\/wp\/v2\/product\/6606","targetHints":{"allow":["GET"]}}],"collection":[{"href":"https:\/\/fmp-components.com\/hu\/wp-json\/wp\/v2\/product"}],"about":[{"href":"https:\/\/fmp-components.com\/hu\/wp-json\/wp\/v2\/types\/product"}],"replies":[{"embeddable":true,"href":"https:\/\/fmp-components.com\/hu\/wp-json\/wp\/v2\/comments?post=6606"}],"wp:featuredmedia":[{"embeddable":true,"href":"https:\/\/fmp-components.com\/hu\/wp-json\/wp\/v2\/media\/6802"}],"wp:attachment":[{"href":"https:\/\/fmp-components.com\/hu\/wp-json\/wp\/v2\/media?parent=6606"}],"wp:term":[{"taxonomy":"product_brand","embeddable":true,"href":"https:\/\/fmp-components.com\/hu\/wp-json\/wp\/v2\/product_brand?post=6606"},{"taxonomy":"product_cat","embeddable":true,"href":"https:\/\/fmp-components.com\/hu\/wp-json\/wp\/v2\/product_cat?post=6606"},{"taxonomy":"product_tag","embeddable":true,"href":"https:\/\/fmp-components.com\/hu\/wp-json\/wp\/v2\/product_tag?post=6606"}],"curies":[{"name":"munkaf\u00fczet","href":"https:\/\/api.w.org\/{rel}","templated":true}]}}