{"id":6602,"date":"2025-03-11T06:32:38","date_gmt":"2025-03-11T06:32:38","guid":{"rendered":"https:\/\/fmp-components.com\/product\/multistage-customized-hydraulic-telescopic-cylinder-manufacturer-in-italy-from-fmp"},"modified":"2025-03-14T02:05:15","modified_gmt":"2025-03-14T02:05:15","slug":"multistage-customized-hydraulic-telescopic-cylinder-manufacturer-in-italy-from-fmp","status":"publish","type":"product","link":"https:\/\/fmp-components.com\/hu\/product\/multistage-customized-hydraulic-telescopic-cylinder-manufacturer-in-italy-from-fmp\/","title":{"rendered":"T\u00f6bbfokozat\u00fa, testreszabott hidraulikus teleszk\u00f3pos henger gy\u00e1rt\u00f3 Olaszorsz\u00e1gban az FMP-t\u0151l"},"content":{"rendered":"<h2>T\u00f6bbfokozat\u00fa, testreszabott hidraulikus teleszk\u00f3pos henger gy\u00e1rt\u00f3 Olaszorsz\u00e1gban az FMP-t\u0151l<\/h2>\n<p>A t\u00f6bbfokozat\u00fa, testreszabott hidraulikus teleszk\u00f3pos henger az FMP, a 2006-ban alap\u00edtott vezet\u0151 v\u00edz\u00e9p\u00edt\u0151 v\u00e1llalat \u00e1ltal gy\u00e1rtott cs\u00facskateg\u00f3ri\u00e1s term\u00e9k. Ez a kiv\u00e1l\u00f3 min\u0151s\u00e9g\u0171 hidraulikus henger kiv\u00e1l\u00f3 funkcionalit\u00e1st biztos\u00edt sz\u00e1mos ipar\u00e1gban, bele\u00e9rtve a gy\u00e1rt\u00f3\u00fczemeket, g\u00e9pjav\u00edt\u00f3 m\u0171helyeket, mez\u0151gazdas\u00e1gi \u00fczemeket, valamint az energia- \u00e9s b\u00e1ny\u00e1szati \u200b\u200bipart.<\/p>\n<h2><span style=\"font-size: 22px;\">Kiemelked\u0151 tulajdons\u00e1gok<\/span><\/h2>\n<ul>\n<li>Energiatakar\u00e9kos<\/li>\n<li>Nagy hat\u00e9konys\u00e1g<\/li>\n<li>Biztons\u00e1g garant\u00e1lt<\/li>\n<\/ul>\n<h2>A hidraulikus rendszer \u00e9s m\u0171k\u00f6d\u00e9si elve<\/h2>\n<p>T\u00f6bbfokozat\u00fa hidraulikus teleszk\u00f3pos hengereink az \u00f6sszenyomhatatlan folyad\u00e9kon kereszt\u00fcli nyom\u00e1s\u00e1tvitel egyszer\u0171 elv\u00e9n m\u0171k\u00f6dnek. A hengerek a hidraulikus energi\u00e1t mechanikai energi\u00e1v\u00e1 alak\u00edtj\u00e1k, ami line\u00e1ris er\u0151t \u00e9s mozg\u00e1st eredm\u00e9nyez. Ez a mozg\u00e1s v\u00e9gzi el a k\u00fcl\u00f6nf\u00e9le ipari alkalmaz\u00e1sokban sz\u00fcks\u00e9ges munk\u00e1t.<\/p>\n<h2>A hidraulikus henger alkalmaz\u00e1sai<\/h2>\n<p>A hidraulikus henger sz\u00e9les k\u00f6rben alkalmazhat\u00f3 a gy\u00e1rt\u00e1sban, a mez\u0151gazdas\u00e1gban, az energiaiparban \u00e9s a b\u00e1ny\u00e1szatban. Rendk\u00edv\u00fcl sokoldal\u00fa, \u00e9s k\u00fcl\u00f6nf\u00e9le ipari ig\u00e9nyeket k\u00e9pes kiel\u00e9g\u00edteni.<\/p>\n<p><img loading=\"lazy\" decoding=\"async\" class=\"alignnone  wp-image-6659\" src=\"https:\/\/fmp-components.com\/wp-content\/uploads\/2025\/03\/telescopic-hydraulic-cylinder-12.webp\" alt=\"teleszk\u00f3pos hidraulikus henger\" width=\"798\" height=\"798\" title=\"\" srcset=\"https:\/\/fmp-components.com\/wp-content\/uploads\/2025\/03\/telescopic-hydraulic-cylinder-12.webp 798w, https:\/\/fmp-components.com\/wp-content\/uploads\/2025\/03\/telescopic-hydraulic-cylinder-12-480x480.webp 480w\" sizes=\"(min-width: 0px) and (max-width: 480px) 480px, (min-width: 481px) 798px, 100vw\" \/><\/p>\n<h2>Hidraulikus hengerek \u00e9s t\u00e1pegys\u00e9gek<\/h2>\n<p>A hidraulikus hengerek \u00e9s a t\u00e1pegys\u00e9gek minden hidraulikus rendszer szerves r\u00e9sz\u00e9t k\u00e9pezik. Szimbiotikus kapcsolatuk biztos\u00edtja a hidraulikus technol\u00f3gia sz\u00e9les k\u00f6r\u0171 alkalmaz\u00e1s\u00e1t az ipari k\u00f6rnyezetben. A hidraulikus henger, mint aktu\u00e1tor, a hidraulikus energi\u00e1t mechanikai mozg\u00e1ss\u00e1 alak\u00edtja, a nyom\u00e1st pedig er\u0151v\u00e9 alak\u00edtja. A t\u00e1pegys\u00e9g ezzel szemben a hidraulikus rendszer sz\u00edve, amely energi\u00e1t \u00e9s vez\u00e9rl\u0151jeleket szolg\u00e1ltat. E k\u00e9t elem z\u00f6kken\u0151mentes egy\u00fcttm\u0171k\u00f6d\u00e9se teszi lehet\u0151v\u00e9 a hidraulikus rendszer hib\u00e1tlan m\u0171k\u00f6d\u00e9s\u00e9t. Felh\u00edvjuk figyelm\u00e9t, hogy az FMP t\u00e1pegys\u00e9geket is k\u00edn\u00e1l \u00e9rt\u00e9kes\u00edt\u00e9sre.<img alt=\"\" \/><\/p>\n<h2>GYIK<\/h2>\n<p><strong>1. k\u00e9rd\u00e9s: Mi a garancia a hidraulikus hengerekre?<\/strong><\/p>\n<p>A1: 1 \u00e9v garanci\u00e1t k\u00edn\u00e1lunk hidraulikus hengereinkre.<\/p>\n<p><strong>2. k\u00e9rd\u00e9s: Testreszabhat\u00f3-e a hidraulikus henger furatm\u00e9rete?<\/strong><\/p>\n<p>A2: Igen, a furatm\u00e9ret az \u00d6n ig\u00e9nyei szerint testreszabhat\u00f3.<\/p>\n<p><strong>3. k\u00e9rd\u00e9s: Mekkora a hidraulikus henger maxim\u00e1lis tol\u00f3ereje \u00e9s h\u00faz\u00f3ereje?<\/strong><\/p>\n<p>A3: A maxim\u00e1lis tol\u00f3er\u0151 3000, a maxim\u00e1lis h\u00faz\u00f3er\u0151 pedig 600.<\/p>\n<h3>Az FMP-r\u0151l<\/h3>\n<p class=\"break-words\">Az FMP egy vezet\u0151 olasz gy\u00e1rt\u00f3, amely kiv\u00e1l\u00f3 min\u0151s\u00e9g\u0171 hidraulikus hengerek tervez\u00e9s\u00e9re, fejleszt\u00e9s\u00e9re \u00e9s gy\u00e1rt\u00e1s\u00e1ra specializ\u00e1l\u00f3dott. \u00c9vtizedes szak\u00e9rtelemre \u00e9p\u00fcl\u0151 gazdag \u00f6r\u00f6ks\u00e9g\u00fcnkkel b\u00fcszk\u00e9n \u00f6tv\u00f6zz\u00fck az olasz k\u00e9zm\u0171vess\u00e9get a legmodernebb technol\u00f3gi\u00e1val, hogy kiv\u00e9teles hidraulikus megold\u00e1sokat k\u00edn\u00e1ljunk, amelyek a glob\u00e1lis \u00fcgyfeleink sokr\u00e9t\u0171 ig\u00e9nyeit el\u00e9g\u00edtik ki. Az olaszorsz\u00e1gi sz\u00e9khely\u0171, a m\u00e9rn\u00f6ki kiv\u00e1l\u00f3s\u00e1g k\u00f6zpontj\u00e1ban m\u0171k\u00f6d\u0151 FMP megb\u00edzhat\u00f3 n\u00e9v a hidraulikus iparban, elk\u00f6telezett amellett, hogy megb\u00edzhat\u00f3, tart\u00f3s \u00e9s innovat\u00edv term\u00e9keket k\u00edn\u00e1ljon, amelyek vil\u00e1gszerte lend\u00fcletet adnak a v\u00e1llalkoz\u00e1soknak.<\/p>\n<p class=\"break-words\">C\u00e9g\u00fcnk a fejlett gy\u00e1rt\u00e1si hagyom\u00e1nyok legjav\u00e1t \u00f6tv\u00f6zi az el\u0151remutat\u00f3 megk\u00f6zel\u00edt\u00e9ssel. A hidraulikus rendszerek ter\u00e9n szerzett sok\u00e9ves tapasztalat\u00e1ra \u00e9p\u00edtve az FMP egy modern v\u00e1llalkoz\u00e1ss\u00e1 fejl\u0151d\u00f6tt, amely kiemelked\u0151 a kutat\u00e1s, a tervez\u00e9s \u00e9s a gy\u00e1rt\u00e1s ter\u00e9n. Sz\u00e9les hidraulikus hengerv\u00e1laszt\u00e9kra specializ\u00e1l\u00f3dtunk, bele\u00e9rtve a kett\u0151s m\u0171k\u00f6d\u00e9s\u0171 hengereket, az aut\u00f3ipari emel\u0151hengereket, a mez\u0151gazdas\u00e1gi g\u00e9pek hengereit \u00e9s az egyedi tervez\u00e9s\u0171 megold\u00e1sokat k\u00fcl\u00f6nf\u00e9le ipari alkalmaz\u00e1sokhoz. Legyen sz\u00f3 \u00e9p\u00edt\u0151iparr\u00f3l, ipari telep\u00edt\u00e9sekr\u0151l, mez\u0151gazdas\u00e1gr\u00f3l vagy neh\u00e9zg\u00e9pekr\u0151l, hidraulikus hengereinket a legnehezebb k\u00f6r\u00fclm\u00e9nyek k\u00f6z\u00f6tt is k\u00e9pesek teljes\u00edteni, biztos\u00edtva a biztons\u00e1got, a hat\u00e9konys\u00e1got \u00e9s a hossz\u00fa \u00e9lettartamot.<\/p>\n<p><img loading=\"lazy\" decoding=\"async\" class=\"alignnone size-full wp-image-6720\" src=\"https:\/\/fmp-components.com\/wp-content\/uploads\/2025\/03\/hydraulic-cylinder-8.webp\" alt=\"Teleszk\u00f3pos hidraulikus hengerek\" width=\"933\" height=\"526\" title=\"\" srcset=\"https:\/\/fmp-components.com\/wp-content\/uploads\/2025\/03\/hydraulic-cylinder-8.webp 933w, https:\/\/fmp-components.com\/wp-content\/uploads\/2025\/03\/hydraulic-cylinder-8-480x271.webp 480w\" sizes=\"(min-width: 0px) and (max-width: 480px) 480px, (min-width: 481px) 933px, 100vw\" \/><\/p>\n<p class=\"break-words\">Az FMP-n\u00e9l b\u00fcszk\u00e9k vagyunk a legmodernebb gy\u00e1rt\u00f3\u00fczemeinkre, amelyek prec\u00edzi\u00f3s g\u00e9pekkel \u00e9s fejlett vizsg\u00e1l\u00f3rendszerekkel vannak felszerelve. Gy\u00e1rt\u00e1si folyamataink szigor\u00fa nemzeti \u00e9s nemzetk\u00f6zi szabv\u00e1nyoknak felelnek meg, biztos\u00edtva, hogy minden egyes hidraulikus henger, amely elhagyja gy\u00e1runkat, kiv\u00e1l\u00f3 min\u0151s\u00e9g\u0171 \u00e9s megb\u00edzhat\u00f3 legyen. K\u00e9pzett m\u0171szaki csapatunk a legmodernebb berendez\u00e9sekkel p\u00e1rosulva lehet\u0151v\u00e9 teszi sz\u00e1munkra, hogy szigor\u00fa min\u0151s\u00e9gellen\u0151rz\u00e9st tartsunk fenn a gy\u00e1rt\u00e1s minden szakasz\u00e1ban \u2013 az alapanyagok kiv\u00e1laszt\u00e1s\u00e1t\u00f3l a v\u00e9gs\u0151 ellen\u0151rz\u00e9sig. Ez a kiv\u00e1l\u00f3s\u00e1g ir\u00e1nti elk\u00f6telezetts\u00e9g tan\u00fas\u00edtv\u00e1nyokat \u00e9s elismer\u00e9st szerzett nek\u00fcnk az ipar\u00e1gi hat\u00f3s\u00e1gokt\u00f3l, tov\u00e1bb er\u0151s\u00edtve megb\u00edzhat\u00f3 partnerk\u00e9nt szerzett h\u00edrnev\u00fcnket.<\/p>\n<p class=\"break-words\">K\u00fcldet\u00e9s\u00fcnk egyszer\u0171, m\u00e9gis ambici\u00f3zus: olyan hidraulikus hengereket biztos\u00edtani \u00fcgyfeleinknek, amelyek teljes\u00edtm\u00e9ny, tart\u00f3ss\u00e1g \u00e9s \u00e9rt\u00e9k tekintet\u00e9ben fel\u00fclm\u00falj\u00e1k az elv\u00e1r\u00e1sokat. A professzionalizmus, a feddhetetlens\u00e9g \u00e9s az \u00fcgyf\u00e9lk\u00f6zpont\u00fas\u00e1g vez\u00e9relvei szerint m\u0171k\u00f6d\u00fcnk. Az innov\u00e1ci\u00f3 \u00e9s a precizit\u00e1s kult\u00far\u00e1j\u00e1nak \u00e1pol\u00e1s\u00e1val folyamatosan finom\u00edtjuk term\u00e9keinket, hogy meg\u0151rizz\u00fck el\u0151ny\u00fcnket a versenyk\u00e9pes piacon. \u00c1tfog\u00f3 term\u00e9kk\u00edn\u00e1latunk \u00e9s a szem\u00e9lyre szabott megold\u00e1sok k\u00edn\u00e1l\u00e1s\u00e1nak k\u00e9pess\u00e9ge tesz minket a nagy teljes\u00edtm\u00e9ny\u0171 hidraulikus hengereket keres\u0151 v\u00e1llalkoz\u00e1sok els\u0151 sz\u00e1m\u00fa v\u00e1laszt\u00e1s\u00e1v\u00e1.<\/p>\n<p class=\"break-words\">Az FMP t\u00f6bb mint egy gy\u00e1rt\u00f3 \u2013 partnerek vagyunk a siker\u00e9ben. Meg\u00e9rtj\u00fck, hogy \u00fcgyfeleink olyan szersz\u00e1mok sz\u00e1ll\u00edt\u00e1s\u00e1ban b\u00edznak benn\u00fcnk, amelyek n\u00f6velik termel\u00e9kenys\u00e9g\u00fcket \u00e9s biztons\u00e1gukat. Ez\u00e9rt elk\u00f6telezettek vagyunk nemcsak a legjobb min\u0151s\u00e9g\u0171 term\u00e9kek, hanem a kiv\u00e9teles szolg\u00e1ltat\u00e1s ny\u00fajt\u00e1sa ir\u00e1nt is. A kezdeti konzult\u00e1ci\u00f3t\u00f3l az \u00e9rt\u00e9kes\u00edt\u00e9s ut\u00e1ni t\u00e1mogat\u00e1sig szorosan egy\u00fcttm\u0171k\u00f6d\u00fcnk \u00fcgyfeleinkkel annak biztos\u00edt\u00e1sa \u00e9rdek\u00e9ben, hogy ig\u00e9nyeiket professzionalizmussal \u00e9s gondoss\u00e1ggal el\u00e9g\u00edts\u00fck ki. Versenyk\u00e9pes \u00e1raink, p\u00e1rosulva a min\u0151s\u00e9g ir\u00e1nti rend\u00edthetetlen elk\u00f6telezetts\u00e9g\u00fcnkkel, teszik az FMP-t okos v\u00e1laszt\u00e1ss\u00e1 azoknak a v\u00e1llalatoknak, amelyek megb\u00edzhat\u00f3 hidraulikus megold\u00e1sokba szeretn\u00e9nek befektetni.<\/p>","protected":false},"excerpt":{"rendered":"<p>Multistage Customized Hydraulic Telescopic Cylinder Manufacturer In Italy From FMP The Multistage Customized Hydraulic Telescopic Cylinder is a top-tier product manufactured by FMP, a leading enterprise in hydraulic engineering established in 2006. This high-quality hydraulic cylinder is designed for superior functionality in various industries including manufacturing plants, machinery repair shops, farms, and the energy and [&hellip;]<\/p>","protected":false},"featured_media":6800,"comment_status":"closed","ping_status":"closed","template":"","meta":{"_et_pb_use_builder":"","_et_pb_old_content":"","_et_gb_content_width":""},"product_brand":[],"product_cat":[103],"product_tag":[34,105],"class_list":{"0":"post-6602","1":"product","2":"type-product","3":"status-publish","4":"has-post-thumbnail","6":"product_cat-telescopic-hydraulic-cylinders","7":"product_tag-hydraulic-cylinder","8":"product_tag-telescopic-hydraulic-cylinders","10":"first","11":"instock","12":"product-type-simple"},"_links":{"self":[{"href":"https:\/\/fmp-components.com\/hu\/wp-json\/wp\/v2\/product\/6602","targetHints":{"allow":["GET"]}}],"collection":[{"href":"https:\/\/fmp-components.com\/hu\/wp-json\/wp\/v2\/product"}],"about":[{"href":"https:\/\/fmp-components.com\/hu\/wp-json\/wp\/v2\/types\/product"}],"replies":[{"embeddable":true,"href":"https:\/\/fmp-components.com\/hu\/wp-json\/wp\/v2\/comments?post=6602"}],"wp:featuredmedia":[{"embeddable":true,"href":"https:\/\/fmp-components.com\/hu\/wp-json\/wp\/v2\/media\/6800"}],"wp:attachment":[{"href":"https:\/\/fmp-components.com\/hu\/wp-json\/wp\/v2\/media?parent=6602"}],"wp:term":[{"taxonomy":"product_brand","embeddable":true,"href":"https:\/\/fmp-components.com\/hu\/wp-json\/wp\/v2\/product_brand?post=6602"},{"taxonomy":"product_cat","embeddable":true,"href":"https:\/\/fmp-components.com\/hu\/wp-json\/wp\/v2\/product_cat?post=6602"},{"taxonomy":"product_tag","embeddable":true,"href":"https:\/\/fmp-components.com\/hu\/wp-json\/wp\/v2\/product_tag?post=6602"}],"curies":[{"name":"munkaf\u00fczet","href":"https:\/\/api.w.org\/{rel}","templated":true}]}}